{"id":21004,"date":"2018-10-15T08:51:20","date_gmt":"2018-10-15T08:51:20","guid":{"rendered":"https:\/\/www.eurotherm.com\/product\/controladores-programables-eurotherm-epc3000\/"},"modified":"2024-12-05T00:33:24","modified_gmt":"2024-12-04T16:33:24","slug":"epc3000-programmable-controllers","status":"publish","type":"product","link":"https:\/\/www.eurotherm.com\/es\/products\/controladores-pid\/monolazo\/epc3000-programmable-controllers\/","title":{"rendered":"EPC3000 controladores programables"},"content":{"rendered":"<h4>Exactitud y Repetibilidad<\/h4>\n<p>Las entradas de proceso son r\u00e1pidas y precisas, con una estabilidad t\u00e9rmica excepcional, lo que permite un control preciso y constante durante largos periodos sin deriva de calibraci\u00f3n. Para mejorar aun m\u00e1s la precisi\u00f3n, estan disponibles las funciones de correccion de calibraci\u00f3n y recalibraci\u00f3n de usuario.<\/p>\n<p>El algoritmo PID de Eurotherm l\u00edder de la industria proporciona un control de reacci\u00f3n r\u00e1pido y repetible y ha sido mejorado para que el EPC3000 reduzca aun mas los sobreimpulsos. El r\u00e1pido aumento de la temperatura de trabajo y la baja oscilaci\u00f3n ayudan a un alto rendimiento del proceso con bajas tasas de rechazo. Para un rendimiento \u00f3ptimo pueden aplicarse diferentes ajustes de PID en distintas regiones de operaci\u00f3n del proceso.<\/p>\n<h4>Conectividad y Ciberseguridad<\/h4>\n<p>El rango de equipos EPC3000 con Ethernet es el primer controlador Eurotherm en ser dise\u00f1ado y certificado para satisfacer los estrictos requisitos de ciberseguridad de Achilles\u00ae CRT (Test de Robustez de Comunicaciones) Nivel 1. Las comunicaciones Ethernet se soportan a trav\u00e9s de un conector RJ45 est\u00e1ndar, lo que proporciona un r\u00e1pido acceso a la informaci\u00f3n de proceso y diagnostico, as\u00ed como a la conectividad a PLC externo, SCADA y tecnolog\u00edas IIoT.<\/p>\n<p>Tambi\u00e9n admite comunicaciones serie Modbus RTU.<\/p>\n<p><span class=\"tlid-translation translation\" lang=\"es\" tabindex=\"-1\"><span title=\"\">Una aplicaci\u00f3n de configuraci\u00f3n basada en PC, Eurotherm iTools, se puede descargar de forma gratuita para su uso con Ethernet o Modbus serie, o con un conector USB opcional.<\/span> <span title=\"\">El conector USB alimenta el instrumento para una configuraci\u00f3n del equipo sin alimentar.\u00a0<\/span><\/span><\/p>\n<h4>Funci\u00f3n EPC3000 FM<\/h4>\n<p>La funci\u00f3n de l\u00edmite aprobada por Factory Mutual est\u00e1 \u00ablista para usar\u00bb como l\u00edmites altos o bajos independientes, o se pueden usar cableado por software de E\/S para combinar el control PID y las funciones de l\u00edmite en un solo dispositivo de montaje en panel.<\/p>\n","protected":false},"excerpt":{"rendered":"<h2>Ayudando a Conseguir un Proceso Seguro y Eficiente<\/h2>\n<p>La gama de controladores programables EPC3000 de temperatura y proceso mono lazo est\u00e1n dise\u00f1ados para optimizar la eficiencia y repetibilidad y esta certificada en ciberseguridad en robustez de comunicaciones.<\/p>\n<p><strong>Ahora disponible con la opci\u00f3n de l\u00edmite de temperatura aprobada por Factory Mutual (FM).<\/strong><br \/>\n[gdpr-youtube id=\"jAwMhvyEXEg\"]<br \/>\n[gdpr-youtube id=\"pEPybtlbfLo\"]<\/p>\n","protected":false},"featured_media":18345,"template":"","meta":{"_acf_changed":false},"product_brand":[],"product_cat":[12389,12753,952],"product_tag":[],"class_list":{"0":"post-21004","1":"product","2":"type-product","3":"status-publish","4":"has-post-thumbnail","6":"industry-food-beverage-es-2","7":"industry-heat-treatment-es-2","8":"industry-oem-custom-solutions-es-2","9":"industry-semiconductor-es-2","10":"product_cat-controladores-pid","11":"product_cat-monolazo","12":"product_cat-productos-spain","13":"product_shipping_class-1-es","15":"first","16":"instock","17":"purchasable","18":"product-type-simple"},"acf":[],"yoast_head":"<!-- This site is optimized with the Yoast SEO plugin v27.5 - https:\/\/yoast.com\/product\/yoast-seo-wordpress\/ -->\n<title>EPC3000 controladores programables | Eurotherm Limited<\/title>\n<meta name=\"description\" content=\"EPC3000 controladores programables | Exactitud y Repetibilidad Las entradas de proceso son r\u00e1pidas y precisas, con una estabilidad t\u00e9rmica excepcional\" \/>\n<meta name=\"robots\" content=\"index, follow, max-snippet:-1, max-image-preview:large, max-video-preview:-1\" \/>\n<meta property=\"og:locale\" content=\"es_ES\" \/>\n<meta property=\"og:type\" content=\"article\" \/>\n<meta property=\"og:title\" content=\"EPC3000 controladores programables | Eurotherm Limited\" \/>\n<meta property=\"og:description\" content=\"EPC3000 controladores programables | Ayudando a Conseguir un Proceso Seguro y Eficiente La gama de controladores programables EPC3000 de temperatura y proceso mono lazo est\u00e1n dise\u00f1ados para optimizar la eficiencia y repetibilidad y esta certificada en ciberseguridad en robustez de comunicaciones.  Ahora disponible con la opci\u00f3n de l\u00edmite de temperatura aprobada por Factory Mutual (FM).\" \/>\n<meta property=\"og:url\" content=\"https:\/\/www.eurotherm.com\/es\/products\/controladores-pid\/monolazo\/epc3000-programmable-controllers\/\" \/>\n<meta property=\"og:site_name\" content=\"Eurotherm Limited\" \/>\n<meta property=\"article:modified_time\" content=\"2024-12-04T16:33:24+00:00\" \/>\n<meta property=\"og:image\" content=\"https:\/\/www.eurotherm.com\/wp-content\/uploads\/2017\/03\/epc3000-group2.jpg\" \/>\n\t<meta property=\"og:image:width\" content=\"930\" \/>\n\t<meta property=\"og:image:height\" content=\"1017\" \/>\n\t<meta property=\"og:image:type\" content=\"image\/jpeg\" \/>\n<meta name=\"twitter:card\" content=\"summary_large_image\" \/>\n<meta name=\"twitter:label1\" content=\"Tiempo de lectura\" \/>\n\t<meta name=\"twitter:data1\" content=\"2 minutos\" \/>\n<script type=\"application\/ld+json\" class=\"yoast-schema-graph\">{\"@context\":\"https:\\\/\\\/schema.org\",\"@graph\":[{\"@type\":\"WebPage\",\"@id\":\"https:\\\/\\\/www.eurotherm.com\\\/es\\\/products\\\/controladores-pid\\\/monolazo\\\/epc3000-programmable-controllers\\\/\",\"url\":\"https:\\\/\\\/www.eurotherm.com\\\/es\\\/products\\\/controladores-pid\\\/monolazo\\\/epc3000-programmable-controllers\\\/\",\"name\":\"EPC3000 controladores programables | Eurotherm Limited\",\"isPartOf\":{\"@id\":\"https:\\\/\\\/www.eurotherm.com\\\/es\\\/#website\"},\"primaryImageOfPage\":{\"@id\":\"https:\\\/\\\/www.eurotherm.com\\\/es\\\/products\\\/controladores-pid\\\/monolazo\\\/epc3000-programmable-controllers\\\/#primaryimage\"},\"image\":{\"@id\":\"https:\\\/\\\/www.eurotherm.com\\\/es\\\/products\\\/controladores-pid\\\/monolazo\\\/epc3000-programmable-controllers\\\/#primaryimage\"},\"thumbnailUrl\":\"https:\\\/\\\/www.eurotherm.com\\\/wp-content\\\/uploads\\\/2017\\\/03\\\/epc3000-group2.jpg\",\"datePublished\":\"2018-10-15T08:51:20+00:00\",\"dateModified\":\"2024-12-04T16:33:24+00:00\",\"description\":\"EPC3000 controladores programables | Ayudando a Conseguir un Proceso Seguro y Eficiente La gama de controladores programables EPC3000 de temperatura y proceso mono lazo est\u00e1n dise\u00f1ados para optimizar la eficiencia y repetibilidad y esta certificada en ciberseguridad en robustez de comunicaciones. Ahora disponible con la opci\u00f3n de l\u00edmite de temperatura aprobada por Factory Mutual (FM).\",\"breadcrumb\":{\"@id\":\"https:\\\/\\\/www.eurotherm.com\\\/es\\\/products\\\/controladores-pid\\\/monolazo\\\/epc3000-programmable-controllers\\\/#breadcrumb\"},\"inLanguage\":\"es\",\"potentialAction\":[{\"@type\":\"ReadAction\",\"target\":[\"https:\\\/\\\/www.eurotherm.com\\\/es\\\/products\\\/controladores-pid\\\/monolazo\\\/epc3000-programmable-controllers\\\/\"]}]},{\"@type\":\"ImageObject\",\"inLanguage\":\"es\",\"@id\":\"https:\\\/\\\/www.eurotherm.com\\\/es\\\/products\\\/controladores-pid\\\/monolazo\\\/epc3000-programmable-controllers\\\/#primaryimage\",\"url\":\"https:\\\/\\\/www.eurotherm.com\\\/wp-content\\\/uploads\\\/2017\\\/03\\\/epc3000-group2.jpg\",\"contentUrl\":\"https:\\\/\\\/www.eurotherm.com\\\/wp-content\\\/uploads\\\/2017\\\/03\\\/epc3000-group2.jpg\",\"width\":930,\"height\":1017,\"caption\":\"r\u00e9gulateurs programmables epc3000\"},{\"@type\":\"BreadcrumbList\",\"@id\":\"https:\\\/\\\/www.eurotherm.com\\\/es\\\/products\\\/controladores-pid\\\/monolazo\\\/epc3000-programmable-controllers\\\/#breadcrumb\",\"itemListElement\":[{\"@type\":\"ListItem\",\"position\":1,\"name\":\"Home\",\"item\":\"https:\\\/\\\/www.eurotherm.com\\\/es\\\/\"},{\"@type\":\"ListItem\",\"position\":2,\"name\":\"Product Catalogue\",\"item\":\"https:\\\/\\\/www.eurotherm.com\\\/es\\\/product-catalogue\\\/\"},{\"@type\":\"ListItem\",\"position\":3,\"name\":\"Controladores PID\",\"item\":\"https:\\\/\\\/www.eurotherm.com\\\/es\\\/eurotherm-products\\\/controladores-pid\\\/\"},{\"@type\":\"ListItem\",\"position\":4,\"name\":\"Monolazo\",\"item\":\"https:\\\/\\\/www.eurotherm.com\\\/es\\\/eurotherm-products\\\/controladores-pid\\\/monolazo\\\/\"},{\"@type\":\"ListItem\",\"position\":5,\"name\":\"EPC3000 controladores programables\"}]},{\"@type\":\"WebSite\",\"@id\":\"https:\\\/\\\/www.eurotherm.com\\\/es\\\/#website\",\"url\":\"https:\\\/\\\/www.eurotherm.com\\\/es\\\/\",\"name\":\"Eurotherm Limited\",\"description\":\"Temperature Control, Process Control, Measurement and Data Recording Solutions\",\"potentialAction\":[{\"@type\":\"SearchAction\",\"target\":{\"@type\":\"EntryPoint\",\"urlTemplate\":\"https:\\\/\\\/www.eurotherm.com\\\/es\\\/?s={search_term_string}\"},\"query-input\":{\"@type\":\"PropertyValueSpecification\",\"valueRequired\":true,\"valueName\":\"search_term_string\"}}],\"inLanguage\":\"es\"}]}<\/script>\n<!-- \/ Yoast SEO plugin. -->","yoast_head_json":{"title":"EPC3000 controladores programables | Eurotherm Limited","description":"EPC3000 controladores programables | Exactitud y Repetibilidad Las entradas de proceso son r\u00e1pidas y precisas, con una estabilidad t\u00e9rmica excepcional","robots":{"index":"index","follow":"follow","max-snippet":"max-snippet:-1","max-image-preview":"max-image-preview:large","max-video-preview":"max-video-preview:-1"},"og_locale":"es_ES","og_type":"article","og_title":"EPC3000 controladores programables | Eurotherm Limited","og_description":"EPC3000 controladores programables | Ayudando a Conseguir un Proceso Seguro y Eficiente La gama de controladores programables EPC3000 de temperatura y proceso mono lazo est\u00e1n dise\u00f1ados para optimizar la eficiencia y repetibilidad y esta certificada en ciberseguridad en robustez de comunicaciones.  Ahora disponible con la opci\u00f3n de l\u00edmite de temperatura aprobada por Factory Mutual (FM).","og_url":"https:\/\/www.eurotherm.com\/es\/products\/controladores-pid\/monolazo\/epc3000-programmable-controllers\/","og_site_name":"Eurotherm Limited","article_modified_time":"2024-12-04T16:33:24+00:00","og_image":[{"width":930,"height":1017,"url":"https:\/\/www.eurotherm.com\/wp-content\/uploads\/2017\/03\/epc3000-group2.jpg","type":"image\/jpeg"}],"twitter_card":"summary_large_image","twitter_misc":{"Tiempo de lectura":"2 minutos"},"schema":{"@context":"https:\/\/schema.org","@graph":[{"@type":"WebPage","@id":"https:\/\/www.eurotherm.com\/es\/products\/controladores-pid\/monolazo\/epc3000-programmable-controllers\/","url":"https:\/\/www.eurotherm.com\/es\/products\/controladores-pid\/monolazo\/epc3000-programmable-controllers\/","name":"EPC3000 controladores programables | Eurotherm Limited","isPartOf":{"@id":"https:\/\/www.eurotherm.com\/es\/#website"},"primaryImageOfPage":{"@id":"https:\/\/www.eurotherm.com\/es\/products\/controladores-pid\/monolazo\/epc3000-programmable-controllers\/#primaryimage"},"image":{"@id":"https:\/\/www.eurotherm.com\/es\/products\/controladores-pid\/monolazo\/epc3000-programmable-controllers\/#primaryimage"},"thumbnailUrl":"https:\/\/www.eurotherm.com\/wp-content\/uploads\/2017\/03\/epc3000-group2.jpg","datePublished":"2018-10-15T08:51:20+00:00","dateModified":"2024-12-04T16:33:24+00:00","description":"EPC3000 controladores programables | Ayudando a Conseguir un Proceso Seguro y Eficiente La gama de controladores programables EPC3000 de temperatura y proceso mono lazo est\u00e1n dise\u00f1ados para optimizar la eficiencia y repetibilidad y esta certificada en ciberseguridad en robustez de comunicaciones. Ahora disponible con la opci\u00f3n de l\u00edmite de temperatura aprobada por Factory Mutual (FM).","breadcrumb":{"@id":"https:\/\/www.eurotherm.com\/es\/products\/controladores-pid\/monolazo\/epc3000-programmable-controllers\/#breadcrumb"},"inLanguage":"es","potentialAction":[{"@type":"ReadAction","target":["https:\/\/www.eurotherm.com\/es\/products\/controladores-pid\/monolazo\/epc3000-programmable-controllers\/"]}]},{"@type":"ImageObject","inLanguage":"es","@id":"https:\/\/www.eurotherm.com\/es\/products\/controladores-pid\/monolazo\/epc3000-programmable-controllers\/#primaryimage","url":"https:\/\/www.eurotherm.com\/wp-content\/uploads\/2017\/03\/epc3000-group2.jpg","contentUrl":"https:\/\/www.eurotherm.com\/wp-content\/uploads\/2017\/03\/epc3000-group2.jpg","width":930,"height":1017,"caption":"r\u00e9gulateurs programmables epc3000"},{"@type":"BreadcrumbList","@id":"https:\/\/www.eurotherm.com\/es\/products\/controladores-pid\/monolazo\/epc3000-programmable-controllers\/#breadcrumb","itemListElement":[{"@type":"ListItem","position":1,"name":"Home","item":"https:\/\/www.eurotherm.com\/es\/"},{"@type":"ListItem","position":2,"name":"Product Catalogue","item":"https:\/\/www.eurotherm.com\/es\/product-catalogue\/"},{"@type":"ListItem","position":3,"name":"Controladores PID","item":"https:\/\/www.eurotherm.com\/es\/eurotherm-products\/controladores-pid\/"},{"@type":"ListItem","position":4,"name":"Monolazo","item":"https:\/\/www.eurotherm.com\/es\/eurotherm-products\/controladores-pid\/monolazo\/"},{"@type":"ListItem","position":5,"name":"EPC3000 controladores programables"}]},{"@type":"WebSite","@id":"https:\/\/www.eurotherm.com\/es\/#website","url":"https:\/\/www.eurotherm.com\/es\/","name":"Eurotherm Limited","description":"Temperature Control, Process Control, Measurement and Data Recording Solutions","potentialAction":[{"@type":"SearchAction","target":{"@type":"EntryPoint","urlTemplate":"https:\/\/www.eurotherm.com\/es\/?s={search_term_string}"},"query-input":{"@type":"PropertyValueSpecification","valueRequired":true,"valueName":"search_term_string"}}],"inLanguage":"es"}]}},"ACF":{"product_file":[140705,97248,27667,28089,28090,27778,27669,27671,27780,27781,27779,28121,27668,27670,28124,28130,28128,28132,28093,27665,27672,28115,28116,29213,28127,28123,28129,28149,28122,28113,27673,28133,28134,28136,28138,28135,27777,26567,27597,28508,28091,27454,29126,29125,27675,29124,29123,27676,29122,29121,27677,27939,27940,27943,66535,78487,78477,78478,78464,89545,78465,78479,126579,87369,87015,90357,90350,90352,90351],"product_status":"Active Product","enable_watlow_configurator":true,"watlow_product_type":"Multiple","watlow_configurator_links":[{"watlow_name":"EPC3004 1\/4 DIN","watlow_link":"https:\/\/www.watlow.com\/Products\/Controllers\/Eurotherm\/epc3000-programmable-controllers?econfig=EPC3004"},{"watlow_name":"EPC3008 1\/8 DIN","watlow_link":"https:\/\/www.watlow.com\/Products\/Controllers\/Eurotherm\/epc3000-programmable-controllers?econfig=EPC3008"},{"watlow_name":"EPC3016 1\/16 DIN","watlow_link":"https:\/\/www.watlow.com\/Products\/Controllers\/Eurotherm\/epc3000-programmable-controllers?econfig=EPC3016"}]},"jetpack_sharing_enabled":true,"_links":{"self":[{"href":"https:\/\/www.eurotherm.com\/es\/wp-json\/wp\/v2\/product\/21004","targetHints":{"allow":["GET"]}}],"collection":[{"href":"https:\/\/www.eurotherm.com\/es\/wp-json\/wp\/v2\/product"}],"about":[{"href":"https:\/\/www.eurotherm.com\/es\/wp-json\/wp\/v2\/types\/product"}],"wp:featuredmedia":[{"embeddable":true,"href":"https:\/\/www.eurotherm.com\/es\/wp-json\/wp\/v2\/media\/18345"}],"wp:attachment":[{"href":"https:\/\/www.eurotherm.com\/es\/wp-json\/wp\/v2\/media?parent=21004"}],"wp:term":[{"taxonomy":"product_brand","embeddable":true,"href":"https:\/\/www.eurotherm.com\/es\/wp-json\/wp\/v2\/product_brand?post=21004"},{"taxonomy":"product_cat","embeddable":true,"href":"https:\/\/www.eurotherm.com\/es\/wp-json\/wp\/v2\/product_cat?post=21004"},{"taxonomy":"product_tag","embeddable":true,"href":"https:\/\/www.eurotherm.com\/es\/wp-json\/wp\/v2\/product_tag?post=21004"}],"curies":[{"name":"wp","href":"https:\/\/api.w.org\/{rel}","templated":true}]}}