{"id":21003,"date":"2018-10-15T08:51:20","date_gmt":"2018-10-15T08:51:20","guid":{"rendered":"https:\/\/www.eurotherm.com\/product\/controladores-programables-epc2000\/"},"modified":"2023-08-18T21:28:54","modified_gmt":"2023-08-18T13:28:54","slug":"epc2000-programmable-controllers","status":"publish","type":"product","link":"https:\/\/www.eurotherm.com\/es\/products\/controladores-pid\/monolazo\/epc2000-programmable-controllers\/","title":{"rendered":"Controladores Programables EPC2000"},"content":{"rendered":"<p>El controlador combina el control preciso y el rendimiento de la medida con una conexi\u00f3n Ethernet de alta velocidad que incorpora un switch integrado para conexi\u00f3n en cadena a supervisores, HMI o PLC. La ciberseguridad est\u00e1 certificada seg\u00fan los estrictos requisitos Achilles\u00ae CRT Nivel 1.<\/p>\n<p>El cableado entre bloques de funciones opcionales matem\u00e1ticas, l\u00f3gicas, totalizador y funciones especializadas permite que el equipo realice funciones adicionales m\u00e1s all\u00e1 del control PID.<\/p>\n<p>El EPC2000 est\u00e1 dise\u00f1ado para una vida \u00fatil prolongada, con almacenamiento de datos no vol\u00e1til y sin bater\u00eda de FRAM.<\/p>\n<h4>Exactitud y repetibilidad<\/h4>\n<p>La entrada de medida del EPC2000 es r\u00e1pida y exacta, con una estabilidad t\u00e9rmica excepcional, lo que permite un control preciso y constante durante largos per\u00edodos de tiempo sin deriva en la calibraci\u00f3n. Como tal, proporciona un excelente interface de control para procesos que requieren un control preciso, como el procesamiento de materiales avanzados y aeroespaciales.<\/p>\n<p>El algoritmo PID de Eurotherm proporciona un control de reacci\u00f3n r\u00e1pido y repetible y ha sido mejorado para reducir a\u00fan m\u00e1s los sobreimpulsos. Alcanzar r\u00e1pidamente de la temperatura de trabajo y la baja oscilaci\u00f3n ayudan a un alto rendimiento del proceso con bajas tasas de rechazo. Para un rendimiento \u00f3ptimo pueden aplicarse diferentes ajustes de PID en distintas rangos de operaci\u00f3n.<\/p>\n","protected":false},"excerpt":{"rendered":"<h2>Precisi\u00f3n en el Coraz\u00f3n de su Proceso<\/h2>\n<p>El controlador programable de temperatura y proceso EPC2000 monolazo proporciona un control de precisi\u00f3n eficiente y repetible, en un formato adecuado y f\u00e1cil de implementar para montaje en placa y carril DIN.<\/p>\n<h3>Noticias de productos:<\/h3>\n<p>Disponible con comunicaci\u00f3n PROFINET<br \/>\nMejorado en la robustez de la ciberseguridad (ver descargas)<br \/>\n<a href=\"\/temperature-control\/epc2000\/\">Caracter\u00edsticas y ventajas del controlador EPC2000<\/a><br \/>\n<a href=\"\/press-releases\/schneider-electric-launches-their-latest-cybersecurity-certified-programmable-controllers-to-improve-process-yield\/\">Comunicado de prensa original del controlador programable EPC2000<\/a><br \/>\n<a href=\"\/temperature-control\/epc2000-how-to-tutorials\">Tutoriales pr\u00e1cticos de EPC2000<\/a><\/p>\n<h3>PROFINET Configuration Tools<\/h3>\n<p><a href=\"https:\/\/www.eurotherm.com\/?wpdmdl=146864\">GSDML and bitmap Files Zipped<\/a><\/p>\n","protected":false},"featured_media":9121,"template":"","meta":{"_acf_changed":false},"product_brand":[],"product_cat":[12389,12753,952],"product_tag":[],"class_list":{"0":"post-21003","1":"product","2":"type-product","3":"status-publish","4":"has-post-thumbnail","6":"industry-oem-custom-solutions-es-2","7":"product_cat-controladores-pid","8":"product_cat-monolazo","9":"product_cat-productos-spain","10":"product_shipping_class-1-es","12":"first","13":"instock","14":"purchasable","15":"product-type-simple"},"acf":[],"yoast_head":"<!-- This site is optimized with the Yoast SEO plugin v27.2 - https:\/\/yoast.com\/product\/yoast-seo-wordpress\/ -->\n<title>Controladores Programables EPC2000 | Eurotherm Limited<\/title>\n<meta name=\"description\" content=\"Controladores Programables EPC2000 | El controlador combina el control preciso y el rendimiento de la medida con una conexi\u00f3n Ethernet de alta velocidad que inc\" \/>\n<meta name=\"robots\" content=\"index, follow, max-snippet:-1, max-image-preview:large, max-video-preview:-1\" \/>\n<meta property=\"og:locale\" content=\"es_ES\" \/>\n<meta property=\"og:type\" content=\"article\" \/>\n<meta property=\"og:title\" content=\"Controladores Programables EPC2000 | Eurotherm Limited\" \/>\n<meta property=\"og:description\" content=\"Controladores Programables EPC2000 | Precisi\u00f3n en el Coraz\u00f3n de su Proceso El controlador programable de temperatura y proceso EPC2000 monolazo proporciona un control de precisi\u00f3n eficiente y repetible, en un formato adecuado y f\u00e1cil de implementar para montaje en placa y carril DIN. Noticias de productos: Disponible con comunicaci\u00f3n PROFINET Mejorado en la robustez de la ciberseguridad (ver descargas) Caracter\u00edsticas y ventajas del controlador EPC2000 Comunicado de prensa original del controlador programable EPC2000 Tutoriales pr\u00e1cticos de EPC2000 PROFINET Configuration Tools GSDML and bitmap Files Zipped\" \/>\n<meta property=\"og:url\" content=\"https:\/\/www.eurotherm.com\/es\/products\/controladores-pid\/monolazo\/epc2000-programmable-controllers\/\" \/>\n<meta property=\"og:site_name\" content=\"Eurotherm Limited\" \/>\n<meta property=\"article:modified_time\" content=\"2023-08-18T13:28:54+00:00\" \/>\n<meta property=\"og:image\" content=\"https:\/\/www.eurotherm.com\/wp-content\/uploads\/2018\/10\/epc2000-front.jpg\" \/>\n\t<meta property=\"og:image:width\" content=\"500\" \/>\n\t<meta property=\"og:image:height\" content=\"500\" \/>\n\t<meta property=\"og:image:type\" content=\"image\/jpeg\" \/>\n<meta name=\"twitter:card\" content=\"summary_large_image\" \/>\n<meta name=\"twitter:label1\" content=\"Tiempo de lectura\" \/>\n\t<meta name=\"twitter:data1\" content=\"1 minuto\" \/>\n<script type=\"application\/ld+json\" class=\"yoast-schema-graph\">{\"@context\":\"https:\/\/schema.org\",\"@graph\":[{\"@type\":\"WebPage\",\"@id\":\"https:\/\/www.eurotherm.com\/es\/products\/controladores-pid\/monolazo\/epc2000-programmable-controllers\/\",\"url\":\"https:\/\/www.eurotherm.com\/es\/products\/controladores-pid\/monolazo\/epc2000-programmable-controllers\/\",\"name\":\"Controladores Programables EPC2000 | Eurotherm Limited\",\"isPartOf\":{\"@id\":\"https:\/\/www.eurotherm.com\/es\/#website\"},\"primaryImageOfPage\":{\"@id\":\"https:\/\/www.eurotherm.com\/es\/products\/controladores-pid\/monolazo\/epc2000-programmable-controllers\/#primaryimage\"},\"image\":{\"@id\":\"https:\/\/www.eurotherm.com\/es\/products\/controladores-pid\/monolazo\/epc2000-programmable-controllers\/#primaryimage\"},\"thumbnailUrl\":\"https:\/\/www.eurotherm.com\/wp-content\/uploads\/2018\/10\/epc2000-front.jpg\",\"datePublished\":\"2018-10-15T08:51:20+00:00\",\"dateModified\":\"2023-08-18T13:28:54+00:00\",\"description\":\"Controladores Programables EPC2000 | Precisi\u00f3n en el Coraz\u00f3n de su Proceso El controlador programable de temperatura y proceso EPC2000 monolazo proporciona un control de precisi\u00f3n eficiente y repetible, en un formato adecuado y f\u00e1cil de implementar para montaje en placa y carril DIN. Noticias de productos: Disponible con comunicaci\u00f3n PROFINET Mejorado en la robustez de la ciberseguridad (ver descargas) Caracter\u00edsticas y ventajas del controlador EPC2000 Comunicado de prensa original del controlador programable EPC2000 Tutoriales pr\u00e1cticos de EPC2000 PROFINET Configuration Tools GSDML and bitmap Files Zipped\",\"breadcrumb\":{\"@id\":\"https:\/\/www.eurotherm.com\/es\/products\/controladores-pid\/monolazo\/epc2000-programmable-controllers\/#breadcrumb\"},\"inLanguage\":\"es\",\"potentialAction\":[{\"@type\":\"ReadAction\",\"target\":[\"https:\/\/www.eurotherm.com\/es\/products\/controladores-pid\/monolazo\/epc2000-programmable-controllers\/\"]}]},{\"@type\":\"ImageObject\",\"inLanguage\":\"es\",\"@id\":\"https:\/\/www.eurotherm.com\/es\/products\/controladores-pid\/monolazo\/epc2000-programmable-controllers\/#primaryimage\",\"url\":\"https:\/\/www.eurotherm.com\/wp-content\/uploads\/2018\/10\/epc2000-front.jpg\",\"contentUrl\":\"https:\/\/www.eurotherm.com\/wp-content\/uploads\/2018\/10\/epc2000-front.jpg\",\"width\":500,\"height\":500,\"caption\":\"R\u00e9gulateur programmable EPC2000\"},{\"@type\":\"BreadcrumbList\",\"@id\":\"https:\/\/www.eurotherm.com\/es\/products\/controladores-pid\/monolazo\/epc2000-programmable-controllers\/#breadcrumb\",\"itemListElement\":[{\"@type\":\"ListItem\",\"position\":1,\"name\":\"Home\",\"item\":\"https:\/\/www.eurotherm.com\/es\/\"},{\"@type\":\"ListItem\",\"position\":2,\"name\":\"Product Catalogue\",\"item\":\"https:\/\/www.eurotherm.com\/es\/product-catalogue\/\"},{\"@type\":\"ListItem\",\"position\":3,\"name\":\"Controladores PID\",\"item\":\"https:\/\/www.eurotherm.com\/es\/eurotherm-products\/controladores-pid\/\"},{\"@type\":\"ListItem\",\"position\":4,\"name\":\"Monolazo\",\"item\":\"https:\/\/www.eurotherm.com\/es\/eurotherm-products\/controladores-pid\/monolazo\/\"},{\"@type\":\"ListItem\",\"position\":5,\"name\":\"Controladores Programables EPC2000\"}]},{\"@type\":\"WebSite\",\"@id\":\"https:\/\/www.eurotherm.com\/es\/#website\",\"url\":\"https:\/\/www.eurotherm.com\/es\/\",\"name\":\"Eurotherm Limited\",\"description\":\"Temperature Control, Process Control, Measurement and Data Recording Solutions\",\"potentialAction\":[{\"@type\":\"SearchAction\",\"target\":{\"@type\":\"EntryPoint\",\"urlTemplate\":\"https:\/\/www.eurotherm.com\/es\/?s={search_term_string}\"},\"query-input\":{\"@type\":\"PropertyValueSpecification\",\"valueRequired\":true,\"valueName\":\"search_term_string\"}}],\"inLanguage\":\"es\"}]}<\/script>\n<!-- \/ Yoast SEO plugin. -->","yoast_head_json":{"title":"Controladores Programables EPC2000 | Eurotherm Limited","description":"Controladores Programables EPC2000 | El controlador combina el control preciso y el rendimiento de la medida con una conexi\u00f3n Ethernet de alta velocidad que inc","robots":{"index":"index","follow":"follow","max-snippet":"max-snippet:-1","max-image-preview":"max-image-preview:large","max-video-preview":"max-video-preview:-1"},"og_locale":"es_ES","og_type":"article","og_title":"Controladores Programables EPC2000 | Eurotherm Limited","og_description":"Controladores Programables EPC2000 | Precisi\u00f3n en el Coraz\u00f3n de su Proceso El controlador programable de temperatura y proceso EPC2000 monolazo proporciona un control de precisi\u00f3n eficiente y repetible, en un formato adecuado y f\u00e1cil de implementar para montaje en placa y carril DIN. Noticias de productos: Disponible con comunicaci\u00f3n PROFINET Mejorado en la robustez de la ciberseguridad (ver descargas) Caracter\u00edsticas y ventajas del controlador EPC2000 Comunicado de prensa original del controlador programable EPC2000 Tutoriales pr\u00e1cticos de EPC2000 PROFINET Configuration Tools GSDML and bitmap Files Zipped","og_url":"https:\/\/www.eurotherm.com\/es\/products\/controladores-pid\/monolazo\/epc2000-programmable-controllers\/","og_site_name":"Eurotherm Limited","article_modified_time":"2023-08-18T13:28:54+00:00","og_image":[{"width":500,"height":500,"url":"https:\/\/www.eurotherm.com\/wp-content\/uploads\/2018\/10\/epc2000-front.jpg","type":"image\/jpeg"}],"twitter_card":"summary_large_image","twitter_misc":{"Tiempo de lectura":"1 minuto"},"schema":{"@context":"https:\/\/schema.org","@graph":[{"@type":"WebPage","@id":"https:\/\/www.eurotherm.com\/es\/products\/controladores-pid\/monolazo\/epc2000-programmable-controllers\/","url":"https:\/\/www.eurotherm.com\/es\/products\/controladores-pid\/monolazo\/epc2000-programmable-controllers\/","name":"Controladores Programables EPC2000 | Eurotherm Limited","isPartOf":{"@id":"https:\/\/www.eurotherm.com\/es\/#website"},"primaryImageOfPage":{"@id":"https:\/\/www.eurotherm.com\/es\/products\/controladores-pid\/monolazo\/epc2000-programmable-controllers\/#primaryimage"},"image":{"@id":"https:\/\/www.eurotherm.com\/es\/products\/controladores-pid\/monolazo\/epc2000-programmable-controllers\/#primaryimage"},"thumbnailUrl":"https:\/\/www.eurotherm.com\/wp-content\/uploads\/2018\/10\/epc2000-front.jpg","datePublished":"2018-10-15T08:51:20+00:00","dateModified":"2023-08-18T13:28:54+00:00","description":"Controladores Programables EPC2000 | Precisi\u00f3n en el Coraz\u00f3n de su Proceso El controlador programable de temperatura y proceso EPC2000 monolazo proporciona un control de precisi\u00f3n eficiente y repetible, en un formato adecuado y f\u00e1cil de implementar para montaje en placa y carril DIN. Noticias de productos: Disponible con comunicaci\u00f3n PROFINET Mejorado en la robustez de la ciberseguridad (ver descargas) Caracter\u00edsticas y ventajas del controlador EPC2000 Comunicado de prensa original del controlador programable EPC2000 Tutoriales pr\u00e1cticos de EPC2000 PROFINET Configuration Tools GSDML and bitmap Files Zipped","breadcrumb":{"@id":"https:\/\/www.eurotherm.com\/es\/products\/controladores-pid\/monolazo\/epc2000-programmable-controllers\/#breadcrumb"},"inLanguage":"es","potentialAction":[{"@type":"ReadAction","target":["https:\/\/www.eurotherm.com\/es\/products\/controladores-pid\/monolazo\/epc2000-programmable-controllers\/"]}]},{"@type":"ImageObject","inLanguage":"es","@id":"https:\/\/www.eurotherm.com\/es\/products\/controladores-pid\/monolazo\/epc2000-programmable-controllers\/#primaryimage","url":"https:\/\/www.eurotherm.com\/wp-content\/uploads\/2018\/10\/epc2000-front.jpg","contentUrl":"https:\/\/www.eurotherm.com\/wp-content\/uploads\/2018\/10\/epc2000-front.jpg","width":500,"height":500,"caption":"R\u00e9gulateur programmable EPC2000"},{"@type":"BreadcrumbList","@id":"https:\/\/www.eurotherm.com\/es\/products\/controladores-pid\/monolazo\/epc2000-programmable-controllers\/#breadcrumb","itemListElement":[{"@type":"ListItem","position":1,"name":"Home","item":"https:\/\/www.eurotherm.com\/es\/"},{"@type":"ListItem","position":2,"name":"Product Catalogue","item":"https:\/\/www.eurotherm.com\/es\/product-catalogue\/"},{"@type":"ListItem","position":3,"name":"Controladores PID","item":"https:\/\/www.eurotherm.com\/es\/eurotherm-products\/controladores-pid\/"},{"@type":"ListItem","position":4,"name":"Monolazo","item":"https:\/\/www.eurotherm.com\/es\/eurotherm-products\/controladores-pid\/monolazo\/"},{"@type":"ListItem","position":5,"name":"Controladores Programables EPC2000"}]},{"@type":"WebSite","@id":"https:\/\/www.eurotherm.com\/es\/#website","url":"https:\/\/www.eurotherm.com\/es\/","name":"Eurotherm Limited","description":"Temperature Control, Process Control, Measurement and Data Recording Solutions","potentialAction":[{"@type":"SearchAction","target":{"@type":"EntryPoint","urlTemplate":"https:\/\/www.eurotherm.com\/es\/?s={search_term_string}"},"query-input":{"@type":"PropertyValueSpecification","valueRequired":true,"valueName":"search_term_string"}}],"inLanguage":"es"}]}},"ACF":{"product_file":[97236,27665,27442,28646,29350,28230,29214,28605,27666,28179,28181,28190,28191,28192,29316,29306,27454,103639,28290,78462,65944,78443,78463,78485,78486,83667,83668,86992,89055,86552,105978,137741,137742,137743],"product_status":"Active Product","enable_watlow_configurator":true,"watlow_product_type":"Single","watlow_configurator_link":"https:\/\/www.watlow.com\/Products\/Controllers\/Eurotherm\/epc2000-programmable-controllers?econfig=123"},"jetpack_sharing_enabled":true,"_links":{"self":[{"href":"https:\/\/www.eurotherm.com\/es\/wp-json\/wp\/v2\/product\/21003","targetHints":{"allow":["GET"]}}],"collection":[{"href":"https:\/\/www.eurotherm.com\/es\/wp-json\/wp\/v2\/product"}],"about":[{"href":"https:\/\/www.eurotherm.com\/es\/wp-json\/wp\/v2\/types\/product"}],"wp:featuredmedia":[{"embeddable":true,"href":"https:\/\/www.eurotherm.com\/es\/wp-json\/wp\/v2\/media\/9121"}],"wp:attachment":[{"href":"https:\/\/www.eurotherm.com\/es\/wp-json\/wp\/v2\/media?parent=21003"}],"wp:term":[{"taxonomy":"product_brand","embeddable":true,"href":"https:\/\/www.eurotherm.com\/es\/wp-json\/wp\/v2\/product_brand?post=21003"},{"taxonomy":"product_cat","embeddable":true,"href":"https:\/\/www.eurotherm.com\/es\/wp-json\/wp\/v2\/product_cat?post=21003"},{"taxonomy":"product_tag","embeddable":true,"href":"https:\/\/www.eurotherm.com\/es\/wp-json\/wp\/v2\/product_tag?post=21003"}],"curies":[{"name":"wp","href":"https:\/\/api.w.org\/{rel}","templated":true}]}}