{"id":21002,"date":"2018-10-15T08:46:55","date_gmt":"2018-10-16T10:01:06","guid":{"rendered":"https:\/\/www.eurotherm.com\/product\/controladores-pid-de-la-serie-2100\/"},"modified":"2019-07-05T15:31:53","modified_gmt":"2019-07-05T15:31:53","slug":"controladores-pid-de-la-serie-2100","status":"publish","type":"product","link":"https:\/\/www.eurotherm.com\/es\/products\/discontinued-eurotherm-products-es\/controladores-pid-de-la-serie-2100\/","title":{"rendered":"Controladores PID de la serie 2100"},"content":{"rendered":"<p>Controladores PID de la serie 2100<\/p>\n<p>La serie 2100, disponible en tama\u00f1o compacto de 1\/32 DIN, empleando algoritmos avanzados PID para proporcionar un control estable de la temperatura en l\u00ednea recta. El ajuste autom\u00e1tico se incluye para optimizar el rendimiento de control sin necesidad de formaci\u00f3n ni conocimientos especializados.<\/p>\n","protected":false},"excerpt":{"rendered":"<p>Controladores PID de la serie 2100 La serie 2100, disponible en tama\u00f1o compacto de 1\/32 DIN, empleando algoritmos avanzados PID [&hellip;]<\/p>\n","protected":false},"featured_media":9149,"template":"","meta":{"_acf_changed":false},"product_brand":[],"product_cat":[15421],"product_tag":[],"class_list":{"0":"post-21002","1":"product","2":"type-product","3":"status-publish","4":"has-post-thumbnail","6":"product_cat-discontinued-eurotherm-products-es","7":"product_shipping_class-1-es","9":"first","10":"instock","11":"purchasable","12":"product-type-simple"},"acf":[],"yoast_head":"<!-- This site is optimized with the Yoast SEO plugin v27.2 - https:\/\/yoast.com\/product\/yoast-seo-wordpress\/ -->\n<title>Controladores PID de la serie 2100 | Eurotherm Limited<\/title>\n<meta name=\"description\" content=\"Controladores PID de la serie 2100 | Controladores PID de la serie 2100 La serie 2100, disponible en tama\u00f1o compacto de 1\/32 DIN, empleando algoritmos avanza\" \/>\n<meta name=\"robots\" content=\"index, follow, max-snippet:-1, max-image-preview:large, max-video-preview:-1\" \/>\n<meta property=\"og:locale\" content=\"es_ES\" \/>\n<meta property=\"og:type\" content=\"article\" \/>\n<meta property=\"og:title\" content=\"Controladores PID de la serie 2100 | Eurotherm Limited\" \/>\n<meta property=\"og:description\" content=\"Controladores PID de la serie 2100 | Controladores PID de la serie 2100 La serie 2100, disponible en tama\u00f1o compacto de 1\/32 DIN, empleando algoritmos avanzados PID para proporcionar un\" \/>\n<meta property=\"og:url\" content=\"https:\/\/www.eurotherm.com\/es\/products\/discontinued-eurotherm-products-es\/controladores-pid-de-la-serie-2100\/\" \/>\n<meta property=\"og:site_name\" content=\"Eurotherm Limited\" \/>\n<meta property=\"article:modified_time\" content=\"2019-07-05T15:31:53+00:00\" \/>\n<meta property=\"og:image\" content=\"https:\/\/www.eurotherm.com\/wp-content\/uploads\/2018\/10\/2132.jpg\" \/>\n\t<meta property=\"og:image:width\" content=\"500\" \/>\n\t<meta property=\"og:image:height\" content=\"500\" \/>\n\t<meta property=\"og:image:type\" content=\"image\/jpeg\" \/>\n<meta name=\"twitter:card\" content=\"summary_large_image\" \/>\n<script type=\"application\/ld+json\" class=\"yoast-schema-graph\">{\"@context\":\"https:\/\/schema.org\",\"@graph\":[{\"@type\":\"WebPage\",\"@id\":\"https:\/\/www.eurotherm.com\/es\/products\/discontinued-eurotherm-products-es\/controladores-pid-de-la-serie-2100\/\",\"url\":\"https:\/\/www.eurotherm.com\/es\/products\/discontinued-eurotherm-products-es\/controladores-pid-de-la-serie-2100\/\",\"name\":\"Controladores PID de la serie 2100 | Eurotherm Limited\",\"isPartOf\":{\"@id\":\"https:\/\/www.eurotherm.com\/es\/#website\"},\"primaryImageOfPage\":{\"@id\":\"https:\/\/www.eurotherm.com\/es\/products\/discontinued-eurotherm-products-es\/controladores-pid-de-la-serie-2100\/#primaryimage\"},\"image\":{\"@id\":\"https:\/\/www.eurotherm.com\/es\/products\/discontinued-eurotherm-products-es\/controladores-pid-de-la-serie-2100\/#primaryimage\"},\"thumbnailUrl\":\"https:\/\/www.eurotherm.com\/wp-content\/uploads\/2018\/10\/2132.jpg\",\"datePublished\":\"2018-10-16T10:01:06+00:00\",\"dateModified\":\"2019-07-05T15:31:53+00:00\",\"description\":\"Controladores PID de la serie 2100 | Controladores PID de la serie 2100 La serie 2100, disponible en tama\u00f1o compacto de 1\/32 DIN, empleando algoritmos avanzados PID para proporcionar un\",\"breadcrumb\":{\"@id\":\"https:\/\/www.eurotherm.com\/es\/products\/discontinued-eurotherm-products-es\/controladores-pid-de-la-serie-2100\/#breadcrumb\"},\"inLanguage\":\"es\",\"potentialAction\":[{\"@type\":\"ReadAction\",\"target\":[\"https:\/\/www.eurotherm.com\/es\/products\/discontinued-eurotherm-products-es\/controladores-pid-de-la-serie-2100\/\"]}]},{\"@type\":\"ImageObject\",\"inLanguage\":\"es\",\"@id\":\"https:\/\/www.eurotherm.com\/es\/products\/discontinued-eurotherm-products-es\/controladores-pid-de-la-serie-2100\/#primaryimage\",\"url\":\"https:\/\/www.eurotherm.com\/wp-content\/uploads\/2018\/10\/2132.jpg\",\"contentUrl\":\"https:\/\/www.eurotherm.com\/wp-content\/uploads\/2018\/10\/2132.jpg\",\"width\":500,\"height\":500},{\"@type\":\"BreadcrumbList\",\"@id\":\"https:\/\/www.eurotherm.com\/es\/products\/discontinued-eurotherm-products-es\/controladores-pid-de-la-serie-2100\/#breadcrumb\",\"itemListElement\":[{\"@type\":\"ListItem\",\"position\":1,\"name\":\"Home\",\"item\":\"https:\/\/www.eurotherm.com\/es\/\"},{\"@type\":\"ListItem\",\"position\":2,\"name\":\"Product Catalogue\",\"item\":\"https:\/\/www.eurotherm.com\/es\/product-catalogue\/\"},{\"@type\":\"ListItem\",\"position\":3,\"name\":\"Discontinued Eurotherm Products\",\"item\":\"https:\/\/www.eurotherm.com\/es\/eurotherm-products\/discontinued-eurotherm-products-es\/\"},{\"@type\":\"ListItem\",\"position\":4,\"name\":\"Controladores PID de la serie 2100\"}]},{\"@type\":\"WebSite\",\"@id\":\"https:\/\/www.eurotherm.com\/es\/#website\",\"url\":\"https:\/\/www.eurotherm.com\/es\/\",\"name\":\"Eurotherm Limited\",\"description\":\"Temperature Control, Process Control, Measurement and Data Recording Solutions\",\"potentialAction\":[{\"@type\":\"SearchAction\",\"target\":{\"@type\":\"EntryPoint\",\"urlTemplate\":\"https:\/\/www.eurotherm.com\/es\/?s={search_term_string}\"},\"query-input\":{\"@type\":\"PropertyValueSpecification\",\"valueRequired\":true,\"valueName\":\"search_term_string\"}}],\"inLanguage\":\"es\"}]}<\/script>\n<!-- \/ Yoast SEO plugin. -->","yoast_head_json":{"title":"Controladores PID de la serie 2100 | Eurotherm Limited","description":"Controladores PID de la serie 2100 | Controladores PID de la serie 2100 La serie 2100, disponible en tama\u00f1o compacto de 1\/32 DIN, empleando algoritmos avanza","robots":{"index":"index","follow":"follow","max-snippet":"max-snippet:-1","max-image-preview":"max-image-preview:large","max-video-preview":"max-video-preview:-1"},"og_locale":"es_ES","og_type":"article","og_title":"Controladores PID de la serie 2100 | Eurotherm Limited","og_description":"Controladores PID de la serie 2100 | Controladores PID de la serie 2100 La serie 2100, disponible en tama\u00f1o compacto de 1\/32 DIN, empleando algoritmos avanzados PID para proporcionar un","og_url":"https:\/\/www.eurotherm.com\/es\/products\/discontinued-eurotherm-products-es\/controladores-pid-de-la-serie-2100\/","og_site_name":"Eurotherm Limited","article_modified_time":"2019-07-05T15:31:53+00:00","og_image":[{"width":500,"height":500,"url":"https:\/\/www.eurotherm.com\/wp-content\/uploads\/2018\/10\/2132.jpg","type":"image\/jpeg"}],"twitter_card":"summary_large_image","schema":{"@context":"https:\/\/schema.org","@graph":[{"@type":"WebPage","@id":"https:\/\/www.eurotherm.com\/es\/products\/discontinued-eurotherm-products-es\/controladores-pid-de-la-serie-2100\/","url":"https:\/\/www.eurotherm.com\/es\/products\/discontinued-eurotherm-products-es\/controladores-pid-de-la-serie-2100\/","name":"Controladores PID de la serie 2100 | Eurotherm Limited","isPartOf":{"@id":"https:\/\/www.eurotherm.com\/es\/#website"},"primaryImageOfPage":{"@id":"https:\/\/www.eurotherm.com\/es\/products\/discontinued-eurotherm-products-es\/controladores-pid-de-la-serie-2100\/#primaryimage"},"image":{"@id":"https:\/\/www.eurotherm.com\/es\/products\/discontinued-eurotherm-products-es\/controladores-pid-de-la-serie-2100\/#primaryimage"},"thumbnailUrl":"https:\/\/www.eurotherm.com\/wp-content\/uploads\/2018\/10\/2132.jpg","datePublished":"2018-10-16T10:01:06+00:00","dateModified":"2019-07-05T15:31:53+00:00","description":"Controladores PID de la serie 2100 | Controladores PID de la serie 2100 La serie 2100, disponible en tama\u00f1o compacto de 1\/32 DIN, empleando algoritmos avanzados PID para proporcionar un","breadcrumb":{"@id":"https:\/\/www.eurotherm.com\/es\/products\/discontinued-eurotherm-products-es\/controladores-pid-de-la-serie-2100\/#breadcrumb"},"inLanguage":"es","potentialAction":[{"@type":"ReadAction","target":["https:\/\/www.eurotherm.com\/es\/products\/discontinued-eurotherm-products-es\/controladores-pid-de-la-serie-2100\/"]}]},{"@type":"ImageObject","inLanguage":"es","@id":"https:\/\/www.eurotherm.com\/es\/products\/discontinued-eurotherm-products-es\/controladores-pid-de-la-serie-2100\/#primaryimage","url":"https:\/\/www.eurotherm.com\/wp-content\/uploads\/2018\/10\/2132.jpg","contentUrl":"https:\/\/www.eurotherm.com\/wp-content\/uploads\/2018\/10\/2132.jpg","width":500,"height":500},{"@type":"BreadcrumbList","@id":"https:\/\/www.eurotherm.com\/es\/products\/discontinued-eurotherm-products-es\/controladores-pid-de-la-serie-2100\/#breadcrumb","itemListElement":[{"@type":"ListItem","position":1,"name":"Home","item":"https:\/\/www.eurotherm.com\/es\/"},{"@type":"ListItem","position":2,"name":"Product Catalogue","item":"https:\/\/www.eurotherm.com\/es\/product-catalogue\/"},{"@type":"ListItem","position":3,"name":"Discontinued Eurotherm Products","item":"https:\/\/www.eurotherm.com\/es\/eurotherm-products\/discontinued-eurotherm-products-es\/"},{"@type":"ListItem","position":4,"name":"Controladores PID de la serie 2100"}]},{"@type":"WebSite","@id":"https:\/\/www.eurotherm.com\/es\/#website","url":"https:\/\/www.eurotherm.com\/es\/","name":"Eurotherm Limited","description":"Temperature Control, Process Control, Measurement and Data Recording Solutions","potentialAction":[{"@type":"SearchAction","target":{"@type":"EntryPoint","urlTemplate":"https:\/\/www.eurotherm.com\/es\/?s={search_term_string}"},"query-input":{"@type":"PropertyValueSpecification","valueRequired":true,"valueName":"search_term_string"}}],"inLanguage":"es"}]}},"ACF":{"product_file":[28290,27454,28535,27961,27942,27866,27943,27939,26631,26622,29333,29164,29218,29134,28335,26630,29312,27843,28346,26634,26632,26640,26641,26642,26636,26635,26651,26649,26628,26643,26650,26645,26644,27497,27584,26614,27865,137166]},"jetpack_sharing_enabled":true,"_links":{"self":[{"href":"https:\/\/www.eurotherm.com\/es\/wp-json\/wp\/v2\/product\/21002","targetHints":{"allow":["GET"]}}],"collection":[{"href":"https:\/\/www.eurotherm.com\/es\/wp-json\/wp\/v2\/product"}],"about":[{"href":"https:\/\/www.eurotherm.com\/es\/wp-json\/wp\/v2\/types\/product"}],"wp:featuredmedia":[{"embeddable":true,"href":"https:\/\/www.eurotherm.com\/es\/wp-json\/wp\/v2\/media\/9149"}],"wp:attachment":[{"href":"https:\/\/www.eurotherm.com\/es\/wp-json\/wp\/v2\/media?parent=21002"}],"wp:term":[{"taxonomy":"product_brand","embeddable":true,"href":"https:\/\/www.eurotherm.com\/es\/wp-json\/wp\/v2\/product_brand?post=21002"},{"taxonomy":"product_cat","embeddable":true,"href":"https:\/\/www.eurotherm.com\/es\/wp-json\/wp\/v2\/product_cat?post=21002"},{"taxonomy":"product_tag","embeddable":true,"href":"https:\/\/www.eurotherm.com\/es\/wp-json\/wp\/v2\/product_tag?post=21002"}],"curies":[{"name":"wp","href":"https:\/\/api.w.org\/{rel}","templated":true}]}}