{"id":21001,"date":"2018-10-15T08:47:51","date_gmt":"2018-10-16T10:01:06","guid":{"rendered":"https:\/\/www.eurotherm.com\/product\/controladores-de-temperatura-proceso-3200-2\/"},"modified":"2023-08-22T17:25:33","modified_gmt":"2023-08-22T09:25:33","slug":"controladores-de-temperatura-proceso-3200-2","status":"publish","type":"product","link":"https:\/\/www.eurotherm.com\/es\/products\/controladores-pid\/monolazo\/controladores-de-temperatura-proceso-3200-2\/","title":{"rendered":"Controladores de temperatura\/proceso 3200"},"content":{"rendered":"<ul>\n<li>Configuraci\u00f3n de inicio r\u00e1pido que permite su uso nada m\u00e1s sacarlo de la caja<\/li>\n<li>Configuraci\u00f3n avanzada con Asistente para PC con ayuda en l\u00ednea<\/li>\n<li>Puesta en servicio f\u00e1cil y r\u00e1pida, sin necesidad de conocimientos expertos<\/li>\n<li>Clara informaci\u00f3n del proceso con mensajes din\u00e1micos personalizados<\/li>\n<li>Mensajes de alarma personalizados de f\u00e1cil comprensi\u00f3n<\/li>\n<li>Selecci\u00f3n de recetas desde la interfaz del operador<\/li>\n<li>Temporizador interno y programaci\u00f3n de puntos de consigna<\/li>\n<li>Indicaci\u00f3n instant\u00e1nea de aver\u00edas en los calentadores con amper\u00edmetro integrado<\/li>\n<li>Punto de consigna remoto: soluci\u00f3n para aplicaciones multizona<\/li>\n<\/ul>\n<p>El \u00e9nfasis se pone en la sencillez y la facilidad de uso. Puede utilizarse un sencillo C\u00f3digo de Inicio R\u00e1pido para configurar todas las funciones esenciales para controlar su proceso, que incluyen el tipo de sensor de entrada, el rango de medida, opciones de control y alarmas, para utilizar el equipo nada m\u00e1s sacarlo de la caja. Si lo prefiere, puede especificar lo que necesita al hacer su pedido y le enviaremos la unidad preconfigurada seg\u00fan sus requisitos.<\/p>\n<p>En el modo de operador, todos los par\u00e1metros presentan un mensaje de texto din\u00e1mico que describe su funci\u00f3n, disponible en ingl\u00e9s, alem\u00e1n, franc\u00e9s, espa\u00f1ol e italiano. Las funciones m\u00e1s avanzadas se configuran mediante Eurotherm iTools, el asistente de configuraci\u00f3n basado en PC, que ofrece una gu\u00eda instructiva y f\u00e1cil de usar de todas las funciones del controlador.<\/p>\n<h3>Supervisi\u00f3n de intensidad del calefactor<\/h3>\n<p>La entrada del transformador de intensidad permite visualizar la intensidad del calefactor y realizar una comprobaci\u00f3n del estado de la carga. Las aver\u00edas de carga parcial, circuito del calefactor abierto y los rel\u00e9s de estado s\u00f3lido se detectan y muestran mediante mensajes de alarma din\u00e1micos adem\u00e1s de emitir una salida de alarma. En los modelos 3208 y 3204, el amper\u00edmetro del panel frontal indica la intensidad del calefactor.<\/p>\n<h3>Programador de puntos de consigna<\/h3>\n<p>Pueden programarse perfiles de tratamiento t\u00e9rmico mediante el programador de 8 segmentos. Se puede utilizar la retenci\u00f3n al comienzo de cada segmento para garantizar los periodos. Puede activarse una salida de evento digital en cualquier segmento para iniciar acciones en el proceso.<\/p>\n<h3>Mensajes de texto personalizados<\/h3>\n<p>Es posible crear mensajes personalizados con el asistente Eurotherm iTools y descargarlo en el 3200 para mostrarse en caso de un evento, una alarma o una condici\u00f3n del proceso, lo que proporciona al operador una buena monitorizaci\u00f3n del estado del proceso.<\/p>\n<h3>Punto de consigna remoto<\/h3>\n<p>Existe una opci\u00f3n para equipar el 3200 con una entrada anal\u00f3gica remota, que puede ser de voltios o mA, utilizada para generar el punto de consigna mediante un controlador maestro o un PLC.<\/p>\n<p><strong>IDEAL PARA:<\/strong><\/p>\n<ul>\n<li>Extrusi\u00f3n de pl\u00e1sticos<\/li>\n<li>Sopladadora de pl\u00e1stico<\/li>\n<li>Moldeado t\u00e9rmico<\/li>\n<li>Hornos y enfriadores<\/li>\n<li>Atenuaci\u00f3n de tensi\u00f3n<\/li>\n<\/ul>\n<p><strong>CARACTER\u00cdSTICAS:\u00a0<\/strong><\/p>\n<ul>\n<li>Programador de 8 segmentos<\/li>\n<li>Detecci\u00f3n de aver\u00edas en calentadores<\/li>\n<li>Monitorizaci\u00f3n de corriente<\/li>\n<li>Temporizador interno<\/li>\n<li>Mensajes de texto din\u00e1mico<\/li>\n<li>Recetas<\/li>\n<li>Comunicaciones Modbus<\/li>\n<li>Retransmisi\u00f3n de puntos de consigna a trav\u00e9s de Modbus<\/li>\n<li>Retransmisi\u00f3n anal\u00f3gica<\/li>\n<li>Punto de consigna remoto<\/li>\n<li>Texto de ayuda<\/li>\n<\/ul>\n","protected":false},"excerpt":{"rendered":"<h2>Controladores de Temperatura\/Proceso 3216, 3208, 3204 y 32h8<\/h2>\n<p>La innovadora gama de controladores 3200 ofrece preciso control de la temperatura y otras variables del proceso, adem\u00e1s de una serie de caracter\u00edsticas avanzadas que no suelen encontrarse en controladores de esta categor\u00eda.<\/p>\n","protected":false},"featured_media":8967,"template":"","meta":{"_acf_changed":false},"product_brand":[],"product_cat":[12753],"product_tag":[],"class_list":{"0":"post-21001","1":"product","2":"type-product","3":"status-publish","4":"has-post-thumbnail","6":"product_cat-monolazo","7":"product_shipping_class-1-es","9":"first","10":"instock","11":"purchasable","12":"product-type-simple"},"acf":[],"yoast_head":"<!-- This site is optimized with the Yoast SEO plugin v27.2 - https:\/\/yoast.com\/product\/yoast-seo-wordpress\/ -->\n<title>Controladores de temperatura\/proceso 3200 | Eurotherm Limited<\/title>\n<meta name=\"description\" content=\"Controladores de temperatura\/proceso 3200 | Configuraci\u00f3n de inicio r\u00e1pido que permite su uso nada m\u00e1s sacarlo de la caja Configuraci\u00f3n\" \/>\n<meta name=\"robots\" content=\"index, follow, max-snippet:-1, max-image-preview:large, max-video-preview:-1\" \/>\n<meta property=\"og:locale\" content=\"es_ES\" \/>\n<meta property=\"og:type\" content=\"article\" \/>\n<meta property=\"og:title\" content=\"Controladores de temperatura\/proceso 3200 | Eurotherm Limited\" \/>\n<meta property=\"og:description\" content=\"Controladores de temperatura\/proceso 3200 | Controladores de Temperatura\/Proceso 3216, 3208, 3204 y 32h8 La innovadora gama de controladores 3200 ofrece preciso control de la temperatura y otras variables del proceso, adem\u00e1s de una serie de caracter\u00edsticas avanzadas que no suelen encontrarse en controladores de esta categor\u00eda.\" \/>\n<meta property=\"og:url\" content=\"https:\/\/www.eurotherm.com\/es\/products\/controladores-pid\/monolazo\/controladores-de-temperatura-proceso-3200-2\/\" \/>\n<meta property=\"og:site_name\" content=\"Eurotherm Limited\" \/>\n<meta property=\"article:modified_time\" content=\"2023-08-22T09:25:33+00:00\" \/>\n<meta property=\"og:image\" content=\"https:\/\/www.eurotherm.com\/wp-content\/uploads\/2018\/10\/3200_series.jpg\" \/>\n\t<meta property=\"og:image:width\" content=\"500\" \/>\n\t<meta property=\"og:image:height\" content=\"500\" \/>\n\t<meta property=\"og:image:type\" content=\"image\/jpeg\" \/>\n<meta name=\"twitter:card\" content=\"summary_large_image\" \/>\n<meta name=\"twitter:label1\" content=\"Tiempo de lectura\" \/>\n\t<meta name=\"twitter:data1\" content=\"3 minutos\" \/>\n<script type=\"application\/ld+json\" class=\"yoast-schema-graph\">{\"@context\":\"https:\/\/schema.org\",\"@graph\":[{\"@type\":\"WebPage\",\"@id\":\"https:\/\/www.eurotherm.com\/es\/products\/controladores-pid\/monolazo\/controladores-de-temperatura-proceso-3200-2\/\",\"url\":\"https:\/\/www.eurotherm.com\/es\/products\/controladores-pid\/monolazo\/controladores-de-temperatura-proceso-3200-2\/\",\"name\":\"Controladores de temperatura\/proceso 3200 | Eurotherm Limited\",\"isPartOf\":{\"@id\":\"https:\/\/www.eurotherm.com\/es\/#website\"},\"primaryImageOfPage\":{\"@id\":\"https:\/\/www.eurotherm.com\/es\/products\/controladores-pid\/monolazo\/controladores-de-temperatura-proceso-3200-2\/#primaryimage\"},\"image\":{\"@id\":\"https:\/\/www.eurotherm.com\/es\/products\/controladores-pid\/monolazo\/controladores-de-temperatura-proceso-3200-2\/#primaryimage\"},\"thumbnailUrl\":\"https:\/\/www.eurotherm.com\/wp-content\/uploads\/2018\/10\/3200_series.jpg\",\"datePublished\":\"2018-10-16T10:01:06+00:00\",\"dateModified\":\"2023-08-22T09:25:33+00:00\",\"description\":\"Controladores de temperatura\/proceso 3200 | Controladores de Temperatura\/Proceso 3216, 3208, 3204 y 32h8 La innovadora gama de controladores 3200 ofrece preciso control de la temperatura y otras variables del proceso, adem\u00e1s de una serie de caracter\u00edsticas avanzadas que no suelen encontrarse en controladores de esta categor\u00eda.\",\"breadcrumb\":{\"@id\":\"https:\/\/www.eurotherm.com\/es\/products\/controladores-pid\/monolazo\/controladores-de-temperatura-proceso-3200-2\/#breadcrumb\"},\"inLanguage\":\"es\",\"potentialAction\":[{\"@type\":\"ReadAction\",\"target\":[\"https:\/\/www.eurotherm.com\/es\/products\/controladores-pid\/monolazo\/controladores-de-temperatura-proceso-3200-2\/\"]}]},{\"@type\":\"ImageObject\",\"inLanguage\":\"es\",\"@id\":\"https:\/\/www.eurotherm.com\/es\/products\/controladores-pid\/monolazo\/controladores-de-temperatura-proceso-3200-2\/#primaryimage\",\"url\":\"https:\/\/www.eurotherm.com\/wp-content\/uploads\/2018\/10\/3200_series.jpg\",\"contentUrl\":\"https:\/\/www.eurotherm.com\/wp-content\/uploads\/2018\/10\/3200_series.jpg\",\"width\":500,\"height\":500},{\"@type\":\"BreadcrumbList\",\"@id\":\"https:\/\/www.eurotherm.com\/es\/products\/controladores-pid\/monolazo\/controladores-de-temperatura-proceso-3200-2\/#breadcrumb\",\"itemListElement\":[{\"@type\":\"ListItem\",\"position\":1,\"name\":\"Home\",\"item\":\"https:\/\/www.eurotherm.com\/es\/\"},{\"@type\":\"ListItem\",\"position\":2,\"name\":\"Product Catalogue\",\"item\":\"https:\/\/www.eurotherm.com\/es\/product-catalogue\/\"},{\"@type\":\"ListItem\",\"position\":3,\"name\":\"Controladores PID\",\"item\":\"https:\/\/www.eurotherm.com\/es\/eurotherm-products\/controladores-pid\/\"},{\"@type\":\"ListItem\",\"position\":4,\"name\":\"Monolazo\",\"item\":\"https:\/\/www.eurotherm.com\/es\/eurotherm-products\/controladores-pid\/monolazo\/\"},{\"@type\":\"ListItem\",\"position\":5,\"name\":\"Controladores de temperatura\/proceso 3200\"}]},{\"@type\":\"WebSite\",\"@id\":\"https:\/\/www.eurotherm.com\/es\/#website\",\"url\":\"https:\/\/www.eurotherm.com\/es\/\",\"name\":\"Eurotherm Limited\",\"description\":\"Temperature Control, Process Control, Measurement and Data Recording Solutions\",\"potentialAction\":[{\"@type\":\"SearchAction\",\"target\":{\"@type\":\"EntryPoint\",\"urlTemplate\":\"https:\/\/www.eurotherm.com\/es\/?s={search_term_string}\"},\"query-input\":{\"@type\":\"PropertyValueSpecification\",\"valueRequired\":true,\"valueName\":\"search_term_string\"}}],\"inLanguage\":\"es\"}]}<\/script>\n<!-- \/ Yoast SEO plugin. -->","yoast_head_json":{"title":"Controladores de temperatura\/proceso 3200 | Eurotherm Limited","description":"Controladores de temperatura\/proceso 3200 | Configuraci\u00f3n de inicio r\u00e1pido que permite su uso nada m\u00e1s sacarlo de la caja Configuraci\u00f3n","robots":{"index":"index","follow":"follow","max-snippet":"max-snippet:-1","max-image-preview":"max-image-preview:large","max-video-preview":"max-video-preview:-1"},"og_locale":"es_ES","og_type":"article","og_title":"Controladores de temperatura\/proceso 3200 | Eurotherm Limited","og_description":"Controladores de temperatura\/proceso 3200 | Controladores de Temperatura\/Proceso 3216, 3208, 3204 y 32h8 La innovadora gama de controladores 3200 ofrece preciso control de la temperatura y otras variables del proceso, adem\u00e1s de una serie de caracter\u00edsticas avanzadas que no suelen encontrarse en controladores de esta categor\u00eda.","og_url":"https:\/\/www.eurotherm.com\/es\/products\/controladores-pid\/monolazo\/controladores-de-temperatura-proceso-3200-2\/","og_site_name":"Eurotherm Limited","article_modified_time":"2023-08-22T09:25:33+00:00","og_image":[{"width":500,"height":500,"url":"https:\/\/www.eurotherm.com\/wp-content\/uploads\/2018\/10\/3200_series.jpg","type":"image\/jpeg"}],"twitter_card":"summary_large_image","twitter_misc":{"Tiempo de lectura":"3 minutos"},"schema":{"@context":"https:\/\/schema.org","@graph":[{"@type":"WebPage","@id":"https:\/\/www.eurotherm.com\/es\/products\/controladores-pid\/monolazo\/controladores-de-temperatura-proceso-3200-2\/","url":"https:\/\/www.eurotherm.com\/es\/products\/controladores-pid\/monolazo\/controladores-de-temperatura-proceso-3200-2\/","name":"Controladores de temperatura\/proceso 3200 | Eurotherm Limited","isPartOf":{"@id":"https:\/\/www.eurotherm.com\/es\/#website"},"primaryImageOfPage":{"@id":"https:\/\/www.eurotherm.com\/es\/products\/controladores-pid\/monolazo\/controladores-de-temperatura-proceso-3200-2\/#primaryimage"},"image":{"@id":"https:\/\/www.eurotherm.com\/es\/products\/controladores-pid\/monolazo\/controladores-de-temperatura-proceso-3200-2\/#primaryimage"},"thumbnailUrl":"https:\/\/www.eurotherm.com\/wp-content\/uploads\/2018\/10\/3200_series.jpg","datePublished":"2018-10-16T10:01:06+00:00","dateModified":"2023-08-22T09:25:33+00:00","description":"Controladores de temperatura\/proceso 3200 | Controladores de Temperatura\/Proceso 3216, 3208, 3204 y 32h8 La innovadora gama de controladores 3200 ofrece preciso control de la temperatura y otras variables del proceso, adem\u00e1s de una serie de caracter\u00edsticas avanzadas que no suelen encontrarse en controladores de esta categor\u00eda.","breadcrumb":{"@id":"https:\/\/www.eurotherm.com\/es\/products\/controladores-pid\/monolazo\/controladores-de-temperatura-proceso-3200-2\/#breadcrumb"},"inLanguage":"es","potentialAction":[{"@type":"ReadAction","target":["https:\/\/www.eurotherm.com\/es\/products\/controladores-pid\/monolazo\/controladores-de-temperatura-proceso-3200-2\/"]}]},{"@type":"ImageObject","inLanguage":"es","@id":"https:\/\/www.eurotherm.com\/es\/products\/controladores-pid\/monolazo\/controladores-de-temperatura-proceso-3200-2\/#primaryimage","url":"https:\/\/www.eurotherm.com\/wp-content\/uploads\/2018\/10\/3200_series.jpg","contentUrl":"https:\/\/www.eurotherm.com\/wp-content\/uploads\/2018\/10\/3200_series.jpg","width":500,"height":500},{"@type":"BreadcrumbList","@id":"https:\/\/www.eurotherm.com\/es\/products\/controladores-pid\/monolazo\/controladores-de-temperatura-proceso-3200-2\/#breadcrumb","itemListElement":[{"@type":"ListItem","position":1,"name":"Home","item":"https:\/\/www.eurotherm.com\/es\/"},{"@type":"ListItem","position":2,"name":"Product Catalogue","item":"https:\/\/www.eurotherm.com\/es\/product-catalogue\/"},{"@type":"ListItem","position":3,"name":"Controladores PID","item":"https:\/\/www.eurotherm.com\/es\/eurotherm-products\/controladores-pid\/"},{"@type":"ListItem","position":4,"name":"Monolazo","item":"https:\/\/www.eurotherm.com\/es\/eurotherm-products\/controladores-pid\/monolazo\/"},{"@type":"ListItem","position":5,"name":"Controladores de temperatura\/proceso 3200"}]},{"@type":"WebSite","@id":"https:\/\/www.eurotherm.com\/es\/#website","url":"https:\/\/www.eurotherm.com\/es\/","name":"Eurotherm Limited","description":"Temperature Control, Process Control, Measurement and Data Recording Solutions","potentialAction":[{"@type":"SearchAction","target":{"@type":"EntryPoint","urlTemplate":"https:\/\/www.eurotherm.com\/es\/?s={search_term_string}"},"query-input":{"@type":"PropertyValueSpecification","valueRequired":true,"valueName":"search_term_string"}}],"inLanguage":"es"}]}},"ACF":{"product_file":[139813,28290,27454,27519,27520,27518,27516,27912,27897,27911,27942,27866,27943,27939,28507,27596,26870,26871,26868,28621,28626,28627,26873,26872,28628,26874,26875,28629,26876,26878,26877,27973,26879,27974,27972,26880,28622,26881,26883,29142,28625,26882,27958,28623,28075,27473,27497,27584,26843,27447,28039,78979,26844,27913,89053,97185,29141,105978,133628,133632,137176,144233],"product_status":"Active Product","enable_watlow_configurator":true,"watlow_product_type":"Multiple","watlow_configurator_links":[{"watlow_name":"3204 1\/4 DIN","watlow_link":"https:\/\/www.watlow.com\/Products\/Controllers\/Eurotherm\/3200-temperature-process-controller?econfig=3204"},{"watlow_name":"3208 1\/8 DIN","watlow_link":"https:\/\/www.watlow.com\/Products\/Controllers\/Eurotherm\/3200-temperature-process-controller?econfig=3208"},{"watlow_name":"32H8 1\/8 DIN Horizontal Unit","watlow_link":"https:\/\/www.watlow.com\/Products\/Controllers\/Eurotherm\/3200-temperature-process-controller?econfig=32H8"},{"watlow_name":"3216 1\/16 DIN","watlow_link":"https:\/\/www.watlow.com\/Products\/Controllers\/Eurotherm\/3200-temperature-process-controller?econfig=3216"}]},"jetpack_sharing_enabled":true,"_links":{"self":[{"href":"https:\/\/www.eurotherm.com\/es\/wp-json\/wp\/v2\/product\/21001","targetHints":{"allow":["GET"]}}],"collection":[{"href":"https:\/\/www.eurotherm.com\/es\/wp-json\/wp\/v2\/product"}],"about":[{"href":"https:\/\/www.eurotherm.com\/es\/wp-json\/wp\/v2\/types\/product"}],"wp:featuredmedia":[{"embeddable":true,"href":"https:\/\/www.eurotherm.com\/es\/wp-json\/wp\/v2\/media\/8967"}],"wp:attachment":[{"href":"https:\/\/www.eurotherm.com\/es\/wp-json\/wp\/v2\/media?parent=21001"}],"wp:term":[{"taxonomy":"product_brand","embeddable":true,"href":"https:\/\/www.eurotherm.com\/es\/wp-json\/wp\/v2\/product_brand?post=21001"},{"taxonomy":"product_cat","embeddable":true,"href":"https:\/\/www.eurotherm.com\/es\/wp-json\/wp\/v2\/product_cat?post=21001"},{"taxonomy":"product_tag","embeddable":true,"href":"https:\/\/www.eurotherm.com\/es\/wp-json\/wp\/v2\/product_tag?post=21001"}],"curies":[{"name":"wp","href":"https:\/\/api.w.org\/{rel}","templated":true}]}}