{"id":20998,"date":"2018-10-15T08:52:25","date_gmt":"2018-10-15T08:52:25","guid":{"rendered":"https:\/\/www.eurotherm.com\/product\/controlador-mini8\/"},"modified":"2023-12-01T23:21:03","modified_gmt":"2023-12-01T15:21:03","slug":"mini8-loop-controller","status":"publish","type":"product","link":"https:\/\/www.eurotherm.com\/es\/products\/controladores-pid\/multilazo\/mini8-loop-controller\/","title":{"rendered":"Controlador Mini8\u00ae"},"content":{"rendered":"<p>El controlador Mini8 es el compa\u00f1ero id\u00f3neo de un controlador l\u00f3gico programable (PLC). Admite comunicaciones multipunto Modbus serie o Ethernet, Profibus o DeviceNetTM. Adem\u00e1s ofrece una alternativa verdadera y asequible para la medici\u00f3n anal\u00f3gica o el control de lazo en un controlador l\u00f3gico programable. La integraci\u00f3n de estas funciones en el controlador Mini8 reduce el coste de hardware del controlador l\u00f3gico programable y elimina la necesidad de ejecutar funciones anal\u00f3gicas, lo que a menudo permite utilizar un procesador m\u00e1s econ\u00f3mico.<\/p>\n<p>El juego de prestaciones del controlador Mini8 incluye control PID de alto rendimiento, funciones de programaci\u00f3n de puntos de consigna y conexiones gr\u00e1ficas, adem\u00e1s de bloques de funciones temporales y operadores l\u00f3gicos y matem\u00e1ticos.<\/p>\n<p>Cuando se utiliza en una instalaci\u00f3n de recogida de datos, es posible combinar la E\/S anal\u00f3gica de alta densidad con videoregistradores de la serie 6000 para obtener un acceso a su proceso inigualable tanto in situ como a trav\u00e9s de una red.<\/p>\n<p><strong>IDEAL PARA:<\/strong><\/p>\n<ul>\n<li>Estufas y hornos multizona<\/li>\n<li>Deposici\u00f3n qu\u00edmica en fase vapor de semiconductores y epitaxia de haces moleculares<\/li>\n<li>Generaci\u00f3n el\u00e9ctrica<\/li>\n<li>Extrusi\u00f3n de pl\u00e1sticos<\/li>\n<li>M\u00e1quinas envasadoras<\/li>\n<li>Maquinaria textil<\/li>\n<li>Hornos de cocci\u00f3n<\/li>\n<li>Templado de vidrio<\/li>\n<\/ul>\n<p><strong>CARACTER\u00cdSTICAS:<\/strong><\/p>\n<ul>\n<li>16 lazos de control con ajuste autom\u00e1tico<\/li>\n<li>32 entradas anal\u00f3gicas<\/li>\n<li>Compato y modular<\/li>\n<li>Programaci\u00f3n de puntos de consigna<\/li>\n<li>Operadores l\u00f3gicos y matem\u00e1ticos<\/li>\n<li>Modbus RTU<\/li>\n<li>Red DeviceNetTM<\/li>\n<li>Profibus DP<\/li>\n<li>Modbus TCP<\/li>\n<li>EtherNet\/IP<\/li>\n<\/ul>\n","protected":false},"excerpt":{"rendered":"<p>El controlador Mini8 ofrece un control de alto rendimiento que normalmente solo puede encontrarse en los controladores PID con instalaci\u00f3n en panel de Eurotherm. Adem\u00e1s, es un dispositivo de recogida de datos muy compacto y competitivo. Su dise\u00f1o modular permite seleccionar sus prestaciones y E\/S para cubrir una amplia gama de aplicaciones, desde las m\u00e1s simples hasta las m\u00e1s complejas.<\/p>\n<p>Ahora con:<\/p>\n<ul>\n<li>M\u00e1s potencia de procesamiento, m\u00e1s bloques de funciones y comunicaciones m\u00e1s r\u00e1pidas<\/li>\n<li>M\u00e1s lazos de control en un solo instrumento, con una precisi\u00f3n de entrada mejorada<\/li>\n<li>Tarjeta de Entrada de Termopar mejorada (ET8) con +\/- 0,25 \u00baC CJC de precisi\u00f3n<\/li>\n<\/ul>\n<p>Redise\u00f1ado de acuerdo a las mejores pr\u00e1cticas de IIoT y ciberseguridad para respaldar las estrategias de \u00abdefensa en profundidad<\/p>\n<p>https:\/\/youtu.be\/-lxPCssU-j0<\/p>\n","protected":false},"featured_media":140179,"template":"","meta":{"_acf_changed":false},"product_brand":[],"product_cat":[12389,12705,12707,12788,952],"product_tag":[],"class_list":{"0":"post-20998","1":"product","2":"type-product","3":"status-publish","4":"has-post-thumbnail","6":"industry-oem-custom-solutions-es-2","7":"industry-semiconductor-es-2","8":"product_cat-controladores-pid","9":"product_cat-furnaces-atmosphere-and-vacuum-es","10":"product_cat-heat-treat-products-es","11":"product_cat-multilazo","12":"product_cat-productos-spain","13":"product_shipping_class-1-es","15":"first","16":"instock","17":"purchasable","18":"product-type-simple"},"acf":[],"yoast_head":"<!-- This site is optimized with the Yoast SEO plugin v27.5 - https:\/\/yoast.com\/product\/yoast-seo-wordpress\/ -->\n<title>Controlador Mini8\u00ae | Eurotherm Limited<\/title>\n<meta name=\"description\" content=\"Controlador Mini8\u00ae | El controlador Mini8 es el compa\u00f1ero id\u00f3neo de un controlador l\u00f3gico programable (PLC). Admite comunicaciones multipunto Modbus serie o Eth\" \/>\n<meta name=\"robots\" content=\"index, follow, max-snippet:-1, max-image-preview:large, max-video-preview:-1\" \/>\n<meta property=\"og:locale\" content=\"es_ES\" \/>\n<meta property=\"og:type\" content=\"article\" \/>\n<meta property=\"og:title\" content=\"Controlador Mini8\u00ae | Eurotherm Limited\" \/>\n<meta property=\"og:description\" content=\"Controlador Mini8\u00ae | El controlador Mini8 ofrece un control de alto rendimiento que normalmente solo puede encontrarse en los controladores PID con instalaci\u00f3n en panel de Eurotherm. Adem\u00e1s, es un dispositivo de recogida de datos muy compacto y competitivo. Su dise\u00f1o modular permite seleccionar sus prestaciones y E\/S para cubrir una amplia gama de aplicaciones, desde las m\u00e1s simples hasta las m\u00e1s complejas.  Ahora con:   M\u00e1s potencia de procesamiento, m\u00e1s bloques de funciones y comunicaciones m\u00e1s r\u00e1pidas  M\u00e1s lazos de control en un solo instrumento, con una precisi\u00f3n de entrada mejorada  Tarjeta de Entrada de Termopar mejorada (ET8) con +\/- 0,25 \u00baC CJC de precisi\u00f3n  Redise\u00f1ado de acuerdo a las mejores pr\u00e1cticas de IIoT y ciberseguridad para respaldar las estrategias de \u00abdefensa en profundidad  https:\/\/youtu.be\/-lxPCssU-j0\" \/>\n<meta property=\"og:url\" content=\"https:\/\/www.eurotherm.com\/es\/products\/controladores-pid\/multilazo\/mini8-loop-controller\/\" \/>\n<meta property=\"og:site_name\" content=\"Eurotherm Limited\" \/>\n<meta property=\"article:modified_time\" content=\"2023-12-01T15:21:03+00:00\" \/>\n<meta property=\"og:image\" content=\"https:\/\/www.eurotherm.com\/wp-content\/uploads\/2018\/10\/MBUSCLIENT-crop.jpg\" \/>\n\t<meta property=\"og:image:width\" content=\"446\" \/>\n\t<meta property=\"og:image:height\" content=\"445\" \/>\n\t<meta property=\"og:image:type\" content=\"image\/jpeg\" \/>\n<meta name=\"twitter:card\" content=\"summary_large_image\" \/>\n<meta name=\"twitter:label1\" content=\"Tiempo de lectura\" \/>\n\t<meta name=\"twitter:data1\" content=\"1 minuto\" \/>\n<script type=\"application\/ld+json\" class=\"yoast-schema-graph\">{\"@context\":\"https:\\\/\\\/schema.org\",\"@graph\":[{\"@type\":\"WebPage\",\"@id\":\"https:\\\/\\\/www.eurotherm.com\\\/es\\\/products\\\/controladores-pid\\\/multilazo\\\/mini8-loop-controller\\\/\",\"url\":\"https:\\\/\\\/www.eurotherm.com\\\/es\\\/products\\\/controladores-pid\\\/multilazo\\\/mini8-loop-controller\\\/\",\"name\":\"Controlador Mini8\u00ae | Eurotherm Limited\",\"isPartOf\":{\"@id\":\"https:\\\/\\\/www.eurotherm.com\\\/es\\\/#website\"},\"primaryImageOfPage\":{\"@id\":\"https:\\\/\\\/www.eurotherm.com\\\/es\\\/products\\\/controladores-pid\\\/multilazo\\\/mini8-loop-controller\\\/#primaryimage\"},\"image\":{\"@id\":\"https:\\\/\\\/www.eurotherm.com\\\/es\\\/products\\\/controladores-pid\\\/multilazo\\\/mini8-loop-controller\\\/#primaryimage\"},\"thumbnailUrl\":\"https:\\\/\\\/www.eurotherm.com\\\/wp-content\\\/uploads\\\/2018\\\/10\\\/MBUSCLIENT-crop.jpg\",\"datePublished\":\"2018-10-15T08:52:25+00:00\",\"dateModified\":\"2023-12-01T15:21:03+00:00\",\"description\":\"Controlador Mini8\u00ae | El controlador Mini8 ofrece un control de alto rendimiento que normalmente solo puede encontrarse en los controladores PID con instalaci\u00f3n en panel de Eurotherm. Adem\u00e1s, es un dispositivo de recogida de datos muy compacto y competitivo. Su dise\u00f1o modular permite seleccionar sus prestaciones y E\\\/S para cubrir una amplia gama de aplicaciones, desde las m\u00e1s simples hasta las m\u00e1s complejas. Ahora con: M\u00e1s potencia de procesamiento, m\u00e1s bloques de funciones y comunicaciones m\u00e1s r\u00e1pidas M\u00e1s lazos de control en un solo instrumento, con una precisi\u00f3n de entrada mejorada Tarjeta de Entrada de Termopar mejorada (ET8) con +\\\/- 0,25 \u00baC CJC de precisi\u00f3n Redise\u00f1ado de acuerdo a las mejores pr\u00e1cticas de IIoT y ciberseguridad para respaldar las estrategias de \u00abdefensa en profundidad https:\\\/\\\/youtu.be\\\/-lxPCssU-j0\",\"breadcrumb\":{\"@id\":\"https:\\\/\\\/www.eurotherm.com\\\/es\\\/products\\\/controladores-pid\\\/multilazo\\\/mini8-loop-controller\\\/#breadcrumb\"},\"inLanguage\":\"es\",\"potentialAction\":[{\"@type\":\"ReadAction\",\"target\":[\"https:\\\/\\\/www.eurotherm.com\\\/es\\\/products\\\/controladores-pid\\\/multilazo\\\/mini8-loop-controller\\\/\"]}]},{\"@type\":\"ImageObject\",\"inLanguage\":\"es\",\"@id\":\"https:\\\/\\\/www.eurotherm.com\\\/es\\\/products\\\/controladores-pid\\\/multilazo\\\/mini8-loop-controller\\\/#primaryimage\",\"url\":\"https:\\\/\\\/www.eurotherm.com\\\/wp-content\\\/uploads\\\/2018\\\/10\\\/MBUSCLIENT-crop.jpg\",\"contentUrl\":\"https:\\\/\\\/www.eurotherm.com\\\/wp-content\\\/uploads\\\/2018\\\/10\\\/MBUSCLIENT-crop.jpg\",\"width\":446,\"height\":445},{\"@type\":\"BreadcrumbList\",\"@id\":\"https:\\\/\\\/www.eurotherm.com\\\/es\\\/products\\\/controladores-pid\\\/multilazo\\\/mini8-loop-controller\\\/#breadcrumb\",\"itemListElement\":[{\"@type\":\"ListItem\",\"position\":1,\"name\":\"Home\",\"item\":\"https:\\\/\\\/www.eurotherm.com\\\/es\\\/\"},{\"@type\":\"ListItem\",\"position\":2,\"name\":\"Product Catalogue\",\"item\":\"https:\\\/\\\/www.eurotherm.com\\\/es\\\/product-catalogue\\\/\"},{\"@type\":\"ListItem\",\"position\":3,\"name\":\"Controladores PID\",\"item\":\"https:\\\/\\\/www.eurotherm.com\\\/es\\\/eurotherm-products\\\/controladores-pid\\\/\"},{\"@type\":\"ListItem\",\"position\":4,\"name\":\"Multilazo\",\"item\":\"https:\\\/\\\/www.eurotherm.com\\\/es\\\/eurotherm-products\\\/controladores-pid\\\/multilazo\\\/\"},{\"@type\":\"ListItem\",\"position\":5,\"name\":\"Controlador Mini8\u00ae\"}]},{\"@type\":\"WebSite\",\"@id\":\"https:\\\/\\\/www.eurotherm.com\\\/es\\\/#website\",\"url\":\"https:\\\/\\\/www.eurotherm.com\\\/es\\\/\",\"name\":\"Eurotherm Limited\",\"description\":\"Temperature Control, Process Control, Measurement and Data Recording Solutions\",\"potentialAction\":[{\"@type\":\"SearchAction\",\"target\":{\"@type\":\"EntryPoint\",\"urlTemplate\":\"https:\\\/\\\/www.eurotherm.com\\\/es\\\/?s={search_term_string}\"},\"query-input\":{\"@type\":\"PropertyValueSpecification\",\"valueRequired\":true,\"valueName\":\"search_term_string\"}}],\"inLanguage\":\"es\"}]}<\/script>\n<!-- \/ Yoast SEO plugin. -->","yoast_head_json":{"title":"Controlador Mini8\u00ae | Eurotherm Limited","description":"Controlador Mini8\u00ae | El controlador Mini8 es el compa\u00f1ero id\u00f3neo de un controlador l\u00f3gico programable (PLC). Admite comunicaciones multipunto Modbus serie o Eth","robots":{"index":"index","follow":"follow","max-snippet":"max-snippet:-1","max-image-preview":"max-image-preview:large","max-video-preview":"max-video-preview:-1"},"og_locale":"es_ES","og_type":"article","og_title":"Controlador Mini8\u00ae | Eurotherm Limited","og_description":"Controlador Mini8\u00ae | El controlador Mini8 ofrece un control de alto rendimiento que normalmente solo puede encontrarse en los controladores PID con instalaci\u00f3n en panel de Eurotherm. Adem\u00e1s, es un dispositivo de recogida de datos muy compacto y competitivo. Su dise\u00f1o modular permite seleccionar sus prestaciones y E\/S para cubrir una amplia gama de aplicaciones, desde las m\u00e1s simples hasta las m\u00e1s complejas.  Ahora con:   M\u00e1s potencia de procesamiento, m\u00e1s bloques de funciones y comunicaciones m\u00e1s r\u00e1pidas  M\u00e1s lazos de control en un solo instrumento, con una precisi\u00f3n de entrada mejorada  Tarjeta de Entrada de Termopar mejorada (ET8) con +\/- 0,25 \u00baC CJC de precisi\u00f3n  Redise\u00f1ado de acuerdo a las mejores pr\u00e1cticas de IIoT y ciberseguridad para respaldar las estrategias de \u00abdefensa en profundidad  https:\/\/youtu.be\/-lxPCssU-j0","og_url":"https:\/\/www.eurotherm.com\/es\/products\/controladores-pid\/multilazo\/mini8-loop-controller\/","og_site_name":"Eurotherm Limited","article_modified_time":"2023-12-01T15:21:03+00:00","og_image":[{"width":446,"height":445,"url":"https:\/\/www.eurotherm.com\/wp-content\/uploads\/2018\/10\/MBUSCLIENT-crop.jpg","type":"image\/jpeg"}],"twitter_card":"summary_large_image","twitter_misc":{"Tiempo de lectura":"1 minuto"},"schema":{"@context":"https:\/\/schema.org","@graph":[{"@type":"WebPage","@id":"https:\/\/www.eurotherm.com\/es\/products\/controladores-pid\/multilazo\/mini8-loop-controller\/","url":"https:\/\/www.eurotherm.com\/es\/products\/controladores-pid\/multilazo\/mini8-loop-controller\/","name":"Controlador Mini8\u00ae | Eurotherm Limited","isPartOf":{"@id":"https:\/\/www.eurotherm.com\/es\/#website"},"primaryImageOfPage":{"@id":"https:\/\/www.eurotherm.com\/es\/products\/controladores-pid\/multilazo\/mini8-loop-controller\/#primaryimage"},"image":{"@id":"https:\/\/www.eurotherm.com\/es\/products\/controladores-pid\/multilazo\/mini8-loop-controller\/#primaryimage"},"thumbnailUrl":"https:\/\/www.eurotherm.com\/wp-content\/uploads\/2018\/10\/MBUSCLIENT-crop.jpg","datePublished":"2018-10-15T08:52:25+00:00","dateModified":"2023-12-01T15:21:03+00:00","description":"Controlador Mini8\u00ae | El controlador Mini8 ofrece un control de alto rendimiento que normalmente solo puede encontrarse en los controladores PID con instalaci\u00f3n en panel de Eurotherm. Adem\u00e1s, es un dispositivo de recogida de datos muy compacto y competitivo. Su dise\u00f1o modular permite seleccionar sus prestaciones y E\/S para cubrir una amplia gama de aplicaciones, desde las m\u00e1s simples hasta las m\u00e1s complejas. Ahora con: M\u00e1s potencia de procesamiento, m\u00e1s bloques de funciones y comunicaciones m\u00e1s r\u00e1pidas M\u00e1s lazos de control en un solo instrumento, con una precisi\u00f3n de entrada mejorada Tarjeta de Entrada de Termopar mejorada (ET8) con +\/- 0,25 \u00baC CJC de precisi\u00f3n Redise\u00f1ado de acuerdo a las mejores pr\u00e1cticas de IIoT y ciberseguridad para respaldar las estrategias de \u00abdefensa en profundidad https:\/\/youtu.be\/-lxPCssU-j0","breadcrumb":{"@id":"https:\/\/www.eurotherm.com\/es\/products\/controladores-pid\/multilazo\/mini8-loop-controller\/#breadcrumb"},"inLanguage":"es","potentialAction":[{"@type":"ReadAction","target":["https:\/\/www.eurotherm.com\/es\/products\/controladores-pid\/multilazo\/mini8-loop-controller\/"]}]},{"@type":"ImageObject","inLanguage":"es","@id":"https:\/\/www.eurotherm.com\/es\/products\/controladores-pid\/multilazo\/mini8-loop-controller\/#primaryimage","url":"https:\/\/www.eurotherm.com\/wp-content\/uploads\/2018\/10\/MBUSCLIENT-crop.jpg","contentUrl":"https:\/\/www.eurotherm.com\/wp-content\/uploads\/2018\/10\/MBUSCLIENT-crop.jpg","width":446,"height":445},{"@type":"BreadcrumbList","@id":"https:\/\/www.eurotherm.com\/es\/products\/controladores-pid\/multilazo\/mini8-loop-controller\/#breadcrumb","itemListElement":[{"@type":"ListItem","position":1,"name":"Home","item":"https:\/\/www.eurotherm.com\/es\/"},{"@type":"ListItem","position":2,"name":"Product Catalogue","item":"https:\/\/www.eurotherm.com\/es\/product-catalogue\/"},{"@type":"ListItem","position":3,"name":"Controladores PID","item":"https:\/\/www.eurotherm.com\/es\/eurotherm-products\/controladores-pid\/"},{"@type":"ListItem","position":4,"name":"Multilazo","item":"https:\/\/www.eurotherm.com\/es\/eurotherm-products\/controladores-pid\/multilazo\/"},{"@type":"ListItem","position":5,"name":"Controlador Mini8\u00ae"}]},{"@type":"WebSite","@id":"https:\/\/www.eurotherm.com\/es\/#website","url":"https:\/\/www.eurotherm.com\/es\/","name":"Eurotherm Limited","description":"Temperature Control, Process Control, Measurement and Data Recording Solutions","potentialAction":[{"@type":"SearchAction","target":{"@type":"EntryPoint","urlTemplate":"https:\/\/www.eurotherm.com\/es\/?s={search_term_string}"},"query-input":{"@type":"PropertyValueSpecification","valueRequired":true,"valueName":"search_term_string"}}],"inLanguage":"es"}]}},"ACF":{"product_file":[133573,132091,132963,132092,93702,27454,27598,28509,28374,28373,28383,29183,28376,28391,28377,28380,28378,28379,28385,29332,27905,28381,28390,28371,28372,28389,28382,28386,28369,28384,28388,27904,27909,27906,27908,28387,29168,80144,80171,80778,89080,105978,86685,119786,120201,124913,124926,131816,137178,139337,139336,139335,149984,150229,149222],"product_status":"Active Product","enable_watlow_configurator":true,"watlow_product_type":"Single","watlow_configurator_link":"https:\/\/www.watlow.com\/Products\/Controllers\/Eurotherm\/Mini8-Loop-Controller?econfig=123"},"jetpack_sharing_enabled":true,"_links":{"self":[{"href":"https:\/\/www.eurotherm.com\/es\/wp-json\/wp\/v2\/product\/20998","targetHints":{"allow":["GET"]}}],"collection":[{"href":"https:\/\/www.eurotherm.com\/es\/wp-json\/wp\/v2\/product"}],"about":[{"href":"https:\/\/www.eurotherm.com\/es\/wp-json\/wp\/v2\/types\/product"}],"wp:featuredmedia":[{"embeddable":true,"href":"https:\/\/www.eurotherm.com\/es\/wp-json\/wp\/v2\/media\/140179"}],"wp:attachment":[{"href":"https:\/\/www.eurotherm.com\/es\/wp-json\/wp\/v2\/media?parent=20998"}],"wp:term":[{"taxonomy":"product_brand","embeddable":true,"href":"https:\/\/www.eurotherm.com\/es\/wp-json\/wp\/v2\/product_brand?post=20998"},{"taxonomy":"product_cat","embeddable":true,"href":"https:\/\/www.eurotherm.com\/es\/wp-json\/wp\/v2\/product_cat?post=20998"},{"taxonomy":"product_tag","embeddable":true,"href":"https:\/\/www.eurotherm.com\/es\/wp-json\/wp\/v2\/product_tag?post=20998"}],"curies":[{"name":"wp","href":"https:\/\/api.w.org\/{rel}","templated":true}]}}