{"id":20996,"date":"2018-10-15T08:53:21","date_gmt":"2018-10-16T10:00:33","guid":{"rendered":"https:\/\/www.eurotherm.com\/product\/controlador-de-temperatura-rfs-para-rail-din\/"},"modified":"2018-10-16T10:00:41","modified_gmt":"2018-10-16T10:00:41","slug":"controlador-de-temperatura-rfs-para-rail-din","status":"publish","type":"product","link":"https:\/\/www.eurotherm.com\/es\/products\/discontinued-eurotherm-products-es\/controlador-de-temperatura-rfs-para-rail-din\/","title":{"rendered":"Controlador de temperatura RFS para ra\u00edl DIN"},"content":{"rendered":"<p>Controlador de temperatura RFS para ra\u00edl DIN<\/p>\n<p>Dise\u00f1ado para ofrecer un rendimiento de control excepcional en un compacto paquete para ra\u00edl DIN, el RFS ofrece una soluci\u00f3n completa para una amplia variedad de aplicaciones, como producci\u00f3n de pl\u00e1sticos, maquinaria de envasado y aplicaciones de proceso alimentario que requieren un preciso control de calor\/fr\u00edo y alarmas de protecci\u00f3n del proceso.<\/p>\n","protected":false},"excerpt":{"rendered":"<p>Controlador de temperatura RFS para ra\u00edl DIN Dise\u00f1ado para ofrecer un rendimiento de control excepcional en un compacto paquete para [&hellip;]<\/p>\n","protected":false},"featured_media":16051,"template":"","meta":{"_acf_changed":false},"product_brand":[],"product_cat":[15421],"product_tag":[],"class_list":{"0":"post-20996","1":"product","2":"type-product","3":"status-publish","4":"has-post-thumbnail","6":"product_cat-discontinued-eurotherm-products-es","7":"product_shipping_class-1-es","9":"first","10":"instock","11":"purchasable","12":"product-type-simple"},"acf":[],"yoast_head":"<!-- This site is optimized with the Yoast SEO plugin v27.2 - https:\/\/yoast.com\/product\/yoast-seo-wordpress\/ -->\n<title>Controlador de temperatura RFS para ra\u00edl DIN | Eurotherm Limited<\/title>\n<meta name=\"description\" content=\"Controlador de temperatura RFS para ra\u00edl DIN | Controlador de temperatura RFS para ra\u00edl DIN Dise\u00f1ado para ofrecer un rendimiento de control excepcional en un c\" \/>\n<meta name=\"robots\" content=\"index, follow, max-snippet:-1, max-image-preview:large, max-video-preview:-1\" \/>\n<meta property=\"og:locale\" content=\"es_ES\" \/>\n<meta property=\"og:type\" content=\"article\" \/>\n<meta property=\"og:title\" content=\"Controlador de temperatura RFS para ra\u00edl DIN | Eurotherm Limited\" \/>\n<meta property=\"og:description\" content=\"Controlador de temperatura RFS para ra\u00edl DIN | Controlador de temperatura RFS para ra\u00edl DIN Dise\u00f1ado para ofrecer un rendimiento de control excepcional en un compacto paquete para ra\u00edl DIN, el RFS\" \/>\n<meta property=\"og:url\" content=\"https:\/\/www.eurotherm.com\/es\/products\/discontinued-eurotherm-products-es\/controlador-de-temperatura-rfs-para-rail-din\/\" \/>\n<meta property=\"og:site_name\" content=\"Eurotherm Limited\" \/>\n<meta property=\"article:modified_time\" content=\"2018-10-16T10:00:41+00:00\" \/>\n<meta property=\"og:image\" content=\"https:\/\/www.eurotherm.com\/wp-content\/uploads\/2018\/10\/RFS-Din.jpg\" \/>\n\t<meta property=\"og:image:width\" content=\"750\" \/>\n\t<meta property=\"og:image:height\" content=\"750\" \/>\n\t<meta property=\"og:image:type\" content=\"image\/jpeg\" \/>\n<meta name=\"twitter:card\" content=\"summary_large_image\" \/>\n<script type=\"application\/ld+json\" class=\"yoast-schema-graph\">{\"@context\":\"https:\/\/schema.org\",\"@graph\":[{\"@type\":\"WebPage\",\"@id\":\"https:\/\/www.eurotherm.com\/es\/products\/discontinued-eurotherm-products-es\/controlador-de-temperatura-rfs-para-rail-din\/\",\"url\":\"https:\/\/www.eurotherm.com\/es\/products\/discontinued-eurotherm-products-es\/controlador-de-temperatura-rfs-para-rail-din\/\",\"name\":\"Controlador de temperatura RFS para ra\u00edl DIN | Eurotherm Limited\",\"isPartOf\":{\"@id\":\"https:\/\/www.eurotherm.com\/es\/#website\"},\"primaryImageOfPage\":{\"@id\":\"https:\/\/www.eurotherm.com\/es\/products\/discontinued-eurotherm-products-es\/controlador-de-temperatura-rfs-para-rail-din\/#primaryimage\"},\"image\":{\"@id\":\"https:\/\/www.eurotherm.com\/es\/products\/discontinued-eurotherm-products-es\/controlador-de-temperatura-rfs-para-rail-din\/#primaryimage\"},\"thumbnailUrl\":\"https:\/\/www.eurotherm.com\/wp-content\/uploads\/2018\/10\/RFS-Din.jpg\",\"datePublished\":\"2018-10-16T10:00:33+00:00\",\"dateModified\":\"2018-10-16T10:00:41+00:00\",\"description\":\"Controlador de temperatura RFS para ra\u00edl DIN | Controlador de temperatura RFS para ra\u00edl DIN Dise\u00f1ado para ofrecer un rendimiento de control excepcional en un compacto paquete para ra\u00edl DIN, el RFS\",\"breadcrumb\":{\"@id\":\"https:\/\/www.eurotherm.com\/es\/products\/discontinued-eurotherm-products-es\/controlador-de-temperatura-rfs-para-rail-din\/#breadcrumb\"},\"inLanguage\":\"es\",\"potentialAction\":[{\"@type\":\"ReadAction\",\"target\":[\"https:\/\/www.eurotherm.com\/es\/products\/discontinued-eurotherm-products-es\/controlador-de-temperatura-rfs-para-rail-din\/\"]}]},{\"@type\":\"ImageObject\",\"inLanguage\":\"es\",\"@id\":\"https:\/\/www.eurotherm.com\/es\/products\/discontinued-eurotherm-products-es\/controlador-de-temperatura-rfs-para-rail-din\/#primaryimage\",\"url\":\"https:\/\/www.eurotherm.com\/wp-content\/uploads\/2018\/10\/RFS-Din.jpg\",\"contentUrl\":\"https:\/\/www.eurotherm.com\/wp-content\/uploads\/2018\/10\/RFS-Din.jpg\",\"width\":750,\"height\":750},{\"@type\":\"BreadcrumbList\",\"@id\":\"https:\/\/www.eurotherm.com\/es\/products\/discontinued-eurotherm-products-es\/controlador-de-temperatura-rfs-para-rail-din\/#breadcrumb\",\"itemListElement\":[{\"@type\":\"ListItem\",\"position\":1,\"name\":\"Home\",\"item\":\"https:\/\/www.eurotherm.com\/es\/\"},{\"@type\":\"ListItem\",\"position\":2,\"name\":\"Product Catalogue\",\"item\":\"https:\/\/www.eurotherm.com\/es\/product-catalogue\/\"},{\"@type\":\"ListItem\",\"position\":3,\"name\":\"ERO Electronic\",\"item\":\"https:\/\/www.eurotherm.com\/es\/eurotherm-products\/ero-electronic-es\/\"},{\"@type\":\"ListItem\",\"position\":4,\"name\":\"Compact Basic Control\",\"item\":\"https:\/\/www.eurotherm.com\/es\/eurotherm-products\/compact-basic-control-es\/\"},{\"@type\":\"ListItem\",\"position\":5,\"name\":\"Controlador de temperatura RFS para ra\u00edl DIN\"}]},{\"@type\":\"WebSite\",\"@id\":\"https:\/\/www.eurotherm.com\/es\/#website\",\"url\":\"https:\/\/www.eurotherm.com\/es\/\",\"name\":\"Eurotherm Limited\",\"description\":\"Temperature Control, Process Control, Measurement and Data Recording Solutions\",\"potentialAction\":[{\"@type\":\"SearchAction\",\"target\":{\"@type\":\"EntryPoint\",\"urlTemplate\":\"https:\/\/www.eurotherm.com\/es\/?s={search_term_string}\"},\"query-input\":{\"@type\":\"PropertyValueSpecification\",\"valueRequired\":true,\"valueName\":\"search_term_string\"}}],\"inLanguage\":\"es\"}]}<\/script>\n<!-- \/ Yoast SEO plugin. -->","yoast_head_json":{"title":"Controlador de temperatura RFS para ra\u00edl DIN | Eurotherm Limited","description":"Controlador de temperatura RFS para ra\u00edl DIN | Controlador de temperatura RFS para ra\u00edl DIN Dise\u00f1ado para ofrecer un rendimiento de control excepcional en un c","robots":{"index":"index","follow":"follow","max-snippet":"max-snippet:-1","max-image-preview":"max-image-preview:large","max-video-preview":"max-video-preview:-1"},"og_locale":"es_ES","og_type":"article","og_title":"Controlador de temperatura RFS para ra\u00edl DIN | Eurotherm Limited","og_description":"Controlador de temperatura RFS para ra\u00edl DIN | Controlador de temperatura RFS para ra\u00edl DIN Dise\u00f1ado para ofrecer un rendimiento de control excepcional en un compacto paquete para ra\u00edl DIN, el RFS","og_url":"https:\/\/www.eurotherm.com\/es\/products\/discontinued-eurotherm-products-es\/controlador-de-temperatura-rfs-para-rail-din\/","og_site_name":"Eurotherm Limited","article_modified_time":"2018-10-16T10:00:41+00:00","og_image":[{"width":750,"height":750,"url":"https:\/\/www.eurotherm.com\/wp-content\/uploads\/2018\/10\/RFS-Din.jpg","type":"image\/jpeg"}],"twitter_card":"summary_large_image","schema":{"@context":"https:\/\/schema.org","@graph":[{"@type":"WebPage","@id":"https:\/\/www.eurotherm.com\/es\/products\/discontinued-eurotherm-products-es\/controlador-de-temperatura-rfs-para-rail-din\/","url":"https:\/\/www.eurotherm.com\/es\/products\/discontinued-eurotherm-products-es\/controlador-de-temperatura-rfs-para-rail-din\/","name":"Controlador de temperatura RFS para ra\u00edl DIN | Eurotherm Limited","isPartOf":{"@id":"https:\/\/www.eurotherm.com\/es\/#website"},"primaryImageOfPage":{"@id":"https:\/\/www.eurotherm.com\/es\/products\/discontinued-eurotherm-products-es\/controlador-de-temperatura-rfs-para-rail-din\/#primaryimage"},"image":{"@id":"https:\/\/www.eurotherm.com\/es\/products\/discontinued-eurotherm-products-es\/controlador-de-temperatura-rfs-para-rail-din\/#primaryimage"},"thumbnailUrl":"https:\/\/www.eurotherm.com\/wp-content\/uploads\/2018\/10\/RFS-Din.jpg","datePublished":"2018-10-16T10:00:33+00:00","dateModified":"2018-10-16T10:00:41+00:00","description":"Controlador de temperatura RFS para ra\u00edl DIN | Controlador de temperatura RFS para ra\u00edl DIN Dise\u00f1ado para ofrecer un rendimiento de control excepcional en un compacto paquete para ra\u00edl DIN, el RFS","breadcrumb":{"@id":"https:\/\/www.eurotherm.com\/es\/products\/discontinued-eurotherm-products-es\/controlador-de-temperatura-rfs-para-rail-din\/#breadcrumb"},"inLanguage":"es","potentialAction":[{"@type":"ReadAction","target":["https:\/\/www.eurotherm.com\/es\/products\/discontinued-eurotherm-products-es\/controlador-de-temperatura-rfs-para-rail-din\/"]}]},{"@type":"ImageObject","inLanguage":"es","@id":"https:\/\/www.eurotherm.com\/es\/products\/discontinued-eurotherm-products-es\/controlador-de-temperatura-rfs-para-rail-din\/#primaryimage","url":"https:\/\/www.eurotherm.com\/wp-content\/uploads\/2018\/10\/RFS-Din.jpg","contentUrl":"https:\/\/www.eurotherm.com\/wp-content\/uploads\/2018\/10\/RFS-Din.jpg","width":750,"height":750},{"@type":"BreadcrumbList","@id":"https:\/\/www.eurotherm.com\/es\/products\/discontinued-eurotherm-products-es\/controlador-de-temperatura-rfs-para-rail-din\/#breadcrumb","itemListElement":[{"@type":"ListItem","position":1,"name":"Home","item":"https:\/\/www.eurotherm.com\/es\/"},{"@type":"ListItem","position":2,"name":"Product Catalogue","item":"https:\/\/www.eurotherm.com\/es\/product-catalogue\/"},{"@type":"ListItem","position":3,"name":"ERO Electronic","item":"https:\/\/www.eurotherm.com\/es\/eurotherm-products\/ero-electronic-es\/"},{"@type":"ListItem","position":4,"name":"Compact Basic Control","item":"https:\/\/www.eurotherm.com\/es\/eurotherm-products\/compact-basic-control-es\/"},{"@type":"ListItem","position":5,"name":"Controlador de temperatura RFS para ra\u00edl DIN"}]},{"@type":"WebSite","@id":"https:\/\/www.eurotherm.com\/es\/#website","url":"https:\/\/www.eurotherm.com\/es\/","name":"Eurotherm Limited","description":"Temperature Control, Process Control, Measurement and Data Recording Solutions","potentialAction":[{"@type":"SearchAction","target":{"@type":"EntryPoint","urlTemplate":"https:\/\/www.eurotherm.com\/es\/?s={search_term_string}"},"query-input":{"@type":"PropertyValueSpecification","valueRequired":true,"valueName":"search_term_string"}}],"inLanguage":"es"}]}},"ACF":{"product_file":[27454,28535,27942,27866,27943,27939,29167,27584,28581,28578,28579,28580,29378,27497,28583,26612,28582,26611,28584,28577]},"jetpack_sharing_enabled":true,"_links":{"self":[{"href":"https:\/\/www.eurotherm.com\/es\/wp-json\/wp\/v2\/product\/20996","targetHints":{"allow":["GET"]}}],"collection":[{"href":"https:\/\/www.eurotherm.com\/es\/wp-json\/wp\/v2\/product"}],"about":[{"href":"https:\/\/www.eurotherm.com\/es\/wp-json\/wp\/v2\/types\/product"}],"wp:featuredmedia":[{"embeddable":true,"href":"https:\/\/www.eurotherm.com\/es\/wp-json\/wp\/v2\/media\/16051"}],"wp:attachment":[{"href":"https:\/\/www.eurotherm.com\/es\/wp-json\/wp\/v2\/media?parent=20996"}],"wp:term":[{"taxonomy":"product_brand","embeddable":true,"href":"https:\/\/www.eurotherm.com\/es\/wp-json\/wp\/v2\/product_brand?post=20996"},{"taxonomy":"product_cat","embeddable":true,"href":"https:\/\/www.eurotherm.com\/es\/wp-json\/wp\/v2\/product_cat?post=20996"},{"taxonomy":"product_tag","embeddable":true,"href":"https:\/\/www.eurotherm.com\/es\/wp-json\/wp\/v2\/product_tag?post=20996"}],"curies":[{"name":"wp","href":"https:\/\/api.w.org\/{rel}","templated":true}]}}