{"id":20995,"date":"2018-10-15T08:50:04","date_gmt":"2018-10-16T10:00:33","guid":{"rendered":"https:\/\/www.eurotherm.com\/product\/controlador-de-potencia-trifasico-de-dos-fases-7200a\/"},"modified":"2018-11-02T10:45:23","modified_gmt":"2018-11-02T10:45:23","slug":"controlador-de-potencia-trifasico-de-dos-fases-7200a","status":"publish","type":"product","link":"https:\/\/www.eurotherm.com\/es\/products\/discontinued-eurotherm-products-es\/controlador-de-potencia-trifasico-de-dos-fases-7200a\/","title":{"rendered":"Controlador de potencia trif\u00e1sico de dos fases &#8211; 7200A"},"content":{"rendered":"<p>Unidades tiristor trif\u00e1sicas, con 2 fases controladas, para su uso con cargas resistivas o infrarrojos de onda corta. Las unidades est\u00e1n compuestas de dos canales controlados por tiristores, cada uno de ellos a la tensi\u00f3n e intensidad nominal.<\/p>\n<ul>\n<li>Rango de intensidad de 16 a 200 amperios a 45 \u00b0C<\/li>\n<li>Tensi\u00f3n hasta 500 voltios<\/li>\n<li>Se\u00f1al de entrada en corriente: 0-20 mA \u00f3 4-20 mA<\/li>\n<li>Se\u00f1al de entrada en tensi\u00f3n: 0-5 V \u00f3 0-10 V<\/li>\n<li>Modos de disparo: r\u00e1faga, ciclo simple<\/li>\n<li>Alarma de cortocircuito del tiristor<\/li>\n<li>Alarma de circuito de carga abierto<\/li>\n<li>Detecci\u00f3n de fallo de carga parcial<\/li>\n<li>Alarma de temperatura excesiva del tiristor<\/li>\n<li>Modos de disparo<\/li>\n<\/ul>\n<p>El 7200A est\u00e1 disponible con una selecci\u00f3n de modos de diaparo para ajustarse a la mayor\u00eda de aplicaciones trif\u00e1sicas con elementos resistivos en una configuraci\u00f3n de tres hilos. Es adecuado para el control de cargas resistivas con bajo coeficiente de temperatura e infrarrojos de onda corta.<\/p>\n<h3>Alarmas<\/h3>\n<p>Las alarmas opcionales pueden advertir de un cortocircuito del tiristor o de un circuito abierto de carga. Incluye fallo parcial de carga con ajuste autom\u00e1tico que permite detectar la p\u00e9rdida de una hasta cuatro cargas paralelas (diagn\u00f3stico de fallo de carga).<br \/>\nEl corte por temperatura excesiva se incluye en las unidades refrigeradas por ventilador con alarma opcional.<\/p>\n<h3>Fusible<\/h3>\n<p>Se recomienda el uso de fusibles de alta velocidad para la mayor\u00eda de las aplicaciones, excepto infrarrojos de onda corta. Dispone de fusibles con o sin microswitch.<\/p>\n","protected":false},"excerpt":{"rendered":"<h2>Controlador de potencia trif\u00e1sico de dos fases &#8211; 7200A<\/h2>\n<p><strong>IDEAL PARA:<\/strong><\/p>\n<ul>\n<li>Templado de vidrio<\/li>\n<li>Hornos de metal<\/li>\n<li>Hornos de cer\u00e1mica<\/li>\n<li>Fabricaci\u00f3n de semiconductores<\/li>\n<li>Termoformado<\/li>\n<li>Calefactores por infrarrojos de onda corta<\/li>\n<\/ul>\n","protected":false},"featured_media":7385,"template":"","meta":{"_acf_changed":false},"product_brand":[],"product_cat":[15421],"product_tag":[],"class_list":{"0":"post-20995","1":"product","2":"type-product","3":"status-publish","4":"has-post-thumbnail","6":"product_cat-discontinued-eurotherm-products-es","7":"product_shipping_class-1-es","9":"first","10":"instock","11":"purchasable","12":"product-type-simple"},"acf":[],"yoast_head":"<!-- This site is optimized with the Yoast SEO plugin v27.2 - https:\/\/yoast.com\/product\/yoast-seo-wordpress\/ -->\n<title>Controlador de potencia trif\u00e1sico de dos fases - 7200A | Eurotherm Limited<\/title>\n<meta name=\"description\" content=\"Controlador de potencia trif\u00e1sico de dos fases &#8211; 7200A | Unidades tiristor trif\u00e1sicas, con 2 fases controladas, para su uso con cargas resistivas o infrar\" \/>\n<meta name=\"robots\" content=\"index, follow, max-snippet:-1, max-image-preview:large, max-video-preview:-1\" \/>\n<meta property=\"og:locale\" content=\"es_ES\" \/>\n<meta property=\"og:type\" content=\"article\" \/>\n<meta property=\"og:title\" content=\"Controlador de potencia trif\u00e1sico de dos fases - 7200A | Eurotherm Limited\" \/>\n<meta property=\"og:description\" content=\"Controlador de potencia trif\u00e1sico de dos fases - 7200A | Controlador de potencia trif\u00e1sico de dos fases - 7200A IDEAL PARA:   Templado de vidrio  Hornos de metal  Hornos de cer\u00e1mica  Fabricaci\u00f3n de semiconductores  Termoformado  Calefactores por infrarrojos de onda corta\" \/>\n<meta property=\"og:url\" content=\"https:\/\/www.eurotherm.com\/es\/products\/discontinued-eurotherm-products-es\/controlador-de-potencia-trifasico-de-dos-fases-7200a\/\" \/>\n<meta property=\"og:site_name\" content=\"Eurotherm Limited\" \/>\n<meta property=\"article:modified_time\" content=\"2018-11-02T10:45:23+00:00\" \/>\n<meta property=\"og:image\" content=\"https:\/\/www.eurotherm.com\/wp-content\/uploads\/2018\/10\/7200A.jpg\" \/>\n\t<meta property=\"og:image:width\" content=\"500\" \/>\n\t<meta property=\"og:image:height\" content=\"500\" \/>\n\t<meta property=\"og:image:type\" content=\"image\/jpeg\" \/>\n<meta name=\"twitter:card\" content=\"summary_large_image\" \/>\n<meta name=\"twitter:label1\" content=\"Tiempo de lectura\" \/>\n\t<meta name=\"twitter:data1\" content=\"1 minuto\" \/>\n<script type=\"application\/ld+json\" class=\"yoast-schema-graph\">{\"@context\":\"https:\/\/schema.org\",\"@graph\":[{\"@type\":\"WebPage\",\"@id\":\"https:\/\/www.eurotherm.com\/es\/products\/discontinued-eurotherm-products-es\/controlador-de-potencia-trifasico-de-dos-fases-7200a\/\",\"url\":\"https:\/\/www.eurotherm.com\/es\/products\/discontinued-eurotherm-products-es\/controlador-de-potencia-trifasico-de-dos-fases-7200a\/\",\"name\":\"Controlador de potencia trif\u00e1sico de dos fases - 7200A | Eurotherm Limited\",\"isPartOf\":{\"@id\":\"https:\/\/www.eurotherm.com\/es\/#website\"},\"primaryImageOfPage\":{\"@id\":\"https:\/\/www.eurotherm.com\/es\/products\/discontinued-eurotherm-products-es\/controlador-de-potencia-trifasico-de-dos-fases-7200a\/#primaryimage\"},\"image\":{\"@id\":\"https:\/\/www.eurotherm.com\/es\/products\/discontinued-eurotherm-products-es\/controlador-de-potencia-trifasico-de-dos-fases-7200a\/#primaryimage\"},\"thumbnailUrl\":\"https:\/\/www.eurotherm.com\/wp-content\/uploads\/2018\/10\/7200A.jpg\",\"datePublished\":\"2018-10-16T10:00:33+00:00\",\"dateModified\":\"2018-11-02T10:45:23+00:00\",\"description\":\"Controlador de potencia trif\u00e1sico de dos fases - 7200A | Controlador de potencia trif\u00e1sico de dos fases - 7200A IDEAL PARA: Templado de vidrio Hornos de metal Hornos de cer\u00e1mica Fabricaci\u00f3n de semiconductores Termoformado Calefactores por infrarrojos de onda corta\",\"breadcrumb\":{\"@id\":\"https:\/\/www.eurotherm.com\/es\/products\/discontinued-eurotherm-products-es\/controlador-de-potencia-trifasico-de-dos-fases-7200a\/#breadcrumb\"},\"inLanguage\":\"es\",\"potentialAction\":[{\"@type\":\"ReadAction\",\"target\":[\"https:\/\/www.eurotherm.com\/es\/products\/discontinued-eurotherm-products-es\/controlador-de-potencia-trifasico-de-dos-fases-7200a\/\"]}]},{\"@type\":\"ImageObject\",\"inLanguage\":\"es\",\"@id\":\"https:\/\/www.eurotherm.com\/es\/products\/discontinued-eurotherm-products-es\/controlador-de-potencia-trifasico-de-dos-fases-7200a\/#primaryimage\",\"url\":\"https:\/\/www.eurotherm.com\/wp-content\/uploads\/2018\/10\/7200A.jpg\",\"contentUrl\":\"https:\/\/www.eurotherm.com\/wp-content\/uploads\/2018\/10\/7200A.jpg\",\"width\":500,\"height\":500},{\"@type\":\"BreadcrumbList\",\"@id\":\"https:\/\/www.eurotherm.com\/es\/products\/discontinued-eurotherm-products-es\/controlador-de-potencia-trifasico-de-dos-fases-7200a\/#breadcrumb\",\"itemListElement\":[{\"@type\":\"ListItem\",\"position\":1,\"name\":\"Home\",\"item\":\"https:\/\/www.eurotherm.com\/es\/\"},{\"@type\":\"ListItem\",\"position\":2,\"name\":\"Product Catalogue\",\"item\":\"https:\/\/www.eurotherm.com\/es\/product-catalogue\/\"},{\"@type\":\"ListItem\",\"position\":3,\"name\":\"Discontinued Eurotherm Products\",\"item\":\"https:\/\/www.eurotherm.com\/es\/eurotherm-products\/discontinued-eurotherm-products-es\/\"},{\"@type\":\"ListItem\",\"position\":4,\"name\":\"Controlador de potencia trif\u00e1sico de dos fases &#8211; 7200A\"}]},{\"@type\":\"WebSite\",\"@id\":\"https:\/\/www.eurotherm.com\/es\/#website\",\"url\":\"https:\/\/www.eurotherm.com\/es\/\",\"name\":\"Eurotherm Limited\",\"description\":\"Temperature Control, Process Control, Measurement and Data Recording Solutions\",\"potentialAction\":[{\"@type\":\"SearchAction\",\"target\":{\"@type\":\"EntryPoint\",\"urlTemplate\":\"https:\/\/www.eurotherm.com\/es\/?s={search_term_string}\"},\"query-input\":{\"@type\":\"PropertyValueSpecification\",\"valueRequired\":true,\"valueName\":\"search_term_string\"}}],\"inLanguage\":\"es\"}]}<\/script>\n<!-- \/ Yoast SEO plugin. -->","yoast_head_json":{"title":"Controlador de potencia trif\u00e1sico de dos fases - 7200A | Eurotherm Limited","description":"Controlador de potencia trif\u00e1sico de dos fases &#8211; 7200A | Unidades tiristor trif\u00e1sicas, con 2 fases controladas, para su uso con cargas resistivas o infrar","robots":{"index":"index","follow":"follow","max-snippet":"max-snippet:-1","max-image-preview":"max-image-preview:large","max-video-preview":"max-video-preview:-1"},"og_locale":"es_ES","og_type":"article","og_title":"Controlador de potencia trif\u00e1sico de dos fases - 7200A | Eurotherm Limited","og_description":"Controlador de potencia trif\u00e1sico de dos fases - 7200A | Controlador de potencia trif\u00e1sico de dos fases - 7200A IDEAL PARA:   Templado de vidrio  Hornos de metal  Hornos de cer\u00e1mica  Fabricaci\u00f3n de semiconductores  Termoformado  Calefactores por infrarrojos de onda corta","og_url":"https:\/\/www.eurotherm.com\/es\/products\/discontinued-eurotherm-products-es\/controlador-de-potencia-trifasico-de-dos-fases-7200a\/","og_site_name":"Eurotherm Limited","article_modified_time":"2018-11-02T10:45:23+00:00","og_image":[{"width":500,"height":500,"url":"https:\/\/www.eurotherm.com\/wp-content\/uploads\/2018\/10\/7200A.jpg","type":"image\/jpeg"}],"twitter_card":"summary_large_image","twitter_misc":{"Tiempo de lectura":"1 minuto"},"schema":{"@context":"https:\/\/schema.org","@graph":[{"@type":"WebPage","@id":"https:\/\/www.eurotherm.com\/es\/products\/discontinued-eurotherm-products-es\/controlador-de-potencia-trifasico-de-dos-fases-7200a\/","url":"https:\/\/www.eurotherm.com\/es\/products\/discontinued-eurotherm-products-es\/controlador-de-potencia-trifasico-de-dos-fases-7200a\/","name":"Controlador de potencia trif\u00e1sico de dos fases - 7200A | Eurotherm Limited","isPartOf":{"@id":"https:\/\/www.eurotherm.com\/es\/#website"},"primaryImageOfPage":{"@id":"https:\/\/www.eurotherm.com\/es\/products\/discontinued-eurotherm-products-es\/controlador-de-potencia-trifasico-de-dos-fases-7200a\/#primaryimage"},"image":{"@id":"https:\/\/www.eurotherm.com\/es\/products\/discontinued-eurotherm-products-es\/controlador-de-potencia-trifasico-de-dos-fases-7200a\/#primaryimage"},"thumbnailUrl":"https:\/\/www.eurotherm.com\/wp-content\/uploads\/2018\/10\/7200A.jpg","datePublished":"2018-10-16T10:00:33+00:00","dateModified":"2018-11-02T10:45:23+00:00","description":"Controlador de potencia trif\u00e1sico de dos fases - 7200A | Controlador de potencia trif\u00e1sico de dos fases - 7200A IDEAL PARA: Templado de vidrio Hornos de metal Hornos de cer\u00e1mica Fabricaci\u00f3n de semiconductores Termoformado Calefactores por infrarrojos de onda corta","breadcrumb":{"@id":"https:\/\/www.eurotherm.com\/es\/products\/discontinued-eurotherm-products-es\/controlador-de-potencia-trifasico-de-dos-fases-7200a\/#breadcrumb"},"inLanguage":"es","potentialAction":[{"@type":"ReadAction","target":["https:\/\/www.eurotherm.com\/es\/products\/discontinued-eurotherm-products-es\/controlador-de-potencia-trifasico-de-dos-fases-7200a\/"]}]},{"@type":"ImageObject","inLanguage":"es","@id":"https:\/\/www.eurotherm.com\/es\/products\/discontinued-eurotherm-products-es\/controlador-de-potencia-trifasico-de-dos-fases-7200a\/#primaryimage","url":"https:\/\/www.eurotherm.com\/wp-content\/uploads\/2018\/10\/7200A.jpg","contentUrl":"https:\/\/www.eurotherm.com\/wp-content\/uploads\/2018\/10\/7200A.jpg","width":500,"height":500},{"@type":"BreadcrumbList","@id":"https:\/\/www.eurotherm.com\/es\/products\/discontinued-eurotherm-products-es\/controlador-de-potencia-trifasico-de-dos-fases-7200a\/#breadcrumb","itemListElement":[{"@type":"ListItem","position":1,"name":"Home","item":"https:\/\/www.eurotherm.com\/es\/"},{"@type":"ListItem","position":2,"name":"Product Catalogue","item":"https:\/\/www.eurotherm.com\/es\/product-catalogue\/"},{"@type":"ListItem","position":3,"name":"Discontinued Eurotherm Products","item":"https:\/\/www.eurotherm.com\/es\/eurotherm-products\/discontinued-eurotherm-products-es\/"},{"@type":"ListItem","position":4,"name":"Controlador de potencia trif\u00e1sico de dos fases &#8211; 7200A"}]},{"@type":"WebSite","@id":"https:\/\/www.eurotherm.com\/es\/#website","url":"https:\/\/www.eurotherm.com\/es\/","name":"Eurotherm Limited","description":"Temperature Control, Process Control, Measurement and Data Recording Solutions","potentialAction":[{"@type":"SearchAction","target":{"@type":"EntryPoint","urlTemplate":"https:\/\/www.eurotherm.com\/es\/?s={search_term_string}"},"query-input":{"@type":"PropertyValueSpecification","valueRequired":true,"valueName":"search_term_string"}}],"inLanguage":"es"}]}},"ACF":false,"jetpack_sharing_enabled":true,"_links":{"self":[{"href":"https:\/\/www.eurotherm.com\/es\/wp-json\/wp\/v2\/product\/20995","targetHints":{"allow":["GET"]}}],"collection":[{"href":"https:\/\/www.eurotherm.com\/es\/wp-json\/wp\/v2\/product"}],"about":[{"href":"https:\/\/www.eurotherm.com\/es\/wp-json\/wp\/v2\/types\/product"}],"wp:featuredmedia":[{"embeddable":true,"href":"https:\/\/www.eurotherm.com\/es\/wp-json\/wp\/v2\/media\/7385"}],"wp:attachment":[{"href":"https:\/\/www.eurotherm.com\/es\/wp-json\/wp\/v2\/media?parent=20995"}],"wp:term":[{"taxonomy":"product_brand","embeddable":true,"href":"https:\/\/www.eurotherm.com\/es\/wp-json\/wp\/v2\/product_brand?post=20995"},{"taxonomy":"product_cat","embeddable":true,"href":"https:\/\/www.eurotherm.com\/es\/wp-json\/wp\/v2\/product_cat?post=20995"},{"taxonomy":"product_tag","embeddable":true,"href":"https:\/\/www.eurotherm.com\/es\/wp-json\/wp\/v2\/product_tag?post=20995"}],"curies":[{"name":"wp","href":"https:\/\/api.w.org\/{rel}","templated":true}]}}