{"id":20989,"date":"2018-10-15T08:47:09","date_gmt":"2018-10-16T10:00:00","guid":{"rendered":"https:\/\/www.eurotherm.com\/product\/controlador-avanzado-2704\/"},"modified":"2022-04-08T20:44:31","modified_gmt":"2022-04-08T12:44:31","slug":"controlador-avanzado-2704","status":"publish","type":"product","link":"https:\/\/www.eurotherm.com\/es\/products\/controladores-pid\/multilazo\/controlador-avanzado-2704\/","title":{"rendered":"Controlador avanzado 2704"},"content":{"rendered":"<ul>\n<li>Medici\u00f3n de alto rendimiento: el mejor control de su categor\u00eda<\/li>\n<li>E\/S flexible para satisfacer necesidades muy diversas<\/li>\n<li>Prestaciones completas: m\u00e1s que un simple controlador de temperatura<\/li>\n<li>Funciones espec\u00edficas para simplificar aplicaciones complejas<\/li>\n<li>Conexiones l\u00f3gicas gr\u00e1ficas: creatividad para dar soluciones a problemas complejos<\/li>\n<\/ul>\n<p>Su interfaz de usuario incluye una brillante pantalla de matriz de puntos, que ofrece una elevada flexibilidad y facilidad de uso. Se trata de un producto totalmente configurable que ofrece muchas prestaciones que antes solo se encontraban en controladores l\u00f3gicos programables (PLC), lo que permite implementar sistemas que integren las funciones l\u00f3gicas y de control del proceso en una m\u00e1quina para reducir la complejidad del sistema y abaratar su coste total.<\/p>\n<p>La configuraci\u00f3n se realiza a trav\u00e9s de la interfaz del panel frontal o bien mediante el software de configuraci\u00f3n iTools.<\/p>\n<h2>Entrada de proceso de alta precisi\u00f3n<\/h2>\n<p>Si no se puede medir con precisi\u00f3n, no se puede controlar con precisi\u00f3n. El 2704 ofrece la resoluci\u00f3n habitual de 0,25 \u00b5V, que hace que sea id\u00f3neo para aplicaciones como fabricaci\u00f3n semiconductores, tratamientos t\u00e9rmicos al vac\u00edo e investigaci\u00f3n. Admite los tipos de entrada de todos los termopares, al igual que Pt100 y los tipos de entrada lineal, como 0-10 V de CC y 4-20 mA. Tambi\u00e9n es posible la medici\u00f3n de Pt100 de cuatro hilos y Pt25 utilizando un m\u00f3dulo dise\u00f1ado especialmente para aplicaciones metrol\u00f3gicas de alta precisi\u00f3n.<\/p>\n<p>&nbsp;<\/p>\n<h2>Programador de puntos de consigna<\/h2>\n<ul>\n<li>Ideal para hornos atmosf\u00e9ricos o de vac\u00edo y c\u00e1maras ambientales<\/li>\n<li>60 programas<\/li>\n<li>3 puntos de perfil\/programa<\/li>\n<li>600 segmentos<\/li>\n<li>16 salidas de eventos<\/li>\n<li>Visualizaci\u00f3n de simulaci\u00f3n del programa<\/li>\n<\/ul>\n<p>Es posible almacenar 60 programas de puntos de consigna, cada uno con 16 eventos digitales. Se pueden programar un total de 600 segmentos; las funciones de espera y retenci\u00f3n y las entradas digitales ofrecen una soluci\u00f3n enormemente flexible para aplicaciones como hornos de cementaci\u00f3n y vac\u00edo, c\u00e1maras ambientales y autoclaves.<\/p>\n<p>&nbsp;<\/p>\n<h2>Comunicaciones digitales<\/h2>\n<ul>\n<li>Modbus RTU<\/li>\n<li>Ethernet Modbus\/TCP<\/li>\n<li>Profibus DP<\/li>\n<li>Comunicaciones de red Devicenet\u00ae<\/li>\n<li>EI-Bisync<\/li>\n<li>Master Modbus<\/li>\n<\/ul>\n<p>El 2704 admite dos puertos de comunicaciones esclavos. Su dise\u00f1o modular ofrece al usuario una selecci\u00f3n de protocolos de comunicaciones que facilitan su integraci\u00f3n con sistemas de supervisi\u00f3n para PC y controladores l\u00f3gicos programables.<\/p>\n<p>Las comunicaciones Master Modbus elevan considerablemente el n\u00famero de aplicaciones abiertas para el 2704. En su forma m\u00e1s sencilla, se utiliza para retransmitir un punto de consigna a una serie de controladores esclavos en un horno multizona. Como opci\u00f3n, puede integrarse con el controlador de 16 lazos Mini8 para ofrecer una interfaz de operario a distancia con funciones de programaci\u00f3n del punto de consigna.<\/p>\n<p>&nbsp;<\/p>\n<p><strong>IDEAL PARA:<\/strong><\/p>\n<ul>\n<li>Hornos atmosf\u00e9ricos<\/li>\n<li>Hornos de vac\u00edo<\/li>\n<li>Hornos de semiconductores<\/li>\n<li>Pruebas de fluencia y tensi\u00f3n<\/li>\n<li>Autoclaves<\/li>\n<li>Fermentadoras y reactores<\/li>\n<li>Presi\u00f3n de fusi\u00f3n para extrusi\u00f3n<\/li>\n<\/ul>\n<p><strong>CARACTER\u00cdSTICAS:<\/strong><\/p>\n<ul>\n<li>3 lazos PID<\/li>\n<li>Entrada de proceso ultraprecisa<\/li>\n<li>Cascada, relaci\u00f3n, anulaci\u00f3n<\/li>\n<li>Programaci\u00f3n de puntos de consigna<\/li>\n<li>Funciones matem\u00e1ticas, l\u00f3gicas y temporizadores<\/li>\n<li>Entrada de zirconia y vac\u00edo<\/li>\n<li>Calibraci\u00f3n de presi\u00f3n de fusi\u00f3n<\/li>\n<li>Control de calderas unitarias<\/li>\n<\/ul>\n","protected":false},"excerpt":{"rendered":"<p>El 2704 es un controlador de procesos estable y preciso disponible en formato de un lazo, doble o triple. Las prestaciones incluyen la programaci\u00f3n de puntos de consigna y una completa selecci\u00f3n de funciones matem\u00e1ticas y l\u00f3gicas.<\/p>\n","protected":false},"featured_media":9373,"template":"","meta":{"_acf_changed":false},"product_brand":[],"product_cat":[12389,12788],"product_tag":[],"class_list":{"0":"post-20989","1":"product","2":"type-product","3":"status-publish","4":"has-post-thumbnail","6":"industry-heat-treatment-es-2","7":"product_cat-controladores-pid","8":"product_cat-multilazo","9":"product_shipping_class-1-es","11":"first","12":"instock","13":"purchasable","14":"product-type-simple"},"acf":[],"yoast_head":"<!-- This site is optimized with the Yoast SEO plugin v27.2 - https:\/\/yoast.com\/product\/yoast-seo-wordpress\/ -->\n<title>Controlador avanzado 2704 | Eurotherm Limited<\/title>\n<meta name=\"description\" content=\"Controlador avanzado 2704 | Medici\u00f3n de alto rendimiento: el mejor control de su categor\u00eda E\/S flexible para satisfacer necesidades muy\" \/>\n<meta name=\"robots\" content=\"index, follow, max-snippet:-1, max-image-preview:large, max-video-preview:-1\" \/>\n<meta property=\"og:locale\" content=\"es_ES\" \/>\n<meta property=\"og:type\" content=\"article\" \/>\n<meta property=\"og:title\" content=\"Controlador avanzado 2704 | Eurotherm Limited\" \/>\n<meta property=\"og:description\" content=\"Controlador avanzado 2704 | El 2704 es un controlador de procesos estable y preciso disponible en formato de un lazo, doble o triple. Las prestaciones incluyen la programaci\u00f3n de puntos de consigna y una completa selecci\u00f3n de funciones matem\u00e1ticas y l\u00f3gicas.\" \/>\n<meta property=\"og:url\" content=\"https:\/\/www.eurotherm.com\/es\/products\/controladores-pid\/multilazo\/controlador-avanzado-2704\/\" \/>\n<meta property=\"og:site_name\" content=\"Eurotherm Limited\" \/>\n<meta property=\"article:modified_time\" content=\"2022-04-08T12:44:31+00:00\" \/>\n<meta property=\"og:image\" content=\"https:\/\/www.eurotherm.com\/wp-content\/uploads\/2018\/10\/2704.jpg\" \/>\n\t<meta property=\"og:image:width\" content=\"500\" \/>\n\t<meta property=\"og:image:height\" content=\"500\" \/>\n\t<meta property=\"og:image:type\" content=\"image\/jpeg\" \/>\n<meta name=\"twitter:card\" content=\"summary_large_image\" \/>\n<meta name=\"twitter:label1\" content=\"Tiempo de lectura\" \/>\n\t<meta name=\"twitter:data1\" content=\"3 minutos\" \/>\n<script type=\"application\/ld+json\" class=\"yoast-schema-graph\">{\"@context\":\"https:\/\/schema.org\",\"@graph\":[{\"@type\":\"WebPage\",\"@id\":\"https:\/\/www.eurotherm.com\/es\/products\/controladores-pid\/multilazo\/controlador-avanzado-2704\/\",\"url\":\"https:\/\/www.eurotherm.com\/es\/products\/controladores-pid\/multilazo\/controlador-avanzado-2704\/\",\"name\":\"Controlador avanzado 2704 | Eurotherm Limited\",\"isPartOf\":{\"@id\":\"https:\/\/www.eurotherm.com\/es\/#website\"},\"primaryImageOfPage\":{\"@id\":\"https:\/\/www.eurotherm.com\/es\/products\/controladores-pid\/multilazo\/controlador-avanzado-2704\/#primaryimage\"},\"image\":{\"@id\":\"https:\/\/www.eurotherm.com\/es\/products\/controladores-pid\/multilazo\/controlador-avanzado-2704\/#primaryimage\"},\"thumbnailUrl\":\"https:\/\/www.eurotherm.com\/wp-content\/uploads\/2018\/10\/2704.jpg\",\"datePublished\":\"2018-10-16T10:00:00+00:00\",\"dateModified\":\"2022-04-08T12:44:31+00:00\",\"description\":\"Controlador avanzado 2704 | El 2704 es un controlador de procesos estable y preciso disponible en formato de un lazo, doble o triple. Las prestaciones incluyen la programaci\u00f3n de puntos de consigna y una completa selecci\u00f3n de funciones matem\u00e1ticas y l\u00f3gicas.\",\"breadcrumb\":{\"@id\":\"https:\/\/www.eurotherm.com\/es\/products\/controladores-pid\/multilazo\/controlador-avanzado-2704\/#breadcrumb\"},\"inLanguage\":\"es\",\"potentialAction\":[{\"@type\":\"ReadAction\",\"target\":[\"https:\/\/www.eurotherm.com\/es\/products\/controladores-pid\/multilazo\/controlador-avanzado-2704\/\"]}]},{\"@type\":\"ImageObject\",\"inLanguage\":\"es\",\"@id\":\"https:\/\/www.eurotherm.com\/es\/products\/controladores-pid\/multilazo\/controlador-avanzado-2704\/#primaryimage\",\"url\":\"https:\/\/www.eurotherm.com\/wp-content\/uploads\/2018\/10\/2704.jpg\",\"contentUrl\":\"https:\/\/www.eurotherm.com\/wp-content\/uploads\/2018\/10\/2704.jpg\",\"width\":500,\"height\":500},{\"@type\":\"BreadcrumbList\",\"@id\":\"https:\/\/www.eurotherm.com\/es\/products\/controladores-pid\/multilazo\/controlador-avanzado-2704\/#breadcrumb\",\"itemListElement\":[{\"@type\":\"ListItem\",\"position\":1,\"name\":\"Home\",\"item\":\"https:\/\/www.eurotherm.com\/es\/\"},{\"@type\":\"ListItem\",\"position\":2,\"name\":\"Product Catalogue\",\"item\":\"https:\/\/www.eurotherm.com\/es\/product-catalogue\/\"},{\"@type\":\"ListItem\",\"position\":3,\"name\":\"Controladores PID\",\"item\":\"https:\/\/www.eurotherm.com\/es\/eurotherm-products\/controladores-pid\/\"},{\"@type\":\"ListItem\",\"position\":4,\"name\":\"Multilazo\",\"item\":\"https:\/\/www.eurotherm.com\/es\/eurotherm-products\/controladores-pid\/multilazo\/\"},{\"@type\":\"ListItem\",\"position\":5,\"name\":\"Controlador avanzado 2704\"}]},{\"@type\":\"WebSite\",\"@id\":\"https:\/\/www.eurotherm.com\/es\/#website\",\"url\":\"https:\/\/www.eurotherm.com\/es\/\",\"name\":\"Eurotherm Limited\",\"description\":\"Temperature Control, Process Control, Measurement and Data Recording Solutions\",\"potentialAction\":[{\"@type\":\"SearchAction\",\"target\":{\"@type\":\"EntryPoint\",\"urlTemplate\":\"https:\/\/www.eurotherm.com\/es\/?s={search_term_string}\"},\"query-input\":{\"@type\":\"PropertyValueSpecification\",\"valueRequired\":true,\"valueName\":\"search_term_string\"}}],\"inLanguage\":\"es\"}]}<\/script>\n<!-- \/ Yoast SEO plugin. -->","yoast_head_json":{"title":"Controlador avanzado 2704 | Eurotherm Limited","description":"Controlador avanzado 2704 | Medici\u00f3n de alto rendimiento: el mejor control de su categor\u00eda E\/S flexible para satisfacer necesidades muy","robots":{"index":"index","follow":"follow","max-snippet":"max-snippet:-1","max-image-preview":"max-image-preview:large","max-video-preview":"max-video-preview:-1"},"og_locale":"es_ES","og_type":"article","og_title":"Controlador avanzado 2704 | Eurotherm Limited","og_description":"Controlador avanzado 2704 | El 2704 es un controlador de procesos estable y preciso disponible en formato de un lazo, doble o triple. Las prestaciones incluyen la programaci\u00f3n de puntos de consigna y una completa selecci\u00f3n de funciones matem\u00e1ticas y l\u00f3gicas.","og_url":"https:\/\/www.eurotherm.com\/es\/products\/controladores-pid\/multilazo\/controlador-avanzado-2704\/","og_site_name":"Eurotherm Limited","article_modified_time":"2022-04-08T12:44:31+00:00","og_image":[{"width":500,"height":500,"url":"https:\/\/www.eurotherm.com\/wp-content\/uploads\/2018\/10\/2704.jpg","type":"image\/jpeg"}],"twitter_card":"summary_large_image","twitter_misc":{"Tiempo de lectura":"3 minutos"},"schema":{"@context":"https:\/\/schema.org","@graph":[{"@type":"WebPage","@id":"https:\/\/www.eurotherm.com\/es\/products\/controladores-pid\/multilazo\/controlador-avanzado-2704\/","url":"https:\/\/www.eurotherm.com\/es\/products\/controladores-pid\/multilazo\/controlador-avanzado-2704\/","name":"Controlador avanzado 2704 | Eurotherm Limited","isPartOf":{"@id":"https:\/\/www.eurotherm.com\/es\/#website"},"primaryImageOfPage":{"@id":"https:\/\/www.eurotherm.com\/es\/products\/controladores-pid\/multilazo\/controlador-avanzado-2704\/#primaryimage"},"image":{"@id":"https:\/\/www.eurotherm.com\/es\/products\/controladores-pid\/multilazo\/controlador-avanzado-2704\/#primaryimage"},"thumbnailUrl":"https:\/\/www.eurotherm.com\/wp-content\/uploads\/2018\/10\/2704.jpg","datePublished":"2018-10-16T10:00:00+00:00","dateModified":"2022-04-08T12:44:31+00:00","description":"Controlador avanzado 2704 | El 2704 es un controlador de procesos estable y preciso disponible en formato de un lazo, doble o triple. Las prestaciones incluyen la programaci\u00f3n de puntos de consigna y una completa selecci\u00f3n de funciones matem\u00e1ticas y l\u00f3gicas.","breadcrumb":{"@id":"https:\/\/www.eurotherm.com\/es\/products\/controladores-pid\/multilazo\/controlador-avanzado-2704\/#breadcrumb"},"inLanguage":"es","potentialAction":[{"@type":"ReadAction","target":["https:\/\/www.eurotherm.com\/es\/products\/controladores-pid\/multilazo\/controlador-avanzado-2704\/"]}]},{"@type":"ImageObject","inLanguage":"es","@id":"https:\/\/www.eurotherm.com\/es\/products\/controladores-pid\/multilazo\/controlador-avanzado-2704\/#primaryimage","url":"https:\/\/www.eurotherm.com\/wp-content\/uploads\/2018\/10\/2704.jpg","contentUrl":"https:\/\/www.eurotherm.com\/wp-content\/uploads\/2018\/10\/2704.jpg","width":500,"height":500},{"@type":"BreadcrumbList","@id":"https:\/\/www.eurotherm.com\/es\/products\/controladores-pid\/multilazo\/controlador-avanzado-2704\/#breadcrumb","itemListElement":[{"@type":"ListItem","position":1,"name":"Home","item":"https:\/\/www.eurotherm.com\/es\/"},{"@type":"ListItem","position":2,"name":"Product Catalogue","item":"https:\/\/www.eurotherm.com\/es\/product-catalogue\/"},{"@type":"ListItem","position":3,"name":"Controladores PID","item":"https:\/\/www.eurotherm.com\/es\/eurotherm-products\/controladores-pid\/"},{"@type":"ListItem","position":4,"name":"Multilazo","item":"https:\/\/www.eurotherm.com\/es\/eurotherm-products\/controladores-pid\/multilazo\/"},{"@type":"ListItem","position":5,"name":"Controlador avanzado 2704"}]},{"@type":"WebSite","@id":"https:\/\/www.eurotherm.com\/es\/#website","url":"https:\/\/www.eurotherm.com\/es\/","name":"Eurotherm Limited","description":"Temperature Control, Process Control, Measurement and Data Recording Solutions","potentialAction":[{"@type":"SearchAction","target":{"@type":"EntryPoint","urlTemplate":"https:\/\/www.eurotherm.com\/es\/?s={search_term_string}"},"query-input":{"@type":"PropertyValueSpecification","valueRequired":true,"valueName":"search_term_string"}}],"inLanguage":"es"}]}},"ACF":{"product_file":[28290,27454,28535,27946,27884,27880,27942,27866,27943,27939,28120,28970,29138,26784,27473,26800,26832,26821,26816,28343,26822,26783,26789,26790,26786,26785,26802,26778,26787,26788,26801,26826,26824,26825,26810,26815,26817,29375,26819,26820,26813,26823,26818,26814,26811,26812,26827,29322,26828,26829,26830,26806,26808,26805,26831,27497,27505,27584,28274,105978,103627,103628,133627,137169]},"jetpack_sharing_enabled":true,"_links":{"self":[{"href":"https:\/\/www.eurotherm.com\/es\/wp-json\/wp\/v2\/product\/20989","targetHints":{"allow":["GET"]}}],"collection":[{"href":"https:\/\/www.eurotherm.com\/es\/wp-json\/wp\/v2\/product"}],"about":[{"href":"https:\/\/www.eurotherm.com\/es\/wp-json\/wp\/v2\/types\/product"}],"wp:featuredmedia":[{"embeddable":true,"href":"https:\/\/www.eurotherm.com\/es\/wp-json\/wp\/v2\/media\/9373"}],"wp:attachment":[{"href":"https:\/\/www.eurotherm.com\/es\/wp-json\/wp\/v2\/media?parent=20989"}],"wp:term":[{"taxonomy":"product_brand","embeddable":true,"href":"https:\/\/www.eurotherm.com\/es\/wp-json\/wp\/v2\/product_brand?post=20989"},{"taxonomy":"product_cat","embeddable":true,"href":"https:\/\/www.eurotherm.com\/es\/wp-json\/wp\/v2\/product_cat?post=20989"},{"taxonomy":"product_tag","embeddable":true,"href":"https:\/\/www.eurotherm.com\/es\/wp-json\/wp\/v2\/product_tag?post=20989"}],"curies":[{"name":"wp","href":"https:\/\/api.w.org\/{rel}","templated":true}]}}