{"id":138878,"date":"2022-11-03T17:10:13","date_gmt":"2022-11-03T09:10:13","guid":{"rendered":"https:\/\/eurothermdev.co.uk\/products\/sin%20categor\u00eda\/din-a-mite-d\/"},"modified":"2023-01-06T23:11:48","modified_gmt":"2023-01-06T15:11:48","slug":"din-a-mite-d","status":"publish","type":"product","link":"https:\/\/www.eurotherm.com\/es\/products\/contol-de-potencia\/power-controllers-es\/din-a-mite-d\/","title":{"rendered":"DIN-A-MITE\u00ae D"},"content":{"rendered":"<p>El controlador de potencia del rectificador controlado por silicio (SCR) DIN-A-MITE\u00ae D proporciona un producto econ\u00f3mico y vers\u00e1til para controlar el calor en un paquete eficiente. Este controlador SCR est\u00e1 dise\u00f1ado y fabricado con las caracter\u00edsticas de calidad que se esperan de Watlow. El montaje de panel trasero coincide con el impacto del rel\u00e9 de desplazamiento de mercurio est\u00e1ndar de la industria. No es necesario preocuparse por el mercurio; el controlador DIN-A-MITE no contiene mercurio. El DIN-A-MITE estilo D es capaz de conmutar en cruz cero hasta 100 A monof\u00e1sicos, a 600VAC a 30 \u00b0C (86 \u00b0F), dependiendo del modelo seleccionado. Con dos o tres controladores juntos se puede controlar un sistema trif\u00e1sico. Est\u00e1 totalmente protegido con la protecci\u00f3n el\u00e9ctrica Touch-Safe e incluye montaje de panel trasero est\u00e1ndar, fusibles de semiconductores en placa (accesibles desde la parte delantera) y una opci\u00f3n de transformador de corriente para monitorizaci\u00f3n de corriente de carga externa. En algunos modelos est\u00e1 disponible la funci\u00f3n opcional \u201cdetector de SCR cortocircuitado\u201d. Este modelo forma parte de la lista UL\u00ae508 y tiene certificaci\u00f3n C-UL\u00ae y CE. Estas homologaciones son ideales para los fabricantes de paneles que las necesiten en sus paneles y armarios. Disponibles opciones con contactor de entrada de V CA\/V CC, control de procesos de 4-20 mA o base de tiempo variable. Todas las configuraciones dependen del n\u00famero de modelo y son seleccionables en f\u00e1brica. Este controlador de potencia tambi\u00e9n incluye 200 KA de corriente nominal de cortocircuito (SCCR) con pruebas de hasta 480 V CA para evitar un arco el\u00e9ctrico con los fusibles necesarios.<\/p>\n","protected":false},"excerpt":{"rendered":"<h5>Un controlador de potencia SCR suministra hasta 100 amperios en un paquete peque\u00f1o<\/h5>\n<p>Para obtener detalles completos del producto y una lista completa de descargas relacionadas, visite <a href=\"https:\/\/www.watlow.com\/es-es\/products\/controllers\/power-switching-devices\/din-a-mite-d-power-controller\" target=\"_blank\" rel=\"noopener\">aqu\u00ed<\/a>.<\/p>\n","protected":false},"featured_media":138858,"template":"","meta":{"_acf_changed":false},"product_brand":[],"product_cat":[12386,17718],"product_tag":[],"class_list":{"0":"post-138878","1":"product","2":"type-product","3":"status-publish","4":"has-post-thumbnail","6":"product_cat-power-controllers-es","7":"product_cat-watlow-featured-products-and-software-es","9":"first","10":"instock","11":"shipping-taxable","12":"product-type-simple"},"acf":[],"yoast_head":"<!-- This site is optimized with the Yoast SEO plugin v27.2 - https:\/\/yoast.com\/product\/yoast-seo-wordpress\/ -->\n<title>DIN-A-MITE\u00ae D | Eurotherm Limited<\/title>\n<meta name=\"description\" content=\"DIN-A-MITE\u00ae D | El controlador de potencia del rectificador controlado por silicio (SCR) DIN-A-MITE\u00ae D proporciona un producto econ\u00f3mico y vers\u00e1til para control\" \/>\n<meta name=\"robots\" content=\"noindex, nofollow\" \/>\n<meta property=\"og:locale\" content=\"es_ES\" \/>\n<meta property=\"og:type\" content=\"article\" \/>\n<meta property=\"og:title\" content=\"DIN-A-MITE\u00ae D | Eurotherm Limited\" \/>\n<meta property=\"og:description\" content=\"DIN-A-MITE\u00ae D | Un controlador de potencia SCR suministra hasta 100 amperios en un paquete peque\u00f1o Para obtener detalles completos del producto y una lista completa de descargas relacionadas, visite aqu\u00ed.\" \/>\n<meta property=\"og:url\" content=\"https:\/\/www.eurotherm.com\/es\/products\/contol-de-potencia\/power-controllers-es\/din-a-mite-d\/\" \/>\n<meta property=\"og:site_name\" content=\"Eurotherm Limited\" \/>\n<meta property=\"article:modified_time\" content=\"2023-01-06T15:11:48+00:00\" \/>\n<meta property=\"og:image\" content=\"https:\/\/www.eurotherm.com\/wp-content\/uploads\/2022\/11\/ps_din_d_480.png\" \/>\n\t<meta property=\"og:image:width\" content=\"480\" \/>\n\t<meta property=\"og:image:height\" content=\"480\" \/>\n\t<meta property=\"og:image:type\" content=\"image\/png\" \/>\n<meta name=\"twitter:card\" content=\"summary_large_image\" \/>\n<meta name=\"twitter:label1\" content=\"Tiempo de lectura\" \/>\n\t<meta name=\"twitter:data1\" content=\"2 minutos\" \/>\n<script type=\"application\/ld+json\" class=\"yoast-schema-graph\">{\"@context\":\"https:\/\/schema.org\",\"@graph\":[{\"@type\":\"WebPage\",\"@id\":\"https:\/\/www.eurotherm.com\/es\/products\/contol-de-potencia\/power-controllers-es\/din-a-mite-d\/\",\"url\":\"https:\/\/www.eurotherm.com\/es\/products\/contol-de-potencia\/power-controllers-es\/din-a-mite-d\/\",\"name\":\"DIN-A-MITE\u00ae D | Eurotherm Limited\",\"isPartOf\":{\"@id\":\"https:\/\/www.eurotherm.com\/es\/#website\"},\"primaryImageOfPage\":{\"@id\":\"https:\/\/www.eurotherm.com\/es\/products\/contol-de-potencia\/power-controllers-es\/din-a-mite-d\/#primaryimage\"},\"image\":{\"@id\":\"https:\/\/www.eurotherm.com\/es\/products\/contol-de-potencia\/power-controllers-es\/din-a-mite-d\/#primaryimage\"},\"thumbnailUrl\":\"https:\/\/www.eurotherm.com\/wp-content\/uploads\/2022\/11\/ps_din_d_480.png\",\"datePublished\":\"2022-11-03T09:10:13+00:00\",\"dateModified\":\"2023-01-06T15:11:48+00:00\",\"description\":\"DIN-A-MITE\u00ae D | Un controlador de potencia SCR suministra hasta 100 amperios en un paquete peque\u00f1o Para obtener detalles completos del producto y una lista completa de descargas relacionadas, visite aqu\u00ed.\",\"breadcrumb\":{\"@id\":\"https:\/\/www.eurotherm.com\/es\/products\/contol-de-potencia\/power-controllers-es\/din-a-mite-d\/#breadcrumb\"},\"inLanguage\":\"es\",\"potentialAction\":[{\"@type\":\"ReadAction\",\"target\":[\"https:\/\/www.eurotherm.com\/es\/products\/contol-de-potencia\/power-controllers-es\/din-a-mite-d\/\"]}]},{\"@type\":\"ImageObject\",\"inLanguage\":\"es\",\"@id\":\"https:\/\/www.eurotherm.com\/es\/products\/contol-de-potencia\/power-controllers-es\/din-a-mite-d\/#primaryimage\",\"url\":\"https:\/\/www.eurotherm.com\/wp-content\/uploads\/2022\/11\/ps_din_d_480.png\",\"contentUrl\":\"https:\/\/www.eurotherm.com\/wp-content\/uploads\/2022\/11\/ps_din_d_480.png\",\"width\":480,\"height\":480},{\"@type\":\"BreadcrumbList\",\"@id\":\"https:\/\/www.eurotherm.com\/es\/products\/contol-de-potencia\/power-controllers-es\/din-a-mite-d\/#breadcrumb\",\"itemListElement\":[{\"@type\":\"ListItem\",\"position\":1,\"name\":\"Home\",\"item\":\"https:\/\/www.eurotherm.com\/es\/\"},{\"@type\":\"ListItem\",\"position\":2,\"name\":\"Product Catalogue\",\"item\":\"https:\/\/www.eurotherm.com\/es\/product-catalogue\/\"},{\"@type\":\"ListItem\",\"position\":3,\"name\":\"Contol de Potencia\",\"item\":\"https:\/\/www.eurotherm.com\/es\/eurotherm-products\/contol-de-potencia\/\"},{\"@type\":\"ListItem\",\"position\":4,\"name\":\"Controladores de Potencia\",\"item\":\"https:\/\/www.eurotherm.com\/es\/eurotherm-products\/contol-de-potencia\/power-controllers-es\/\"},{\"@type\":\"ListItem\",\"position\":5,\"name\":\"DIN-A-MITE\u00ae D\"}]},{\"@type\":\"WebSite\",\"@id\":\"https:\/\/www.eurotherm.com\/es\/#website\",\"url\":\"https:\/\/www.eurotherm.com\/es\/\",\"name\":\"Eurotherm Limited\",\"description\":\"Temperature Control, Process Control, Measurement and Data Recording Solutions\",\"potentialAction\":[{\"@type\":\"SearchAction\",\"target\":{\"@type\":\"EntryPoint\",\"urlTemplate\":\"https:\/\/www.eurotherm.com\/es\/?s={search_term_string}\"},\"query-input\":{\"@type\":\"PropertyValueSpecification\",\"valueRequired\":true,\"valueName\":\"search_term_string\"}}],\"inLanguage\":\"es\"}]}<\/script>\n<!-- \/ Yoast SEO plugin. -->","yoast_head_json":{"title":"DIN-A-MITE\u00ae D | Eurotherm Limited","description":"DIN-A-MITE\u00ae D | El controlador de potencia del rectificador controlado por silicio (SCR) DIN-A-MITE\u00ae D proporciona un producto econ\u00f3mico y vers\u00e1til para control","robots":{"index":"noindex","follow":"nofollow"},"og_locale":"es_ES","og_type":"article","og_title":"DIN-A-MITE\u00ae D | Eurotherm Limited","og_description":"DIN-A-MITE\u00ae D | Un controlador de potencia SCR suministra hasta 100 amperios en un paquete peque\u00f1o Para obtener detalles completos del producto y una lista completa de descargas relacionadas, visite aqu\u00ed.","og_url":"https:\/\/www.eurotherm.com\/es\/products\/contol-de-potencia\/power-controllers-es\/din-a-mite-d\/","og_site_name":"Eurotherm Limited","article_modified_time":"2023-01-06T15:11:48+00:00","og_image":[{"width":480,"height":480,"url":"https:\/\/www.eurotherm.com\/wp-content\/uploads\/2022\/11\/ps_din_d_480.png","type":"image\/png"}],"twitter_card":"summary_large_image","twitter_misc":{"Tiempo de lectura":"2 minutos"},"schema":{"@context":"https:\/\/schema.org","@graph":[{"@type":"WebPage","@id":"https:\/\/www.eurotherm.com\/es\/products\/contol-de-potencia\/power-controllers-es\/din-a-mite-d\/","url":"https:\/\/www.eurotherm.com\/es\/products\/contol-de-potencia\/power-controllers-es\/din-a-mite-d\/","name":"DIN-A-MITE\u00ae D | Eurotherm Limited","isPartOf":{"@id":"https:\/\/www.eurotherm.com\/es\/#website"},"primaryImageOfPage":{"@id":"https:\/\/www.eurotherm.com\/es\/products\/contol-de-potencia\/power-controllers-es\/din-a-mite-d\/#primaryimage"},"image":{"@id":"https:\/\/www.eurotherm.com\/es\/products\/contol-de-potencia\/power-controllers-es\/din-a-mite-d\/#primaryimage"},"thumbnailUrl":"https:\/\/www.eurotherm.com\/wp-content\/uploads\/2022\/11\/ps_din_d_480.png","datePublished":"2022-11-03T09:10:13+00:00","dateModified":"2023-01-06T15:11:48+00:00","description":"DIN-A-MITE\u00ae D | Un controlador de potencia SCR suministra hasta 100 amperios en un paquete peque\u00f1o Para obtener detalles completos del producto y una lista completa de descargas relacionadas, visite aqu\u00ed.","breadcrumb":{"@id":"https:\/\/www.eurotherm.com\/es\/products\/contol-de-potencia\/power-controllers-es\/din-a-mite-d\/#breadcrumb"},"inLanguage":"es","potentialAction":[{"@type":"ReadAction","target":["https:\/\/www.eurotherm.com\/es\/products\/contol-de-potencia\/power-controllers-es\/din-a-mite-d\/"]}]},{"@type":"ImageObject","inLanguage":"es","@id":"https:\/\/www.eurotherm.com\/es\/products\/contol-de-potencia\/power-controllers-es\/din-a-mite-d\/#primaryimage","url":"https:\/\/www.eurotherm.com\/wp-content\/uploads\/2022\/11\/ps_din_d_480.png","contentUrl":"https:\/\/www.eurotherm.com\/wp-content\/uploads\/2022\/11\/ps_din_d_480.png","width":480,"height":480},{"@type":"BreadcrumbList","@id":"https:\/\/www.eurotherm.com\/es\/products\/contol-de-potencia\/power-controllers-es\/din-a-mite-d\/#breadcrumb","itemListElement":[{"@type":"ListItem","position":1,"name":"Home","item":"https:\/\/www.eurotherm.com\/es\/"},{"@type":"ListItem","position":2,"name":"Product Catalogue","item":"https:\/\/www.eurotherm.com\/es\/product-catalogue\/"},{"@type":"ListItem","position":3,"name":"Contol de Potencia","item":"https:\/\/www.eurotherm.com\/es\/eurotherm-products\/contol-de-potencia\/"},{"@type":"ListItem","position":4,"name":"Controladores de Potencia","item":"https:\/\/www.eurotherm.com\/es\/eurotherm-products\/contol-de-potencia\/power-controllers-es\/"},{"@type":"ListItem","position":5,"name":"DIN-A-MITE\u00ae D"}]},{"@type":"WebSite","@id":"https:\/\/www.eurotherm.com\/es\/#website","url":"https:\/\/www.eurotherm.com\/es\/","name":"Eurotherm Limited","description":"Temperature Control, Process Control, Measurement and Data Recording Solutions","potentialAction":[{"@type":"SearchAction","target":{"@type":"EntryPoint","urlTemplate":"https:\/\/www.eurotherm.com\/es\/?s={search_term_string}"},"query-input":{"@type":"PropertyValueSpecification","valueRequired":true,"valueName":"search_term_string"}}],"inLanguage":"es"}]}},"ACF":{"product_file":[138863,138862,138790,138791]},"jetpack_sharing_enabled":true,"_links":{"self":[{"href":"https:\/\/www.eurotherm.com\/es\/wp-json\/wp\/v2\/product\/138878","targetHints":{"allow":["GET"]}}],"collection":[{"href":"https:\/\/www.eurotherm.com\/es\/wp-json\/wp\/v2\/product"}],"about":[{"href":"https:\/\/www.eurotherm.com\/es\/wp-json\/wp\/v2\/types\/product"}],"wp:featuredmedia":[{"embeddable":true,"href":"https:\/\/www.eurotherm.com\/es\/wp-json\/wp\/v2\/media\/138858"}],"wp:attachment":[{"href":"https:\/\/www.eurotherm.com\/es\/wp-json\/wp\/v2\/media?parent=138878"}],"wp:term":[{"taxonomy":"product_brand","embeddable":true,"href":"https:\/\/www.eurotherm.com\/es\/wp-json\/wp\/v2\/product_brand?post=138878"},{"taxonomy":"product_cat","embeddable":true,"href":"https:\/\/www.eurotherm.com\/es\/wp-json\/wp\/v2\/product_cat?post=138878"},{"taxonomy":"product_tag","embeddable":true,"href":"https:\/\/www.eurotherm.com\/es\/wp-json\/wp\/v2\/product_tag?post=138878"}],"curies":[{"name":"wp","href":"https:\/\/api.w.org\/{rel}","templated":true}]}}