{"id":138519,"date":"2022-11-02T16:44:53","date_gmt":"2022-11-02T08:44:53","guid":{"rendered":"https:\/\/eurothermdev.co.uk\/products\/sin%20categor\u00eda\/composer\/"},"modified":"2023-02-07T00:21:02","modified_gmt":"2023-02-06T16:21:02","slug":"composer","status":"publish","type":"product","link":"https:\/\/www.eurotherm.com\/es\/products\/controladores-pid\/software-es\/composer\/","title":{"rendered":"COMPOSITOR\u00ae"},"content":{"rendered":"<h3>\u00daltima versi\u00f3n: 3.13.20 (marzo de 2022)<\/h3>\n<p>Para descargar el archivo de instalaci\u00f3n:<\/p>\n<ol>\n<li><a href=\"https:\/\/www.watlow.com\/-\/media\/documents\/software-and-demos\/composerv313200.ashx?la=es-es\">Descargar COMPOSER v3.13.20<\/a><\/li>\n<li>Guarde el archivo de instalaci\u00f3n en su escritorio.<\/li>\n<li>Cuando se complete la descarga, cierre el navegador y cualquier otra aplicaci\u00f3n.<\/li>\n<li>Haga doble clic en el programa de instalaci\u00f3n y siga las instrucciones de la pantalla.<\/li>\n<\/ol>\n<h3>Requisitos m\u00ednimos del sistema:<\/h3>\n<p><strong>Microprocesador:<\/strong>\u00a01 gigahercio (GHz) o m\u00e1s r\u00e1pido 32 bits o 64 bits<\/p>\n<p><strong>Memoria: RAM de\u00a0<\/strong>1 gigabyte (GB) (32 bits) o RAM de 2 GB (64 bits)<\/p>\n<p><strong>Espacio en disco:<\/strong>\u00a0250 megabytes (MB)<\/p>\n<p><strong>V\u00eddeo:\u00a0<\/strong>1280 x 720 o superior<\/p>\n<p><strong>Puerto para comunicaci\u00f3n con el controlador:<\/strong>\u00a0Ethernet para F4T o EIA-485 half d\u00faplex (2 hilos) para EZ-ZONE RM<\/p>\n<p><strong>Comunicaci\u00f3n Bluetooth\u00ae:<\/strong>\u00a0PM PLUS\u00ae y EZ-ZONE\u00ae PM requieren Windows\u00ae 10<\/p>\n<p>&nbsp;<\/p>\n<p>El uso del software COMPOSER est\u00e1 sujeto al contrato de licencia de usuario final que se muestra en el momento de la instalaci\u00f3n.<\/p>\n<h6>Microsoft\u00ae\u00a0es una marca comercial registrada de Microsoft Corporation.<\/h6>\n<h6>Windows\u00ae\u00a0es una marca comercial registrada de Microsoft Corporation.<\/h6>\n<h6>La marca denominativa y el\u00aelogotipo de Bluetooth\u00a0 son marcas comerciales registradas de Bluetooth\u00ae SIG, Inc.3<\/h6>\n<p>Para obtener detalles completos del producto y una lista completa de descargas relacionadas, visite <a href=\"https:\/\/www.watlow.com\/es-es\/products\/controllers\/software\/composer-software\" target=\"_blank\" rel=\"noopener\">aqu\u00ed<\/a>.<\/p>\n","protected":false},"excerpt":{"rendered":"<p>COMPOSER\u00ae es el nuevo software f\u00e1cil de usar de Watlow para configurar y personalizar controladores. Util\u00edcelo para optimizar los productos F4T, D4T, EZ-ZONE\u00ae RM y EZ-ZONE PM de Watlow para aplicaciones espec\u00edficas. Las vistas espec\u00edficas de tareas simplifican todos los aspectos de la puesta en marcha de nuevos controladores, como la administraci\u00f3n de entradas y salidas de m\u00f3dulos Flex enchufables, la configuraci\u00f3n de funciones como lazos de control y alarmas y la creaci\u00f3n y edici\u00f3n de perfiles. El software COMPOSER est\u00e1 disponible para su descarga <a href=\"https:\/\/www.watlow.com\/-\/media\/documents\/software-and-demos\/composerv314340.ashx?la=en\">aqu\u00ed<\/a>.<\/p>\n","protected":false},"featured_media":138115,"template":"","meta":{"_acf_changed":false},"product_brand":[],"product_cat":[12388,17718],"product_tag":[],"class_list":{"0":"post-138519","1":"product","2":"type-product","3":"status-publish","4":"has-post-thumbnail","6":"product_cat-software-es","7":"product_cat-watlow-featured-products-and-software-es","9":"first","10":"instock","11":"shipping-taxable","12":"product-type-simple"},"acf":[],"yoast_head":"<!-- This site is optimized with the Yoast SEO plugin v27.2 - https:\/\/yoast.com\/product\/yoast-seo-wordpress\/ -->\n<title>COMPOSITOR\u00ae | Eurotherm Limited<\/title>\n<meta name=\"description\" content=\"COMPOSITOR\u00ae | \u00daltima versi\u00f3n: 3.13.20 (marzo de 2022) Para descargar el archivo de instalaci\u00f3n: &lt;a href=&quot;https:\/\/www.watlow.com\/-\/media\/d\" \/>\n<meta name=\"robots\" content=\"noindex, nofollow\" \/>\n<meta property=\"og:locale\" content=\"es_ES\" \/>\n<meta property=\"og:type\" content=\"article\" \/>\n<meta property=\"og:title\" content=\"COMPOSITOR\u00ae | Eurotherm Limited\" \/>\n<meta property=\"og:description\" content=\"COMPOSITOR\u00ae | COMPOSER\u00ae es el nuevo software f\u00e1cil de usar de Watlow para configurar y personalizar controladores. Util\u00edcelo para optimizar los productos F4T, D4T, EZ-ZONE\u00ae RM y EZ-ZONE PM de Watlow para aplicaciones espec\u00edficas. Las vistas espec\u00edficas de tareas simplifican todos los aspectos de la puesta en marcha de nuevos controladores, como la administraci\u00f3n de entradas y salidas de m\u00f3dulos Flex enchufables, la configuraci\u00f3n de funciones como lazos de control y alarmas y la creaci\u00f3n y edici\u00f3n de perfiles. El software COMPOSER est\u00e1 disponible para su descarga aqu\u00ed.\" \/>\n<meta property=\"og:url\" content=\"https:\/\/www.eurotherm.com\/es\/products\/controladores-pid\/software-es\/composer\/\" \/>\n<meta property=\"og:site_name\" content=\"Eurotherm Limited\" \/>\n<meta property=\"article:modified_time\" content=\"2023-02-06T16:21:02+00:00\" \/>\n<meta property=\"og:image\" content=\"https:\/\/www.eurotherm.com\/wp-content\/uploads\/2022\/11\/composer_480.png\" \/>\n\t<meta property=\"og:image:width\" content=\"480\" \/>\n\t<meta property=\"og:image:height\" content=\"480\" \/>\n\t<meta property=\"og:image:type\" content=\"image\/png\" \/>\n<meta name=\"twitter:card\" content=\"summary_large_image\" \/>\n<meta name=\"twitter:label1\" content=\"Tiempo de lectura\" \/>\n\t<meta name=\"twitter:data1\" content=\"1 minuto\" \/>\n<script type=\"application\/ld+json\" class=\"yoast-schema-graph\">{\"@context\":\"https:\/\/schema.org\",\"@graph\":[{\"@type\":\"WebPage\",\"@id\":\"https:\/\/www.eurotherm.com\/es\/products\/controladores-pid\/software-es\/composer\/\",\"url\":\"https:\/\/www.eurotherm.com\/es\/products\/controladores-pid\/software-es\/composer\/\",\"name\":\"COMPOSITOR\u00ae | Eurotherm Limited\",\"isPartOf\":{\"@id\":\"https:\/\/www.eurotherm.com\/es\/#website\"},\"primaryImageOfPage\":{\"@id\":\"https:\/\/www.eurotherm.com\/es\/products\/controladores-pid\/software-es\/composer\/#primaryimage\"},\"image\":{\"@id\":\"https:\/\/www.eurotherm.com\/es\/products\/controladores-pid\/software-es\/composer\/#primaryimage\"},\"thumbnailUrl\":\"https:\/\/www.eurotherm.com\/wp-content\/uploads\/2022\/11\/composer_480.png\",\"datePublished\":\"2022-11-02T08:44:53+00:00\",\"dateModified\":\"2023-02-06T16:21:02+00:00\",\"description\":\"COMPOSITOR\u00ae | COMPOSER\u00ae es el nuevo software f\u00e1cil de usar de Watlow para configurar y personalizar controladores. Util\u00edcelo para optimizar los productos F4T, D4T, EZ-ZONE\u00ae RM y EZ-ZONE PM de Watlow para aplicaciones espec\u00edficas. Las vistas espec\u00edficas de tareas simplifican todos los aspectos de la puesta en marcha de nuevos controladores, como la administraci\u00f3n de entradas y salidas de m\u00f3dulos Flex enchufables, la configuraci\u00f3n de funciones como lazos de control y alarmas y la creaci\u00f3n y edici\u00f3n de perfiles. El software COMPOSER est\u00e1 disponible para su descarga aqu\u00ed.\",\"breadcrumb\":{\"@id\":\"https:\/\/www.eurotherm.com\/es\/products\/controladores-pid\/software-es\/composer\/#breadcrumb\"},\"inLanguage\":\"es\",\"potentialAction\":[{\"@type\":\"ReadAction\",\"target\":[\"https:\/\/www.eurotherm.com\/es\/products\/controladores-pid\/software-es\/composer\/\"]}]},{\"@type\":\"ImageObject\",\"inLanguage\":\"es\",\"@id\":\"https:\/\/www.eurotherm.com\/es\/products\/controladores-pid\/software-es\/composer\/#primaryimage\",\"url\":\"https:\/\/www.eurotherm.com\/wp-content\/uploads\/2022\/11\/composer_480.png\",\"contentUrl\":\"https:\/\/www.eurotherm.com\/wp-content\/uploads\/2022\/11\/composer_480.png\",\"width\":480,\"height\":480},{\"@type\":\"BreadcrumbList\",\"@id\":\"https:\/\/www.eurotherm.com\/es\/products\/controladores-pid\/software-es\/composer\/#breadcrumb\",\"itemListElement\":[{\"@type\":\"ListItem\",\"position\":1,\"name\":\"Home\",\"item\":\"https:\/\/www.eurotherm.com\/es\/\"},{\"@type\":\"ListItem\",\"position\":2,\"name\":\"Product Catalogue\",\"item\":\"https:\/\/www.eurotherm.com\/es\/product-catalogue\/\"},{\"@type\":\"ListItem\",\"position\":3,\"name\":\"Controladores PID\",\"item\":\"https:\/\/www.eurotherm.com\/es\/eurotherm-products\/controladores-pid\/\"},{\"@type\":\"ListItem\",\"position\":4,\"name\":\"Software\",\"item\":\"https:\/\/www.eurotherm.com\/es\/eurotherm-products\/controladores-pid\/software-es\/\"},{\"@type\":\"ListItem\",\"position\":5,\"name\":\"COMPOSITOR\u00ae\"}]},{\"@type\":\"WebSite\",\"@id\":\"https:\/\/www.eurotherm.com\/es\/#website\",\"url\":\"https:\/\/www.eurotherm.com\/es\/\",\"name\":\"Eurotherm Limited\",\"description\":\"Temperature Control, Process Control, Measurement and Data Recording Solutions\",\"potentialAction\":[{\"@type\":\"SearchAction\",\"target\":{\"@type\":\"EntryPoint\",\"urlTemplate\":\"https:\/\/www.eurotherm.com\/es\/?s={search_term_string}\"},\"query-input\":{\"@type\":\"PropertyValueSpecification\",\"valueRequired\":true,\"valueName\":\"search_term_string\"}}],\"inLanguage\":\"es\"}]}<\/script>\n<!-- \/ Yoast SEO plugin. -->","yoast_head_json":{"title":"COMPOSITOR\u00ae | Eurotherm Limited","description":"COMPOSITOR\u00ae | \u00daltima versi\u00f3n: 3.13.20 (marzo de 2022) Para descargar el archivo de instalaci\u00f3n: &lt;a href=&quot;https:\/\/www.watlow.com\/-\/media\/d","robots":{"index":"noindex","follow":"nofollow"},"og_locale":"es_ES","og_type":"article","og_title":"COMPOSITOR\u00ae | Eurotherm Limited","og_description":"COMPOSITOR\u00ae | COMPOSER\u00ae es el nuevo software f\u00e1cil de usar de Watlow para configurar y personalizar controladores. Util\u00edcelo para optimizar los productos F4T, D4T, EZ-ZONE\u00ae RM y EZ-ZONE PM de Watlow para aplicaciones espec\u00edficas. Las vistas espec\u00edficas de tareas simplifican todos los aspectos de la puesta en marcha de nuevos controladores, como la administraci\u00f3n de entradas y salidas de m\u00f3dulos Flex enchufables, la configuraci\u00f3n de funciones como lazos de control y alarmas y la creaci\u00f3n y edici\u00f3n de perfiles. El software COMPOSER est\u00e1 disponible para su descarga aqu\u00ed.","og_url":"https:\/\/www.eurotherm.com\/es\/products\/controladores-pid\/software-es\/composer\/","og_site_name":"Eurotherm Limited","article_modified_time":"2023-02-06T16:21:02+00:00","og_image":[{"width":480,"height":480,"url":"https:\/\/www.eurotherm.com\/wp-content\/uploads\/2022\/11\/composer_480.png","type":"image\/png"}],"twitter_card":"summary_large_image","twitter_misc":{"Tiempo de lectura":"1 minuto"},"schema":{"@context":"https:\/\/schema.org","@graph":[{"@type":"WebPage","@id":"https:\/\/www.eurotherm.com\/es\/products\/controladores-pid\/software-es\/composer\/","url":"https:\/\/www.eurotherm.com\/es\/products\/controladores-pid\/software-es\/composer\/","name":"COMPOSITOR\u00ae | Eurotherm Limited","isPartOf":{"@id":"https:\/\/www.eurotherm.com\/es\/#website"},"primaryImageOfPage":{"@id":"https:\/\/www.eurotherm.com\/es\/products\/controladores-pid\/software-es\/composer\/#primaryimage"},"image":{"@id":"https:\/\/www.eurotherm.com\/es\/products\/controladores-pid\/software-es\/composer\/#primaryimage"},"thumbnailUrl":"https:\/\/www.eurotherm.com\/wp-content\/uploads\/2022\/11\/composer_480.png","datePublished":"2022-11-02T08:44:53+00:00","dateModified":"2023-02-06T16:21:02+00:00","description":"COMPOSITOR\u00ae | COMPOSER\u00ae es el nuevo software f\u00e1cil de usar de Watlow para configurar y personalizar controladores. Util\u00edcelo para optimizar los productos F4T, D4T, EZ-ZONE\u00ae RM y EZ-ZONE PM de Watlow para aplicaciones espec\u00edficas. Las vistas espec\u00edficas de tareas simplifican todos los aspectos de la puesta en marcha de nuevos controladores, como la administraci\u00f3n de entradas y salidas de m\u00f3dulos Flex enchufables, la configuraci\u00f3n de funciones como lazos de control y alarmas y la creaci\u00f3n y edici\u00f3n de perfiles. El software COMPOSER est\u00e1 disponible para su descarga aqu\u00ed.","breadcrumb":{"@id":"https:\/\/www.eurotherm.com\/es\/products\/controladores-pid\/software-es\/composer\/#breadcrumb"},"inLanguage":"es","potentialAction":[{"@type":"ReadAction","target":["https:\/\/www.eurotherm.com\/es\/products\/controladores-pid\/software-es\/composer\/"]}]},{"@type":"ImageObject","inLanguage":"es","@id":"https:\/\/www.eurotherm.com\/es\/products\/controladores-pid\/software-es\/composer\/#primaryimage","url":"https:\/\/www.eurotherm.com\/wp-content\/uploads\/2022\/11\/composer_480.png","contentUrl":"https:\/\/www.eurotherm.com\/wp-content\/uploads\/2022\/11\/composer_480.png","width":480,"height":480},{"@type":"BreadcrumbList","@id":"https:\/\/www.eurotherm.com\/es\/products\/controladores-pid\/software-es\/composer\/#breadcrumb","itemListElement":[{"@type":"ListItem","position":1,"name":"Home","item":"https:\/\/www.eurotherm.com\/es\/"},{"@type":"ListItem","position":2,"name":"Product Catalogue","item":"https:\/\/www.eurotherm.com\/es\/product-catalogue\/"},{"@type":"ListItem","position":3,"name":"Controladores PID","item":"https:\/\/www.eurotherm.com\/es\/eurotherm-products\/controladores-pid\/"},{"@type":"ListItem","position":4,"name":"Software","item":"https:\/\/www.eurotherm.com\/es\/eurotherm-products\/controladores-pid\/software-es\/"},{"@type":"ListItem","position":5,"name":"COMPOSITOR\u00ae"}]},{"@type":"WebSite","@id":"https:\/\/www.eurotherm.com\/es\/#website","url":"https:\/\/www.eurotherm.com\/es\/","name":"Eurotherm Limited","description":"Temperature Control, Process Control, Measurement and Data Recording Solutions","potentialAction":[{"@type":"SearchAction","target":{"@type":"EntryPoint","urlTemplate":"https:\/\/www.eurotherm.com\/es\/?s={search_term_string}"},"query-input":{"@type":"PropertyValueSpecification","valueRequired":true,"valueName":"search_term_string"}}],"inLanguage":"es"}]}},"ACF":{"product_file":[138131,138132]},"jetpack_sharing_enabled":true,"_links":{"self":[{"href":"https:\/\/www.eurotherm.com\/es\/wp-json\/wp\/v2\/product\/138519","targetHints":{"allow":["GET"]}}],"collection":[{"href":"https:\/\/www.eurotherm.com\/es\/wp-json\/wp\/v2\/product"}],"about":[{"href":"https:\/\/www.eurotherm.com\/es\/wp-json\/wp\/v2\/types\/product"}],"wp:featuredmedia":[{"embeddable":true,"href":"https:\/\/www.eurotherm.com\/es\/wp-json\/wp\/v2\/media\/138115"}],"wp:attachment":[{"href":"https:\/\/www.eurotherm.com\/es\/wp-json\/wp\/v2\/media?parent=138519"}],"wp:term":[{"taxonomy":"product_brand","embeddable":true,"href":"https:\/\/www.eurotherm.com\/es\/wp-json\/wp\/v2\/product_brand?post=138519"},{"taxonomy":"product_cat","embeddable":true,"href":"https:\/\/www.eurotherm.com\/es\/wp-json\/wp\/v2\/product_cat?post=138519"},{"taxonomy":"product_tag","embeddable":true,"href":"https:\/\/www.eurotherm.com\/es\/wp-json\/wp\/v2\/product_tag?post=138519"}],"curies":[{"name":"wp","href":"https:\/\/api.w.org\/{rel}","templated":true}]}}