{"id":138508,"date":"2022-11-02T16:48:16","date_gmt":"2022-11-02T08:48:16","guid":{"rendered":"https:\/\/eurothermdev.co.uk\/products\/sin%20categor\u00eda\/pm-plus-pid-integrated-limit-controller\/"},"modified":"2025-05-28T22:39:26","modified_gmt":"2025-05-28T14:39:26","slug":"pm-plus-pid-integrated-limit-controller","status":"publish","type":"product","link":"https:\/\/www.eurotherm.com\/es\/products\/controladores-pid\/monolazo\/pm-plus-pid-integrated-limit-controller\/","title":{"rendered":"PID de PM PLUS\u2122 y controlador de l\u00edmite integrado"},"content":{"rendered":"<p>PM PLUS de Watlow, el EZ-ZONE\u00ae PM mejorado, ahora es m\u00e1s intuitivo y cuenta con una interfaz mejorada para facilitar la programaci\u00f3n y la legibilidad con un teclado SMOOTH-TOUCH , lo que crea una experiencia de usuario l\u00edder en el sector. El PM PLUS es compatible con versiones anteriores de los controladores EZ-ZONE PM anteriores, pero ofrece muchas actualizaciones de usuario, incluido un flujo de men\u00fa intuitivo que permite configurar f\u00e1cilmente el controlador. Tambi\u00e9n sigue ofreciendo la conectividad Bluetooth\u00ae l\u00edder en el sector con la aplicaci\u00f3n m\u00f3vil EZ-LINK para la capacidad de acceso remoto y descripciones completas de par\u00e1metros y c\u00f3digos de error. El PM PLUS mejora la experiencia del usuario al reducir la complejidad en la parte delantera del control, al tiempo que elimina la dependencia de los cables al configurar el producto. Al igual que el EZ-ZONE PM original, el PM PLUS se puede pedir como controlador PID o como controlador integrado con m\u00faltiples funciones combinadas en uno. Todos los modelos PM PLUS son PID multi lazo excepto el PM6 PLUS (de un solo lazo).<\/p>\n<p>Para obtener detalles completos del producto y una lista completa de descargas relacionadas, visite <a href=\"https:\/\/www.watlow.com\/es-es\/products\/controllers\/temperature-and-process-controllers\/pm-plus\" target=\"_blank\" rel=\"noopener\">aqu\u00ed<\/a>.<\/p>\n","protected":false},"excerpt":{"rendered":"<h3>PM PLUS de Watlow mejora la experiencia del usuario con una interfaz que permite una configuraci\u00f3n sencil<\/h3>\n<p>https:\/\/www.youtube.com\/watch?v=8_Chkup6L3M<\/p>\n","protected":false},"featured_media":158831,"template":"","meta":{"_acf_changed":false},"product_brand":[],"product_cat":[12788,12753,17718],"product_tag":[],"class_list":{"0":"post-138508","1":"product","2":"type-product","3":"status-publish","4":"has-post-thumbnail","6":"product_cat-multilazo","7":"product_cat-monolazo","8":"product_cat-watlow-featured-products-and-software-es","10":"first","11":"instock","12":"shipping-taxable","13":"product-type-simple"},"acf":[],"yoast_head":"<!-- This site is optimized with the Yoast SEO plugin v27.2 - https:\/\/yoast.com\/product\/yoast-seo-wordpress\/ -->\n<title>PID de PM PLUS\u2122 y controlador de l\u00edmite integrado | Eurotherm Limited<\/title>\n<meta name=\"description\" content=\"PID de PM PLUS\u2122 y controlador de l\u00edmite integrado | PM PLUS de Watlow, el EZ-ZONE\u00ae PM mejorado, ahora es m\u00e1s intuitivo y cuenta con una interfaz mejorada para f\" \/>\n<meta name=\"robots\" content=\"noindex, nofollow\" \/>\n<meta property=\"og:locale\" content=\"es_ES\" \/>\n<meta property=\"og:type\" content=\"article\" \/>\n<meta property=\"og:title\" content=\"PID de PM PLUS\u2122 y controlador de l\u00edmite integrado | Eurotherm Limited\" \/>\n<meta property=\"og:description\" content=\"PID de PM PLUS\u2122 y controlador de l\u00edmite integrado | PM PLUS de Watlow mejora la experiencia del usuario con una interfaz que permite una configuraci\u00f3n sencil https:\/\/www.youtube.com\/watch?v=8_Chkup6L3M\" \/>\n<meta property=\"og:url\" content=\"https:\/\/www.eurotherm.com\/es\/products\/controladores-pid\/monolazo\/pm-plus-pid-integrated-limit-controller\/\" \/>\n<meta property=\"og:site_name\" content=\"Eurotherm Limited\" \/>\n<meta property=\"article:modified_time\" content=\"2025-05-28T14:39:26+00:00\" \/>\n<meta property=\"og:image\" content=\"https:\/\/www.eurotherm.com\/wp-content\/uploads\/2022\/11\/PM-PLUS-4_left-face.png\" \/>\n\t<meta property=\"og:image:width\" content=\"500\" \/>\n\t<meta property=\"og:image:height\" content=\"443\" \/>\n\t<meta property=\"og:image:type\" content=\"image\/png\" \/>\n<meta name=\"twitter:card\" content=\"summary_large_image\" \/>\n<meta name=\"twitter:label1\" content=\"Tiempo de lectura\" \/>\n\t<meta name=\"twitter:data1\" content=\"2 minutos\" \/>\n<script type=\"application\/ld+json\" class=\"yoast-schema-graph\">{\"@context\":\"https:\/\/schema.org\",\"@graph\":[{\"@type\":\"WebPage\",\"@id\":\"https:\/\/www.eurotherm.com\/es\/products\/controladores-pid\/monolazo\/pm-plus-pid-integrated-limit-controller\/\",\"url\":\"https:\/\/www.eurotherm.com\/es\/products\/controladores-pid\/monolazo\/pm-plus-pid-integrated-limit-controller\/\",\"name\":\"PID de PM PLUS\u2122 y controlador de l\u00edmite integrado | Eurotherm Limited\",\"isPartOf\":{\"@id\":\"https:\/\/www.eurotherm.com\/es\/#website\"},\"primaryImageOfPage\":{\"@id\":\"https:\/\/www.eurotherm.com\/es\/products\/controladores-pid\/monolazo\/pm-plus-pid-integrated-limit-controller\/#primaryimage\"},\"image\":{\"@id\":\"https:\/\/www.eurotherm.com\/es\/products\/controladores-pid\/monolazo\/pm-plus-pid-integrated-limit-controller\/#primaryimage\"},\"thumbnailUrl\":\"https:\/\/www.eurotherm.com\/wp-content\/uploads\/2022\/11\/PM-PLUS-4_left-face.png\",\"datePublished\":\"2022-11-02T08:48:16+00:00\",\"dateModified\":\"2025-05-28T14:39:26+00:00\",\"description\":\"PID de PM PLUS\u2122 y controlador de l\u00edmite integrado | PM PLUS de Watlow mejora la experiencia del usuario con una interfaz que permite una configuraci\u00f3n sencil https:\/\/www.youtube.com\/watch?v=8_Chkup6L3M\",\"breadcrumb\":{\"@id\":\"https:\/\/www.eurotherm.com\/es\/products\/controladores-pid\/monolazo\/pm-plus-pid-integrated-limit-controller\/#breadcrumb\"},\"inLanguage\":\"es\",\"potentialAction\":[{\"@type\":\"ReadAction\",\"target\":[\"https:\/\/www.eurotherm.com\/es\/products\/controladores-pid\/monolazo\/pm-plus-pid-integrated-limit-controller\/\"]}]},{\"@type\":\"ImageObject\",\"inLanguage\":\"es\",\"@id\":\"https:\/\/www.eurotherm.com\/es\/products\/controladores-pid\/monolazo\/pm-plus-pid-integrated-limit-controller\/#primaryimage\",\"url\":\"https:\/\/www.eurotherm.com\/wp-content\/uploads\/2022\/11\/PM-PLUS-4_left-face.png\",\"contentUrl\":\"https:\/\/www.eurotherm.com\/wp-content\/uploads\/2022\/11\/PM-PLUS-4_left-face.png\",\"width\":500,\"height\":443},{\"@type\":\"BreadcrumbList\",\"@id\":\"https:\/\/www.eurotherm.com\/es\/products\/controladores-pid\/monolazo\/pm-plus-pid-integrated-limit-controller\/#breadcrumb\",\"itemListElement\":[{\"@type\":\"ListItem\",\"position\":1,\"name\":\"Home\",\"item\":\"https:\/\/www.eurotherm.com\/es\/\"},{\"@type\":\"ListItem\",\"position\":2,\"name\":\"Product Catalogue\",\"item\":\"https:\/\/www.eurotherm.com\/es\/product-catalogue\/\"},{\"@type\":\"ListItem\",\"position\":3,\"name\":\"Controladores PID\",\"item\":\"https:\/\/www.eurotherm.com\/es\/eurotherm-products\/controladores-pid\/\"},{\"@type\":\"ListItem\",\"position\":4,\"name\":\"Multilazo\",\"item\":\"https:\/\/www.eurotherm.com\/es\/eurotherm-products\/controladores-pid\/multilazo\/\"},{\"@type\":\"ListItem\",\"position\":5,\"name\":\"PID de PM PLUS\u2122 y controlador de l\u00edmite integrado\"}]},{\"@type\":\"WebSite\",\"@id\":\"https:\/\/www.eurotherm.com\/es\/#website\",\"url\":\"https:\/\/www.eurotherm.com\/es\/\",\"name\":\"Eurotherm Limited\",\"description\":\"Temperature Control, Process Control, Measurement and Data Recording Solutions\",\"potentialAction\":[{\"@type\":\"SearchAction\",\"target\":{\"@type\":\"EntryPoint\",\"urlTemplate\":\"https:\/\/www.eurotherm.com\/es\/?s={search_term_string}\"},\"query-input\":{\"@type\":\"PropertyValueSpecification\",\"valueRequired\":true,\"valueName\":\"search_term_string\"}}],\"inLanguage\":\"es\"}]}<\/script>\n<!-- \/ Yoast SEO plugin. -->","yoast_head_json":{"title":"PID de PM PLUS\u2122 y controlador de l\u00edmite integrado | Eurotherm Limited","description":"PID de PM PLUS\u2122 y controlador de l\u00edmite integrado | PM PLUS de Watlow, el EZ-ZONE\u00ae PM mejorado, ahora es m\u00e1s intuitivo y cuenta con una interfaz mejorada para f","robots":{"index":"noindex","follow":"nofollow"},"og_locale":"es_ES","og_type":"article","og_title":"PID de PM PLUS\u2122 y controlador de l\u00edmite integrado | Eurotherm Limited","og_description":"PID de PM PLUS\u2122 y controlador de l\u00edmite integrado | PM PLUS de Watlow mejora la experiencia del usuario con una interfaz que permite una configuraci\u00f3n sencil https:\/\/www.youtube.com\/watch?v=8_Chkup6L3M","og_url":"https:\/\/www.eurotherm.com\/es\/products\/controladores-pid\/monolazo\/pm-plus-pid-integrated-limit-controller\/","og_site_name":"Eurotherm Limited","article_modified_time":"2025-05-28T14:39:26+00:00","og_image":[{"width":500,"height":443,"url":"https:\/\/www.eurotherm.com\/wp-content\/uploads\/2022\/11\/PM-PLUS-4_left-face.png","type":"image\/png"}],"twitter_card":"summary_large_image","twitter_misc":{"Tiempo de lectura":"2 minutos"},"schema":{"@context":"https:\/\/schema.org","@graph":[{"@type":"WebPage","@id":"https:\/\/www.eurotherm.com\/es\/products\/controladores-pid\/monolazo\/pm-plus-pid-integrated-limit-controller\/","url":"https:\/\/www.eurotherm.com\/es\/products\/controladores-pid\/monolazo\/pm-plus-pid-integrated-limit-controller\/","name":"PID de PM PLUS\u2122 y controlador de l\u00edmite integrado | Eurotherm Limited","isPartOf":{"@id":"https:\/\/www.eurotherm.com\/es\/#website"},"primaryImageOfPage":{"@id":"https:\/\/www.eurotherm.com\/es\/products\/controladores-pid\/monolazo\/pm-plus-pid-integrated-limit-controller\/#primaryimage"},"image":{"@id":"https:\/\/www.eurotherm.com\/es\/products\/controladores-pid\/monolazo\/pm-plus-pid-integrated-limit-controller\/#primaryimage"},"thumbnailUrl":"https:\/\/www.eurotherm.com\/wp-content\/uploads\/2022\/11\/PM-PLUS-4_left-face.png","datePublished":"2022-11-02T08:48:16+00:00","dateModified":"2025-05-28T14:39:26+00:00","description":"PID de PM PLUS\u2122 y controlador de l\u00edmite integrado | PM PLUS de Watlow mejora la experiencia del usuario con una interfaz que permite una configuraci\u00f3n sencil https:\/\/www.youtube.com\/watch?v=8_Chkup6L3M","breadcrumb":{"@id":"https:\/\/www.eurotherm.com\/es\/products\/controladores-pid\/monolazo\/pm-plus-pid-integrated-limit-controller\/#breadcrumb"},"inLanguage":"es","potentialAction":[{"@type":"ReadAction","target":["https:\/\/www.eurotherm.com\/es\/products\/controladores-pid\/monolazo\/pm-plus-pid-integrated-limit-controller\/"]}]},{"@type":"ImageObject","inLanguage":"es","@id":"https:\/\/www.eurotherm.com\/es\/products\/controladores-pid\/monolazo\/pm-plus-pid-integrated-limit-controller\/#primaryimage","url":"https:\/\/www.eurotherm.com\/wp-content\/uploads\/2022\/11\/PM-PLUS-4_left-face.png","contentUrl":"https:\/\/www.eurotherm.com\/wp-content\/uploads\/2022\/11\/PM-PLUS-4_left-face.png","width":500,"height":443},{"@type":"BreadcrumbList","@id":"https:\/\/www.eurotherm.com\/es\/products\/controladores-pid\/monolazo\/pm-plus-pid-integrated-limit-controller\/#breadcrumb","itemListElement":[{"@type":"ListItem","position":1,"name":"Home","item":"https:\/\/www.eurotherm.com\/es\/"},{"@type":"ListItem","position":2,"name":"Product Catalogue","item":"https:\/\/www.eurotherm.com\/es\/product-catalogue\/"},{"@type":"ListItem","position":3,"name":"Controladores PID","item":"https:\/\/www.eurotherm.com\/es\/eurotherm-products\/controladores-pid\/"},{"@type":"ListItem","position":4,"name":"Multilazo","item":"https:\/\/www.eurotherm.com\/es\/eurotherm-products\/controladores-pid\/multilazo\/"},{"@type":"ListItem","position":5,"name":"PID de PM PLUS\u2122 y controlador de l\u00edmite integrado"}]},{"@type":"WebSite","@id":"https:\/\/www.eurotherm.com\/es\/#website","url":"https:\/\/www.eurotherm.com\/es\/","name":"Eurotherm Limited","description":"Temperature Control, Process Control, Measurement and Data Recording Solutions","potentialAction":[{"@type":"SearchAction","target":{"@type":"EntryPoint","urlTemplate":"https:\/\/www.eurotherm.com\/es\/?s={search_term_string}"},"query-input":{"@type":"PropertyValueSpecification","valueRequired":true,"valueName":"search_term_string"}}],"inLanguage":"es"}]}},"ACF":{"product_file":[138278,138279,138280],"product_status":"Active Product","enable_watlow_configurator":false,"watlow_product_type":"Single","watlow_configurator_link":"https:\/\/www.watlow.com\/Products\/Controllers\/Temperature-and-Process-Controllers\/PM-PLUS?econfig=123 "},"jetpack_sharing_enabled":true,"_links":{"self":[{"href":"https:\/\/www.eurotherm.com\/es\/wp-json\/wp\/v2\/product\/138508","targetHints":{"allow":["GET"]}}],"collection":[{"href":"https:\/\/www.eurotherm.com\/es\/wp-json\/wp\/v2\/product"}],"about":[{"href":"https:\/\/www.eurotherm.com\/es\/wp-json\/wp\/v2\/types\/product"}],"wp:featuredmedia":[{"embeddable":true,"href":"https:\/\/www.eurotherm.com\/es\/wp-json\/wp\/v2\/media\/158831"}],"wp:attachment":[{"href":"https:\/\/www.eurotherm.com\/es\/wp-json\/wp\/v2\/media?parent=138508"}],"wp:term":[{"taxonomy":"product_brand","embeddable":true,"href":"https:\/\/www.eurotherm.com\/es\/wp-json\/wp\/v2\/product_brand?post=138508"},{"taxonomy":"product_cat","embeddable":true,"href":"https:\/\/www.eurotherm.com\/es\/wp-json\/wp\/v2\/product_cat?post=138508"},{"taxonomy":"product_tag","embeddable":true,"href":"https:\/\/www.eurotherm.com\/es\/wp-json\/wp\/v2\/product_tag?post=138508"}],"curies":[{"name":"wp","href":"https:\/\/api.w.org\/{rel}","templated":true}]}}