{"id":138481,"date":"2022-11-02T16:56:34","date_gmt":"2022-11-02T08:56:34","guid":{"rendered":"https:\/\/eurothermdev.co.uk\/products\/sin%20categor\u00eda\/din-a-mite-a\/"},"modified":"2023-01-06T22:55:19","modified_gmt":"2023-01-06T14:55:19","slug":"din-a-mite-a","status":"publish","type":"product","link":"https:\/\/www.eurotherm.com\/es\/products\/contol-de-potencia\/power-controllers-es\/din-a-mite-a\/","title":{"rendered":"DIN-A-MITE\u00ae A"},"content":{"rendered":"<p>El controlador del dispositivo de conmutaci\u00f3n de potencia DIN-A-MITE\u00ae A est\u00e1 dise\u00f1ado y fabricado con las caracter\u00edsticas de calidad esperadas de Watlow. Las capacidades DIN-A-MITE A incluyen conmutaci\u00f3n monof\u00e1sica de cruce por cero de hasta 25 A a 600VAC (consulte la curva de clasificaci\u00f3n). Un dise\u00f1o integrado \u00fanico elimina las dudas vinculadas a la selecci\u00f3n de un disipador de calor apropiado y las terminaciones adecuadas para la aplicaci\u00f3n. El montaje en panel trasero y ra\u00edl DIN es est\u00e1ndar en esta familia de dispositivos de conmutaci\u00f3n de potencia. El DIN-A-MITE tambi\u00e9n est\u00e1 libre de mercurio. Disponibles versiones con contactor de entrada de V CA\/V CC, control de procesos de 4-20 mA o base de tiempo variable. Todas las configuraciones dependen del n\u00famero de modelo y son seleccionables en f\u00e1brica. Este controlador de potencia incluye 200 KA de corriente nominal de cortocircuito (SCCR) con pruebas de hasta 480 V CA para evitar un arco el\u00e9ctrico con los fusibles necesarios.<\/p>\n","protected":false},"excerpt":{"rendered":"<h5>Controlador compacto de alimentaci\u00f3n en estado s\u00f3lido, que ofrece un rendimiento excelente<\/h5>\n<h3 class=\"green-title\">Standard SELECT\u00ae lead times may be temporarily unavailable. Use the Visual Designer\u2122 to view current lead times.<\/h3>\n<p>Para obtener detalles completos del producto y una lista completa de descargas relacionadas, visite <a href=\"https:\/\/www.watlow.com\/es-es\/products\/controllers\/power-switching-devices\/din-a-mite-a-power-controller\" target=\"_blank\" rel=\"noopener\">aqu\u00ed<\/a>.<\/p>\n","protected":false},"featured_media":138396,"template":"","meta":{"_acf_changed":false},"product_brand":[],"product_cat":[12386,17718],"product_tag":[],"class_list":{"0":"post-138481","1":"product","2":"type-product","3":"status-publish","4":"has-post-thumbnail","6":"product_cat-power-controllers-es","7":"product_cat-watlow-featured-products-and-software-es","9":"first","10":"instock","11":"shipping-taxable","12":"product-type-simple"},"acf":[],"yoast_head":"<!-- This site is optimized with the Yoast SEO plugin v27.2 - https:\/\/yoast.com\/product\/yoast-seo-wordpress\/ -->\n<title>DIN-A-MITE\u00ae A | Eurotherm Limited<\/title>\n<meta name=\"description\" content=\"DIN-A-MITE\u00ae A | El controlador del dispositivo de conmutaci\u00f3n de potencia DIN-A-MITE\u00ae A est\u00e1 dise\u00f1ado y fabricado con las caracter\u00edsticas de calidad esperadas d\" \/>\n<meta name=\"robots\" content=\"noindex, nofollow\" \/>\n<meta property=\"og:locale\" content=\"es_ES\" \/>\n<meta property=\"og:type\" content=\"article\" \/>\n<meta property=\"og:title\" content=\"DIN-A-MITE\u00ae A | Eurotherm Limited\" \/>\n<meta property=\"og:description\" content=\"DIN-A-MITE\u00ae A | Controlador compacto de alimentaci\u00f3n en estado s\u00f3lido, que ofrece un rendimiento excelente Standard SELECT\u00ae lead times may be temporarily unavailable. Use the Visual Designer\u2122 to view current lead times. Para obtener detalles completos del producto y una lista completa de descargas relacionadas, visite aqu\u00ed.\" \/>\n<meta property=\"og:url\" content=\"https:\/\/www.eurotherm.com\/es\/products\/contol-de-potencia\/power-controllers-es\/din-a-mite-a\/\" \/>\n<meta property=\"og:site_name\" content=\"Eurotherm Limited\" \/>\n<meta property=\"article:modified_time\" content=\"2023-01-06T14:55:19+00:00\" \/>\n<meta property=\"og:image\" content=\"https:\/\/www.eurotherm.com\/wp-content\/uploads\/2022\/11\/ps_din_a_480.png\" \/>\n\t<meta property=\"og:image:width\" content=\"480\" \/>\n\t<meta property=\"og:image:height\" content=\"480\" \/>\n\t<meta property=\"og:image:type\" content=\"image\/png\" \/>\n<meta name=\"twitter:card\" content=\"summary_large_image\" \/>\n<meta name=\"twitter:label1\" content=\"Tiempo de lectura\" \/>\n\t<meta name=\"twitter:data1\" content=\"1 minuto\" \/>\n<script type=\"application\/ld+json\" class=\"yoast-schema-graph\">{\"@context\":\"https:\/\/schema.org\",\"@graph\":[{\"@type\":\"WebPage\",\"@id\":\"https:\/\/www.eurotherm.com\/es\/products\/contol-de-potencia\/power-controllers-es\/din-a-mite-a\/\",\"url\":\"https:\/\/www.eurotherm.com\/es\/products\/contol-de-potencia\/power-controllers-es\/din-a-mite-a\/\",\"name\":\"DIN-A-MITE\u00ae A | Eurotherm Limited\",\"isPartOf\":{\"@id\":\"https:\/\/www.eurotherm.com\/es\/#website\"},\"primaryImageOfPage\":{\"@id\":\"https:\/\/www.eurotherm.com\/es\/products\/contol-de-potencia\/power-controllers-es\/din-a-mite-a\/#primaryimage\"},\"image\":{\"@id\":\"https:\/\/www.eurotherm.com\/es\/products\/contol-de-potencia\/power-controllers-es\/din-a-mite-a\/#primaryimage\"},\"thumbnailUrl\":\"https:\/\/www.eurotherm.com\/wp-content\/uploads\/2022\/11\/ps_din_a_480.png\",\"datePublished\":\"2022-11-02T08:56:34+00:00\",\"dateModified\":\"2023-01-06T14:55:19+00:00\",\"description\":\"DIN-A-MITE\u00ae A | Controlador compacto de alimentaci\u00f3n en estado s\u00f3lido, que ofrece un rendimiento excelente Standard SELECT\u00ae lead times may be temporarily unavailable. Use the Visual Designer\u2122 to view current lead times. Para obtener detalles completos del producto y una lista completa de descargas relacionadas, visite aqu\u00ed.\",\"breadcrumb\":{\"@id\":\"https:\/\/www.eurotherm.com\/es\/products\/contol-de-potencia\/power-controllers-es\/din-a-mite-a\/#breadcrumb\"},\"inLanguage\":\"es\",\"potentialAction\":[{\"@type\":\"ReadAction\",\"target\":[\"https:\/\/www.eurotherm.com\/es\/products\/contol-de-potencia\/power-controllers-es\/din-a-mite-a\/\"]}]},{\"@type\":\"ImageObject\",\"inLanguage\":\"es\",\"@id\":\"https:\/\/www.eurotherm.com\/es\/products\/contol-de-potencia\/power-controllers-es\/din-a-mite-a\/#primaryimage\",\"url\":\"https:\/\/www.eurotherm.com\/wp-content\/uploads\/2022\/11\/ps_din_a_480.png\",\"contentUrl\":\"https:\/\/www.eurotherm.com\/wp-content\/uploads\/2022\/11\/ps_din_a_480.png\",\"width\":480,\"height\":480},{\"@type\":\"BreadcrumbList\",\"@id\":\"https:\/\/www.eurotherm.com\/es\/products\/contol-de-potencia\/power-controllers-es\/din-a-mite-a\/#breadcrumb\",\"itemListElement\":[{\"@type\":\"ListItem\",\"position\":1,\"name\":\"Home\",\"item\":\"https:\/\/www.eurotherm.com\/es\/\"},{\"@type\":\"ListItem\",\"position\":2,\"name\":\"Product Catalogue\",\"item\":\"https:\/\/www.eurotherm.com\/es\/product-catalogue\/\"},{\"@type\":\"ListItem\",\"position\":3,\"name\":\"Contol de Potencia\",\"item\":\"https:\/\/www.eurotherm.com\/es\/eurotherm-products\/contol-de-potencia\/\"},{\"@type\":\"ListItem\",\"position\":4,\"name\":\"Controladores de Potencia\",\"item\":\"https:\/\/www.eurotherm.com\/es\/eurotherm-products\/contol-de-potencia\/power-controllers-es\/\"},{\"@type\":\"ListItem\",\"position\":5,\"name\":\"DIN-A-MITE\u00ae A\"}]},{\"@type\":\"WebSite\",\"@id\":\"https:\/\/www.eurotherm.com\/es\/#website\",\"url\":\"https:\/\/www.eurotherm.com\/es\/\",\"name\":\"Eurotherm Limited\",\"description\":\"Temperature Control, Process Control, Measurement and Data Recording Solutions\",\"potentialAction\":[{\"@type\":\"SearchAction\",\"target\":{\"@type\":\"EntryPoint\",\"urlTemplate\":\"https:\/\/www.eurotherm.com\/es\/?s={search_term_string}\"},\"query-input\":{\"@type\":\"PropertyValueSpecification\",\"valueRequired\":true,\"valueName\":\"search_term_string\"}}],\"inLanguage\":\"es\"}]}<\/script>\n<!-- \/ Yoast SEO plugin. -->","yoast_head_json":{"title":"DIN-A-MITE\u00ae A | Eurotherm Limited","description":"DIN-A-MITE\u00ae A | El controlador del dispositivo de conmutaci\u00f3n de potencia DIN-A-MITE\u00ae A est\u00e1 dise\u00f1ado y fabricado con las caracter\u00edsticas de calidad esperadas d","robots":{"index":"noindex","follow":"nofollow"},"og_locale":"es_ES","og_type":"article","og_title":"DIN-A-MITE\u00ae A | Eurotherm Limited","og_description":"DIN-A-MITE\u00ae A | Controlador compacto de alimentaci\u00f3n en estado s\u00f3lido, que ofrece un rendimiento excelente Standard SELECT\u00ae lead times may be temporarily unavailable. Use the Visual Designer\u2122 to view current lead times. Para obtener detalles completos del producto y una lista completa de descargas relacionadas, visite aqu\u00ed.","og_url":"https:\/\/www.eurotherm.com\/es\/products\/contol-de-potencia\/power-controllers-es\/din-a-mite-a\/","og_site_name":"Eurotherm Limited","article_modified_time":"2023-01-06T14:55:19+00:00","og_image":[{"width":480,"height":480,"url":"https:\/\/www.eurotherm.com\/wp-content\/uploads\/2022\/11\/ps_din_a_480.png","type":"image\/png"}],"twitter_card":"summary_large_image","twitter_misc":{"Tiempo de lectura":"1 minuto"},"schema":{"@context":"https:\/\/schema.org","@graph":[{"@type":"WebPage","@id":"https:\/\/www.eurotherm.com\/es\/products\/contol-de-potencia\/power-controllers-es\/din-a-mite-a\/","url":"https:\/\/www.eurotherm.com\/es\/products\/contol-de-potencia\/power-controllers-es\/din-a-mite-a\/","name":"DIN-A-MITE\u00ae A | Eurotherm Limited","isPartOf":{"@id":"https:\/\/www.eurotherm.com\/es\/#website"},"primaryImageOfPage":{"@id":"https:\/\/www.eurotherm.com\/es\/products\/contol-de-potencia\/power-controllers-es\/din-a-mite-a\/#primaryimage"},"image":{"@id":"https:\/\/www.eurotherm.com\/es\/products\/contol-de-potencia\/power-controllers-es\/din-a-mite-a\/#primaryimage"},"thumbnailUrl":"https:\/\/www.eurotherm.com\/wp-content\/uploads\/2022\/11\/ps_din_a_480.png","datePublished":"2022-11-02T08:56:34+00:00","dateModified":"2023-01-06T14:55:19+00:00","description":"DIN-A-MITE\u00ae A | Controlador compacto de alimentaci\u00f3n en estado s\u00f3lido, que ofrece un rendimiento excelente Standard SELECT\u00ae lead times may be temporarily unavailable. Use the Visual Designer\u2122 to view current lead times. Para obtener detalles completos del producto y una lista completa de descargas relacionadas, visite aqu\u00ed.","breadcrumb":{"@id":"https:\/\/www.eurotherm.com\/es\/products\/contol-de-potencia\/power-controllers-es\/din-a-mite-a\/#breadcrumb"},"inLanguage":"es","potentialAction":[{"@type":"ReadAction","target":["https:\/\/www.eurotherm.com\/es\/products\/contol-de-potencia\/power-controllers-es\/din-a-mite-a\/"]}]},{"@type":"ImageObject","inLanguage":"es","@id":"https:\/\/www.eurotherm.com\/es\/products\/contol-de-potencia\/power-controllers-es\/din-a-mite-a\/#primaryimage","url":"https:\/\/www.eurotherm.com\/wp-content\/uploads\/2022\/11\/ps_din_a_480.png","contentUrl":"https:\/\/www.eurotherm.com\/wp-content\/uploads\/2022\/11\/ps_din_a_480.png","width":480,"height":480},{"@type":"BreadcrumbList","@id":"https:\/\/www.eurotherm.com\/es\/products\/contol-de-potencia\/power-controllers-es\/din-a-mite-a\/#breadcrumb","itemListElement":[{"@type":"ListItem","position":1,"name":"Home","item":"https:\/\/www.eurotherm.com\/es\/"},{"@type":"ListItem","position":2,"name":"Product Catalogue","item":"https:\/\/www.eurotherm.com\/es\/product-catalogue\/"},{"@type":"ListItem","position":3,"name":"Contol de Potencia","item":"https:\/\/www.eurotherm.com\/es\/eurotherm-products\/contol-de-potencia\/"},{"@type":"ListItem","position":4,"name":"Controladores de Potencia","item":"https:\/\/www.eurotherm.com\/es\/eurotherm-products\/contol-de-potencia\/power-controllers-es\/"},{"@type":"ListItem","position":5,"name":"DIN-A-MITE\u00ae A"}]},{"@type":"WebSite","@id":"https:\/\/www.eurotherm.com\/es\/#website","url":"https:\/\/www.eurotherm.com\/es\/","name":"Eurotherm Limited","description":"Temperature Control, Process Control, Measurement and Data Recording Solutions","potentialAction":[{"@type":"SearchAction","target":{"@type":"EntryPoint","urlTemplate":"https:\/\/www.eurotherm.com\/es\/?s={search_term_string}"},"query-input":{"@type":"PropertyValueSpecification","valueRequired":true,"valueName":"search_term_string"}}],"inLanguage":"es"}]}},"ACF":{"product_file":[138398,138399,138400,138790,138791]},"jetpack_sharing_enabled":true,"_links":{"self":[{"href":"https:\/\/www.eurotherm.com\/es\/wp-json\/wp\/v2\/product\/138481","targetHints":{"allow":["GET"]}}],"collection":[{"href":"https:\/\/www.eurotherm.com\/es\/wp-json\/wp\/v2\/product"}],"about":[{"href":"https:\/\/www.eurotherm.com\/es\/wp-json\/wp\/v2\/types\/product"}],"wp:featuredmedia":[{"embeddable":true,"href":"https:\/\/www.eurotherm.com\/es\/wp-json\/wp\/v2\/media\/138396"}],"wp:attachment":[{"href":"https:\/\/www.eurotherm.com\/es\/wp-json\/wp\/v2\/media?parent=138481"}],"wp:term":[{"taxonomy":"product_brand","embeddable":true,"href":"https:\/\/www.eurotherm.com\/es\/wp-json\/wp\/v2\/product_brand?post=138481"},{"taxonomy":"product_cat","embeddable":true,"href":"https:\/\/www.eurotherm.com\/es\/wp-json\/wp\/v2\/product_cat?post=138481"},{"taxonomy":"product_tag","embeddable":true,"href":"https:\/\/www.eurotherm.com\/es\/wp-json\/wp\/v2\/product_tag?post=138481"}],"curies":[{"name":"wp","href":"https:\/\/api.w.org\/{rel}","templated":true}]}}