{"id":72509,"date":"2018-11-23T09:47:13","date_gmt":"2018-11-23T09:47:13","guid":{"rendered":"https:\/\/www.eurotherm.com\/obsolescence-procedure\/"},"modified":"2022-05-26T16:15:21","modified_gmt":"2022-05-26T08:15:21","slug":"obsolescence-procedure","status":"publish","type":"page","link":"https:\/\/www.eurotherm.com\/es\/support\/obsolescence-procedure\/","title":{"rendered":"Pol\u00edtica de obsolescencia"},"content":{"rendered":"","protected":false},"excerpt":{"rendered":"","protected":false},"author":3,"featured_media":0,"parent":72004,"menu_order":0,"comment_status":"closed","ping_status":"closed","template":"","meta":{"_acf_changed":false,"footnotes":""},"class_list":["post-72509","page","type-page","status-publish","hentry"],"acf":[],"yoast_head":"<!-- This site is optimized with the Yoast SEO plugin v27.5 - https:\/\/yoast.com\/product\/yoast-seo-wordpress\/ -->\n<title>Pol\u00edtica de obsolescencia | Eurotherm Limited<\/title>\n<meta name=\"description\" content=\"Pol\u00edtica de obsolescencia | Eurotherm\" \/>\n<meta name=\"robots\" content=\"index, follow, max-snippet:-1, max-image-preview:large, max-video-preview:-1\" \/>\n<meta property=\"og:locale\" content=\"es_ES\" \/>\n<meta property=\"og:type\" content=\"article\" \/>\n<meta property=\"og:title\" content=\"Pol\u00edtica de obsolescencia | Eurotherm Limited\" \/>\n<meta property=\"og:url\" content=\"https:\/\/www.eurotherm.com\/es\/support\/obsolescence-procedure\/\" \/>\n<meta property=\"og:site_name\" content=\"Eurotherm Limited\" \/>\n<meta property=\"article:modified_time\" content=\"2022-05-26T08:15:21+00:00\" \/>\n<meta name=\"twitter:card\" content=\"summary_large_image\" \/>\n<script type=\"application\/ld+json\" class=\"yoast-schema-graph\">{\"@context\":\"https:\\\/\\\/schema.org\",\"@graph\":[{\"@type\":\"WebPage\",\"@id\":\"https:\\\/\\\/www.eurotherm.com\\\/es\\\/support\\\/obsolescence-procedure\\\/\",\"url\":\"https:\\\/\\\/www.eurotherm.com\\\/es\\\/support\\\/obsolescence-procedure\\\/\",\"name\":\"Pol\u00edtica de obsolescencia | Eurotherm Limited\",\"isPartOf\":{\"@id\":\"https:\\\/\\\/www.eurotherm.com\\\/es\\\/#website\"},\"datePublished\":\"2018-11-23T09:47:13+00:00\",\"dateModified\":\"2022-05-26T08:15:21+00:00\",\"breadcrumb\":{\"@id\":\"https:\\\/\\\/www.eurotherm.com\\\/es\\\/support\\\/obsolescence-procedure\\\/#breadcrumb\"},\"inLanguage\":\"es\",\"potentialAction\":[{\"@type\":\"ReadAction\",\"target\":[\"https:\\\/\\\/www.eurotherm.com\\\/es\\\/support\\\/obsolescence-procedure\\\/\"]}]},{\"@type\":\"BreadcrumbList\",\"@id\":\"https:\\\/\\\/www.eurotherm.com\\\/es\\\/support\\\/obsolescence-procedure\\\/#breadcrumb\",\"itemListElement\":[{\"@type\":\"ListItem\",\"position\":1,\"name\":\"Home\",\"item\":\"https:\\\/\\\/www.eurotherm.com\\\/es\\\/\"},{\"@type\":\"ListItem\",\"position\":2,\"name\":\"Soporte\",\"item\":\"https:\\\/\\\/www.eurotherm.com\\\/es\\\/support\\\/\"},{\"@type\":\"ListItem\",\"position\":3,\"name\":\"Pol\u00edtica de obsolescencia\"}]},{\"@type\":\"WebSite\",\"@id\":\"https:\\\/\\\/www.eurotherm.com\\\/es\\\/#website\",\"url\":\"https:\\\/\\\/www.eurotherm.com\\\/es\\\/\",\"name\":\"Eurotherm Limited\",\"description\":\"Temperature Control, Process Control, Measurement and Data Recording Solutions\",\"potentialAction\":[{\"@type\":\"SearchAction\",\"target\":{\"@type\":\"EntryPoint\",\"urlTemplate\":\"https:\\\/\\\/www.eurotherm.com\\\/es\\\/?s={search_term_string}\"},\"query-input\":{\"@type\":\"PropertyValueSpecification\",\"valueRequired\":true,\"valueName\":\"search_term_string\"}}],\"inLanguage\":\"es\"}]}<\/script>\n<!-- \/ Yoast SEO plugin. -->","yoast_head_json":{"title":"Pol\u00edtica de obsolescencia | Eurotherm Limited","description":"Pol\u00edtica de obsolescencia | Eurotherm","robots":{"index":"index","follow":"follow","max-snippet":"max-snippet:-1","max-image-preview":"max-image-preview:large","max-video-preview":"max-video-preview:-1"},"og_locale":"es_ES","og_type":"article","og_title":"Pol\u00edtica de obsolescencia | Eurotherm Limited","og_url":"https:\/\/www.eurotherm.com\/es\/support\/obsolescence-procedure\/","og_site_name":"Eurotherm Limited","article_modified_time":"2022-05-26T08:15:21+00:00","twitter_card":"summary_large_image","schema":{"@context":"https:\/\/schema.org","@graph":[{"@type":"WebPage","@id":"https:\/\/www.eurotherm.com\/es\/support\/obsolescence-procedure\/","url":"https:\/\/www.eurotherm.com\/es\/support\/obsolescence-procedure\/","name":"Pol\u00edtica de obsolescencia | Eurotherm Limited","isPartOf":{"@id":"https:\/\/www.eurotherm.com\/es\/#website"},"datePublished":"2018-11-23T09:47:13+00:00","dateModified":"2022-05-26T08:15:21+00:00","breadcrumb":{"@id":"https:\/\/www.eurotherm.com\/es\/support\/obsolescence-procedure\/#breadcrumb"},"inLanguage":"es","potentialAction":[{"@type":"ReadAction","target":["https:\/\/www.eurotherm.com\/es\/support\/obsolescence-procedure\/"]}]},{"@type":"BreadcrumbList","@id":"https:\/\/www.eurotherm.com\/es\/support\/obsolescence-procedure\/#breadcrumb","itemListElement":[{"@type":"ListItem","position":1,"name":"Home","item":"https:\/\/www.eurotherm.com\/es\/"},{"@type":"ListItem","position":2,"name":"Soporte","item":"https:\/\/www.eurotherm.com\/es\/support\/"},{"@type":"ListItem","position":3,"name":"Pol\u00edtica de obsolescencia"}]},{"@type":"WebSite","@id":"https:\/\/www.eurotherm.com\/es\/#website","url":"https:\/\/www.eurotherm.com\/es\/","name":"Eurotherm Limited","description":"Temperature Control, Process Control, Measurement and Data Recording Solutions","potentialAction":[{"@type":"SearchAction","target":{"@type":"EntryPoint","urlTemplate":"https:\/\/www.eurotherm.com\/es\/?s={search_term_string}"},"query-input":{"@type":"PropertyValueSpecification","valueRequired":true,"valueName":"search_term_string"}}],"inLanguage":"es"}]}},"ACF":{"flexible_content":[{"acf_fc_layout":"full_width_text_block","full_text_block":"<h2>Pol\u00edtica de obsolescencia<\/h2>\n<p>Actualizado el 17 de mayo de 2022<\/p>\n<p>Como componente integral de la gesti\u00f3n del ciclo de vida de la oferta comercial de Eurotherm, se espera que gestione dicha oferta de manera proactiva desde la concepci\u00f3n hasta el final de la vida \u00fatil, incluida una respuesta reactiva a situaciones en las que factores externos (sin control) fuerzan a una obsolescencia no planificada.<\/p>\n","button_link":null,"button_text":"","remove_top_margin":false,"remove_bottom_margin":false},{"acf_fc_layout":"full_width_text_block","full_text_block":"<h2>Estados de la oferta comercial:<\/h2>\n","button_link":null,"button_text":"","remove_top_margin":false,"remove_bottom_margin":false},{"acf_fc_layout":"full_image_block","full_image":{"ID":130392,"id":130392,"title":"obsolete-timeline-image-es-2","filename":"obsolete-timeline-image-es-2.jpg","filesize":44922,"url":"https:\/\/www.eurotherm.com\/wp-content\/uploads\/2022\/05\/obsolete-timeline-image-es-2.jpg","link":"https:\/\/www.eurotherm.com\/es\/support\/obsolescence-procedure\/attachment\/obsolete-timeline-image-es-2\/","alt":"","author":"4","description":"","caption":"","name":"obsolete-timeline-image-es-2","status":"inherit","uploaded_to":72509,"date":"2022-05-26 08:15:07","modified":"2022-05-26 08:15:07","menu_order":0,"mime_type":"image\/jpeg","type":"image","subtype":"jpeg","icon":"https:\/\/www.eurotherm.com\/wp-includes\/images\/media\/default.png","width":1200,"height":100,"sizes":{"thumbnail":"https:\/\/www.eurotherm.com\/wp-content\/uploads\/2022\/05\/obsolete-timeline-image-es-2-150x100.jpg","thumbnail-width":150,"thumbnail-height":100,"medium":"https:\/\/www.eurotherm.com\/wp-content\/uploads\/2022\/05\/obsolete-timeline-image-es-2-300x25.jpg","medium-width":300,"medium-height":25,"medium_large":"https:\/\/www.eurotherm.com\/wp-content\/uploads\/2022\/05\/obsolete-timeline-image-es-2-768x64.jpg","medium_large-width":768,"medium_large-height":64,"large":"https:\/\/www.eurotherm.com\/wp-content\/uploads\/2022\/05\/obsolete-timeline-image-es-2-1024x85.jpg","large-width":1024,"large-height":85,"1536x1536":"https:\/\/www.eurotherm.com\/wp-content\/uploads\/2022\/05\/obsolete-timeline-image-es-2.jpg","1536x1536-width":1200,"1536x1536-height":100,"2048x2048":"https:\/\/www.eurotherm.com\/wp-content\/uploads\/2022\/05\/obsolete-timeline-image-es-2.jpg","2048x2048-width":1200,"2048x2048-height":100,"woocommerce_thumbnail":"https:\/\/www.eurotherm.com\/wp-content\/uploads\/2022\/05\/obsolete-timeline-image-es-2-300x100.jpg","woocommerce_thumbnail-width":300,"woocommerce_thumbnail-height":100,"woocommerce_single":"https:\/\/www.eurotherm.com\/wp-content\/uploads\/2022\/05\/obsolete-timeline-image-es-2-600x50.jpg","woocommerce_single-width":600,"woocommerce_single-height":50,"woocommerce_gallery_thumbnail":"https:\/\/www.eurotherm.com\/wp-content\/uploads\/2022\/05\/obsolete-timeline-image-es-2-100x100.jpg","woocommerce_gallery_thumbnail-width":100,"woocommerce_gallery_thumbnail-height":100}},"full_image_caption":"Figura 1 Estado de la Oferta comercial"},{"acf_fc_layout":"full_width_text_block","full_text_block":"<h2>Disponible actualmente<\/h2>\n<p>La oferta est\u00e1 actualmente disponible para su compra.<\/p>\n","button_link":null,"button_text":"","remove_top_margin":false,"remove_bottom_margin":false},{"acf_fc_layout":"full_width_text_block","full_text_block":"<h3>Para ser discontinuado<\/h3>\n<p>Las ofertas est\u00e1n entrando en la obsolescencia prevista. Los clientes deben considerar las alternativas propuestas tal y como se identifican en las p\u00e1ginas web pertinentes, o realizar pedidos de compra de \u00faltima hora (LTB) que cubran la demanda futura inmediata y previsible, en funci\u00f3n de la disponibilidad de existencias.<\/p>\n","button_link":null,"button_text":"","remove_top_margin":false,"remove_bottom_margin":false},{"acf_fc_layout":"full_width_text_block","full_text_block":"<h3>Descatalogado<\/h3>\n<p>Las ofertas ya no se producen en esta fase, pero siguen contando con el apoyo de organizaciones de Servicios Eurotherm.<\/p>\n<p>Cuando sea posible, las ofertas alternativas de la oferta solicitada se identifican en la p\u00e1gina web. P\u00f3ngase en contacto con el <a href=\"https:\/\/www.eurotherm.com\/support\/\">Servicio de atenci\u00f3n al cliente<\/a> si necesita ayuda.<\/p>\n","button_link":null,"button_text":"","remove_top_margin":false,"remove_bottom_margin":false},{"acf_fc_layout":"full_width_text_block","full_text_block":"<h3>Fin de servicio<\/h3>\n<p>Las organizaciones de Servicios Eurotherm ya no tienen repuestos\/piezas de repuesto para continuar apoyando la oferta.<\/p>\n<p>Cuando sea posible, las ofertas alternativas de la oferta solicitada se identifican en la p\u00e1gina web. P\u00f3ngase en contacto con el <a href=\"https:\/\/www.eurotherm.com\/support\/\">Servicio de atenci\u00f3n al cliente<\/a> si necesita ayuda.<\/p>\n","button_link":null,"button_text":"","remove_top_margin":false,"remove_bottom_margin":false}],"show_sidebar":false,"display_accreditations":false},"jetpack_sharing_enabled":true,"_links":{"self":[{"href":"https:\/\/www.eurotherm.com\/es\/wp-json\/wp\/v2\/pages\/72509","targetHints":{"allow":["GET"]}}],"collection":[{"href":"https:\/\/www.eurotherm.com\/es\/wp-json\/wp\/v2\/pages"}],"about":[{"href":"https:\/\/www.eurotherm.com\/es\/wp-json\/wp\/v2\/types\/page"}],"author":[{"embeddable":true,"href":"https:\/\/www.eurotherm.com\/es\/wp-json\/wp\/v2\/users\/3"}],"replies":[{"embeddable":true,"href":"https:\/\/www.eurotherm.com\/es\/wp-json\/wp\/v2\/comments?post=72509"}],"version-history":[{"count":17,"href":"https:\/\/www.eurotherm.com\/es\/wp-json\/wp\/v2\/pages\/72509\/revisions"}],"predecessor-version":[{"id":130406,"href":"https:\/\/www.eurotherm.com\/es\/wp-json\/wp\/v2\/pages\/72509\/revisions\/130406"}],"up":[{"embeddable":true,"href":"https:\/\/www.eurotherm.com\/es\/wp-json\/wp\/v2\/pages\/72004"}],"wp:attachment":[{"href":"https:\/\/www.eurotherm.com\/es\/wp-json\/wp\/v2\/media?parent=72509"}],"curies":[{"name":"wp","href":"https:\/\/api.w.org\/{rel}","templated":true}]}}