{"id":72389,"date":"2018-11-24T22:05:40","date_gmt":"2018-11-24T22:05:40","guid":{"rendered":"https:\/\/www.eurotherm.com\/50521-2\/"},"modified":"2018-11-24T22:05:40","modified_gmt":"2018-11-24T22:05:40","slug":"50521-2","status":"publish","type":"page","link":"https:\/\/www.eurotherm.com\/es\/50-2\/50521-2\/","title":{"rendered":"Eurotherm Customer Comments"},"content":{"rendered":"","protected":false},"excerpt":{"rendered":"","protected":false},"author":3,"featured_media":0,"parent":72394,"menu_order":0,"comment_status":"closed","ping_status":"closed","template":"timeline.php","meta":{"_acf_changed":false,"footnotes":""},"class_list":["post-72389","page","type-page","status-publish","hentry"],"acf":[],"yoast_head":"<!-- This site is optimized with the Yoast SEO plugin v27.2 - https:\/\/yoast.com\/product\/yoast-seo-wordpress\/ -->\n<title>Eurotherm Customer Comments | Eurotherm Limited<\/title>\n<meta name=\"description\" content=\"Eurotherm Customer Comments | Eurotherm\" \/>\n<meta name=\"robots\" content=\"index, follow, max-snippet:-1, max-image-preview:large, max-video-preview:-1\" \/>\n<meta property=\"og:locale\" content=\"es_ES\" \/>\n<meta property=\"og:type\" content=\"article\" \/>\n<meta property=\"og:title\" content=\"Eurotherm Customer Comments | Eurotherm Limited\" \/>\n<meta property=\"og:url\" content=\"https:\/\/www.eurotherm.com\/es\/50-2\/50521-2\/\" \/>\n<meta property=\"og:site_name\" content=\"Eurotherm Limited\" \/>\n<meta name=\"twitter:card\" content=\"summary_large_image\" \/>\n<script type=\"application\/ld+json\" class=\"yoast-schema-graph\">{\"@context\":\"https:\/\/schema.org\",\"@graph\":[{\"@type\":\"WebPage\",\"@id\":\"https:\/\/www.eurotherm.com\/es\/50-2\/50521-2\/\",\"url\":\"https:\/\/www.eurotherm.com\/es\/50-2\/50521-2\/\",\"name\":\"Eurotherm Customer Comments | Eurotherm Limited\",\"isPartOf\":{\"@id\":\"https:\/\/www.eurotherm.com\/es\/#website\"},\"datePublished\":\"2018-11-24T22:05:40+00:00\",\"breadcrumb\":{\"@id\":\"https:\/\/www.eurotherm.com\/es\/50-2\/50521-2\/#breadcrumb\"},\"inLanguage\":\"es\",\"potentialAction\":[{\"@type\":\"ReadAction\",\"target\":[\"https:\/\/www.eurotherm.com\/es\/50-2\/50521-2\/\"]}]},{\"@type\":\"BreadcrumbList\",\"@id\":\"https:\/\/www.eurotherm.com\/es\/50-2\/50521-2\/#breadcrumb\",\"itemListElement\":[{\"@type\":\"ListItem\",\"position\":1,\"name\":\"Home\",\"item\":\"https:\/\/www.eurotherm.com\/es\/\"},{\"@type\":\"ListItem\",\"position\":2,\"name\":\"50\",\"item\":\"https:\/\/www.eurotherm.com\/es\/50-2\/\"},{\"@type\":\"ListItem\",\"position\":3,\"name\":\"Eurotherm Customer Comments\"}]},{\"@type\":\"WebSite\",\"@id\":\"https:\/\/www.eurotherm.com\/es\/#website\",\"url\":\"https:\/\/www.eurotherm.com\/es\/\",\"name\":\"Eurotherm Limited\",\"description\":\"Temperature Control, Process Control, Measurement and Data Recording Solutions\",\"potentialAction\":[{\"@type\":\"SearchAction\",\"target\":{\"@type\":\"EntryPoint\",\"urlTemplate\":\"https:\/\/www.eurotherm.com\/es\/?s={search_term_string}\"},\"query-input\":{\"@type\":\"PropertyValueSpecification\",\"valueRequired\":true,\"valueName\":\"search_term_string\"}}],\"inLanguage\":\"es\"}]}<\/script>\n<!-- \/ Yoast SEO plugin. -->","yoast_head_json":{"title":"Eurotherm Customer Comments | Eurotherm Limited","description":"Eurotherm Customer Comments | Eurotherm","robots":{"index":"index","follow":"follow","max-snippet":"max-snippet:-1","max-image-preview":"max-image-preview:large","max-video-preview":"max-video-preview:-1"},"og_locale":"es_ES","og_type":"article","og_title":"Eurotherm Customer Comments | Eurotherm Limited","og_url":"https:\/\/www.eurotherm.com\/es\/50-2\/50521-2\/","og_site_name":"Eurotherm Limited","twitter_card":"summary_large_image","schema":{"@context":"https:\/\/schema.org","@graph":[{"@type":"WebPage","@id":"https:\/\/www.eurotherm.com\/es\/50-2\/50521-2\/","url":"https:\/\/www.eurotherm.com\/es\/50-2\/50521-2\/","name":"Eurotherm Customer Comments | Eurotherm Limited","isPartOf":{"@id":"https:\/\/www.eurotherm.com\/es\/#website"},"datePublished":"2018-11-24T22:05:40+00:00","breadcrumb":{"@id":"https:\/\/www.eurotherm.com\/es\/50-2\/50521-2\/#breadcrumb"},"inLanguage":"es","potentialAction":[{"@type":"ReadAction","target":["https:\/\/www.eurotherm.com\/es\/50-2\/50521-2\/"]}]},{"@type":"BreadcrumbList","@id":"https:\/\/www.eurotherm.com\/es\/50-2\/50521-2\/#breadcrumb","itemListElement":[{"@type":"ListItem","position":1,"name":"Home","item":"https:\/\/www.eurotherm.com\/es\/"},{"@type":"ListItem","position":2,"name":"50","item":"https:\/\/www.eurotherm.com\/es\/50-2\/"},{"@type":"ListItem","position":3,"name":"Eurotherm Customer Comments"}]},{"@type":"WebSite","@id":"https:\/\/www.eurotherm.com\/es\/#website","url":"https:\/\/www.eurotherm.com\/es\/","name":"Eurotherm Limited","description":"Temperature Control, Process Control, Measurement and Data Recording Solutions","potentialAction":[{"@type":"SearchAction","target":{"@type":"EntryPoint","urlTemplate":"https:\/\/www.eurotherm.com\/es\/?s={search_term_string}"},"query-input":{"@type":"PropertyValueSpecification","valueRequired":true,"valueName":"search_term_string"}}],"inLanguage":"es"}]}},"ACF":{"display_accreditations":false,"related_products":"","header_textarea":"<h1>Eurotherm Customer Comments<\/h1>\n<p>Eurotherm turned 50 on 29th June 2015, to celebrate we are documenting the history of the company in this timeline.<\/p>\n","masthead_image":{"ID":60697,"id":60697,"title":"Webinar-Header","filename":"Webinar-Header-1.jpg","filesize":277878,"url":"https:\/\/www.eurotherm.com\/wp-content\/uploads\/2019\/01\/Webinar-Header-1.jpg","link":"https:\/\/www.eurotherm.com\/es\/3d-integration\/attachment\/webinar-header-2-2\/","alt":"","author":"3","description":"","caption":"","name":"webinar-header-2-2","status":"inherit","uploaded_to":71984,"date":"2019-01-07 14:19:13","modified":"2019-01-07 14:19:13","menu_order":0,"mime_type":"image\/jpeg","type":"image","subtype":"jpeg","icon":"https:\/\/www.eurotherm.com\/wp-includes\/images\/media\/default.png","width":1920,"height":1281,"sizes":{"thumbnail":"https:\/\/www.eurotherm.com\/wp-content\/uploads\/2019\/01\/Webinar-Header-1-150x150.jpg","thumbnail-width":150,"thumbnail-height":150,"medium":"https:\/\/www.eurotherm.com\/wp-content\/uploads\/2019\/01\/Webinar-Header-1-300x200.jpg","medium-width":300,"medium-height":200,"medium_large":"https:\/\/www.eurotherm.com\/wp-content\/uploads\/2019\/01\/Webinar-Header-1-768x512.jpg","medium_large-width":768,"medium_large-height":512,"large":"https:\/\/www.eurotherm.com\/wp-content\/uploads\/2019\/01\/Webinar-Header-1-1024x683.jpg","large-width":1024,"large-height":683,"1536x1536":"https:\/\/www.eurotherm.com\/wp-content\/uploads\/2019\/01\/Webinar-Header-1.jpg","1536x1536-width":1536,"1536x1536-height":1025,"2048x2048":"https:\/\/www.eurotherm.com\/wp-content\/uploads\/2019\/01\/Webinar-Header-1.jpg","2048x2048-width":1920,"2048x2048-height":1281,"woocommerce_thumbnail":"https:\/\/www.eurotherm.com\/wp-content\/uploads\/2019\/01\/Webinar-Header-1-300x300.jpg","woocommerce_thumbnail-width":300,"woocommerce_thumbnail-height":300,"woocommerce_single":"https:\/\/www.eurotherm.com\/wp-content\/uploads\/2019\/01\/Webinar-Header-1-768x512.jpg","woocommerce_single-width":600,"woocommerce_single-height":400,"woocommerce_gallery_thumbnail":"https:\/\/www.eurotherm.com\/wp-content\/uploads\/2019\/01\/Webinar-Header-1-100x100.jpg","woocommerce_gallery_thumbnail-width":100,"woocommerce_gallery_thumbnail-height":100}},"timeline":[{"year":"2015","timeline_text":"<h2>101 controllers still in service after 50 years<\/h2>\n<p><img loading=\"lazy\" decoding=\"async\" class=\"size-full wp-image-50522 aligncenter\" src=\"https:\/\/www.eurotherm.com\/wp-content\/uploads\/2018\/11\/metaltech2-800x863.jpg\" alt=\"\" width=\"800\" height=\"863\" srcset=\"https:\/\/www.eurotherm.com\/wp-content\/uploads\/2018\/11\/metaltech2-800x863.jpg 800w, https:\/\/www.eurotherm.com\/wp-content\/uploads\/2018\/11\/metaltech2-800x863-278x300.jpg 278w, https:\/\/www.eurotherm.com\/wp-content\/uploads\/2018\/11\/metaltech2-800x863-768x828.jpg 768w, https:\/\/www.eurotherm.com\/wp-content\/uploads\/2018\/11\/metaltech2-800x863-600x647.jpg 600w\" sizes=\"auto, (max-width: 800px) 100vw, 800px\" \/><\/p>\n<p>Doug Handyside from Metaltech Ltd sent in these photos of his Eurotherm 101 controllers, which have been in service since the early 70s on small and medium size tempering furnaces.<\/p>\n<p>Doug also still uses some Eurotherm hand outs received in the 80s, so even our givaways stand the test of time!<\/p>\n"},{"year":"2014","timeline_text":"<h2>Processing advanced heatingcurves with Eurotherm<\/h2>\n<p><img loading=\"lazy\" decoding=\"async\" class=\"alignright size-full wp-image-50652\" src=\"https:\/\/www.eurotherm.com\/wp-content\/uploads\/2018\/11\/eurotherm-wizzo.jpg\" alt=\"\" width=\"500\" height=\"402\" srcset=\"https:\/\/www.eurotherm.com\/wp-content\/uploads\/2018\/11\/eurotherm-wizzo.jpg 500w, https:\/\/www.eurotherm.com\/wp-content\/uploads\/2018\/11\/eurotherm-wizzo-300x241.jpg 300w\" sizes=\"auto, (max-width: 500px) 100vw, 500px\" \/><\/p>\n<p><img loading=\"lazy\" decoding=\"async\" class=\"aligncenter wp-image-50652 size-full\" src=\"https:\/\/www.eurotherm.com\/wp-content\/uploads\/2018\/11\/eurotherm-wizzo.jpg\" sizes=\"auto, (max-width: 500px) 100vw, 500px\" srcset=\"https:\/\/www.eurotherm.com\/wp-content\/uploads\/2018\/11\/eurotherm-wizzo.jpg 500w, https:\/\/www.eurotherm.com\/wp-content\/uploads\/2018\/11\/eurotherm-wizzo-300x241.jpg 300w\" alt=\"\" width=\"500\" height=\"402\" \/><\/p>\n<p>Daan Visser from Wizzo sent in an example of Eurotherm controllers being used in furnace control applications.<\/p>\n<p>Wizzo use Eurotherm PID controllers to execute advanced heating curves, a graphical interface based on LabVIEW is often the wish of our clients. Wizzo has, in the past years, developed many software applications in projects with Eurotherm controllers.<\/p>\n<p>With these software applications the user is able to have full control from a Windows desktop environment. Not only can the controller be fully controlled, the process values of the Eurotherm controller can be read out and logged into a file.<\/p>\n<p>The combination of Eurotherm and LabVIEW is a strong tool Wizzo developers often use. The standalone controller and the graphical possibilities of LabVIEW is a successful pair for a wide range of applications.<\/p>\n"},{"year":"2013","timeline_text":"<h2>Critical process parameter monitoring<\/h2>\n<p><img loading=\"lazy\" decoding=\"async\" class=\"size-full wp-image-50665 alignleft\" src=\"https:\/\/www.eurotherm.com\/wp-content\/uploads\/2018\/11\/modderkolk-3.jpg\" alt=\"\" width=\"474\" height=\"630\" srcset=\"https:\/\/www.eurotherm.com\/wp-content\/uploads\/2018\/11\/modderkolk-3.jpg 474w, https:\/\/www.eurotherm.com\/wp-content\/uploads\/2018\/11\/modderkolk-3-226x300.jpg 226w\" sizes=\"auto, (max-width: 474px) 100vw, 474px\" \/><\/p>\n<p><img loading=\"lazy\" decoding=\"async\" class=\"aligncenter wp-image-50665 size-full\" src=\"https:\/\/www.eurotherm.com\/wp-content\/uploads\/2018\/11\/modderkolk-3.jpg\" sizes=\"auto, (max-width: 474px) 100vw, 474px\" srcset=\"https:\/\/www.eurotherm.com\/wp-content\/uploads\/2018\/11\/modderkolk-3.jpg 474w, https:\/\/www.eurotherm.com\/wp-content\/uploads\/2018\/11\/modderkolk-3-226x300.jpg 226w\" alt=\"\" width=\"474\" height=\"630\" \/><br \/>Oscar Arenz from Modderkolk sent in this photo from the MMC Eindhoven en Veldhoven hospital, where critical process parameters (conditions inside room) of 17 operating rooms are being monitored and recorded using the versadac.<\/p>\n"},{"year":"2012","timeline_text":"<h2>Programming Expertise<\/h2>\n<p><img loading=\"lazy\" decoding=\"async\" class=\"size-full wp-image-50678 alignleft\" src=\"https:\/\/www.eurotherm.com\/wp-content\/uploads\/2018\/11\/delmeco-5685-800x547.jpg\" alt=\"\" width=\"800\" height=\"547\" srcset=\"https:\/\/www.eurotherm.com\/wp-content\/uploads\/2018\/11\/delmeco-5685-800x547.jpg 800w, https:\/\/www.eurotherm.com\/wp-content\/uploads\/2018\/11\/delmeco-5685-800x547-300x205.jpg 300w, https:\/\/www.eurotherm.com\/wp-content\/uploads\/2018\/11\/delmeco-5685-800x547-768x525.jpg 768w, https:\/\/www.eurotherm.com\/wp-content\/uploads\/2018\/11\/delmeco-5685-800x547-600x410.jpg 600w\" sizes=\"auto, (max-width: 800px) 100vw, 800px\" \/><\/p>\n<p><img loading=\"lazy\" decoding=\"async\" class=\"aligncenter wp-image-50678 size-full\" src=\"https:\/\/www.eurotherm.com\/wp-content\/uploads\/2018\/11\/delmeco-5685-800x547.jpg\" sizes=\"auto, (max-width: 800px) 100vw, 800px\" srcset=\"https:\/\/www.eurotherm.com\/wp-content\/uploads\/2018\/11\/delmeco-5685-800x547.jpg 800w, https:\/\/www.eurotherm.com\/wp-content\/uploads\/2018\/11\/delmeco-5685-800x547-300x205.jpg 300w, https:\/\/www.eurotherm.com\/wp-content\/uploads\/2018\/11\/delmeco-5685-800x547-768x525.jpg 768w, https:\/\/www.eurotherm.com\/wp-content\/uploads\/2018\/11\/delmeco-5685-800x547-600x410.jpg 600w\" alt=\"\" width=\"800\" height=\"547\" \/><\/p>\n<p>Delmeco use a Eurotherm 3206 to control the process of creating climate casing used in material testing.<\/p>\n<p>Mark Ovaa sent in this image of the 3206 in action controlling the heating and cooling process.<\/p>\n"},{"year":"2001","timeline_text":"<h2>Reproducible batch-to-batch performance<\/h2>\n<p><img loading=\"lazy\" decoding=\"async\" class=\"alignright size-full wp-image-50691\" src=\"https:\/\/www.eurotherm.com\/wp-content\/uploads\/2018\/11\/post-card-23.jpg\" alt=\"\" width=\"798\" height=\"566\" srcset=\"https:\/\/www.eurotherm.com\/wp-content\/uploads\/2018\/11\/post-card-23.jpg 798w, https:\/\/www.eurotherm.com\/wp-content\/uploads\/2018\/11\/post-card-23-300x213.jpg 300w, https:\/\/www.eurotherm.com\/wp-content\/uploads\/2018\/11\/post-card-23-768x545.jpg 768w, https:\/\/www.eurotherm.com\/wp-content\/uploads\/2018\/11\/post-card-23-400x284.jpg 400w, https:\/\/www.eurotherm.com\/wp-content\/uploads\/2018\/11\/post-card-23-600x426.jpg 600w\" sizes=\"auto, (max-width: 798px) 100vw, 798px\" \/><\/p>\n<p><img loading=\"lazy\" decoding=\"async\" class=\"aligncenter wp-image-50691 size-full\" src=\"https:\/\/www.eurotherm.com\/wp-content\/uploads\/2018\/11\/post-card-23.jpg\" sizes=\"auto, (max-width: 798px) 100vw, 798px\" srcset=\"https:\/\/www.eurotherm.com\/wp-content\/uploads\/2018\/11\/post-card-23.jpg 798w, https:\/\/www.eurotherm.com\/wp-content\/uploads\/2018\/11\/post-card-23-300x213.jpg 300w, https:\/\/www.eurotherm.com\/wp-content\/uploads\/2018\/11\/post-card-23-768x545.jpg 768w, https:\/\/www.eurotherm.com\/wp-content\/uploads\/2018\/11\/post-card-23-400x284.jpg 400w, https:\/\/www.eurotherm.com\/wp-content\/uploads\/2018\/11\/post-card-23-600x426.jpg 600w\" alt=\"\" width=\"798\" height=\"566\" \/><\/p>\n<p>David Jordan from Profile Automation sent in the details of their tablet coating machine, which uses T2550 and Eycon products.<\/p>\n<p>Profile Automation has a long history of working with the pharmaceutical industry and has drawn on the experience of many of the industry\u2019s most respected film coating specialists to create a laboratory scale side-vented coater \u2013 the Pilot XT.<\/p>\n<p>The unit is capable of coating small-scale batches of tablets with realistic compaction profiles and good scale-up capability.<\/p>\n<p>Accurate process parameter control was fundamental in of the design of the Pilot XT in order to facilitate reproducible batch-to-batch performance. The exceptional control of critical process parameters has been achieved by the use of a Eurotherm custom tuned 2550 controller and an Eycon 10 touch screen display. The system was developed in July 2007 and has been sold throughout Europe including Greece, Spain, France and the United Kingdom.<\/p>\n"},{"year":"1991","timeline_text":"<h2>\u201cIt\u2019s what I call quality and reliability\u201d<\/h2>\n<p><img loading=\"lazy\" decoding=\"async\" class=\"alignright size-full wp-image-50704\" src=\"https:\/\/www.eurotherm.com\/wp-content\/uploads\/2018\/11\/img_2618.jpg\" alt=\"\" width=\"1600\" height=\"1200\" srcset=\"https:\/\/www.eurotherm.com\/wp-content\/uploads\/2018\/11\/img_2618.jpg 1600w, https:\/\/www.eurotherm.com\/wp-content\/uploads\/2018\/11\/img_2618-300x225.jpg 300w, https:\/\/www.eurotherm.com\/wp-content\/uploads\/2018\/11\/img_2618-768x576.jpg 768w, https:\/\/www.eurotherm.com\/wp-content\/uploads\/2018\/11\/img_2618-1024x768.jpg 1024w, https:\/\/www.eurotherm.com\/wp-content\/uploads\/2018\/11\/img_2618-510x382.jpg 510w, https:\/\/www.eurotherm.com\/wp-content\/uploads\/2018\/11\/img_2618-1080x810.jpg 1080w, https:\/\/www.eurotherm.com\/wp-content\/uploads\/2018\/11\/img_2618-600x450.jpg 600w\" sizes=\"auto, (max-width: 1600px) 100vw, 1600px\" \/><\/p>\n<p><img loading=\"lazy\" decoding=\"async\" class=\"aligncenter wp-image-50704 size-full\" src=\"https:\/\/www.eurotherm.com\/wp-content\/uploads\/2018\/11\/img_2618.jpg\" sizes=\"auto, (max-width: 1600px) 100vw, 1600px\" srcset=\"https:\/\/www.eurotherm.com\/wp-content\/uploads\/2018\/11\/img_2618.jpg 1600w, https:\/\/www.eurotherm.com\/wp-content\/uploads\/2018\/11\/img_2618-300x225.jpg 300w, https:\/\/www.eurotherm.com\/wp-content\/uploads\/2018\/11\/img_2618-768x576.jpg 768w, https:\/\/www.eurotherm.com\/wp-content\/uploads\/2018\/11\/img_2618-1024x768.jpg 1024w, https:\/\/www.eurotherm.com\/wp-content\/uploads\/2018\/11\/img_2618-510x382.jpg 510w, https:\/\/www.eurotherm.com\/wp-content\/uploads\/2018\/11\/img_2618-1080x810.jpg 1080w, https:\/\/www.eurotherm.com\/wp-content\/uploads\/2018\/11\/img_2618-600x450.jpg 600w\" alt=\"\" width=\"1600\" height=\"1200\" \/><\/p>\n<p>These images were sent in by Leif Ringdahl from 3M Vastervik, the first shows the Eurotherm Sweden team in 1997 on the company Christmas card, the second shows a number of controllers including a model 815 that has been mounted since 1991 and is still used continuously.<\/p>\n<p>Leif descibes his relationship witrh Eurotherm:<\/p>\n<p>\u201cMy first contact with Eurotherm was in 1989 and it was Bengt-\u00c5ke Larsson who solved my first case about 815 controllers. Since then I\u2019ve gotten to know many of your employees including Eva Larsson, Karl Nordgren, Torgny Max Johansen, Ulf Malmberg, Bj\u00f6rn Lindqvist, Thomas Orreg\u00e5rd, Torbj\u00f6rn Blomdahl, Lars Madell, and Johan Eklund, who through thick and thin shown an exemplary and professional manner.<\/p>\n<p>\u201cMy great sidekick over the years has been Thomas Johansson (now Orreg\u00e5rd), he is really a rock that managed to solve all the cases and problems in a superb manner, and succeeded in producing devices quickly when needed.<\/p>\n<p>\u201cI can mention also that of the approximately 200 different units, mostly controllers and printers, I\u2019ve bought over the years, none have failed during operation causing scrap or other problems, it\u2019s what I call quality and reliability.<\/p>\n<p>\u201cCan I can recommend Eurotherm? ABSOLUTELY! Will I continue my collaboration with Eurotherm? YEP!\u201d<\/p>\n<p><img loading=\"lazy\" decoding=\"async\" class=\"alignright size-full wp-image-50717\" src=\"https:\/\/www.eurotherm.com\/wp-content\/uploads\/2018\/11\/img_2620.jpg\" alt=\"\" width=\"1600\" height=\"1200\" srcset=\"https:\/\/www.eurotherm.com\/wp-content\/uploads\/2018\/11\/img_2620.jpg 1600w, https:\/\/www.eurotherm.com\/wp-content\/uploads\/2018\/11\/img_2620-300x225.jpg 300w, https:\/\/www.eurotherm.com\/wp-content\/uploads\/2018\/11\/img_2620-768x576.jpg 768w, https:\/\/www.eurotherm.com\/wp-content\/uploads\/2018\/11\/img_2620-1024x768.jpg 1024w, https:\/\/www.eurotherm.com\/wp-content\/uploads\/2018\/11\/img_2620-510x382.jpg 510w, https:\/\/www.eurotherm.com\/wp-content\/uploads\/2018\/11\/img_2620-1080x810.jpg 1080w, https:\/\/www.eurotherm.com\/wp-content\/uploads\/2018\/11\/img_2620-600x450.jpg 600w\" sizes=\"auto, (max-width: 1600px) 100vw, 1600px\" \/><\/p>\n<p><img loading=\"lazy\" decoding=\"async\" class=\"aligncenter size-full wp-image-50717\" src=\"https:\/\/www.eurotherm.com\/wp-content\/uploads\/2018\/11\/img_2620.jpg\" sizes=\"auto, (max-width: 1600px) 100vw, 1600px\" srcset=\"https:\/\/www.eurotherm.com\/wp-content\/uploads\/2018\/11\/img_2620.jpg 1600w, https:\/\/www.eurotherm.com\/wp-content\/uploads\/2018\/11\/img_2620-300x225.jpg 300w, https:\/\/www.eurotherm.com\/wp-content\/uploads\/2018\/11\/img_2620-768x576.jpg 768w, https:\/\/www.eurotherm.com\/wp-content\/uploads\/2018\/11\/img_2620-1024x768.jpg 1024w, https:\/\/www.eurotherm.com\/wp-content\/uploads\/2018\/11\/img_2620-510x382.jpg 510w, https:\/\/www.eurotherm.com\/wp-content\/uploads\/2018\/11\/img_2620-1080x810.jpg 1080w, https:\/\/www.eurotherm.com\/wp-content\/uploads\/2018\/11\/img_2620-600x450.jpg 600w\" alt=\"\" width=\"1600\" height=\"1200\" \/><\/p>\n"},{"year":"1985","timeline_text":"<h2>TCS 6000 Series still in service after 25+ years<\/h2>\n<p><img loading=\"lazy\" decoding=\"async\" class=\"size-full wp-image-50730 aligncenter\" src=\"https:\/\/www.eurotherm.com\/wp-content\/uploads\/2018\/11\/IMG_2490-800x600.jpg\" alt=\"\" width=\"800\" height=\"600\" srcset=\"https:\/\/www.eurotherm.com\/wp-content\/uploads\/2018\/11\/IMG_2490-800x600.jpg 800w, https:\/\/www.eurotherm.com\/wp-content\/uploads\/2018\/11\/IMG_2490-800x600-300x225.jpg 300w, https:\/\/www.eurotherm.com\/wp-content\/uploads\/2018\/11\/IMG_2490-800x600-768x576.jpg 768w, https:\/\/www.eurotherm.com\/wp-content\/uploads\/2018\/11\/IMG_2490-800x600-510x382.jpg 510w, https:\/\/www.eurotherm.com\/wp-content\/uploads\/2018\/11\/IMG_2490-800x600-600x450.jpg 600w\" sizes=\"auto, (max-width: 800px) 100vw, 800px\" \/><\/p>\n<p>Magnus Ehbenholtz from vinyl flooring manufacturer Tarkett AB in Sweden sent in these images of their TCS Series 6000 instumentation.<\/p>\n<p>The products are used to control the dosing of granules together with belt scales. These granules are then distributed evenly on a steel strip passing into an oven which is the beginning of a finished product. The finished product is a homogeneous mat called Eminent and Granit. The floor is used mostly in public environment as malls and hospitals.<\/p>\n<p><img loading=\"lazy\" decoding=\"async\" class=\"alignleft size-full wp-image-50769\" src=\"https:\/\/www.eurotherm.com\/wp-content\/uploads\/2018\/11\/IMG_2487-800x600.jpg\" alt=\"\" width=\"800\" height=\"600\" srcset=\"https:\/\/www.eurotherm.com\/wp-content\/uploads\/2018\/11\/IMG_2487-800x600.jpg 800w, https:\/\/www.eurotherm.com\/wp-content\/uploads\/2018\/11\/IMG_2487-800x600-300x225.jpg 300w, https:\/\/www.eurotherm.com\/wp-content\/uploads\/2018\/11\/IMG_2487-800x600-768x576.jpg 768w, https:\/\/www.eurotherm.com\/wp-content\/uploads\/2018\/11\/IMG_2487-800x600-510x382.jpg 510w, https:\/\/www.eurotherm.com\/wp-content\/uploads\/2018\/11\/IMG_2487-800x600-600x450.jpg 600w\" sizes=\"auto, (max-width: 800px) 100vw, 800px\" \/><\/p>\n"}]},"jetpack_sharing_enabled":true,"_links":{"self":[{"href":"https:\/\/www.eurotherm.com\/es\/wp-json\/wp\/v2\/pages\/72389","targetHints":{"allow":["GET"]}}],"collection":[{"href":"https:\/\/www.eurotherm.com\/es\/wp-json\/wp\/v2\/pages"}],"about":[{"href":"https:\/\/www.eurotherm.com\/es\/wp-json\/wp\/v2\/types\/page"}],"author":[{"embeddable":true,"href":"https:\/\/www.eurotherm.com\/es\/wp-json\/wp\/v2\/users\/3"}],"replies":[{"embeddable":true,"href":"https:\/\/www.eurotherm.com\/es\/wp-json\/wp\/v2\/comments?post=72389"}],"version-history":[{"count":0,"href":"https:\/\/www.eurotherm.com\/es\/wp-json\/wp\/v2\/pages\/72389\/revisions"}],"up":[{"embeddable":true,"href":"https:\/\/www.eurotherm.com\/es\/wp-json\/wp\/v2\/pages\/72394"}],"wp:attachment":[{"href":"https:\/\/www.eurotherm.com\/es\/wp-json\/wp\/v2\/media?parent=72389"}],"curies":[{"name":"wp","href":"https:\/\/api.w.org\/{rel}","templated":true}]}}