{"id":23859,"date":"2018-10-15T08:55:09","date_gmt":"2018-10-15T08:55:09","guid":{"rendered":"https:\/\/www.eurotherm.com\/product\/tus-auto-report-generator\/"},"modified":"2022-05-13T16:20:59","modified_gmt":"2022-05-13T08:20:59","slug":"tus-auto-report-generator","status":"publish","type":"product","link":"https:\/\/www.eurotherm.com\/de\/products\/datenschreiber-und-datenmanagement\/software-fuer-das-datenmanagement\/tus-auto-report-generator\/","title":{"rendered":"TUS Auto Report Generator"},"content":{"rendered":"<p>Seit der Entwicklung von digitalen Datenschreibern ist es m\u00f6glich, den Ausgang des Aufzeichnungsger\u00e4tes zu nutzen, um die Erstellung des Berichtes zu automatisieren. Auf diese Weise wird der gesamte Prozess der Akkreditierung Ihrer Thermoprozessger\u00e4te effizienter.<\/p>\n<p>Das neue Paket automatisiert, in Verbindung mit der Eurotherm Report Software, die Erstellung von Pr\u00fcfberichten, indem es die sichere .uhh-Datei eines Feldtestinstrumentes mit dem Datenmanagement von Eurotherm Review kombiniert. Auf diese Weise werden direkt Berichte erstellt, die den Anforderungen nach <a href=\"\/heat-treatment-solutions\/ams2750f-pyrometry-solutions\/\">AMS 2750F<\/a> gen\u00fcgen.<\/p>\n<p>Hinweis: F\u00fcr mehr Informationen besuchen Sie bitte unsere spezielle W\u00e4rmebehandlungsseite unter AMS 2750F.<\/p>\n<p>Zum Thema Ofeninstandhaltung und Konzepte haben wir einen Sonderdruck der gasw\u00e4rme international ver\u00f6ffentlicht.<\/p>\n<p>Der Bericht wird auf zweifache Weise erstellt:<\/p>\n<p>&nbsp;<\/p>\n<h2>Einstellungsmodus (&#8222;Setup-Modus&#8220;)<\/h2>\n<p>Im Einstellungsmodus kann der Anbieter der Engineering-Dienste oder die \u00fcberwachende Qualit\u00e4tsbeh\u00f6rde die Spannbreite der Temperaturgleichm\u00e4\u00dfigkeitspr\u00fcfungen f\u00fcr einen spezifischen Ofen oder ein spezifisches Teil einer Thermoprozessanlage bestimmen.<\/p>\n<p>Der Benutzer wird aufgefordert, eine Reihe von pr\u00fcfungsspezifischen Seiten auszuf\u00fcllen, die sich auf das zu pr\u00fcfende Thermoprozessger\u00e4t beziehen, so zum Beispiel die Pr\u00fcfkriterien f\u00fcr Feldtestinstrumente, Sonden und geforderte Sollwerte.<\/p>\n<p>Im Einstellmodus kann der TUS Auto Report Generator au\u00dferdem von Fremdanbietern f\u00fcr Akkreditierungsdienstleistungen benutzerspezifisch angepasst werden. Anmerkungen zur Einstellung k\u00f6nnen direkt in den Bericht eingegeben werden, in einer Mischung aus Feldern mit festem und freiem Format.<\/p>\n<p>&nbsp;<\/p>\n<h2>Berichterstellungsmodus<\/h2>\n<p>Der Berichterstellungsmodus erzeugt einen pr\u00fcfbaren Bericht, indem er Kriterien, die bei der Einstellung eingegeben wurden, mit einer erstellten .uhh-Datendatei eines Feldtestinstrumentes verkn\u00fcpft.<\/p>\n<p>Der Bericht kann dann wahlweise als Zusammenfassung mit Diagrammen oder als tats\u00e4chliche Ergebnisse im Tabellenformat ausgedruckt werden. Der Bericht beinhaltet Informationen zum \u00dcber- und Unterschwingen des Ofens zusammen mit Benutzerhinweisen f\u00fcr Handlungen w\u00e4hrend des Tests und ein Abnahmeformular mit dem Vermerk &#8222;Bestanden\/Nicht bestanden&#8220;. Der Bericht kann jederzeit noch einmal neu erstellt werden, ohne die Kerndaten zu sch\u00e4digen. Dazu m\u00fcssen lediglich die Einstellkriterien f\u00fcr den Test neu festgelegt und der Bericht erneut erstellt werden.<\/p>\n<p>Der Bericht kann mit bis zu 15 Pr\u00fcfsonden und bis zu 7 Pr\u00fcfsollwerten (in einem Arbeitsbereich) eingesetzt werden. Es ist m\u00f6glich, an den Bericht zus\u00e4tzliche Details f\u00fcr sepa-rate Zoneninstrumente und Reglerleistung anzuh\u00e4ngen, um Berichte f\u00fcr mehrzonige \u00d6fen zu erstellen.<\/p>\n<h2><\/h2>\n<h2>Systemvoraussetzungen<\/h2>\n<p><strong>Mindestanforderungen an Hardware<\/strong><br \/>\nPentium 3, 800Mhz<br \/>\n256 MB RAM<br \/>\n3 GB freie Festplattenkapazit\u00e4t<\/p>\n<p><strong>Betriebssysteme<\/strong><br \/>\nMicrosoft Windows XP Professional SP2<\/p>\n<p><strong>Microsoft Excel<\/strong><br \/>\nExcel 2003<\/p>\n<p><strong>Eurotherm Review (Full oder Lite)<\/strong><br \/>\nV3.7.4 oder h\u00f6her<\/p>\n<p><strong>Eurotherm Report<\/strong><br \/>\nVersion 6 oder h\u00f6her<\/p>\n<p>Um den Bericht zu erstellen, muss der Benutzer auf dem entsprechenden PC den Eurotherm Report und TUS Auto Report Generator installiert haben und entweder eine lokale oder eine Remote-Verbindung zu der erforderlichen Eurotherm Review Datenbank haben.<\/p>\n<h2>Bestellinformationen<\/h2>\n<p>Der TUS Auto Report Generator kann \u00fcber die Artikelnummer 6000PLUS\/TUS bestellt werden.<br \/>\nDiese Bestellung wird mit zwei CDs geliefert: CD 1 Eurotherm Report, CD 2 Temperature Uniformity Survey Auto Report Generator<\/p>\n<p>Der TUS Auto Report Generator wird als Einzelplatzlizenz verkauft, die TUS-Excel-Vorlage kann jedoch auf andere Ger\u00e4te am selben Standort \u00fcbertragen werden.<\/p>\n<p>Alle Ger\u00e4te, auf denen TUS Auto Report Generator l\u00e4uft, m\u00fcssen \u00fcber eine Einzelplatzlizenz f\u00fcr Eurotherm Report verf\u00fcgen.<\/p>\n<p>F\u00fcr weitere Ger\u00e4te am Standort kann Eurotherm Report nachtr\u00e4glich \u00fcber die Artikelnummer 6000PLUS\/REPORT bestellt werden.<\/p>\n","protected":false},"excerpt":{"rendered":"<p><strong>Automatische Reportingssoftware f\u00fcr Temperaturgleichm\u00e4\u00dfigkeitspr\u00fcfungen sind ein Teil der AMS 2750F Pyrometrie-Konformit\u00e4t.<\/strong><\/p>\n<p>Berichte \u00fcber Temperaturgleichm\u00e4\u00dfigkeitspr\u00fcfungen sind ein obligatorischer Bestandteil f\u00fcr Konformit\u00e4t nach dem Pyrometriestandard AMS 2750F. Inhalt und Format des Berichtes sind in der Spezifikation genau festgelegt.<\/p>\n","protected":false},"featured_media":15723,"template":"","meta":{"_acf_changed":false},"product_brand":[],"product_cat":[12401,12398,12400,1058,12394],"product_tag":[],"class_list":{"0":"post-23859","1":"product","2":"type-product","3":"status-publish","4":"has-post-thumbnail","6":"product_cat-datenschreiber-und-datenmanagement","7":"product_cat-furnaces-atmosphere-and-vacuum-de","8":"product_cat-heat-treat-products-de","9":"product_cat-produkte-ger","10":"product_cat-software-fuer-das-datenmanagement","11":"product_shipping_class-1-de","13":"first","14":"instock","15":"purchasable","16":"product-type-simple"},"acf":[],"yoast_head":"<!-- This site is optimized with the Yoast SEO plugin v27.2 - https:\/\/yoast.com\/product\/yoast-seo-wordpress\/ -->\n<title>TUS Auto Report Generator | Eurotherm Limited<\/title>\n<meta name=\"description\" content=\"TUS Auto Report Generator | Seit der Entwicklung von digitalen Datenschreibern ist es m\u00f6glich, den Ausgang des Aufzeichnungsger\u00e4tes zu nutzen, um die Erstellung\" \/>\n<meta name=\"robots\" content=\"index, follow, max-snippet:-1, max-image-preview:large, max-video-preview:-1\" \/>\n<meta property=\"og:locale\" content=\"de_DE\" \/>\n<meta property=\"og:type\" content=\"article\" \/>\n<meta property=\"og:title\" content=\"TUS Auto Report Generator | Eurotherm Limited\" \/>\n<meta property=\"og:description\" content=\"TUS Auto Report Generator | Automatische Reportingssoftware f\u00fcr Temperaturgleichm\u00e4\u00dfigkeitspr\u00fcfungen sind ein Teil der AMS 2750F Pyrometrie-Konformit\u00e4t.  Berichte \u00fcber Temperaturgleichm\u00e4\u00dfigkeitspr\u00fcfungen sind ein obligatorischer Bestandteil f\u00fcr Konformit\u00e4t nach dem Pyrometriestandard AMS 2750F. Inhalt und Format des Berichtes sind in der Spezifikation genau festgelegt.\" \/>\n<meta property=\"og:url\" content=\"https:\/\/www.eurotherm.com\/de\/products\/datenschreiber-und-datenmanagement\/software-fuer-das-datenmanagement\/tus-auto-report-generator\/\" \/>\n<meta property=\"og:site_name\" content=\"Eurotherm Limited\" \/>\n<meta property=\"article:modified_time\" content=\"2022-05-13T08:20:59+00:00\" \/>\n<meta property=\"og:image\" content=\"https:\/\/www.eurotherm.com\/wp-content\/uploads\/2018\/10\/TUS_report.jpg\" \/>\n\t<meta property=\"og:image:width\" content=\"500\" \/>\n\t<meta property=\"og:image:height\" content=\"500\" \/>\n\t<meta property=\"og:image:type\" content=\"image\/jpeg\" \/>\n<meta name=\"twitter:card\" content=\"summary_large_image\" \/>\n<meta name=\"twitter:label1\" content=\"Gesch\u00e4tzte Lesezeit\" \/>\n\t<meta name=\"twitter:data1\" content=\"3\u00a0Minuten\" \/>\n<script type=\"application\/ld+json\" class=\"yoast-schema-graph\">{\"@context\":\"https:\/\/schema.org\",\"@graph\":[{\"@type\":\"WebPage\",\"@id\":\"https:\/\/www.eurotherm.com\/de\/products\/datenschreiber-und-datenmanagement\/software-fuer-das-datenmanagement\/tus-auto-report-generator\/\",\"url\":\"https:\/\/www.eurotherm.com\/de\/products\/datenschreiber-und-datenmanagement\/software-fuer-das-datenmanagement\/tus-auto-report-generator\/\",\"name\":\"TUS Auto Report Generator | Eurotherm Limited\",\"isPartOf\":{\"@id\":\"https:\/\/www.eurotherm.com\/de\/#website\"},\"primaryImageOfPage\":{\"@id\":\"https:\/\/www.eurotherm.com\/de\/products\/datenschreiber-und-datenmanagement\/software-fuer-das-datenmanagement\/tus-auto-report-generator\/#primaryimage\"},\"image\":{\"@id\":\"https:\/\/www.eurotherm.com\/de\/products\/datenschreiber-und-datenmanagement\/software-fuer-das-datenmanagement\/tus-auto-report-generator\/#primaryimage\"},\"thumbnailUrl\":\"https:\/\/www.eurotherm.com\/wp-content\/uploads\/2018\/10\/TUS_report.jpg\",\"datePublished\":\"2018-10-15T08:55:09+00:00\",\"dateModified\":\"2022-05-13T08:20:59+00:00\",\"description\":\"TUS Auto Report Generator | Automatische Reportingssoftware f\u00fcr Temperaturgleichm\u00e4\u00dfigkeitspr\u00fcfungen sind ein Teil der AMS 2750F Pyrometrie-Konformit\u00e4t. Berichte \u00fcber Temperaturgleichm\u00e4\u00dfigkeitspr\u00fcfungen sind ein obligatorischer Bestandteil f\u00fcr Konformit\u00e4t nach dem Pyrometriestandard AMS 2750F. Inhalt und Format des Berichtes sind in der Spezifikation genau festgelegt.\",\"breadcrumb\":{\"@id\":\"https:\/\/www.eurotherm.com\/de\/products\/datenschreiber-und-datenmanagement\/software-fuer-das-datenmanagement\/tus-auto-report-generator\/#breadcrumb\"},\"inLanguage\":\"de\",\"potentialAction\":[{\"@type\":\"ReadAction\",\"target\":[\"https:\/\/www.eurotherm.com\/de\/products\/datenschreiber-und-datenmanagement\/software-fuer-das-datenmanagement\/tus-auto-report-generator\/\"]}]},{\"@type\":\"ImageObject\",\"inLanguage\":\"de\",\"@id\":\"https:\/\/www.eurotherm.com\/de\/products\/datenschreiber-und-datenmanagement\/software-fuer-das-datenmanagement\/tus-auto-report-generator\/#primaryimage\",\"url\":\"https:\/\/www.eurotherm.com\/wp-content\/uploads\/2018\/10\/TUS_report.jpg\",\"contentUrl\":\"https:\/\/www.eurotherm.com\/wp-content\/uploads\/2018\/10\/TUS_report.jpg\",\"width\":500,\"height\":500},{\"@type\":\"BreadcrumbList\",\"@id\":\"https:\/\/www.eurotherm.com\/de\/products\/datenschreiber-und-datenmanagement\/software-fuer-das-datenmanagement\/tus-auto-report-generator\/#breadcrumb\",\"itemListElement\":[{\"@type\":\"ListItem\",\"position\":1,\"name\":\"Home\",\"item\":\"https:\/\/www.eurotherm.com\/de\/\"},{\"@type\":\"ListItem\",\"position\":2,\"name\":\"Product Catalogue\",\"item\":\"https:\/\/www.eurotherm.com\/de\/product-catalogue\/\"},{\"@type\":\"ListItem\",\"position\":3,\"name\":\"Datenschreiber und Datenmanagement\",\"item\":\"https:\/\/www.eurotherm.com\/de\/eurotherm-products\/datenschreiber-und-datenmanagement\/\"},{\"@type\":\"ListItem\",\"position\":4,\"name\":\"Software f\u00fcr das Datenmanagement\",\"item\":\"https:\/\/www.eurotherm.com\/de\/eurotherm-products\/datenschreiber-und-datenmanagement\/software-fuer-das-datenmanagement\/\"},{\"@type\":\"ListItem\",\"position\":5,\"name\":\"TUS Auto Report Generator\"}]},{\"@type\":\"WebSite\",\"@id\":\"https:\/\/www.eurotherm.com\/de\/#website\",\"url\":\"https:\/\/www.eurotherm.com\/de\/\",\"name\":\"Eurotherm Limited\",\"description\":\"Temperature Control, Process Control, Measurement and Data Recording Solutions\",\"potentialAction\":[{\"@type\":\"SearchAction\",\"target\":{\"@type\":\"EntryPoint\",\"urlTemplate\":\"https:\/\/www.eurotherm.com\/de\/?s={search_term_string}\"},\"query-input\":{\"@type\":\"PropertyValueSpecification\",\"valueRequired\":true,\"valueName\":\"search_term_string\"}}],\"inLanguage\":\"de\"}]}<\/script>\n<!-- \/ Yoast SEO plugin. -->","yoast_head_json":{"title":"TUS Auto Report Generator | Eurotherm Limited","description":"TUS Auto Report Generator | Seit der Entwicklung von digitalen Datenschreibern ist es m\u00f6glich, den Ausgang des Aufzeichnungsger\u00e4tes zu nutzen, um die Erstellung","robots":{"index":"index","follow":"follow","max-snippet":"max-snippet:-1","max-image-preview":"max-image-preview:large","max-video-preview":"max-video-preview:-1"},"og_locale":"de_DE","og_type":"article","og_title":"TUS Auto Report Generator | Eurotherm Limited","og_description":"TUS Auto Report Generator | Automatische Reportingssoftware f\u00fcr Temperaturgleichm\u00e4\u00dfigkeitspr\u00fcfungen sind ein Teil der AMS 2750F Pyrometrie-Konformit\u00e4t.  Berichte \u00fcber Temperaturgleichm\u00e4\u00dfigkeitspr\u00fcfungen sind ein obligatorischer Bestandteil f\u00fcr Konformit\u00e4t nach dem Pyrometriestandard AMS 2750F. Inhalt und Format des Berichtes sind in der Spezifikation genau festgelegt.","og_url":"https:\/\/www.eurotherm.com\/de\/products\/datenschreiber-und-datenmanagement\/software-fuer-das-datenmanagement\/tus-auto-report-generator\/","og_site_name":"Eurotherm Limited","article_modified_time":"2022-05-13T08:20:59+00:00","og_image":[{"width":500,"height":500,"url":"https:\/\/www.eurotherm.com\/wp-content\/uploads\/2018\/10\/TUS_report.jpg","type":"image\/jpeg"}],"twitter_card":"summary_large_image","twitter_misc":{"Gesch\u00e4tzte Lesezeit":"3\u00a0Minuten"},"schema":{"@context":"https:\/\/schema.org","@graph":[{"@type":"WebPage","@id":"https:\/\/www.eurotherm.com\/de\/products\/datenschreiber-und-datenmanagement\/software-fuer-das-datenmanagement\/tus-auto-report-generator\/","url":"https:\/\/www.eurotherm.com\/de\/products\/datenschreiber-und-datenmanagement\/software-fuer-das-datenmanagement\/tus-auto-report-generator\/","name":"TUS Auto Report Generator | Eurotherm Limited","isPartOf":{"@id":"https:\/\/www.eurotherm.com\/de\/#website"},"primaryImageOfPage":{"@id":"https:\/\/www.eurotherm.com\/de\/products\/datenschreiber-und-datenmanagement\/software-fuer-das-datenmanagement\/tus-auto-report-generator\/#primaryimage"},"image":{"@id":"https:\/\/www.eurotherm.com\/de\/products\/datenschreiber-und-datenmanagement\/software-fuer-das-datenmanagement\/tus-auto-report-generator\/#primaryimage"},"thumbnailUrl":"https:\/\/www.eurotherm.com\/wp-content\/uploads\/2018\/10\/TUS_report.jpg","datePublished":"2018-10-15T08:55:09+00:00","dateModified":"2022-05-13T08:20:59+00:00","description":"TUS Auto Report Generator | Automatische Reportingssoftware f\u00fcr Temperaturgleichm\u00e4\u00dfigkeitspr\u00fcfungen sind ein Teil der AMS 2750F Pyrometrie-Konformit\u00e4t. Berichte \u00fcber Temperaturgleichm\u00e4\u00dfigkeitspr\u00fcfungen sind ein obligatorischer Bestandteil f\u00fcr Konformit\u00e4t nach dem Pyrometriestandard AMS 2750F. Inhalt und Format des Berichtes sind in der Spezifikation genau festgelegt.","breadcrumb":{"@id":"https:\/\/www.eurotherm.com\/de\/products\/datenschreiber-und-datenmanagement\/software-fuer-das-datenmanagement\/tus-auto-report-generator\/#breadcrumb"},"inLanguage":"de","potentialAction":[{"@type":"ReadAction","target":["https:\/\/www.eurotherm.com\/de\/products\/datenschreiber-und-datenmanagement\/software-fuer-das-datenmanagement\/tus-auto-report-generator\/"]}]},{"@type":"ImageObject","inLanguage":"de","@id":"https:\/\/www.eurotherm.com\/de\/products\/datenschreiber-und-datenmanagement\/software-fuer-das-datenmanagement\/tus-auto-report-generator\/#primaryimage","url":"https:\/\/www.eurotherm.com\/wp-content\/uploads\/2018\/10\/TUS_report.jpg","contentUrl":"https:\/\/www.eurotherm.com\/wp-content\/uploads\/2018\/10\/TUS_report.jpg","width":500,"height":500},{"@type":"BreadcrumbList","@id":"https:\/\/www.eurotherm.com\/de\/products\/datenschreiber-und-datenmanagement\/software-fuer-das-datenmanagement\/tus-auto-report-generator\/#breadcrumb","itemListElement":[{"@type":"ListItem","position":1,"name":"Home","item":"https:\/\/www.eurotherm.com\/de\/"},{"@type":"ListItem","position":2,"name":"Product Catalogue","item":"https:\/\/www.eurotherm.com\/de\/product-catalogue\/"},{"@type":"ListItem","position":3,"name":"Datenschreiber und Datenmanagement","item":"https:\/\/www.eurotherm.com\/de\/eurotherm-products\/datenschreiber-und-datenmanagement\/"},{"@type":"ListItem","position":4,"name":"Software f\u00fcr das Datenmanagement","item":"https:\/\/www.eurotherm.com\/de\/eurotherm-products\/datenschreiber-und-datenmanagement\/software-fuer-das-datenmanagement\/"},{"@type":"ListItem","position":5,"name":"TUS Auto Report Generator"}]},{"@type":"WebSite","@id":"https:\/\/www.eurotherm.com\/de\/#website","url":"https:\/\/www.eurotherm.com\/de\/","name":"Eurotherm Limited","description":"Temperature Control, Process Control, Measurement and Data Recording Solutions","potentialAction":[{"@type":"SearchAction","target":{"@type":"EntryPoint","urlTemplate":"https:\/\/www.eurotherm.com\/de\/?s={search_term_string}"},"query-input":{"@type":"PropertyValueSpecification","valueRequired":true,"valueName":"search_term_string"}}],"inLanguage":"de"}]}},"ACF":{"product_file":[27454,28535,27942,27866,27943,27939,28920,28921,28922,29338,28918,27584,28923,27497]},"jetpack_sharing_enabled":true,"_links":{"self":[{"href":"https:\/\/www.eurotherm.com\/de\/wp-json\/wp\/v2\/product\/23859","targetHints":{"allow":["GET"]}}],"collection":[{"href":"https:\/\/www.eurotherm.com\/de\/wp-json\/wp\/v2\/product"}],"about":[{"href":"https:\/\/www.eurotherm.com\/de\/wp-json\/wp\/v2\/types\/product"}],"wp:featuredmedia":[{"embeddable":true,"href":"https:\/\/www.eurotherm.com\/de\/wp-json\/wp\/v2\/media\/15723"}],"wp:attachment":[{"href":"https:\/\/www.eurotherm.com\/de\/wp-json\/wp\/v2\/media?parent=23859"}],"wp:term":[{"taxonomy":"product_brand","embeddable":true,"href":"https:\/\/www.eurotherm.com\/de\/wp-json\/wp\/v2\/product_brand?post=23859"},{"taxonomy":"product_cat","embeddable":true,"href":"https:\/\/www.eurotherm.com\/de\/wp-json\/wp\/v2\/product_cat?post=23859"},{"taxonomy":"product_tag","embeddable":true,"href":"https:\/\/www.eurotherm.com\/de\/wp-json\/wp\/v2\/product_tag?post=23859"}],"curies":[{"name":"wp","href":"https:\/\/api.w.org\/{rel}","templated":true}]}}