{"id":23850,"date":"2018-10-15T08:47:51","date_gmt":"2018-10-15T08:47:51","guid":{"rendered":"https:\/\/www.eurotherm.com\/product\/temperatur-prozess-regler-der-serie-3200-2\/"},"modified":"2023-08-22T17:21:07","modified_gmt":"2023-08-22T09:21:07","slug":"3200-temperature-process-controller","status":"publish","type":"product","link":"https:\/\/www.eurotherm.com\/de\/products\/pid-regler\/einkanalregler\/3200-temperature-process-controller\/","title":{"rendered":"Temperatur-\/Prozess-Regler der Serie 3200"},"content":{"rendered":"<ul>\n<li>Schnelle Grundeinstellung \u00fcber QuickStart f\u00fcr &#8222;Out of the Box&#8220;-Betrieb<\/li>\n<li>Experten-Konfiguration mittels PC-Wizard mit Online-Hilfe<\/li>\n<li>Schnelle und einfache Inbetriebnahme \u2013 Expertenkenntnisse sind nicht erforderlich<\/li>\n<li>Eindeutige Informationen \u00fcber die Anlagenbedingungen durch kundenspezifische Klartextmeldungen in Laufschrift<\/li>\n<li>Leicht verst\u00e4ndliche kundenspezifische Alarmmeldungen<\/li>\n<li>Rezeptauswahl von der Bedienerschnittstelle aus<\/li>\n<li>Programmierung von Rezepten und Sollwert<\/li>\n<li>Sofortige Anzeige von Heizfehlern mit integriertem Amperemeter<\/li>\n<li>Remote Sollwert-L\u00f6sung f\u00fcr Mehrzonen-Applikationen<\/li>\n<\/ul>\n<p>Bei der Entwicklung der Serie wurde gro\u00dfen Wert auf Benutzerfreundlichkeit gelegt. \u00dcber einen einfachen &#8222;Quick Start&#8220;-Code k\u00f6nnen deshalb alle Grundfunktionen, die zur Regelung Ihrer Prozesse erforderlich sind, eingestellt werden. Dies umfasst die Einstellungen f\u00fcr Sensortyp, Messbereich, Regeloptionen und Alarme und erm\u00f6glicht damit einen echten &#8222;Out of the Box&#8220;-Betrieb. Auf Wunsch k\u00f6nnen Sie bei Ihrer Bestellung angeben, was Sie brauchen, und wir werden Ihnen das Ger\u00e4t gem\u00e4\u00df Ihren Anforderungen vorkonfiguriert liefern.<\/p>\n<p>Im Bedienermodus wird jeder Parameter im Klartext in Laufschrift mit entsprechender Funktionsbeschreibung in Deutsch, Englisch, Franz\u00f6sisch, Spanisch oder Italienisch angezeigt. Erweiterte Funktionen k\u00f6nnen mit Eurotherm iTools mittels eines PC-Wizards, der eine leicht zu benutzende, unterweisende Anleitung f\u00fcr alle Funktionen im Anzeigeger\u00e4t bietet, konfiguriert werden.<\/p>\n<p>&nbsp;<\/p>\n<p><strong>Heizstrom\u00fcberwachung<\/strong><\/p>\n<p>\u00dcber einen Stromwandlereingang wird der Heizstrom und die \u00dcberpr\u00fcfung des Laststroms angezeigt. Lastfehler, offener Regelkreis oder Kurzschluss des Halbleiterrelais k\u00f6nnen ermittelt und als Klartextmeldung angezeigt werden und bei Bedarf einen entsprechenden Alarmausgang bereitstellen. Die Modelle 3208 und 3204 haben eine zus\u00e4tzliche Amperemeteranzeige f\u00fcr den Heizstrom an der Ger\u00e4tefront.<\/p>\n<p>&nbsp;<\/p>\n<p><strong>Sollwert-Progammierer<\/strong><\/p>\n<p>F\u00fcr Heizanwendungen k\u00f6nnen die Regler \u00fcber einen Sollwert-Programmgeber mit 8-Segmenten programmiert werden. Holdback zu Beginn eines jeden Segments kann zur Einhaltung der Haltezeit benutzt werden. Innerhalb der Segmente kann auch ein digitaler Ereignisausgang zur Initialisierung von Aktionen innerhalb des Prozesses ausgel\u00f6st werden.<\/p>\n<p>&nbsp;<\/p>\n<p><strong>Kundenspezifische Textmeldungen<\/strong><\/p>\n<p>Mit Eurotherm iTools Wizard k\u00f6nnen individuelle Bedienermeldungen erstellt und in den 3200 geladen werden. Diese werden angezeigt, sobald ein Ereignis, Alarm oder Prozesszustand auftritt. Der Bediener erh\u00e4lt somit auf einen Blick alle erforderlichen Informationen zum aktuellen Prozesszustand.<\/p>\n<p>&nbsp;<\/p>\n<p><strong>Remoter Sollwert<\/strong><\/p>\n<p>F\u00fcr den 3200 besteht die Option eines externen Analogeingangs. Dieser kann in Volt oder mA sein.<\/p>\n<p>&nbsp;<\/p>\n<p>BESONDERS GEEIGNET F\u00dcR:<\/p>\n<ul>\n<li>Kunststoffextrusion<\/li>\n<li>Hei\u00dfkan\u00e4le<\/li>\n<li>Hei\u00dfformung<\/li>\n<li>\u00d6fen und K\u00fchlanlagen<\/li>\n<li>Entspannungsgl\u00fchen<\/li>\n<\/ul>\n<p>MERKMALE:<\/p>\n<ul>\n<li>8-Segment-Programmgeber<\/li>\n<li>Heizfehlererkennung<\/li>\n<li>Interner Timer<\/li>\n<li>Textmeldungen in Laufschrift<\/li>\n<li>Rezepte<\/li>\n<li>Modbus-Kommunikation<\/li>\n<li>Modbus SP \u00dcbertragung<\/li>\n<li>Analoge R\u00fcck\u00fcbertragung<\/li>\n<li>Remoter Sollwert<\/li>\n<li>Hilfetext<\/li>\n<\/ul>\n","protected":false},"excerpt":{"rendered":"<p>Die innovative Regler-Serie 3200 bietet pr\u00e4zise Regelung von Temperatur und anderen Prozessvariablen in Verbindung mit einer Vielzahl hochentwickelter Funktionen, die normalerweise nicht in dieser Ger\u00e4teklasse vertreten sind.<\/p>\n","protected":false},"featured_media":8961,"template":"","meta":{"_acf_changed":false},"product_brand":[],"product_cat":[12471],"product_tag":[],"class_list":{"0":"post-23850","1":"product","2":"type-product","3":"status-publish","4":"has-post-thumbnail","6":"product_cat-einkanalregler","7":"product_shipping_class-1-de","9":"first","10":"instock","11":"purchasable","12":"product-type-simple"},"acf":[],"yoast_head":"<!-- This site is optimized with the Yoast SEO plugin v27.2 - https:\/\/yoast.com\/product\/yoast-seo-wordpress\/ -->\n<title>Temperatur-\/Prozess-Regler der Serie 3200 | Eurotherm Limited<\/title>\n<meta name=\"description\" content=\"Temperatur-\/Prozess-Regler der Serie 3200 | Schnelle Grundeinstellung \u00fcber QuickStart f\u00fcr &quot;Out of the Box&quot;-Betrieb Experten-Konfiguratio\" \/>\n<meta name=\"robots\" content=\"index, follow, max-snippet:-1, max-image-preview:large, max-video-preview:-1\" \/>\n<meta property=\"og:locale\" content=\"de_DE\" \/>\n<meta property=\"og:type\" content=\"article\" \/>\n<meta property=\"og:title\" content=\"Temperatur-\/Prozess-Regler der Serie 3200 | Eurotherm Limited\" \/>\n<meta property=\"og:description\" content=\"Temperatur-\/Prozess-Regler der Serie 3200 | Die innovative Regler-Serie 3200 bietet pr\u00e4zise Regelung von Temperatur und anderen Prozessvariablen in Verbindung mit einer Vielzahl hochentwickelter Funktionen, die normalerweise nicht in dieser Ger\u00e4teklasse vertreten sind.\" \/>\n<meta property=\"og:url\" content=\"https:\/\/www.eurotherm.com\/de\/products\/pid-regler\/einkanalregler\/3200-temperature-process-controller\/\" \/>\n<meta property=\"og:site_name\" content=\"Eurotherm Limited\" \/>\n<meta property=\"article:modified_time\" content=\"2023-08-22T09:21:07+00:00\" \/>\n<meta property=\"og:image\" content=\"https:\/\/www.eurotherm.com\/wp-content\/uploads\/2018\/10\/3200_series.jpg\" \/>\n\t<meta property=\"og:image:width\" content=\"500\" \/>\n\t<meta property=\"og:image:height\" content=\"500\" \/>\n\t<meta property=\"og:image:type\" content=\"image\/jpeg\" \/>\n<meta name=\"twitter:card\" content=\"summary_large_image\" \/>\n<meta name=\"twitter:label1\" content=\"Gesch\u00e4tzte Lesezeit\" \/>\n\t<meta name=\"twitter:data1\" content=\"2\u00a0Minuten\" \/>\n<script type=\"application\/ld+json\" class=\"yoast-schema-graph\">{\"@context\":\"https:\/\/schema.org\",\"@graph\":[{\"@type\":\"WebPage\",\"@id\":\"https:\/\/www.eurotherm.com\/de\/products\/pid-regler\/einkanalregler\/3200-temperature-process-controller\/\",\"url\":\"https:\/\/www.eurotherm.com\/de\/products\/pid-regler\/einkanalregler\/3200-temperature-process-controller\/\",\"name\":\"Temperatur-\/Prozess-Regler der Serie 3200 | Eurotherm Limited\",\"isPartOf\":{\"@id\":\"https:\/\/www.eurotherm.com\/de\/#website\"},\"primaryImageOfPage\":{\"@id\":\"https:\/\/www.eurotherm.com\/de\/products\/pid-regler\/einkanalregler\/3200-temperature-process-controller\/#primaryimage\"},\"image\":{\"@id\":\"https:\/\/www.eurotherm.com\/de\/products\/pid-regler\/einkanalregler\/3200-temperature-process-controller\/#primaryimage\"},\"thumbnailUrl\":\"https:\/\/www.eurotherm.com\/wp-content\/uploads\/2018\/10\/3200_series.jpg\",\"datePublished\":\"2018-10-15T08:47:51+00:00\",\"dateModified\":\"2023-08-22T09:21:07+00:00\",\"description\":\"Temperatur-\/Prozess-Regler der Serie 3200 | Die innovative Regler-Serie 3200 bietet pr\u00e4zise Regelung von Temperatur und anderen Prozessvariablen in Verbindung mit einer Vielzahl hochentwickelter Funktionen, die normalerweise nicht in dieser Ger\u00e4teklasse vertreten sind.\",\"breadcrumb\":{\"@id\":\"https:\/\/www.eurotherm.com\/de\/products\/pid-regler\/einkanalregler\/3200-temperature-process-controller\/#breadcrumb\"},\"inLanguage\":\"de\",\"potentialAction\":[{\"@type\":\"ReadAction\",\"target\":[\"https:\/\/www.eurotherm.com\/de\/products\/pid-regler\/einkanalregler\/3200-temperature-process-controller\/\"]}]},{\"@type\":\"ImageObject\",\"inLanguage\":\"de\",\"@id\":\"https:\/\/www.eurotherm.com\/de\/products\/pid-regler\/einkanalregler\/3200-temperature-process-controller\/#primaryimage\",\"url\":\"https:\/\/www.eurotherm.com\/wp-content\/uploads\/2018\/10\/3200_series.jpg\",\"contentUrl\":\"https:\/\/www.eurotherm.com\/wp-content\/uploads\/2018\/10\/3200_series.jpg\",\"width\":500,\"height\":500},{\"@type\":\"BreadcrumbList\",\"@id\":\"https:\/\/www.eurotherm.com\/de\/products\/pid-regler\/einkanalregler\/3200-temperature-process-controller\/#breadcrumb\",\"itemListElement\":[{\"@type\":\"ListItem\",\"position\":1,\"name\":\"Home\",\"item\":\"https:\/\/www.eurotherm.com\/de\/\"},{\"@type\":\"ListItem\",\"position\":2,\"name\":\"Product Catalogue\",\"item\":\"https:\/\/www.eurotherm.com\/de\/product-catalogue\/\"},{\"@type\":\"ListItem\",\"position\":3,\"name\":\"PID-Regler\",\"item\":\"https:\/\/www.eurotherm.com\/de\/eurotherm-products\/pid-regler\/\"},{\"@type\":\"ListItem\",\"position\":4,\"name\":\"Einkanalregler\",\"item\":\"https:\/\/www.eurotherm.com\/de\/eurotherm-products\/pid-regler\/einkanalregler\/\"},{\"@type\":\"ListItem\",\"position\":5,\"name\":\"Temperatur-\/Prozess-Regler der Serie 3200\"}]},{\"@type\":\"WebSite\",\"@id\":\"https:\/\/www.eurotherm.com\/de\/#website\",\"url\":\"https:\/\/www.eurotherm.com\/de\/\",\"name\":\"Eurotherm Limited\",\"description\":\"Temperature Control, Process Control, Measurement and Data Recording Solutions\",\"potentialAction\":[{\"@type\":\"SearchAction\",\"target\":{\"@type\":\"EntryPoint\",\"urlTemplate\":\"https:\/\/www.eurotherm.com\/de\/?s={search_term_string}\"},\"query-input\":{\"@type\":\"PropertyValueSpecification\",\"valueRequired\":true,\"valueName\":\"search_term_string\"}}],\"inLanguage\":\"de\"}]}<\/script>\n<!-- \/ Yoast SEO plugin. -->","yoast_head_json":{"title":"Temperatur-\/Prozess-Regler der Serie 3200 | Eurotherm Limited","description":"Temperatur-\/Prozess-Regler der Serie 3200 | Schnelle Grundeinstellung \u00fcber QuickStart f\u00fcr \"Out of the Box\"-Betrieb Experten-Konfiguratio","robots":{"index":"index","follow":"follow","max-snippet":"max-snippet:-1","max-image-preview":"max-image-preview:large","max-video-preview":"max-video-preview:-1"},"og_locale":"de_DE","og_type":"article","og_title":"Temperatur-\/Prozess-Regler der Serie 3200 | Eurotherm Limited","og_description":"Temperatur-\/Prozess-Regler der Serie 3200 | Die innovative Regler-Serie 3200 bietet pr\u00e4zise Regelung von Temperatur und anderen Prozessvariablen in Verbindung mit einer Vielzahl hochentwickelter Funktionen, die normalerweise nicht in dieser Ger\u00e4teklasse vertreten sind.","og_url":"https:\/\/www.eurotherm.com\/de\/products\/pid-regler\/einkanalregler\/3200-temperature-process-controller\/","og_site_name":"Eurotherm Limited","article_modified_time":"2023-08-22T09:21:07+00:00","og_image":[{"width":500,"height":500,"url":"https:\/\/www.eurotherm.com\/wp-content\/uploads\/2018\/10\/3200_series.jpg","type":"image\/jpeg"}],"twitter_card":"summary_large_image","twitter_misc":{"Gesch\u00e4tzte Lesezeit":"2\u00a0Minuten"},"schema":{"@context":"https:\/\/schema.org","@graph":[{"@type":"WebPage","@id":"https:\/\/www.eurotherm.com\/de\/products\/pid-regler\/einkanalregler\/3200-temperature-process-controller\/","url":"https:\/\/www.eurotherm.com\/de\/products\/pid-regler\/einkanalregler\/3200-temperature-process-controller\/","name":"Temperatur-\/Prozess-Regler der Serie 3200 | Eurotherm Limited","isPartOf":{"@id":"https:\/\/www.eurotherm.com\/de\/#website"},"primaryImageOfPage":{"@id":"https:\/\/www.eurotherm.com\/de\/products\/pid-regler\/einkanalregler\/3200-temperature-process-controller\/#primaryimage"},"image":{"@id":"https:\/\/www.eurotherm.com\/de\/products\/pid-regler\/einkanalregler\/3200-temperature-process-controller\/#primaryimage"},"thumbnailUrl":"https:\/\/www.eurotherm.com\/wp-content\/uploads\/2018\/10\/3200_series.jpg","datePublished":"2018-10-15T08:47:51+00:00","dateModified":"2023-08-22T09:21:07+00:00","description":"Temperatur-\/Prozess-Regler der Serie 3200 | Die innovative Regler-Serie 3200 bietet pr\u00e4zise Regelung von Temperatur und anderen Prozessvariablen in Verbindung mit einer Vielzahl hochentwickelter Funktionen, die normalerweise nicht in dieser Ger\u00e4teklasse vertreten sind.","breadcrumb":{"@id":"https:\/\/www.eurotherm.com\/de\/products\/pid-regler\/einkanalregler\/3200-temperature-process-controller\/#breadcrumb"},"inLanguage":"de","potentialAction":[{"@type":"ReadAction","target":["https:\/\/www.eurotherm.com\/de\/products\/pid-regler\/einkanalregler\/3200-temperature-process-controller\/"]}]},{"@type":"ImageObject","inLanguage":"de","@id":"https:\/\/www.eurotherm.com\/de\/products\/pid-regler\/einkanalregler\/3200-temperature-process-controller\/#primaryimage","url":"https:\/\/www.eurotherm.com\/wp-content\/uploads\/2018\/10\/3200_series.jpg","contentUrl":"https:\/\/www.eurotherm.com\/wp-content\/uploads\/2018\/10\/3200_series.jpg","width":500,"height":500},{"@type":"BreadcrumbList","@id":"https:\/\/www.eurotherm.com\/de\/products\/pid-regler\/einkanalregler\/3200-temperature-process-controller\/#breadcrumb","itemListElement":[{"@type":"ListItem","position":1,"name":"Home","item":"https:\/\/www.eurotherm.com\/de\/"},{"@type":"ListItem","position":2,"name":"Product Catalogue","item":"https:\/\/www.eurotherm.com\/de\/product-catalogue\/"},{"@type":"ListItem","position":3,"name":"PID-Regler","item":"https:\/\/www.eurotherm.com\/de\/eurotherm-products\/pid-regler\/"},{"@type":"ListItem","position":4,"name":"Einkanalregler","item":"https:\/\/www.eurotherm.com\/de\/eurotherm-products\/pid-regler\/einkanalregler\/"},{"@type":"ListItem","position":5,"name":"Temperatur-\/Prozess-Regler der Serie 3200"}]},{"@type":"WebSite","@id":"https:\/\/www.eurotherm.com\/de\/#website","url":"https:\/\/www.eurotherm.com\/de\/","name":"Eurotherm Limited","description":"Temperature Control, Process Control, Measurement and Data Recording Solutions","potentialAction":[{"@type":"SearchAction","target":{"@type":"EntryPoint","urlTemplate":"https:\/\/www.eurotherm.com\/de\/?s={search_term_string}"},"query-input":{"@type":"PropertyValueSpecification","valueRequired":true,"valueName":"search_term_string"}}],"inLanguage":"de"}]}},"ACF":{"product_file":[139813,28290,27454,27519,27520,27518,27516,27912,27897,27911,27942,27866,27943,27939,28507,27596,26870,26871,26868,28621,28626,28627,26873,26872,28628,26874,26875,28629,26876,26878,26877,27973,26879,27974,27972,26880,28622,26881,26883,29142,28625,26882,27958,28623,28075,27473,27497,27584,26843,27447,28039,78979,26844,27913,89053,97185,29141,105978,133628,133632,137176,144233],"product_status":"Active Product","enable_watlow_configurator":true,"watlow_product_type":"Multiple","watlow_configurator_links":[{"watlow_name":"3204 1\/4 DIN","watlow_link":"https:\/\/www.watlow.com\/Products\/Controllers\/Eurotherm\/3200-temperature-process-controller?econfig=3204"},{"watlow_name":"3208 1\/8 DIN","watlow_link":"https:\/\/www.watlow.com\/Products\/Controllers\/Eurotherm\/3200-temperature-process-controller?econfig=3208"},{"watlow_name":"32H8 1\/8 DIN Horizontal Unit","watlow_link":"https:\/\/www.watlow.com\/Products\/Controllers\/Eurotherm\/3200-temperature-process-controller?econfig=32H8"},{"watlow_name":"3216 1\/16 DIN","watlow_link":"https:\/\/www.watlow.com\/Products\/Controllers\/Eurotherm\/3200-temperature-process-controller?econfig=3216"}]},"jetpack_sharing_enabled":true,"_links":{"self":[{"href":"https:\/\/www.eurotherm.com\/de\/wp-json\/wp\/v2\/product\/23850","targetHints":{"allow":["GET"]}}],"collection":[{"href":"https:\/\/www.eurotherm.com\/de\/wp-json\/wp\/v2\/product"}],"about":[{"href":"https:\/\/www.eurotherm.com\/de\/wp-json\/wp\/v2\/types\/product"}],"wp:featuredmedia":[{"embeddable":true,"href":"https:\/\/www.eurotherm.com\/de\/wp-json\/wp\/v2\/media\/8961"}],"wp:attachment":[{"href":"https:\/\/www.eurotherm.com\/de\/wp-json\/wp\/v2\/media?parent=23850"}],"wp:term":[{"taxonomy":"product_brand","embeddable":true,"href":"https:\/\/www.eurotherm.com\/de\/wp-json\/wp\/v2\/product_brand?post=23850"},{"taxonomy":"product_cat","embeddable":true,"href":"https:\/\/www.eurotherm.com\/de\/wp-json\/wp\/v2\/product_cat?post=23850"},{"taxonomy":"product_tag","embeddable":true,"href":"https:\/\/www.eurotherm.com\/de\/wp-json\/wp\/v2\/product_tag?post=23850"}],"curies":[{"name":"wp","href":"https:\/\/api.w.org\/{rel}","templated":true}]}}