{"id":23845,"date":"2018-10-15T08:54:46","date_gmt":"2018-10-15T08:54:46","guid":{"rendered":"https:\/\/www.eurotherm.com\/product\/t2550-pac\/"},"modified":"2020-07-27T23:02:12","modified_gmt":"2020-07-27T15:02:12","slug":"t2550-pac","status":"publish","type":"product","link":"https:\/\/www.eurotherm.com\/de\/products\/maschinensteuerung-und-prozessautomatisierung\/automatisierungs-hardware\/t2550-pac\/","title":{"rendered":"T2550 PAC"},"content":{"rendered":"<ul>\n<li>Kosteneffektive Reglerredundanz mit automatischer Inbetriebnahme, sto\u00dffreie Umschaltung, redundante Kommunikation<\/li>\n<li>Stromversorgung: redundante Systemversorgung<\/li>\n<li>Hohe Systemverf\u00fcgbarkeit: redundante CPUs mit automatischer \u00dcbernahme<\/li>\n<li>Online-Rekonfiguration<\/li>\n<li>Redundante Datenaufzeichnung \u2013 jedes Prozessormodul mit eigener Flash Card<\/li>\n<li>Hot swap E\/A-Module \u2013 unter Spannung austauschbare Module<\/li>\n<li>Alarm-Monitoring<\/li>\n<li>Signalverarbeitung<\/li>\n<li>IEC 61131 Programmierung<\/li>\n<li>Erweiterte PID-Regelung<\/li>\n<\/ul>\n<h2>Unsere Technologie: leistungsstark und unkompliziert<\/h2>\n<p>Der T2550 ist eine Hochleistungs-L\u00f6sung, die extrem kosteneffektive Redundanzoptionen bietet und dadurch einem gr\u00f6\u00dferen Teil Ihres Prozesses zugute kommt. Die Regler- und E\/A-Funktionalit\u00e4t bilden die Grundlage einer dezentralen L\u00f6sung f\u00fcr stetige, logische und sequentielle Steuerung kombiniert mit einer sicheren Datenerfassung. So k\u00f6nnen Sie den Ertrag (ROI) aus Ihrem Prozess erh\u00f6hen.<\/p>\n<p>Wenn Sie nach Innovation und Einfachheit suchen, ist unser neuestes Automatisierungsprodukt genau das Richtige f\u00fcr Sie. Der Ausbau aller Module bei laufendem Betrieb, der automatischen Erkennung der E\/A-Module und Erstellung der Datenbank, individuelle Flash Card, klare Status-Anzeigen und ein intuitives Toolset machen den T2550 einfach in Benutzung, Installation, Engineering und Upgrade. Dank E-Sync-Technologie (einfache Synchronisation \u2013 Funktionalit\u00e4t von Eurotherm) k\u00f6nnte das Engineering einer Hochverf\u00fcgbarkeitsl\u00f6sung mit redundanten Prozessoren nicht einfacher sein.<\/p>\n<p>&nbsp;<\/p>\n<h2>Erh\u00f6hung der Prozess-Verf\u00fcgbarkeit, Senkung der Engineeringkosten<\/h2>\n<p>Der T2550 PAC bietet Hochverf\u00fcgbarkeit zu erschwinglichen Preisen, minimiert die Engineering-Kosten dank der Nutzung von E-Sync-Technologie, verk\u00fcrzt den Vorlauf f\u00fcr die Implementierung und senkt dauerhaft die Lebenszykluskosten.<\/p>\n<p>Der T2550 PAC reduziert die Engineeringkosten und maximiert durch seine hohe Verf\u00fcgbarkeit Ihre Prozessbetriebszeit. Im Duplex-Modus bietet der T2550 redundante Prozessoren, Spannungsversorgungen und Netzwerkverbindungen zu einem Preis-Leistungs-Verh\u00e4ltnis, das in diesem Marktsegment bisher unbekannt war. Mit einem einzigen Knopfdruck (E-Sync) erfolgt die Synchronisation des Sekund\u00e4rprozessors. W\u00e4hrend dieses Vorgangs werden alle Dateien vom Prim\u00e4rprozessor auf den Sekund\u00e4rprozessor kopiert, damit letzterer den Prim\u00e4rprozessor spiegeln und \u00fcbernehmen kann.<\/p>\n<p>&nbsp;<\/p>\n<h2>Redundante Datenaufzeichnung<\/h2>\n<p>Der T2550 bietet sichere Dateneraufzeichnung, ganz einfach durch Einstecken eines zus\u00e4tzlichen Prozessormoduls. Die Daten werden in f\u00e4lschungssicherem Format in einem nichtfl\u00fcchtigen Speicher gespeichert (Flash Card). F\u00fcr wertvolle Daten ist dies die einfachste und leistungsf\u00e4higste L\u00f6sung, die gegenw\u00e4rtig am Markt erh\u00e4ltlich ist.<\/p>\n<p>&nbsp;<\/p>\n<h2>Skalierbarkeit<\/h2>\n<p>Der T2550 eignet sich sowohl als integrierte L\u00f6sung mit leistungsstarker Kommunikation in einem gro\u00dfen Prozessleitsystem als auch f\u00fcr eine dezentrale oder zentrale Anlagenl\u00f6sung. Er unterst\u00fctzt Modbus TCP, serielle Modbus RTU (sowohl als Master als auch als Slave) Profibus Slave und OPC und kann in andere Systeme wie PC-basierte SCADA-Pakete, programmierbare Logikregler und den Eurotherm\u00ae Visual Supervisor eingebunden werden.<\/p>\n<p><strong>BESONDERS GEEIGNET F\u00dcR:<\/strong><\/p>\n<ul>\n<li>Retortenofen<\/li>\n<li>Glasofen<\/li>\n<li>Fermentation<\/li>\n<li>Sterilisation<\/li>\n<li>Gefriertrockner<\/li>\n<li>Geb\u00e4udeautomation (BMS)<\/li>\n<li>Monitoring \u2013\u00dcberwachung der Umgebungsbedingung (EMS)<\/li>\n<\/ul>\n","protected":false},"excerpt":{"rendered":"<h2>T2550 Programmable Automation Controller (PAC): Der erschwinglichste, hochverf\u00fcgbare PAC am Markt<\/h2>\n<p>Der T2550 ist eine Hochleistungs-L\u00f6sung, die extrem kosteneffektive Redundanzoptionen bietet und dadurch einem gr\u00f6\u00dferen Teil Ihres Prozesses zugute kommt.<\/p>\n","protected":false},"featured_media":149960,"template":"","meta":{"_acf_changed":false},"product_brand":[],"product_cat":[12438],"product_tag":[],"class_list":{"0":"post-23845","1":"product","2":"type-product","3":"status-publish","4":"has-post-thumbnail","6":"product_cat-automatisierungs-hardware","7":"product_shipping_class-1-de","9":"first","10":"instock","11":"purchasable","12":"product-type-simple"},"acf":[],"yoast_head":"<!-- This site is optimized with the Yoast SEO plugin v27.2 - https:\/\/yoast.com\/product\/yoast-seo-wordpress\/ -->\n<title>T2550 PAC | Eurotherm Limited<\/title>\n<meta name=\"description\" content=\"T2550 PAC | Kosteneffektive Reglerredundanz mit automatischer Inbetriebnahme, sto\u00dffreie Umschaltung, redundante Kommunikation Stromverso\" \/>\n<meta name=\"robots\" content=\"index, follow, max-snippet:-1, max-image-preview:large, max-video-preview:-1\" \/>\n<meta property=\"og:locale\" content=\"de_DE\" \/>\n<meta property=\"og:type\" content=\"article\" \/>\n<meta property=\"og:title\" content=\"T2550 PAC | Eurotherm Limited\" \/>\n<meta property=\"og:description\" content=\"T2550 PAC | T2550 Programmable Automation Controller (PAC): Der erschwinglichste, hochverf\u00fcgbare PAC am Markt Der T2550 ist eine Hochleistungs-L\u00f6sung, die extrem kosteneffektive Redundanzoptionen bietet und dadurch einem gr\u00f6\u00dferen Teil Ihres Prozesses zugute kommt.\" \/>\n<meta property=\"og:url\" content=\"https:\/\/www.eurotherm.com\/de\/products\/maschinensteuerung-und-prozessautomatisierung\/automatisierungs-hardware\/t2550-pac\/\" \/>\n<meta property=\"og:site_name\" content=\"Eurotherm Limited\" \/>\n<meta property=\"article:modified_time\" content=\"2020-07-27T15:02:12+00:00\" \/>\n<meta property=\"og:image\" content=\"https:\/\/www.eurotherm.com\/wp-content\/uploads\/2018\/10\/T2550_PAC-group-image.png\" \/>\n\t<meta property=\"og:image:width\" content=\"856\" \/>\n\t<meta property=\"og:image:height\" content=\"702\" \/>\n\t<meta property=\"og:image:type\" content=\"image\/png\" \/>\n<meta name=\"twitter:card\" content=\"summary_large_image\" \/>\n<meta name=\"twitter:label1\" content=\"Gesch\u00e4tzte Lesezeit\" \/>\n\t<meta name=\"twitter:data1\" content=\"2\u00a0Minuten\" \/>\n<script type=\"application\/ld+json\" class=\"yoast-schema-graph\">{\"@context\":\"https:\/\/schema.org\",\"@graph\":[{\"@type\":\"WebPage\",\"@id\":\"https:\/\/www.eurotherm.com\/de\/products\/maschinensteuerung-und-prozessautomatisierung\/automatisierungs-hardware\/t2550-pac\/\",\"url\":\"https:\/\/www.eurotherm.com\/de\/products\/maschinensteuerung-und-prozessautomatisierung\/automatisierungs-hardware\/t2550-pac\/\",\"name\":\"T2550 PAC | Eurotherm Limited\",\"isPartOf\":{\"@id\":\"https:\/\/www.eurotherm.com\/de\/#website\"},\"primaryImageOfPage\":{\"@id\":\"https:\/\/www.eurotherm.com\/de\/products\/maschinensteuerung-und-prozessautomatisierung\/automatisierungs-hardware\/t2550-pac\/#primaryimage\"},\"image\":{\"@id\":\"https:\/\/www.eurotherm.com\/de\/products\/maschinensteuerung-und-prozessautomatisierung\/automatisierungs-hardware\/t2550-pac\/#primaryimage\"},\"thumbnailUrl\":\"https:\/\/www.eurotherm.com\/wp-content\/uploads\/2018\/10\/T2550_PAC-group-image.png\",\"datePublished\":\"2018-10-15T08:54:46+00:00\",\"dateModified\":\"2020-07-27T15:02:12+00:00\",\"description\":\"T2550 PAC | T2550 Programmable Automation Controller (PAC): Der erschwinglichste, hochverf\u00fcgbare PAC am Markt Der T2550 ist eine Hochleistungs-L\u00f6sung, die extrem kosteneffektive Redundanzoptionen bietet und dadurch einem gr\u00f6\u00dferen Teil Ihres Prozesses zugute kommt.\",\"breadcrumb\":{\"@id\":\"https:\/\/www.eurotherm.com\/de\/products\/maschinensteuerung-und-prozessautomatisierung\/automatisierungs-hardware\/t2550-pac\/#breadcrumb\"},\"inLanguage\":\"de\",\"potentialAction\":[{\"@type\":\"ReadAction\",\"target\":[\"https:\/\/www.eurotherm.com\/de\/products\/maschinensteuerung-und-prozessautomatisierung\/automatisierungs-hardware\/t2550-pac\/\"]}]},{\"@type\":\"ImageObject\",\"inLanguage\":\"de\",\"@id\":\"https:\/\/www.eurotherm.com\/de\/products\/maschinensteuerung-und-prozessautomatisierung\/automatisierungs-hardware\/t2550-pac\/#primaryimage\",\"url\":\"https:\/\/www.eurotherm.com\/wp-content\/uploads\/2018\/10\/T2550_PAC-group-image.png\",\"contentUrl\":\"https:\/\/www.eurotherm.com\/wp-content\/uploads\/2018\/10\/T2550_PAC-group-image.png\",\"width\":856,\"height\":702},{\"@type\":\"BreadcrumbList\",\"@id\":\"https:\/\/www.eurotherm.com\/de\/products\/maschinensteuerung-und-prozessautomatisierung\/automatisierungs-hardware\/t2550-pac\/#breadcrumb\",\"itemListElement\":[{\"@type\":\"ListItem\",\"position\":1,\"name\":\"Home\",\"item\":\"https:\/\/www.eurotherm.com\/de\/\"},{\"@type\":\"ListItem\",\"position\":2,\"name\":\"Product Catalogue\",\"item\":\"https:\/\/www.eurotherm.com\/de\/product-catalogue\/\"},{\"@type\":\"ListItem\",\"position\":3,\"name\":\"Maschinensteuerung und Prozessautomatisierung\",\"item\":\"https:\/\/www.eurotherm.com\/de\/eurotherm-products\/maschinensteuerung-und-prozessautomatisierung\/\"},{\"@type\":\"ListItem\",\"position\":4,\"name\":\"Automatisierungs-Hardware\",\"item\":\"https:\/\/www.eurotherm.com\/de\/eurotherm-products\/maschinensteuerung-und-prozessautomatisierung\/automatisierungs-hardware\/\"},{\"@type\":\"ListItem\",\"position\":5,\"name\":\"T2550 PAC\"}]},{\"@type\":\"WebSite\",\"@id\":\"https:\/\/www.eurotherm.com\/de\/#website\",\"url\":\"https:\/\/www.eurotherm.com\/de\/\",\"name\":\"Eurotherm Limited\",\"description\":\"Temperature Control, Process Control, Measurement and Data Recording Solutions\",\"potentialAction\":[{\"@type\":\"SearchAction\",\"target\":{\"@type\":\"EntryPoint\",\"urlTemplate\":\"https:\/\/www.eurotherm.com\/de\/?s={search_term_string}\"},\"query-input\":{\"@type\":\"PropertyValueSpecification\",\"valueRequired\":true,\"valueName\":\"search_term_string\"}}],\"inLanguage\":\"de\"}]}<\/script>\n<!-- \/ Yoast SEO plugin. -->","yoast_head_json":{"title":"T2550 PAC | Eurotherm Limited","description":"T2550 PAC | Kosteneffektive Reglerredundanz mit automatischer Inbetriebnahme, sto\u00dffreie Umschaltung, redundante Kommunikation Stromverso","robots":{"index":"index","follow":"follow","max-snippet":"max-snippet:-1","max-image-preview":"max-image-preview:large","max-video-preview":"max-video-preview:-1"},"og_locale":"de_DE","og_type":"article","og_title":"T2550 PAC | Eurotherm Limited","og_description":"T2550 PAC | T2550 Programmable Automation Controller (PAC): Der erschwinglichste, hochverf\u00fcgbare PAC am Markt Der T2550 ist eine Hochleistungs-L\u00f6sung, die extrem kosteneffektive Redundanzoptionen bietet und dadurch einem gr\u00f6\u00dferen Teil Ihres Prozesses zugute kommt.","og_url":"https:\/\/www.eurotherm.com\/de\/products\/maschinensteuerung-und-prozessautomatisierung\/automatisierungs-hardware\/t2550-pac\/","og_site_name":"Eurotherm Limited","article_modified_time":"2020-07-27T15:02:12+00:00","og_image":[{"width":856,"height":702,"url":"https:\/\/www.eurotherm.com\/wp-content\/uploads\/2018\/10\/T2550_PAC-group-image.png","type":"image\/png"}],"twitter_card":"summary_large_image","twitter_misc":{"Gesch\u00e4tzte Lesezeit":"2\u00a0Minuten"},"schema":{"@context":"https:\/\/schema.org","@graph":[{"@type":"WebPage","@id":"https:\/\/www.eurotherm.com\/de\/products\/maschinensteuerung-und-prozessautomatisierung\/automatisierungs-hardware\/t2550-pac\/","url":"https:\/\/www.eurotherm.com\/de\/products\/maschinensteuerung-und-prozessautomatisierung\/automatisierungs-hardware\/t2550-pac\/","name":"T2550 PAC | Eurotherm Limited","isPartOf":{"@id":"https:\/\/www.eurotherm.com\/de\/#website"},"primaryImageOfPage":{"@id":"https:\/\/www.eurotherm.com\/de\/products\/maschinensteuerung-und-prozessautomatisierung\/automatisierungs-hardware\/t2550-pac\/#primaryimage"},"image":{"@id":"https:\/\/www.eurotherm.com\/de\/products\/maschinensteuerung-und-prozessautomatisierung\/automatisierungs-hardware\/t2550-pac\/#primaryimage"},"thumbnailUrl":"https:\/\/www.eurotherm.com\/wp-content\/uploads\/2018\/10\/T2550_PAC-group-image.png","datePublished":"2018-10-15T08:54:46+00:00","dateModified":"2020-07-27T15:02:12+00:00","description":"T2550 PAC | T2550 Programmable Automation Controller (PAC): Der erschwinglichste, hochverf\u00fcgbare PAC am Markt Der T2550 ist eine Hochleistungs-L\u00f6sung, die extrem kosteneffektive Redundanzoptionen bietet und dadurch einem gr\u00f6\u00dferen Teil Ihres Prozesses zugute kommt.","breadcrumb":{"@id":"https:\/\/www.eurotherm.com\/de\/products\/maschinensteuerung-und-prozessautomatisierung\/automatisierungs-hardware\/t2550-pac\/#breadcrumb"},"inLanguage":"de","potentialAction":[{"@type":"ReadAction","target":["https:\/\/www.eurotherm.com\/de\/products\/maschinensteuerung-und-prozessautomatisierung\/automatisierungs-hardware\/t2550-pac\/"]}]},{"@type":"ImageObject","inLanguage":"de","@id":"https:\/\/www.eurotherm.com\/de\/products\/maschinensteuerung-und-prozessautomatisierung\/automatisierungs-hardware\/t2550-pac\/#primaryimage","url":"https:\/\/www.eurotherm.com\/wp-content\/uploads\/2018\/10\/T2550_PAC-group-image.png","contentUrl":"https:\/\/www.eurotherm.com\/wp-content\/uploads\/2018\/10\/T2550_PAC-group-image.png","width":856,"height":702},{"@type":"BreadcrumbList","@id":"https:\/\/www.eurotherm.com\/de\/products\/maschinensteuerung-und-prozessautomatisierung\/automatisierungs-hardware\/t2550-pac\/#breadcrumb","itemListElement":[{"@type":"ListItem","position":1,"name":"Home","item":"https:\/\/www.eurotherm.com\/de\/"},{"@type":"ListItem","position":2,"name":"Product Catalogue","item":"https:\/\/www.eurotherm.com\/de\/product-catalogue\/"},{"@type":"ListItem","position":3,"name":"Maschinensteuerung und Prozessautomatisierung","item":"https:\/\/www.eurotherm.com\/de\/eurotherm-products\/maschinensteuerung-und-prozessautomatisierung\/"},{"@type":"ListItem","position":4,"name":"Automatisierungs-Hardware","item":"https:\/\/www.eurotherm.com\/de\/eurotherm-products\/maschinensteuerung-und-prozessautomatisierung\/automatisierungs-hardware\/"},{"@type":"ListItem","position":5,"name":"T2550 PAC"}]},{"@type":"WebSite","@id":"https:\/\/www.eurotherm.com\/de\/#website","url":"https:\/\/www.eurotherm.com\/de\/","name":"Eurotherm Limited","description":"Temperature Control, Process Control, Measurement and Data Recording Solutions","potentialAction":[{"@type":"SearchAction","target":{"@type":"EntryPoint","urlTemplate":"https:\/\/www.eurotherm.com\/de\/?s={search_term_string}"},"query-input":{"@type":"PropertyValueSpecification","valueRequired":true,"valueName":"search_term_string"}}],"inLanguage":"de"}]}},"ACF":{"product_file":[97234,27454,101297,28207,27990,28016,28206,28015,27921,27919,27922,27920,27916,27942,27866,27943,27939,28720,28718,27918,28721,28715,28719,28722,28716,27957,28648,27494,27917,27496,28526,28717,83090,105978,106653,106654,137168,28229]},"jetpack_sharing_enabled":true,"_links":{"self":[{"href":"https:\/\/www.eurotherm.com\/de\/wp-json\/wp\/v2\/product\/23845","targetHints":{"allow":["GET"]}}],"collection":[{"href":"https:\/\/www.eurotherm.com\/de\/wp-json\/wp\/v2\/product"}],"about":[{"href":"https:\/\/www.eurotherm.com\/de\/wp-json\/wp\/v2\/types\/product"}],"wp:featuredmedia":[{"embeddable":true,"href":"https:\/\/www.eurotherm.com\/de\/wp-json\/wp\/v2\/media\/149960"}],"wp:attachment":[{"href":"https:\/\/www.eurotherm.com\/de\/wp-json\/wp\/v2\/media?parent=23845"}],"wp:term":[{"taxonomy":"product_brand","embeddable":true,"href":"https:\/\/www.eurotherm.com\/de\/wp-json\/wp\/v2\/product_brand?post=23845"},{"taxonomy":"product_cat","embeddable":true,"href":"https:\/\/www.eurotherm.com\/de\/wp-json\/wp\/v2\/product_cat?post=23845"},{"taxonomy":"product_tag","embeddable":true,"href":"https:\/\/www.eurotherm.com\/de\/wp-json\/wp\/v2\/product_tag?post=23845"}],"curies":[{"name":"wp","href":"https:\/\/api.w.org\/{rel}","templated":true}]}}