{"id":23791,"date":"2018-10-15T08:46:55","date_gmt":"2018-10-15T08:46:55","guid":{"rendered":"https:\/\/www.eurotherm.com\/product\/programmregler-regler-der-serie-2400\/"},"modified":"2024-04-05T05:46:33","modified_gmt":"2024-04-04T21:46:33","slug":"2400-temperature-controller-programmer","status":"publish","type":"product","link":"https:\/\/www.eurotherm.com\/de\/products\/pid-regler\/einkanalregler\/2400-temperature-controller-programmer\/","title":{"rendered":"Programmregler\/Regler der Serie 2400"},"content":{"rendered":"<ul>\n<li>Vielseitige Hochstabilit\u00e4ts-Temperatur- und Prozess-Regler<\/li>\n<li>Selbstoptimierung mit Verhinderung von \u00dcberschwingen<\/li>\n<li>Sollwert-Programmgeber, der bis zu 20 Programme mit jeweils 16 Segmenten bietet<\/li>\n<li>Ausg\u00e4nge zum Heizen und K\u00fchlen<\/li>\n<li>Modulare Hardware<\/li>\n<li>Kundenspezifische Benutzeroberfl\u00e4che<\/li>\n<li>Digitale Kommunikation<\/li>\n<\/ul>\n<p>&nbsp;<\/p>\n<p>Ein Sollwert-Programmgeber, der bis zu 20 Programme mit jeweils 16 Segmenten bietet, ist verf\u00fcgbar.<br \/>\nDie Regler sind f\u00fcr eine Auswahl von Steckmodulen sowie f\u00fcr Heiz-, K\u00fchl- und Prozessausg\u00e4nge, analoge R\u00fcck\u00fcbertragung, einen zweiten Prozesswerteingang und einen externen Sollwert ausgelegt.<\/p>\n<p>&nbsp;<\/p>\n<p><strong>Pr\u00e4zise Regelung<\/strong><\/p>\n<p>Ein bew\u00e4hrter PID Regelalgorithmus bietet eine stabile &#8222;geradeaus&#8220; Regelung des Prozesses. Ein One-Shot-Tuner ist vorhanden, um die PID Parameter und Cutbackwerte automatisch festzusetzen und die Parameter zu kalkulieren. Dar\u00fcber hinaus \u00e4ndert die adaptive Parameteranpassung die Parameter entsprechend der sich \u00e4ndernden Prozesscharakteristik.<\/p>\n<p>&nbsp;<\/p>\n<p><strong>Alarme<\/strong><\/p>\n<p>Bis zu 4 Prozessalarme k\u00f6nnen auf einem Ausgang kombiniert werden. Die Alarme k\u00f6nnen als hohe oder niedrige Vollbereichsalarme, Regelabweichungsalarme, Gradientenalarme oder Lastfehleralarm konfiguriert werden.<\/p>\n<p>&nbsp;<\/p>\n<p><strong>Digitale Kommunikation<\/strong><\/p>\n<p>Die Regler sind mit 2-Leiter EIA485, 4-Leiter EIA422 oder EIA232 erh\u00e4ltlich. Die unterst\u00fctzten Industriestandard-Protokolle sind: Modbus, DeviceNet\u00ae, Profibus DP und Eurotherm\u00ae Bisynch.<\/p>\n<p>&nbsp;<\/p>\n<p><strong>BESONDERS GEEIGNET F\u00dcR:<\/strong><\/p>\n<ul>\n<li>Ein- und Mehrzonen-\u00d6fen<\/li>\n<li>Brenn\u00f6fen<\/li>\n<li>Klimakammern<\/li>\n<li>Einfaches Verh\u00e4ltnis<\/li>\n<li>Feuchtigkeit<\/li>\n<li>Chemische Applikationen<\/li>\n<li>Pharmazeutische Applikationen<\/li>\n<li>Glas\u00f6fen und K\u00fchl\u00f6fen<\/li>\n<\/ul>\n<p>&nbsp;<\/p>\n<p><strong>MERKMALE:<\/strong><\/p>\n<ul>\n<li>Hochstabile Regelung<\/li>\n<li>Bis zu 20 Programme<\/li>\n<li>16 Segmente<\/li>\n<li>Heizen und K\u00fchlen<\/li>\n<li>Benutzerdefinierbarer Betrieb<\/li>\n<li>Heizstrom\u00fcberwachung<\/li>\n<li>Mehrere Alarme auf einem Ausgang<\/li>\n<li>DC-R\u00fcck\u00fcbertragung<\/li>\n<li>Digitale Kommunikation\n<ul>\n<li>&#8211; ModBus RTU<\/li>\n<li>&#8211; Profibus DP-Netzwerk<\/li>\n<li>&#8211; DeviceNet-Netzwerk<\/li>\n<\/ul>\n<\/li>\n<\/ul>\n","protected":false},"excerpt":{"rendered":"<p>Die im 1\/16, 1\/8 und 1\/4 DIN-Format erh\u00e4ltlichen Hochstabilit\u00e4ts-Regler 2416, 2408 und 2404 verf\u00fcgen \u00fcber eine Vielfalt von Optionen. Es k\u00f6nnen entweder PID, EIN\/AUS oder Dreipunktschrittregelung konfiguriert werden, was unter anderem sowohl Elektro- als auch Gasheizungsapplikationen gerecht wird.<\/p>\n[gdpr-youtube id=\"pEPybtlbfLo\"]\n<p>Die meisten Varianten der Regler der Serien 2400 sind nicht mehr erh\u00e4ltlich. Unser Vorschlag als Ersatz sind die programmierbaren Regler der Serie EPC3000. F\u00fcr weitere Informationen klicken Sie bitte <a href=\"https:\/\/www.eurotherm.com\/de\/products\/pid-regler\/einkanalregler\/epc3000-programmable-controllers\/\" data-url=\"https:\/\/www.eurotherm.com\/de\/products\/pid-regler\/einkanalregler\/epc3000-programmable-controllers\/\" data-id=\"entity-ember2366\">hier.<\/a><\/p>\n","protected":false},"featured_media":9241,"template":"","meta":{"_acf_changed":false},"product_brand":[],"product_cat":[12471,12396],"product_tag":[],"class_list":{"0":"post-23791","1":"product","2":"type-product","3":"status-publish","4":"has-post-thumbnail","6":"product_cat-einkanalregler","7":"product_cat-pid-regler","8":"product_shipping_class-1-de","10":"first","11":"instock","12":"purchasable","13":"product-type-simple"},"acf":[],"yoast_head":"<!-- This site is optimized with the Yoast SEO plugin v27.2 - https:\/\/yoast.com\/product\/yoast-seo-wordpress\/ -->\n<title>Programmregler\/Regler der Serie 2400 | Eurotherm Limited<\/title>\n<meta name=\"description\" content=\"Programmregler\/Regler der Serie 2400 | Vielseitige Hochstabilit\u00e4ts-Temperatur- und Prozess-Regler Selbstoptimierung mit Verhinderung von\" \/>\n<meta name=\"robots\" content=\"index, follow, max-snippet:-1, max-image-preview:large, max-video-preview:-1\" \/>\n<meta property=\"og:locale\" content=\"de_DE\" \/>\n<meta property=\"og:type\" content=\"article\" \/>\n<meta property=\"og:title\" content=\"Programmregler\/Regler der Serie 2400 | Eurotherm Limited\" \/>\n<meta property=\"og:description\" content=\"Programmregler\/Regler der Serie 2400 | Die im 1\/16, 1\/8 und 1\/4 DIN-Format erh\u00e4ltlichen Hochstabilit\u00e4ts-Regler 2416, 2408 und 2404 verf\u00fcgen \u00fcber eine Vielfalt von Optionen. Es k\u00f6nnen entweder PID, EIN\/AUS oder Dreipunktschrittregelung konfiguriert werden, was unter anderem sowohl Elektro- als auch Gasheizungsapplikationen gerecht wird.    Die meisten Varianten der Regler der Serien 2400 sind nicht mehr erh\u00e4ltlich. Unser Vorschlag als Ersatz sind die programmierbaren Regler der Serie EPC3000. F\u00fcr weitere Informationen klicken Sie bitte hier.\" \/>\n<meta property=\"og:url\" content=\"https:\/\/www.eurotherm.com\/de\/products\/pid-regler\/einkanalregler\/2400-temperature-controller-programmer\/\" \/>\n<meta property=\"og:site_name\" content=\"Eurotherm Limited\" \/>\n<meta property=\"article:modified_time\" content=\"2024-04-04T21:46:33+00:00\" \/>\n<meta property=\"og:image\" content=\"https:\/\/www.eurotherm.com\/wp-content\/uploads\/2018\/10\/2400_Series.jpg\" \/>\n\t<meta property=\"og:image:width\" content=\"500\" \/>\n\t<meta property=\"og:image:height\" content=\"500\" \/>\n\t<meta property=\"og:image:type\" content=\"image\/jpeg\" \/>\n<meta name=\"twitter:card\" content=\"summary_large_image\" \/>\n<meta name=\"twitter:label1\" content=\"Gesch\u00e4tzte Lesezeit\" \/>\n\t<meta name=\"twitter:data1\" content=\"2\u00a0Minuten\" \/>\n<script type=\"application\/ld+json\" class=\"yoast-schema-graph\">{\"@context\":\"https:\/\/schema.org\",\"@graph\":[{\"@type\":\"WebPage\",\"@id\":\"https:\/\/www.eurotherm.com\/de\/products\/pid-regler\/einkanalregler\/2400-temperature-controller-programmer\/\",\"url\":\"https:\/\/www.eurotherm.com\/de\/products\/pid-regler\/einkanalregler\/2400-temperature-controller-programmer\/\",\"name\":\"Programmregler\/Regler der Serie 2400 | Eurotherm Limited\",\"isPartOf\":{\"@id\":\"https:\/\/www.eurotherm.com\/de\/#website\"},\"primaryImageOfPage\":{\"@id\":\"https:\/\/www.eurotherm.com\/de\/products\/pid-regler\/einkanalregler\/2400-temperature-controller-programmer\/#primaryimage\"},\"image\":{\"@id\":\"https:\/\/www.eurotherm.com\/de\/products\/pid-regler\/einkanalregler\/2400-temperature-controller-programmer\/#primaryimage\"},\"thumbnailUrl\":\"https:\/\/www.eurotherm.com\/wp-content\/uploads\/2018\/10\/2400_Series.jpg\",\"datePublished\":\"2018-10-15T08:46:55+00:00\",\"dateModified\":\"2024-04-04T21:46:33+00:00\",\"description\":\"Programmregler\/Regler der Serie 2400 | Die im 1\/16, 1\/8 und 1\/4 DIN-Format erh\u00e4ltlichen Hochstabilit\u00e4ts-Regler 2416, 2408 und 2404 verf\u00fcgen \u00fcber eine Vielfalt von Optionen. Es k\u00f6nnen entweder PID, EIN\/AUS oder Dreipunktschrittregelung konfiguriert werden, was unter anderem sowohl Elektro- als auch Gasheizungsapplikationen gerecht wird. Die meisten Varianten der Regler der Serien 2400 sind nicht mehr erh\u00e4ltlich. Unser Vorschlag als Ersatz sind die programmierbaren Regler der Serie EPC3000. F\u00fcr weitere Informationen klicken Sie bitte hier.\",\"breadcrumb\":{\"@id\":\"https:\/\/www.eurotherm.com\/de\/products\/pid-regler\/einkanalregler\/2400-temperature-controller-programmer\/#breadcrumb\"},\"inLanguage\":\"de\",\"potentialAction\":[{\"@type\":\"ReadAction\",\"target\":[\"https:\/\/www.eurotherm.com\/de\/products\/pid-regler\/einkanalregler\/2400-temperature-controller-programmer\/\"]}]},{\"@type\":\"ImageObject\",\"inLanguage\":\"de\",\"@id\":\"https:\/\/www.eurotherm.com\/de\/products\/pid-regler\/einkanalregler\/2400-temperature-controller-programmer\/#primaryimage\",\"url\":\"https:\/\/www.eurotherm.com\/wp-content\/uploads\/2018\/10\/2400_Series.jpg\",\"contentUrl\":\"https:\/\/www.eurotherm.com\/wp-content\/uploads\/2018\/10\/2400_Series.jpg\",\"width\":500,\"height\":500},{\"@type\":\"BreadcrumbList\",\"@id\":\"https:\/\/www.eurotherm.com\/de\/products\/pid-regler\/einkanalregler\/2400-temperature-controller-programmer\/#breadcrumb\",\"itemListElement\":[{\"@type\":\"ListItem\",\"position\":1,\"name\":\"Home\",\"item\":\"https:\/\/www.eurotherm.com\/de\/\"},{\"@type\":\"ListItem\",\"position\":2,\"name\":\"Product Catalogue\",\"item\":\"https:\/\/www.eurotherm.com\/de\/product-catalogue\/\"},{\"@type\":\"ListItem\",\"position\":3,\"name\":\"PID-Regler\",\"item\":\"https:\/\/www.eurotherm.com\/de\/eurotherm-products\/pid-regler\/\"},{\"@type\":\"ListItem\",\"position\":4,\"name\":\"Einkanalregler\",\"item\":\"https:\/\/www.eurotherm.com\/de\/eurotherm-products\/pid-regler\/einkanalregler\/\"},{\"@type\":\"ListItem\",\"position\":5,\"name\":\"Programmregler\/Regler der Serie 2400\"}]},{\"@type\":\"WebSite\",\"@id\":\"https:\/\/www.eurotherm.com\/de\/#website\",\"url\":\"https:\/\/www.eurotherm.com\/de\/\",\"name\":\"Eurotherm Limited\",\"description\":\"Temperature Control, Process Control, Measurement and Data Recording Solutions\",\"potentialAction\":[{\"@type\":\"SearchAction\",\"target\":{\"@type\":\"EntryPoint\",\"urlTemplate\":\"https:\/\/www.eurotherm.com\/de\/?s={search_term_string}\"},\"query-input\":{\"@type\":\"PropertyValueSpecification\",\"valueRequired\":true,\"valueName\":\"search_term_string\"}}],\"inLanguage\":\"de\"}]}<\/script>\n<!-- \/ Yoast SEO plugin. -->","yoast_head_json":{"title":"Programmregler\/Regler der Serie 2400 | Eurotherm Limited","description":"Programmregler\/Regler der Serie 2400 | Vielseitige Hochstabilit\u00e4ts-Temperatur- und Prozess-Regler Selbstoptimierung mit Verhinderung von","robots":{"index":"index","follow":"follow","max-snippet":"max-snippet:-1","max-image-preview":"max-image-preview:large","max-video-preview":"max-video-preview:-1"},"og_locale":"de_DE","og_type":"article","og_title":"Programmregler\/Regler der Serie 2400 | Eurotherm Limited","og_description":"Programmregler\/Regler der Serie 2400 | Die im 1\/16, 1\/8 und 1\/4 DIN-Format erh\u00e4ltlichen Hochstabilit\u00e4ts-Regler 2416, 2408 und 2404 verf\u00fcgen \u00fcber eine Vielfalt von Optionen. Es k\u00f6nnen entweder PID, EIN\/AUS oder Dreipunktschrittregelung konfiguriert werden, was unter anderem sowohl Elektro- als auch Gasheizungsapplikationen gerecht wird.    Die meisten Varianten der Regler der Serien 2400 sind nicht mehr erh\u00e4ltlich. Unser Vorschlag als Ersatz sind die programmierbaren Regler der Serie EPC3000. F\u00fcr weitere Informationen klicken Sie bitte hier.","og_url":"https:\/\/www.eurotherm.com\/de\/products\/pid-regler\/einkanalregler\/2400-temperature-controller-programmer\/","og_site_name":"Eurotherm Limited","article_modified_time":"2024-04-04T21:46:33+00:00","og_image":[{"width":500,"height":500,"url":"https:\/\/www.eurotherm.com\/wp-content\/uploads\/2018\/10\/2400_Series.jpg","type":"image\/jpeg"}],"twitter_card":"summary_large_image","twitter_misc":{"Gesch\u00e4tzte Lesezeit":"2\u00a0Minuten"},"schema":{"@context":"https:\/\/schema.org","@graph":[{"@type":"WebPage","@id":"https:\/\/www.eurotherm.com\/de\/products\/pid-regler\/einkanalregler\/2400-temperature-controller-programmer\/","url":"https:\/\/www.eurotherm.com\/de\/products\/pid-regler\/einkanalregler\/2400-temperature-controller-programmer\/","name":"Programmregler\/Regler der Serie 2400 | Eurotherm Limited","isPartOf":{"@id":"https:\/\/www.eurotherm.com\/de\/#website"},"primaryImageOfPage":{"@id":"https:\/\/www.eurotherm.com\/de\/products\/pid-regler\/einkanalregler\/2400-temperature-controller-programmer\/#primaryimage"},"image":{"@id":"https:\/\/www.eurotherm.com\/de\/products\/pid-regler\/einkanalregler\/2400-temperature-controller-programmer\/#primaryimage"},"thumbnailUrl":"https:\/\/www.eurotherm.com\/wp-content\/uploads\/2018\/10\/2400_Series.jpg","datePublished":"2018-10-15T08:46:55+00:00","dateModified":"2024-04-04T21:46:33+00:00","description":"Programmregler\/Regler der Serie 2400 | Die im 1\/16, 1\/8 und 1\/4 DIN-Format erh\u00e4ltlichen Hochstabilit\u00e4ts-Regler 2416, 2408 und 2404 verf\u00fcgen \u00fcber eine Vielfalt von Optionen. Es k\u00f6nnen entweder PID, EIN\/AUS oder Dreipunktschrittregelung konfiguriert werden, was unter anderem sowohl Elektro- als auch Gasheizungsapplikationen gerecht wird. Die meisten Varianten der Regler der Serien 2400 sind nicht mehr erh\u00e4ltlich. Unser Vorschlag als Ersatz sind die programmierbaren Regler der Serie EPC3000. F\u00fcr weitere Informationen klicken Sie bitte hier.","breadcrumb":{"@id":"https:\/\/www.eurotherm.com\/de\/products\/pid-regler\/einkanalregler\/2400-temperature-controller-programmer\/#breadcrumb"},"inLanguage":"de","potentialAction":[{"@type":"ReadAction","target":["https:\/\/www.eurotherm.com\/de\/products\/pid-regler\/einkanalregler\/2400-temperature-controller-programmer\/"]}]},{"@type":"ImageObject","inLanguage":"de","@id":"https:\/\/www.eurotherm.com\/de\/products\/pid-regler\/einkanalregler\/2400-temperature-controller-programmer\/#primaryimage","url":"https:\/\/www.eurotherm.com\/wp-content\/uploads\/2018\/10\/2400_Series.jpg","contentUrl":"https:\/\/www.eurotherm.com\/wp-content\/uploads\/2018\/10\/2400_Series.jpg","width":500,"height":500},{"@type":"BreadcrumbList","@id":"https:\/\/www.eurotherm.com\/de\/products\/pid-regler\/einkanalregler\/2400-temperature-controller-programmer\/#breadcrumb","itemListElement":[{"@type":"ListItem","position":1,"name":"Home","item":"https:\/\/www.eurotherm.com\/de\/"},{"@type":"ListItem","position":2,"name":"Product Catalogue","item":"https:\/\/www.eurotherm.com\/de\/product-catalogue\/"},{"@type":"ListItem","position":3,"name":"PID-Regler","item":"https:\/\/www.eurotherm.com\/de\/eurotherm-products\/pid-regler\/"},{"@type":"ListItem","position":4,"name":"Einkanalregler","item":"https:\/\/www.eurotherm.com\/de\/eurotherm-products\/pid-regler\/einkanalregler\/"},{"@type":"ListItem","position":5,"name":"Programmregler\/Regler der Serie 2400"}]},{"@type":"WebSite","@id":"https:\/\/www.eurotherm.com\/de\/#website","url":"https:\/\/www.eurotherm.com\/de\/","name":"Eurotherm Limited","description":"Temperature Control, Process Control, Measurement and Data Recording Solutions","potentialAction":[{"@type":"SearchAction","target":{"@type":"EntryPoint","urlTemplate":"https:\/\/www.eurotherm.com\/de\/?s={search_term_string}"},"query-input":{"@type":"PropertyValueSpecification","valueRequired":true,"valueName":"search_term_string"}}],"inLanguage":"de"}]}},"ACF":{"product_file":[27454,27942,27866,27943,27939,26692,27876,26686,29136,27473,26718,26695,26703,28614,26702,26701,26705,26706,26707,26691,26693,28336,26700,26714,29310,29309,27875,26704,26696,26699,26712,26711,26708,27886,26716,26709,26710,27995,29344,26715,26713,26727,26724,26719,27874,28330,26725,26721,26723,26717,26726,26720,26722,26841,27497,27584,26688,26687,26690,26685,28624,26614,89054,89079,27667,28128,28089,90351,28122,78478,28134,28090,27671,27669,27780,27781,27779,28121,27670,28093,87369,97153,27665,92216,78477,104011,28116,78464,78465,89545,78479,28124,28130,29213,28127,28123,28129,28149,28136,78487,97248,28132,90357,27668,27673,28113,28088,28133,28135,87015,28138,90350,27778,27672,27777,28115,26567,27597,28508,90352,28091,66535,137166],"product_status":"Discontinued","enable_watlow_configurator":false},"jetpack_sharing_enabled":true,"_links":{"self":[{"href":"https:\/\/www.eurotherm.com\/de\/wp-json\/wp\/v2\/product\/23791","targetHints":{"allow":["GET"]}}],"collection":[{"href":"https:\/\/www.eurotherm.com\/de\/wp-json\/wp\/v2\/product"}],"about":[{"href":"https:\/\/www.eurotherm.com\/de\/wp-json\/wp\/v2\/types\/product"}],"wp:featuredmedia":[{"embeddable":true,"href":"https:\/\/www.eurotherm.com\/de\/wp-json\/wp\/v2\/media\/9241"}],"wp:attachment":[{"href":"https:\/\/www.eurotherm.com\/de\/wp-json\/wp\/v2\/media?parent=23791"}],"wp:term":[{"taxonomy":"product_brand","embeddable":true,"href":"https:\/\/www.eurotherm.com\/de\/wp-json\/wp\/v2\/product_brand?post=23791"},{"taxonomy":"product_cat","embeddable":true,"href":"https:\/\/www.eurotherm.com\/de\/wp-json\/wp\/v2\/product_cat?post=23791"},{"taxonomy":"product_tag","embeddable":true,"href":"https:\/\/www.eurotherm.com\/de\/wp-json\/wp\/v2\/product_tag?post=23791"}],"curies":[{"name":"wp","href":"https:\/\/api.w.org\/{rel}","templated":true}]}}