{"id":23790,"date":"2018-10-15T08:46:55","date_gmt":"2018-10-15T08:46:55","guid":{"rendered":"https:\/\/www.eurotherm.com\/product\/programmregler-regler-der-serie-2200\/"},"modified":"2024-04-05T05:41:19","modified_gmt":"2024-04-04T21:41:19","slug":"2200-temperature-controller-programmer","status":"publish","type":"product","link":"https:\/\/www.eurotherm.com\/de\/products\/pid-regler\/einkanalregler\/2200-temperature-controller-programmer\/","title":{"rendered":"Programmregler\/Regler der Serie 2200"},"content":{"rendered":"<ul>\n<li>Vielseitige Hochstabilit\u00e4ts-Temperatur- und Prozess-Regler<\/li>\n<li>Selbstoptimierung mit Verhinderung von \u00dcberschwingen<\/li>\n<li>Ausg\u00e4nge zum Heizen und K\u00fchlen<\/li>\n<li>Modulare Hardware<\/li>\n<li>Kundenspezifische Benutzeroberfl\u00e4che<\/li>\n<li>Digitale Kommunikation<\/li>\n<\/ul>\n<p>Die modulare Hardware der Regler beinhaltet zwei Regelausg\u00e4nge, zwei Alarmrelais und ein Kommunikationsmodul.<\/p>\n<p>Die Ausg\u00e4nge sind f\u00fcr Heizen, K\u00fchlen oder Alarm konfigurierbar. Alle Instrumente sind vor Ort voll konfigurierbar.<\/p>\n<p>&nbsp;<\/p>\n<h2>Modulare Ausg\u00e4nge zum Heizen und K\u00fchlen<\/h2>\n<p>Modulare Ausg\u00e4nge zum Heizen und K\u00fchlen stehen gemeinsam mit einer Auswahl an einem oder zwei Alarmrelais-Ausg\u00e4ngen zur Verf\u00fcgung. Die Ger\u00e4te im Format 1\/8 und 1\/4 DIN haben zwei Digitalausg\u00e4nge zur Auswahl von automatischer\/manueller \u00dcbertragung, Standby, zweitem Sollwert oder Alarmbest\u00e4tigung.<\/p>\n<p>&nbsp;<\/p>\n<h2>Leichter Anschluss durch digitale Kommunikation<\/h2>\n<p>Digitale Kommunikation mit Industriestandard-Protokollen, einschlie\u00dflich Modbus und DeviceNetTM, steht f\u00fcr den problemlosen Anschluss an Leit- und Datenerfassungssysteme zur Verf\u00fcgung.<\/p>\n<p>&nbsp;<\/p>\n<h2>Einfache W\u00e4rmebehandlungsprofile<\/h2>\n<p>F\u00fcr Heizanwendungen k\u00f6nnen die Regler \u00fcber den internen Rampengenerator und Verweiltimer programmiert werden.<\/p>\n<p>&nbsp;<\/p>\n<h2>Erweiterte Laststrom\u00fcberwachung<\/h2>\n<p>Durch Einsatz der erweiterten Laststrom\u00fcberwachungsfunktion sind keine Amperemeter mehr erforderlich. Der Heizstrom kann angezeigt und Kurzschl\u00fcsse und Teillastfehler k\u00f6nnen erkannt werden.<\/p>\n<p>&nbsp;<\/p>\n<p><strong>BESONDERS GEEIGNET F\u00dcR:<\/strong><\/p>\n<ul>\n<li>Extrusion mit optimierten L\u00fcftungs-oder Wasserk\u00fchlungsalgorithmen<\/li>\n<li>Brenn- und Industrie\u00f6fen<\/li>\n<li>K\u00fchlh\u00e4user<\/li>\n<li>Verpackungsmaschinen<\/li>\n<li>Nahrungsmittel und Getr\u00e4nke<\/li>\n<\/ul>\n<p><strong>MERKMALE:<\/strong><\/p>\n<ul>\n<li>Universaleing\u00e4nge<\/li>\n<li>Ausg\u00e4nge zum Heizen und K\u00fchlen<\/li>\n<li>Dreipunktschrittregelung<\/li>\n<li>Bis zu drei Alarmrelais<\/li>\n<li>Sollwertrampe<\/li>\n<li>Heizstrom\u00fcberwachung<\/li>\n<li>Lastdiagnose<\/li>\n<\/ul>\n","protected":false},"excerpt":{"rendered":"<p>Die Modelle 2204e\/2208e sind vielseitige, hochstabile Temperatur- oder Prozessregler mit Selbstoptimierung in den Formaten 1\/16 DIN, 1\/8 DIN und 1\/4 DIN.<\/p>\n[gdpr-youtube id=\"pEPybtlbfLo\"]\n<p>Die meisten Varianten der Regler der Serien 2200 sind nicht mehr erh\u00e4ltlich. Unser Vorschlag als Ersatz sind die programmierbaren Regler der Serie EPC3000. F\u00fcr weitere Informationen klicken Sie bitte <a href=\"https:\/\/www.eurotherm.com\/de\/products\/pid-regler\/einkanalregler\/epc3000-programmable-controllers\/\" data-url=\"https:\/\/www.eurotherm.com\/de\/products\/pid-regler\/einkanalregler\/epc3000-programmable-controllers\/\" data-id=\"entity-ember2366\">hier.<\/a><\/p>\n<p>&nbsp;<\/p>\n","protected":false},"featured_media":9185,"template":"","meta":{"_acf_changed":false},"product_brand":[],"product_cat":[12471,12396],"product_tag":[],"class_list":{"0":"post-23790","1":"product","2":"type-product","3":"status-publish","4":"has-post-thumbnail","6":"product_cat-einkanalregler","7":"product_cat-pid-regler","8":"product_shipping_class-1-de","10":"first","11":"instock","12":"purchasable","13":"product-type-simple"},"acf":[],"yoast_head":"<!-- This site is optimized with the Yoast SEO plugin v27.2 - https:\/\/yoast.com\/product\/yoast-seo-wordpress\/ -->\n<title>Programmregler\/Regler der Serie 2200 | Eurotherm Limited<\/title>\n<meta name=\"description\" content=\"Programmregler\/Regler der Serie 2200 | Vielseitige Hochstabilit\u00e4ts-Temperatur- und Prozess-Regler Selbstoptimierung mit Verhinderung von\" \/>\n<meta name=\"robots\" content=\"index, follow, max-snippet:-1, max-image-preview:large, max-video-preview:-1\" \/>\n<meta property=\"og:locale\" content=\"de_DE\" \/>\n<meta property=\"og:type\" content=\"article\" \/>\n<meta property=\"og:title\" content=\"Programmregler\/Regler der Serie 2200 | Eurotherm Limited\" \/>\n<meta property=\"og:description\" content=\"Programmregler\/Regler der Serie 2200 | Die Modelle 2204e\/2208e sind vielseitige, hochstabile Temperatur- oder Prozessregler mit Selbstoptimierung in den Formaten 1\/16 DIN, 1\/8 DIN und 1\/4 DIN.    Die meisten Varianten der Regler der Serien 2200 sind nicht mehr erh\u00e4ltlich. Unser Vorschlag als Ersatz sind die programmierbaren Regler der Serie EPC3000. F\u00fcr weitere Informationen klicken Sie bitte hier.  &nbsp;\" \/>\n<meta property=\"og:url\" content=\"https:\/\/www.eurotherm.com\/de\/products\/pid-regler\/einkanalregler\/2200-temperature-controller-programmer\/\" \/>\n<meta property=\"og:site_name\" content=\"Eurotherm Limited\" \/>\n<meta property=\"article:modified_time\" content=\"2024-04-04T21:41:19+00:00\" \/>\n<meta property=\"og:image\" content=\"https:\/\/www.eurotherm.com\/wp-content\/uploads\/2018\/10\/2200_Series.jpg\" \/>\n\t<meta property=\"og:image:width\" content=\"500\" \/>\n\t<meta property=\"og:image:height\" content=\"500\" \/>\n\t<meta property=\"og:image:type\" content=\"image\/jpeg\" \/>\n<meta name=\"twitter:card\" content=\"summary_large_image\" \/>\n<meta name=\"twitter:label1\" content=\"Gesch\u00e4tzte Lesezeit\" \/>\n\t<meta name=\"twitter:data1\" content=\"2\u00a0Minuten\" \/>\n<script type=\"application\/ld+json\" class=\"yoast-schema-graph\">{\"@context\":\"https:\/\/schema.org\",\"@graph\":[{\"@type\":\"WebPage\",\"@id\":\"https:\/\/www.eurotherm.com\/de\/products\/pid-regler\/einkanalregler\/2200-temperature-controller-programmer\/\",\"url\":\"https:\/\/www.eurotherm.com\/de\/products\/pid-regler\/einkanalregler\/2200-temperature-controller-programmer\/\",\"name\":\"Programmregler\/Regler der Serie 2200 | Eurotherm Limited\",\"isPartOf\":{\"@id\":\"https:\/\/www.eurotherm.com\/de\/#website\"},\"primaryImageOfPage\":{\"@id\":\"https:\/\/www.eurotherm.com\/de\/products\/pid-regler\/einkanalregler\/2200-temperature-controller-programmer\/#primaryimage\"},\"image\":{\"@id\":\"https:\/\/www.eurotherm.com\/de\/products\/pid-regler\/einkanalregler\/2200-temperature-controller-programmer\/#primaryimage\"},\"thumbnailUrl\":\"https:\/\/www.eurotherm.com\/wp-content\/uploads\/2018\/10\/2200_Series.jpg\",\"datePublished\":\"2018-10-15T08:46:55+00:00\",\"dateModified\":\"2024-04-04T21:41:19+00:00\",\"description\":\"Programmregler\/Regler der Serie 2200 | Die Modelle 2204e\/2208e sind vielseitige, hochstabile Temperatur- oder Prozessregler mit Selbstoptimierung in den Formaten 1\/16 DIN, 1\/8 DIN und 1\/4 DIN. Die meisten Varianten der Regler der Serien 2200 sind nicht mehr erh\u00e4ltlich. Unser Vorschlag als Ersatz sind die programmierbaren Regler der Serie EPC3000. F\u00fcr weitere Informationen klicken Sie bitte hier. &nbsp;\",\"breadcrumb\":{\"@id\":\"https:\/\/www.eurotherm.com\/de\/products\/pid-regler\/einkanalregler\/2200-temperature-controller-programmer\/#breadcrumb\"},\"inLanguage\":\"de\",\"potentialAction\":[{\"@type\":\"ReadAction\",\"target\":[\"https:\/\/www.eurotherm.com\/de\/products\/pid-regler\/einkanalregler\/2200-temperature-controller-programmer\/\"]}]},{\"@type\":\"ImageObject\",\"inLanguage\":\"de\",\"@id\":\"https:\/\/www.eurotherm.com\/de\/products\/pid-regler\/einkanalregler\/2200-temperature-controller-programmer\/#primaryimage\",\"url\":\"https:\/\/www.eurotherm.com\/wp-content\/uploads\/2018\/10\/2200_Series.jpg\",\"contentUrl\":\"https:\/\/www.eurotherm.com\/wp-content\/uploads\/2018\/10\/2200_Series.jpg\",\"width\":500,\"height\":500},{\"@type\":\"BreadcrumbList\",\"@id\":\"https:\/\/www.eurotherm.com\/de\/products\/pid-regler\/einkanalregler\/2200-temperature-controller-programmer\/#breadcrumb\",\"itemListElement\":[{\"@type\":\"ListItem\",\"position\":1,\"name\":\"Home\",\"item\":\"https:\/\/www.eurotherm.com\/de\/\"},{\"@type\":\"ListItem\",\"position\":2,\"name\":\"Product Catalogue\",\"item\":\"https:\/\/www.eurotherm.com\/de\/product-catalogue\/\"},{\"@type\":\"ListItem\",\"position\":3,\"name\":\"PID-Regler\",\"item\":\"https:\/\/www.eurotherm.com\/de\/eurotherm-products\/pid-regler\/\"},{\"@type\":\"ListItem\",\"position\":4,\"name\":\"Einkanalregler\",\"item\":\"https:\/\/www.eurotherm.com\/de\/eurotherm-products\/pid-regler\/einkanalregler\/\"},{\"@type\":\"ListItem\",\"position\":5,\"name\":\"Programmregler\/Regler der Serie 2200\"}]},{\"@type\":\"WebSite\",\"@id\":\"https:\/\/www.eurotherm.com\/de\/#website\",\"url\":\"https:\/\/www.eurotherm.com\/de\/\",\"name\":\"Eurotherm Limited\",\"description\":\"Temperature Control, Process Control, Measurement and Data Recording Solutions\",\"potentialAction\":[{\"@type\":\"SearchAction\",\"target\":{\"@type\":\"EntryPoint\",\"urlTemplate\":\"https:\/\/www.eurotherm.com\/de\/?s={search_term_string}\"},\"query-input\":{\"@type\":\"PropertyValueSpecification\",\"valueRequired\":true,\"valueName\":\"search_term_string\"}}],\"inLanguage\":\"de\"}]}<\/script>\n<!-- \/ Yoast SEO plugin. -->","yoast_head_json":{"title":"Programmregler\/Regler der Serie 2200 | Eurotherm Limited","description":"Programmregler\/Regler der Serie 2200 | Vielseitige Hochstabilit\u00e4ts-Temperatur- und Prozess-Regler Selbstoptimierung mit Verhinderung von","robots":{"index":"index","follow":"follow","max-snippet":"max-snippet:-1","max-image-preview":"max-image-preview:large","max-video-preview":"max-video-preview:-1"},"og_locale":"de_DE","og_type":"article","og_title":"Programmregler\/Regler der Serie 2200 | Eurotherm Limited","og_description":"Programmregler\/Regler der Serie 2200 | Die Modelle 2204e\/2208e sind vielseitige, hochstabile Temperatur- oder Prozessregler mit Selbstoptimierung in den Formaten 1\/16 DIN, 1\/8 DIN und 1\/4 DIN.    Die meisten Varianten der Regler der Serien 2200 sind nicht mehr erh\u00e4ltlich. Unser Vorschlag als Ersatz sind die programmierbaren Regler der Serie EPC3000. F\u00fcr weitere Informationen klicken Sie bitte hier.  &nbsp;","og_url":"https:\/\/www.eurotherm.com\/de\/products\/pid-regler\/einkanalregler\/2200-temperature-controller-programmer\/","og_site_name":"Eurotherm Limited","article_modified_time":"2024-04-04T21:41:19+00:00","og_image":[{"width":500,"height":500,"url":"https:\/\/www.eurotherm.com\/wp-content\/uploads\/2018\/10\/2200_Series.jpg","type":"image\/jpeg"}],"twitter_card":"summary_large_image","twitter_misc":{"Gesch\u00e4tzte Lesezeit":"2\u00a0Minuten"},"schema":{"@context":"https:\/\/schema.org","@graph":[{"@type":"WebPage","@id":"https:\/\/www.eurotherm.com\/de\/products\/pid-regler\/einkanalregler\/2200-temperature-controller-programmer\/","url":"https:\/\/www.eurotherm.com\/de\/products\/pid-regler\/einkanalregler\/2200-temperature-controller-programmer\/","name":"Programmregler\/Regler der Serie 2200 | Eurotherm Limited","isPartOf":{"@id":"https:\/\/www.eurotherm.com\/de\/#website"},"primaryImageOfPage":{"@id":"https:\/\/www.eurotherm.com\/de\/products\/pid-regler\/einkanalregler\/2200-temperature-controller-programmer\/#primaryimage"},"image":{"@id":"https:\/\/www.eurotherm.com\/de\/products\/pid-regler\/einkanalregler\/2200-temperature-controller-programmer\/#primaryimage"},"thumbnailUrl":"https:\/\/www.eurotherm.com\/wp-content\/uploads\/2018\/10\/2200_Series.jpg","datePublished":"2018-10-15T08:46:55+00:00","dateModified":"2024-04-04T21:41:19+00:00","description":"Programmregler\/Regler der Serie 2200 | Die Modelle 2204e\/2208e sind vielseitige, hochstabile Temperatur- oder Prozessregler mit Selbstoptimierung in den Formaten 1\/16 DIN, 1\/8 DIN und 1\/4 DIN. Die meisten Varianten der Regler der Serien 2200 sind nicht mehr erh\u00e4ltlich. Unser Vorschlag als Ersatz sind die programmierbaren Regler der Serie EPC3000. F\u00fcr weitere Informationen klicken Sie bitte hier. &nbsp;","breadcrumb":{"@id":"https:\/\/www.eurotherm.com\/de\/products\/pid-regler\/einkanalregler\/2200-temperature-controller-programmer\/#breadcrumb"},"inLanguage":"de","potentialAction":[{"@type":"ReadAction","target":["https:\/\/www.eurotherm.com\/de\/products\/pid-regler\/einkanalregler\/2200-temperature-controller-programmer\/"]}]},{"@type":"ImageObject","inLanguage":"de","@id":"https:\/\/www.eurotherm.com\/de\/products\/pid-regler\/einkanalregler\/2200-temperature-controller-programmer\/#primaryimage","url":"https:\/\/www.eurotherm.com\/wp-content\/uploads\/2018\/10\/2200_Series.jpg","contentUrl":"https:\/\/www.eurotherm.com\/wp-content\/uploads\/2018\/10\/2200_Series.jpg","width":500,"height":500},{"@type":"BreadcrumbList","@id":"https:\/\/www.eurotherm.com\/de\/products\/pid-regler\/einkanalregler\/2200-temperature-controller-programmer\/#breadcrumb","itemListElement":[{"@type":"ListItem","position":1,"name":"Home","item":"https:\/\/www.eurotherm.com\/de\/"},{"@type":"ListItem","position":2,"name":"Product Catalogue","item":"https:\/\/www.eurotherm.com\/de\/product-catalogue\/"},{"@type":"ListItem","position":3,"name":"PID-Regler","item":"https:\/\/www.eurotherm.com\/de\/eurotherm-products\/pid-regler\/"},{"@type":"ListItem","position":4,"name":"Einkanalregler","item":"https:\/\/www.eurotherm.com\/de\/eurotherm-products\/pid-regler\/einkanalregler\/"},{"@type":"ListItem","position":5,"name":"Programmregler\/Regler der Serie 2200"}]},{"@type":"WebSite","@id":"https:\/\/www.eurotherm.com\/de\/#website","url":"https:\/\/www.eurotherm.com\/de\/","name":"Eurotherm Limited","description":"Temperature Control, Process Control, Measurement and Data Recording Solutions","potentialAction":[{"@type":"SearchAction","target":{"@type":"EntryPoint","urlTemplate":"https:\/\/www.eurotherm.com\/de\/?s={search_term_string}"},"query-input":{"@type":"PropertyValueSpecification","valueRequired":true,"valueName":"search_term_string"}}],"inLanguage":"de"}]}},"ACF":{"product_file":[27454,27942,27866,27943,27939,29135,27473,26654,26676,26670,26671,28348,26680,26681,26675,26678,26679,26672,26674,26677,26683,26673,26682,26661,26660,26665,26666,26663,26669,28347,26667,26668,26664,26662,29311,29347,27879,27497,26653,26656,27584,26614,27667,28128,28089,90351,28122,78478,28134,28090,27669,27780,27671,27781,27779,28121,27670,28093,87369,97153,27665,92216,78477,104011,28116,78464,89545,78465,78479,28124,28130,29213,28127,28123,28129,28149,28136,78487,97248,28132,90357,27668,27673,28113,28088,28133,28135,87015,28138,90350,27778,27672,27777,28115,26567,27597,28508,90352,28091,66535],"product_status":"To Be Discontinued","enable_watlow_configurator":false},"jetpack_sharing_enabled":true,"_links":{"self":[{"href":"https:\/\/www.eurotherm.com\/de\/wp-json\/wp\/v2\/product\/23790","targetHints":{"allow":["GET"]}}],"collection":[{"href":"https:\/\/www.eurotherm.com\/de\/wp-json\/wp\/v2\/product"}],"about":[{"href":"https:\/\/www.eurotherm.com\/de\/wp-json\/wp\/v2\/types\/product"}],"wp:featuredmedia":[{"embeddable":true,"href":"https:\/\/www.eurotherm.com\/de\/wp-json\/wp\/v2\/media\/9185"}],"wp:attachment":[{"href":"https:\/\/www.eurotherm.com\/de\/wp-json\/wp\/v2\/media?parent=23790"}],"wp:term":[{"taxonomy":"product_brand","embeddable":true,"href":"https:\/\/www.eurotherm.com\/de\/wp-json\/wp\/v2\/product_brand?post=23790"},{"taxonomy":"product_cat","embeddable":true,"href":"https:\/\/www.eurotherm.com\/de\/wp-json\/wp\/v2\/product_cat?post=23790"},{"taxonomy":"product_tag","embeddable":true,"href":"https:\/\/www.eurotherm.com\/de\/wp-json\/wp\/v2\/product_tag?post=23790"}],"curies":[{"name":"wp","href":"https:\/\/api.w.org\/{rel}","templated":true}]}}