{"id":23786,"date":"2018-10-15T08:52:56","date_gmt":"2018-10-15T08:52:56","guid":{"rendered":"https:\/\/www.eurotherm.com\/product\/piccolo-temperatur-und-prozessregler-p116-p108-p104\/"},"modified":"2023-08-22T18:49:08","modified_gmt":"2023-08-22T10:49:08","slug":"piccolo-controller-p116-p108-p104","status":"publish","type":"product","link":"https:\/\/www.eurotherm.com\/de\/products\/pid-regler\/einkanalregler\/piccolo-controller-p116-p108-p104\/","title":{"rendered":"piccolo\u2122 Temperatur- und Prozessregler &#8211; P116 \/ P108 \/ P104"},"content":{"rendered":"<p>Mit herausragender Leistung zu kleinem Preis ist die piccolo\u2122 Reihe die ideale L\u00f6sung f\u00fcr eine Vielzahl von Applikationen. Die Serie garantiert extrem einfachen Zugriff auf die Parametrierung und Bedienung in einem hochqualitativen Ger\u00e4t.<br \/>\nTrotz der umfassenden Funktionalit\u00e4t ist die Serie \u00e4u\u00dferst bedienerfreundlich und kann individuell auf die Kundenanforderungen angepasst werden. Mit der eingebauten Selbstoptimierung ist die Einstellung auf den Prozess kinderleicht.<\/p>\n<p>&nbsp;<\/p>\n<h2>Hohe Qualit\u00e4t und hohe Betriebssicherheit<\/h2>\n<p>Der piccolo Regler ist ein Ger\u00e4t mit hoher Qualit\u00e4t und Betriebssicherheit von einem weltf\u00fchrenden Hersteller mit globalem Support und weltweiten Service-Niederlassungen. Eine dreij\u00e4hrige Garantie ist Standard.<\/p>\n<p>&nbsp;<\/p>\n<h2>Rampen-Haltezeit Timer und Soft Start<\/h2>\n<p>F\u00fcr zeitabh\u00e4ngige Temperatursequenzen ist ein Rampe-Haltezeit-Timer verf\u00fcgbar. Der Timer kommt zum Einsatz um z. B. stufenweise die Temperatur in einer Heizzone zu \u00e4ndern und wieder zu halten, bis der gew\u00fcnschte Endwert erreicht ist. Dies ist vor Allem von Vorteil, wenn Werkst\u00fccke vor thermischem Schock gesch\u00fctzt werden m\u00fcssen.<\/p>\n<p>&nbsp;<\/p>\n<h2>Verhinderung von \u00dcberschwingern<\/h2>\n<p>Das einmalige Cutbacksystem von Eurotherm sichert genaue Regelung am Sollwert und verhindert &#8211; bei korrekter Optimierung &#8211; Temperatur\u00fcberschwinger.<\/p>\n<h2>Anzeige Energieverbrauch<\/h2>\n<p>Der piccolo\u2122 Regler verf\u00fcgt \u00fcber eine Anzeige des Energieverbrauchs und bietet damit die Basisdaten f\u00fcr eine Energiebedarfsauswertung zur kontinuierlichen Optimierung des Prozesses und Kaizen Techniken.<\/p>\n<h2>Heizelement Fehlererkennung<\/h2>\n<p>Mit Verwendung des optionalen Stromwandler-Adapters \u00fcberwacht der piccolo den Laststromstatus in elektrischen Heizelementen und generiert Status- und Alarminformationen. Diese dienen dem Erkennen von Heizelementfehlern und Kurzschl\u00fcssen und erm\u00f6glichen so ein schnelles Eingreifen, damit verbleibende Heizelemente nicht besch\u00e4digt werden.<\/p>\n<h2>Modbus digitale Kommunikation<\/h2>\n<p>Der piccolo unterst\u00fctzt optional 2-Leiter EIA485 Kommunikation unter Verwendung des Modbus RTU Protokolls.<\/p>\n<h2>Digitale Sollwert\u00fcbertragung<\/h2>\n<p>Optional ist der piccolo Regler f\u00e4hig, einen Sollwert \u00fcber die Master Modbus Kommunikation zu verschiedenen Slaves zu senden, um so eine Mehrzonen Regelung zu erm\u00f6glichen. Das erfordert die EIA485 Option.<\/p>\n<p>&nbsp;<\/p>\n<h2>Analoge \u00dcbertragung<\/h2>\n<p>\u00dcber eine 4-20 mA analoge \u00dcbertragung kann der Regler Sollwerte oder andere Prozessvariablen zu nachgelagerten Bauteilen oder Datenschreibern \u00fcbertragen.<\/p>\n<h2>Einfache und kundenspezifische Bedienschnittstelle (HMI)<\/h2>\n<p>Die Bedienung des piccolo Reglers baut auf eine einfache Men\u00fcstruktur auf. Die einzelnen Eingaben k\u00f6nnen eindeutig in den Abschnitten der Bedienungs- und Konfigurationsanleitungen identifiziert werden, um R\u00e4tselraten w\u00e4hrend der Inbetriebnahme zu vermeiden. Die Bedienermen\u00fcs lassen sich vollst\u00e4ndig auf den Kunden anpassen und mit verschiedenen Passw\u00f6rtern f\u00fcr Bediener- und Supervisorzugriff versehen, um unautorisierten Zugriff zu vermeiden.<\/p>\n<h2>Abwaschbare Front<\/h2>\n<p>Die Schutzart IP65 erm\u00f6glicht den Einsatz der Ger\u00e4te in abwaschbaren oder staubigen Anwendungen. Die Front ist auf den Kunden anpassbar und somit ideal f\u00fcr OEMs.<\/p>\n<h2>Gut sichtbares, dreifarbiges Farb-LED Display<\/h2>\n<p>Die Prozess- und Alarmanzeige erscheint auf dem hell leuchtenden dreifarbigen LED Display.<\/p>\n<h2>Recovery Punkt<\/h2>\n<p>Der P100 enth\u00e4lt eine neue Funktion, den RECOVERY PUNKT. \u00dcber diese Funktion kann der Bediener einen \u201cSchnappschuss\u201d der aktuellen Ger\u00e4teeinstellungen (Bedien- und Konfigurationsparameter) erstellen.<br \/>\nDiese Werte k\u00f6nnen jederzeit wieder hergestellt werden, um \u00c4nderungen w\u00e4hrend des Betriebs r\u00fcckg\u00e4ngig zu machen.<br \/>\nEin autorisierter Bediener kann die Werte in der Recovery Punkt Tabelle ver\u00e4ndern, indem die Konfiguration \u00fcber das Fronpanel oder \u00fcber ein Konfigurationswerkzeug auf PC Basis gesichert wird.<\/p>\n<h2>Konfigurationsadapter<\/h2>\n<p>Der piccolo Regler kann \u00fcber einen Konfigurationsadapter an einem PC mit iTools Konfigurationssoftware angeschlossen werden. Dieser Adapter erm\u00f6glicht die Kommunikation und Konfiguration der Ger\u00e4te \u00fcber iTools, ohne dass die Ger\u00e4te angeschlossen sein m\u00fcssen.<\/p>\n<h2>iTools Wizard<\/h2>\n<p>Der Wizard dient der Vereinfachung des piccolo Setups. Er f\u00fchrt den Anwender durch den Konfigurationsprozess mit interaktiver Hilfe und grafischer Darstellung der Funktionen.<\/p>\n<p>&nbsp;<\/p>\n<p><strong>Besonders geeignet f\u00fcr:<\/strong><\/p>\n<ul>\n<li>Pr\u00e4zisions PID-Regler<\/li>\n<li>Kunststoff Extrusion<\/li>\n<li>Nahrungs- und Genussmittel<\/li>\n<li>\u00d6fen und Hoch\u00f6fen<\/li>\n<li>Inkubatoren<\/li>\n<li>Laborausr\u00fcstung<\/li>\n<\/ul>\n<p><strong>Merkmale:<\/strong><\/p>\n<ul>\n<li>Pr\u00e4zise PID-Regelung<\/li>\n<li>Einfache Bedienung und Anwendung<\/li>\n<li>Hohe Qualit\u00e4t und Zuverl\u00e4ssigkeit<\/li>\n<li>Rampen-Haltezeit Timer und Soft Start<\/li>\n<li>Verhinderung von \u00dcberschwingern<\/li>\n<li>Anzeige des Energieverbrauchs<\/li>\n<li>Heizkreis Fehlererkennung<\/li>\n<li>Digitale Modbus RTU Kommunikation<\/li>\n<li>Digitale Sollwert\u00fcbertragung<\/li>\n<li>Analoge \u00dcbertragung<\/li>\n<li>Bedienerfreundliche und kundenspezifische Oberfl\u00e4che<\/li>\n<li>Dreifarbiges, klares Display<\/li>\n<li>LED Display<\/li>\n<li>Abwaschbare Front<\/li>\n<li>Wipedown front fascia<\/li>\n<li>Recovery Punt R\u00fcckg\u00e4ngig Funktion<\/li>\n<li>Konfigurationsadapter<\/li>\n<li>iTools Wizard<\/li>\n<\/ul>\n","protected":false},"excerpt":{"rendered":"<h2>piccolo\u2122 Temperatur- und Prozessregler<\/h2>\n<p>Die Eurotherm piccolo\u2122 Regler Serie bietet pr\u00e4zise Temperaturregelung, in Verbindung mit h\u00f6chster Funktionalit\u00e4t und ist damit f\u00fchrend in ihrer Ger\u00e4teklasse.<\/p>\n","protected":false},"featured_media":8275,"template":"","meta":{"_acf_changed":false},"product_brand":[],"product_cat":[12471,12467,12469,12396,1058],"product_tag":[],"class_list":{"0":"post-23786","1":"product","2":"type-product","3":"status-publish","4":"has-post-thumbnail","6":"product_cat-einkanalregler","7":"product_cat-ero-electronic-de","8":"product_cat-piccolo-controller-de","9":"product_cat-pid-regler","10":"product_cat-produkte-ger","11":"product_shipping_class-1-de","13":"first","14":"outofstock","15":"purchasable","16":"product-type-simple"},"acf":[],"yoast_head":"<!-- This site is optimized with the Yoast SEO plugin v27.2 - https:\/\/yoast.com\/product\/yoast-seo-wordpress\/ -->\n<title>piccolo\u2122 Temperatur- und Prozessregler - P116 \/ P108 \/ P104 | Eurotherm Limited<\/title>\n<meta name=\"description\" content=\"piccolo\u2122 Temperatur- und Prozessregler &#8211; P116 \/ P108 \/ P104 | Mit herausragender Leistung zu kleinem Preis ist die piccolo\u2122 Reihe die ideale L\u00f6sung f\u00fcr ei\" \/>\n<meta name=\"robots\" content=\"index, follow, max-snippet:-1, max-image-preview:large, max-video-preview:-1\" \/>\n<meta property=\"og:locale\" content=\"de_DE\" \/>\n<meta property=\"og:type\" content=\"article\" \/>\n<meta property=\"og:title\" content=\"piccolo\u2122 Temperatur- und Prozessregler - P116 \/ P108 \/ P104 | Eurotherm Limited\" \/>\n<meta property=\"og:description\" content=\"piccolo\u2122 Temperatur- und Prozessregler - P116 \/ P108 \/ P104 | piccolo\u2122 Temperatur- und Prozessregler Die Eurotherm piccolo\u2122 Regler Serie bietet pr\u00e4zise Temperaturregelung, in Verbindung mit h\u00f6chster Funktionalit\u00e4t und ist damit f\u00fchrend in ihrer Ger\u00e4teklasse.\" \/>\n<meta property=\"og:url\" content=\"https:\/\/www.eurotherm.com\/de\/products\/pid-regler\/einkanalregler\/piccolo-controller-p116-p108-p104\/\" \/>\n<meta property=\"og:site_name\" content=\"Eurotherm Limited\" \/>\n<meta property=\"article:modified_time\" content=\"2023-08-22T10:49:08+00:00\" \/>\n<meta property=\"og:image\" content=\"https:\/\/www.eurotherm.com\/wp-content\/uploads\/2018\/10\/piccolo_group.jpg\" \/>\n\t<meta property=\"og:image:width\" content=\"500\" \/>\n\t<meta property=\"og:image:height\" content=\"500\" \/>\n\t<meta property=\"og:image:type\" content=\"image\/jpeg\" \/>\n<meta name=\"twitter:card\" content=\"summary_large_image\" \/>\n<meta name=\"twitter:label1\" content=\"Gesch\u00e4tzte Lesezeit\" \/>\n\t<meta name=\"twitter:data1\" content=\"3\u00a0Minuten\" \/>\n<script type=\"application\/ld+json\" class=\"yoast-schema-graph\">{\"@context\":\"https:\/\/schema.org\",\"@graph\":[{\"@type\":\"WebPage\",\"@id\":\"https:\/\/www.eurotherm.com\/de\/products\/pid-regler\/einkanalregler\/piccolo-controller-p116-p108-p104\/\",\"url\":\"https:\/\/www.eurotherm.com\/de\/products\/pid-regler\/einkanalregler\/piccolo-controller-p116-p108-p104\/\",\"name\":\"piccolo\u2122 Temperatur- und Prozessregler - P116 \/ P108 \/ P104 | Eurotherm Limited\",\"isPartOf\":{\"@id\":\"https:\/\/www.eurotherm.com\/de\/#website\"},\"primaryImageOfPage\":{\"@id\":\"https:\/\/www.eurotherm.com\/de\/products\/pid-regler\/einkanalregler\/piccolo-controller-p116-p108-p104\/#primaryimage\"},\"image\":{\"@id\":\"https:\/\/www.eurotherm.com\/de\/products\/pid-regler\/einkanalregler\/piccolo-controller-p116-p108-p104\/#primaryimage\"},\"thumbnailUrl\":\"https:\/\/www.eurotherm.com\/wp-content\/uploads\/2018\/10\/piccolo_group.jpg\",\"datePublished\":\"2018-10-15T08:52:56+00:00\",\"dateModified\":\"2023-08-22T10:49:08+00:00\",\"description\":\"piccolo\u2122 Temperatur- und Prozessregler - P116 \/ P108 \/ P104 | piccolo\u2122 Temperatur- und Prozessregler Die Eurotherm piccolo\u2122 Regler Serie bietet pr\u00e4zise Temperaturregelung, in Verbindung mit h\u00f6chster Funktionalit\u00e4t und ist damit f\u00fchrend in ihrer Ger\u00e4teklasse.\",\"breadcrumb\":{\"@id\":\"https:\/\/www.eurotherm.com\/de\/products\/pid-regler\/einkanalregler\/piccolo-controller-p116-p108-p104\/#breadcrumb\"},\"inLanguage\":\"de\",\"potentialAction\":[{\"@type\":\"ReadAction\",\"target\":[\"https:\/\/www.eurotherm.com\/de\/products\/pid-regler\/einkanalregler\/piccolo-controller-p116-p108-p104\/\"]}]},{\"@type\":\"ImageObject\",\"inLanguage\":\"de\",\"@id\":\"https:\/\/www.eurotherm.com\/de\/products\/pid-regler\/einkanalregler\/piccolo-controller-p116-p108-p104\/#primaryimage\",\"url\":\"https:\/\/www.eurotherm.com\/wp-content\/uploads\/2018\/10\/piccolo_group.jpg\",\"contentUrl\":\"https:\/\/www.eurotherm.com\/wp-content\/uploads\/2018\/10\/piccolo_group.jpg\",\"width\":500,\"height\":500},{\"@type\":\"BreadcrumbList\",\"@id\":\"https:\/\/www.eurotherm.com\/de\/products\/pid-regler\/einkanalregler\/piccolo-controller-p116-p108-p104\/#breadcrumb\",\"itemListElement\":[{\"@type\":\"ListItem\",\"position\":1,\"name\":\"Home\",\"item\":\"https:\/\/www.eurotherm.com\/de\/\"},{\"@type\":\"ListItem\",\"position\":2,\"name\":\"Product Catalogue\",\"item\":\"https:\/\/www.eurotherm.com\/de\/product-catalogue\/\"},{\"@type\":\"ListItem\",\"position\":3,\"name\":\"ERO Electronic\",\"item\":\"https:\/\/www.eurotherm.com\/de\/eurotherm-products\/ero-electronic-de\/\"},{\"@type\":\"ListItem\",\"position\":4,\"name\":\"Piccolo\u2122 Controller\",\"item\":\"https:\/\/www.eurotherm.com\/de\/eurotherm-products\/piccolo-controller-de\/\"},{\"@type\":\"ListItem\",\"position\":5,\"name\":\"piccolo\u2122 Temperatur- und Prozessregler &#8211; P116 \/ P108 \/ P104\"}]},{\"@type\":\"WebSite\",\"@id\":\"https:\/\/www.eurotherm.com\/de\/#website\",\"url\":\"https:\/\/www.eurotherm.com\/de\/\",\"name\":\"Eurotherm Limited\",\"description\":\"Temperature Control, Process Control, Measurement and Data Recording Solutions\",\"potentialAction\":[{\"@type\":\"SearchAction\",\"target\":{\"@type\":\"EntryPoint\",\"urlTemplate\":\"https:\/\/www.eurotherm.com\/de\/?s={search_term_string}\"},\"query-input\":{\"@type\":\"PropertyValueSpecification\",\"valueRequired\":true,\"valueName\":\"search_term_string\"}}],\"inLanguage\":\"de\"}]}<\/script>\n<!-- \/ Yoast SEO plugin. -->","yoast_head_json":{"title":"piccolo\u2122 Temperatur- und Prozessregler - P116 \/ P108 \/ P104 | Eurotherm Limited","description":"piccolo\u2122 Temperatur- und Prozessregler &#8211; P116 \/ P108 \/ P104 | Mit herausragender Leistung zu kleinem Preis ist die piccolo\u2122 Reihe die ideale L\u00f6sung f\u00fcr ei","robots":{"index":"index","follow":"follow","max-snippet":"max-snippet:-1","max-image-preview":"max-image-preview:large","max-video-preview":"max-video-preview:-1"},"og_locale":"de_DE","og_type":"article","og_title":"piccolo\u2122 Temperatur- und Prozessregler - P116 \/ P108 \/ P104 | Eurotherm Limited","og_description":"piccolo\u2122 Temperatur- und Prozessregler - P116 \/ P108 \/ P104 | piccolo\u2122 Temperatur- und Prozessregler Die Eurotherm piccolo\u2122 Regler Serie bietet pr\u00e4zise Temperaturregelung, in Verbindung mit h\u00f6chster Funktionalit\u00e4t und ist damit f\u00fchrend in ihrer Ger\u00e4teklasse.","og_url":"https:\/\/www.eurotherm.com\/de\/products\/pid-regler\/einkanalregler\/piccolo-controller-p116-p108-p104\/","og_site_name":"Eurotherm Limited","article_modified_time":"2023-08-22T10:49:08+00:00","og_image":[{"width":500,"height":500,"url":"https:\/\/www.eurotherm.com\/wp-content\/uploads\/2018\/10\/piccolo_group.jpg","type":"image\/jpeg"}],"twitter_card":"summary_large_image","twitter_misc":{"Gesch\u00e4tzte Lesezeit":"3\u00a0Minuten"},"schema":{"@context":"https:\/\/schema.org","@graph":[{"@type":"WebPage","@id":"https:\/\/www.eurotherm.com\/de\/products\/pid-regler\/einkanalregler\/piccolo-controller-p116-p108-p104\/","url":"https:\/\/www.eurotherm.com\/de\/products\/pid-regler\/einkanalregler\/piccolo-controller-p116-p108-p104\/","name":"piccolo\u2122 Temperatur- und Prozessregler - P116 \/ P108 \/ P104 | Eurotherm Limited","isPartOf":{"@id":"https:\/\/www.eurotherm.com\/de\/#website"},"primaryImageOfPage":{"@id":"https:\/\/www.eurotherm.com\/de\/products\/pid-regler\/einkanalregler\/piccolo-controller-p116-p108-p104\/#primaryimage"},"image":{"@id":"https:\/\/www.eurotherm.com\/de\/products\/pid-regler\/einkanalregler\/piccolo-controller-p116-p108-p104\/#primaryimage"},"thumbnailUrl":"https:\/\/www.eurotherm.com\/wp-content\/uploads\/2018\/10\/piccolo_group.jpg","datePublished":"2018-10-15T08:52:56+00:00","dateModified":"2023-08-22T10:49:08+00:00","description":"piccolo\u2122 Temperatur- und Prozessregler - P116 \/ P108 \/ P104 | piccolo\u2122 Temperatur- und Prozessregler Die Eurotherm piccolo\u2122 Regler Serie bietet pr\u00e4zise Temperaturregelung, in Verbindung mit h\u00f6chster Funktionalit\u00e4t und ist damit f\u00fchrend in ihrer Ger\u00e4teklasse.","breadcrumb":{"@id":"https:\/\/www.eurotherm.com\/de\/products\/pid-regler\/einkanalregler\/piccolo-controller-p116-p108-p104\/#breadcrumb"},"inLanguage":"de","potentialAction":[{"@type":"ReadAction","target":["https:\/\/www.eurotherm.com\/de\/products\/pid-regler\/einkanalregler\/piccolo-controller-p116-p108-p104\/"]}]},{"@type":"ImageObject","inLanguage":"de","@id":"https:\/\/www.eurotherm.com\/de\/products\/pid-regler\/einkanalregler\/piccolo-controller-p116-p108-p104\/#primaryimage","url":"https:\/\/www.eurotherm.com\/wp-content\/uploads\/2018\/10\/piccolo_group.jpg","contentUrl":"https:\/\/www.eurotherm.com\/wp-content\/uploads\/2018\/10\/piccolo_group.jpg","width":500,"height":500},{"@type":"BreadcrumbList","@id":"https:\/\/www.eurotherm.com\/de\/products\/pid-regler\/einkanalregler\/piccolo-controller-p116-p108-p104\/#breadcrumb","itemListElement":[{"@type":"ListItem","position":1,"name":"Home","item":"https:\/\/www.eurotherm.com\/de\/"},{"@type":"ListItem","position":2,"name":"Product Catalogue","item":"https:\/\/www.eurotherm.com\/de\/product-catalogue\/"},{"@type":"ListItem","position":3,"name":"ERO Electronic","item":"https:\/\/www.eurotherm.com\/de\/eurotherm-products\/ero-electronic-de\/"},{"@type":"ListItem","position":4,"name":"Piccolo\u2122 Controller","item":"https:\/\/www.eurotherm.com\/de\/eurotherm-products\/piccolo-controller-de\/"},{"@type":"ListItem","position":5,"name":"piccolo\u2122 Temperatur- und Prozessregler &#8211; P116 \/ P108 \/ P104"}]},{"@type":"WebSite","@id":"https:\/\/www.eurotherm.com\/de\/#website","url":"https:\/\/www.eurotherm.com\/de\/","name":"Eurotherm Limited","description":"Temperature Control, Process Control, Measurement and Data Recording Solutions","potentialAction":[{"@type":"SearchAction","target":{"@type":"EntryPoint","urlTemplate":"https:\/\/www.eurotherm.com\/de\/?s={search_term_string}"},"query-input":{"@type":"PropertyValueSpecification","valueRequired":true,"valueName":"search_term_string"}}],"inLanguage":"de"}]}},"ACF":{"product_file":[28290,29381,29221,27454,29352,28027,28026,27942,27866,27943,27939,28507,29337,28028,28025,28444,28445,28446,28447,28448,29376,28449,27446,28523,28525,28647,28024,28022,28023,29324,28524,27596,28619,137176],"product_status":"Active Product","enable_watlow_configurator":true,"watlow_product_type":"Multiple","watlow_configurator_links":[{"watlow_name":"piccolo P104 1\/4 DIN","watlow_link":"https:\/\/www.watlow.com\/Products\/Controllers\/Eurotherm\/Piccolo-Controller-P116-P108-P104?econfig=P104"},{"watlow_name":"piccolo P108 1\/8 DIN","watlow_link":"https:\/\/www.watlow.com\/Products\/Controllers\/Eurotherm\/Piccolo-Controller-P116-P108-P104?econfig=P108"},{"watlow_name":"piccolo P116 1\/16 DIN","watlow_link":"https:\/\/www.watlow.com\/Products\/Controllers\/Eurotherm\/Piccolo-Controller-P116-P108-P104?econfig=P116"}]},"jetpack_sharing_enabled":true,"_links":{"self":[{"href":"https:\/\/www.eurotherm.com\/de\/wp-json\/wp\/v2\/product\/23786","targetHints":{"allow":["GET"]}}],"collection":[{"href":"https:\/\/www.eurotherm.com\/de\/wp-json\/wp\/v2\/product"}],"about":[{"href":"https:\/\/www.eurotherm.com\/de\/wp-json\/wp\/v2\/types\/product"}],"wp:featuredmedia":[{"embeddable":true,"href":"https:\/\/www.eurotherm.com\/de\/wp-json\/wp\/v2\/media\/8275"}],"wp:attachment":[{"href":"https:\/\/www.eurotherm.com\/de\/wp-json\/wp\/v2\/media?parent=23786"}],"wp:term":[{"taxonomy":"product_brand","embeddable":true,"href":"https:\/\/www.eurotherm.com\/de\/wp-json\/wp\/v2\/product_brand?post=23786"},{"taxonomy":"product_cat","embeddable":true,"href":"https:\/\/www.eurotherm.com\/de\/wp-json\/wp\/v2\/product_cat?post=23786"},{"taxonomy":"product_tag","embeddable":true,"href":"https:\/\/www.eurotherm.com\/de\/wp-json\/wp\/v2\/product_tag?post=23786"}],"curies":[{"name":"wp","href":"https:\/\/api.w.org\/{rel}","templated":true}]}}