{"id":23784,"date":"2018-10-15T08:52:56","date_gmt":"2018-10-15T08:52:56","guid":{"rendered":"https:\/\/www.eurotherm.com\/product\/p304-1-4-din-melt-pressure-indicator-controller\/"},"modified":"2021-06-23T21:14:48","modified_gmt":"2021-06-23T13:14:48","slug":"p304-1-4-din-melt-pressure-indicator-controller","status":"publish","type":"product","link":"https:\/\/www.eurotherm.com\/de\/products\/pid-regler\/anzeige-und-alarmeinheiten\/p304-1-4-din-melt-pressure-indicator-controller\/","title":{"rendered":"P304 1\/4 DIN Massedruck Anzeige\/Regler"},"content":{"rendered":"<h2>Ideal f\u00fcr Kunststoffextrusion und die Spritzgusstechnik<\/h2>\n<p>&nbsp;<\/p>\n<h2>Technische Daten<\/h2>\n<p>Der piccolo\u2122 P304i Massedruckanzeiger und der P304c Massedruckregler haben beide eine 50 ms Abtastrate, die eine schnell reagierende Regelung und Alarmfunktionalit\u00e4t erm\u00f6glichen. Der P304c Regler bietet ein hervorragendes Regelverhalten f\u00fcr eine Vielzahl verschiedener Drucksensoren, zu einem erschwinglichen Preis.<\/p>\n<p>&nbsp;<\/p>\n<h2>Ein\/Ausgang Flexibilit\u00e4t<\/h2>\n<p>Als Standard wird ein Dehnungsmess- oder Prozess-Lineareingang geliefert. Optional kann ein zweiter Eingang als Universaleingang (Thermoelement, RTD, DC linear) f\u00fcr externen Sollwert oder ein Dehnungsmesseingang f\u00fcr Differentialdruckregelung konfiguriert werden. Bis zu zwei DC Linearausg\u00e4nge stehen f\u00fcr Regelung oder R\u00fcckf\u00fchrung zur Verf\u00fcgung. Zus\u00e4tzlich dient der Standard Logikeingang der Alarmquittierung oder der Nullkalibrierung des Sensors. Weitere vier Logikeing\u00e4nge k\u00f6nnen f\u00fcr externe Aktivierung von Funktionen, wie Hand-\/Automatikumschaltung und \u00c4nderung der Ausgangsleistung gew\u00e4hlt werden. Beide Ger\u00e4te haben einen opto-isolierten DC Linearausgang als Standard und optional einen opto-isolierten DC Linear R\u00fcckf\u00fchrungsausgang.<\/p>\n<p>&nbsp;<\/p>\n<h2>Die Anzeige<\/h2>\n<p>Eine anpassbare, zweizeilige Anzeige mit 5 Digits bietet eine komplette Ansicht des Prozesses, w\u00e4hrend ein horizontaler Bargraf eine klare visuelle Darstellung des Prozesseingangs liefert. Der Status der Alarme, Ausg\u00e4nge, aktiven Sollwerte und technischen Einheiten wird durch klare Anzeigen auf der Ger\u00e4tefront dargestellt.<\/p>\n<p>&nbsp;<\/p>\n<h2>Konfiguration<\/h2>\n<p>Der P304 ist vollst\u00e4ndig softwarekonfigurierbar. Die iTools PC Konfiguration und Parameter \u00dcberwachungssoftware bietet einen umfassenden Zugriff auf alle Funktionen mit kontext-sensitiver Hilfe. Die Regler Konfiguration kann \u00fcber die Software ge\u00e4ndert, gespeichert und vollst\u00e4ndig geclont werden. Zus\u00e4tzlich gibt es Funktionen zur Datenspeicherung und Prozess\u00fcberwachung.<\/p>\n<p>&nbsp;<\/p>\n<p><strong>Merkmale<\/strong><\/p>\n<ul>\n<li>Einfache Integration und Verwendung in neuen und vorhandenen Applikationen<\/li>\n<li>Schnell reagierende Alarme zum Schutz vor unsicherem \u00dcberdruck<\/li>\n<li>Bedarfsgesteuerte, pr\u00e4zise PID Regelung mit Verhinderung von \u00dcberschwingern<\/li>\n<li>Einfache, effektive Selbstoptimierung<\/li>\n<li>Universal + Dehnungsmesseing\u00e4nge<\/li>\n<li>Zweiter Eingang f\u00fcr Differentialdruck Anzeige\/Regelung<\/li>\n<li>Analoge R\u00fcckf\u00fchrung<\/li>\n<li>Einfache und flexible Konfiguration \u00fcber PC Software oder Front<\/li>\n<li>Digitale Modbus RTU Kommunikation<\/li>\n<li>Gut sichtbare, 3-farbige LED Anzeige<\/li>\n<li>Abwaschbare, anpassbare Frontanzeige<\/li>\n<li>Hohe Verf\u00fcgbarkeit und Qualit\u00e4t<\/li>\n<\/ul>\n","protected":false},"excerpt":{"rendered":"<p>Der Eurotherm piccolo\u2122 P304i Massedruckanzeiger und der P304c Massedruckregler bieten vielseitige L\u00f6sungen mit umfassenden Funktionen und einer breiten Palette an Hardwareoptionen. Damit sind die Ger\u00e4te ideal f\u00fcr fortschrittliche Applikationen in der Kunststoffextrusion und der Spritzgusstechnik.<\/p>\n","protected":false},"featured_media":8625,"template":"","meta":{"_acf_changed":false},"product_brand":[],"product_cat":[12468,12471,12467,12469,12396,12470,1058],"product_tag":[],"class_list":{"0":"post-23784","1":"product","2":"type-product","3":"status-publish","4":"has-post-thumbnail","6":"product_cat-anzeige-und-alarmeinheiten","7":"product_cat-einkanalregler","8":"product_cat-ero-electronic-de","9":"product_cat-piccolo-controller-de","10":"product_cat-pid-regler","11":"product_cat-plastics-control-systems-de","12":"product_cat-produkte-ger","13":"product_shipping_class-1-de","15":"first","16":"instock","17":"purchasable","18":"product-type-simple"},"acf":[],"yoast_head":"<!-- This site is optimized with the Yoast SEO plugin v27.5 - https:\/\/yoast.com\/product\/yoast-seo-wordpress\/ -->\n<title>P304 1\/4 DIN Massedruck Anzeige\/Regler | Eurotherm Limited<\/title>\n<meta name=\"description\" content=\"P304 1\/4 DIN Massedruck Anzeige\/Regler | Ideal f\u00fcr Kunststoffextrusion und die Spritzgusstechnik &nbsp; Technische Daten Der piccolo\u2122 P304i\" \/>\n<meta name=\"robots\" content=\"index, follow, max-snippet:-1, max-image-preview:large, max-video-preview:-1\" \/>\n<meta property=\"og:locale\" content=\"de_DE\" \/>\n<meta property=\"og:type\" content=\"article\" \/>\n<meta property=\"og:title\" content=\"P304 1\/4 DIN Massedruck Anzeige\/Regler | Eurotherm Limited\" \/>\n<meta property=\"og:description\" content=\"P304 1\/4 DIN Massedruck Anzeige\/Regler | Der Eurotherm piccolo\u2122 P304i Massedruckanzeiger und der P304c Massedruckregler bieten vielseitige L\u00f6sungen mit umfassenden Funktionen und einer breiten Palette an Hardwareoptionen. Damit sind die Ger\u00e4te ideal f\u00fcr fortschrittliche Applikationen in der Kunststoffextrusion und der Spritzgusstechnik.\" \/>\n<meta property=\"og:url\" content=\"https:\/\/www.eurotherm.com\/de\/products\/pid-regler\/anzeige-und-alarmeinheiten\/p304-1-4-din-melt-pressure-indicator-controller\/\" \/>\n<meta property=\"og:site_name\" content=\"Eurotherm Limited\" \/>\n<meta property=\"article:modified_time\" content=\"2021-06-23T13:14:48+00:00\" \/>\n<meta property=\"og:image\" content=\"https:\/\/www.eurotherm.com\/wp-content\/uploads\/2018\/10\/P304ic.jpg\" \/>\n\t<meta property=\"og:image:width\" content=\"500\" \/>\n\t<meta property=\"og:image:height\" content=\"500\" \/>\n\t<meta property=\"og:image:type\" content=\"image\/jpeg\" \/>\n<meta name=\"twitter:card\" content=\"summary_large_image\" \/>\n<meta name=\"twitter:label1\" content=\"Gesch\u00e4tzte Lesezeit\" \/>\n\t<meta name=\"twitter:data1\" content=\"2\u00a0Minuten\" \/>\n<script type=\"application\/ld+json\" class=\"yoast-schema-graph\">{\"@context\":\"https:\\\/\\\/schema.org\",\"@graph\":[{\"@type\":\"WebPage\",\"@id\":\"https:\\\/\\\/www.eurotherm.com\\\/de\\\/products\\\/pid-regler\\\/anzeige-und-alarmeinheiten\\\/p304-1-4-din-melt-pressure-indicator-controller\\\/\",\"url\":\"https:\\\/\\\/www.eurotherm.com\\\/de\\\/products\\\/pid-regler\\\/anzeige-und-alarmeinheiten\\\/p304-1-4-din-melt-pressure-indicator-controller\\\/\",\"name\":\"P304 1\\\/4 DIN Massedruck Anzeige\\\/Regler | Eurotherm Limited\",\"isPartOf\":{\"@id\":\"https:\\\/\\\/www.eurotherm.com\\\/de\\\/#website\"},\"primaryImageOfPage\":{\"@id\":\"https:\\\/\\\/www.eurotherm.com\\\/de\\\/products\\\/pid-regler\\\/anzeige-und-alarmeinheiten\\\/p304-1-4-din-melt-pressure-indicator-controller\\\/#primaryimage\"},\"image\":{\"@id\":\"https:\\\/\\\/www.eurotherm.com\\\/de\\\/products\\\/pid-regler\\\/anzeige-und-alarmeinheiten\\\/p304-1-4-din-melt-pressure-indicator-controller\\\/#primaryimage\"},\"thumbnailUrl\":\"https:\\\/\\\/www.eurotherm.com\\\/wp-content\\\/uploads\\\/2018\\\/10\\\/P304ic.jpg\",\"datePublished\":\"2018-10-15T08:52:56+00:00\",\"dateModified\":\"2021-06-23T13:14:48+00:00\",\"description\":\"P304 1\\\/4 DIN Massedruck Anzeige\\\/Regler | Der Eurotherm piccolo\u2122 P304i Massedruckanzeiger und der P304c Massedruckregler bieten vielseitige L\u00f6sungen mit umfassenden Funktionen und einer breiten Palette an Hardwareoptionen. Damit sind die Ger\u00e4te ideal f\u00fcr fortschrittliche Applikationen in der Kunststoffextrusion und der Spritzgusstechnik.\",\"breadcrumb\":{\"@id\":\"https:\\\/\\\/www.eurotherm.com\\\/de\\\/products\\\/pid-regler\\\/anzeige-und-alarmeinheiten\\\/p304-1-4-din-melt-pressure-indicator-controller\\\/#breadcrumb\"},\"inLanguage\":\"de\",\"potentialAction\":[{\"@type\":\"ReadAction\",\"target\":[\"https:\\\/\\\/www.eurotherm.com\\\/de\\\/products\\\/pid-regler\\\/anzeige-und-alarmeinheiten\\\/p304-1-4-din-melt-pressure-indicator-controller\\\/\"]}]},{\"@type\":\"ImageObject\",\"inLanguage\":\"de\",\"@id\":\"https:\\\/\\\/www.eurotherm.com\\\/de\\\/products\\\/pid-regler\\\/anzeige-und-alarmeinheiten\\\/p304-1-4-din-melt-pressure-indicator-controller\\\/#primaryimage\",\"url\":\"https:\\\/\\\/www.eurotherm.com\\\/wp-content\\\/uploads\\\/2018\\\/10\\\/P304ic.jpg\",\"contentUrl\":\"https:\\\/\\\/www.eurotherm.com\\\/wp-content\\\/uploads\\\/2018\\\/10\\\/P304ic.jpg\",\"width\":500,\"height\":500},{\"@type\":\"BreadcrumbList\",\"@id\":\"https:\\\/\\\/www.eurotherm.com\\\/de\\\/products\\\/pid-regler\\\/anzeige-und-alarmeinheiten\\\/p304-1-4-din-melt-pressure-indicator-controller\\\/#breadcrumb\",\"itemListElement\":[{\"@type\":\"ListItem\",\"position\":1,\"name\":\"Home\",\"item\":\"https:\\\/\\\/www.eurotherm.com\\\/de\\\/\"},{\"@type\":\"ListItem\",\"position\":2,\"name\":\"Product Catalogue\",\"item\":\"https:\\\/\\\/www.eurotherm.com\\\/de\\\/product-catalogue\\\/\"},{\"@type\":\"ListItem\",\"position\":3,\"name\":\"ERO Electronic\",\"item\":\"https:\\\/\\\/www.eurotherm.com\\\/de\\\/eurotherm-products\\\/ero-electronic-de\\\/\"},{\"@type\":\"ListItem\",\"position\":4,\"name\":\"Piccolo\u2122 Controller\",\"item\":\"https:\\\/\\\/www.eurotherm.com\\\/de\\\/eurotherm-products\\\/piccolo-controller-de\\\/\"},{\"@type\":\"ListItem\",\"position\":5,\"name\":\"P304 1\\\/4 DIN Massedruck Anzeige\\\/Regler\"}]},{\"@type\":\"WebSite\",\"@id\":\"https:\\\/\\\/www.eurotherm.com\\\/de\\\/#website\",\"url\":\"https:\\\/\\\/www.eurotherm.com\\\/de\\\/\",\"name\":\"Eurotherm Limited\",\"description\":\"Temperature Control, Process Control, Measurement and Data Recording Solutions\",\"potentialAction\":[{\"@type\":\"SearchAction\",\"target\":{\"@type\":\"EntryPoint\",\"urlTemplate\":\"https:\\\/\\\/www.eurotherm.com\\\/de\\\/?s={search_term_string}\"},\"query-input\":{\"@type\":\"PropertyValueSpecification\",\"valueRequired\":true,\"valueName\":\"search_term_string\"}}],\"inLanguage\":\"de\"}]}<\/script>\n<!-- \/ Yoast SEO plugin. -->","yoast_head_json":{"title":"P304 1\/4 DIN Massedruck Anzeige\/Regler | Eurotherm Limited","description":"P304 1\/4 DIN Massedruck Anzeige\/Regler | Ideal f\u00fcr Kunststoffextrusion und die Spritzgusstechnik &nbsp; Technische Daten Der piccolo\u2122 P304i","robots":{"index":"index","follow":"follow","max-snippet":"max-snippet:-1","max-image-preview":"max-image-preview:large","max-video-preview":"max-video-preview:-1"},"og_locale":"de_DE","og_type":"article","og_title":"P304 1\/4 DIN Massedruck Anzeige\/Regler | Eurotherm Limited","og_description":"P304 1\/4 DIN Massedruck Anzeige\/Regler | Der Eurotherm piccolo\u2122 P304i Massedruckanzeiger und der P304c Massedruckregler bieten vielseitige L\u00f6sungen mit umfassenden Funktionen und einer breiten Palette an Hardwareoptionen. Damit sind die Ger\u00e4te ideal f\u00fcr fortschrittliche Applikationen in der Kunststoffextrusion und der Spritzgusstechnik.","og_url":"https:\/\/www.eurotherm.com\/de\/products\/pid-regler\/anzeige-und-alarmeinheiten\/p304-1-4-din-melt-pressure-indicator-controller\/","og_site_name":"Eurotherm Limited","article_modified_time":"2021-06-23T13:14:48+00:00","og_image":[{"width":500,"height":500,"url":"https:\/\/www.eurotherm.com\/wp-content\/uploads\/2018\/10\/P304ic.jpg","type":"image\/jpeg"}],"twitter_card":"summary_large_image","twitter_misc":{"Gesch\u00e4tzte Lesezeit":"2\u00a0Minuten"},"schema":{"@context":"https:\/\/schema.org","@graph":[{"@type":"WebPage","@id":"https:\/\/www.eurotherm.com\/de\/products\/pid-regler\/anzeige-und-alarmeinheiten\/p304-1-4-din-melt-pressure-indicator-controller\/","url":"https:\/\/www.eurotherm.com\/de\/products\/pid-regler\/anzeige-und-alarmeinheiten\/p304-1-4-din-melt-pressure-indicator-controller\/","name":"P304 1\/4 DIN Massedruck Anzeige\/Regler | Eurotherm Limited","isPartOf":{"@id":"https:\/\/www.eurotherm.com\/de\/#website"},"primaryImageOfPage":{"@id":"https:\/\/www.eurotherm.com\/de\/products\/pid-regler\/anzeige-und-alarmeinheiten\/p304-1-4-din-melt-pressure-indicator-controller\/#primaryimage"},"image":{"@id":"https:\/\/www.eurotherm.com\/de\/products\/pid-regler\/anzeige-und-alarmeinheiten\/p304-1-4-din-melt-pressure-indicator-controller\/#primaryimage"},"thumbnailUrl":"https:\/\/www.eurotherm.com\/wp-content\/uploads\/2018\/10\/P304ic.jpg","datePublished":"2018-10-15T08:52:56+00:00","dateModified":"2021-06-23T13:14:48+00:00","description":"P304 1\/4 DIN Massedruck Anzeige\/Regler | Der Eurotherm piccolo\u2122 P304i Massedruckanzeiger und der P304c Massedruckregler bieten vielseitige L\u00f6sungen mit umfassenden Funktionen und einer breiten Palette an Hardwareoptionen. Damit sind die Ger\u00e4te ideal f\u00fcr fortschrittliche Applikationen in der Kunststoffextrusion und der Spritzgusstechnik.","breadcrumb":{"@id":"https:\/\/www.eurotherm.com\/de\/products\/pid-regler\/anzeige-und-alarmeinheiten\/p304-1-4-din-melt-pressure-indicator-controller\/#breadcrumb"},"inLanguage":"de","potentialAction":[{"@type":"ReadAction","target":["https:\/\/www.eurotherm.com\/de\/products\/pid-regler\/anzeige-und-alarmeinheiten\/p304-1-4-din-melt-pressure-indicator-controller\/"]}]},{"@type":"ImageObject","inLanguage":"de","@id":"https:\/\/www.eurotherm.com\/de\/products\/pid-regler\/anzeige-und-alarmeinheiten\/p304-1-4-din-melt-pressure-indicator-controller\/#primaryimage","url":"https:\/\/www.eurotherm.com\/wp-content\/uploads\/2018\/10\/P304ic.jpg","contentUrl":"https:\/\/www.eurotherm.com\/wp-content\/uploads\/2018\/10\/P304ic.jpg","width":500,"height":500},{"@type":"BreadcrumbList","@id":"https:\/\/www.eurotherm.com\/de\/products\/pid-regler\/anzeige-und-alarmeinheiten\/p304-1-4-din-melt-pressure-indicator-controller\/#breadcrumb","itemListElement":[{"@type":"ListItem","position":1,"name":"Home","item":"https:\/\/www.eurotherm.com\/de\/"},{"@type":"ListItem","position":2,"name":"Product Catalogue","item":"https:\/\/www.eurotherm.com\/de\/product-catalogue\/"},{"@type":"ListItem","position":3,"name":"ERO Electronic","item":"https:\/\/www.eurotherm.com\/de\/eurotherm-products\/ero-electronic-de\/"},{"@type":"ListItem","position":4,"name":"Piccolo\u2122 Controller","item":"https:\/\/www.eurotherm.com\/de\/eurotherm-products\/piccolo-controller-de\/"},{"@type":"ListItem","position":5,"name":"P304 1\/4 DIN Massedruck Anzeige\/Regler"}]},{"@type":"WebSite","@id":"https:\/\/www.eurotherm.com\/de\/#website","url":"https:\/\/www.eurotherm.com\/de\/","name":"Eurotherm Limited","description":"Temperature Control, Process Control, Measurement and Data Recording Solutions","potentialAction":[{"@type":"SearchAction","target":{"@type":"EntryPoint","urlTemplate":"https:\/\/www.eurotherm.com\/de\/?s={search_term_string}"},"query-input":{"@type":"PropertyValueSpecification","valueRequired":true,"valueName":"search_term_string"}}],"inLanguage":"de"}]}},"ACF":{"product_file":[28290,27454,28535,27942,27866,27943,27939,28647,29172,28451,28452,27584,29339,28054,29376,29342,27497,28053,28450,137175]},"jetpack_sharing_enabled":true,"_links":{"self":[{"href":"https:\/\/www.eurotherm.com\/de\/wp-json\/wp\/v2\/product\/23784","targetHints":{"allow":["GET"]}}],"collection":[{"href":"https:\/\/www.eurotherm.com\/de\/wp-json\/wp\/v2\/product"}],"about":[{"href":"https:\/\/www.eurotherm.com\/de\/wp-json\/wp\/v2\/types\/product"}],"wp:featuredmedia":[{"embeddable":true,"href":"https:\/\/www.eurotherm.com\/de\/wp-json\/wp\/v2\/media\/8625"}],"wp:attachment":[{"href":"https:\/\/www.eurotherm.com\/de\/wp-json\/wp\/v2\/media?parent=23784"}],"wp:term":[{"taxonomy":"product_brand","embeddable":true,"href":"https:\/\/www.eurotherm.com\/de\/wp-json\/wp\/v2\/product_brand?post=23784"},{"taxonomy":"product_cat","embeddable":true,"href":"https:\/\/www.eurotherm.com\/de\/wp-json\/wp\/v2\/product_cat?post=23784"},{"taxonomy":"product_tag","embeddable":true,"href":"https:\/\/www.eurotherm.com\/de\/wp-json\/wp\/v2\/product_tag?post=23784"}],"curies":[{"name":"wp","href":"https:\/\/api.w.org\/{rel}","templated":true}]}}