{"id":23775,"date":"2018-10-15T08:52:45","date_gmt":"2018-10-15T08:52:45","guid":{"rendered":"https:\/\/www.eurotherm.com\/product\/nanodac-schreiber-regler\/"},"modified":"2023-11-09T04:59:59","modified_gmt":"2023-11-08T20:59:59","slug":"nanodac-recorder-controller","status":"publish","type":"product","link":"https:\/\/www.eurotherm.com\/de\/products\/datenschreiber-und-datenmanagement\/grafikschreiber\/nanodac-recorder-controller\/","title":{"rendered":"nanodac\u2122 Schreiber \/ Regler"},"content":{"rendered":"<h3>EtherNet\/IP Client oder Server Modus<\/h3>\n<p>Mit dieser optionalen Funktion kann der nanodac Schreiber\/Regler einfach in bereits vorhandene Ger\u00e4tenetzwerke integriert werden und arbeitet dann als lokaler Daten Historian. Wenn freigegeben, erm\u00f6glicht EtherNet\/IP dem nanodac das Agieren als Client oder Server und erm\u00f6glicht die Datenerfassung von bis zu 30 Prozessparametern (\u00fcber virtuelle Kan\u00e4le). EtherNet\/IP bietet zwei Userseiten: die erste ist eine \u00dcbersicht \u00fcber alles Prozessparameter (Datenpunkte), die \u00fcber die Kommunikation angesprochen werden. Die zweite Seite dient der Diagnose w\u00e4hrend dem ersten Setup und der Inbetriebnahme, zum Pr\u00fcfen der Verbindung zwischen Client und\/oder Server.<\/p>\n<h4><strong>3x isolierte DC Ausg\u00e4nge (DDD)<\/strong><\/h4>\n<p>Diese Version bietet Unterst\u00fczung f\u00fcr isolierte DC Ausg\u00e4nge auf den Options-Steckpl\u00e4tzen OP1, OP2 und OP3. Angaben zur Verdrahtung sind in den Installationshinweisen oder der Bedienungsanleitung enthalten.<\/p>\n<h4><strong>Abwaschbare Front<\/strong><\/h4>\n<p>Die neue Version des nanodac bietet optional eine abwaschbare Front mit Schutzart IP66. Dadurch kann der nanodac auch f\u00fcr Anwendungen in der Nahrungsmittel- und Getr\u00e4nkeindustrie sowie CIP\/SIP eingesetzt werden.<\/p>\n<h4><strong>Kristallklares Farbdisplay<\/strong><\/h4>\n<p>Um jeder Anwendung gerecht zu werden bietet das 3,5\u201d TFT Display eine unschlagbar klare Visualisierung der Prozessparameter mit einer breiten Auswahl von konfigurierbaren Ansichten. Der Bediener kann w\u00e4hlen zwischen: horizontalen und vertikalen Trends, horizontalen und vertikalen Bargrafen, numerischer Anzeige, Alarmstatus und der Anzeige der Regelkreise. Ebenso bietet das Ger\u00e4t ein User Wiring \u00fcber die Front f\u00fcr eine detaillierte Konfiguration ohne PC Anschluss.<\/p>\n<h4><strong>Datenerfassung and Aufzeichnung<\/strong><\/h4>\n<p>Die Aufzeichnungsfunktion des nanodac verwendet die von Eurotherm entwickelten sicheren Strategien und das UHH Format. Neben mehreren Echtzeit Ansichten und einer Historie Ansicht bietet das Ger\u00e4t dem Anwender verschiedene Strategien zur Datenarchivierung auf internem 50MB Flash Speicher, auf USB Wechseldatentr\u00e4ger und \u00fcber FTP auf einem festgelegten Server.<\/p>\n<p>Die vier Universaleing\u00e4nge liefern h\u00f6chste Genauigkeit (passend f\u00fcr Nadcap Anwendungen) und eine parallele 125ms Abtastung. Die zus\u00e4tzlichen 30 virtuellen Kan\u00e4le stellen im Ger\u00e4t mathematische Funktionen, Z\u00e4hler, Slave Kommunikation und Summierer zur Verf\u00fcgung.<\/p>\n<h4><strong>PID Regelkreise<\/strong><\/h4>\n<p>Der nanodac bietet bis zu 2 unabh\u00e4ngige Regelkreise (optional). Diese Regelfunktionen verwenden den fortschrittlichen Eurotherm PID Algorithmus, der sich durch hohe Leistung und Betriebssicherheit auszeichnet. Die Regelung beinhaltet eine der besten Selbstoptimierungsfunktionen mit Unterdr\u00fcckung von \u00dcberschwingern (Cutback), Kompensation von Netzspannungsschwankungen (Power Feedforward) und linearer, Luft, \u00d6l und Wasser K\u00fchlung.<\/p>\n<p>Die W\u00e4rmebehandlung ist einer der vielen Prozesse, die zur Regelung variierende Sollwerte in einem bestimmten Zeitablauf ben\u00f6tigt. Dies kann mit einem Sollwert Programmgeber erreicht werden. Der nanodac bietet Ihnen einen optionalen Dual-Programmgeber, der lokal bis zu 100 Programme mit jeweils bis zu 25 Segementen unterst\u00fctzt.Ebenso haben Sie die M\u00f6glichkeit, weitere 100 Programme \u00fcber FTP oder einen USB Speicherstick zu speichern\/laden.<\/p>\n","protected":false},"excerpt":{"rendered":"<p>Datenerfassung mit PID Regelung Der nanodac\u2122 Schreiber\/Regler bietet das Optimum an grafischer Datenaufzeichnung kombiniert mit PID Regelung in einem Geh\u00e4use dieser Gr\u00f6\u00dfe. Das kompakte \u00bc DIN Ger\u00e4t f\u00fcr die Schalttafelmontage besitzt vier hochgenaue Universaleing\u00e4nge f\u00fcr sichere Datenerfassung und genaue PID Regelung. Das vollfarbige, \u00bc VGA Display stellt selbst die kleinsten Bauteile kristallklar dar.<\/p>\n","protected":false},"featured_media":6161,"template":"","meta":{"_acf_changed":false},"product_brand":[],"product_cat":[12401,12399,12506,12396,1058],"product_tag":[],"class_list":{"0":"post-23775","1":"product","2":"type-product","3":"status-publish","4":"has-post-thumbnail","6":"industry-food-beverage-de-2","7":"industry-heat-treatment-de-2","8":"industry-life-sciences-de-2","9":"industry-oem-custom-solutions-de-2","10":"industry-semiconductor-de-2","11":"product_cat-datenschreiber-und-datenmanagement","12":"product_cat-grafikschreiber","13":"product_cat-mehrkanalregler","14":"product_cat-pid-regler","15":"product_cat-produkte-ger","16":"product_shipping_class-1-de","18":"first","19":"instock","20":"purchasable","21":"product-type-simple"},"acf":[],"yoast_head":"<!-- This site is optimized with the Yoast SEO plugin v27.2 - https:\/\/yoast.com\/product\/yoast-seo-wordpress\/ -->\n<title>nanodac\u2122 Schreiber \/ Regler | Eurotherm Limited<\/title>\n<meta name=\"description\" content=\"nanodac\u2122 Schreiber \/ Regler | EtherNet\/IP Client oder Server Modus Mit dieser optionalen Funktion kann der nanodac Schreiber\/Regler einfach in bereits\" \/>\n<meta name=\"robots\" content=\"index, follow, max-snippet:-1, max-image-preview:large, max-video-preview:-1\" \/>\n<meta property=\"og:locale\" content=\"de_DE\" \/>\n<meta property=\"og:type\" content=\"article\" \/>\n<meta property=\"og:title\" content=\"nanodac\u2122 Schreiber \/ Regler | Eurotherm Limited\" \/>\n<meta property=\"og:description\" content=\"nanodac\u2122 Schreiber \/ Regler | Datenerfassung mit PID Regelung Der nanodac\u2122 Schreiber\/Regler bietet das Optimum an grafischer Datenaufzeichnung kombiniert mit PID Regelung in einem Geh\u00e4use dieser Gr\u00f6\u00dfe. Das kompakte \u00bc DIN Ger\u00e4t f\u00fcr die Schalttafelmontage besitzt vier hochgenaue Universaleing\u00e4nge f\u00fcr sichere Datenerfassung und genaue PID Regelung. Das vollfarbige, \u00bc VGA Display stellt selbst die kleinsten Bauteile kristallklar dar.\" \/>\n<meta property=\"og:url\" content=\"https:\/\/www.eurotherm.com\/de\/products\/datenschreiber-und-datenmanagement\/grafikschreiber\/nanodac-recorder-controller\/\" \/>\n<meta property=\"og:site_name\" content=\"Eurotherm Limited\" \/>\n<meta property=\"article:modified_time\" content=\"2023-11-08T20:59:59+00:00\" \/>\n<meta property=\"og:image\" content=\"https:\/\/www.eurotherm.com\/wp-content\/uploads\/2018\/10\/nanodac_Loop.jpg\" \/>\n\t<meta property=\"og:image:width\" content=\"500\" \/>\n\t<meta property=\"og:image:height\" content=\"500\" \/>\n\t<meta property=\"og:image:type\" content=\"image\/jpeg\" \/>\n<meta name=\"twitter:card\" content=\"summary_large_image\" \/>\n<meta name=\"twitter:label1\" content=\"Gesch\u00e4tzte Lesezeit\" \/>\n\t<meta name=\"twitter:data1\" content=\"2\u00a0Minuten\" \/>\n<script type=\"application\/ld+json\" class=\"yoast-schema-graph\">{\"@context\":\"https:\/\/schema.org\",\"@graph\":[{\"@type\":\"WebPage\",\"@id\":\"https:\/\/www.eurotherm.com\/de\/products\/datenschreiber-und-datenmanagement\/grafikschreiber\/nanodac-recorder-controller\/\",\"url\":\"https:\/\/www.eurotherm.com\/de\/products\/datenschreiber-und-datenmanagement\/grafikschreiber\/nanodac-recorder-controller\/\",\"name\":\"nanodac\u2122 Schreiber \/ Regler | Eurotherm Limited\",\"isPartOf\":{\"@id\":\"https:\/\/www.eurotherm.com\/de\/#website\"},\"primaryImageOfPage\":{\"@id\":\"https:\/\/www.eurotherm.com\/de\/products\/datenschreiber-und-datenmanagement\/grafikschreiber\/nanodac-recorder-controller\/#primaryimage\"},\"image\":{\"@id\":\"https:\/\/www.eurotherm.com\/de\/products\/datenschreiber-und-datenmanagement\/grafikschreiber\/nanodac-recorder-controller\/#primaryimage\"},\"thumbnailUrl\":\"https:\/\/www.eurotherm.com\/wp-content\/uploads\/2018\/10\/nanodac_Loop.jpg\",\"datePublished\":\"2018-10-15T08:52:45+00:00\",\"dateModified\":\"2023-11-08T20:59:59+00:00\",\"description\":\"nanodac\u2122 Schreiber \/ Regler | Datenerfassung mit PID Regelung Der nanodac\u2122 Schreiber\/Regler bietet das Optimum an grafischer Datenaufzeichnung kombiniert mit PID Regelung in einem Geh\u00e4use dieser Gr\u00f6\u00dfe. Das kompakte \u00bc DIN Ger\u00e4t f\u00fcr die Schalttafelmontage besitzt vier hochgenaue Universaleing\u00e4nge f\u00fcr sichere Datenerfassung und genaue PID Regelung. Das vollfarbige, \u00bc VGA Display stellt selbst die kleinsten Bauteile kristallklar dar.\",\"breadcrumb\":{\"@id\":\"https:\/\/www.eurotherm.com\/de\/products\/datenschreiber-und-datenmanagement\/grafikschreiber\/nanodac-recorder-controller\/#breadcrumb\"},\"inLanguage\":\"de\",\"potentialAction\":[{\"@type\":\"ReadAction\",\"target\":[\"https:\/\/www.eurotherm.com\/de\/products\/datenschreiber-und-datenmanagement\/grafikschreiber\/nanodac-recorder-controller\/\"]}]},{\"@type\":\"ImageObject\",\"inLanguage\":\"de\",\"@id\":\"https:\/\/www.eurotherm.com\/de\/products\/datenschreiber-und-datenmanagement\/grafikschreiber\/nanodac-recorder-controller\/#primaryimage\",\"url\":\"https:\/\/www.eurotherm.com\/wp-content\/uploads\/2018\/10\/nanodac_Loop.jpg\",\"contentUrl\":\"https:\/\/www.eurotherm.com\/wp-content\/uploads\/2018\/10\/nanodac_Loop.jpg\",\"width\":500,\"height\":500,\"caption\":\"Loop\"},{\"@type\":\"BreadcrumbList\",\"@id\":\"https:\/\/www.eurotherm.com\/de\/products\/datenschreiber-und-datenmanagement\/grafikschreiber\/nanodac-recorder-controller\/#breadcrumb\",\"itemListElement\":[{\"@type\":\"ListItem\",\"position\":1,\"name\":\"Home\",\"item\":\"https:\/\/www.eurotherm.com\/de\/\"},{\"@type\":\"ListItem\",\"position\":2,\"name\":\"Product Catalogue\",\"item\":\"https:\/\/www.eurotherm.com\/de\/product-catalogue\/\"},{\"@type\":\"ListItem\",\"position\":3,\"name\":\"Datenschreiber und Datenmanagement\",\"item\":\"https:\/\/www.eurotherm.com\/de\/eurotherm-products\/datenschreiber-und-datenmanagement\/\"},{\"@type\":\"ListItem\",\"position\":4,\"name\":\"Grafikschreiber\",\"item\":\"https:\/\/www.eurotherm.com\/de\/eurotherm-products\/datenschreiber-und-datenmanagement\/grafikschreiber\/\"},{\"@type\":\"ListItem\",\"position\":5,\"name\":\"nanodac\u2122 Schreiber \/ Regler\"}]},{\"@type\":\"WebSite\",\"@id\":\"https:\/\/www.eurotherm.com\/de\/#website\",\"url\":\"https:\/\/www.eurotherm.com\/de\/\",\"name\":\"Eurotherm Limited\",\"description\":\"Temperature Control, Process Control, Measurement and Data Recording Solutions\",\"potentialAction\":[{\"@type\":\"SearchAction\",\"target\":{\"@type\":\"EntryPoint\",\"urlTemplate\":\"https:\/\/www.eurotherm.com\/de\/?s={search_term_string}\"},\"query-input\":{\"@type\":\"PropertyValueSpecification\",\"valueRequired\":true,\"valueName\":\"search_term_string\"}}],\"inLanguage\":\"de\"}]}<\/script>\n<!-- \/ Yoast SEO plugin. -->","yoast_head_json":{"title":"nanodac\u2122 Schreiber \/ Regler | Eurotherm Limited","description":"nanodac\u2122 Schreiber \/ Regler | EtherNet\/IP Client oder Server Modus Mit dieser optionalen Funktion kann der nanodac Schreiber\/Regler einfach in bereits","robots":{"index":"index","follow":"follow","max-snippet":"max-snippet:-1","max-image-preview":"max-image-preview:large","max-video-preview":"max-video-preview:-1"},"og_locale":"de_DE","og_type":"article","og_title":"nanodac\u2122 Schreiber \/ Regler | Eurotherm Limited","og_description":"nanodac\u2122 Schreiber \/ Regler | Datenerfassung mit PID Regelung Der nanodac\u2122 Schreiber\/Regler bietet das Optimum an grafischer Datenaufzeichnung kombiniert mit PID Regelung in einem Geh\u00e4use dieser Gr\u00f6\u00dfe. Das kompakte \u00bc DIN Ger\u00e4t f\u00fcr die Schalttafelmontage besitzt vier hochgenaue Universaleing\u00e4nge f\u00fcr sichere Datenerfassung und genaue PID Regelung. Das vollfarbige, \u00bc VGA Display stellt selbst die kleinsten Bauteile kristallklar dar.","og_url":"https:\/\/www.eurotherm.com\/de\/products\/datenschreiber-und-datenmanagement\/grafikschreiber\/nanodac-recorder-controller\/","og_site_name":"Eurotherm Limited","article_modified_time":"2023-11-08T20:59:59+00:00","og_image":[{"width":500,"height":500,"url":"https:\/\/www.eurotherm.com\/wp-content\/uploads\/2018\/10\/nanodac_Loop.jpg","type":"image\/jpeg"}],"twitter_card":"summary_large_image","twitter_misc":{"Gesch\u00e4tzte Lesezeit":"2\u00a0Minuten"},"schema":{"@context":"https:\/\/schema.org","@graph":[{"@type":"WebPage","@id":"https:\/\/www.eurotherm.com\/de\/products\/datenschreiber-und-datenmanagement\/grafikschreiber\/nanodac-recorder-controller\/","url":"https:\/\/www.eurotherm.com\/de\/products\/datenschreiber-und-datenmanagement\/grafikschreiber\/nanodac-recorder-controller\/","name":"nanodac\u2122 Schreiber \/ Regler | Eurotherm Limited","isPartOf":{"@id":"https:\/\/www.eurotherm.com\/de\/#website"},"primaryImageOfPage":{"@id":"https:\/\/www.eurotherm.com\/de\/products\/datenschreiber-und-datenmanagement\/grafikschreiber\/nanodac-recorder-controller\/#primaryimage"},"image":{"@id":"https:\/\/www.eurotherm.com\/de\/products\/datenschreiber-und-datenmanagement\/grafikschreiber\/nanodac-recorder-controller\/#primaryimage"},"thumbnailUrl":"https:\/\/www.eurotherm.com\/wp-content\/uploads\/2018\/10\/nanodac_Loop.jpg","datePublished":"2018-10-15T08:52:45+00:00","dateModified":"2023-11-08T20:59:59+00:00","description":"nanodac\u2122 Schreiber \/ Regler | Datenerfassung mit PID Regelung Der nanodac\u2122 Schreiber\/Regler bietet das Optimum an grafischer Datenaufzeichnung kombiniert mit PID Regelung in einem Geh\u00e4use dieser Gr\u00f6\u00dfe. Das kompakte \u00bc DIN Ger\u00e4t f\u00fcr die Schalttafelmontage besitzt vier hochgenaue Universaleing\u00e4nge f\u00fcr sichere Datenerfassung und genaue PID Regelung. Das vollfarbige, \u00bc VGA Display stellt selbst die kleinsten Bauteile kristallklar dar.","breadcrumb":{"@id":"https:\/\/www.eurotherm.com\/de\/products\/datenschreiber-und-datenmanagement\/grafikschreiber\/nanodac-recorder-controller\/#breadcrumb"},"inLanguage":"de","potentialAction":[{"@type":"ReadAction","target":["https:\/\/www.eurotherm.com\/de\/products\/datenschreiber-und-datenmanagement\/grafikschreiber\/nanodac-recorder-controller\/"]}]},{"@type":"ImageObject","inLanguage":"de","@id":"https:\/\/www.eurotherm.com\/de\/products\/datenschreiber-und-datenmanagement\/grafikschreiber\/nanodac-recorder-controller\/#primaryimage","url":"https:\/\/www.eurotherm.com\/wp-content\/uploads\/2018\/10\/nanodac_Loop.jpg","contentUrl":"https:\/\/www.eurotherm.com\/wp-content\/uploads\/2018\/10\/nanodac_Loop.jpg","width":500,"height":500,"caption":"Loop"},{"@type":"BreadcrumbList","@id":"https:\/\/www.eurotherm.com\/de\/products\/datenschreiber-und-datenmanagement\/grafikschreiber\/nanodac-recorder-controller\/#breadcrumb","itemListElement":[{"@type":"ListItem","position":1,"name":"Home","item":"https:\/\/www.eurotherm.com\/de\/"},{"@type":"ListItem","position":2,"name":"Product Catalogue","item":"https:\/\/www.eurotherm.com\/de\/product-catalogue\/"},{"@type":"ListItem","position":3,"name":"Datenschreiber und Datenmanagement","item":"https:\/\/www.eurotherm.com\/de\/eurotherm-products\/datenschreiber-und-datenmanagement\/"},{"@type":"ListItem","position":4,"name":"Grafikschreiber","item":"https:\/\/www.eurotherm.com\/de\/eurotherm-products\/datenschreiber-und-datenmanagement\/grafikschreiber\/"},{"@type":"ListItem","position":5,"name":"nanodac\u2122 Schreiber \/ Regler"}]},{"@type":"WebSite","@id":"https:\/\/www.eurotherm.com\/de\/#website","url":"https:\/\/www.eurotherm.com\/de\/","name":"Eurotherm Limited","description":"Temperature Control, Process Control, Measurement and Data Recording Solutions","potentialAction":[{"@type":"SearchAction","target":{"@type":"EntryPoint","urlTemplate":"https:\/\/www.eurotherm.com\/de\/?s={search_term_string}"},"query-input":{"@type":"PropertyValueSpecification","valueRequired":true,"valueName":"search_term_string"}}],"inLanguage":"de"}]}},"ACF":{"product_file":[27445,28414,28415,28417,27341,27796,27343,27342,27344,27346,27345,27340,29325,28014,28410,28404,28408,28409,28406,28405,28081,28146,29326,28403,29177,27577,27576,28006,28420,27993,28401,27998,27996,28000,28001,27997,27999,27797,27992,28456,28002,28004,28402,28007,28416,28021,29328,27759,28413,28005,28003,28407,28290,27454,27942,28999,28039,28419,122608,83654,105978,122663,104513,104230,133630,137167,127667],"product_status":"Active Product","enable_watlow_configurator":true,"watlow_product_type":"Single","watlow_configurator_link":"https:\/\/www.watlow.com\/Products\/Controllers\/Eurotherm\/nanodac-recorder-controller?econfig=123"},"jetpack_sharing_enabled":true,"_links":{"self":[{"href":"https:\/\/www.eurotherm.com\/de\/wp-json\/wp\/v2\/product\/23775","targetHints":{"allow":["GET"]}}],"collection":[{"href":"https:\/\/www.eurotherm.com\/de\/wp-json\/wp\/v2\/product"}],"about":[{"href":"https:\/\/www.eurotherm.com\/de\/wp-json\/wp\/v2\/types\/product"}],"wp:featuredmedia":[{"embeddable":true,"href":"https:\/\/www.eurotherm.com\/de\/wp-json\/wp\/v2\/media\/6161"}],"wp:attachment":[{"href":"https:\/\/www.eurotherm.com\/de\/wp-json\/wp\/v2\/media?parent=23775"}],"wp:term":[{"taxonomy":"product_brand","embeddable":true,"href":"https:\/\/www.eurotherm.com\/de\/wp-json\/wp\/v2\/product_brand?post=23775"},{"taxonomy":"product_cat","embeddable":true,"href":"https:\/\/www.eurotherm.com\/de\/wp-json\/wp\/v2\/product_cat?post=23775"},{"taxonomy":"product_tag","embeddable":true,"href":"https:\/\/www.eurotherm.com\/de\/wp-json\/wp\/v2\/product_tag?post=23775"}],"curies":[{"name":"wp","href":"https:\/\/api.w.org\/{rel}","templated":true}]}}