{"id":23764,"date":"2018-10-15T08:52:25","date_gmt":"2018-10-15T08:52:25","guid":{"rendered":"https:\/\/www.eurotherm.com\/product\/mini8-regler\/"},"modified":"2023-12-01T23:19:24","modified_gmt":"2023-12-01T15:19:24","slug":"mini8-loop-controller","status":"publish","type":"product","link":"https:\/\/www.eurotherm.com\/de\/products\/pid-regler\/mehrkanalregler\/mini8-loop-controller\/","title":{"rendered":"Mini8\u00ae-Regler"},"content":{"rendered":"<p>Der Mini8 ist der ideale Partner f\u00fcr Ihre SPS. Er kommuniziert \u00fcber serielle, Feldbus- oder Ethernet-Kommunikation und bietet eine echte kosteneffektive Alternative zur Durchf\u00fchrung analoger Messungen oder Regelung in einer SPS. Durch die Verlagerung dieser Funktionen auf den Mini8 kann die SPS eine schnellere und effektive Steuerung realisieren, ohne durch die Abwicklung komplexer Regelalgorithmen belastet zu werden. Die Hardwarekosten der SPS werden verringert.<\/p>\n<p>Die Funktionen des Mini8-Reglers umfassen Hochleistungs-PID-Regelung, grafische Verdrahtung und Sollwertprogrammierung sowie Mathematik-, Logik- und Timerfunktionsbl\u00f6cke.<\/p>\n<p>Wird der Mini8-Regler als Datenerfassungseinheit eingesetzt, k\u00f6nnen die hochintegrierten, analogen E\/As mit der Serie 6000 kombiniert werden. Dies erm\u00f6glicht einen un\u00fcbertroffenen Zugriff auf Ihren Prozess \u2013 sowohl lokal als auch \u00fcber das Netzwerk.<\/p>\n<p>&nbsp;<\/p>\n<p><strong>BESONDERS GEEIGNET F\u00dcR:<\/strong><\/p>\n<ul>\n<li>Mehrzonen-\u00d6fen und Herde<\/li>\n<li>Halbleiter CVD und MBE<\/li>\n<li>Stromerzeugung<\/li>\n<li>Kunststoffextrusion<\/li>\n<li>Verpackungsmaschinen<\/li>\n<li>Textilmaschinen<\/li>\n<li>Back\u00f6fen<\/li>\n<li>Glask\u00fchl\u00f6fen<\/li>\n<\/ul>\n<p><strong>MERKMALE:<\/strong><\/p>\n<ul>\n<li>16 Regelkreise mit Selbstoptimierung<\/li>\n<li>32 Analogeing\u00e4nge<\/li>\n<li>Modular und kompakt<\/li>\n<li>Sollwert-Programmierung<\/li>\n<li>Mathematik- und Logikfunktionen<\/li>\n<li>ModBus RTU<\/li>\n<li>DeviceNetTM-Netzwerk<\/li>\n<li>Modbus TCP<\/li>\n<\/ul>\n","protected":false},"excerpt":{"rendered":"<p>Reduziert SPS-Hardware<br \/>\nLeichtes und schnelles Setup<br \/>\nVerbessert die Regelleistung<br \/>\nVerbessert die SPS-Leistung<br \/>\nMinimiert die Hardware zur Signalaufbereitung<br \/>\nDer Mini8-Regler bietet Hochleistungsregelung, wie sie sonst nur bei konventionellen, diskreten PID-Reglern von Eurotherm zu finden ist. Au\u00dferdem ist er eine \u00e4u\u00dferst wettbewerbsf\u00e4hige und kompakte Datenerfassungseinheit. Aufgrund seines modularen Designs k\u00f6nnen E\/A und Funktionen auf eine breite Auswahl an Applikationen von einfach bis komplex eingestellt werden.<\/p>\n<p>Jetzt mit:<\/p>\n<ul>\n<li>Mehr Prozessorleistung, mehr Funktionsbl\u00f6cke und schnellere Kommunikation<\/li>\n<li>Es k\u00f6nnen mehrere Regelkreise in einer einzigen Box verarbeitet werden, bei gleichzeitig verbesserter Eingabegenauigkeit<\/li>\n<li>Verbesserte Thermoelement-Eingangsplatine (ET8) mit +\/-0,25 \u00b0C CJC-Genauigkeit<\/li>\n<\/ul>\n<p>\u00dcberarbeitete IIoTund Cybersecurity-Best-Practices zur Unterst\u00fctzung von \u201eDefense in Depth\u201c-Strategien<\/p>\n<p>https:\/\/youtu.be\/9UaKp-94zUU<\/p>\n","protected":false},"featured_media":140172,"template":"","meta":{"_acf_changed":false},"product_brand":[],"product_cat":[12398,12400,12506,12396,1058],"product_tag":[],"class_list":{"0":"post-23764","1":"product","2":"type-product","3":"status-publish","4":"has-post-thumbnail","6":"industry-oem-custom-solutions-de-2","7":"industry-semiconductor-de-2","8":"product_cat-furnaces-atmosphere-and-vacuum-de","9":"product_cat-heat-treat-products-de","10":"product_cat-mehrkanalregler","11":"product_cat-pid-regler","12":"product_cat-produkte-ger","13":"product_shipping_class-1-de","15":"first","16":"instock","17":"purchasable","18":"product-type-simple"},"acf":[],"yoast_head":"<!-- This site is optimized with the Yoast SEO plugin v27.2 - https:\/\/yoast.com\/product\/yoast-seo-wordpress\/ -->\n<title>Mini8\u00ae-Regler | Eurotherm Limited<\/title>\n<meta name=\"description\" content=\"Mini8\u00ae-Regler | Der Mini8 ist der ideale Partner f\u00fcr Ihre SPS. Er kommuniziert \u00fcber serielle, Feldbus- oder Ethernet-Kommunikation und bietet eine echte kostene\" \/>\n<meta name=\"robots\" content=\"index, follow, max-snippet:-1, max-image-preview:large, max-video-preview:-1\" \/>\n<meta property=\"og:locale\" content=\"de_DE\" \/>\n<meta property=\"og:type\" content=\"article\" \/>\n<meta property=\"og:title\" content=\"Mini8\u00ae-Regler | Eurotherm Limited\" \/>\n<meta property=\"og:description\" content=\"Mini8\u00ae-Regler | Reduziert SPS-Hardware Leichtes und schnelles Setup Verbessert die Regelleistung Verbessert die SPS-Leistung Minimiert die Hardware zur Signalaufbereitung Der Mini8-Regler bietet Hochleistungsregelung, wie sie sonst nur bei konventionellen, diskreten PID-Reglern von Eurotherm zu finden ist. Au\u00dferdem ist er eine \u00e4u\u00dferst wettbewerbsf\u00e4hige und kompakte Datenerfassungseinheit. Aufgrund seines modularen Designs k\u00f6nnen E\/A und Funktionen auf eine breite Auswahl an Applikationen von einfach bis komplex eingestellt werden.  Jetzt mit:   Mehr Prozessorleistung, mehr Funktionsbl\u00f6cke und schnellere Kommunikation  Es k\u00f6nnen mehrere Regelkreise in einer einzigen Box verarbeitet werden, bei gleichzeitig verbesserter Eingabegenauigkeit  Verbesserte Thermoelement-Eingangsplatine (ET8) mit +\/-0,25 \u00b0C CJC-Genauigkeit  \u00dcberarbeitete IIoTund Cybersecurity-Best-Practices zur Unterst\u00fctzung von \u201eDefense in Depth\u201c-Strategien  https:\/\/youtu.be\/9UaKp-94zUU\" \/>\n<meta property=\"og:url\" content=\"https:\/\/www.eurotherm.com\/de\/products\/pid-regler\/mehrkanalregler\/mini8-loop-controller\/\" \/>\n<meta property=\"og:site_name\" content=\"Eurotherm Limited\" \/>\n<meta property=\"article:modified_time\" content=\"2023-12-01T15:19:24+00:00\" \/>\n<meta property=\"og:image\" content=\"https:\/\/www.eurotherm.com\/wp-content\/uploads\/2018\/10\/MBUSCLIENT-crop.jpg\" \/>\n\t<meta property=\"og:image:width\" content=\"446\" \/>\n\t<meta property=\"og:image:height\" content=\"445\" \/>\n\t<meta property=\"og:image:type\" content=\"image\/jpeg\" \/>\n<meta name=\"twitter:card\" content=\"summary_large_image\" \/>\n<meta name=\"twitter:label1\" content=\"Gesch\u00e4tzte Lesezeit\" \/>\n\t<meta name=\"twitter:data1\" content=\"1\u00a0Minute\" \/>\n<script type=\"application\/ld+json\" class=\"yoast-schema-graph\">{\"@context\":\"https:\/\/schema.org\",\"@graph\":[{\"@type\":\"WebPage\",\"@id\":\"https:\/\/www.eurotherm.com\/de\/products\/pid-regler\/mehrkanalregler\/mini8-loop-controller\/\",\"url\":\"https:\/\/www.eurotherm.com\/de\/products\/pid-regler\/mehrkanalregler\/mini8-loop-controller\/\",\"name\":\"Mini8\u00ae-Regler | Eurotherm Limited\",\"isPartOf\":{\"@id\":\"https:\/\/www.eurotherm.com\/de\/#website\"},\"primaryImageOfPage\":{\"@id\":\"https:\/\/www.eurotherm.com\/de\/products\/pid-regler\/mehrkanalregler\/mini8-loop-controller\/#primaryimage\"},\"image\":{\"@id\":\"https:\/\/www.eurotherm.com\/de\/products\/pid-regler\/mehrkanalregler\/mini8-loop-controller\/#primaryimage\"},\"thumbnailUrl\":\"https:\/\/www.eurotherm.com\/wp-content\/uploads\/2018\/10\/MBUSCLIENT-crop.jpg\",\"datePublished\":\"2018-10-15T08:52:25+00:00\",\"dateModified\":\"2023-12-01T15:19:24+00:00\",\"description\":\"Mini8\u00ae-Regler | Reduziert SPS-Hardware Leichtes und schnelles Setup Verbessert die Regelleistung Verbessert die SPS-Leistung Minimiert die Hardware zur Signalaufbereitung Der Mini8-Regler bietet Hochleistungsregelung, wie sie sonst nur bei konventionellen, diskreten PID-Reglern von Eurotherm zu finden ist. Au\u00dferdem ist er eine \u00e4u\u00dferst wettbewerbsf\u00e4hige und kompakte Datenerfassungseinheit. Aufgrund seines modularen Designs k\u00f6nnen E\/A und Funktionen auf eine breite Auswahl an Applikationen von einfach bis komplex eingestellt werden. Jetzt mit: Mehr Prozessorleistung, mehr Funktionsbl\u00f6cke und schnellere Kommunikation Es k\u00f6nnen mehrere Regelkreise in einer einzigen Box verarbeitet werden, bei gleichzeitig verbesserter Eingabegenauigkeit Verbesserte Thermoelement-Eingangsplatine (ET8) mit +\/-0,25 \u00b0C CJC-Genauigkeit \u00dcberarbeitete IIoTund Cybersecurity-Best-Practices zur Unterst\u00fctzung von \u201eDefense in Depth\u201c-Strategien https:\/\/youtu.be\/9UaKp-94zUU\",\"breadcrumb\":{\"@id\":\"https:\/\/www.eurotherm.com\/de\/products\/pid-regler\/mehrkanalregler\/mini8-loop-controller\/#breadcrumb\"},\"inLanguage\":\"de\",\"potentialAction\":[{\"@type\":\"ReadAction\",\"target\":[\"https:\/\/www.eurotherm.com\/de\/products\/pid-regler\/mehrkanalregler\/mini8-loop-controller\/\"]}]},{\"@type\":\"ImageObject\",\"inLanguage\":\"de\",\"@id\":\"https:\/\/www.eurotherm.com\/de\/products\/pid-regler\/mehrkanalregler\/mini8-loop-controller\/#primaryimage\",\"url\":\"https:\/\/www.eurotherm.com\/wp-content\/uploads\/2018\/10\/MBUSCLIENT-crop.jpg\",\"contentUrl\":\"https:\/\/www.eurotherm.com\/wp-content\/uploads\/2018\/10\/MBUSCLIENT-crop.jpg\",\"width\":446,\"height\":445},{\"@type\":\"BreadcrumbList\",\"@id\":\"https:\/\/www.eurotherm.com\/de\/products\/pid-regler\/mehrkanalregler\/mini8-loop-controller\/#breadcrumb\",\"itemListElement\":[{\"@type\":\"ListItem\",\"position\":1,\"name\":\"Home\",\"item\":\"https:\/\/www.eurotherm.com\/de\/\"},{\"@type\":\"ListItem\",\"position\":2,\"name\":\"Product Catalogue\",\"item\":\"https:\/\/www.eurotherm.com\/de\/product-catalogue\/\"},{\"@type\":\"ListItem\",\"position\":3,\"name\":\"PID-Regler\",\"item\":\"https:\/\/www.eurotherm.com\/de\/eurotherm-products\/pid-regler\/\"},{\"@type\":\"ListItem\",\"position\":4,\"name\":\"Mehrkanalregler\",\"item\":\"https:\/\/www.eurotherm.com\/de\/eurotherm-products\/pid-regler\/mehrkanalregler\/\"},{\"@type\":\"ListItem\",\"position\":5,\"name\":\"Mini8\u00ae-Regler\"}]},{\"@type\":\"WebSite\",\"@id\":\"https:\/\/www.eurotherm.com\/de\/#website\",\"url\":\"https:\/\/www.eurotherm.com\/de\/\",\"name\":\"Eurotherm Limited\",\"description\":\"Temperature Control, Process Control, Measurement and Data Recording Solutions\",\"potentialAction\":[{\"@type\":\"SearchAction\",\"target\":{\"@type\":\"EntryPoint\",\"urlTemplate\":\"https:\/\/www.eurotherm.com\/de\/?s={search_term_string}\"},\"query-input\":{\"@type\":\"PropertyValueSpecification\",\"valueRequired\":true,\"valueName\":\"search_term_string\"}}],\"inLanguage\":\"de\"}]}<\/script>\n<!-- \/ Yoast SEO plugin. -->","yoast_head_json":{"title":"Mini8\u00ae-Regler | Eurotherm Limited","description":"Mini8\u00ae-Regler | Der Mini8 ist der ideale Partner f\u00fcr Ihre SPS. Er kommuniziert \u00fcber serielle, Feldbus- oder Ethernet-Kommunikation und bietet eine echte kostene","robots":{"index":"index","follow":"follow","max-snippet":"max-snippet:-1","max-image-preview":"max-image-preview:large","max-video-preview":"max-video-preview:-1"},"og_locale":"de_DE","og_type":"article","og_title":"Mini8\u00ae-Regler | Eurotherm Limited","og_description":"Mini8\u00ae-Regler | Reduziert SPS-Hardware Leichtes und schnelles Setup Verbessert die Regelleistung Verbessert die SPS-Leistung Minimiert die Hardware zur Signalaufbereitung Der Mini8-Regler bietet Hochleistungsregelung, wie sie sonst nur bei konventionellen, diskreten PID-Reglern von Eurotherm zu finden ist. Au\u00dferdem ist er eine \u00e4u\u00dferst wettbewerbsf\u00e4hige und kompakte Datenerfassungseinheit. Aufgrund seines modularen Designs k\u00f6nnen E\/A und Funktionen auf eine breite Auswahl an Applikationen von einfach bis komplex eingestellt werden.  Jetzt mit:   Mehr Prozessorleistung, mehr Funktionsbl\u00f6cke und schnellere Kommunikation  Es k\u00f6nnen mehrere Regelkreise in einer einzigen Box verarbeitet werden, bei gleichzeitig verbesserter Eingabegenauigkeit  Verbesserte Thermoelement-Eingangsplatine (ET8) mit +\/-0,25 \u00b0C CJC-Genauigkeit  \u00dcberarbeitete IIoTund Cybersecurity-Best-Practices zur Unterst\u00fctzung von \u201eDefense in Depth\u201c-Strategien  https:\/\/youtu.be\/9UaKp-94zUU","og_url":"https:\/\/www.eurotherm.com\/de\/products\/pid-regler\/mehrkanalregler\/mini8-loop-controller\/","og_site_name":"Eurotherm Limited","article_modified_time":"2023-12-01T15:19:24+00:00","og_image":[{"width":446,"height":445,"url":"https:\/\/www.eurotherm.com\/wp-content\/uploads\/2018\/10\/MBUSCLIENT-crop.jpg","type":"image\/jpeg"}],"twitter_card":"summary_large_image","twitter_misc":{"Gesch\u00e4tzte Lesezeit":"1\u00a0Minute"},"schema":{"@context":"https:\/\/schema.org","@graph":[{"@type":"WebPage","@id":"https:\/\/www.eurotherm.com\/de\/products\/pid-regler\/mehrkanalregler\/mini8-loop-controller\/","url":"https:\/\/www.eurotherm.com\/de\/products\/pid-regler\/mehrkanalregler\/mini8-loop-controller\/","name":"Mini8\u00ae-Regler | Eurotherm Limited","isPartOf":{"@id":"https:\/\/www.eurotherm.com\/de\/#website"},"primaryImageOfPage":{"@id":"https:\/\/www.eurotherm.com\/de\/products\/pid-regler\/mehrkanalregler\/mini8-loop-controller\/#primaryimage"},"image":{"@id":"https:\/\/www.eurotherm.com\/de\/products\/pid-regler\/mehrkanalregler\/mini8-loop-controller\/#primaryimage"},"thumbnailUrl":"https:\/\/www.eurotherm.com\/wp-content\/uploads\/2018\/10\/MBUSCLIENT-crop.jpg","datePublished":"2018-10-15T08:52:25+00:00","dateModified":"2023-12-01T15:19:24+00:00","description":"Mini8\u00ae-Regler | Reduziert SPS-Hardware Leichtes und schnelles Setup Verbessert die Regelleistung Verbessert die SPS-Leistung Minimiert die Hardware zur Signalaufbereitung Der Mini8-Regler bietet Hochleistungsregelung, wie sie sonst nur bei konventionellen, diskreten PID-Reglern von Eurotherm zu finden ist. Au\u00dferdem ist er eine \u00e4u\u00dferst wettbewerbsf\u00e4hige und kompakte Datenerfassungseinheit. Aufgrund seines modularen Designs k\u00f6nnen E\/A und Funktionen auf eine breite Auswahl an Applikationen von einfach bis komplex eingestellt werden. Jetzt mit: Mehr Prozessorleistung, mehr Funktionsbl\u00f6cke und schnellere Kommunikation Es k\u00f6nnen mehrere Regelkreise in einer einzigen Box verarbeitet werden, bei gleichzeitig verbesserter Eingabegenauigkeit Verbesserte Thermoelement-Eingangsplatine (ET8) mit +\/-0,25 \u00b0C CJC-Genauigkeit \u00dcberarbeitete IIoTund Cybersecurity-Best-Practices zur Unterst\u00fctzung von \u201eDefense in Depth\u201c-Strategien https:\/\/youtu.be\/9UaKp-94zUU","breadcrumb":{"@id":"https:\/\/www.eurotherm.com\/de\/products\/pid-regler\/mehrkanalregler\/mini8-loop-controller\/#breadcrumb"},"inLanguage":"de","potentialAction":[{"@type":"ReadAction","target":["https:\/\/www.eurotherm.com\/de\/products\/pid-regler\/mehrkanalregler\/mini8-loop-controller\/"]}]},{"@type":"ImageObject","inLanguage":"de","@id":"https:\/\/www.eurotherm.com\/de\/products\/pid-regler\/mehrkanalregler\/mini8-loop-controller\/#primaryimage","url":"https:\/\/www.eurotherm.com\/wp-content\/uploads\/2018\/10\/MBUSCLIENT-crop.jpg","contentUrl":"https:\/\/www.eurotherm.com\/wp-content\/uploads\/2018\/10\/MBUSCLIENT-crop.jpg","width":446,"height":445},{"@type":"BreadcrumbList","@id":"https:\/\/www.eurotherm.com\/de\/products\/pid-regler\/mehrkanalregler\/mini8-loop-controller\/#breadcrumb","itemListElement":[{"@type":"ListItem","position":1,"name":"Home","item":"https:\/\/www.eurotherm.com\/de\/"},{"@type":"ListItem","position":2,"name":"Product Catalogue","item":"https:\/\/www.eurotherm.com\/de\/product-catalogue\/"},{"@type":"ListItem","position":3,"name":"PID-Regler","item":"https:\/\/www.eurotherm.com\/de\/eurotherm-products\/pid-regler\/"},{"@type":"ListItem","position":4,"name":"Mehrkanalregler","item":"https:\/\/www.eurotherm.com\/de\/eurotherm-products\/pid-regler\/mehrkanalregler\/"},{"@type":"ListItem","position":5,"name":"Mini8\u00ae-Regler"}]},{"@type":"WebSite","@id":"https:\/\/www.eurotherm.com\/de\/#website","url":"https:\/\/www.eurotherm.com\/de\/","name":"Eurotherm Limited","description":"Temperature Control, Process Control, Measurement and Data Recording Solutions","potentialAction":[{"@type":"SearchAction","target":{"@type":"EntryPoint","urlTemplate":"https:\/\/www.eurotherm.com\/de\/?s={search_term_string}"},"query-input":{"@type":"PropertyValueSpecification","valueRequired":true,"valueName":"search_term_string"}}],"inLanguage":"de"}]}},"ACF":{"product_file":[133573,132091,132963,132092,93702,27454,27598,28509,28374,28373,28383,29183,28376,28391,28377,28380,28378,28379,28385,29332,27905,28381,28390,28371,28372,28389,28382,28386,28369,28384,28388,27904,27909,27906,27908,28387,29168,80144,80171,80778,89080,105978,86685,119786,120201,124913,124926,131816,137178,139337,139336,139335,149984,150229,149222],"product_status":"Active Product","enable_watlow_configurator":true,"watlow_product_type":"Single","watlow_configurator_link":"https:\/\/www.watlow.com\/Products\/Controllers\/Eurotherm\/Mini8-Loop-Controller?econfig=123"},"jetpack_sharing_enabled":true,"_links":{"self":[{"href":"https:\/\/www.eurotherm.com\/de\/wp-json\/wp\/v2\/product\/23764","targetHints":{"allow":["GET"]}}],"collection":[{"href":"https:\/\/www.eurotherm.com\/de\/wp-json\/wp\/v2\/product"}],"about":[{"href":"https:\/\/www.eurotherm.com\/de\/wp-json\/wp\/v2\/types\/product"}],"wp:featuredmedia":[{"embeddable":true,"href":"https:\/\/www.eurotherm.com\/de\/wp-json\/wp\/v2\/media\/140172"}],"wp:attachment":[{"href":"https:\/\/www.eurotherm.com\/de\/wp-json\/wp\/v2\/media?parent=23764"}],"wp:term":[{"taxonomy":"product_brand","embeddable":true,"href":"https:\/\/www.eurotherm.com\/de\/wp-json\/wp\/v2\/product_brand?post=23764"},{"taxonomy":"product_cat","embeddable":true,"href":"https:\/\/www.eurotherm.com\/de\/wp-json\/wp\/v2\/product_cat?post=23764"},{"taxonomy":"product_tag","embeddable":true,"href":"https:\/\/www.eurotherm.com\/de\/wp-json\/wp\/v2\/product_tag?post=23764"}],"curies":[{"name":"wp","href":"https:\/\/api.w.org\/{rel}","templated":true}]}}