{"id":23753,"date":"2018-10-15T08:48:52","date_gmt":"2018-10-15T08:48:52","guid":{"rendered":"https:\/\/www.eurotherm.com\/product\/kreisblattschreiber-392\/"},"modified":"2021-12-08T18:44:10","modified_gmt":"2021-12-08T10:44:10","slug":"392-circular-chart-recorder","status":"publish","type":"product","link":"https:\/\/www.eurotherm.com\/de\/products\/discontinued-eurotherm-products-de\/392-circular-chart-recorder\/","title":{"rendered":"Kreisblattschreiber 392"},"content":{"rendered":"<h2>Benutzerkonfiguration<\/h2>\n<p>Die integrierte Tastatur und strukturierte Parameterliste erm\u00f6glichen eine schnelle Grundeinstellung und Auswahl der f\u00fcr eine bestimmte Applikation ben\u00f6tigten Funktionen. Die Konfigurationsparameter sind durch ein benutzerdefinierbares Passwort gesch\u00fctzt.<\/p>\n<p>&nbsp;<\/p>\n<h2>Display<\/h2>\n<p>Der Messwert f\u00fcr den jeweiligen Kanal wird gemeinsam mit Kanalnummer, Engineering-Einheit, Kanaldeskriptor und Alarminformation angezeigt.<\/p>\n<h2>Integrierter PID-Regler<\/h2>\n<p>Das Modell 392 bietet zwei PID-Regler mit Funktionen wie Kaskadenregelung, Durchsatz\/Vorspannung, Feedforward und interne Sollwert-Erzeugung. Dedizierte auto\/manual- und remote\/lokal- Sollwerttasten erm\u00f6glichen dem Bediener, zwischen den Steuerfunktionen hin- und herzuschalten.<\/p>\n<p><strong>BESONDERS GEEIGNET F\u00dcR:<\/strong><\/p>\n<ul>\n<li>Umweltapplikationen<\/li>\n<li>Wasser\/Abwasser<\/li>\n<li>Kessel<\/li>\n<li>Nahrungsmittel und Getr\u00e4nke<\/li>\n<\/ul>\n<p><strong>MERKMALE:<\/strong><\/p>\n<ul>\n<li>Standard-Linearisierung<\/li>\n<li>Benutzerdefinierte Kurve<\/li>\n<li>40 Zeichen VFD-Display<\/li>\n<li>Vom Anwender konfigurierbar<\/li>\n<li>Mathematische Funktionen<\/li>\n<li>Summierer mit 9-stelliger Anzeige<\/li>\n<li>Ein- und Zweikanal-Regler<\/li>\n<\/ul>\n","protected":false},"excerpt":{"rendered":"<ul>\n<li>Einzeldiagrammanzeige des gew\u00e4hlten Aufzeichnungszeitraums<\/li>\n<li>Regler und Programmierer<\/li>\n<li>Universaleingang<\/li>\n<li>Bis zu 4 Kan\u00e4le<\/li>\n<li>IP65 Montagedichtungsoption<\/li>\n<li>Kompaktes Design f\u00fcr problemlose Anbringung<\/li>\n<\/ul>\n<p>Der 392 ist ein benutzerkonfigurierbarer 1\u20134 Kanal Kreisblattschreiber mit 100mm kalibrierter Schreibbreite. Die aktuelle Statusinformation wird auf dem an der Ger\u00e4tevorderseite angebrachten, hochsichtbaren Vakuumfluoreszenz-Display angezeigt.<\/p>\n<p>Durch seine modulare Konstruktion und sein kompaktes Design findet er leicht einen geeigneten Platz und ist dar\u00fcber hinaus leicht instandzuhalten und aufzur\u00fcsten.<\/p>\n","protected":false},"featured_media":5979,"template":"","meta":{"_acf_changed":false},"product_brand":[],"product_cat":[12679],"product_tag":[],"class_list":{"0":"post-23753","1":"product","2":"type-product","3":"status-publish","4":"has-post-thumbnail","6":"product_cat-discontinued-eurotherm-products-de","7":"product_shipping_class-1-de","9":"first","10":"instock","11":"purchasable","12":"product-type-simple"},"acf":[],"yoast_head":"<!-- This site is optimized with the Yoast SEO plugin v27.5 - https:\/\/yoast.com\/product\/yoast-seo-wordpress\/ -->\n<title>Kreisblattschreiber 392 | Eurotherm Limited<\/title>\n<meta name=\"description\" content=\"Kreisblattschreiber 392 | Benutzerkonfiguration Die integrierte Tastatur und strukturierte Parameterliste erm\u00f6glichen eine schnelle Grundeinstellung u\" \/>\n<meta name=\"robots\" content=\"index, follow, max-snippet:-1, max-image-preview:large, max-video-preview:-1\" \/>\n<meta property=\"og:locale\" content=\"de_DE\" \/>\n<meta property=\"og:type\" content=\"article\" \/>\n<meta property=\"og:title\" content=\"Kreisblattschreiber 392 | Eurotherm Limited\" \/>\n<meta property=\"og:description\" content=\"Kreisblattschreiber 392 | Einzeldiagrammanzeige des gew\u00e4hlten Aufzeichnungszeitraums  Regler und Programmierer  Universaleingang  Bis zu 4 Kan\u00e4le  IP65 Montagedichtungsoption  Kompaktes Design f\u00fcr problemlose Anbringung  Der 392 ist ein benutzerkonfigurierbarer 1\u20134 Kanal Kreisblattschreiber mit 100mm kalibrierter Schreibbreite. Die aktuelle Statusinformation wird auf dem an der Ger\u00e4tevorderseite angebrachten, hochsichtbaren Vakuumfluoreszenz-Display angezeigt.  Durch seine modulare Konstruktion und sein kompaktes Design findet er leicht einen geeigneten Platz und ist dar\u00fcber hinaus leicht instandzuhalten und aufzur\u00fcsten.\" \/>\n<meta property=\"og:url\" content=\"https:\/\/www.eurotherm.com\/de\/products\/discontinued-eurotherm-products-de\/392-circular-chart-recorder\/\" \/>\n<meta property=\"og:site_name\" content=\"Eurotherm Limited\" \/>\n<meta property=\"article:modified_time\" content=\"2021-12-08T10:44:10+00:00\" \/>\n<meta property=\"og:image\" content=\"https:\/\/www.eurotherm.com\/wp-content\/uploads\/2018\/10\/392.jpg\" \/>\n\t<meta property=\"og:image:width\" content=\"500\" \/>\n\t<meta property=\"og:image:height\" content=\"500\" \/>\n\t<meta property=\"og:image:type\" content=\"image\/jpeg\" \/>\n<meta name=\"twitter:card\" content=\"summary_large_image\" \/>\n<meta name=\"twitter:label1\" content=\"Gesch\u00e4tzte Lesezeit\" \/>\n\t<meta name=\"twitter:data1\" content=\"1\u00a0Minute\" \/>\n<script type=\"application\/ld+json\" class=\"yoast-schema-graph\">{\"@context\":\"https:\\\/\\\/schema.org\",\"@graph\":[{\"@type\":\"WebPage\",\"@id\":\"https:\\\/\\\/www.eurotherm.com\\\/de\\\/products\\\/discontinued-eurotherm-products-de\\\/392-circular-chart-recorder\\\/\",\"url\":\"https:\\\/\\\/www.eurotherm.com\\\/de\\\/products\\\/discontinued-eurotherm-products-de\\\/392-circular-chart-recorder\\\/\",\"name\":\"Kreisblattschreiber 392 | Eurotherm Limited\",\"isPartOf\":{\"@id\":\"https:\\\/\\\/www.eurotherm.com\\\/de\\\/#website\"},\"primaryImageOfPage\":{\"@id\":\"https:\\\/\\\/www.eurotherm.com\\\/de\\\/products\\\/discontinued-eurotherm-products-de\\\/392-circular-chart-recorder\\\/#primaryimage\"},\"image\":{\"@id\":\"https:\\\/\\\/www.eurotherm.com\\\/de\\\/products\\\/discontinued-eurotherm-products-de\\\/392-circular-chart-recorder\\\/#primaryimage\"},\"thumbnailUrl\":\"https:\\\/\\\/www.eurotherm.com\\\/wp-content\\\/uploads\\\/2018\\\/10\\\/392.jpg\",\"datePublished\":\"2018-10-15T08:48:52+00:00\",\"dateModified\":\"2021-12-08T10:44:10+00:00\",\"description\":\"Kreisblattschreiber 392 | Einzeldiagrammanzeige des gew\u00e4hlten Aufzeichnungszeitraums Regler und Programmierer Universaleingang Bis zu 4 Kan\u00e4le IP65 Montagedichtungsoption Kompaktes Design f\u00fcr problemlose Anbringung Der 392 ist ein benutzerkonfigurierbarer 1\u20134 Kanal Kreisblattschreiber mit 100mm kalibrierter Schreibbreite. Die aktuelle Statusinformation wird auf dem an der Ger\u00e4tevorderseite angebrachten, hochsichtbaren Vakuumfluoreszenz-Display angezeigt. Durch seine modulare Konstruktion und sein kompaktes Design findet er leicht einen geeigneten Platz und ist dar\u00fcber hinaus leicht instandzuhalten und aufzur\u00fcsten.\",\"breadcrumb\":{\"@id\":\"https:\\\/\\\/www.eurotherm.com\\\/de\\\/products\\\/discontinued-eurotherm-products-de\\\/392-circular-chart-recorder\\\/#breadcrumb\"},\"inLanguage\":\"de\",\"potentialAction\":[{\"@type\":\"ReadAction\",\"target\":[\"https:\\\/\\\/www.eurotherm.com\\\/de\\\/products\\\/discontinued-eurotherm-products-de\\\/392-circular-chart-recorder\\\/\"]}]},{\"@type\":\"ImageObject\",\"inLanguage\":\"de\",\"@id\":\"https:\\\/\\\/www.eurotherm.com\\\/de\\\/products\\\/discontinued-eurotherm-products-de\\\/392-circular-chart-recorder\\\/#primaryimage\",\"url\":\"https:\\\/\\\/www.eurotherm.com\\\/wp-content\\\/uploads\\\/2018\\\/10\\\/392.jpg\",\"contentUrl\":\"https:\\\/\\\/www.eurotherm.com\\\/wp-content\\\/uploads\\\/2018\\\/10\\\/392.jpg\",\"width\":500,\"height\":500},{\"@type\":\"BreadcrumbList\",\"@id\":\"https:\\\/\\\/www.eurotherm.com\\\/de\\\/products\\\/discontinued-eurotherm-products-de\\\/392-circular-chart-recorder\\\/#breadcrumb\",\"itemListElement\":[{\"@type\":\"ListItem\",\"position\":1,\"name\":\"Home\",\"item\":\"https:\\\/\\\/www.eurotherm.com\\\/de\\\/\"},{\"@type\":\"ListItem\",\"position\":2,\"name\":\"Product Catalogue\",\"item\":\"https:\\\/\\\/www.eurotherm.com\\\/de\\\/product-catalogue\\\/\"},{\"@type\":\"ListItem\",\"position\":3,\"name\":\"Discontinued Eurotherm Products\",\"item\":\"https:\\\/\\\/www.eurotherm.com\\\/de\\\/eurotherm-products\\\/discontinued-eurotherm-products-de\\\/\"},{\"@type\":\"ListItem\",\"position\":4,\"name\":\"Kreisblattschreiber 392\"}]},{\"@type\":\"WebSite\",\"@id\":\"https:\\\/\\\/www.eurotherm.com\\\/de\\\/#website\",\"url\":\"https:\\\/\\\/www.eurotherm.com\\\/de\\\/\",\"name\":\"Eurotherm Limited\",\"description\":\"Temperature Control, Process Control, Measurement and Data Recording Solutions\",\"potentialAction\":[{\"@type\":\"SearchAction\",\"target\":{\"@type\":\"EntryPoint\",\"urlTemplate\":\"https:\\\/\\\/www.eurotherm.com\\\/de\\\/?s={search_term_string}\"},\"query-input\":{\"@type\":\"PropertyValueSpecification\",\"valueRequired\":true,\"valueName\":\"search_term_string\"}}],\"inLanguage\":\"de\"}]}<\/script>\n<!-- \/ Yoast SEO plugin. -->","yoast_head_json":{"title":"Kreisblattschreiber 392 | Eurotherm Limited","description":"Kreisblattschreiber 392 | Benutzerkonfiguration Die integrierte Tastatur und strukturierte Parameterliste erm\u00f6glichen eine schnelle Grundeinstellung u","robots":{"index":"index","follow":"follow","max-snippet":"max-snippet:-1","max-image-preview":"max-image-preview:large","max-video-preview":"max-video-preview:-1"},"og_locale":"de_DE","og_type":"article","og_title":"Kreisblattschreiber 392 | Eurotherm Limited","og_description":"Kreisblattschreiber 392 | Einzeldiagrammanzeige des gew\u00e4hlten Aufzeichnungszeitraums  Regler und Programmierer  Universaleingang  Bis zu 4 Kan\u00e4le  IP65 Montagedichtungsoption  Kompaktes Design f\u00fcr problemlose Anbringung  Der 392 ist ein benutzerkonfigurierbarer 1\u20134 Kanal Kreisblattschreiber mit 100mm kalibrierter Schreibbreite. Die aktuelle Statusinformation wird auf dem an der Ger\u00e4tevorderseite angebrachten, hochsichtbaren Vakuumfluoreszenz-Display angezeigt.  Durch seine modulare Konstruktion und sein kompaktes Design findet er leicht einen geeigneten Platz und ist dar\u00fcber hinaus leicht instandzuhalten und aufzur\u00fcsten.","og_url":"https:\/\/www.eurotherm.com\/de\/products\/discontinued-eurotherm-products-de\/392-circular-chart-recorder\/","og_site_name":"Eurotherm Limited","article_modified_time":"2021-12-08T10:44:10+00:00","og_image":[{"width":500,"height":500,"url":"https:\/\/www.eurotherm.com\/wp-content\/uploads\/2018\/10\/392.jpg","type":"image\/jpeg"}],"twitter_card":"summary_large_image","twitter_misc":{"Gesch\u00e4tzte Lesezeit":"1\u00a0Minute"},"schema":{"@context":"https:\/\/schema.org","@graph":[{"@type":"WebPage","@id":"https:\/\/www.eurotherm.com\/de\/products\/discontinued-eurotherm-products-de\/392-circular-chart-recorder\/","url":"https:\/\/www.eurotherm.com\/de\/products\/discontinued-eurotherm-products-de\/392-circular-chart-recorder\/","name":"Kreisblattschreiber 392 | Eurotherm Limited","isPartOf":{"@id":"https:\/\/www.eurotherm.com\/de\/#website"},"primaryImageOfPage":{"@id":"https:\/\/www.eurotherm.com\/de\/products\/discontinued-eurotherm-products-de\/392-circular-chart-recorder\/#primaryimage"},"image":{"@id":"https:\/\/www.eurotherm.com\/de\/products\/discontinued-eurotherm-products-de\/392-circular-chart-recorder\/#primaryimage"},"thumbnailUrl":"https:\/\/www.eurotherm.com\/wp-content\/uploads\/2018\/10\/392.jpg","datePublished":"2018-10-15T08:48:52+00:00","dateModified":"2021-12-08T10:44:10+00:00","description":"Kreisblattschreiber 392 | Einzeldiagrammanzeige des gew\u00e4hlten Aufzeichnungszeitraums Regler und Programmierer Universaleingang Bis zu 4 Kan\u00e4le IP65 Montagedichtungsoption Kompaktes Design f\u00fcr problemlose Anbringung Der 392 ist ein benutzerkonfigurierbarer 1\u20134 Kanal Kreisblattschreiber mit 100mm kalibrierter Schreibbreite. Die aktuelle Statusinformation wird auf dem an der Ger\u00e4tevorderseite angebrachten, hochsichtbaren Vakuumfluoreszenz-Display angezeigt. Durch seine modulare Konstruktion und sein kompaktes Design findet er leicht einen geeigneten Platz und ist dar\u00fcber hinaus leicht instandzuhalten und aufzur\u00fcsten.","breadcrumb":{"@id":"https:\/\/www.eurotherm.com\/de\/products\/discontinued-eurotherm-products-de\/392-circular-chart-recorder\/#breadcrumb"},"inLanguage":"de","potentialAction":[{"@type":"ReadAction","target":["https:\/\/www.eurotherm.com\/de\/products\/discontinued-eurotherm-products-de\/392-circular-chart-recorder\/"]}]},{"@type":"ImageObject","inLanguage":"de","@id":"https:\/\/www.eurotherm.com\/de\/products\/discontinued-eurotherm-products-de\/392-circular-chart-recorder\/#primaryimage","url":"https:\/\/www.eurotherm.com\/wp-content\/uploads\/2018\/10\/392.jpg","contentUrl":"https:\/\/www.eurotherm.com\/wp-content\/uploads\/2018\/10\/392.jpg","width":500,"height":500},{"@type":"BreadcrumbList","@id":"https:\/\/www.eurotherm.com\/de\/products\/discontinued-eurotherm-products-de\/392-circular-chart-recorder\/#breadcrumb","itemListElement":[{"@type":"ListItem","position":1,"name":"Home","item":"https:\/\/www.eurotherm.com\/de\/"},{"@type":"ListItem","position":2,"name":"Product Catalogue","item":"https:\/\/www.eurotherm.com\/de\/product-catalogue\/"},{"@type":"ListItem","position":3,"name":"Discontinued Eurotherm Products","item":"https:\/\/www.eurotherm.com\/de\/eurotherm-products\/discontinued-eurotherm-products-de\/"},{"@type":"ListItem","position":4,"name":"Kreisblattschreiber 392"}]},{"@type":"WebSite","@id":"https:\/\/www.eurotherm.com\/de\/#website","url":"https:\/\/www.eurotherm.com\/de\/","name":"Eurotherm Limited","description":"Temperature Control, Process Control, Measurement and Data Recording Solutions","potentialAction":[{"@type":"SearchAction","target":{"@type":"EntryPoint","urlTemplate":"https:\/\/www.eurotherm.com\/de\/?s={search_term_string}"},"query-input":{"@type":"PropertyValueSpecification","valueRequired":true,"valueName":"search_term_string"}}],"inLanguage":"de"}]}},"ACF":{"product_file":[27454,28535,27942,27866,27943,27939,29148,26913,26908,26907,28222,26912,26910,26909,26911,29133,26906,27359,27394,28223,27584,27497,28459]},"jetpack_sharing_enabled":true,"_links":{"self":[{"href":"https:\/\/www.eurotherm.com\/de\/wp-json\/wp\/v2\/product\/23753","targetHints":{"allow":["GET"]}}],"collection":[{"href":"https:\/\/www.eurotherm.com\/de\/wp-json\/wp\/v2\/product"}],"about":[{"href":"https:\/\/www.eurotherm.com\/de\/wp-json\/wp\/v2\/types\/product"}],"wp:featuredmedia":[{"embeddable":true,"href":"https:\/\/www.eurotherm.com\/de\/wp-json\/wp\/v2\/media\/5979"}],"wp:attachment":[{"href":"https:\/\/www.eurotherm.com\/de\/wp-json\/wp\/v2\/media?parent=23753"}],"wp:term":[{"taxonomy":"product_brand","embeddable":true,"href":"https:\/\/www.eurotherm.com\/de\/wp-json\/wp\/v2\/product_brand?post=23753"},{"taxonomy":"product_cat","embeddable":true,"href":"https:\/\/www.eurotherm.com\/de\/wp-json\/wp\/v2\/product_cat?post=23753"},{"taxonomy":"product_tag","embeddable":true,"href":"https:\/\/www.eurotherm.com\/de\/wp-json\/wp\/v2\/product_tag?post=23753"}],"curies":[{"name":"wp","href":"https:\/\/api.w.org\/{rel}","templated":true}]}}