{"id":23748,"date":"2018-10-15T08:52:06","date_gmt":"2018-10-15T08:52:06","guid":{"rendered":"https:\/\/www.eurotherm.com\/product\/information-manager\/"},"modified":"2025-05-13T23:54:38","modified_gmt":"2025-05-13T15:54:38","slug":"information-manager","status":"publish","type":"product","link":"https:\/\/www.eurotherm.com\/de\/products\/maschinensteuerung-und-prozessautomatisierung\/software-esuite\/information-manager\/","title":{"rendered":"Information Manager"},"content":{"rendered":"<p>Der Information Manager liefert eine Prozesskopplung zwischen dem LIN-Netzwerk (\u00fcber ARCnet und Ethernet) und dem betrieblichen Umfeld. Client-Anwendungen des Unternehmens k\u00f6nnen \u00fcber geografische und organisatorische Grenzen hinweg verteilt werden und gleichzeitig \u00fcber den Operations Server oder Information Manager Zugriff auf jeden beliebigen Prozesswert bieten. Diese Struktur erm\u00f6glicht die Verteilung von Applikationen \u00fcber das gesamte Netzwerk und macht eine Duplizierung der Daten in jedem einzelnen Knotenpunkt \u00fcberfl\u00fcssig.<\/p>\n<p>Der Information Manager kombiniert die Leistungsf\u00e4higkeit und Flexibilit\u00e4t einer relationalen Datenbank mit der Geschwindigkeit und Komprimierung eines Echtzeit-Historian-Pakets und erm\u00f6glicht damit Integration zwischen B\u00fcro- und Anlagenebene.<\/p>\n<p>Techniker, Wartungsmanager und Anlagenbediener k\u00f6nnen durch Benutzung der ActiveFactory Client Applikationen aktuelle Echtzeit-, Historian- und Alarminformation darstellen, analysieren und pr\u00e4sentieren. Jede weitere Standardsoftware mit SQL\/ODBC-Schnittstelle kann die Werte \u00fcber vorinstallierte Tabellen lesen.<\/p>\n<p>Datenbank und hinterlegte Abl\u00e4ufe werden automatisch installiert und setzen keine Kenntnisse von relationalen Datenbanken oder SQL voraus. Der Information Manager enth\u00e4lt eine leistungsstarke, vorher festgelegte Abfrage, die dem Benutzer das Suchen und Finden von Daten erm\u00f6glicht. Das erleichtert das Verstehen komplexer Beziehungen und Wechselwirkungen zwischen den technischen Anlagen, den Betriebszust\u00e4nden in der Produktion, den Prozessvorg\u00e4ngen, der Produktqualit\u00e4t und der Produktionseffizienz.<\/p>\n<p><strong>MERKMALE:<\/strong><\/p>\n<ul>\n<li>Echtzeitdaten und historische Anlagendaten stehen dem gesamten Unternehmen zur Verf\u00fcgung<\/li>\n<li>Reduzierung des Speicherplatzbedarfs und dynamische Datenkomprimierung<\/li>\n<li>Eingebetteter Microsoft SQL- Server\u2122 erm\u00f6glicht Standardzugriff \u00fcber SQL-Abfragen<\/li>\n<li>OPC- und SuiteLink-LIN-Protokoll E\/A-Treiber mit eingebauter Server-Sicherheit<\/li>\n<li>Vollst\u00e4ndig eingebunden in die Project Developer Datenbank<\/li>\n<li>Integration in relationale Alarmdatenbank<\/li>\n<li>Enth\u00e4lt den Wonderware\u00ae IndustrialSQL\u2122-Server<\/li>\n<li>Alle Anlagendaten werden mit hoher Aufl\u00f6sung erfasst und gespeichert, z. B.<\/li>\n<\/ul>\n","protected":false},"excerpt":{"rendered":"<p>Der Information Manager erm\u00f6glicht eine Prozesskopplung zwischen dem Eurotherm Prozessleitsystemnetzwerk und dem Unternehmen.<\/p>\n<p>Durch Direktzugriff auf die Daten bietet dieses Echtzeit-Historianpaket:<\/p>\n<ul>\n<li>Erfassung und Speicherung aller Anlagendaten zu jeder beliebigen Zeit<\/li>\n<li>Bereitstellung der Daten f\u00fcr die gesamte Organisation<\/li>\n<li>Benutzung einer relationalen Datenbank mit eingebettetem Industriestandard<\/li>\n<li>Umfasst Wonderware Historian Software (ehemals INSQL)<\/li>\n<li>Bis zu 300-mal schneller als herk\u00f6mmliche relationale Datenbanken mit geringerem Speicherplatzbedarf auf der Festplatte<\/li>\n<li>Abrufen von Schreiberdaten mithilfe der Review Software<\/li>\n<\/ul>\n","protected":false},"featured_media":16633,"template":"","meta":{"_acf_changed":false},"product_brand":[],"product_cat":[12437,12439,1058,12384],"product_tag":[],"class_list":{"0":"post-23748","1":"product","2":"type-product","3":"status-publish","4":"has-post-thumbnail","6":"product_cat-maschinensteuerung-und-prozessautomatisierung","7":"product_cat-plc-and-pac-de","8":"product_cat-produkte-ger","9":"product_cat-software-esuite","10":"product_shipping_class-1-de","12":"first","13":"instock","14":"purchasable","15":"product-type-simple"},"acf":[],"yoast_head":"<!-- This site is optimized with the Yoast SEO plugin v27.2 - https:\/\/yoast.com\/product\/yoast-seo-wordpress\/ -->\n<title>Information Manager | Eurotherm Limited<\/title>\n<meta name=\"description\" content=\"Information Manager | Der Information Manager liefert eine Prozesskopplung zwischen dem LIN-Netzwerk (\u00fcber ARCnet und Ethernet) und dem betrieblichen Umfeld. Cl\" \/>\n<meta name=\"robots\" content=\"index, follow, max-snippet:-1, max-image-preview:large, max-video-preview:-1\" \/>\n<meta property=\"og:locale\" content=\"de_DE\" \/>\n<meta property=\"og:type\" content=\"article\" \/>\n<meta property=\"og:title\" content=\"Information Manager | Eurotherm Limited\" \/>\n<meta property=\"og:description\" content=\"Information Manager | Der Information Manager erm\u00f6glicht eine Prozesskopplung zwischen dem Eurotherm Prozessleitsystemnetzwerk und dem Unternehmen.  Durch Direktzugriff auf die Daten bietet dieses Echtzeit-Historianpaket:   Erfassung und Speicherung aller Anlagendaten zu jeder beliebigen Zeit  Bereitstellung der Daten f\u00fcr die gesamte Organisation  Benutzung einer relationalen Datenbank mit eingebettetem Industriestandard  Umfasst Wonderware Historian Software (ehemals INSQL)  Bis zu 300-mal schneller als herk\u00f6mmliche relationale Datenbanken mit geringerem Speicherplatzbedarf auf der Festplatte  Abrufen von Schreiberdaten mithilfe der Review Software\" \/>\n<meta property=\"og:url\" content=\"https:\/\/www.eurotherm.com\/de\/products\/maschinensteuerung-und-prozessautomatisierung\/software-esuite\/information-manager\/\" \/>\n<meta property=\"og:site_name\" content=\"Eurotherm Limited\" \/>\n<meta property=\"article:modified_time\" content=\"2025-05-13T15:54:38+00:00\" \/>\n<meta property=\"og:image\" content=\"https:\/\/www.eurotherm.com\/wp-content\/uploads\/2018\/10\/Information_manager.jpg\" \/>\n\t<meta property=\"og:image:width\" content=\"500\" \/>\n\t<meta property=\"og:image:height\" content=\"500\" \/>\n\t<meta property=\"og:image:type\" content=\"image\/jpeg\" \/>\n<meta name=\"twitter:card\" content=\"summary_large_image\" \/>\n<meta name=\"twitter:label1\" content=\"Gesch\u00e4tzte Lesezeit\" \/>\n\t<meta name=\"twitter:data1\" content=\"2\u00a0Minuten\" \/>\n<script type=\"application\/ld+json\" class=\"yoast-schema-graph\">{\"@context\":\"https:\/\/schema.org\",\"@graph\":[{\"@type\":\"WebPage\",\"@id\":\"https:\/\/www.eurotherm.com\/de\/products\/maschinensteuerung-und-prozessautomatisierung\/software-esuite\/information-manager\/\",\"url\":\"https:\/\/www.eurotherm.com\/de\/products\/maschinensteuerung-und-prozessautomatisierung\/software-esuite\/information-manager\/\",\"name\":\"Information Manager | Eurotherm Limited\",\"isPartOf\":{\"@id\":\"https:\/\/www.eurotherm.com\/de\/#website\"},\"primaryImageOfPage\":{\"@id\":\"https:\/\/www.eurotherm.com\/de\/products\/maschinensteuerung-und-prozessautomatisierung\/software-esuite\/information-manager\/#primaryimage\"},\"image\":{\"@id\":\"https:\/\/www.eurotherm.com\/de\/products\/maschinensteuerung-und-prozessautomatisierung\/software-esuite\/information-manager\/#primaryimage\"},\"thumbnailUrl\":\"https:\/\/www.eurotherm.com\/wp-content\/uploads\/2018\/10\/Information_manager.jpg\",\"datePublished\":\"2018-10-15T08:52:06+00:00\",\"dateModified\":\"2025-05-13T15:54:38+00:00\",\"description\":\"Information Manager | Der Information Manager erm\u00f6glicht eine Prozesskopplung zwischen dem Eurotherm Prozessleitsystemnetzwerk und dem Unternehmen. Durch Direktzugriff auf die Daten bietet dieses Echtzeit-Historianpaket: Erfassung und Speicherung aller Anlagendaten zu jeder beliebigen Zeit Bereitstellung der Daten f\u00fcr die gesamte Organisation Benutzung einer relationalen Datenbank mit eingebettetem Industriestandard Umfasst Wonderware Historian Software (ehemals INSQL) Bis zu 300-mal schneller als herk\u00f6mmliche relationale Datenbanken mit geringerem Speicherplatzbedarf auf der Festplatte Abrufen von Schreiberdaten mithilfe der Review Software\",\"breadcrumb\":{\"@id\":\"https:\/\/www.eurotherm.com\/de\/products\/maschinensteuerung-und-prozessautomatisierung\/software-esuite\/information-manager\/#breadcrumb\"},\"inLanguage\":\"de\",\"potentialAction\":[{\"@type\":\"ReadAction\",\"target\":[\"https:\/\/www.eurotherm.com\/de\/products\/maschinensteuerung-und-prozessautomatisierung\/software-esuite\/information-manager\/\"]}]},{\"@type\":\"ImageObject\",\"inLanguage\":\"de\",\"@id\":\"https:\/\/www.eurotherm.com\/de\/products\/maschinensteuerung-und-prozessautomatisierung\/software-esuite\/information-manager\/#primaryimage\",\"url\":\"https:\/\/www.eurotherm.com\/wp-content\/uploads\/2018\/10\/Information_manager.jpg\",\"contentUrl\":\"https:\/\/www.eurotherm.com\/wp-content\/uploads\/2018\/10\/Information_manager.jpg\",\"width\":500,\"height\":500},{\"@type\":\"BreadcrumbList\",\"@id\":\"https:\/\/www.eurotherm.com\/de\/products\/maschinensteuerung-und-prozessautomatisierung\/software-esuite\/information-manager\/#breadcrumb\",\"itemListElement\":[{\"@type\":\"ListItem\",\"position\":1,\"name\":\"Home\",\"item\":\"https:\/\/www.eurotherm.com\/de\/\"},{\"@type\":\"ListItem\",\"position\":2,\"name\":\"Product Catalogue\",\"item\":\"https:\/\/www.eurotherm.com\/de\/product-catalogue\/\"},{\"@type\":\"ListItem\",\"position\":3,\"name\":\"Maschinensteuerung und Prozessautomatisierung\",\"item\":\"https:\/\/www.eurotherm.com\/de\/eurotherm-products\/maschinensteuerung-und-prozessautomatisierung\/\"},{\"@type\":\"ListItem\",\"position\":4,\"name\":\"Software \u2013 ESuite\",\"item\":\"https:\/\/www.eurotherm.com\/de\/eurotherm-products\/maschinensteuerung-und-prozessautomatisierung\/software-esuite\/\"},{\"@type\":\"ListItem\",\"position\":5,\"name\":\"Information Manager\"}]},{\"@type\":\"WebSite\",\"@id\":\"https:\/\/www.eurotherm.com\/de\/#website\",\"url\":\"https:\/\/www.eurotherm.com\/de\/\",\"name\":\"Eurotherm Limited\",\"description\":\"Temperature Control, Process Control, Measurement and Data Recording Solutions\",\"potentialAction\":[{\"@type\":\"SearchAction\",\"target\":{\"@type\":\"EntryPoint\",\"urlTemplate\":\"https:\/\/www.eurotherm.com\/de\/?s={search_term_string}\"},\"query-input\":{\"@type\":\"PropertyValueSpecification\",\"valueRequired\":true,\"valueName\":\"search_term_string\"}}],\"inLanguage\":\"de\"}]}<\/script>\n<!-- \/ Yoast SEO plugin. -->","yoast_head_json":{"title":"Information Manager | Eurotherm Limited","description":"Information Manager | Der Information Manager liefert eine Prozesskopplung zwischen dem LIN-Netzwerk (\u00fcber ARCnet und Ethernet) und dem betrieblichen Umfeld. Cl","robots":{"index":"index","follow":"follow","max-snippet":"max-snippet:-1","max-image-preview":"max-image-preview:large","max-video-preview":"max-video-preview:-1"},"og_locale":"de_DE","og_type":"article","og_title":"Information Manager | Eurotherm Limited","og_description":"Information Manager | Der Information Manager erm\u00f6glicht eine Prozesskopplung zwischen dem Eurotherm Prozessleitsystemnetzwerk und dem Unternehmen.  Durch Direktzugriff auf die Daten bietet dieses Echtzeit-Historianpaket:   Erfassung und Speicherung aller Anlagendaten zu jeder beliebigen Zeit  Bereitstellung der Daten f\u00fcr die gesamte Organisation  Benutzung einer relationalen Datenbank mit eingebettetem Industriestandard  Umfasst Wonderware Historian Software (ehemals INSQL)  Bis zu 300-mal schneller als herk\u00f6mmliche relationale Datenbanken mit geringerem Speicherplatzbedarf auf der Festplatte  Abrufen von Schreiberdaten mithilfe der Review Software","og_url":"https:\/\/www.eurotherm.com\/de\/products\/maschinensteuerung-und-prozessautomatisierung\/software-esuite\/information-manager\/","og_site_name":"Eurotherm Limited","article_modified_time":"2025-05-13T15:54:38+00:00","og_image":[{"width":500,"height":500,"url":"https:\/\/www.eurotherm.com\/wp-content\/uploads\/2018\/10\/Information_manager.jpg","type":"image\/jpeg"}],"twitter_card":"summary_large_image","twitter_misc":{"Gesch\u00e4tzte Lesezeit":"2\u00a0Minuten"},"schema":{"@context":"https:\/\/schema.org","@graph":[{"@type":"WebPage","@id":"https:\/\/www.eurotherm.com\/de\/products\/maschinensteuerung-und-prozessautomatisierung\/software-esuite\/information-manager\/","url":"https:\/\/www.eurotherm.com\/de\/products\/maschinensteuerung-und-prozessautomatisierung\/software-esuite\/information-manager\/","name":"Information Manager | Eurotherm Limited","isPartOf":{"@id":"https:\/\/www.eurotherm.com\/de\/#website"},"primaryImageOfPage":{"@id":"https:\/\/www.eurotherm.com\/de\/products\/maschinensteuerung-und-prozessautomatisierung\/software-esuite\/information-manager\/#primaryimage"},"image":{"@id":"https:\/\/www.eurotherm.com\/de\/products\/maschinensteuerung-und-prozessautomatisierung\/software-esuite\/information-manager\/#primaryimage"},"thumbnailUrl":"https:\/\/www.eurotherm.com\/wp-content\/uploads\/2018\/10\/Information_manager.jpg","datePublished":"2018-10-15T08:52:06+00:00","dateModified":"2025-05-13T15:54:38+00:00","description":"Information Manager | Der Information Manager erm\u00f6glicht eine Prozesskopplung zwischen dem Eurotherm Prozessleitsystemnetzwerk und dem Unternehmen. Durch Direktzugriff auf die Daten bietet dieses Echtzeit-Historianpaket: Erfassung und Speicherung aller Anlagendaten zu jeder beliebigen Zeit Bereitstellung der Daten f\u00fcr die gesamte Organisation Benutzung einer relationalen Datenbank mit eingebettetem Industriestandard Umfasst Wonderware Historian Software (ehemals INSQL) Bis zu 300-mal schneller als herk\u00f6mmliche relationale Datenbanken mit geringerem Speicherplatzbedarf auf der Festplatte Abrufen von Schreiberdaten mithilfe der Review Software","breadcrumb":{"@id":"https:\/\/www.eurotherm.com\/de\/products\/maschinensteuerung-und-prozessautomatisierung\/software-esuite\/information-manager\/#breadcrumb"},"inLanguage":"de","potentialAction":[{"@type":"ReadAction","target":["https:\/\/www.eurotherm.com\/de\/products\/maschinensteuerung-und-prozessautomatisierung\/software-esuite\/information-manager\/"]}]},{"@type":"ImageObject","inLanguage":"de","@id":"https:\/\/www.eurotherm.com\/de\/products\/maschinensteuerung-und-prozessautomatisierung\/software-esuite\/information-manager\/#primaryimage","url":"https:\/\/www.eurotherm.com\/wp-content\/uploads\/2018\/10\/Information_manager.jpg","contentUrl":"https:\/\/www.eurotherm.com\/wp-content\/uploads\/2018\/10\/Information_manager.jpg","width":500,"height":500},{"@type":"BreadcrumbList","@id":"https:\/\/www.eurotherm.com\/de\/products\/maschinensteuerung-und-prozessautomatisierung\/software-esuite\/information-manager\/#breadcrumb","itemListElement":[{"@type":"ListItem","position":1,"name":"Home","item":"https:\/\/www.eurotherm.com\/de\/"},{"@type":"ListItem","position":2,"name":"Product Catalogue","item":"https:\/\/www.eurotherm.com\/de\/product-catalogue\/"},{"@type":"ListItem","position":3,"name":"Maschinensteuerung und Prozessautomatisierung","item":"https:\/\/www.eurotherm.com\/de\/eurotherm-products\/maschinensteuerung-und-prozessautomatisierung\/"},{"@type":"ListItem","position":4,"name":"Software \u2013 ESuite","item":"https:\/\/www.eurotherm.com\/de\/eurotherm-products\/maschinensteuerung-und-prozessautomatisierung\/software-esuite\/"},{"@type":"ListItem","position":5,"name":"Information Manager"}]},{"@type":"WebSite","@id":"https:\/\/www.eurotherm.com\/de\/#website","url":"https:\/\/www.eurotherm.com\/de\/","name":"Eurotherm Limited","description":"Temperature Control, Process Control, Measurement and Data Recording Solutions","potentialAction":[{"@type":"SearchAction","target":{"@type":"EntryPoint","urlTemplate":"https:\/\/www.eurotherm.com\/de\/?s={search_term_string}"},"query-input":{"@type":"PropertyValueSpecification","valueRequired":true,"valueName":"search_term_string"}}],"inLanguage":"de"}]}},"ACF":{"product_file":[27454,27942,27866,27735,27584,27746,27938,27497,27734,27501,27749,27493,125596,159690],"product_status":"Active Product","enable_watlow_configurator":false},"jetpack_sharing_enabled":true,"_links":{"self":[{"href":"https:\/\/www.eurotherm.com\/de\/wp-json\/wp\/v2\/product\/23748","targetHints":{"allow":["GET"]}}],"collection":[{"href":"https:\/\/www.eurotherm.com\/de\/wp-json\/wp\/v2\/product"}],"about":[{"href":"https:\/\/www.eurotherm.com\/de\/wp-json\/wp\/v2\/types\/product"}],"wp:featuredmedia":[{"embeddable":true,"href":"https:\/\/www.eurotherm.com\/de\/wp-json\/wp\/v2\/media\/16633"}],"wp:attachment":[{"href":"https:\/\/www.eurotherm.com\/de\/wp-json\/wp\/v2\/media?parent=23748"}],"wp:term":[{"taxonomy":"product_brand","embeddable":true,"href":"https:\/\/www.eurotherm.com\/de\/wp-json\/wp\/v2\/product_brand?post=23748"},{"taxonomy":"product_cat","embeddable":true,"href":"https:\/\/www.eurotherm.com\/de\/wp-json\/wp\/v2\/product_cat?post=23748"},{"taxonomy":"product_tag","embeddable":true,"href":"https:\/\/www.eurotherm.com\/de\/wp-json\/wp\/v2\/product_tag?post=23748"}],"curies":[{"name":"wp","href":"https:\/\/api.w.org\/{rel}","templated":true}]}}