{"id":23732,"date":"2018-10-15T08:51:33","date_gmt":"2018-10-15T08:51:33","guid":{"rendered":"https:\/\/www.eurotherm.com\/product\/eycon-20-und-eycon-10-visual-supervisor\/"},"modified":"2023-08-22T18:38:15","modified_gmt":"2023-08-22T10:38:15","slug":"eycon-10-20-visual-supervisor","status":"publish","type":"product","link":"https:\/\/www.eurotherm.com\/de\/products\/maschinensteuerung-und-prozessautomatisierung\/automatisierungs-hardware\/eycon-10-20-visual-supervisor\/","title":{"rendered":"Eycon\u2122 20 und Eycon 10 Visual Supervisor"},"content":{"rendered":"<ul>\n<li>Farbiges Touchscreen-Display<\/li>\n<li>Kontinuierliche Verarbeitung und Ablaufsteuerung<\/li>\n<li>Benutzerdefinierbare Funktionstasten<\/li>\n<li>Programmgeber f\u00fcr mehrfache Sollwerte<\/li>\n<li>Batch Control<\/li>\n<li>Rezeptur-Management<\/li>\n<li>Audit-Trails<\/li>\n<li>Gro\u00dfes internes Datenarchiv (46MB)<\/li>\n<li>Sicheres Daten-Logging<\/li>\n<li>Alarm- und Ereignismanagement<\/li>\n<li>USB-Unterst\u00fctzung<\/li>\n<li>Peer-to-Peer-Kommunikation<\/li>\n<li>Modbus TCP Master\/Slave (seriell oder TCP)<\/li>\n<li>10\/100baseT Ethernet<\/li>\n<\/ul>\n<p>Die Eycon\u2122-Serie unserer Visual Supervisors bietet innovative, multifunktionelle Regelung, Aufzeichnung und Visualisierung &#8211; und kombiniert auf diese Weise die Erfahrung von Eurotherm in den Bereichen Regelung, Datenerfassung und Prozessautomatisierung in einem einzigen Ger\u00e4t f\u00fcr Ihr Prozessmanagement. Der Eycon 20 (12.1&#8243; XGA) und Eycon 10 (5.5&#8243; \u00bc VGA) bieten integrierte TFT Farbbildschirme und erm\u00f6glichen kontinuierliche, sequentielle und logische Ablaufsteuerung in einer schlanken montierbaren Konsole.<br \/>\nDie Eycon Supervisor Technologie beinhaltet umfassende Funktionalit\u00e4t f\u00fcr das komplette Management eines Prozesses. Dank dieser zukunftsweisenden Funktionen ist der Eycon Visual Supervisor ein Mini-DCS &#8211; und bietet damit auf der einen Seite die Effizienz und Wirtschaftlichkeit einer integrierten Einzelplatzl\u00f6sung, w\u00e4hrend er anderseits die Flexibilit\u00e4t bietet, als leistungsstarke Komponente in einem gr\u00f6\u00dferen System eingesetzt zu werden.<\/p>\n<p>Die Eycon Visual Supervisor Ger\u00e4te bieten als Modul innerhalb eines gr\u00f6\u00dferen Systems Peer-to-Peer-Kommunikation \u00fcber Ethernet (ELIN) und reduzieren damit die Engineering-Kosten bei gleichzeitiger h\u00f6herer Verf\u00fcgbarkeit des Systems. Sie wurden zur Reduzierung von Konfigurations-, Integrations-, Installations- und Verdrahtungskosten konzipiert und verbessern gleichzeitig die Effizienz und Qualit\u00e4t durch ihre pr\u00e4zise Steuerung. Aufgrund seiner Vielseitigkeit ist der Eycon Visual Supervisor hervorragend f\u00fcr eine breite Palette an Applikationen geeignet &#8211; wie zum Beispiel pharmazeutische \/ chemische Reaktoren, Glas\u00f6fen, Multizonen-W\u00e4rmebehandlungs\u00f6fen, Spritzguss- und Strangpresssysteme, Batch-Control-Systeme, Umwelt\u00fcberwachung, Geb\u00e4udemanagementsysteme und vieles mehr.<\/p>\n<p><strong>BESONDERS GEEIGNET F\u00dcR:<\/strong><\/p>\n<ul>\n<li>Pharmazeutische oder chemische Reaktoren (21CFR Part11 konform)<\/li>\n<li>Glasverarbeitung (Floatglas, Beh\u00e4lterglas)<\/li>\n<li>Mehrzonen-W\u00e4rmebehandlungs\u00f6fen<\/li>\n<li>Spritzguss<\/li>\n<li>Extrusion<\/li>\n<li>Umwelt\u00fcberwachung<\/li>\n<li>Geb\u00e4ude-Managementsysteme<\/li>\n<li>Prozesse der chemischen Industrie<\/li>\n<li>\u00d6l &amp; Gas: Bohrlochdrosselventil, Gastrocknungssteuerung<\/li>\n<li>Wasseraufbereitung und Abwasserreinigung (Pumpstationen, Feststoffsammlung und Beseitigung)<\/li>\n<li>Brennersteuerung von Dampfkesseln<\/li>\n<\/ul>\n","protected":false},"excerpt":{"rendered":"<p>Eine Kombination aus Mehrfunktionen-Ablaufsteuerung, Schreiber- und Visualisierungsfunktion in einem einzigen Prozess-Managementger\u00e4t<\/p>\n","protected":false},"featured_media":7477,"template":"","meta":{"_acf_changed":false},"product_brand":[],"product_cat":[12438,12437,12439,1058],"product_tag":[],"class_list":{"0":"post-23732","1":"product","2":"type-product","3":"status-publish","4":"has-post-thumbnail","6":"product_cat-automatisierungs-hardware","7":"product_cat-maschinensteuerung-und-prozessautomatisierung","8":"product_cat-plc-and-pac-de","9":"product_cat-produkte-ger","10":"product_shipping_class-1-de","12":"first","13":"instock","14":"purchasable","15":"product-type-simple"},"acf":[],"yoast_head":"<!-- This site is optimized with the Yoast SEO plugin v27.5 - https:\/\/yoast.com\/product\/yoast-seo-wordpress\/ -->\n<title>Eycon\u2122 20 und Eycon 10 Visual Supervisor | Eurotherm Limited<\/title>\n<meta name=\"description\" content=\"Eycon\u2122 20 und Eycon 10 Visual Supervisor | Farbiges Touchscreen-Display Kontinuierliche Verarbeitung und Ablaufsteuerung Ben\" \/>\n<meta name=\"robots\" content=\"index, follow, max-snippet:-1, max-image-preview:large, max-video-preview:-1\" \/>\n<meta property=\"og:locale\" content=\"de_DE\" \/>\n<meta property=\"og:type\" content=\"article\" \/>\n<meta property=\"og:title\" content=\"Eycon\u2122 20 und Eycon 10 Visual Supervisor | Eurotherm Limited\" \/>\n<meta property=\"og:description\" content=\"Eycon\u2122 20 und Eycon 10 Visual Supervisor | Eine Kombination aus Mehrfunktionen-Ablaufsteuerung, Schreiber- und Visualisierungsfunktion in einem einzigen Prozess-Managementger\u00e4t\" \/>\n<meta property=\"og:url\" content=\"https:\/\/www.eurotherm.com\/de\/products\/maschinensteuerung-und-prozessautomatisierung\/automatisierungs-hardware\/eycon-10-20-visual-supervisor\/\" \/>\n<meta property=\"og:site_name\" content=\"Eurotherm Limited\" \/>\n<meta property=\"article:modified_time\" content=\"2023-08-22T10:38:15+00:00\" \/>\n<meta property=\"og:image\" content=\"https:\/\/www.eurotherm.com\/wp-content\/uploads\/2018\/10\/Eycon_10_20.jpg\" \/>\n\t<meta property=\"og:image:width\" content=\"500\" \/>\n\t<meta property=\"og:image:height\" content=\"500\" \/>\n\t<meta property=\"og:image:type\" content=\"image\/jpeg\" \/>\n<meta name=\"twitter:card\" content=\"summary_large_image\" \/>\n<meta name=\"twitter:label1\" content=\"Gesch\u00e4tzte Lesezeit\" \/>\n\t<meta name=\"twitter:data1\" content=\"2\u00a0Minuten\" \/>\n<script type=\"application\/ld+json\" class=\"yoast-schema-graph\">{\"@context\":\"https:\\\/\\\/schema.org\",\"@graph\":[{\"@type\":\"WebPage\",\"@id\":\"https:\\\/\\\/www.eurotherm.com\\\/de\\\/products\\\/maschinensteuerung-und-prozessautomatisierung\\\/automatisierungs-hardware\\\/eycon-10-20-visual-supervisor\\\/\",\"url\":\"https:\\\/\\\/www.eurotherm.com\\\/de\\\/products\\\/maschinensteuerung-und-prozessautomatisierung\\\/automatisierungs-hardware\\\/eycon-10-20-visual-supervisor\\\/\",\"name\":\"Eycon\u2122 20 und Eycon 10 Visual Supervisor | Eurotherm Limited\",\"isPartOf\":{\"@id\":\"https:\\\/\\\/www.eurotherm.com\\\/de\\\/#website\"},\"primaryImageOfPage\":{\"@id\":\"https:\\\/\\\/www.eurotherm.com\\\/de\\\/products\\\/maschinensteuerung-und-prozessautomatisierung\\\/automatisierungs-hardware\\\/eycon-10-20-visual-supervisor\\\/#primaryimage\"},\"image\":{\"@id\":\"https:\\\/\\\/www.eurotherm.com\\\/de\\\/products\\\/maschinensteuerung-und-prozessautomatisierung\\\/automatisierungs-hardware\\\/eycon-10-20-visual-supervisor\\\/#primaryimage\"},\"thumbnailUrl\":\"https:\\\/\\\/www.eurotherm.com\\\/wp-content\\\/uploads\\\/2018\\\/10\\\/Eycon_10_20.jpg\",\"datePublished\":\"2018-10-15T08:51:33+00:00\",\"dateModified\":\"2023-08-22T10:38:15+00:00\",\"description\":\"Eycon\u2122 20 und Eycon 10 Visual Supervisor | Eine Kombination aus Mehrfunktionen-Ablaufsteuerung, Schreiber- und Visualisierungsfunktion in einem einzigen Prozess-Managementger\u00e4t\",\"breadcrumb\":{\"@id\":\"https:\\\/\\\/www.eurotherm.com\\\/de\\\/products\\\/maschinensteuerung-und-prozessautomatisierung\\\/automatisierungs-hardware\\\/eycon-10-20-visual-supervisor\\\/#breadcrumb\"},\"inLanguage\":\"de\",\"potentialAction\":[{\"@type\":\"ReadAction\",\"target\":[\"https:\\\/\\\/www.eurotherm.com\\\/de\\\/products\\\/maschinensteuerung-und-prozessautomatisierung\\\/automatisierungs-hardware\\\/eycon-10-20-visual-supervisor\\\/\"]}]},{\"@type\":\"ImageObject\",\"inLanguage\":\"de\",\"@id\":\"https:\\\/\\\/www.eurotherm.com\\\/de\\\/products\\\/maschinensteuerung-und-prozessautomatisierung\\\/automatisierungs-hardware\\\/eycon-10-20-visual-supervisor\\\/#primaryimage\",\"url\":\"https:\\\/\\\/www.eurotherm.com\\\/wp-content\\\/uploads\\\/2018\\\/10\\\/Eycon_10_20.jpg\",\"contentUrl\":\"https:\\\/\\\/www.eurotherm.com\\\/wp-content\\\/uploads\\\/2018\\\/10\\\/Eycon_10_20.jpg\",\"width\":500,\"height\":500},{\"@type\":\"BreadcrumbList\",\"@id\":\"https:\\\/\\\/www.eurotherm.com\\\/de\\\/products\\\/maschinensteuerung-und-prozessautomatisierung\\\/automatisierungs-hardware\\\/eycon-10-20-visual-supervisor\\\/#breadcrumb\",\"itemListElement\":[{\"@type\":\"ListItem\",\"position\":1,\"name\":\"Home\",\"item\":\"https:\\\/\\\/www.eurotherm.com\\\/de\\\/\"},{\"@type\":\"ListItem\",\"position\":2,\"name\":\"Product Catalogue\",\"item\":\"https:\\\/\\\/www.eurotherm.com\\\/de\\\/product-catalogue\\\/\"},{\"@type\":\"ListItem\",\"position\":3,\"name\":\"Maschinensteuerung und Prozessautomatisierung\",\"item\":\"https:\\\/\\\/www.eurotherm.com\\\/de\\\/eurotherm-products\\\/maschinensteuerung-und-prozessautomatisierung\\\/\"},{\"@type\":\"ListItem\",\"position\":4,\"name\":\"Automatisierungs-Hardware\",\"item\":\"https:\\\/\\\/www.eurotherm.com\\\/de\\\/eurotherm-products\\\/maschinensteuerung-und-prozessautomatisierung\\\/automatisierungs-hardware\\\/\"},{\"@type\":\"ListItem\",\"position\":5,\"name\":\"Eycon\u2122 20 und Eycon 10 Visual Supervisor\"}]},{\"@type\":\"WebSite\",\"@id\":\"https:\\\/\\\/www.eurotherm.com\\\/de\\\/#website\",\"url\":\"https:\\\/\\\/www.eurotherm.com\\\/de\\\/\",\"name\":\"Eurotherm Limited\",\"description\":\"Temperature Control, Process Control, Measurement and Data Recording Solutions\",\"potentialAction\":[{\"@type\":\"SearchAction\",\"target\":{\"@type\":\"EntryPoint\",\"urlTemplate\":\"https:\\\/\\\/www.eurotherm.com\\\/de\\\/?s={search_term_string}\"},\"query-input\":{\"@type\":\"PropertyValueSpecification\",\"valueRequired\":true,\"valueName\":\"search_term_string\"}}],\"inLanguage\":\"de\"}]}<\/script>\n<!-- \/ Yoast SEO plugin. -->","yoast_head_json":{"title":"Eycon\u2122 20 und Eycon 10 Visual Supervisor | Eurotherm Limited","description":"Eycon\u2122 20 und Eycon 10 Visual Supervisor | Farbiges Touchscreen-Display Kontinuierliche Verarbeitung und Ablaufsteuerung Ben","robots":{"index":"index","follow":"follow","max-snippet":"max-snippet:-1","max-image-preview":"max-image-preview:large","max-video-preview":"max-video-preview:-1"},"og_locale":"de_DE","og_type":"article","og_title":"Eycon\u2122 20 und Eycon 10 Visual Supervisor | Eurotherm Limited","og_description":"Eycon\u2122 20 und Eycon 10 Visual Supervisor | Eine Kombination aus Mehrfunktionen-Ablaufsteuerung, Schreiber- und Visualisierungsfunktion in einem einzigen Prozess-Managementger\u00e4t","og_url":"https:\/\/www.eurotherm.com\/de\/products\/maschinensteuerung-und-prozessautomatisierung\/automatisierungs-hardware\/eycon-10-20-visual-supervisor\/","og_site_name":"Eurotherm Limited","article_modified_time":"2023-08-22T10:38:15+00:00","og_image":[{"width":500,"height":500,"url":"https:\/\/www.eurotherm.com\/wp-content\/uploads\/2018\/10\/Eycon_10_20.jpg","type":"image\/jpeg"}],"twitter_card":"summary_large_image","twitter_misc":{"Gesch\u00e4tzte Lesezeit":"2\u00a0Minuten"},"schema":{"@context":"https:\/\/schema.org","@graph":[{"@type":"WebPage","@id":"https:\/\/www.eurotherm.com\/de\/products\/maschinensteuerung-und-prozessautomatisierung\/automatisierungs-hardware\/eycon-10-20-visual-supervisor\/","url":"https:\/\/www.eurotherm.com\/de\/products\/maschinensteuerung-und-prozessautomatisierung\/automatisierungs-hardware\/eycon-10-20-visual-supervisor\/","name":"Eycon\u2122 20 und Eycon 10 Visual Supervisor | Eurotherm Limited","isPartOf":{"@id":"https:\/\/www.eurotherm.com\/de\/#website"},"primaryImageOfPage":{"@id":"https:\/\/www.eurotherm.com\/de\/products\/maschinensteuerung-und-prozessautomatisierung\/automatisierungs-hardware\/eycon-10-20-visual-supervisor\/#primaryimage"},"image":{"@id":"https:\/\/www.eurotherm.com\/de\/products\/maschinensteuerung-und-prozessautomatisierung\/automatisierungs-hardware\/eycon-10-20-visual-supervisor\/#primaryimage"},"thumbnailUrl":"https:\/\/www.eurotherm.com\/wp-content\/uploads\/2018\/10\/Eycon_10_20.jpg","datePublished":"2018-10-15T08:51:33+00:00","dateModified":"2023-08-22T10:38:15+00:00","description":"Eycon\u2122 20 und Eycon 10 Visual Supervisor | Eine Kombination aus Mehrfunktionen-Ablaufsteuerung, Schreiber- und Visualisierungsfunktion in einem einzigen Prozess-Managementger\u00e4t","breadcrumb":{"@id":"https:\/\/www.eurotherm.com\/de\/products\/maschinensteuerung-und-prozessautomatisierung\/automatisierungs-hardware\/eycon-10-20-visual-supervisor\/#breadcrumb"},"inLanguage":"de","potentialAction":[{"@type":"ReadAction","target":["https:\/\/www.eurotherm.com\/de\/products\/maschinensteuerung-und-prozessautomatisierung\/automatisierungs-hardware\/eycon-10-20-visual-supervisor\/"]}]},{"@type":"ImageObject","inLanguage":"de","@id":"https:\/\/www.eurotherm.com\/de\/products\/maschinensteuerung-und-prozessautomatisierung\/automatisierungs-hardware\/eycon-10-20-visual-supervisor\/#primaryimage","url":"https:\/\/www.eurotherm.com\/wp-content\/uploads\/2018\/10\/Eycon_10_20.jpg","contentUrl":"https:\/\/www.eurotherm.com\/wp-content\/uploads\/2018\/10\/Eycon_10_20.jpg","width":500,"height":500},{"@type":"BreadcrumbList","@id":"https:\/\/www.eurotherm.com\/de\/products\/maschinensteuerung-und-prozessautomatisierung\/automatisierungs-hardware\/eycon-10-20-visual-supervisor\/#breadcrumb","itemListElement":[{"@type":"ListItem","position":1,"name":"Home","item":"https:\/\/www.eurotherm.com\/de\/"},{"@type":"ListItem","position":2,"name":"Product Catalogue","item":"https:\/\/www.eurotherm.com\/de\/product-catalogue\/"},{"@type":"ListItem","position":3,"name":"Maschinensteuerung und Prozessautomatisierung","item":"https:\/\/www.eurotherm.com\/de\/eurotherm-products\/maschinensteuerung-und-prozessautomatisierung\/"},{"@type":"ListItem","position":4,"name":"Automatisierungs-Hardware","item":"https:\/\/www.eurotherm.com\/de\/eurotherm-products\/maschinensteuerung-und-prozessautomatisierung\/automatisierungs-hardware\/"},{"@type":"ListItem","position":5,"name":"Eycon\u2122 20 und Eycon 10 Visual Supervisor"}]},{"@type":"WebSite","@id":"https:\/\/www.eurotherm.com\/de\/#website","url":"https:\/\/www.eurotherm.com\/de\/","name":"Eurotherm Limited","description":"Temperature Control, Process Control, Measurement and Data Recording Solutions","potentialAction":[{"@type":"SearchAction","target":{"@type":"EntryPoint","urlTemplate":"https:\/\/www.eurotherm.com\/de\/?s={search_term_string}"},"query-input":{"@type":"PropertyValueSpecification","valueRequired":true,"valueName":"search_term_string"}}],"inLanguage":"de"}]}},"ACF":{"product_file":[27454,28207,27990,27936,28185,27942,27866,27943,27939,29210,27898,27473,27809,27814,27804,27813,27953,27810,27806,27807,27932,27812,27811,27808,29290,27805,105978,114738,137178,139289,147319],"product_status":"Active Product","enable_watlow_configurator":true,"watlow_product_type":"Multiple","watlow_configurator_links":[{"watlow_name":"Eycon 10: 5.5\" 1\/4 VGA Display","watlow_link":"https:\/\/www.watlow.com\/Products\/Controllers\/Eurotherm\/Eycon-10-20-Visual-Supervisor?econfig=EYCON-10"},{"watlow_name":"Eycon 20: 12.1\" XGA Display","watlow_link":"https:\/\/www.watlow.com\/Products\/Controllers\/Eurotherm\/Eycon-10-20-Visual-Supervisor?econfig=EYCON-20"}]},"jetpack_sharing_enabled":true,"_links":{"self":[{"href":"https:\/\/www.eurotherm.com\/de\/wp-json\/wp\/v2\/product\/23732","targetHints":{"allow":["GET"]}}],"collection":[{"href":"https:\/\/www.eurotherm.com\/de\/wp-json\/wp\/v2\/product"}],"about":[{"href":"https:\/\/www.eurotherm.com\/de\/wp-json\/wp\/v2\/types\/product"}],"wp:featuredmedia":[{"embeddable":true,"href":"https:\/\/www.eurotherm.com\/de\/wp-json\/wp\/v2\/media\/7477"}],"wp:attachment":[{"href":"https:\/\/www.eurotherm.com\/de\/wp-json\/wp\/v2\/media?parent=23732"}],"wp:term":[{"taxonomy":"product_brand","embeddable":true,"href":"https:\/\/www.eurotherm.com\/de\/wp-json\/wp\/v2\/product_brand?post=23732"},{"taxonomy":"product_cat","embeddable":true,"href":"https:\/\/www.eurotherm.com\/de\/wp-json\/wp\/v2\/product_cat?post=23732"},{"taxonomy":"product_tag","embeddable":true,"href":"https:\/\/www.eurotherm.com\/de\/wp-json\/wp\/v2\/product_tag?post=23732"}],"curies":[{"name":"wp","href":"https:\/\/api.w.org\/{rel}","templated":true}]}}