{"id":23730,"date":"2018-10-15T08:51:33","date_gmt":"2018-10-15T08:51:33","guid":{"rendered":"https:\/\/www.eurotherm.com\/product\/eswitch-thyristorschalter\/"},"modified":"2023-08-18T21:51:50","modified_gmt":"2023-08-18T13:51:50","slug":"eswitch-power-switch","status":"publish","type":"product","link":"https:\/\/www.eurotherm.com\/de\/products\/thyristorsteller-und-halbleiterrelais\/solid-state-relais\/eswitch-power-switch\/","title":{"rendered":"ESwitch Thyristorschalter"},"content":{"rendered":"<h3>Die L\u00f6sung zum Geldsparen!<\/h3>\n<p>Mechanische Sch\u00fctze zur Regelung von Heizelementen k\u00f6nnen bis zu drei\u00a0Millionen Schaltvorg\u00e4nge pro Jahr durchf\u00fchren. Die Lebenszeit dieser\u00a0Sch\u00fctze liegt zwischen 1 und 3 Jahren. Die Ursache &#8211; Schaltlichtb\u00f6gen, die\u00a0nicht nur Kontaktbrand sondern auch St\u00f6remissionen im Netz hervorrufen,\u00a0fordern einen regelm\u00e4\u00dfigen Austausch dieser Bauteile.<\/p>\n<p>ESwitch bietet Ihnen eine interessante L\u00f6sung f\u00fcr dieses Problem. Der\u00a0elektronische Kontakt von ESwitch hat eine weit h\u00f6here Lebensdauer. Die\u00a0Verdrahtung ist ebenso simpel wie f\u00fcr mechanische Sch\u00fctze und die\u00a0Montage ist einfach: Das Ger\u00e4t wird einfach auf DIN-Schiene aufgesteckt!<\/p>\n<p>Front-LED\u00b4s zur Anzeige des Eingangs- und Lastfehlerstatus sowie ein\u00a0Alarmrelais vereinfachen die Inbetriebnahme und Diagnose.<\/p>\n<h3>Verl\u00e4ngern Sie die Lebenszeit Ihrer Heizelemente<\/h3>\n<p>Von einem bekannten Heizelement-Hersteller durchgef\u00fchrte Tests haben\u00a0bewiesen, dass Heizelemente bis zu sieben Mal l\u00e4nger eingesetzt werden k\u00f6nnen, wenn sie \u00fcber ein Solid-State-Sch\u00fctz geregelt werden. Schnellere EIN\/AUS Zykluszeiten f\u00fchren zu geringeren thermischen Extraktionen\/Kontraktionen und verringern so Besch\u00e4digungen durch Materialerm\u00fcdung\u00a0und thermomechanischem Stress. Durch den Schutz der Heizelemente kann\u00a0ESwitch Ihre Kapitalertr\u00e4ge maximieren:<\/p>\n<ul>\n<li>Verl\u00e4ngerte Lebenszeit der Heizelemente<\/li>\n<li>Geringere Abschaltzeiten<\/li>\n<li>Weniger Ausschuss<\/li>\n<li>Verbesserter Gewinn und Produktivit\u00e4t<\/li>\n<\/ul>\n<p>Durch die Kombination von Robustheit und Betriebssicherheit mit einfacher Integration und Bedienung bietet Ihnen ESwitch das beste Preis-Leistungs- Verh\u00e4ltnis f\u00fcr Thyristorschalter auf dem Markt.<\/p>\n<p>Ideal f\u00fcr<\/p>\n<ul>\n<li>Spritzguss<\/li>\n<li>Thermoformung<\/li>\n<li>Mehrzonen-Heizungen<\/li>\n<li>Autoklaven<\/li>\n<li>Ofen<\/li>\n<\/ul>\n","protected":false},"excerpt":{"rendered":"<h2>Einfacher Austausch von mechanischen Sch\u00fctzen<\/h2>\n<p><strong>Einfach<\/strong><\/p>\n<ul>\n<li>Keine Konfiguration<\/li>\n<li>Einfache Installation<\/li>\n<li>Globale Standardisierung<\/li>\n<\/ul>\n<p><strong>Robust<\/strong><\/p>\n<ul>\n<li>Geringe Wartungskosten<\/li>\n<li>Geringe Abschaltzeiten<\/li>\n<li>Zuverl\u00e4ssiger Betrieb<\/li>\n<\/ul>\n<p><strong>Sicher<\/strong><\/p>\n<ul>\n<li>Teillastfehleralarm (PLF)<\/li>\n<li>Schutz vor Heizkreisfehlbetrieb<\/li>\n<li>PLF Anzeige (rote LED)<\/li>\n<\/ul>\n","protected":false},"featured_media":6959,"template":"","meta":{"_acf_changed":false},"product_brand":[],"product_cat":[12398,12400,1058,12552,12551],"product_tag":[],"class_list":{"0":"post-23730","1":"product","2":"type-product","3":"status-publish","4":"has-post-thumbnail","6":"industry-food-beverage-de-2","7":"industry-semiconductor-de-2","8":"product_cat-furnaces-atmosphere-and-vacuum-de","9":"product_cat-heat-treat-products-de","10":"product_cat-produkte-ger","11":"product_cat-solid-state-relais","12":"product_cat-thyristorsteller-und-halbleiterrelais","13":"product_shipping_class-1-de","15":"first","16":"outofstock","17":"purchasable","18":"product-type-simple"},"acf":[],"yoast_head":"<!-- This site is optimized with the Yoast SEO plugin v27.2 - https:\/\/yoast.com\/product\/yoast-seo-wordpress\/ -->\n<title>ESwitch Thyristorschalter | Eurotherm Limited<\/title>\n<meta name=\"description\" content=\"ESwitch Thyristorschalter | Die L\u00f6sung zum Geldsparen! Mechanische Sch\u00fctze zur Regelung von Heizelementen k\u00f6nnen bis zu drei\u00a0Millionen Schaltvorg\u00e4nge\" \/>\n<meta name=\"robots\" content=\"index, follow, max-snippet:-1, max-image-preview:large, max-video-preview:-1\" \/>\n<meta property=\"og:locale\" content=\"de_DE\" \/>\n<meta property=\"og:type\" content=\"article\" \/>\n<meta property=\"og:title\" content=\"ESwitch Thyristorschalter | Eurotherm Limited\" \/>\n<meta property=\"og:description\" content=\"ESwitch Thyristorschalter | Einfacher Austausch von mechanischen Sch\u00fctzen Einfach   Keine Konfiguration  Einfache Installation  Globale Standardisierung  Robust   Geringe Wartungskosten  Geringe Abschaltzeiten  Zuverl\u00e4ssiger Betrieb  Sicher   Teillastfehleralarm (PLF)  Schutz vor Heizkreisfehlbetrieb  PLF Anzeige (rote LED)\" \/>\n<meta property=\"og:url\" content=\"https:\/\/www.eurotherm.com\/de\/products\/thyristorsteller-und-halbleiterrelais\/solid-state-relais\/eswitch-power-switch\/\" \/>\n<meta property=\"og:site_name\" content=\"Eurotherm Limited\" \/>\n<meta property=\"article:modified_time\" content=\"2023-08-18T13:51:50+00:00\" \/>\n<meta property=\"og:image\" content=\"https:\/\/www.eurotherm.com\/wp-content\/uploads\/2018\/10\/eswitch.jpg\" \/>\n\t<meta property=\"og:image:width\" content=\"900\" \/>\n\t<meta property=\"og:image:height\" content=\"692\" \/>\n\t<meta property=\"og:image:type\" content=\"image\/jpeg\" \/>\n<meta name=\"twitter:card\" content=\"summary_large_image\" \/>\n<meta name=\"twitter:label1\" content=\"Gesch\u00e4tzte Lesezeit\" \/>\n\t<meta name=\"twitter:data1\" content=\"1\u00a0Minute\" \/>\n<script type=\"application\/ld+json\" class=\"yoast-schema-graph\">{\"@context\":\"https:\/\/schema.org\",\"@graph\":[{\"@type\":\"WebPage\",\"@id\":\"https:\/\/www.eurotherm.com\/de\/products\/thyristorsteller-und-halbleiterrelais\/solid-state-relais\/eswitch-power-switch\/\",\"url\":\"https:\/\/www.eurotherm.com\/de\/products\/thyristorsteller-und-halbleiterrelais\/solid-state-relais\/eswitch-power-switch\/\",\"name\":\"ESwitch Thyristorschalter | Eurotherm Limited\",\"isPartOf\":{\"@id\":\"https:\/\/www.eurotherm.com\/de\/#website\"},\"primaryImageOfPage\":{\"@id\":\"https:\/\/www.eurotherm.com\/de\/products\/thyristorsteller-und-halbleiterrelais\/solid-state-relais\/eswitch-power-switch\/#primaryimage\"},\"image\":{\"@id\":\"https:\/\/www.eurotherm.com\/de\/products\/thyristorsteller-und-halbleiterrelais\/solid-state-relais\/eswitch-power-switch\/#primaryimage\"},\"thumbnailUrl\":\"https:\/\/www.eurotherm.com\/wp-content\/uploads\/2018\/10\/eswitch.jpg\",\"datePublished\":\"2018-10-15T08:51:33+00:00\",\"dateModified\":\"2023-08-18T13:51:50+00:00\",\"description\":\"ESwitch Thyristorschalter | Einfacher Austausch von mechanischen Sch\u00fctzen Einfach Keine Konfiguration Einfache Installation Globale Standardisierung Robust Geringe Wartungskosten Geringe Abschaltzeiten Zuverl\u00e4ssiger Betrieb Sicher Teillastfehleralarm (PLF) Schutz vor Heizkreisfehlbetrieb PLF Anzeige (rote LED)\",\"breadcrumb\":{\"@id\":\"https:\/\/www.eurotherm.com\/de\/products\/thyristorsteller-und-halbleiterrelais\/solid-state-relais\/eswitch-power-switch\/#breadcrumb\"},\"inLanguage\":\"de\",\"potentialAction\":[{\"@type\":\"ReadAction\",\"target\":[\"https:\/\/www.eurotherm.com\/de\/products\/thyristorsteller-und-halbleiterrelais\/solid-state-relais\/eswitch-power-switch\/\"]}]},{\"@type\":\"ImageObject\",\"inLanguage\":\"de\",\"@id\":\"https:\/\/www.eurotherm.com\/de\/products\/thyristorsteller-und-halbleiterrelais\/solid-state-relais\/eswitch-power-switch\/#primaryimage\",\"url\":\"https:\/\/www.eurotherm.com\/wp-content\/uploads\/2018\/10\/eswitch.jpg\",\"contentUrl\":\"https:\/\/www.eurotherm.com\/wp-content\/uploads\/2018\/10\/eswitch.jpg\",\"width\":900,\"height\":692},{\"@type\":\"BreadcrumbList\",\"@id\":\"https:\/\/www.eurotherm.com\/de\/products\/thyristorsteller-und-halbleiterrelais\/solid-state-relais\/eswitch-power-switch\/#breadcrumb\",\"itemListElement\":[{\"@type\":\"ListItem\",\"position\":1,\"name\":\"Home\",\"item\":\"https:\/\/www.eurotherm.com\/de\/\"},{\"@type\":\"ListItem\",\"position\":2,\"name\":\"Product Catalogue\",\"item\":\"https:\/\/www.eurotherm.com\/de\/product-catalogue\/\"},{\"@type\":\"ListItem\",\"position\":3,\"name\":\"Thyristorsteller und Halbleiterrelais\",\"item\":\"https:\/\/www.eurotherm.com\/de\/eurotherm-products\/thyristorsteller-und-halbleiterrelais\/\"},{\"@type\":\"ListItem\",\"position\":4,\"name\":\"Solid-State-Relais\",\"item\":\"https:\/\/www.eurotherm.com\/de\/eurotherm-products\/thyristorsteller-und-halbleiterrelais\/solid-state-relais\/\"},{\"@type\":\"ListItem\",\"position\":5,\"name\":\"ESwitch Thyristorschalter\"}]},{\"@type\":\"WebSite\",\"@id\":\"https:\/\/www.eurotherm.com\/de\/#website\",\"url\":\"https:\/\/www.eurotherm.com\/de\/\",\"name\":\"Eurotherm Limited\",\"description\":\"Temperature Control, Process Control, Measurement and Data Recording Solutions\",\"potentialAction\":[{\"@type\":\"SearchAction\",\"target\":{\"@type\":\"EntryPoint\",\"urlTemplate\":\"https:\/\/www.eurotherm.com\/de\/?s={search_term_string}\"},\"query-input\":{\"@type\":\"PropertyValueSpecification\",\"valueRequired\":true,\"valueName\":\"search_term_string\"}}],\"inLanguage\":\"de\"}]}<\/script>\n<!-- \/ Yoast SEO plugin. -->","yoast_head_json":{"title":"ESwitch Thyristorschalter | Eurotherm Limited","description":"ESwitch Thyristorschalter | Die L\u00f6sung zum Geldsparen! Mechanische Sch\u00fctze zur Regelung von Heizelementen k\u00f6nnen bis zu drei\u00a0Millionen Schaltvorg\u00e4nge","robots":{"index":"index","follow":"follow","max-snippet":"max-snippet:-1","max-image-preview":"max-image-preview:large","max-video-preview":"max-video-preview:-1"},"og_locale":"de_DE","og_type":"article","og_title":"ESwitch Thyristorschalter | Eurotherm Limited","og_description":"ESwitch Thyristorschalter | Einfacher Austausch von mechanischen Sch\u00fctzen Einfach   Keine Konfiguration  Einfache Installation  Globale Standardisierung  Robust   Geringe Wartungskosten  Geringe Abschaltzeiten  Zuverl\u00e4ssiger Betrieb  Sicher   Teillastfehleralarm (PLF)  Schutz vor Heizkreisfehlbetrieb  PLF Anzeige (rote LED)","og_url":"https:\/\/www.eurotherm.com\/de\/products\/thyristorsteller-und-halbleiterrelais\/solid-state-relais\/eswitch-power-switch\/","og_site_name":"Eurotherm Limited","article_modified_time":"2023-08-18T13:51:50+00:00","og_image":[{"width":900,"height":692,"url":"https:\/\/www.eurotherm.com\/wp-content\/uploads\/2018\/10\/eswitch.jpg","type":"image\/jpeg"}],"twitter_card":"summary_large_image","twitter_misc":{"Gesch\u00e4tzte Lesezeit":"1\u00a0Minute"},"schema":{"@context":"https:\/\/schema.org","@graph":[{"@type":"WebPage","@id":"https:\/\/www.eurotherm.com\/de\/products\/thyristorsteller-und-halbleiterrelais\/solid-state-relais\/eswitch-power-switch\/","url":"https:\/\/www.eurotherm.com\/de\/products\/thyristorsteller-und-halbleiterrelais\/solid-state-relais\/eswitch-power-switch\/","name":"ESwitch Thyristorschalter | Eurotherm Limited","isPartOf":{"@id":"https:\/\/www.eurotherm.com\/de\/#website"},"primaryImageOfPage":{"@id":"https:\/\/www.eurotherm.com\/de\/products\/thyristorsteller-und-halbleiterrelais\/solid-state-relais\/eswitch-power-switch\/#primaryimage"},"image":{"@id":"https:\/\/www.eurotherm.com\/de\/products\/thyristorsteller-und-halbleiterrelais\/solid-state-relais\/eswitch-power-switch\/#primaryimage"},"thumbnailUrl":"https:\/\/www.eurotherm.com\/wp-content\/uploads\/2018\/10\/eswitch.jpg","datePublished":"2018-10-15T08:51:33+00:00","dateModified":"2023-08-18T13:51:50+00:00","description":"ESwitch Thyristorschalter | Einfacher Austausch von mechanischen Sch\u00fctzen Einfach Keine Konfiguration Einfache Installation Globale Standardisierung Robust Geringe Wartungskosten Geringe Abschaltzeiten Zuverl\u00e4ssiger Betrieb Sicher Teillastfehleralarm (PLF) Schutz vor Heizkreisfehlbetrieb PLF Anzeige (rote LED)","breadcrumb":{"@id":"https:\/\/www.eurotherm.com\/de\/products\/thyristorsteller-und-halbleiterrelais\/solid-state-relais\/eswitch-power-switch\/#breadcrumb"},"inLanguage":"de","potentialAction":[{"@type":"ReadAction","target":["https:\/\/www.eurotherm.com\/de\/products\/thyristorsteller-und-halbleiterrelais\/solid-state-relais\/eswitch-power-switch\/"]}]},{"@type":"ImageObject","inLanguage":"de","@id":"https:\/\/www.eurotherm.com\/de\/products\/thyristorsteller-und-halbleiterrelais\/solid-state-relais\/eswitch-power-switch\/#primaryimage","url":"https:\/\/www.eurotherm.com\/wp-content\/uploads\/2018\/10\/eswitch.jpg","contentUrl":"https:\/\/www.eurotherm.com\/wp-content\/uploads\/2018\/10\/eswitch.jpg","width":900,"height":692},{"@type":"BreadcrumbList","@id":"https:\/\/www.eurotherm.com\/de\/products\/thyristorsteller-und-halbleiterrelais\/solid-state-relais\/eswitch-power-switch\/#breadcrumb","itemListElement":[{"@type":"ListItem","position":1,"name":"Home","item":"https:\/\/www.eurotherm.com\/de\/"},{"@type":"ListItem","position":2,"name":"Product Catalogue","item":"https:\/\/www.eurotherm.com\/de\/product-catalogue\/"},{"@type":"ListItem","position":3,"name":"Thyristorsteller und Halbleiterrelais","item":"https:\/\/www.eurotherm.com\/de\/eurotherm-products\/thyristorsteller-und-halbleiterrelais\/"},{"@type":"ListItem","position":4,"name":"Solid-State-Relais","item":"https:\/\/www.eurotherm.com\/de\/eurotherm-products\/thyristorsteller-und-halbleiterrelais\/solid-state-relais\/"},{"@type":"ListItem","position":5,"name":"ESwitch Thyristorschalter"}]},{"@type":"WebSite","@id":"https:\/\/www.eurotherm.com\/de\/#website","url":"https:\/\/www.eurotherm.com\/de\/","name":"Eurotherm Limited","description":"Temperature Control, Process Control, Measurement and Data Recording Solutions","potentialAction":[{"@type":"SearchAction","target":{"@type":"EntryPoint","urlTemplate":"https:\/\/www.eurotherm.com\/de\/?s={search_term_string}"},"query-input":{"@type":"PropertyValueSpecification","valueRequired":true,"valueName":"search_term_string"}}],"inLanguage":"de"}]}},"ACF":{"product_file":[27454,27751,28072,27942,27866,27943,27939,29211,27584,27750,28645,29366,27752,137174],"product_status":"Active Product","enable_watlow_configurator":true,"watlow_product_type":"Single","watlow_configurator_link":"https:\/\/www.watlow.com\/Products\/Controllers\/Eurotherm\/ESwitch-Power-Switch?econfig=123"},"jetpack_sharing_enabled":true,"_links":{"self":[{"href":"https:\/\/www.eurotherm.com\/de\/wp-json\/wp\/v2\/product\/23730","targetHints":{"allow":["GET"]}}],"collection":[{"href":"https:\/\/www.eurotherm.com\/de\/wp-json\/wp\/v2\/product"}],"about":[{"href":"https:\/\/www.eurotherm.com\/de\/wp-json\/wp\/v2\/types\/product"}],"wp:featuredmedia":[{"embeddable":true,"href":"https:\/\/www.eurotherm.com\/de\/wp-json\/wp\/v2\/media\/6959"}],"wp:attachment":[{"href":"https:\/\/www.eurotherm.com\/de\/wp-json\/wp\/v2\/media?parent=23730"}],"wp:term":[{"taxonomy":"product_brand","embeddable":true,"href":"https:\/\/www.eurotherm.com\/de\/wp-json\/wp\/v2\/product_brand?post=23730"},{"taxonomy":"product_cat","embeddable":true,"href":"https:\/\/www.eurotherm.com\/de\/wp-json\/wp\/v2\/product_cat?post=23730"},{"taxonomy":"product_tag","embeddable":true,"href":"https:\/\/www.eurotherm.com\/de\/wp-json\/wp\/v2\/product_tag?post=23730"}],"curies":[{"name":"wp","href":"https:\/\/api.w.org\/{rel}","templated":true}]}}