{"id":23729,"date":"2018-10-15T08:48:24","date_gmt":"2018-10-15T08:48:24","guid":{"rendered":"https:\/\/www.eurotherm.com\/product\/erweiterte-regler-programmregler-der-serie-3500\/"},"modified":"2024-10-07T22:44:41","modified_gmt":"2024-10-07T14:44:41","slug":"3500-advanced-temperature-controller-and-programmer","status":"publish","type":"product","link":"https:\/\/www.eurotherm.com\/de\/products\/pid-regler\/einkanalregler\/3500-advanced-temperature-controller-and-programmer\/","title":{"rendered":"Erweiterte Regler\/Programmregler der Serie 3500"},"content":{"rendered":"<ul>\n<li>Leistungsstarke Ein- und Zweikanal-Regler<\/li>\n<li>Zwei Regelkreise, ideal zur Steuerung von Prozessen mit zwei interaktiven Variablen<\/li>\n<li>Pr\u00e4zise PV-Messung kombiniert mit Hochleistungsregelung gew\u00e4hrleisten wiederholbare Ergebnisse, die eine konsequent hohe Produktqualit\u00e4t garantieren<\/li>\n<li>Flexible, modulare Ger\u00e4te (bis zu 6 E\/A-Module mit bis zu 16 verschiedenen Modultypen)<\/li>\n<li>Grafischer Verkn\u00fcpfungseditor zur Erstellung von fortschrittlichen, flexiblen L\u00f6sungen<\/li>\n<li>Einfache Systemintegration (Modbus RTU, Modbus TCP und DeviceNetTM Netzwerkprotokolle)<\/li>\n<li>Einfacher und intuitiver Betrieb mit benutzerdefinierbaren Displays<\/li>\n<li>Flexible Sollwert-Programmierung mit Zweikanalf\u00e4higkeit (bis zu 50 zeitbasierte Programme)<\/li>\n<li>Erweiterte Funktionen f\u00fcr kundenspezifische L\u00f6sungen und Regler f\u00fcr kleine Maschinen<\/li>\n<\/ul>\n<p>Die Modelle 3508 und 3504 bieten mehr als blo\u00dfe Temperaturregelung. Erweiterte Funktionen und Optionen erm\u00f6glichen ihnen sogar, kleine Maschinen zu steuern. Sie bieten flexible E\/A-Optionen zur Steuerung einer Vielfalt von Prozessen, wie Temperatur, Aufkohlungsregler, Feuchtigkeit, Durchfluss, Druck, F\u00fcllstand, Viskosit\u00e4t, Zusatzstoff-Dosierregelung und vieles mehr. Spezialfunktionsbl\u00f6cke, Rezeptwahl, Sollwert-Programmgeber, Mathematik-, Logik-, Timerfunktion und flexible Kommunikationsoptionen sind nur einige Beispiele daf\u00fcr, was diese Ger\u00e4te zu einem wesentlichen Teil einer gesamten Prozessl\u00f6sung macht.<\/p>\n<p>Bei der Entwicklung der Regler der Serie 3500 wurde gro\u00dfen Wert auf Benutzerfreundlichkeit gelegt. \u00dcber einen einfachen &#8222;Quick Start&#8220;-Code k\u00f6nnen deshalb alle Grundfunktionen, die zur Regelung Ihrer Prozesse erforderlich sind, eingestellt werden. Dies umfasst die Einstellungen f\u00fcr Sensortyp, Messbereich, Regeloptionen und Alarme und erm\u00f6glicht damit einen echten &#8222;Out of the Box&#8220;-Betrieb. Fortschrittlichere Funktionen werden mittels eines PC-Grafikkonfigurationstools konfiguriert, was den Anwendern erm\u00f6glicht, Funktionsbl\u00f6cke aus der Bibliothek auszuw\u00e4hlen und diese mittels Softwiring miteinander zu verbinden.<\/p>\n<p>Die gro\u00dfe 5-stellige Anzeige bietet eine \u00e4u\u00dferst klare und eindeutige Darstellung des Prozesswertes. Im unteren Displaybereich liefert ein 4-zeiliges Meldezentrum benutzerspezifische Darstellungen wichtiger Informationen, w\u00e4hrend vertikale und horizontale Bargraphen die Prozessdarstellung auf einen Blick erm\u00f6glichen. OEM-Sicherheit erm\u00f6glicht dem Anwender, seine geistigen Eigentumsrechte durch Schutz vor unbefugtem Klonen von Konfigurationen zu sch\u00fctzen.<\/p>\n<p>&nbsp;<\/p>\n<h2>Zweikanal<\/h2>\n<p>Zwei unabh\u00e4ngige Regelkreise machen den 3500 ideal f\u00fcr interaktive Prozesse, wie sie in Aufkohlungs\u00f6fen, Klimakammern und Autoklaven zu finden sind. Die Regelkreise k\u00f6nnen softwarem\u00e4\u00dfig intern verkn\u00fcpft werden, um zum Beispiel Kaskade, Verh\u00e4ltnis oder andere intelligente Regelstrategien zu erstellen.<\/p>\n<p>&nbsp;<\/p>\n<h2>Sollwert-Programmierung<\/h2>\n<p>Bei Prozessen wie Heizanwendungen ist oft eine \u00c4nderung des Sollwerts in einem bestimmten Zeitablauf erforderlich. Der Zweikanal-Regler der Serie verf\u00fcgt \u00fcber zwei Programmgeber, die als synchronisierte oder unabh\u00e4ngige Programme konfiguriert werden k\u00f6nnen. Hierf\u00fcr stehen 50 Programme mit bis zu zwei Kan\u00e4len und insgesamt 500 Segmenten zur Verf\u00fcgung.<\/p>\n<p>&nbsp;<\/p>\n<h2>Eingangs-\/Ausgangsflexibilit\u00e4t<\/h2>\n<p>Ein umfassendes Sortiment an steckbaren Ein- und Ausg\u00e4ngen, die individuell f\u00fcr die verschiedensten Applikationen zusammengestellt werden, minimiert Lagerhaltung und Ersatzteilbedarf. Es gibt insgesamt 15 verschiedene Modularten f\u00fcr Relais, Logik, Triac und Analog, die beim 3508 in drei Steckpl\u00e4tze, im 3504 in sechs Steckpl\u00e4tze gesteckt werden k\u00f6nnen.<\/p>\n<p>&nbsp;<\/p>\n<h2>C-Pegel<\/h2>\n<p>Mithilfe einer Zirkoniasonde kann der 3500 in einem Ofen Sauerstoff und Temperatur messen und den daraus resultierenden Karbongehalt im Ofen berechnen. Dadurch kann der Zweikanalregler der Serie 3500 sowohl zur Regelung des Karbongehalts als auch der Temperatur in Atmosph\u00e4ren\u00f6fen benutzt werden.<\/p>\n<p>&nbsp;<\/p>\n<p><strong>BESONDERS GEEIGNET F\u00dcR:<\/strong><\/p>\n<ul>\n<li>W\u00e4rmebehandlung<\/li>\n<li>Halbleiter<\/li>\n<li>Klimakammern<\/li>\n<li>Autoklaven<\/li>\n<li>Reaktoren und Fermenter<\/li>\n<li>Schmelzdruck<\/li>\n<li>Prozessapplikationen<\/li>\n<\/ul>\n<p><strong>MERKMALE:<\/strong><\/p>\n<ul>\n<li>2 PID-Regelkreise<\/li>\n<li>50 Programme<\/li>\n<li>Pr\u00e4zisions-PV-Eingang<\/li>\n<li>C-Pegelregelung<\/li>\n<li>Mathe-\/Logik-\/Timerfunktionen<\/li>\n<li>Kundenspezifische Benutzerschnittstelle<\/li>\n<li>Rezepte<\/li>\n<li>ModBus RTU<\/li>\n<li>Ethernet Modbus-TCP<\/li>\n<li>DeviceNet-Netzwerk<\/li>\n<\/ul>\n","protected":false},"excerpt":{"rendered":"<p>Die Modelle 3508 und 3504 bieten mehr als blo\u00dfe Temperaturregelung. Erweiterte Funktionen und Optionen erm\u00f6glichen ihnen sogar, kleine Maschinen zu steuern.<\/p>\n","protected":false},"featured_media":9045,"template":"","meta":{"_acf_changed":false},"product_brand":[],"product_cat":[12396,12506,12471,12398,12400],"product_tag":[],"class_list":{"0":"post-23729","1":"product","2":"type-product","3":"status-publish","4":"has-post-thumbnail","6":"industry-heat-treatment-de-2","7":"product_cat-pid-regler","8":"product_cat-mehrkanalregler","9":"product_cat-einkanalregler","10":"product_cat-furnaces-atmosphere-and-vacuum-de","11":"product_cat-heat-treat-products-de","12":"product_shipping_class-1-de","14":"first","15":"instock","16":"purchasable","17":"product-type-simple"},"acf":[],"yoast_head":"<!-- This site is optimized with the Yoast SEO plugin v27.2 - https:\/\/yoast.com\/product\/yoast-seo-wordpress\/ -->\n<title>Erweiterte Regler\/Programmregler der Serie 3500 | Eurotherm Limited<\/title>\n<meta name=\"description\" content=\"Erweiterte Regler\/Programmregler der Serie 3500 | Leistungsstarke Ein- und Zweikanal-Regler Zwei Regelkreise, ideal zur Steuerung von Pr\" \/>\n<meta name=\"robots\" content=\"index, follow, max-snippet:-1, max-image-preview:large, max-video-preview:-1\" \/>\n<meta property=\"og:locale\" content=\"de_DE\" \/>\n<meta property=\"og:type\" content=\"article\" \/>\n<meta property=\"og:title\" content=\"Erweiterte Regler\/Programmregler der Serie 3500 | Eurotherm Limited\" \/>\n<meta property=\"og:description\" content=\"Erweiterte Regler\/Programmregler der Serie 3500 | Die Modelle 3508 und 3504 bieten mehr als blo\u00dfe Temperaturregelung. Erweiterte Funktionen und Optionen erm\u00f6glichen ihnen sogar, kleine Maschinen zu steuern.\" \/>\n<meta property=\"og:url\" content=\"https:\/\/www.eurotherm.com\/de\/products\/pid-regler\/einkanalregler\/3500-advanced-temperature-controller-and-programmer\/\" \/>\n<meta property=\"og:site_name\" content=\"Eurotherm Limited\" \/>\n<meta property=\"article:modified_time\" content=\"2024-10-07T14:44:41+00:00\" \/>\n<meta property=\"og:image\" content=\"https:\/\/www.eurotherm.com\/wp-content\/uploads\/2018\/10\/3500_series.jpg\" \/>\n\t<meta property=\"og:image:width\" content=\"500\" \/>\n\t<meta property=\"og:image:height\" content=\"500\" \/>\n\t<meta property=\"og:image:type\" content=\"image\/jpeg\" \/>\n<meta name=\"twitter:card\" content=\"summary_large_image\" \/>\n<meta name=\"twitter:label1\" content=\"Gesch\u00e4tzte Lesezeit\" \/>\n\t<meta name=\"twitter:data1\" content=\"3\u00a0Minuten\" \/>\n<script type=\"application\/ld+json\" class=\"yoast-schema-graph\">{\"@context\":\"https:\/\/schema.org\",\"@graph\":[{\"@type\":\"WebPage\",\"@id\":\"https:\/\/www.eurotherm.com\/de\/products\/pid-regler\/einkanalregler\/3500-advanced-temperature-controller-and-programmer\/\",\"url\":\"https:\/\/www.eurotherm.com\/de\/products\/pid-regler\/einkanalregler\/3500-advanced-temperature-controller-and-programmer\/\",\"name\":\"Erweiterte Regler\/Programmregler der Serie 3500 | Eurotherm Limited\",\"isPartOf\":{\"@id\":\"https:\/\/www.eurotherm.com\/de\/#website\"},\"primaryImageOfPage\":{\"@id\":\"https:\/\/www.eurotherm.com\/de\/products\/pid-regler\/einkanalregler\/3500-advanced-temperature-controller-and-programmer\/#primaryimage\"},\"image\":{\"@id\":\"https:\/\/www.eurotherm.com\/de\/products\/pid-regler\/einkanalregler\/3500-advanced-temperature-controller-and-programmer\/#primaryimage\"},\"thumbnailUrl\":\"https:\/\/www.eurotherm.com\/wp-content\/uploads\/2018\/10\/3500_series.jpg\",\"datePublished\":\"2018-10-15T08:48:24+00:00\",\"dateModified\":\"2024-10-07T14:44:41+00:00\",\"description\":\"Erweiterte Regler\/Programmregler der Serie 3500 | Die Modelle 3508 und 3504 bieten mehr als blo\u00dfe Temperaturregelung. Erweiterte Funktionen und Optionen erm\u00f6glichen ihnen sogar, kleine Maschinen zu steuern.\",\"breadcrumb\":{\"@id\":\"https:\/\/www.eurotherm.com\/de\/products\/pid-regler\/einkanalregler\/3500-advanced-temperature-controller-and-programmer\/#breadcrumb\"},\"inLanguage\":\"de\",\"potentialAction\":[{\"@type\":\"ReadAction\",\"target\":[\"https:\/\/www.eurotherm.com\/de\/products\/pid-regler\/einkanalregler\/3500-advanced-temperature-controller-and-programmer\/\"]}]},{\"@type\":\"ImageObject\",\"inLanguage\":\"de\",\"@id\":\"https:\/\/www.eurotherm.com\/de\/products\/pid-regler\/einkanalregler\/3500-advanced-temperature-controller-and-programmer\/#primaryimage\",\"url\":\"https:\/\/www.eurotherm.com\/wp-content\/uploads\/2018\/10\/3500_series.jpg\",\"contentUrl\":\"https:\/\/www.eurotherm.com\/wp-content\/uploads\/2018\/10\/3500_series.jpg\",\"width\":500,\"height\":500},{\"@type\":\"BreadcrumbList\",\"@id\":\"https:\/\/www.eurotherm.com\/de\/products\/pid-regler\/einkanalregler\/3500-advanced-temperature-controller-and-programmer\/#breadcrumb\",\"itemListElement\":[{\"@type\":\"ListItem\",\"position\":1,\"name\":\"Home\",\"item\":\"https:\/\/www.eurotherm.com\/de\/\"},{\"@type\":\"ListItem\",\"position\":2,\"name\":\"Product Catalogue\",\"item\":\"https:\/\/www.eurotherm.com\/de\/product-catalogue\/\"},{\"@type\":\"ListItem\",\"position\":3,\"name\":\"PID-Regler\",\"item\":\"https:\/\/www.eurotherm.com\/de\/eurotherm-products\/pid-regler\/\"},{\"@type\":\"ListItem\",\"position\":4,\"name\":\"Mehrkanalregler\",\"item\":\"https:\/\/www.eurotherm.com\/de\/eurotherm-products\/pid-regler\/mehrkanalregler\/\"},{\"@type\":\"ListItem\",\"position\":5,\"name\":\"Erweiterte Regler\/Programmregler der Serie 3500\"}]},{\"@type\":\"WebSite\",\"@id\":\"https:\/\/www.eurotherm.com\/de\/#website\",\"url\":\"https:\/\/www.eurotherm.com\/de\/\",\"name\":\"Eurotherm Limited\",\"description\":\"Temperature Control, Process Control, Measurement and Data Recording Solutions\",\"potentialAction\":[{\"@type\":\"SearchAction\",\"target\":{\"@type\":\"EntryPoint\",\"urlTemplate\":\"https:\/\/www.eurotherm.com\/de\/?s={search_term_string}\"},\"query-input\":{\"@type\":\"PropertyValueSpecification\",\"valueRequired\":true,\"valueName\":\"search_term_string\"}}],\"inLanguage\":\"de\"}]}<\/script>\n<!-- \/ Yoast SEO plugin. -->","yoast_head_json":{"title":"Erweiterte Regler\/Programmregler der Serie 3500 | Eurotherm Limited","description":"Erweiterte Regler\/Programmregler der Serie 3500 | Leistungsstarke Ein- und Zweikanal-Regler Zwei Regelkreise, ideal zur Steuerung von Pr","robots":{"index":"index","follow":"follow","max-snippet":"max-snippet:-1","max-image-preview":"max-image-preview:large","max-video-preview":"max-video-preview:-1"},"og_locale":"de_DE","og_type":"article","og_title":"Erweiterte Regler\/Programmregler der Serie 3500 | Eurotherm Limited","og_description":"Erweiterte Regler\/Programmregler der Serie 3500 | Die Modelle 3508 und 3504 bieten mehr als blo\u00dfe Temperaturregelung. Erweiterte Funktionen und Optionen erm\u00f6glichen ihnen sogar, kleine Maschinen zu steuern.","og_url":"https:\/\/www.eurotherm.com\/de\/products\/pid-regler\/einkanalregler\/3500-advanced-temperature-controller-and-programmer\/","og_site_name":"Eurotherm Limited","article_modified_time":"2024-10-07T14:44:41+00:00","og_image":[{"width":500,"height":500,"url":"https:\/\/www.eurotherm.com\/wp-content\/uploads\/2018\/10\/3500_series.jpg","type":"image\/jpeg"}],"twitter_card":"summary_large_image","twitter_misc":{"Gesch\u00e4tzte Lesezeit":"3\u00a0Minuten"},"schema":{"@context":"https:\/\/schema.org","@graph":[{"@type":"WebPage","@id":"https:\/\/www.eurotherm.com\/de\/products\/pid-regler\/einkanalregler\/3500-advanced-temperature-controller-and-programmer\/","url":"https:\/\/www.eurotherm.com\/de\/products\/pid-regler\/einkanalregler\/3500-advanced-temperature-controller-and-programmer\/","name":"Erweiterte Regler\/Programmregler der Serie 3500 | Eurotherm Limited","isPartOf":{"@id":"https:\/\/www.eurotherm.com\/de\/#website"},"primaryImageOfPage":{"@id":"https:\/\/www.eurotherm.com\/de\/products\/pid-regler\/einkanalregler\/3500-advanced-temperature-controller-and-programmer\/#primaryimage"},"image":{"@id":"https:\/\/www.eurotherm.com\/de\/products\/pid-regler\/einkanalregler\/3500-advanced-temperature-controller-and-programmer\/#primaryimage"},"thumbnailUrl":"https:\/\/www.eurotherm.com\/wp-content\/uploads\/2018\/10\/3500_series.jpg","datePublished":"2018-10-15T08:48:24+00:00","dateModified":"2024-10-07T14:44:41+00:00","description":"Erweiterte Regler\/Programmregler der Serie 3500 | Die Modelle 3508 und 3504 bieten mehr als blo\u00dfe Temperaturregelung. Erweiterte Funktionen und Optionen erm\u00f6glichen ihnen sogar, kleine Maschinen zu steuern.","breadcrumb":{"@id":"https:\/\/www.eurotherm.com\/de\/products\/pid-regler\/einkanalregler\/3500-advanced-temperature-controller-and-programmer\/#breadcrumb"},"inLanguage":"de","potentialAction":[{"@type":"ReadAction","target":["https:\/\/www.eurotherm.com\/de\/products\/pid-regler\/einkanalregler\/3500-advanced-temperature-controller-and-programmer\/"]}]},{"@type":"ImageObject","inLanguage":"de","@id":"https:\/\/www.eurotherm.com\/de\/products\/pid-regler\/einkanalregler\/3500-advanced-temperature-controller-and-programmer\/#primaryimage","url":"https:\/\/www.eurotherm.com\/wp-content\/uploads\/2018\/10\/3500_series.jpg","contentUrl":"https:\/\/www.eurotherm.com\/wp-content\/uploads\/2018\/10\/3500_series.jpg","width":500,"height":500},{"@type":"BreadcrumbList","@id":"https:\/\/www.eurotherm.com\/de\/products\/pid-regler\/einkanalregler\/3500-advanced-temperature-controller-and-programmer\/#breadcrumb","itemListElement":[{"@type":"ListItem","position":1,"name":"Home","item":"https:\/\/www.eurotherm.com\/de\/"},{"@type":"ListItem","position":2,"name":"Product Catalogue","item":"https:\/\/www.eurotherm.com\/de\/product-catalogue\/"},{"@type":"ListItem","position":3,"name":"PID-Regler","item":"https:\/\/www.eurotherm.com\/de\/eurotherm-products\/pid-regler\/"},{"@type":"ListItem","position":4,"name":"Mehrkanalregler","item":"https:\/\/www.eurotherm.com\/de\/eurotherm-products\/pid-regler\/mehrkanalregler\/"},{"@type":"ListItem","position":5,"name":"Erweiterte Regler\/Programmregler der Serie 3500"}]},{"@type":"WebSite","@id":"https:\/\/www.eurotherm.com\/de\/#website","url":"https:\/\/www.eurotherm.com\/de\/","name":"Eurotherm Limited","description":"Temperature Control, Process Control, Measurement and Data Recording Solutions","potentialAction":[{"@type":"SearchAction","target":{"@type":"EntryPoint","urlTemplate":"https:\/\/www.eurotherm.com\/de\/?s={search_term_string}"},"query-input":{"@type":"PropertyValueSpecification","valueRequired":true,"valueName":"search_term_string"}}],"inLanguage":"de"}]}},"ACF":{"product_file":[27454,103570,103569,29329,27897,27942,27866,27943,27939,27895,29147,29146,27473,26900,26901,29308,27981,27765,29359,26887,27978,26892,27983,26891,26888,26902,26903,27497,27505,27584,26898,26899,26896,27979,26893,26890,27758,27756,27757,26895,26889,26897,27980,26894,27894,28728,28729,27447,28039,28993,78476,78979,26844,26843,104268,105978,133629,133631,137169,144234,150253,150255,150261,150257,150260,150259,150256,152389,152390,152377],"product_status":"Active Product","enable_watlow_configurator":true,"watlow_product_type":"Multiple","watlow_configurator_links":[{"watlow_name":"3504 1\/4 DIN","watlow_link":"https:\/\/www.watlow.com\/Products\/Controllers\/Eurotherm\/3500-Advanced-Controller-and-Programmer?econfig=3504"},{"watlow_name":"3508 1\/8 DIN","watlow_link":"https:\/\/www.watlow.com\/Products\/Controllers\/Eurotherm\/3500-Advanced-Controller-and-Programmer?econfig=3508"}]},"jetpack_sharing_enabled":true,"_links":{"self":[{"href":"https:\/\/www.eurotherm.com\/de\/wp-json\/wp\/v2\/product\/23729","targetHints":{"allow":["GET"]}}],"collection":[{"href":"https:\/\/www.eurotherm.com\/de\/wp-json\/wp\/v2\/product"}],"about":[{"href":"https:\/\/www.eurotherm.com\/de\/wp-json\/wp\/v2\/types\/product"}],"wp:featuredmedia":[{"embeddable":true,"href":"https:\/\/www.eurotherm.com\/de\/wp-json\/wp\/v2\/media\/9045"}],"wp:attachment":[{"href":"https:\/\/www.eurotherm.com\/de\/wp-json\/wp\/v2\/media?parent=23729"}],"wp:term":[{"taxonomy":"product_brand","embeddable":true,"href":"https:\/\/www.eurotherm.com\/de\/wp-json\/wp\/v2\/product_brand?post=23729"},{"taxonomy":"product_cat","embeddable":true,"href":"https:\/\/www.eurotherm.com\/de\/wp-json\/wp\/v2\/product_cat?post=23729"},{"taxonomy":"product_tag","embeddable":true,"href":"https:\/\/www.eurotherm.com\/de\/wp-json\/wp\/v2\/product_tag?post=23729"}],"curies":[{"name":"wp","href":"https:\/\/api.w.org\/{rel}","templated":true}]}}