{"id":23724,"date":"2018-10-15T08:51:20","date_gmt":"2018-10-15T08:51:20","guid":{"rendered":"https:\/\/www.eurotherm.com\/product\/epower-thyristorsteller\/"},"modified":"2025-07-11T17:18:01","modified_gmt":"2025-07-11T09:18:01","slug":"epower-controller","status":"publish","type":"product","link":"https:\/\/www.eurotherm.com\/de\/products\/thyristorsteller-und-halbleiterrelais\/power-controllers-de\/epower-controller\/","title":{"rendered":"EPower\u2122 Thyristorsteller"},"content":{"rendered":"<ul>\n<li>Modulares Design<\/li>\n<li>Konfigurierbar<\/li>\n<li>Blitzschnelles Setup mit Quick Start<\/li>\n<li>Erweiterte Konfiguration unter Benutzung des grafischen Wiring Editors<\/li>\n<li>Lastmanagementprognose<\/li>\n<li>Flexible Kommunikation<\/li>\n<\/ul>\n<p>EPower Thyristorsteller bedienen sich neuester Technologien und Innovationen, um Ihre Prozesse zu steuern und Ihre Energiekosten zu senken. Sie bieten Ihnen auf jeder Ebene die Flexibilit\u00e4t, die Sie ben\u00f6tigen, um Ihre Anforderungen jetzt und in der Zukunft optimal zu erf\u00fcllen. Gerne \u00fcbernehmen wir mit unserem EPower Thyristorsteller die Leistungsregelung f\u00fcr Sie, damit Sie wissen, dass Ihre Prozesse stets in besten H\u00e4nden sind-auch wenn sie sich ver\u00e4ndern.<\/p>\n<ul>\n<li><strong>Flexibilit\u00e4t<\/strong>: modernste Technologie im Einklang mit modularer Bauweise und Benutzerfreundlichkeit f\u00fcr Ihre Leistungsregelung<\/li>\n<li><strong>Effizienz<\/strong>: Leistungsregelung der Weltklasse mit innovativen Funktionen zur Senkung Ihrer Energiekosten bei gleichzeitiger herausragender Prozessleistung<\/li>\n<li><strong>Rundum sorglos<\/strong>: ein Thyristorsteller, der Ihnen Kapitalr\u00fcckfluss bringt und auch im Nachhinein an ver\u00e4nderte Anforderungen angepasst werden kann \u2013 ein Produkt f\u00fcr alle L\u00f6sungen<\/li>\n<\/ul>\n<h2>Revolution\u00e4re Modularit\u00e4t und Konfigurierbarkeit entsprechend Ihren Anforderungen&#8230;<\/h2>\n<ul>\n<li>Einfache Bestellung, Konfiguration und Wartung durch modulares Design<\/li>\n<li>Wenn Ihre Anforderungen sich \u00e4ndern, kann der EPower Thyristorsteller Ihren Bed\u00fcrfnissen problemlos angepasst werden<\/li>\n<li>Minimalvorrat an Ersatzteilen \u2013 viele Optionen lassen sich durch ein gemeinsames Treibermodul konfigurieren, z. B. die Betriebsart, die Last, die Phasen, die Steuerung etc.<\/li>\n<li>Bis zu vier Leistungsmodule bieten ein- und mehrphasige Steuerung mit sieben Konfigurationsoptionen<\/li>\n<\/ul>\n<p>Ein einziges Steuermodul kann bis zu vier Leistungsmodule und damit bis zu vier unabh\u00e4ngige Regelkreise unterst\u00fctzen. Leistungsmodule sind f\u00fcr Laststrombereiche zwischen 100A und 630A erh\u00e4ltlich. Das Steuermodul selbst unterst\u00fctzt Optionsmodule, die Ihnen zus\u00e4tzliche Flexibilit\u00e4t f\u00fcr Ihre L\u00f6sung bieten:<\/p>\n<ul>\n<li>Kommunikation: RS485 Modbus RTU, Profibus, DeviceNet\u00ae und Modbus TCP-Netzwerkprotokolle<\/li>\n<li>Lastmanagementprognose (PLM) (Patent anh\u00e4ngig): Eine leistungsstarke Funktion, mit der Sie Ihren Leistungsbedarf f\u00fcr mehrere Ger\u00e4te effektiv steuern k\u00f6nnen, um Energiekosten zu sparen. \u00a0Mehr \u00fcber PLM lesen.<\/li>\n<li>Flexibler E\/A: Das Steuermodul unterst\u00fctzt serienm\u00e4\u00dfige E\/A und bis zu drei zus\u00e4tzliche E\/A-Stecktafeln mit analogen Ein- und Ausg\u00e4ngen, digitalen E\/A und Relaisausg\u00e4ngen.<\/li>\n<\/ul>\n","protected":false},"excerpt":{"rendered":"<p>EPower Thyristorsteller bedienen sich neuester Technologien und Innovationen, um Ihre Prozesse zu steuern und Ihre Energiekosten zu senken. Sie bieten Ihnen auf jeder Ebene die Flexibilit\u00e4t, die Sie ben\u00f6tigen, um Ihre Anforderungen jetzt und in der Zukunft optimal zu erf\u00fcllen<\/p>\n","protected":false},"featured_media":18368,"template":"","meta":{"_acf_changed":false},"product_brand":[],"product_cat":[12398,12400,12393,1058,12551],"product_tag":[],"class_list":{"0":"post-23724","1":"product","2":"type-product","3":"status-publish","4":"has-post-thumbnail","6":"industry-food-beverage-de-2","7":"industry-glass-manufacturing-de-2","8":"industry-heat-treatment-de-2","9":"industry-life-sciences-de-2","10":"product_cat-furnaces-atmosphere-and-vacuum-de","11":"product_cat-heat-treat-products-de","12":"product_cat-power-controllers-de","13":"product_cat-produkte-ger","14":"product_cat-thyristorsteller-und-halbleiterrelais","15":"product_shipping_class-1-de","17":"first","18":"instock","19":"purchasable","20":"product-type-simple"},"acf":[],"yoast_head":"<!-- This site is optimized with the Yoast SEO plugin v27.5 - https:\/\/yoast.com\/product\/yoast-seo-wordpress\/ -->\n<title>EPower\u2122 Thyristorsteller | Eurotherm Limited<\/title>\n<meta name=\"description\" content=\"EPower\u2122 Thyristorsteller | Modulares Design Konfigurierbar Blitzschnelles Setup mit Quick Start Erweiterte Konfi\" \/>\n<meta name=\"robots\" content=\"index, follow, max-snippet:-1, max-image-preview:large, max-video-preview:-1\" \/>\n<meta property=\"og:locale\" content=\"de_DE\" \/>\n<meta property=\"og:type\" content=\"article\" \/>\n<meta property=\"og:title\" content=\"EPower\u2122 Thyristorsteller | Eurotherm Limited\" \/>\n<meta property=\"og:description\" content=\"EPower\u2122 Thyristorsteller | EPower Thyristorsteller bedienen sich neuester Technologien und Innovationen, um Ihre Prozesse zu steuern und Ihre Energiekosten zu senken. Sie bieten Ihnen auf jeder Ebene die Flexibilit\u00e4t, die Sie ben\u00f6tigen, um Ihre Anforderungen jetzt und in der Zukunft optimal zu erf\u00fcllen\" \/>\n<meta property=\"og:url\" content=\"https:\/\/www.eurotherm.com\/de\/products\/thyristorsteller-und-halbleiterrelais\/power-controllers-de\/epower-controller\/\" \/>\n<meta property=\"og:site_name\" content=\"Eurotherm Limited\" \/>\n<meta property=\"article:modified_time\" content=\"2025-07-11T09:18:01+00:00\" \/>\n<meta property=\"og:image\" content=\"https:\/\/www.eurotherm.com\/wp-content\/uploads\/2016\/11\/epower.jpg\" \/>\n\t<meta property=\"og:image:width\" content=\"558\" \/>\n\t<meta property=\"og:image:height\" content=\"320\" \/>\n\t<meta property=\"og:image:type\" content=\"image\/jpeg\" \/>\n<meta name=\"twitter:card\" content=\"summary_large_image\" \/>\n<meta name=\"twitter:label1\" content=\"Gesch\u00e4tzte Lesezeit\" \/>\n\t<meta name=\"twitter:data1\" content=\"2\u00a0Minuten\" \/>\n<script type=\"application\/ld+json\" class=\"yoast-schema-graph\">{\"@context\":\"https:\\\/\\\/schema.org\",\"@graph\":[{\"@type\":\"WebPage\",\"@id\":\"https:\\\/\\\/www.eurotherm.com\\\/de\\\/products\\\/thyristorsteller-und-halbleiterrelais\\\/power-controllers-de\\\/epower-controller\\\/\",\"url\":\"https:\\\/\\\/www.eurotherm.com\\\/de\\\/products\\\/thyristorsteller-und-halbleiterrelais\\\/power-controllers-de\\\/epower-controller\\\/\",\"name\":\"EPower\u2122 Thyristorsteller | Eurotherm Limited\",\"isPartOf\":{\"@id\":\"https:\\\/\\\/www.eurotherm.com\\\/de\\\/#website\"},\"primaryImageOfPage\":{\"@id\":\"https:\\\/\\\/www.eurotherm.com\\\/de\\\/products\\\/thyristorsteller-und-halbleiterrelais\\\/power-controllers-de\\\/epower-controller\\\/#primaryimage\"},\"image\":{\"@id\":\"https:\\\/\\\/www.eurotherm.com\\\/de\\\/products\\\/thyristorsteller-und-halbleiterrelais\\\/power-controllers-de\\\/epower-controller\\\/#primaryimage\"},\"thumbnailUrl\":\"https:\\\/\\\/www.eurotherm.com\\\/wp-content\\\/uploads\\\/2016\\\/11\\\/epower.jpg\",\"datePublished\":\"2018-10-15T08:51:20+00:00\",\"dateModified\":\"2025-07-11T09:18:01+00:00\",\"description\":\"EPower\u2122 Thyristorsteller | EPower Thyristorsteller bedienen sich neuester Technologien und Innovationen, um Ihre Prozesse zu steuern und Ihre Energiekosten zu senken. Sie bieten Ihnen auf jeder Ebene die Flexibilit\u00e4t, die Sie ben\u00f6tigen, um Ihre Anforderungen jetzt und in der Zukunft optimal zu erf\u00fcllen\",\"breadcrumb\":{\"@id\":\"https:\\\/\\\/www.eurotherm.com\\\/de\\\/products\\\/thyristorsteller-und-halbleiterrelais\\\/power-controllers-de\\\/epower-controller\\\/#breadcrumb\"},\"inLanguage\":\"de\",\"potentialAction\":[{\"@type\":\"ReadAction\",\"target\":[\"https:\\\/\\\/www.eurotherm.com\\\/de\\\/products\\\/thyristorsteller-und-halbleiterrelais\\\/power-controllers-de\\\/epower-controller\\\/\"]}]},{\"@type\":\"ImageObject\",\"inLanguage\":\"de\",\"@id\":\"https:\\\/\\\/www.eurotherm.com\\\/de\\\/products\\\/thyristorsteller-und-halbleiterrelais\\\/power-controllers-de\\\/epower-controller\\\/#primaryimage\",\"url\":\"https:\\\/\\\/www.eurotherm.com\\\/wp-content\\\/uploads\\\/2016\\\/11\\\/epower.jpg\",\"contentUrl\":\"https:\\\/\\\/www.eurotherm.com\\\/wp-content\\\/uploads\\\/2016\\\/11\\\/epower.jpg\",\"width\":558,\"height\":320},{\"@type\":\"BreadcrumbList\",\"@id\":\"https:\\\/\\\/www.eurotherm.com\\\/de\\\/products\\\/thyristorsteller-und-halbleiterrelais\\\/power-controllers-de\\\/epower-controller\\\/#breadcrumb\",\"itemListElement\":[{\"@type\":\"ListItem\",\"position\":1,\"name\":\"Home\",\"item\":\"https:\\\/\\\/www.eurotherm.com\\\/de\\\/\"},{\"@type\":\"ListItem\",\"position\":2,\"name\":\"Product Catalogue\",\"item\":\"https:\\\/\\\/www.eurotherm.com\\\/de\\\/product-catalogue\\\/\"},{\"@type\":\"ListItem\",\"position\":3,\"name\":\"Thyristorsteller und Halbleiterrelais\",\"item\":\"https:\\\/\\\/www.eurotherm.com\\\/de\\\/eurotherm-products\\\/thyristorsteller-und-halbleiterrelais\\\/\"},{\"@type\":\"ListItem\",\"position\":4,\"name\":\"Leistungsregler\",\"item\":\"https:\\\/\\\/www.eurotherm.com\\\/de\\\/eurotherm-products\\\/thyristorsteller-und-halbleiterrelais\\\/power-controllers-de\\\/\"},{\"@type\":\"ListItem\",\"position\":5,\"name\":\"EPower\u2122 Thyristorsteller\"}]},{\"@type\":\"WebSite\",\"@id\":\"https:\\\/\\\/www.eurotherm.com\\\/de\\\/#website\",\"url\":\"https:\\\/\\\/www.eurotherm.com\\\/de\\\/\",\"name\":\"Eurotherm Limited\",\"description\":\"Temperature Control, Process Control, Measurement and Data Recording Solutions\",\"potentialAction\":[{\"@type\":\"SearchAction\",\"target\":{\"@type\":\"EntryPoint\",\"urlTemplate\":\"https:\\\/\\\/www.eurotherm.com\\\/de\\\/?s={search_term_string}\"},\"query-input\":{\"@type\":\"PropertyValueSpecification\",\"valueRequired\":true,\"valueName\":\"search_term_string\"}}],\"inLanguage\":\"de\"}]}<\/script>\n<!-- \/ Yoast SEO plugin. -->","yoast_head_json":{"title":"EPower\u2122 Thyristorsteller | Eurotherm Limited","description":"EPower\u2122 Thyristorsteller | Modulares Design Konfigurierbar Blitzschnelles Setup mit Quick Start Erweiterte Konfi","robots":{"index":"index","follow":"follow","max-snippet":"max-snippet:-1","max-image-preview":"max-image-preview:large","max-video-preview":"max-video-preview:-1"},"og_locale":"de_DE","og_type":"article","og_title":"EPower\u2122 Thyristorsteller | Eurotherm Limited","og_description":"EPower\u2122 Thyristorsteller | EPower Thyristorsteller bedienen sich neuester Technologien und Innovationen, um Ihre Prozesse zu steuern und Ihre Energiekosten zu senken. Sie bieten Ihnen auf jeder Ebene die Flexibilit\u00e4t, die Sie ben\u00f6tigen, um Ihre Anforderungen jetzt und in der Zukunft optimal zu erf\u00fcllen","og_url":"https:\/\/www.eurotherm.com\/de\/products\/thyristorsteller-und-halbleiterrelais\/power-controllers-de\/epower-controller\/","og_site_name":"Eurotherm Limited","article_modified_time":"2025-07-11T09:18:01+00:00","og_image":[{"width":558,"height":320,"url":"https:\/\/www.eurotherm.com\/wp-content\/uploads\/2016\/11\/epower.jpg","type":"image\/jpeg"}],"twitter_card":"summary_large_image","twitter_misc":{"Gesch\u00e4tzte Lesezeit":"2\u00a0Minuten"},"schema":{"@context":"https:\/\/schema.org","@graph":[{"@type":"WebPage","@id":"https:\/\/www.eurotherm.com\/de\/products\/thyristorsteller-und-halbleiterrelais\/power-controllers-de\/epower-controller\/","url":"https:\/\/www.eurotherm.com\/de\/products\/thyristorsteller-und-halbleiterrelais\/power-controllers-de\/epower-controller\/","name":"EPower\u2122 Thyristorsteller | Eurotherm Limited","isPartOf":{"@id":"https:\/\/www.eurotherm.com\/de\/#website"},"primaryImageOfPage":{"@id":"https:\/\/www.eurotherm.com\/de\/products\/thyristorsteller-und-halbleiterrelais\/power-controllers-de\/epower-controller\/#primaryimage"},"image":{"@id":"https:\/\/www.eurotherm.com\/de\/products\/thyristorsteller-und-halbleiterrelais\/power-controllers-de\/epower-controller\/#primaryimage"},"thumbnailUrl":"https:\/\/www.eurotherm.com\/wp-content\/uploads\/2016\/11\/epower.jpg","datePublished":"2018-10-15T08:51:20+00:00","dateModified":"2025-07-11T09:18:01+00:00","description":"EPower\u2122 Thyristorsteller | EPower Thyristorsteller bedienen sich neuester Technologien und Innovationen, um Ihre Prozesse zu steuern und Ihre Energiekosten zu senken. Sie bieten Ihnen auf jeder Ebene die Flexibilit\u00e4t, die Sie ben\u00f6tigen, um Ihre Anforderungen jetzt und in der Zukunft optimal zu erf\u00fcllen","breadcrumb":{"@id":"https:\/\/www.eurotherm.com\/de\/products\/thyristorsteller-und-halbleiterrelais\/power-controllers-de\/epower-controller\/#breadcrumb"},"inLanguage":"de","potentialAction":[{"@type":"ReadAction","target":["https:\/\/www.eurotherm.com\/de\/products\/thyristorsteller-und-halbleiterrelais\/power-controllers-de\/epower-controller\/"]}]},{"@type":"ImageObject","inLanguage":"de","@id":"https:\/\/www.eurotherm.com\/de\/products\/thyristorsteller-und-halbleiterrelais\/power-controllers-de\/epower-controller\/#primaryimage","url":"https:\/\/www.eurotherm.com\/wp-content\/uploads\/2016\/11\/epower.jpg","contentUrl":"https:\/\/www.eurotherm.com\/wp-content\/uploads\/2016\/11\/epower.jpg","width":558,"height":320},{"@type":"BreadcrumbList","@id":"https:\/\/www.eurotherm.com\/de\/products\/thyristorsteller-und-halbleiterrelais\/power-controllers-de\/epower-controller\/#breadcrumb","itemListElement":[{"@type":"ListItem","position":1,"name":"Home","item":"https:\/\/www.eurotherm.com\/de\/"},{"@type":"ListItem","position":2,"name":"Product Catalogue","item":"https:\/\/www.eurotherm.com\/de\/product-catalogue\/"},{"@type":"ListItem","position":3,"name":"Thyristorsteller und Halbleiterrelais","item":"https:\/\/www.eurotherm.com\/de\/eurotherm-products\/thyristorsteller-und-halbleiterrelais\/"},{"@type":"ListItem","position":4,"name":"Leistungsregler","item":"https:\/\/www.eurotherm.com\/de\/eurotherm-products\/thyristorsteller-und-halbleiterrelais\/power-controllers-de\/"},{"@type":"ListItem","position":5,"name":"EPower\u2122 Thyristorsteller"}]},{"@type":"WebSite","@id":"https:\/\/www.eurotherm.com\/de\/#website","url":"https:\/\/www.eurotherm.com\/de\/","name":"Eurotherm Limited","description":"Temperature Control, Process Control, Measurement and Data Recording Solutions","potentialAction":[{"@type":"SearchAction","target":{"@type":"EntryPoint","urlTemplate":"https:\/\/www.eurotherm.com\/de\/?s={search_term_string}"},"query-input":{"@type":"PropertyValueSpecification","valueRequired":true,"valueName":"search_term_string"}}],"inLanguage":"de"}]}},"ACF":{"product_file":[27728,27454,27706,27708,27429,27698,27697,27696,27695,27994,28360,27948,27949,27320,27699,27700,27701,27530,27531,27532,27702,27533,27703,27704,27534,27705,27958,27438,27692,27715,26904,27727,27951,27711,27712,27947,27713,27723,27724,27689,27718,27491,27490,27725,29212,27492,27714,27722,27709,27950,27719,27729,27782,28219,27716,27690,28221,27721,27707,27710,27691,27693,27858,27688,27495,28355,27942,27866,29003,28076,28117,83946,83947,89818,87013,90472,105066,105703,100559,125729,106575,106576,137171,138630,133615,154317,154316,160145,160147,155795,113266],"product_status":"Active Product","enable_watlow_configurator":true,"watlow_product_type":"Single","watlow_configurator_link":"https:\/\/www.watlow.com\/Products\/Controllers\/Eurotherm\/epower-controller?econfig=123"},"jetpack_sharing_enabled":true,"_links":{"self":[{"href":"https:\/\/www.eurotherm.com\/de\/wp-json\/wp\/v2\/product\/23724","targetHints":{"allow":["GET"]}}],"collection":[{"href":"https:\/\/www.eurotherm.com\/de\/wp-json\/wp\/v2\/product"}],"about":[{"href":"https:\/\/www.eurotherm.com\/de\/wp-json\/wp\/v2\/types\/product"}],"wp:featuredmedia":[{"embeddable":true,"href":"https:\/\/www.eurotherm.com\/de\/wp-json\/wp\/v2\/media\/18368"}],"wp:attachment":[{"href":"https:\/\/www.eurotherm.com\/de\/wp-json\/wp\/v2\/media?parent=23724"}],"wp:term":[{"taxonomy":"product_brand","embeddable":true,"href":"https:\/\/www.eurotherm.com\/de\/wp-json\/wp\/v2\/product_brand?post=23724"},{"taxonomy":"product_cat","embeddable":true,"href":"https:\/\/www.eurotherm.com\/de\/wp-json\/wp\/v2\/product_cat?post=23724"},{"taxonomy":"product_tag","embeddable":true,"href":"https:\/\/www.eurotherm.com\/de\/wp-json\/wp\/v2\/product_tag?post=23724"}],"curies":[{"name":"wp","href":"https:\/\/api.w.org\/{rel}","templated":true}]}}