{"id":23723,"date":"2018-10-15T08:51:20","date_gmt":"2018-10-15T08:51:20","guid":{"rendered":"https:\/\/www.eurotherm.com\/product\/epc2000-programmierbare-regler\/"},"modified":"2023-08-18T21:24:47","modified_gmt":"2023-08-18T13:24:47","slug":"epc2000-programmable-controllers","status":"publish","type":"product","link":"https:\/\/www.eurotherm.com\/de\/products\/pid-regler\/einkanalregler\/epc2000-programmable-controllers\/","title":{"rendered":"EPC2000 Programmierbare Regler"},"content":{"rendered":"<p>Der Regler kombiniert eine pr\u00e4zise Regelung und Messleistung mit einer Hochgeschwindigkeits-Ethernet-Verbindung, die einen integrierten Switch f\u00fcr die Daisy-Chain-Verbindung zu \u00dcberwachungsger\u00e4ten, Panels oder SPS enth\u00e4lt. Cybersecurity ist nach den strengen Anforderungen von Achilles\u00ae CRT Level 1 zertifiziert.<\/p>\n<p>Die Verkn\u00fcpfung von Funktionsbl\u00f6cken mit optionalen Mathematik-, Logik-, Summierer- und Spezialfunktionen erm\u00f6glicht es dem Ger\u00e4t, \u00fcber die PID-Regelung hinaus zus\u00e4tzliche Systemfunktionen zu \u00fcbernehmen.<\/p>\n<p>Der EPC2000 ist f\u00fcr eine lange Lebensdauer ausgelegt und verf\u00fcgt \u00fcber einen batterielosen, nichtfl\u00fcchtigen Datenspeicher FRAM.<\/p>\n<h4>Genauigkeit und Wiederholbarkeit<\/h4>\n<p>Der EPC2000-Messeingang ist schnell und hochgenau und verf\u00fcgt \u00fcber eine au\u00dfergew\u00f6hnliche thermische Stabilit\u00e4t, die eine pr\u00e4zise und konsistente Kontrolle \u00fcber lange Zeitr\u00e4ume ohne Drift der Kalibrierung erm\u00f6glicht. Als solches bietet es eine hervorragende Front-End-Steuerung f\u00fcr Prozesse, die eine genaue Steuerung erfordern, einschlie\u00dflich der Luft- und Raumfahrt und der Verarbeitung moderner Materialien.<\/p>\n<p>Der Eurotherm PID-Algorithmus liefert eine reaktionsschnelle und wiederholbare Regelung und wurde weiter optimiert, um \u00dcberschwinger zu reduzieren. Das schnelle Erreichen der Betriebstemperatur und die geringe Oszillation erm\u00f6glichen einen hohen Prozessdurchsatz bei niedrigen Ausschussraten. F\u00fcr eine optimale Leistung k\u00f6nnen unterschiedliche PID-Einstellungen in verschiedenen Betriebsbereichen verwendet werden.<\/p>\n<p>&nbsp;<\/p>\n","protected":false},"excerpt":{"rendered":"<h2>Pr\u00e4zision im wichtigsten Prozessbereich<\/h2>\n<p>Der programmierbare Temperatur- und Prozessregler EPC2000 bietet eine effiziente und wiederholbare Pr\u00e4zisionsregelung in einem praktischen und einfach zu handhabenden DIN-Schienenformat oder Wandmontage.<\/p>\n<h3>Neuigkeiten zum Produkt:<\/h3>\n<p>Verf\u00fcgbar mit Profinet<br \/>\nVerbessert die Cybersecurity Kommunikations-Robustheit (siehe Downloads)<br \/>\n<a href=\"\/temperature-control\/epc2000\/\">EPC2000 Funktionen und Vorteile<\/a><br \/>\n<a href=\"\/press-releases\/schneider-electric-launches-their-latest-cybersecurity-certified-programmable-controllers-to-improve-process-yield\/\">EPC2000 Speicherprogrammierbare Steuerung Original-Pressemitteilung<\/a><br \/>\n<a href=\"\/temperature-control\/epc2000-how-to-tutorials\">EPC2000 Lern-Tutorials<\/a><\/p>\n<h3>PROFINET Configuration Tools<\/h3>\n<p><a href=\"https:\/\/www.eurotherm.com\/?wpdmdl=146864\">GSDML and bitmap Files Zipped<\/a><\/p>\n","protected":false},"featured_media":9115,"template":"","meta":{"_acf_changed":false},"product_brand":[],"product_cat":[12396,12471,1058],"product_tag":[],"class_list":{"0":"post-23723","1":"product","2":"type-product","3":"status-publish","4":"has-post-thumbnail","6":"industry-oem-custom-solutions-de-2","7":"product_cat-pid-regler","8":"product_cat-einkanalregler","9":"product_cat-produkte-ger","10":"product_shipping_class-1-de","12":"first","13":"instock","14":"purchasable","15":"product-type-simple"},"acf":[],"yoast_head":"<!-- This site is optimized with the Yoast SEO plugin v27.5 - https:\/\/yoast.com\/product\/yoast-seo-wordpress\/ -->\n<title>EPC2000 Programmierbare Regler | Eurotherm Limited<\/title>\n<meta name=\"description\" content=\"EPC2000 Programmierbare Regler | Der Regler kombiniert eine pr\u00e4zise Regelung und Messleistung mit einer Hochgeschwindigkeits-Ethernet-Verbindung, die einen inte\" \/>\n<meta name=\"robots\" content=\"index, follow, max-snippet:-1, max-image-preview:large, max-video-preview:-1\" \/>\n<meta property=\"og:locale\" content=\"de_DE\" \/>\n<meta property=\"og:type\" content=\"article\" \/>\n<meta property=\"og:title\" content=\"EPC2000 Programmierbare Regler | Eurotherm Limited\" \/>\n<meta property=\"og:description\" content=\"EPC2000 Programmierbare Regler | Pr\u00e4zision im wichtigsten Prozessbereich Der programmierbare Temperatur- und Prozessregler EPC2000 bietet eine effiziente und wiederholbare Pr\u00e4zisionsregelung in einem praktischen und einfach zu handhabenden DIN-Schienenformat oder Wandmontage. Neuigkeiten zum Produkt: Verf\u00fcgbar mit Profinet Verbessert die Cybersecurity Kommunikations-Robustheit (siehe Downloads) EPC2000 Funktionen und Vorteile EPC2000 Speicherprogrammierbare Steuerung Original-Pressemitteilung EPC2000 Lern-Tutorials PROFINET Configuration Tools GSDML and bitmap Files Zipped\" \/>\n<meta property=\"og:url\" content=\"https:\/\/www.eurotherm.com\/de\/products\/pid-regler\/einkanalregler\/epc2000-programmable-controllers\/\" \/>\n<meta property=\"og:site_name\" content=\"Eurotherm Limited\" \/>\n<meta property=\"article:modified_time\" content=\"2023-08-18T13:24:47+00:00\" \/>\n<meta property=\"og:image\" content=\"https:\/\/www.eurotherm.com\/wp-content\/uploads\/2018\/10\/epc2000-front.jpg\" \/>\n\t<meta property=\"og:image:width\" content=\"500\" \/>\n\t<meta property=\"og:image:height\" content=\"500\" \/>\n\t<meta property=\"og:image:type\" content=\"image\/jpeg\" \/>\n<meta name=\"twitter:card\" content=\"summary_large_image\" \/>\n<meta name=\"twitter:label1\" content=\"Gesch\u00e4tzte Lesezeit\" \/>\n\t<meta name=\"twitter:data1\" content=\"1\u00a0Minute\" \/>\n<script type=\"application\/ld+json\" class=\"yoast-schema-graph\">{\"@context\":\"https:\\\/\\\/schema.org\",\"@graph\":[{\"@type\":\"WebPage\",\"@id\":\"https:\\\/\\\/www.eurotherm.com\\\/de\\\/products\\\/pid-regler\\\/einkanalregler\\\/epc2000-programmable-controllers\\\/\",\"url\":\"https:\\\/\\\/www.eurotherm.com\\\/de\\\/products\\\/pid-regler\\\/einkanalregler\\\/epc2000-programmable-controllers\\\/\",\"name\":\"EPC2000 Programmierbare Regler | Eurotherm Limited\",\"isPartOf\":{\"@id\":\"https:\\\/\\\/www.eurotherm.com\\\/de\\\/#website\"},\"primaryImageOfPage\":{\"@id\":\"https:\\\/\\\/www.eurotherm.com\\\/de\\\/products\\\/pid-regler\\\/einkanalregler\\\/epc2000-programmable-controllers\\\/#primaryimage\"},\"image\":{\"@id\":\"https:\\\/\\\/www.eurotherm.com\\\/de\\\/products\\\/pid-regler\\\/einkanalregler\\\/epc2000-programmable-controllers\\\/#primaryimage\"},\"thumbnailUrl\":\"https:\\\/\\\/www.eurotherm.com\\\/wp-content\\\/uploads\\\/2018\\\/10\\\/epc2000-front.jpg\",\"datePublished\":\"2018-10-15T08:51:20+00:00\",\"dateModified\":\"2023-08-18T13:24:47+00:00\",\"description\":\"EPC2000 Programmierbare Regler | Pr\u00e4zision im wichtigsten Prozessbereich Der programmierbare Temperatur- und Prozessregler EPC2000 bietet eine effiziente und wiederholbare Pr\u00e4zisionsregelung in einem praktischen und einfach zu handhabenden DIN-Schienenformat oder Wandmontage. Neuigkeiten zum Produkt: Verf\u00fcgbar mit Profinet Verbessert die Cybersecurity Kommunikations-Robustheit (siehe Downloads) EPC2000 Funktionen und Vorteile EPC2000 Speicherprogrammierbare Steuerung Original-Pressemitteilung EPC2000 Lern-Tutorials PROFINET Configuration Tools GSDML and bitmap Files Zipped\",\"breadcrumb\":{\"@id\":\"https:\\\/\\\/www.eurotherm.com\\\/de\\\/products\\\/pid-regler\\\/einkanalregler\\\/epc2000-programmable-controllers\\\/#breadcrumb\"},\"inLanguage\":\"de\",\"potentialAction\":[{\"@type\":\"ReadAction\",\"target\":[\"https:\\\/\\\/www.eurotherm.com\\\/de\\\/products\\\/pid-regler\\\/einkanalregler\\\/epc2000-programmable-controllers\\\/\"]}]},{\"@type\":\"ImageObject\",\"inLanguage\":\"de\",\"@id\":\"https:\\\/\\\/www.eurotherm.com\\\/de\\\/products\\\/pid-regler\\\/einkanalregler\\\/epc2000-programmable-controllers\\\/#primaryimage\",\"url\":\"https:\\\/\\\/www.eurotherm.com\\\/wp-content\\\/uploads\\\/2018\\\/10\\\/epc2000-front.jpg\",\"contentUrl\":\"https:\\\/\\\/www.eurotherm.com\\\/wp-content\\\/uploads\\\/2018\\\/10\\\/epc2000-front.jpg\",\"width\":500,\"height\":500,\"caption\":\"R\u00e9gulateur programmable EPC2000\"},{\"@type\":\"BreadcrumbList\",\"@id\":\"https:\\\/\\\/www.eurotherm.com\\\/de\\\/products\\\/pid-regler\\\/einkanalregler\\\/epc2000-programmable-controllers\\\/#breadcrumb\",\"itemListElement\":[{\"@type\":\"ListItem\",\"position\":1,\"name\":\"Home\",\"item\":\"https:\\\/\\\/www.eurotherm.com\\\/de\\\/\"},{\"@type\":\"ListItem\",\"position\":2,\"name\":\"Product Catalogue\",\"item\":\"https:\\\/\\\/www.eurotherm.com\\\/de\\\/product-catalogue\\\/\"},{\"@type\":\"ListItem\",\"position\":3,\"name\":\"PID-Regler\",\"item\":\"https:\\\/\\\/www.eurotherm.com\\\/de\\\/eurotherm-products\\\/pid-regler\\\/\"},{\"@type\":\"ListItem\",\"position\":4,\"name\":\"Einkanalregler\",\"item\":\"https:\\\/\\\/www.eurotherm.com\\\/de\\\/eurotherm-products\\\/pid-regler\\\/einkanalregler\\\/\"},{\"@type\":\"ListItem\",\"position\":5,\"name\":\"EPC2000 Programmierbare Regler\"}]},{\"@type\":\"WebSite\",\"@id\":\"https:\\\/\\\/www.eurotherm.com\\\/de\\\/#website\",\"url\":\"https:\\\/\\\/www.eurotherm.com\\\/de\\\/\",\"name\":\"Eurotherm Limited\",\"description\":\"Temperature Control, Process Control, Measurement and Data Recording Solutions\",\"potentialAction\":[{\"@type\":\"SearchAction\",\"target\":{\"@type\":\"EntryPoint\",\"urlTemplate\":\"https:\\\/\\\/www.eurotherm.com\\\/de\\\/?s={search_term_string}\"},\"query-input\":{\"@type\":\"PropertyValueSpecification\",\"valueRequired\":true,\"valueName\":\"search_term_string\"}}],\"inLanguage\":\"de\"}]}<\/script>\n<!-- \/ Yoast SEO plugin. -->","yoast_head_json":{"title":"EPC2000 Programmierbare Regler | Eurotherm Limited","description":"EPC2000 Programmierbare Regler | Der Regler kombiniert eine pr\u00e4zise Regelung und Messleistung mit einer Hochgeschwindigkeits-Ethernet-Verbindung, die einen inte","robots":{"index":"index","follow":"follow","max-snippet":"max-snippet:-1","max-image-preview":"max-image-preview:large","max-video-preview":"max-video-preview:-1"},"og_locale":"de_DE","og_type":"article","og_title":"EPC2000 Programmierbare Regler | Eurotherm Limited","og_description":"EPC2000 Programmierbare Regler | Pr\u00e4zision im wichtigsten Prozessbereich Der programmierbare Temperatur- und Prozessregler EPC2000 bietet eine effiziente und wiederholbare Pr\u00e4zisionsregelung in einem praktischen und einfach zu handhabenden DIN-Schienenformat oder Wandmontage. Neuigkeiten zum Produkt: Verf\u00fcgbar mit Profinet Verbessert die Cybersecurity Kommunikations-Robustheit (siehe Downloads) EPC2000 Funktionen und Vorteile EPC2000 Speicherprogrammierbare Steuerung Original-Pressemitteilung EPC2000 Lern-Tutorials PROFINET Configuration Tools GSDML and bitmap Files Zipped","og_url":"https:\/\/www.eurotherm.com\/de\/products\/pid-regler\/einkanalregler\/epc2000-programmable-controllers\/","og_site_name":"Eurotherm Limited","article_modified_time":"2023-08-18T13:24:47+00:00","og_image":[{"width":500,"height":500,"url":"https:\/\/www.eurotherm.com\/wp-content\/uploads\/2018\/10\/epc2000-front.jpg","type":"image\/jpeg"}],"twitter_card":"summary_large_image","twitter_misc":{"Gesch\u00e4tzte Lesezeit":"1\u00a0Minute"},"schema":{"@context":"https:\/\/schema.org","@graph":[{"@type":"WebPage","@id":"https:\/\/www.eurotherm.com\/de\/products\/pid-regler\/einkanalregler\/epc2000-programmable-controllers\/","url":"https:\/\/www.eurotherm.com\/de\/products\/pid-regler\/einkanalregler\/epc2000-programmable-controllers\/","name":"EPC2000 Programmierbare Regler | Eurotherm Limited","isPartOf":{"@id":"https:\/\/www.eurotherm.com\/de\/#website"},"primaryImageOfPage":{"@id":"https:\/\/www.eurotherm.com\/de\/products\/pid-regler\/einkanalregler\/epc2000-programmable-controllers\/#primaryimage"},"image":{"@id":"https:\/\/www.eurotherm.com\/de\/products\/pid-regler\/einkanalregler\/epc2000-programmable-controllers\/#primaryimage"},"thumbnailUrl":"https:\/\/www.eurotherm.com\/wp-content\/uploads\/2018\/10\/epc2000-front.jpg","datePublished":"2018-10-15T08:51:20+00:00","dateModified":"2023-08-18T13:24:47+00:00","description":"EPC2000 Programmierbare Regler | Pr\u00e4zision im wichtigsten Prozessbereich Der programmierbare Temperatur- und Prozessregler EPC2000 bietet eine effiziente und wiederholbare Pr\u00e4zisionsregelung in einem praktischen und einfach zu handhabenden DIN-Schienenformat oder Wandmontage. Neuigkeiten zum Produkt: Verf\u00fcgbar mit Profinet Verbessert die Cybersecurity Kommunikations-Robustheit (siehe Downloads) EPC2000 Funktionen und Vorteile EPC2000 Speicherprogrammierbare Steuerung Original-Pressemitteilung EPC2000 Lern-Tutorials PROFINET Configuration Tools GSDML and bitmap Files Zipped","breadcrumb":{"@id":"https:\/\/www.eurotherm.com\/de\/products\/pid-regler\/einkanalregler\/epc2000-programmable-controllers\/#breadcrumb"},"inLanguage":"de","potentialAction":[{"@type":"ReadAction","target":["https:\/\/www.eurotherm.com\/de\/products\/pid-regler\/einkanalregler\/epc2000-programmable-controllers\/"]}]},{"@type":"ImageObject","inLanguage":"de","@id":"https:\/\/www.eurotherm.com\/de\/products\/pid-regler\/einkanalregler\/epc2000-programmable-controllers\/#primaryimage","url":"https:\/\/www.eurotherm.com\/wp-content\/uploads\/2018\/10\/epc2000-front.jpg","contentUrl":"https:\/\/www.eurotherm.com\/wp-content\/uploads\/2018\/10\/epc2000-front.jpg","width":500,"height":500,"caption":"R\u00e9gulateur programmable EPC2000"},{"@type":"BreadcrumbList","@id":"https:\/\/www.eurotherm.com\/de\/products\/pid-regler\/einkanalregler\/epc2000-programmable-controllers\/#breadcrumb","itemListElement":[{"@type":"ListItem","position":1,"name":"Home","item":"https:\/\/www.eurotherm.com\/de\/"},{"@type":"ListItem","position":2,"name":"Product Catalogue","item":"https:\/\/www.eurotherm.com\/de\/product-catalogue\/"},{"@type":"ListItem","position":3,"name":"PID-Regler","item":"https:\/\/www.eurotherm.com\/de\/eurotherm-products\/pid-regler\/"},{"@type":"ListItem","position":4,"name":"Einkanalregler","item":"https:\/\/www.eurotherm.com\/de\/eurotherm-products\/pid-regler\/einkanalregler\/"},{"@type":"ListItem","position":5,"name":"EPC2000 Programmierbare Regler"}]},{"@type":"WebSite","@id":"https:\/\/www.eurotherm.com\/de\/#website","url":"https:\/\/www.eurotherm.com\/de\/","name":"Eurotherm Limited","description":"Temperature Control, Process Control, Measurement and Data Recording Solutions","potentialAction":[{"@type":"SearchAction","target":{"@type":"EntryPoint","urlTemplate":"https:\/\/www.eurotherm.com\/de\/?s={search_term_string}"},"query-input":{"@type":"PropertyValueSpecification","valueRequired":true,"valueName":"search_term_string"}}],"inLanguage":"de"}]}},"ACF":{"product_file":[97236,27665,27442,28646,29350,28230,29214,28605,27666,28179,28181,28190,28191,28192,29316,29306,27454,103639,28290,78462,65944,78443,78463,78485,78486,83667,83668,86992,89055,86552,105978,137741,137742,137743],"product_status":"Active Product","enable_watlow_configurator":true,"watlow_product_type":"Single","watlow_configurator_link":"https:\/\/www.watlow.com\/Products\/Controllers\/Eurotherm\/epc2000-programmable-controllers?econfig=123"},"jetpack_sharing_enabled":true,"_links":{"self":[{"href":"https:\/\/www.eurotherm.com\/de\/wp-json\/wp\/v2\/product\/23723","targetHints":{"allow":["GET"]}}],"collection":[{"href":"https:\/\/www.eurotherm.com\/de\/wp-json\/wp\/v2\/product"}],"about":[{"href":"https:\/\/www.eurotherm.com\/de\/wp-json\/wp\/v2\/types\/product"}],"wp:featuredmedia":[{"embeddable":true,"href":"https:\/\/www.eurotherm.com\/de\/wp-json\/wp\/v2\/media\/9115"}],"wp:attachment":[{"href":"https:\/\/www.eurotherm.com\/de\/wp-json\/wp\/v2\/media?parent=23723"}],"wp:term":[{"taxonomy":"product_brand","embeddable":true,"href":"https:\/\/www.eurotherm.com\/de\/wp-json\/wp\/v2\/product_brand?post=23723"},{"taxonomy":"product_cat","embeddable":true,"href":"https:\/\/www.eurotherm.com\/de\/wp-json\/wp\/v2\/product_cat?post=23723"},{"taxonomy":"product_tag","embeddable":true,"href":"https:\/\/www.eurotherm.com\/de\/wp-json\/wp\/v2\/product_tag?post=23723"}],"curies":[{"name":"wp","href":"https:\/\/api.w.org\/{rel}","templated":true}]}}