{"id":23717,"date":"2018-10-15T08:49:53","date_gmt":"2018-10-16T16:01:07","guid":{"rendered":"https:\/\/www.eurotherm.com\/product\/einphasen-thyristorschalter-7100l\/"},"modified":"2018-10-16T16:01:09","modified_gmt":"2018-10-16T16:01:09","slug":"einphasen-thyristorschalter-7100l","status":"publish","type":"product","link":"https:\/\/www.eurotherm.com\/de\/products\/discontinued-eurotherm-products-de\/einphasen-thyristorschalter-7100l\/","title":{"rendered":"Einphasen-Thyristorschalter \u2013 7100L"},"content":{"rendered":"<p>Einphasen-Thyristorschalter \u2013 7100L<\/p>\n<p>BESONDERS GEEIGNET F\u00dcR:<\/p>\n<p>\tKleine \u00d6fen&nbsp;<br \/>\n\tK\u00fchler&nbsp;<br \/>\n\tSterilisatoren&nbsp;<br \/>\n\tW\u00e4rmedichtung<\/p>\n","protected":false},"excerpt":{"rendered":"<p>Einphasen-Thyristorschalter \u2013 7100L BESONDERS GEEIGNET F\u00dcR: Kleine \u00d6fen&nbsp; K\u00fchler&nbsp; Sterilisatoren&nbsp; W\u00e4rmedichtung<\/p>\n","protected":false},"featured_media":18241,"template":"","meta":{"_acf_changed":false},"product_brand":[],"product_cat":[12679],"product_tag":[],"class_list":{"0":"post-23717","1":"product","2":"type-product","3":"status-publish","4":"has-post-thumbnail","6":"product_cat-discontinued-eurotherm-products-de","7":"product_shipping_class-1-de","9":"first","10":"instock","11":"purchasable","12":"product-type-simple"},"acf":[],"yoast_head":"<!-- This site is optimized with the Yoast SEO plugin v27.2 - https:\/\/yoast.com\/product\/yoast-seo-wordpress\/ -->\n<title>Einphasen-Thyristorschalter \u2013 7100L | Eurotherm Limited<\/title>\n<meta name=\"description\" content=\"Einphasen-Thyristorschalter \u2013 7100L | Einphasen-Thyristorschalter \u2013 7100L BESONDERS GEEIGNET F\u00dcR: Kleine \u00d6fen&nbsp; K\u00fchler&nbsp; Sterilisatoren&nbsp; W\u00e4r\" \/>\n<meta name=\"robots\" content=\"index, follow, max-snippet:-1, max-image-preview:large, max-video-preview:-1\" \/>\n<meta property=\"og:locale\" content=\"de_DE\" \/>\n<meta property=\"og:type\" content=\"article\" \/>\n<meta property=\"og:title\" content=\"Einphasen-Thyristorschalter \u2013 7100L | Eurotherm Limited\" \/>\n<meta property=\"og:description\" content=\"Einphasen-Thyristorschalter \u2013 7100L | Einphasen-Thyristorschalter \u2013 7100L BESONDERS GEEIGNET F\u00dcR:  Kleine \u00d6fen&nbsp; K\u00fchler&nbsp; Sterilisatoren&nbsp; W\u00e4rmedichtung\" \/>\n<meta property=\"og:url\" content=\"https:\/\/www.eurotherm.com\/de\/products\/discontinued-eurotherm-products-de\/einphasen-thyristorschalter-7100l\/\" \/>\n<meta property=\"og:site_name\" content=\"Eurotherm Limited\" \/>\n<meta property=\"article:modified_time\" content=\"2018-10-16T16:01:09+00:00\" \/>\n<meta property=\"og:image\" content=\"https:\/\/www.eurotherm.com\/wp-content\/uploads\/2016\/08\/7100l.jpg\" \/>\n\t<meta property=\"og:image:width\" content=\"500\" \/>\n\t<meta property=\"og:image:height\" content=\"500\" \/>\n\t<meta property=\"og:image:type\" content=\"image\/jpeg\" \/>\n<meta name=\"twitter:card\" content=\"summary_large_image\" \/>\n<script type=\"application\/ld+json\" class=\"yoast-schema-graph\">{\"@context\":\"https:\/\/schema.org\",\"@graph\":[{\"@type\":\"WebPage\",\"@id\":\"https:\/\/www.eurotherm.com\/de\/products\/discontinued-eurotherm-products-de\/einphasen-thyristorschalter-7100l\/\",\"url\":\"https:\/\/www.eurotherm.com\/de\/products\/discontinued-eurotherm-products-de\/einphasen-thyristorschalter-7100l\/\",\"name\":\"Einphasen-Thyristorschalter \u2013 7100L | Eurotherm Limited\",\"isPartOf\":{\"@id\":\"https:\/\/www.eurotherm.com\/de\/#website\"},\"primaryImageOfPage\":{\"@id\":\"https:\/\/www.eurotherm.com\/de\/products\/discontinued-eurotherm-products-de\/einphasen-thyristorschalter-7100l\/#primaryimage\"},\"image\":{\"@id\":\"https:\/\/www.eurotherm.com\/de\/products\/discontinued-eurotherm-products-de\/einphasen-thyristorschalter-7100l\/#primaryimage\"},\"thumbnailUrl\":\"https:\/\/www.eurotherm.com\/wp-content\/uploads\/2016\/08\/7100l.jpg\",\"datePublished\":\"2018-10-16T16:01:07+00:00\",\"dateModified\":\"2018-10-16T16:01:09+00:00\",\"description\":\"Einphasen-Thyristorschalter \u2013 7100L | Einphasen-Thyristorschalter \u2013 7100L BESONDERS GEEIGNET F\u00dcR: Kleine \u00d6fen&nbsp; K\u00fchler&nbsp; Sterilisatoren&nbsp; W\u00e4rmedichtung\",\"breadcrumb\":{\"@id\":\"https:\/\/www.eurotherm.com\/de\/products\/discontinued-eurotherm-products-de\/einphasen-thyristorschalter-7100l\/#breadcrumb\"},\"inLanguage\":\"de\",\"potentialAction\":[{\"@type\":\"ReadAction\",\"target\":[\"https:\/\/www.eurotherm.com\/de\/products\/discontinued-eurotherm-products-de\/einphasen-thyristorschalter-7100l\/\"]}]},{\"@type\":\"ImageObject\",\"inLanguage\":\"de\",\"@id\":\"https:\/\/www.eurotherm.com\/de\/products\/discontinued-eurotherm-products-de\/einphasen-thyristorschalter-7100l\/#primaryimage\",\"url\":\"https:\/\/www.eurotherm.com\/wp-content\/uploads\/2016\/08\/7100l.jpg\",\"contentUrl\":\"https:\/\/www.eurotherm.com\/wp-content\/uploads\/2016\/08\/7100l.jpg\",\"width\":500,\"height\":500},{\"@type\":\"BreadcrumbList\",\"@id\":\"https:\/\/www.eurotherm.com\/de\/products\/discontinued-eurotherm-products-de\/einphasen-thyristorschalter-7100l\/#breadcrumb\",\"itemListElement\":[{\"@type\":\"ListItem\",\"position\":1,\"name\":\"Home\",\"item\":\"https:\/\/www.eurotherm.com\/de\/\"},{\"@type\":\"ListItem\",\"position\":2,\"name\":\"Product Catalogue\",\"item\":\"https:\/\/www.eurotherm.com\/de\/product-catalogue\/\"},{\"@type\":\"ListItem\",\"position\":3,\"name\":\"Discontinued Eurotherm Products\",\"item\":\"https:\/\/www.eurotherm.com\/de\/eurotherm-products\/discontinued-eurotherm-products-de\/\"},{\"@type\":\"ListItem\",\"position\":4,\"name\":\"Einphasen-Thyristorschalter \u2013 7100L\"}]},{\"@type\":\"WebSite\",\"@id\":\"https:\/\/www.eurotherm.com\/de\/#website\",\"url\":\"https:\/\/www.eurotherm.com\/de\/\",\"name\":\"Eurotherm Limited\",\"description\":\"Temperature Control, Process Control, Measurement and Data Recording Solutions\",\"potentialAction\":[{\"@type\":\"SearchAction\",\"target\":{\"@type\":\"EntryPoint\",\"urlTemplate\":\"https:\/\/www.eurotherm.com\/de\/?s={search_term_string}\"},\"query-input\":{\"@type\":\"PropertyValueSpecification\",\"valueRequired\":true,\"valueName\":\"search_term_string\"}}],\"inLanguage\":\"de\"}]}<\/script>\n<!-- \/ Yoast SEO plugin. -->","yoast_head_json":{"title":"Einphasen-Thyristorschalter \u2013 7100L | Eurotherm Limited","description":"Einphasen-Thyristorschalter \u2013 7100L | Einphasen-Thyristorschalter \u2013 7100L BESONDERS GEEIGNET F\u00dcR: Kleine \u00d6fen&nbsp; K\u00fchler&nbsp; Sterilisatoren&nbsp; W\u00e4r","robots":{"index":"index","follow":"follow","max-snippet":"max-snippet:-1","max-image-preview":"max-image-preview:large","max-video-preview":"max-video-preview:-1"},"og_locale":"de_DE","og_type":"article","og_title":"Einphasen-Thyristorschalter \u2013 7100L | Eurotherm Limited","og_description":"Einphasen-Thyristorschalter \u2013 7100L | Einphasen-Thyristorschalter \u2013 7100L BESONDERS GEEIGNET F\u00dcR:  Kleine \u00d6fen&nbsp; K\u00fchler&nbsp; Sterilisatoren&nbsp; W\u00e4rmedichtung","og_url":"https:\/\/www.eurotherm.com\/de\/products\/discontinued-eurotherm-products-de\/einphasen-thyristorschalter-7100l\/","og_site_name":"Eurotherm Limited","article_modified_time":"2018-10-16T16:01:09+00:00","og_image":[{"width":500,"height":500,"url":"https:\/\/www.eurotherm.com\/wp-content\/uploads\/2016\/08\/7100l.jpg","type":"image\/jpeg"}],"twitter_card":"summary_large_image","schema":{"@context":"https:\/\/schema.org","@graph":[{"@type":"WebPage","@id":"https:\/\/www.eurotherm.com\/de\/products\/discontinued-eurotherm-products-de\/einphasen-thyristorschalter-7100l\/","url":"https:\/\/www.eurotherm.com\/de\/products\/discontinued-eurotherm-products-de\/einphasen-thyristorschalter-7100l\/","name":"Einphasen-Thyristorschalter \u2013 7100L | Eurotherm Limited","isPartOf":{"@id":"https:\/\/www.eurotherm.com\/de\/#website"},"primaryImageOfPage":{"@id":"https:\/\/www.eurotherm.com\/de\/products\/discontinued-eurotherm-products-de\/einphasen-thyristorschalter-7100l\/#primaryimage"},"image":{"@id":"https:\/\/www.eurotherm.com\/de\/products\/discontinued-eurotherm-products-de\/einphasen-thyristorschalter-7100l\/#primaryimage"},"thumbnailUrl":"https:\/\/www.eurotherm.com\/wp-content\/uploads\/2016\/08\/7100l.jpg","datePublished":"2018-10-16T16:01:07+00:00","dateModified":"2018-10-16T16:01:09+00:00","description":"Einphasen-Thyristorschalter \u2013 7100L | Einphasen-Thyristorschalter \u2013 7100L BESONDERS GEEIGNET F\u00dcR: Kleine \u00d6fen&nbsp; K\u00fchler&nbsp; Sterilisatoren&nbsp; W\u00e4rmedichtung","breadcrumb":{"@id":"https:\/\/www.eurotherm.com\/de\/products\/discontinued-eurotherm-products-de\/einphasen-thyristorschalter-7100l\/#breadcrumb"},"inLanguage":"de","potentialAction":[{"@type":"ReadAction","target":["https:\/\/www.eurotherm.com\/de\/products\/discontinued-eurotherm-products-de\/einphasen-thyristorschalter-7100l\/"]}]},{"@type":"ImageObject","inLanguage":"de","@id":"https:\/\/www.eurotherm.com\/de\/products\/discontinued-eurotherm-products-de\/einphasen-thyristorschalter-7100l\/#primaryimage","url":"https:\/\/www.eurotherm.com\/wp-content\/uploads\/2016\/08\/7100l.jpg","contentUrl":"https:\/\/www.eurotherm.com\/wp-content\/uploads\/2016\/08\/7100l.jpg","width":500,"height":500},{"@type":"BreadcrumbList","@id":"https:\/\/www.eurotherm.com\/de\/products\/discontinued-eurotherm-products-de\/einphasen-thyristorschalter-7100l\/#breadcrumb","itemListElement":[{"@type":"ListItem","position":1,"name":"Home","item":"https:\/\/www.eurotherm.com\/de\/"},{"@type":"ListItem","position":2,"name":"Product Catalogue","item":"https:\/\/www.eurotherm.com\/de\/product-catalogue\/"},{"@type":"ListItem","position":3,"name":"Discontinued Eurotherm Products","item":"https:\/\/www.eurotherm.com\/de\/eurotherm-products\/discontinued-eurotherm-products-de\/"},{"@type":"ListItem","position":4,"name":"Einphasen-Thyristorschalter \u2013 7100L"}]},{"@type":"WebSite","@id":"https:\/\/www.eurotherm.com\/de\/#website","url":"https:\/\/www.eurotherm.com\/de\/","name":"Eurotherm Limited","description":"Temperature Control, Process Control, Measurement and Data Recording Solutions","potentialAction":[{"@type":"SearchAction","target":{"@type":"EntryPoint","urlTemplate":"https:\/\/www.eurotherm.com\/de\/?s={search_term_string}"},"query-input":{"@type":"PropertyValueSpecification","valueRequired":true,"valueName":"search_term_string"}}],"inLanguage":"de"}]}},"ACF":false,"jetpack_sharing_enabled":true,"_links":{"self":[{"href":"https:\/\/www.eurotherm.com\/de\/wp-json\/wp\/v2\/product\/23717","targetHints":{"allow":["GET"]}}],"collection":[{"href":"https:\/\/www.eurotherm.com\/de\/wp-json\/wp\/v2\/product"}],"about":[{"href":"https:\/\/www.eurotherm.com\/de\/wp-json\/wp\/v2\/types\/product"}],"wp:featuredmedia":[{"embeddable":true,"href":"https:\/\/www.eurotherm.com\/de\/wp-json\/wp\/v2\/media\/18241"}],"wp:attachment":[{"href":"https:\/\/www.eurotherm.com\/de\/wp-json\/wp\/v2\/media?parent=23717"}],"wp:term":[{"taxonomy":"product_brand","embeddable":true,"href":"https:\/\/www.eurotherm.com\/de\/wp-json\/wp\/v2\/product_brand?post=23717"},{"taxonomy":"product_cat","embeddable":true,"href":"https:\/\/www.eurotherm.com\/de\/wp-json\/wp\/v2\/product_cat?post=23717"},{"taxonomy":"product_tag","embeddable":true,"href":"https:\/\/www.eurotherm.com\/de\/wp-json\/wp\/v2\/product_tag?post=23717"}],"curies":[{"name":"wp","href":"https:\/\/api.w.org\/{rel}","templated":true}]}}