{"id":23706,"date":"2018-10-15T08:50:47","date_gmt":"2018-10-15T08:50:47","guid":{"rendered":"https:\/\/www.eurotherm.com\/product\/eplc400-vielseitige-prazise-sps\/"},"modified":"2023-08-18T21:58:15","modified_gmt":"2023-08-18T13:58:15","slug":"eplc400-combination-plc","status":"publish","type":"product","link":"https:\/\/www.eurotherm.com\/de\/products\/produkte-ger\/eplc400-combination-plc\/","title":{"rendered":"E+PLC400 vielseitige, pr\u00e4zise SPS"},"content":{"rendered":"<p>E+PLC400 ist eine modulare SPS, die speziell f\u00fcr die Einhaltung der strengen Regularien in der W\u00e4rmebehandlung und in anderen anspruchsvollen Industrien entwickelt wurde Die offene Plattform nach Industriestandard IEC61131-3 CODESYS\u00ae und die einzigartige, integrierte Programmierund Visualisierungsumgebung minimiert erheblich den Konfigurationsaufwand. Beinhaltet sind erweiterte Funktionsblock Bibliotheken f\u00fcr:<\/p>\n<ul>\n<li>Anwendungen der W\u00e4rmebehandlung<\/li>\n<li>Regelung und Datenerfassung<\/li>\n<li>\u201eOEM Security\u201d und kundenspezifische Anpassung<\/li>\n<\/ul>\n<p>Die Ger\u00e4te enthalten die einmaligen Eurotherm PID-Regelfunktionen f\u00fcr schnellere Inbetriebnahme und genauere Regelung des Gesamtprozesses. Ebenso erleichtern die Funktionen die Einhaltung der gesetzlichen Regularien sowie die Einhaltung der Endkunden Anforderungen. Die Funktionen beinhalten:<\/p>\n<ul>\n<li>6 PID-S\u00e4tze zur Regelung an unterschiedlichen Sollwerten<\/li>\n<li>Intelligente Selbstoptimierung f\u00fcr optimale Regelung und Inbetriebnahme<\/li>\n<li>Besondere Cutbackfunktionen f\u00fcr die Vermeidung von \u00dcberschwingern<\/li>\n<\/ul>\n<p>Das in E+PLC400 enthaltene Datenmanagement hilft unseren Kunden bei der Einhaltung der strengen Vorschriften zur Datenspeicherung:<\/p>\n<ul>\n<li>F\u00e4lschungssicheres Datenformat .uhh (eine bessere Alternative zu \u00e4nderbaren .csv Dateien in anderen SPSen)<\/li>\n<\/ul>\n<p>Ethernet Kommunikation bietet Anschluss an IIoT (Industrial Internet of Things) und Industry 4.0 Technologien.<\/p>\n<p id=\"tw-target-text\" class=\"tw-data-text tw-text-large tw-ta\" dir=\"ltr\" data-placeholder=\"Translation\"><span class=\"Y2IQFc\" lang=\"de\">Um die betriebliche Effizienz zu unterst\u00fctzen, verf\u00fcgt E+PLC400 \u00fcber einen eingebetteten Webserver f\u00fcr die Fernanzeige auf mobilen Ger\u00e4ten.<\/span><\/p>\n<p>&nbsp;<\/p>\n<p><strong>Typische Anwendungsfelder<\/strong><\/p>\n<ul>\n<li>Industrielle \u00d6fen und Hoch\u00f6fen<\/li>\n<li>Klimakammern<\/li>\n<li>Autoklaven<\/li>\n<li>Sterilisatoren<\/li>\n<li>Trockner<\/li>\n<li>Halbleiter Herstellung<\/li>\n<li>Spezialmaschinen und Testequipment<\/li>\n<\/ul>\n<p><strong>Einfach zu verwendende Funktionsblock<\/strong><\/p>\n<ul>\n<li>Bibliothek<\/li>\n<li>Selbstoptimierende PID-Regelung<\/li>\n<li>Datenaufzeichnung<\/li>\n<li>Batch Datenmanagement<\/li>\n<li>Sollwert Programmierung<\/li>\n<li>C-Pegel Regelung (inklusive 3GASIR und Online Diffusion)<\/li>\n<li>Vakuumregelung (inklusive aktivem Messger\u00e4te Support, Auto und Leckratenpr\u00fcfung)<\/li>\n<\/ul>\n<p><strong>IEC 61131-3 Programmiersprachen<\/strong><\/p>\n<ul>\n<li>Ladder Diagram (LD)<\/li>\n<li>Continuous Function Chart (CFC)<\/li>\n<li>Function Block Diagram (FBD)<\/li>\n<li>Instruction List (IL)<\/li>\n<li>Sequential Function Chart (SFC)<\/li>\n<li>Structured Text (ST)<\/li>\n<\/ul>\n","protected":false},"excerpt":{"rendered":"<p>E+PLC400 verbindet PID Regelung, Datenaufzeichnung und SPS in einem modularen, bedienerfreundlichen Ger\u00e4t. Die offene Plattform nach Industriestandard (IEC 61131-3), sowie die einzigartige, integrierte Programmier- und Visualisierungsumgebung bieten Ihnen eine innovative, flexible L\u00f6sung f\u00fcr Ihre Prozessanforderungen, die Ihnen gleichzeitig Engineeringaufwand spart. Umfangreiche Funktionen verbessern die Entwicklungsm\u00f6glichkeiten f\u00fcr den Bediener, steigern die Effizienz und Leistung des Prozesses und helfen bei der Konformit\u00e4t nach g\u00e4ngigen Normen.<\/p>\n","protected":false},"featured_media":111273,"template":"","meta":{"_acf_changed":false},"product_brand":[],"product_cat":[12588,12437,12589,12439,1058],"product_tag":[],"class_list":{"0":"post-23706","1":"product","2":"type-product","3":"status-publish","4":"has-post-thumbnail","6":"product_cat-eplc-de","7":"product_cat-maschinensteuerung-und-prozessautomatisierung","8":"product_cat-eplc-range-de","9":"product_cat-plc-and-pac-de","10":"product_cat-produkte-ger","11":"product_shipping_class-1-de","13":"first","14":"instock","15":"purchasable","16":"product-type-simple"},"acf":[],"yoast_head":"<!-- This site is optimized with the Yoast SEO plugin v27.2 - https:\/\/yoast.com\/product\/yoast-seo-wordpress\/ -->\n<title>E+PLC400 vielseitige, pr\u00e4zise SPS | Eurotherm Limited<\/title>\n<meta name=\"description\" content=\"E+PLC400 vielseitige, pr\u00e4zise SPS | E+PLC400 ist eine modulare SPS, die speziell f\u00fcr die Einhaltung der strengen Regularien in der W\u00e4rmebehandlung und in andere\" \/>\n<meta name=\"robots\" content=\"index, follow, max-snippet:-1, max-image-preview:large, max-video-preview:-1\" \/>\n<meta property=\"og:locale\" content=\"de_DE\" \/>\n<meta property=\"og:type\" content=\"article\" \/>\n<meta property=\"og:title\" content=\"E+PLC400 vielseitige, pr\u00e4zise SPS | Eurotherm Limited\" \/>\n<meta property=\"og:description\" content=\"E+PLC400 vielseitige, pr\u00e4zise SPS | E+PLC400 verbindet PID Regelung, Datenaufzeichnung und SPS in einem modularen, bedienerfreundlichen Ger\u00e4t. Die offene Plattform nach Industriestandard (IEC 61131-3), sowie die einzigartige, integrierte Programmier- und Visualisierungsumgebung bieten Ihnen eine innovative, flexible L\u00f6sung f\u00fcr Ihre Prozessanforderungen, die Ihnen gleichzeitig Engineeringaufwand spart. Umfangreiche Funktionen verbessern die Entwicklungsm\u00f6glichkeiten f\u00fcr den Bediener, steigern die Effizienz und Leistung des Prozesses und helfen bei der Konformit\u00e4t nach g\u00e4ngigen Normen.\" \/>\n<meta property=\"og:url\" content=\"https:\/\/www.eurotherm.com\/de\/products\/produkte-ger\/eplc400-combination-plc\/\" \/>\n<meta property=\"og:site_name\" content=\"Eurotherm Limited\" \/>\n<meta property=\"article:modified_time\" content=\"2023-08-18T13:58:15+00:00\" \/>\n<meta property=\"og:image\" content=\"https:\/\/www.eurotherm.com\/wp-content\/uploads\/2021\/03\/E-PLC400_2.png\" \/>\n\t<meta property=\"og:image:width\" content=\"1200\" \/>\n\t<meta property=\"og:image:height\" content=\"843\" \/>\n\t<meta property=\"og:image:type\" content=\"image\/png\" \/>\n<meta name=\"twitter:card\" content=\"summary_large_image\" \/>\n<meta name=\"twitter:label1\" content=\"Gesch\u00e4tzte Lesezeit\" \/>\n\t<meta name=\"twitter:data1\" content=\"2\u00a0Minuten\" \/>\n<script type=\"application\/ld+json\" class=\"yoast-schema-graph\">{\"@context\":\"https:\/\/schema.org\",\"@graph\":[{\"@type\":\"WebPage\",\"@id\":\"https:\/\/www.eurotherm.com\/de\/products\/produkte-ger\/eplc400-combination-plc\/\",\"url\":\"https:\/\/www.eurotherm.com\/de\/products\/produkte-ger\/eplc400-combination-plc\/\",\"name\":\"E+PLC400 vielseitige, pr\u00e4zise SPS | Eurotherm Limited\",\"isPartOf\":{\"@id\":\"https:\/\/www.eurotherm.com\/de\/#website\"},\"primaryImageOfPage\":{\"@id\":\"https:\/\/www.eurotherm.com\/de\/products\/produkte-ger\/eplc400-combination-plc\/#primaryimage\"},\"image\":{\"@id\":\"https:\/\/www.eurotherm.com\/de\/products\/produkte-ger\/eplc400-combination-plc\/#primaryimage\"},\"thumbnailUrl\":\"https:\/\/www.eurotherm.com\/wp-content\/uploads\/2021\/03\/E-PLC400_2.png\",\"datePublished\":\"2018-10-15T08:50:47+00:00\",\"dateModified\":\"2023-08-18T13:58:15+00:00\",\"description\":\"E+PLC400 vielseitige, pr\u00e4zise SPS | E+PLC400 verbindet PID Regelung, Datenaufzeichnung und SPS in einem modularen, bedienerfreundlichen Ger\u00e4t. Die offene Plattform nach Industriestandard (IEC 61131-3), sowie die einzigartige, integrierte Programmier- und Visualisierungsumgebung bieten Ihnen eine innovative, flexible L\u00f6sung f\u00fcr Ihre Prozessanforderungen, die Ihnen gleichzeitig Engineeringaufwand spart. Umfangreiche Funktionen verbessern die Entwicklungsm\u00f6glichkeiten f\u00fcr den Bediener, steigern die Effizienz und Leistung des Prozesses und helfen bei der Konformit\u00e4t nach g\u00e4ngigen Normen.\",\"breadcrumb\":{\"@id\":\"https:\/\/www.eurotherm.com\/de\/products\/produkte-ger\/eplc400-combination-plc\/#breadcrumb\"},\"inLanguage\":\"de\",\"potentialAction\":[{\"@type\":\"ReadAction\",\"target\":[\"https:\/\/www.eurotherm.com\/de\/products\/produkte-ger\/eplc400-combination-plc\/\"]}]},{\"@type\":\"ImageObject\",\"inLanguage\":\"de\",\"@id\":\"https:\/\/www.eurotherm.com\/de\/products\/produkte-ger\/eplc400-combination-plc\/#primaryimage\",\"url\":\"https:\/\/www.eurotherm.com\/wp-content\/uploads\/2021\/03\/E-PLC400_2.png\",\"contentUrl\":\"https:\/\/www.eurotherm.com\/wp-content\/uploads\/2021\/03\/E-PLC400_2.png\",\"width\":1200,\"height\":843},{\"@type\":\"BreadcrumbList\",\"@id\":\"https:\/\/www.eurotherm.com\/de\/products\/produkte-ger\/eplc400-combination-plc\/#breadcrumb\",\"itemListElement\":[{\"@type\":\"ListItem\",\"position\":1,\"name\":\"Home\",\"item\":\"https:\/\/www.eurotherm.com\/de\/\"},{\"@type\":\"ListItem\",\"position\":2,\"name\":\"Product Catalogue\",\"item\":\"https:\/\/www.eurotherm.com\/de\/product-catalogue\/\"},{\"@type\":\"ListItem\",\"position\":3,\"name\":\"Maschinensteuerung und Prozessautomatisierung\",\"item\":\"https:\/\/www.eurotherm.com\/de\/eurotherm-products\/maschinensteuerung-und-prozessautomatisierung\/\"},{\"@type\":\"ListItem\",\"position\":4,\"name\":\"E+PLC Hardware\",\"item\":\"https:\/\/www.eurotherm.com\/de\/eurotherm-products\/eplc-range-de\/\"},{\"@type\":\"ListItem\",\"position\":5,\"name\":\"E+PLC400 vielseitige, pr\u00e4zise SPS\"}]},{\"@type\":\"WebSite\",\"@id\":\"https:\/\/www.eurotherm.com\/de\/#website\",\"url\":\"https:\/\/www.eurotherm.com\/de\/\",\"name\":\"Eurotherm Limited\",\"description\":\"Temperature Control, Process Control, Measurement and Data Recording Solutions\",\"potentialAction\":[{\"@type\":\"SearchAction\",\"target\":{\"@type\":\"EntryPoint\",\"urlTemplate\":\"https:\/\/www.eurotherm.com\/de\/?s={search_term_string}\"},\"query-input\":{\"@type\":\"PropertyValueSpecification\",\"valueRequired\":true,\"valueName\":\"search_term_string\"}}],\"inLanguage\":\"de\"}]}<\/script>\n<!-- \/ Yoast SEO plugin. -->","yoast_head_json":{"title":"E+PLC400 vielseitige, pr\u00e4zise SPS | Eurotherm Limited","description":"E+PLC400 vielseitige, pr\u00e4zise SPS | E+PLC400 ist eine modulare SPS, die speziell f\u00fcr die Einhaltung der strengen Regularien in der W\u00e4rmebehandlung und in andere","robots":{"index":"index","follow":"follow","max-snippet":"max-snippet:-1","max-image-preview":"max-image-preview:large","max-video-preview":"max-video-preview:-1"},"og_locale":"de_DE","og_type":"article","og_title":"E+PLC400 vielseitige, pr\u00e4zise SPS | Eurotherm Limited","og_description":"E+PLC400 vielseitige, pr\u00e4zise SPS | E+PLC400 verbindet PID Regelung, Datenaufzeichnung und SPS in einem modularen, bedienerfreundlichen Ger\u00e4t. Die offene Plattform nach Industriestandard (IEC 61131-3), sowie die einzigartige, integrierte Programmier- und Visualisierungsumgebung bieten Ihnen eine innovative, flexible L\u00f6sung f\u00fcr Ihre Prozessanforderungen, die Ihnen gleichzeitig Engineeringaufwand spart. Umfangreiche Funktionen verbessern die Entwicklungsm\u00f6glichkeiten f\u00fcr den Bediener, steigern die Effizienz und Leistung des Prozesses und helfen bei der Konformit\u00e4t nach g\u00e4ngigen Normen.","og_url":"https:\/\/www.eurotherm.com\/de\/products\/produkte-ger\/eplc400-combination-plc\/","og_site_name":"Eurotherm Limited","article_modified_time":"2023-08-18T13:58:15+00:00","og_image":[{"width":1200,"height":843,"url":"https:\/\/www.eurotherm.com\/wp-content\/uploads\/2021\/03\/E-PLC400_2.png","type":"image\/png"}],"twitter_card":"summary_large_image","twitter_misc":{"Gesch\u00e4tzte Lesezeit":"2\u00a0Minuten"},"schema":{"@context":"https:\/\/schema.org","@graph":[{"@type":"WebPage","@id":"https:\/\/www.eurotherm.com\/de\/products\/produkte-ger\/eplc400-combination-plc\/","url":"https:\/\/www.eurotherm.com\/de\/products\/produkte-ger\/eplc400-combination-plc\/","name":"E+PLC400 vielseitige, pr\u00e4zise SPS | Eurotherm Limited","isPartOf":{"@id":"https:\/\/www.eurotherm.com\/de\/#website"},"primaryImageOfPage":{"@id":"https:\/\/www.eurotherm.com\/de\/products\/produkte-ger\/eplc400-combination-plc\/#primaryimage"},"image":{"@id":"https:\/\/www.eurotherm.com\/de\/products\/produkte-ger\/eplc400-combination-plc\/#primaryimage"},"thumbnailUrl":"https:\/\/www.eurotherm.com\/wp-content\/uploads\/2021\/03\/E-PLC400_2.png","datePublished":"2018-10-15T08:50:47+00:00","dateModified":"2023-08-18T13:58:15+00:00","description":"E+PLC400 vielseitige, pr\u00e4zise SPS | E+PLC400 verbindet PID Regelung, Datenaufzeichnung und SPS in einem modularen, bedienerfreundlichen Ger\u00e4t. Die offene Plattform nach Industriestandard (IEC 61131-3), sowie die einzigartige, integrierte Programmier- und Visualisierungsumgebung bieten Ihnen eine innovative, flexible L\u00f6sung f\u00fcr Ihre Prozessanforderungen, die Ihnen gleichzeitig Engineeringaufwand spart. Umfangreiche Funktionen verbessern die Entwicklungsm\u00f6glichkeiten f\u00fcr den Bediener, steigern die Effizienz und Leistung des Prozesses und helfen bei der Konformit\u00e4t nach g\u00e4ngigen Normen.","breadcrumb":{"@id":"https:\/\/www.eurotherm.com\/de\/products\/produkte-ger\/eplc400-combination-plc\/#breadcrumb"},"inLanguage":"de","potentialAction":[{"@type":"ReadAction","target":["https:\/\/www.eurotherm.com\/de\/products\/produkte-ger\/eplc400-combination-plc\/"]}]},{"@type":"ImageObject","inLanguage":"de","@id":"https:\/\/www.eurotherm.com\/de\/products\/produkte-ger\/eplc400-combination-plc\/#primaryimage","url":"https:\/\/www.eurotherm.com\/wp-content\/uploads\/2021\/03\/E-PLC400_2.png","contentUrl":"https:\/\/www.eurotherm.com\/wp-content\/uploads\/2021\/03\/E-PLC400_2.png","width":1200,"height":843},{"@type":"BreadcrumbList","@id":"https:\/\/www.eurotherm.com\/de\/products\/produkte-ger\/eplc400-combination-plc\/#breadcrumb","itemListElement":[{"@type":"ListItem","position":1,"name":"Home","item":"https:\/\/www.eurotherm.com\/de\/"},{"@type":"ListItem","position":2,"name":"Product Catalogue","item":"https:\/\/www.eurotherm.com\/de\/product-catalogue\/"},{"@type":"ListItem","position":3,"name":"Maschinensteuerung und Prozessautomatisierung","item":"https:\/\/www.eurotherm.com\/de\/eurotherm-products\/maschinensteuerung-und-prozessautomatisierung\/"},{"@type":"ListItem","position":4,"name":"E+PLC Hardware","item":"https:\/\/www.eurotherm.com\/de\/eurotherm-products\/eplc-range-de\/"},{"@type":"ListItem","position":5,"name":"E+PLC400 vielseitige, pr\u00e4zise SPS"}]},{"@type":"WebSite","@id":"https:\/\/www.eurotherm.com\/de\/#website","url":"https:\/\/www.eurotherm.com\/de\/","name":"Eurotherm Limited","description":"Temperature Control, Process Control, Measurement and Data Recording Solutions","potentialAction":[{"@type":"SearchAction","target":{"@type":"EntryPoint","urlTemplate":"https:\/\/www.eurotherm.com\/de\/?s={search_term_string}"},"query-input":{"@type":"PropertyValueSpecification","valueRequired":true,"valueName":"search_term_string"}}],"inLanguage":"de"}]}},"ACF":{"product_file":[28067,28066,29349,27454,29317,27679,28048,27685,28070,27545,27537,28049,28047,28046,27942,28071,27866,28069,27684,27686,27687,29219,28045,27544,28458,27584,27939,27943,28144,28120,28970,100560,101943,100569,27488,100572,28068,105978,114759,106653,106654,137168],"product_status":"Active Product","enable_watlow_configurator":true,"watlow_product_type":"Single","watlow_configurator_link":"https:\/\/www.watlow.com\/Products\/Controllers\/Eurotherm\/EPLC400-Combination-PLC?econfig=123"},"jetpack_sharing_enabled":true,"_links":{"self":[{"href":"https:\/\/www.eurotherm.com\/de\/wp-json\/wp\/v2\/product\/23706","targetHints":{"allow":["GET"]}}],"collection":[{"href":"https:\/\/www.eurotherm.com\/de\/wp-json\/wp\/v2\/product"}],"about":[{"href":"https:\/\/www.eurotherm.com\/de\/wp-json\/wp\/v2\/types\/product"}],"wp:featuredmedia":[{"embeddable":true,"href":"https:\/\/www.eurotherm.com\/de\/wp-json\/wp\/v2\/media\/111273"}],"wp:attachment":[{"href":"https:\/\/www.eurotherm.com\/de\/wp-json\/wp\/v2\/media?parent=23706"}],"wp:term":[{"taxonomy":"product_brand","embeddable":true,"href":"https:\/\/www.eurotherm.com\/de\/wp-json\/wp\/v2\/product_brand?post=23706"},{"taxonomy":"product_cat","embeddable":true,"href":"https:\/\/www.eurotherm.com\/de\/wp-json\/wp\/v2\/product_cat?post=23706"},{"taxonomy":"product_tag","embeddable":true,"href":"https:\/\/www.eurotherm.com\/de\/wp-json\/wp\/v2\/product_tag?post=23706"}],"curies":[{"name":"wp","href":"https:\/\/api.w.org\/{rel}","templated":true}]}}