{"id":23700,"date":"2018-10-15T08:54:57","date_gmt":"2018-10-16T15:58:42","guid":{"rendered":"https:\/\/www.eurotherm.com\/product\/dreiphasen-thyristorschalter-in-2-leiter-konfiguration-te200s\/"},"modified":"2018-11-02T10:56:35","modified_gmt":"2018-11-02T10:56:35","slug":"dreiphasen-thyristorschalter-in-2-leiter-konfiguration-te200s","status":"publish","type":"product","link":"https:\/\/www.eurotherm.com\/de\/products\/discontinued-eurotherm-products-de\/dreiphasen-thyristorschalter-in-2-leiter-konfiguration-te200s\/","title":{"rendered":"Dreiphasen-Thyristorschalter in 2-Leiter-Konfiguration \u2013 TE200S"},"content":{"rendered":"<ul>\n<li>Ergonomisches Design<\/li>\n<li>DC- oder AC-Logikeingang<\/li>\n<li>Ansteuerung: Logikeingang (EIN\/AUS-Betrieb), Nullpunktschalter mit LED-Statusanzeige<\/li>\n<li>Nennstrombereich pro Phase von 16A bis 63A bei 45\u00b0C<\/li>\n<li>Versorgungsspannung von 200V AC bis 500V AC<\/li>\n<\/ul>\n<p>Dies ist ein idealer Ersatz f\u00fcr mechanische oder Quecksilberschaltsch\u00fctzen mit DC- oder AC-Logikeing\u00e4ngen.<br \/>\nDer TE200S ist robust, kompakt, einfach und zuverl\u00e4ssig und l\u00e4sst sich aufgrund seines kompakten Designs sowie seiner platzsparenden Verdrahtung und Montage (DIN-Schiene oder Lochmontage) problemlos in ein gr\u00f6\u00dferes System integrieren.<\/p>\n<p><strong>BESONDERS GEEIGNET F\u00dcR:<\/strong><\/p>\n<ul>\n<li>W\u00e4rmebehandlung<\/li>\n<li>Metallurgie<\/li>\n<li>Kunststoffe<\/li>\n<li>Nahrungsmittelverarbeitung<\/li>\n<li>Umwelt-Temperaturregelung<\/li>\n<\/ul>\n","protected":false},"excerpt":{"rendered":"<h2>Dreiphasen-Thyristorschalter in 2-Leiter-Konfiguration \u2013 TE200S<\/h2>\n<p>Der TE200S ist ein Thyristorsteller f\u00fcr ein weites Spektrum dreiphasiger Applikationen mit Widerstandslasten in Sparschaltungs-Konfigurationen.<br \/>\nZwei der drei Phasen werden vom TE200S geschaltet, die dritte wird direkt angeschlossen.<\/p>\n","protected":false},"featured_media":7589,"template":"","meta":{"_acf_changed":false},"product_brand":[],"product_cat":[12679],"product_tag":[],"class_list":{"0":"post-23700","1":"product","2":"type-product","3":"status-publish","4":"has-post-thumbnail","6":"product_cat-discontinued-eurotherm-products-de","7":"product_shipping_class-1-de","9":"first","10":"instock","11":"purchasable","12":"product-type-simple"},"acf":[],"yoast_head":"<!-- This site is optimized with the Yoast SEO plugin v27.5 - https:\/\/yoast.com\/product\/yoast-seo-wordpress\/ -->\n<title>Dreiphasen-Thyristorschalter in 2-Leiter-Konfiguration \u2013 TE200S | Eurotherm Limited<\/title>\n<meta name=\"description\" content=\"Dreiphasen-Thyristorschalter in 2-Leiter-Konfiguration \u2013 TE200S | Ergonomisches Design DC- oder AC-Logikeingang Ansteuerung:\" \/>\n<meta name=\"robots\" content=\"index, follow, max-snippet:-1, max-image-preview:large, max-video-preview:-1\" \/>\n<meta property=\"og:locale\" content=\"de_DE\" \/>\n<meta property=\"og:type\" content=\"article\" \/>\n<meta property=\"og:title\" content=\"Dreiphasen-Thyristorschalter in 2-Leiter-Konfiguration \u2013 TE200S | Eurotherm Limited\" \/>\n<meta property=\"og:description\" content=\"Dreiphasen-Thyristorschalter in 2-Leiter-Konfiguration \u2013 TE200S | Dreiphasen-Thyristorschalter in 2-Leiter-Konfiguration \u2013 TE200S Der TE200S ist ein Thyristorsteller f\u00fcr ein weites Spektrum dreiphasiger Applikationen mit Widerstandslasten in Sparschaltungs-Konfigurationen. Zwei der drei Phasen werden vom TE200S geschaltet, die dritte wird direkt angeschlossen.\" \/>\n<meta property=\"og:url\" content=\"https:\/\/www.eurotherm.com\/de\/products\/discontinued-eurotherm-products-de\/dreiphasen-thyristorschalter-in-2-leiter-konfiguration-te200s\/\" \/>\n<meta property=\"og:site_name\" content=\"Eurotherm Limited\" \/>\n<meta property=\"article:modified_time\" content=\"2018-11-02T10:56:35+00:00\" \/>\n<meta property=\"og:image\" content=\"https:\/\/www.eurotherm.com\/wp-content\/uploads\/2018\/10\/TE200S.jpg\" \/>\n\t<meta property=\"og:image:width\" content=\"500\" \/>\n\t<meta property=\"og:image:height\" content=\"500\" \/>\n\t<meta property=\"og:image:type\" content=\"image\/jpeg\" \/>\n<meta name=\"twitter:card\" content=\"summary_large_image\" \/>\n<script type=\"application\/ld+json\" class=\"yoast-schema-graph\">{\"@context\":\"https:\\\/\\\/schema.org\",\"@graph\":[{\"@type\":\"WebPage\",\"@id\":\"https:\\\/\\\/www.eurotherm.com\\\/de\\\/products\\\/discontinued-eurotherm-products-de\\\/dreiphasen-thyristorschalter-in-2-leiter-konfiguration-te200s\\\/\",\"url\":\"https:\\\/\\\/www.eurotherm.com\\\/de\\\/products\\\/discontinued-eurotherm-products-de\\\/dreiphasen-thyristorschalter-in-2-leiter-konfiguration-te200s\\\/\",\"name\":\"Dreiphasen-Thyristorschalter in 2-Leiter-Konfiguration \u2013 TE200S | Eurotherm Limited\",\"isPartOf\":{\"@id\":\"https:\\\/\\\/www.eurotherm.com\\\/de\\\/#website\"},\"primaryImageOfPage\":{\"@id\":\"https:\\\/\\\/www.eurotherm.com\\\/de\\\/products\\\/discontinued-eurotherm-products-de\\\/dreiphasen-thyristorschalter-in-2-leiter-konfiguration-te200s\\\/#primaryimage\"},\"image\":{\"@id\":\"https:\\\/\\\/www.eurotherm.com\\\/de\\\/products\\\/discontinued-eurotherm-products-de\\\/dreiphasen-thyristorschalter-in-2-leiter-konfiguration-te200s\\\/#primaryimage\"},\"thumbnailUrl\":\"https:\\\/\\\/www.eurotherm.com\\\/wp-content\\\/uploads\\\/2018\\\/10\\\/TE200S.jpg\",\"datePublished\":\"2018-10-16T15:58:42+00:00\",\"dateModified\":\"2018-11-02T10:56:35+00:00\",\"description\":\"Dreiphasen-Thyristorschalter in 2-Leiter-Konfiguration \u2013 TE200S | Dreiphasen-Thyristorschalter in 2-Leiter-Konfiguration \u2013 TE200S Der TE200S ist ein Thyristorsteller f\u00fcr ein weites Spektrum dreiphasiger Applikationen mit Widerstandslasten in Sparschaltungs-Konfigurationen. Zwei der drei Phasen werden vom TE200S geschaltet, die dritte wird direkt angeschlossen.\",\"breadcrumb\":{\"@id\":\"https:\\\/\\\/www.eurotherm.com\\\/de\\\/products\\\/discontinued-eurotherm-products-de\\\/dreiphasen-thyristorschalter-in-2-leiter-konfiguration-te200s\\\/#breadcrumb\"},\"inLanguage\":\"de\",\"potentialAction\":[{\"@type\":\"ReadAction\",\"target\":[\"https:\\\/\\\/www.eurotherm.com\\\/de\\\/products\\\/discontinued-eurotherm-products-de\\\/dreiphasen-thyristorschalter-in-2-leiter-konfiguration-te200s\\\/\"]}]},{\"@type\":\"ImageObject\",\"inLanguage\":\"de\",\"@id\":\"https:\\\/\\\/www.eurotherm.com\\\/de\\\/products\\\/discontinued-eurotherm-products-de\\\/dreiphasen-thyristorschalter-in-2-leiter-konfiguration-te200s\\\/#primaryimage\",\"url\":\"https:\\\/\\\/www.eurotherm.com\\\/wp-content\\\/uploads\\\/2018\\\/10\\\/TE200S.jpg\",\"contentUrl\":\"https:\\\/\\\/www.eurotherm.com\\\/wp-content\\\/uploads\\\/2018\\\/10\\\/TE200S.jpg\",\"width\":500,\"height\":500},{\"@type\":\"BreadcrumbList\",\"@id\":\"https:\\\/\\\/www.eurotherm.com\\\/de\\\/products\\\/discontinued-eurotherm-products-de\\\/dreiphasen-thyristorschalter-in-2-leiter-konfiguration-te200s\\\/#breadcrumb\",\"itemListElement\":[{\"@type\":\"ListItem\",\"position\":1,\"name\":\"Home\",\"item\":\"https:\\\/\\\/www.eurotherm.com\\\/de\\\/\"},{\"@type\":\"ListItem\",\"position\":2,\"name\":\"Product Catalogue\",\"item\":\"https:\\\/\\\/www.eurotherm.com\\\/de\\\/product-catalogue\\\/\"},{\"@type\":\"ListItem\",\"position\":3,\"name\":\"Discontinued Eurotherm Products\",\"item\":\"https:\\\/\\\/www.eurotherm.com\\\/de\\\/eurotherm-products\\\/discontinued-eurotherm-products-de\\\/\"},{\"@type\":\"ListItem\",\"position\":4,\"name\":\"Dreiphasen-Thyristorschalter in 2-Leiter-Konfiguration \u2013 TE200S\"}]},{\"@type\":\"WebSite\",\"@id\":\"https:\\\/\\\/www.eurotherm.com\\\/de\\\/#website\",\"url\":\"https:\\\/\\\/www.eurotherm.com\\\/de\\\/\",\"name\":\"Eurotherm Limited\",\"description\":\"Temperature Control, Process Control, Measurement and Data Recording Solutions\",\"potentialAction\":[{\"@type\":\"SearchAction\",\"target\":{\"@type\":\"EntryPoint\",\"urlTemplate\":\"https:\\\/\\\/www.eurotherm.com\\\/de\\\/?s={search_term_string}\"},\"query-input\":{\"@type\":\"PropertyValueSpecification\",\"valueRequired\":true,\"valueName\":\"search_term_string\"}}],\"inLanguage\":\"de\"}]}<\/script>\n<!-- \/ Yoast SEO plugin. -->","yoast_head_json":{"title":"Dreiphasen-Thyristorschalter in 2-Leiter-Konfiguration \u2013 TE200S | Eurotherm Limited","description":"Dreiphasen-Thyristorschalter in 2-Leiter-Konfiguration \u2013 TE200S | Ergonomisches Design DC- oder AC-Logikeingang Ansteuerung:","robots":{"index":"index","follow":"follow","max-snippet":"max-snippet:-1","max-image-preview":"max-image-preview:large","max-video-preview":"max-video-preview:-1"},"og_locale":"de_DE","og_type":"article","og_title":"Dreiphasen-Thyristorschalter in 2-Leiter-Konfiguration \u2013 TE200S | Eurotherm Limited","og_description":"Dreiphasen-Thyristorschalter in 2-Leiter-Konfiguration \u2013 TE200S | Dreiphasen-Thyristorschalter in 2-Leiter-Konfiguration \u2013 TE200S Der TE200S ist ein Thyristorsteller f\u00fcr ein weites Spektrum dreiphasiger Applikationen mit Widerstandslasten in Sparschaltungs-Konfigurationen. Zwei der drei Phasen werden vom TE200S geschaltet, die dritte wird direkt angeschlossen.","og_url":"https:\/\/www.eurotherm.com\/de\/products\/discontinued-eurotherm-products-de\/dreiphasen-thyristorschalter-in-2-leiter-konfiguration-te200s\/","og_site_name":"Eurotherm Limited","article_modified_time":"2018-11-02T10:56:35+00:00","og_image":[{"width":500,"height":500,"url":"https:\/\/www.eurotherm.com\/wp-content\/uploads\/2018\/10\/TE200S.jpg","type":"image\/jpeg"}],"twitter_card":"summary_large_image","schema":{"@context":"https:\/\/schema.org","@graph":[{"@type":"WebPage","@id":"https:\/\/www.eurotherm.com\/de\/products\/discontinued-eurotherm-products-de\/dreiphasen-thyristorschalter-in-2-leiter-konfiguration-te200s\/","url":"https:\/\/www.eurotherm.com\/de\/products\/discontinued-eurotherm-products-de\/dreiphasen-thyristorschalter-in-2-leiter-konfiguration-te200s\/","name":"Dreiphasen-Thyristorschalter in 2-Leiter-Konfiguration \u2013 TE200S | Eurotherm Limited","isPartOf":{"@id":"https:\/\/www.eurotherm.com\/de\/#website"},"primaryImageOfPage":{"@id":"https:\/\/www.eurotherm.com\/de\/products\/discontinued-eurotherm-products-de\/dreiphasen-thyristorschalter-in-2-leiter-konfiguration-te200s\/#primaryimage"},"image":{"@id":"https:\/\/www.eurotherm.com\/de\/products\/discontinued-eurotherm-products-de\/dreiphasen-thyristorschalter-in-2-leiter-konfiguration-te200s\/#primaryimage"},"thumbnailUrl":"https:\/\/www.eurotherm.com\/wp-content\/uploads\/2018\/10\/TE200S.jpg","datePublished":"2018-10-16T15:58:42+00:00","dateModified":"2018-11-02T10:56:35+00:00","description":"Dreiphasen-Thyristorschalter in 2-Leiter-Konfiguration \u2013 TE200S | Dreiphasen-Thyristorschalter in 2-Leiter-Konfiguration \u2013 TE200S Der TE200S ist ein Thyristorsteller f\u00fcr ein weites Spektrum dreiphasiger Applikationen mit Widerstandslasten in Sparschaltungs-Konfigurationen. Zwei der drei Phasen werden vom TE200S geschaltet, die dritte wird direkt angeschlossen.","breadcrumb":{"@id":"https:\/\/www.eurotherm.com\/de\/products\/discontinued-eurotherm-products-de\/dreiphasen-thyristorschalter-in-2-leiter-konfiguration-te200s\/#breadcrumb"},"inLanguage":"de","potentialAction":[{"@type":"ReadAction","target":["https:\/\/www.eurotherm.com\/de\/products\/discontinued-eurotherm-products-de\/dreiphasen-thyristorschalter-in-2-leiter-konfiguration-te200s\/"]}]},{"@type":"ImageObject","inLanguage":"de","@id":"https:\/\/www.eurotherm.com\/de\/products\/discontinued-eurotherm-products-de\/dreiphasen-thyristorschalter-in-2-leiter-konfiguration-te200s\/#primaryimage","url":"https:\/\/www.eurotherm.com\/wp-content\/uploads\/2018\/10\/TE200S.jpg","contentUrl":"https:\/\/www.eurotherm.com\/wp-content\/uploads\/2018\/10\/TE200S.jpg","width":500,"height":500},{"@type":"BreadcrumbList","@id":"https:\/\/www.eurotherm.com\/de\/products\/discontinued-eurotherm-products-de\/dreiphasen-thyristorschalter-in-2-leiter-konfiguration-te200s\/#breadcrumb","itemListElement":[{"@type":"ListItem","position":1,"name":"Home","item":"https:\/\/www.eurotherm.com\/de\/"},{"@type":"ListItem","position":2,"name":"Product Catalogue","item":"https:\/\/www.eurotherm.com\/de\/product-catalogue\/"},{"@type":"ListItem","position":3,"name":"Discontinued Eurotherm Products","item":"https:\/\/www.eurotherm.com\/de\/eurotherm-products\/discontinued-eurotherm-products-de\/"},{"@type":"ListItem","position":4,"name":"Dreiphasen-Thyristorschalter in 2-Leiter-Konfiguration \u2013 TE200S"}]},{"@type":"WebSite","@id":"https:\/\/www.eurotherm.com\/de\/#website","url":"https:\/\/www.eurotherm.com\/de\/","name":"Eurotherm Limited","description":"Temperature Control, Process Control, Measurement and Data Recording Solutions","potentialAction":[{"@type":"SearchAction","target":{"@type":"EntryPoint","urlTemplate":"https:\/\/www.eurotherm.com\/de\/?s={search_term_string}"},"query-input":{"@type":"PropertyValueSpecification","valueRequired":true,"valueName":"search_term_string"}}],"inLanguage":"de"}]}},"ACF":false,"jetpack_sharing_enabled":true,"_links":{"self":[{"href":"https:\/\/www.eurotherm.com\/de\/wp-json\/wp\/v2\/product\/23700","targetHints":{"allow":["GET"]}}],"collection":[{"href":"https:\/\/www.eurotherm.com\/de\/wp-json\/wp\/v2\/product"}],"about":[{"href":"https:\/\/www.eurotherm.com\/de\/wp-json\/wp\/v2\/types\/product"}],"wp:featuredmedia":[{"embeddable":true,"href":"https:\/\/www.eurotherm.com\/de\/wp-json\/wp\/v2\/media\/7589"}],"wp:attachment":[{"href":"https:\/\/www.eurotherm.com\/de\/wp-json\/wp\/v2\/media?parent=23700"}],"wp:term":[{"taxonomy":"product_brand","embeddable":true,"href":"https:\/\/www.eurotherm.com\/de\/wp-json\/wp\/v2\/product_brand?post=23700"},{"taxonomy":"product_cat","embeddable":true,"href":"https:\/\/www.eurotherm.com\/de\/wp-json\/wp\/v2\/product_cat?post=23700"},{"taxonomy":"product_tag","embeddable":true,"href":"https:\/\/www.eurotherm.com\/de\/wp-json\/wp\/v2\/product_tag?post=23700"}],"curies":[{"name":"wp","href":"https:\/\/api.w.org\/{rel}","templated":true}]}}