{"id":23699,"date":"2018-10-15T08:50:04","date_gmt":"2018-10-16T15:58:42","guid":{"rendered":"https:\/\/www.eurotherm.com\/product\/dreiphasen-thyristorschalter-in-2-leiter-konfiguration-7200s\/"},"modified":"2018-11-02T10:48:07","modified_gmt":"2018-11-02T10:48:07","slug":"dreiphasen-thyristorschalter-in-2-leiter-konfiguration-7200s","status":"publish","type":"product","link":"https:\/\/www.eurotherm.com\/de\/products\/discontinued-eurotherm-products-de\/dreiphasen-thyristorschalter-in-2-leiter-konfiguration-7200s\/","title":{"rendered":"Dreiphasen-Thyristorschalter in 2-Leiter-Konfiguration \u2013 7200S"},"content":{"rendered":"<p>Ein Sortiment an Thyristorschaltern mit eingebautem K\u00fchlk\u00f6rper zur Benutzung mit Widerstandslasten mit niedrigem Temperaturkoeffizient, 2-Leiterkonfiguration in &#8222;Stern ohne Nullpunkt&#8220; oder &#8222;geschlossener Dreiecks&#8220;-Schaltung.<\/p>\n<ul>\n<li>Laststrombereich von 26 bis 200A bei 45\u00b0C<\/li>\n<li>Spannungsbereich bis 500V<\/li>\n<li>Logikeing\u00e4nge (AC oder DC)<\/li>\n<li>4\u201320mA Analogeingang mit zeitproportionalem Ausgang<\/li>\n<li>Einsetzbar f\u00fcr Widerstandslasten<\/li>\n<li>\u00dcbertemperaturabschaltung f\u00fcr l\u00fcftergek\u00fchlte Ger\u00e4te<\/li>\n<li>Thyristorkurzschlussalarm<\/li>\n<li>Thyristor-\u00dcbertemperaturalarm<\/li>\n<li>diagnostische Lastfehlererkennung (DLF)<\/li>\n<\/ul>\n<h2>Sicherung<\/h2>\n<p>Ger\u00e4te bis 100A verf\u00fcgen \u00fcber eine externe Sicherung, \u00fcber 100A ist die Sicherung intern eingebaut. Sie k\u00f6nnen sie mit dem Ger\u00e4t 7200S oder als Zubeh\u00f6r bestellen. Ersatzsicherungen oder komplette Sicherungen und Sicherungshalter k\u00f6nnen au\u00dferdem als Zubeh\u00f6r bestellt werden.<\/p>\n<h2>Alarme<\/h2>\n<p>Der 7200S verf\u00fcgt \u00fcber eine optionale Alarmfunktion f\u00fcr Thyristorkurzschluss und Lastfehlererkennung. Alle l\u00fcftergek\u00fchlten Ger\u00e4te verf\u00fcgen \u00fcber eine \u00dcbertemperaturabschaltung.<\/p>\n<p>Die optionale Lastfehlererkennung (DLF) meldet den Verlust von einem oder mehreren parallel geschalteten Heizelementen (Widerstandslast). Die Empfindlichkeit ist 1 von 4. Diese Alarmfunktion wird \u00fcber die Fronttaste automatisch eingestellt.<\/p>\n","protected":false},"excerpt":{"rendered":"<h2>Dreiphasen-Thyristorschalter in 2-Leiter-Konfiguration \u2013 7200S<\/h2>\n<p><strong>BESONDERS GEEIGNET F\u00dcR:<\/strong><\/p>\n<ul>\n<li>Spritzguss<\/li>\n<li>Hei\u00dfformung<\/li>\n<li>Mehrzonenheizungen<\/li>\n<li>Autoklaven<\/li>\n<li>\u00d6fen<\/li>\n<\/ul>\n","protected":false},"featured_media":7393,"template":"","meta":{"_acf_changed":false},"product_brand":[],"product_cat":[12679],"product_tag":[],"class_list":{"0":"post-23699","1":"product","2":"type-product","3":"status-publish","4":"has-post-thumbnail","6":"product_cat-discontinued-eurotherm-products-de","7":"product_shipping_class-1-de","9":"first","10":"instock","11":"purchasable","12":"product-type-simple"},"acf":[],"yoast_head":"<!-- This site is optimized with the Yoast SEO plugin v27.2 - https:\/\/yoast.com\/product\/yoast-seo-wordpress\/ -->\n<title>Dreiphasen-Thyristorschalter in 2-Leiter-Konfiguration \u2013 7200S | Eurotherm Limited<\/title>\n<meta name=\"description\" content=\"Dreiphasen-Thyristorschalter in 2-Leiter-Konfiguration \u2013 7200S | Ein Sortiment an Thyristorschaltern mit eingebautem K\u00fchlk\u00f6rper zur Benutzung mit Widerstandslas\" \/>\n<meta name=\"robots\" content=\"index, follow, max-snippet:-1, max-image-preview:large, max-video-preview:-1\" \/>\n<meta property=\"og:locale\" content=\"de_DE\" \/>\n<meta property=\"og:type\" content=\"article\" \/>\n<meta property=\"og:title\" content=\"Dreiphasen-Thyristorschalter in 2-Leiter-Konfiguration \u2013 7200S | Eurotherm Limited\" \/>\n<meta property=\"og:description\" content=\"Dreiphasen-Thyristorschalter in 2-Leiter-Konfiguration \u2013 7200S | Dreiphasen-Thyristorschalter in 2-Leiter-Konfiguration \u2013 7200S BESONDERS GEEIGNET F\u00dcR:   Spritzguss  Hei\u00dfformung  Mehrzonenheizungen  Autoklaven  \u00d6fen\" \/>\n<meta property=\"og:url\" content=\"https:\/\/www.eurotherm.com\/de\/products\/discontinued-eurotherm-products-de\/dreiphasen-thyristorschalter-in-2-leiter-konfiguration-7200s\/\" \/>\n<meta property=\"og:site_name\" content=\"Eurotherm Limited\" \/>\n<meta property=\"article:modified_time\" content=\"2018-11-02T10:48:07+00:00\" \/>\n<meta property=\"og:image\" content=\"https:\/\/www.eurotherm.com\/wp-content\/uploads\/2018\/10\/7200S.jpg\" \/>\n\t<meta property=\"og:image:width\" content=\"500\" \/>\n\t<meta property=\"og:image:height\" content=\"500\" \/>\n\t<meta property=\"og:image:type\" content=\"image\/jpeg\" \/>\n<meta name=\"twitter:card\" content=\"summary_large_image\" \/>\n<meta name=\"twitter:label1\" content=\"Gesch\u00e4tzte Lesezeit\" \/>\n\t<meta name=\"twitter:data1\" content=\"1\u00a0Minute\" \/>\n<script type=\"application\/ld+json\" class=\"yoast-schema-graph\">{\"@context\":\"https:\/\/schema.org\",\"@graph\":[{\"@type\":\"WebPage\",\"@id\":\"https:\/\/www.eurotherm.com\/de\/products\/discontinued-eurotherm-products-de\/dreiphasen-thyristorschalter-in-2-leiter-konfiguration-7200s\/\",\"url\":\"https:\/\/www.eurotherm.com\/de\/products\/discontinued-eurotherm-products-de\/dreiphasen-thyristorschalter-in-2-leiter-konfiguration-7200s\/\",\"name\":\"Dreiphasen-Thyristorschalter in 2-Leiter-Konfiguration \u2013 7200S | Eurotherm Limited\",\"isPartOf\":{\"@id\":\"https:\/\/www.eurotherm.com\/de\/#website\"},\"primaryImageOfPage\":{\"@id\":\"https:\/\/www.eurotherm.com\/de\/products\/discontinued-eurotherm-products-de\/dreiphasen-thyristorschalter-in-2-leiter-konfiguration-7200s\/#primaryimage\"},\"image\":{\"@id\":\"https:\/\/www.eurotherm.com\/de\/products\/discontinued-eurotherm-products-de\/dreiphasen-thyristorschalter-in-2-leiter-konfiguration-7200s\/#primaryimage\"},\"thumbnailUrl\":\"https:\/\/www.eurotherm.com\/wp-content\/uploads\/2018\/10\/7200S.jpg\",\"datePublished\":\"2018-10-16T15:58:42+00:00\",\"dateModified\":\"2018-11-02T10:48:07+00:00\",\"description\":\"Dreiphasen-Thyristorschalter in 2-Leiter-Konfiguration \u2013 7200S | Dreiphasen-Thyristorschalter in 2-Leiter-Konfiguration \u2013 7200S BESONDERS GEEIGNET F\u00dcR: Spritzguss Hei\u00dfformung Mehrzonenheizungen Autoklaven \u00d6fen\",\"breadcrumb\":{\"@id\":\"https:\/\/www.eurotherm.com\/de\/products\/discontinued-eurotherm-products-de\/dreiphasen-thyristorschalter-in-2-leiter-konfiguration-7200s\/#breadcrumb\"},\"inLanguage\":\"de\",\"potentialAction\":[{\"@type\":\"ReadAction\",\"target\":[\"https:\/\/www.eurotherm.com\/de\/products\/discontinued-eurotherm-products-de\/dreiphasen-thyristorschalter-in-2-leiter-konfiguration-7200s\/\"]}]},{\"@type\":\"ImageObject\",\"inLanguage\":\"de\",\"@id\":\"https:\/\/www.eurotherm.com\/de\/products\/discontinued-eurotherm-products-de\/dreiphasen-thyristorschalter-in-2-leiter-konfiguration-7200s\/#primaryimage\",\"url\":\"https:\/\/www.eurotherm.com\/wp-content\/uploads\/2018\/10\/7200S.jpg\",\"contentUrl\":\"https:\/\/www.eurotherm.com\/wp-content\/uploads\/2018\/10\/7200S.jpg\",\"width\":500,\"height\":500},{\"@type\":\"BreadcrumbList\",\"@id\":\"https:\/\/www.eurotherm.com\/de\/products\/discontinued-eurotherm-products-de\/dreiphasen-thyristorschalter-in-2-leiter-konfiguration-7200s\/#breadcrumb\",\"itemListElement\":[{\"@type\":\"ListItem\",\"position\":1,\"name\":\"Home\",\"item\":\"https:\/\/www.eurotherm.com\/de\/\"},{\"@type\":\"ListItem\",\"position\":2,\"name\":\"Product Catalogue\",\"item\":\"https:\/\/www.eurotherm.com\/de\/product-catalogue\/\"},{\"@type\":\"ListItem\",\"position\":3,\"name\":\"Discontinued Eurotherm Products\",\"item\":\"https:\/\/www.eurotherm.com\/de\/eurotherm-products\/discontinued-eurotherm-products-de\/\"},{\"@type\":\"ListItem\",\"position\":4,\"name\":\"Dreiphasen-Thyristorschalter in 2-Leiter-Konfiguration \u2013 7200S\"}]},{\"@type\":\"WebSite\",\"@id\":\"https:\/\/www.eurotherm.com\/de\/#website\",\"url\":\"https:\/\/www.eurotherm.com\/de\/\",\"name\":\"Eurotherm Limited\",\"description\":\"Temperature Control, Process Control, Measurement and Data Recording Solutions\",\"potentialAction\":[{\"@type\":\"SearchAction\",\"target\":{\"@type\":\"EntryPoint\",\"urlTemplate\":\"https:\/\/www.eurotherm.com\/de\/?s={search_term_string}\"},\"query-input\":{\"@type\":\"PropertyValueSpecification\",\"valueRequired\":true,\"valueName\":\"search_term_string\"}}],\"inLanguage\":\"de\"}]}<\/script>\n<!-- \/ Yoast SEO plugin. -->","yoast_head_json":{"title":"Dreiphasen-Thyristorschalter in 2-Leiter-Konfiguration \u2013 7200S | Eurotherm Limited","description":"Dreiphasen-Thyristorschalter in 2-Leiter-Konfiguration \u2013 7200S | Ein Sortiment an Thyristorschaltern mit eingebautem K\u00fchlk\u00f6rper zur Benutzung mit Widerstandslas","robots":{"index":"index","follow":"follow","max-snippet":"max-snippet:-1","max-image-preview":"max-image-preview:large","max-video-preview":"max-video-preview:-1"},"og_locale":"de_DE","og_type":"article","og_title":"Dreiphasen-Thyristorschalter in 2-Leiter-Konfiguration \u2013 7200S | Eurotherm Limited","og_description":"Dreiphasen-Thyristorschalter in 2-Leiter-Konfiguration \u2013 7200S | Dreiphasen-Thyristorschalter in 2-Leiter-Konfiguration \u2013 7200S BESONDERS GEEIGNET F\u00dcR:   Spritzguss  Hei\u00dfformung  Mehrzonenheizungen  Autoklaven  \u00d6fen","og_url":"https:\/\/www.eurotherm.com\/de\/products\/discontinued-eurotherm-products-de\/dreiphasen-thyristorschalter-in-2-leiter-konfiguration-7200s\/","og_site_name":"Eurotherm Limited","article_modified_time":"2018-11-02T10:48:07+00:00","og_image":[{"width":500,"height":500,"url":"https:\/\/www.eurotherm.com\/wp-content\/uploads\/2018\/10\/7200S.jpg","type":"image\/jpeg"}],"twitter_card":"summary_large_image","twitter_misc":{"Gesch\u00e4tzte Lesezeit":"1\u00a0Minute"},"schema":{"@context":"https:\/\/schema.org","@graph":[{"@type":"WebPage","@id":"https:\/\/www.eurotherm.com\/de\/products\/discontinued-eurotherm-products-de\/dreiphasen-thyristorschalter-in-2-leiter-konfiguration-7200s\/","url":"https:\/\/www.eurotherm.com\/de\/products\/discontinued-eurotherm-products-de\/dreiphasen-thyristorschalter-in-2-leiter-konfiguration-7200s\/","name":"Dreiphasen-Thyristorschalter in 2-Leiter-Konfiguration \u2013 7200S | Eurotherm Limited","isPartOf":{"@id":"https:\/\/www.eurotherm.com\/de\/#website"},"primaryImageOfPage":{"@id":"https:\/\/www.eurotherm.com\/de\/products\/discontinued-eurotherm-products-de\/dreiphasen-thyristorschalter-in-2-leiter-konfiguration-7200s\/#primaryimage"},"image":{"@id":"https:\/\/www.eurotherm.com\/de\/products\/discontinued-eurotherm-products-de\/dreiphasen-thyristorschalter-in-2-leiter-konfiguration-7200s\/#primaryimage"},"thumbnailUrl":"https:\/\/www.eurotherm.com\/wp-content\/uploads\/2018\/10\/7200S.jpg","datePublished":"2018-10-16T15:58:42+00:00","dateModified":"2018-11-02T10:48:07+00:00","description":"Dreiphasen-Thyristorschalter in 2-Leiter-Konfiguration \u2013 7200S | Dreiphasen-Thyristorschalter in 2-Leiter-Konfiguration \u2013 7200S BESONDERS GEEIGNET F\u00dcR: Spritzguss Hei\u00dfformung Mehrzonenheizungen Autoklaven \u00d6fen","breadcrumb":{"@id":"https:\/\/www.eurotherm.com\/de\/products\/discontinued-eurotherm-products-de\/dreiphasen-thyristorschalter-in-2-leiter-konfiguration-7200s\/#breadcrumb"},"inLanguage":"de","potentialAction":[{"@type":"ReadAction","target":["https:\/\/www.eurotherm.com\/de\/products\/discontinued-eurotherm-products-de\/dreiphasen-thyristorschalter-in-2-leiter-konfiguration-7200s\/"]}]},{"@type":"ImageObject","inLanguage":"de","@id":"https:\/\/www.eurotherm.com\/de\/products\/discontinued-eurotherm-products-de\/dreiphasen-thyristorschalter-in-2-leiter-konfiguration-7200s\/#primaryimage","url":"https:\/\/www.eurotherm.com\/wp-content\/uploads\/2018\/10\/7200S.jpg","contentUrl":"https:\/\/www.eurotherm.com\/wp-content\/uploads\/2018\/10\/7200S.jpg","width":500,"height":500},{"@type":"BreadcrumbList","@id":"https:\/\/www.eurotherm.com\/de\/products\/discontinued-eurotherm-products-de\/dreiphasen-thyristorschalter-in-2-leiter-konfiguration-7200s\/#breadcrumb","itemListElement":[{"@type":"ListItem","position":1,"name":"Home","item":"https:\/\/www.eurotherm.com\/de\/"},{"@type":"ListItem","position":2,"name":"Product Catalogue","item":"https:\/\/www.eurotherm.com\/de\/product-catalogue\/"},{"@type":"ListItem","position":3,"name":"Discontinued Eurotherm Products","item":"https:\/\/www.eurotherm.com\/de\/eurotherm-products\/discontinued-eurotherm-products-de\/"},{"@type":"ListItem","position":4,"name":"Dreiphasen-Thyristorschalter in 2-Leiter-Konfiguration \u2013 7200S"}]},{"@type":"WebSite","@id":"https:\/\/www.eurotherm.com\/de\/#website","url":"https:\/\/www.eurotherm.com\/de\/","name":"Eurotherm Limited","description":"Temperature Control, Process Control, Measurement and Data Recording Solutions","potentialAction":[{"@type":"SearchAction","target":{"@type":"EntryPoint","urlTemplate":"https:\/\/www.eurotherm.com\/de\/?s={search_term_string}"},"query-input":{"@type":"PropertyValueSpecification","valueRequired":true,"valueName":"search_term_string"}}],"inLanguage":"de"}]}},"ACF":false,"jetpack_sharing_enabled":true,"_links":{"self":[{"href":"https:\/\/www.eurotherm.com\/de\/wp-json\/wp\/v2\/product\/23699","targetHints":{"allow":["GET"]}}],"collection":[{"href":"https:\/\/www.eurotherm.com\/de\/wp-json\/wp\/v2\/product"}],"about":[{"href":"https:\/\/www.eurotherm.com\/de\/wp-json\/wp\/v2\/types\/product"}],"wp:featuredmedia":[{"embeddable":true,"href":"https:\/\/www.eurotherm.com\/de\/wp-json\/wp\/v2\/media\/7393"}],"wp:attachment":[{"href":"https:\/\/www.eurotherm.com\/de\/wp-json\/wp\/v2\/media?parent=23699"}],"wp:term":[{"taxonomy":"product_brand","embeddable":true,"href":"https:\/\/www.eurotherm.com\/de\/wp-json\/wp\/v2\/product_brand?post=23699"},{"taxonomy":"product_cat","embeddable":true,"href":"https:\/\/www.eurotherm.com\/de\/wp-json\/wp\/v2\/product_cat?post=23699"},{"taxonomy":"product_tag","embeddable":true,"href":"https:\/\/www.eurotherm.com\/de\/wp-json\/wp\/v2\/product_tag?post=23699"}],"curies":[{"name":"wp","href":"https:\/\/api.w.org\/{rel}","templated":true}]}}