{"id":23697,"date":"2018-10-15T08:50:47","date_gmt":"2018-10-15T08:50:47","guid":{"rendered":"https:\/\/www.eurotherm.com\/product\/dream-report\/"},"modified":"2020-01-29T12:02:35","modified_gmt":"2020-01-29T12:02:35","slug":"dream-report","status":"publish","type":"product","link":"https:\/\/www.eurotherm.com\/de\/products\/maschinensteuerung-und-prozessautomatisierung\/software-esuite\/dream-report\/","title":{"rendered":"Dream Report"},"content":{"rendered":"<h2>Datenerfassung<\/h2>\n<p>Die Dream Report Software beinhaltet einen Eurotherm Review Treiber und Berichtvorlagen, die den Zugriff auf historische Daten von Ger\u00e4ten wie Grafikschreiber der Serie 6000, progammierbare Automatisierungsregler T2550 und Eycon TM Visual Supervisor erm\u00f6glichen. Die Daten k\u00f6nnen entweder automatisch \u00fcber ein Ethernet-Netzwerk oder manuell mit Wechseldatentr\u00e4ger gesammelt werden.<br \/>\nEin robuster Kommunikations-Systemkern ist vorhanden, der die Erfassung von Daten und Alarmen aus mehreren Echtzeitquellen und historischen Quellen erm\u00f6glicht. Dies erfolgt unter Benutzung der OPC, OLE und ODBC Standards, damit f\u00fcr Quellen unterschiedlicher Hersteller eine gemeinsame Schnittstelle gew\u00e4hrleistet ist.<\/p>\n<p>&nbsp;<\/p>\n<h2>Berichterstellung<\/h2>\n<p>Im Automatik-Modus kann die Erzeugung eines Berichts durch ein Ereignis oder durch Vorausplanung ausgel\u00f6st werden. In manuellem Modus bietet eine zus\u00e4tzliche Applikation (Dynamic Report Generator TM \u2013 DRG) die M\u00f6glichkeit, Zeitpl\u00e4ne f\u00fcr Berichte zu \u00e4ndern oder zu jeder beliebigen Zeit einen Bericht auf Abruf zu erzeugen.<\/p>\n<p>&nbsp;<\/p>\n<h2>Datenaufzeichnung<\/h2>\n<p>Die Dream Report Software mit ihrem leistungsstarken Historian zeichnet nach Gruppen, Daten und Alarmen auf:<\/p>\n<ul>\n<li>von OPC-Servern<\/li>\n<li>von anderen angebundenen Echtzeitquellen \u2013 ODBC, OLE etc.<\/li>\n<li>von in Berichten definierten, rechnerischen Daten<\/li>\n<\/ul>\n<p>&nbsp;<\/p>\n<p>Mit unbegrenzten Gruppen, die mit eigenen Aufzeichnungseinstellungen eingerichtet werden, k\u00f6nnen standardm\u00e4\u00dfig fehlerfreie und genaue Werte \u00fcber die MSDE des SQL-Servers erlangt und aufgezeichnet werden. Andere offene Datenbanken, wie Oracle, MySql, Access oder der Eurotherm Information Manager k\u00f6nnen ebenfalls benutzt werden.<\/p>\n<h2>\nZweck<\/h2>\n<ul>\n<li>Textdarstellung: Erm\u00f6glicht die Gewinnung und Anzeigeauswertung aus historischen Datenbanken wie der Review Datenbank.<\/li>\n<li>Tabellen: Mehrere Optionen zur Gewinnung von Daten und Alarmen in verschiedene Tabellen. Der Benutzer kann vorformatierte Tabellen w\u00e4hlen oder mit der SQL-Tabelle seine eigene erstellen.<\/li>\n<li>Balken- und Tortendiagramme: Balken- und Tortendiagramme zur Veranschaulichung verschiedener statistischer Werte und Alarme mit erweiterten Visualisierungsansichten (%, Legende, Werte etc.).<\/li>\n<li>Charts (Schaubilder): Der Benutzer kann zeitabh\u00e4ngige XY-Charts definieren. Es k\u00f6nnen Charts aus unterschiedlichen Zeitfenstern zur Visualisierung kombiniert werden, um Ergebnisse schnell miteinander zu vergleichen. Dar\u00fcber hinaus unterst\u00fctzt das Chart-Objekt verschiedene Arten von Daten (Werte, Durchschnittswerte, lineare Regression). Es k\u00f6nnen mehrere Skalen angezeigt und automatisch oder manuell ge\u00e4ndert werden.<\/li>\n<\/ul>\n<p>&nbsp;<\/p>\n<p><strong>BEDIENERFREUNDLICHE AUSSTATTUNG F\u00dcR:<\/strong><\/p>\n<ul>\n<li>Datenerfassung<\/li>\n<li>Datengewinnung und -auswertung<\/li>\n<li>Berichtsgestaltung<\/li>\n<li>Berichtserstellung<\/li>\n<li>Berichtsverteilung<\/li>\n<\/ul>\n","protected":false},"excerpt":{"rendered":"<p>Dream Report Software von Eurotherm ist eine ganzheitliche Reporting-L\u00f6sung f\u00fcr industrielle Automatisierung. Sie ist so ausgelegt, dass sie die einfachste L\u00f6sung zur Extrahierung von Daten aus nahezu jeder beliebigen Quelle und der Erstellung von Berichten f\u00fcr beliebig viele Benutzer an jedem beliebigen Ort darstellt.<\/p>\n<ul>\n<li>Automatische und manuelle Erstellung von Berichten<\/li>\n<li>Reduzierung von Engineering-Zeit<\/li>\n<li>Web-Portale zum Austausch von Informationen<\/li>\n<li>Kontinuierliche Batch-Reporte<\/li>\n<li>Erzeugung gesch\u00fctzter PDF\u00b4s und Export in Excel<\/li>\n<li>Benutzer-Managementmodul zur Sicherheit Ihrer Daten<\/li>\n<li>Unterst\u00fctzung in mehreren Sprachen<\/li>\n<\/ul>\n","protected":false},"featured_media":95446,"template":"","meta":{"_acf_changed":false},"product_brand":[],"product_cat":[12401,12437,12439,1058,12384,12394],"product_tag":[],"class_list":{"0":"post-23697","1":"product","2":"type-product","3":"status-publish","4":"has-post-thumbnail","6":"product_cat-datenschreiber-und-datenmanagement","7":"product_cat-maschinensteuerung-und-prozessautomatisierung","8":"product_cat-plc-and-pac-de","9":"product_cat-produkte-ger","10":"product_cat-software-esuite","11":"product_cat-software-fuer-das-datenmanagement","12":"product_shipping_class-1-de","14":"first","15":"instock","16":"purchasable","17":"product-type-simple"},"acf":[],"yoast_head":"<!-- This site is optimized with the Yoast SEO plugin v27.5 - https:\/\/yoast.com\/product\/yoast-seo-wordpress\/ -->\n<title>Dream Report | Eurotherm Limited<\/title>\n<meta name=\"description\" content=\"Dream Report | Datenerfassung Die Dream Report Software beinhaltet einen Eurotherm Review Treiber und Berichtvorlagen, die den Zugriff auf historische\" \/>\n<meta name=\"robots\" content=\"index, follow, max-snippet:-1, max-image-preview:large, max-video-preview:-1\" \/>\n<meta property=\"og:locale\" content=\"de_DE\" \/>\n<meta property=\"og:type\" content=\"article\" \/>\n<meta property=\"og:title\" content=\"Dream Report | Eurotherm Limited\" \/>\n<meta property=\"og:description\" content=\"Dream Report | Dream Report Software von Eurotherm ist eine ganzheitliche Reporting-L\u00f6sung f\u00fcr industrielle Automatisierung. Sie ist so ausgelegt, dass sie die einfachste L\u00f6sung zur Extrahierung von Daten aus nahezu jeder beliebigen Quelle und der Erstellung von Berichten f\u00fcr beliebig viele Benutzer an jedem beliebigen Ort darstellt.   Automatische und manuelle Erstellung von Berichten  Reduzierung von Engineering-Zeit  Web-Portale zum Austausch von Informationen  Kontinuierliche Batch-Reporte  Erzeugung gesch\u00fctzter PDF\u00b4s und Export in Excel  Benutzer-Managementmodul zur Sicherheit Ihrer Daten  Unterst\u00fctzung in mehreren Sprachen\" \/>\n<meta property=\"og:url\" content=\"https:\/\/www.eurotherm.com\/de\/products\/maschinensteuerung-und-prozessautomatisierung\/software-esuite\/dream-report\/\" \/>\n<meta property=\"og:site_name\" content=\"Eurotherm Limited\" \/>\n<meta property=\"article:modified_time\" content=\"2020-01-29T12:02:35+00:00\" \/>\n<meta property=\"og:image\" content=\"https:\/\/www.eurotherm.com\/wp-content\/uploads\/2018\/10\/Dream-report.jpg\" \/>\n\t<meta property=\"og:image:width\" content=\"500\" \/>\n\t<meta property=\"og:image:height\" content=\"500\" \/>\n\t<meta property=\"og:image:type\" content=\"image\/jpeg\" \/>\n<meta name=\"twitter:card\" content=\"summary_large_image\" \/>\n<meta name=\"twitter:label1\" content=\"Gesch\u00e4tzte Lesezeit\" \/>\n\t<meta name=\"twitter:data1\" content=\"2\u00a0Minuten\" \/>\n<script type=\"application\/ld+json\" class=\"yoast-schema-graph\">{\"@context\":\"https:\\\/\\\/schema.org\",\"@graph\":[{\"@type\":\"WebPage\",\"@id\":\"https:\\\/\\\/www.eurotherm.com\\\/de\\\/products\\\/maschinensteuerung-und-prozessautomatisierung\\\/software-esuite\\\/dream-report\\\/\",\"url\":\"https:\\\/\\\/www.eurotherm.com\\\/de\\\/products\\\/maschinensteuerung-und-prozessautomatisierung\\\/software-esuite\\\/dream-report\\\/\",\"name\":\"Dream Report | Eurotherm Limited\",\"isPartOf\":{\"@id\":\"https:\\\/\\\/www.eurotherm.com\\\/de\\\/#website\"},\"primaryImageOfPage\":{\"@id\":\"https:\\\/\\\/www.eurotherm.com\\\/de\\\/products\\\/maschinensteuerung-und-prozessautomatisierung\\\/software-esuite\\\/dream-report\\\/#primaryimage\"},\"image\":{\"@id\":\"https:\\\/\\\/www.eurotherm.com\\\/de\\\/products\\\/maschinensteuerung-und-prozessautomatisierung\\\/software-esuite\\\/dream-report\\\/#primaryimage\"},\"thumbnailUrl\":\"https:\\\/\\\/www.eurotherm.com\\\/wp-content\\\/uploads\\\/2018\\\/10\\\/Dream-report.jpg\",\"datePublished\":\"2018-10-15T08:50:47+00:00\",\"dateModified\":\"2020-01-29T12:02:35+00:00\",\"description\":\"Dream Report | Dream Report Software von Eurotherm ist eine ganzheitliche Reporting-L\u00f6sung f\u00fcr industrielle Automatisierung. Sie ist so ausgelegt, dass sie die einfachste L\u00f6sung zur Extrahierung von Daten aus nahezu jeder beliebigen Quelle und der Erstellung von Berichten f\u00fcr beliebig viele Benutzer an jedem beliebigen Ort darstellt. Automatische und manuelle Erstellung von Berichten Reduzierung von Engineering-Zeit Web-Portale zum Austausch von Informationen Kontinuierliche Batch-Reporte Erzeugung gesch\u00fctzter PDF\u00b4s und Export in Excel Benutzer-Managementmodul zur Sicherheit Ihrer Daten Unterst\u00fctzung in mehreren Sprachen\",\"breadcrumb\":{\"@id\":\"https:\\\/\\\/www.eurotherm.com\\\/de\\\/products\\\/maschinensteuerung-und-prozessautomatisierung\\\/software-esuite\\\/dream-report\\\/#breadcrumb\"},\"inLanguage\":\"de\",\"potentialAction\":[{\"@type\":\"ReadAction\",\"target\":[\"https:\\\/\\\/www.eurotherm.com\\\/de\\\/products\\\/maschinensteuerung-und-prozessautomatisierung\\\/software-esuite\\\/dream-report\\\/\"]}]},{\"@type\":\"ImageObject\",\"inLanguage\":\"de\",\"@id\":\"https:\\\/\\\/www.eurotherm.com\\\/de\\\/products\\\/maschinensteuerung-und-prozessautomatisierung\\\/software-esuite\\\/dream-report\\\/#primaryimage\",\"url\":\"https:\\\/\\\/www.eurotherm.com\\\/wp-content\\\/uploads\\\/2018\\\/10\\\/Dream-report.jpg\",\"contentUrl\":\"https:\\\/\\\/www.eurotherm.com\\\/wp-content\\\/uploads\\\/2018\\\/10\\\/Dream-report.jpg\",\"width\":500,\"height\":500},{\"@type\":\"BreadcrumbList\",\"@id\":\"https:\\\/\\\/www.eurotherm.com\\\/de\\\/products\\\/maschinensteuerung-und-prozessautomatisierung\\\/software-esuite\\\/dream-report\\\/#breadcrumb\",\"itemListElement\":[{\"@type\":\"ListItem\",\"position\":1,\"name\":\"Home\",\"item\":\"https:\\\/\\\/www.eurotherm.com\\\/de\\\/\"},{\"@type\":\"ListItem\",\"position\":2,\"name\":\"Product Catalogue\",\"item\":\"https:\\\/\\\/www.eurotherm.com\\\/de\\\/product-catalogue\\\/\"},{\"@type\":\"ListItem\",\"position\":3,\"name\":\"Datenschreiber und Datenmanagement\",\"item\":\"https:\\\/\\\/www.eurotherm.com\\\/de\\\/eurotherm-products\\\/datenschreiber-und-datenmanagement\\\/\"},{\"@type\":\"ListItem\",\"position\":4,\"name\":\"Software f\u00fcr das Datenmanagement\",\"item\":\"https:\\\/\\\/www.eurotherm.com\\\/de\\\/eurotherm-products\\\/datenschreiber-und-datenmanagement\\\/software-fuer-das-datenmanagement\\\/\"},{\"@type\":\"ListItem\",\"position\":5,\"name\":\"Dream Report\"}]},{\"@type\":\"WebSite\",\"@id\":\"https:\\\/\\\/www.eurotherm.com\\\/de\\\/#website\",\"url\":\"https:\\\/\\\/www.eurotherm.com\\\/de\\\/\",\"name\":\"Eurotherm Limited\",\"description\":\"Temperature Control, Process Control, Measurement and Data Recording Solutions\",\"potentialAction\":[{\"@type\":\"SearchAction\",\"target\":{\"@type\":\"EntryPoint\",\"urlTemplate\":\"https:\\\/\\\/www.eurotherm.com\\\/de\\\/?s={search_term_string}\"},\"query-input\":{\"@type\":\"PropertyValueSpecification\",\"valueRequired\":true,\"valueName\":\"search_term_string\"}}],\"inLanguage\":\"de\"}]}<\/script>\n<!-- \/ Yoast SEO plugin. -->","yoast_head_json":{"title":"Dream Report | Eurotherm Limited","description":"Dream Report | Datenerfassung Die Dream Report Software beinhaltet einen Eurotherm Review Treiber und Berichtvorlagen, die den Zugriff auf historische","robots":{"index":"index","follow":"follow","max-snippet":"max-snippet:-1","max-image-preview":"max-image-preview:large","max-video-preview":"max-video-preview:-1"},"og_locale":"de_DE","og_type":"article","og_title":"Dream Report | Eurotherm Limited","og_description":"Dream Report | Dream Report Software von Eurotherm ist eine ganzheitliche Reporting-L\u00f6sung f\u00fcr industrielle Automatisierung. Sie ist so ausgelegt, dass sie die einfachste L\u00f6sung zur Extrahierung von Daten aus nahezu jeder beliebigen Quelle und der Erstellung von Berichten f\u00fcr beliebig viele Benutzer an jedem beliebigen Ort darstellt.   Automatische und manuelle Erstellung von Berichten  Reduzierung von Engineering-Zeit  Web-Portale zum Austausch von Informationen  Kontinuierliche Batch-Reporte  Erzeugung gesch\u00fctzter PDF\u00b4s und Export in Excel  Benutzer-Managementmodul zur Sicherheit Ihrer Daten  Unterst\u00fctzung in mehreren Sprachen","og_url":"https:\/\/www.eurotherm.com\/de\/products\/maschinensteuerung-und-prozessautomatisierung\/software-esuite\/dream-report\/","og_site_name":"Eurotherm Limited","article_modified_time":"2020-01-29T12:02:35+00:00","og_image":[{"width":500,"height":500,"url":"https:\/\/www.eurotherm.com\/wp-content\/uploads\/2018\/10\/Dream-report.jpg","type":"image\/jpeg"}],"twitter_card":"summary_large_image","twitter_misc":{"Gesch\u00e4tzte Lesezeit":"2\u00a0Minuten"},"schema":{"@context":"https:\/\/schema.org","@graph":[{"@type":"WebPage","@id":"https:\/\/www.eurotherm.com\/de\/products\/maschinensteuerung-und-prozessautomatisierung\/software-esuite\/dream-report\/","url":"https:\/\/www.eurotherm.com\/de\/products\/maschinensteuerung-und-prozessautomatisierung\/software-esuite\/dream-report\/","name":"Dream Report | Eurotherm Limited","isPartOf":{"@id":"https:\/\/www.eurotherm.com\/de\/#website"},"primaryImageOfPage":{"@id":"https:\/\/www.eurotherm.com\/de\/products\/maschinensteuerung-und-prozessautomatisierung\/software-esuite\/dream-report\/#primaryimage"},"image":{"@id":"https:\/\/www.eurotherm.com\/de\/products\/maschinensteuerung-und-prozessautomatisierung\/software-esuite\/dream-report\/#primaryimage"},"thumbnailUrl":"https:\/\/www.eurotherm.com\/wp-content\/uploads\/2018\/10\/Dream-report.jpg","datePublished":"2018-10-15T08:50:47+00:00","dateModified":"2020-01-29T12:02:35+00:00","description":"Dream Report | Dream Report Software von Eurotherm ist eine ganzheitliche Reporting-L\u00f6sung f\u00fcr industrielle Automatisierung. Sie ist so ausgelegt, dass sie die einfachste L\u00f6sung zur Extrahierung von Daten aus nahezu jeder beliebigen Quelle und der Erstellung von Berichten f\u00fcr beliebig viele Benutzer an jedem beliebigen Ort darstellt. Automatische und manuelle Erstellung von Berichten Reduzierung von Engineering-Zeit Web-Portale zum Austausch von Informationen Kontinuierliche Batch-Reporte Erzeugung gesch\u00fctzter PDF\u00b4s und Export in Excel Benutzer-Managementmodul zur Sicherheit Ihrer Daten Unterst\u00fctzung in mehreren Sprachen","breadcrumb":{"@id":"https:\/\/www.eurotherm.com\/de\/products\/maschinensteuerung-und-prozessautomatisierung\/software-esuite\/dream-report\/#breadcrumb"},"inLanguage":"de","potentialAction":[{"@type":"ReadAction","target":["https:\/\/www.eurotherm.com\/de\/products\/maschinensteuerung-und-prozessautomatisierung\/software-esuite\/dream-report\/"]}]},{"@type":"ImageObject","inLanguage":"de","@id":"https:\/\/www.eurotherm.com\/de\/products\/maschinensteuerung-und-prozessautomatisierung\/software-esuite\/dream-report\/#primaryimage","url":"https:\/\/www.eurotherm.com\/wp-content\/uploads\/2018\/10\/Dream-report.jpg","contentUrl":"https:\/\/www.eurotherm.com\/wp-content\/uploads\/2018\/10\/Dream-report.jpg","width":500,"height":500},{"@type":"BreadcrumbList","@id":"https:\/\/www.eurotherm.com\/de\/products\/maschinensteuerung-und-prozessautomatisierung\/software-esuite\/dream-report\/#breadcrumb","itemListElement":[{"@type":"ListItem","position":1,"name":"Home","item":"https:\/\/www.eurotherm.com\/de\/"},{"@type":"ListItem","position":2,"name":"Product Catalogue","item":"https:\/\/www.eurotherm.com\/de\/product-catalogue\/"},{"@type":"ListItem","position":3,"name":"Datenschreiber und Datenmanagement","item":"https:\/\/www.eurotherm.com\/de\/eurotherm-products\/datenschreiber-und-datenmanagement\/"},{"@type":"ListItem","position":4,"name":"Software f\u00fcr das Datenmanagement","item":"https:\/\/www.eurotherm.com\/de\/eurotherm-products\/datenschreiber-und-datenmanagement\/software-fuer-das-datenmanagement\/"},{"@type":"ListItem","position":5,"name":"Dream Report"}]},{"@type":"WebSite","@id":"https:\/\/www.eurotherm.com\/de\/#website","url":"https:\/\/www.eurotherm.com\/de\/","name":"Eurotherm Limited","description":"Temperature Control, Process Control, Measurement and Data Recording Solutions","potentialAction":[{"@type":"SearchAction","target":{"@type":"EntryPoint","urlTemplate":"https:\/\/www.eurotherm.com\/de\/?s={search_term_string}"},"query-input":{"@type":"PropertyValueSpecification","valueRequired":true,"valueName":"search_term_string"}}],"inLanguage":"de"}]}},"ACF":{"product_file":[29388,27454,28535,27942,27466,27866,27943,27939,27584,27439,29343,27497,27749,27526],"related_products":""},"jetpack_sharing_enabled":true,"_links":{"self":[{"href":"https:\/\/www.eurotherm.com\/de\/wp-json\/wp\/v2\/product\/23697","targetHints":{"allow":["GET"]}}],"collection":[{"href":"https:\/\/www.eurotherm.com\/de\/wp-json\/wp\/v2\/product"}],"about":[{"href":"https:\/\/www.eurotherm.com\/de\/wp-json\/wp\/v2\/types\/product"}],"wp:featuredmedia":[{"embeddable":true,"href":"https:\/\/www.eurotherm.com\/de\/wp-json\/wp\/v2\/media\/95446"}],"wp:attachment":[{"href":"https:\/\/www.eurotherm.com\/de\/wp-json\/wp\/v2\/media?parent=23697"}],"wp:term":[{"taxonomy":"product_brand","embeddable":true,"href":"https:\/\/www.eurotherm.com\/de\/wp-json\/wp\/v2\/product_brand?post=23697"},{"taxonomy":"product_cat","embeddable":true,"href":"https:\/\/www.eurotherm.com\/de\/wp-json\/wp\/v2\/product_cat?post=23697"},{"taxonomy":"product_tag","embeddable":true,"href":"https:\/\/www.eurotherm.com\/de\/wp-json\/wp\/v2\/product_tag?post=23697"}],"curies":[{"name":"wp","href":"https:\/\/api.w.org\/{rel}","templated":true}]}}