{"id":23695,"date":"2018-10-15T08:49:41","date_gmt":"2018-10-15T08:49:41","guid":{"rendered":"https:\/\/www.eurotherm.com\/product\/dezentrale-grafikschreiber-6000xio\/"},"modified":"2023-08-22T17:32:25","modified_gmt":"2023-08-22T09:32:25","slug":"6000xio-distributed-graphic-recorders","status":"publish","type":"product","link":"https:\/\/www.eurotherm.com\/de\/products\/datenschreiber-und-datenmanagement\/grafikschreiber\/6000xio-distributed-graphic-recorders\/","title":{"rendered":"Dezentrale Grafikschreiber \u2013 6000XIO"},"content":{"rendered":"<ul>\n<li>12.1&#8243; XGA und 5.5&#8243; \u00bcVGA Displayoptionen<\/li>\n<li>Fernvisualisierung und -konfiguration<\/li>\n<li>32Mbyte eingebauter Flash-Datenspeicher<\/li>\n<li>Modbus Master<\/li>\n<li>Chargenfunktionen<\/li>\n<li>16-Bit Touchscreen-Farbdisplay<\/li>\n<li>Benutzerdefinierte Grafikanzeigen<\/li>\n<\/ul>\n<p>Jedes 6000XIO Instrument verf\u00fcgt \u00fcber einen intuitiven Touchscreen, der dem Benutzer die Prozessdaten in unterschiedlichen Formaten anzeigt. Alle verf\u00fcgen \u00fcber eingebaute Flash-Datenspeicherf\u00e4higkeit, Ethernet-Kommunikation und Compact Flash Karten zur Datenarchivierung. Die Daten werden in einem f\u00e4lschungssicheren Bin\u00e4rformat gespeichert, das f\u00fcr die sichere, langfristige Aufbewahrung Ihrer Prozessunterlagen benutzt werden kann. Der 6000XIO ist in der Tat f\u00fcr die vernetzte Welt von heute gemacht. Auf die Serie 6000XIO kann \u00fcber ein lokales Netzwerk, eine Einwahlverbindung, Intranet oder das Internet zugegriffen werden.<\/p>\n<p>&nbsp;<\/p>\n<h2>Datenaufzeichnung und Archivierung<\/h2>\n<p>Die Schreiber der Serie 6000XIO verf\u00fcgen \u00fcber einen internen Flash-Speicher f\u00fcr sichere Datenspeicherung. Sie sind auch in der Lage verschiedene entfernbare Medien aufzunehmen (Compact Flash oder USB Memory Stick). Die im internen speicher gespeicherten Daten k\u00f6nnen nach Bedarf oder in voreingestellten Intervallen auf die entfernbaren Medien \u00fcbertragen werden. Der 6000XIO zeigt an, wie lange sein interner Speicher oder der des entfernbaren Mediums entsprechend der Konfiguration des Schreibers ausreicht.<\/p>\n<p>Alle 6000XIO Ger\u00e4te verf\u00fcgen \u00fcber Ethernet-Kommunikation. Je nach ihrer Konfiguration \u00fcbertragen sie die Daten auf das entfernbare Medium und\/oder \u00fcber Ethernet. Die Archivierung der Dateien \u00fcber Ethernet stellt effektiv eine sichere, unbegrenzte Archivierungskapazit\u00e4t dar.<\/p>\n<p>&nbsp;<\/p>\n<p><strong>BESONDERS GEEIGNET F\u00dcR:<\/strong><\/p>\n<ul>\n<li>Remote-\u00dcberwachungsapplikationen<\/li>\n<li>Wasser-\/Abwasser-L\u00f6sungen<\/li>\n<li>Energieverteilung<\/li>\n<li>Stromerzeugung<\/li>\n<li>Applikationen gem\u00e4\u00df 21 CFR Teil 11<\/li>\n<li><a href=\"\/heat-treatment-solutions\/ams2750f-pyrometry-solutions\/\">AMS 2750F<\/a>\/Nadcap W\u00e4rmebehandlungs-Applikationen<\/li>\n<\/ul>\n<p><strong>MERKMALE:<\/strong><\/p>\n<ul>\n<li>Modbus Master<\/li>\n<li>Modbus TCP\/IP<\/li>\n<li>Serielle Kommunikation<\/li>\n<li>Bis zu 176 Kommunikations-Kan\u00e4le<\/li>\n<li>Chargenfunktionen<\/li>\n<\/ul>\n","protected":false},"excerpt":{"rendered":"<p>Jedes 6000XIO Instrument verf\u00fcgt \u00fcber einen intuitiven Touchscreen, der dem Benutzer die Prozessdaten in unterschiedlichen Formaten anzeigt. Alle verf\u00fcgen \u00fcber eingebaute Flash-Datenspeicherf\u00e4higkeit, Ethernet-Kommunikation und Compact Flash Karten zur Datenarchivierung.<\/p>\n","protected":false},"featured_media":6063,"template":"","meta":{"_acf_changed":false},"product_brand":[],"product_cat":[12401,12398,12399,12400,1058],"product_tag":[],"class_list":{"0":"post-23695","1":"product","2":"type-product","3":"status-publish","4":"has-post-thumbnail","6":"product_cat-datenschreiber-und-datenmanagement","7":"product_cat-furnaces-atmosphere-and-vacuum-de","8":"product_cat-grafikschreiber","9":"product_cat-heat-treat-products-de","10":"product_cat-produkte-ger","11":"product_shipping_class-1-de","13":"first","14":"instock","15":"purchasable","16":"product-type-simple"},"acf":[],"yoast_head":"<!-- This site is optimized with the Yoast SEO plugin v27.5 - https:\/\/yoast.com\/product\/yoast-seo-wordpress\/ -->\n<title>Dezentrale Grafikschreiber \u2013 6000XIO | Eurotherm Limited<\/title>\n<meta name=\"description\" content=\"Dezentrale Grafikschreiber \u2013 6000XIO | 12.1&quot; XGA und 5.5&quot; \u00bcVGA Displayoptionen Fernvisualisierung und -konfiguration 32Mbyte\" \/>\n<meta name=\"robots\" content=\"index, follow, max-snippet:-1, max-image-preview:large, max-video-preview:-1\" \/>\n<meta property=\"og:locale\" content=\"de_DE\" \/>\n<meta property=\"og:type\" content=\"article\" \/>\n<meta property=\"og:title\" content=\"Dezentrale Grafikschreiber \u2013 6000XIO | Eurotherm Limited\" \/>\n<meta property=\"og:description\" content=\"Dezentrale Grafikschreiber \u2013 6000XIO | Jedes 6000XIO Instrument verf\u00fcgt \u00fcber einen intuitiven Touchscreen, der dem Benutzer die Prozessdaten in unterschiedlichen Formaten anzeigt. Alle verf\u00fcgen \u00fcber eingebaute Flash-Datenspeicherf\u00e4higkeit, Ethernet-Kommunikation und Compact Flash Karten zur Datenarchivierung.\" \/>\n<meta property=\"og:url\" content=\"https:\/\/www.eurotherm.com\/de\/products\/datenschreiber-und-datenmanagement\/grafikschreiber\/6000xio-distributed-graphic-recorders\/\" \/>\n<meta property=\"og:site_name\" content=\"Eurotherm Limited\" \/>\n<meta property=\"article:modified_time\" content=\"2023-08-22T09:32:25+00:00\" \/>\n<meta property=\"og:image\" content=\"https:\/\/www.eurotherm.com\/wp-content\/uploads\/2018\/10\/6000xio.jpg\" \/>\n\t<meta property=\"og:image:width\" content=\"500\" \/>\n\t<meta property=\"og:image:height\" content=\"500\" \/>\n\t<meta property=\"og:image:type\" content=\"image\/jpeg\" \/>\n<meta name=\"twitter:card\" content=\"summary_large_image\" \/>\n<meta name=\"twitter:label1\" content=\"Gesch\u00e4tzte Lesezeit\" \/>\n\t<meta name=\"twitter:data1\" content=\"2\u00a0Minuten\" \/>\n<script type=\"application\/ld+json\" class=\"yoast-schema-graph\">{\"@context\":\"https:\\\/\\\/schema.org\",\"@graph\":[{\"@type\":\"WebPage\",\"@id\":\"https:\\\/\\\/www.eurotherm.com\\\/de\\\/products\\\/datenschreiber-und-datenmanagement\\\/grafikschreiber\\\/6000xio-distributed-graphic-recorders\\\/\",\"url\":\"https:\\\/\\\/www.eurotherm.com\\\/de\\\/products\\\/datenschreiber-und-datenmanagement\\\/grafikschreiber\\\/6000xio-distributed-graphic-recorders\\\/\",\"name\":\"Dezentrale Grafikschreiber \u2013 6000XIO | Eurotherm Limited\",\"isPartOf\":{\"@id\":\"https:\\\/\\\/www.eurotherm.com\\\/de\\\/#website\"},\"primaryImageOfPage\":{\"@id\":\"https:\\\/\\\/www.eurotherm.com\\\/de\\\/products\\\/datenschreiber-und-datenmanagement\\\/grafikschreiber\\\/6000xio-distributed-graphic-recorders\\\/#primaryimage\"},\"image\":{\"@id\":\"https:\\\/\\\/www.eurotherm.com\\\/de\\\/products\\\/datenschreiber-und-datenmanagement\\\/grafikschreiber\\\/6000xio-distributed-graphic-recorders\\\/#primaryimage\"},\"thumbnailUrl\":\"https:\\\/\\\/www.eurotherm.com\\\/wp-content\\\/uploads\\\/2018\\\/10\\\/6000xio.jpg\",\"datePublished\":\"2018-10-15T08:49:41+00:00\",\"dateModified\":\"2023-08-22T09:32:25+00:00\",\"description\":\"Dezentrale Grafikschreiber \u2013 6000XIO | Jedes 6000XIO Instrument verf\u00fcgt \u00fcber einen intuitiven Touchscreen, der dem Benutzer die Prozessdaten in unterschiedlichen Formaten anzeigt. Alle verf\u00fcgen \u00fcber eingebaute Flash-Datenspeicherf\u00e4higkeit, Ethernet-Kommunikation und Compact Flash Karten zur Datenarchivierung.\",\"breadcrumb\":{\"@id\":\"https:\\\/\\\/www.eurotherm.com\\\/de\\\/products\\\/datenschreiber-und-datenmanagement\\\/grafikschreiber\\\/6000xio-distributed-graphic-recorders\\\/#breadcrumb\"},\"inLanguage\":\"de\",\"potentialAction\":[{\"@type\":\"ReadAction\",\"target\":[\"https:\\\/\\\/www.eurotherm.com\\\/de\\\/products\\\/datenschreiber-und-datenmanagement\\\/grafikschreiber\\\/6000xio-distributed-graphic-recorders\\\/\"]}]},{\"@type\":\"ImageObject\",\"inLanguage\":\"de\",\"@id\":\"https:\\\/\\\/www.eurotherm.com\\\/de\\\/products\\\/datenschreiber-und-datenmanagement\\\/grafikschreiber\\\/6000xio-distributed-graphic-recorders\\\/#primaryimage\",\"url\":\"https:\\\/\\\/www.eurotherm.com\\\/wp-content\\\/uploads\\\/2018\\\/10\\\/6000xio.jpg\",\"contentUrl\":\"https:\\\/\\\/www.eurotherm.com\\\/wp-content\\\/uploads\\\/2018\\\/10\\\/6000xio.jpg\",\"width\":500,\"height\":500},{\"@type\":\"BreadcrumbList\",\"@id\":\"https:\\\/\\\/www.eurotherm.com\\\/de\\\/products\\\/datenschreiber-und-datenmanagement\\\/grafikschreiber\\\/6000xio-distributed-graphic-recorders\\\/#breadcrumb\",\"itemListElement\":[{\"@type\":\"ListItem\",\"position\":1,\"name\":\"Home\",\"item\":\"https:\\\/\\\/www.eurotherm.com\\\/de\\\/\"},{\"@type\":\"ListItem\",\"position\":2,\"name\":\"Product Catalogue\",\"item\":\"https:\\\/\\\/www.eurotherm.com\\\/de\\\/product-catalogue\\\/\"},{\"@type\":\"ListItem\",\"position\":3,\"name\":\"Datenschreiber und Datenmanagement\",\"item\":\"https:\\\/\\\/www.eurotherm.com\\\/de\\\/eurotherm-products\\\/datenschreiber-und-datenmanagement\\\/\"},{\"@type\":\"ListItem\",\"position\":4,\"name\":\"Grafikschreiber\",\"item\":\"https:\\\/\\\/www.eurotherm.com\\\/de\\\/eurotherm-products\\\/datenschreiber-und-datenmanagement\\\/grafikschreiber\\\/\"},{\"@type\":\"ListItem\",\"position\":5,\"name\":\"Dezentrale Grafikschreiber \u2013 6000XIO\"}]},{\"@type\":\"WebSite\",\"@id\":\"https:\\\/\\\/www.eurotherm.com\\\/de\\\/#website\",\"url\":\"https:\\\/\\\/www.eurotherm.com\\\/de\\\/\",\"name\":\"Eurotherm Limited\",\"description\":\"Temperature Control, Process Control, Measurement and Data Recording Solutions\",\"potentialAction\":[{\"@type\":\"SearchAction\",\"target\":{\"@type\":\"EntryPoint\",\"urlTemplate\":\"https:\\\/\\\/www.eurotherm.com\\\/de\\\/?s={search_term_string}\"},\"query-input\":{\"@type\":\"PropertyValueSpecification\",\"valueRequired\":true,\"valueName\":\"search_term_string\"}}],\"inLanguage\":\"de\"}]}<\/script>\n<!-- \/ Yoast SEO plugin. -->","yoast_head_json":{"title":"Dezentrale Grafikschreiber \u2013 6000XIO | Eurotherm Limited","description":"Dezentrale Grafikschreiber \u2013 6000XIO | 12.1\" XGA und 5.5\" \u00bcVGA Displayoptionen Fernvisualisierung und -konfiguration 32Mbyte","robots":{"index":"index","follow":"follow","max-snippet":"max-snippet:-1","max-image-preview":"max-image-preview:large","max-video-preview":"max-video-preview:-1"},"og_locale":"de_DE","og_type":"article","og_title":"Dezentrale Grafikschreiber \u2013 6000XIO | Eurotherm Limited","og_description":"Dezentrale Grafikschreiber \u2013 6000XIO | Jedes 6000XIO Instrument verf\u00fcgt \u00fcber einen intuitiven Touchscreen, der dem Benutzer die Prozessdaten in unterschiedlichen Formaten anzeigt. Alle verf\u00fcgen \u00fcber eingebaute Flash-Datenspeicherf\u00e4higkeit, Ethernet-Kommunikation und Compact Flash Karten zur Datenarchivierung.","og_url":"https:\/\/www.eurotherm.com\/de\/products\/datenschreiber-und-datenmanagement\/grafikschreiber\/6000xio-distributed-graphic-recorders\/","og_site_name":"Eurotherm Limited","article_modified_time":"2023-08-22T09:32:25+00:00","og_image":[{"width":500,"height":500,"url":"https:\/\/www.eurotherm.com\/wp-content\/uploads\/2018\/10\/6000xio.jpg","type":"image\/jpeg"}],"twitter_card":"summary_large_image","twitter_misc":{"Gesch\u00e4tzte Lesezeit":"2\u00a0Minuten"},"schema":{"@context":"https:\/\/schema.org","@graph":[{"@type":"WebPage","@id":"https:\/\/www.eurotherm.com\/de\/products\/datenschreiber-und-datenmanagement\/grafikschreiber\/6000xio-distributed-graphic-recorders\/","url":"https:\/\/www.eurotherm.com\/de\/products\/datenschreiber-und-datenmanagement\/grafikschreiber\/6000xio-distributed-graphic-recorders\/","name":"Dezentrale Grafikschreiber \u2013 6000XIO | Eurotherm Limited","isPartOf":{"@id":"https:\/\/www.eurotherm.com\/de\/#website"},"primaryImageOfPage":{"@id":"https:\/\/www.eurotherm.com\/de\/products\/datenschreiber-und-datenmanagement\/grafikschreiber\/6000xio-distributed-graphic-recorders\/#primaryimage"},"image":{"@id":"https:\/\/www.eurotherm.com\/de\/products\/datenschreiber-und-datenmanagement\/grafikschreiber\/6000xio-distributed-graphic-recorders\/#primaryimage"},"thumbnailUrl":"https:\/\/www.eurotherm.com\/wp-content\/uploads\/2018\/10\/6000xio.jpg","datePublished":"2018-10-15T08:49:41+00:00","dateModified":"2023-08-22T09:32:25+00:00","description":"Dezentrale Grafikschreiber \u2013 6000XIO | Jedes 6000XIO Instrument verf\u00fcgt \u00fcber einen intuitiven Touchscreen, der dem Benutzer die Prozessdaten in unterschiedlichen Formaten anzeigt. Alle verf\u00fcgen \u00fcber eingebaute Flash-Datenspeicherf\u00e4higkeit, Ethernet-Kommunikation und Compact Flash Karten zur Datenarchivierung.","breadcrumb":{"@id":"https:\/\/www.eurotherm.com\/de\/products\/datenschreiber-und-datenmanagement\/grafikschreiber\/6000xio-distributed-graphic-recorders\/#breadcrumb"},"inLanguage":"de","potentialAction":[{"@type":"ReadAction","target":["https:\/\/www.eurotherm.com\/de\/products\/datenschreiber-und-datenmanagement\/grafikschreiber\/6000xio-distributed-graphic-recorders\/"]}]},{"@type":"ImageObject","inLanguage":"de","@id":"https:\/\/www.eurotherm.com\/de\/products\/datenschreiber-und-datenmanagement\/grafikschreiber\/6000xio-distributed-graphic-recorders\/#primaryimage","url":"https:\/\/www.eurotherm.com\/wp-content\/uploads\/2018\/10\/6000xio.jpg","contentUrl":"https:\/\/www.eurotherm.com\/wp-content\/uploads\/2018\/10\/6000xio.jpg","width":500,"height":500},{"@type":"BreadcrumbList","@id":"https:\/\/www.eurotherm.com\/de\/products\/datenschreiber-und-datenmanagement\/grafikschreiber\/6000xio-distributed-graphic-recorders\/#breadcrumb","itemListElement":[{"@type":"ListItem","position":1,"name":"Home","item":"https:\/\/www.eurotherm.com\/de\/"},{"@type":"ListItem","position":2,"name":"Product Catalogue","item":"https:\/\/www.eurotherm.com\/de\/product-catalogue\/"},{"@type":"ListItem","position":3,"name":"Datenschreiber und Datenmanagement","item":"https:\/\/www.eurotherm.com\/de\/eurotherm-products\/datenschreiber-und-datenmanagement\/"},{"@type":"ListItem","position":4,"name":"Grafikschreiber","item":"https:\/\/www.eurotherm.com\/de\/eurotherm-products\/datenschreiber-und-datenmanagement\/grafikschreiber\/"},{"@type":"ListItem","position":5,"name":"Dezentrale Grafikschreiber \u2013 6000XIO"}]},{"@type":"WebSite","@id":"https:\/\/www.eurotherm.com\/de\/#website","url":"https:\/\/www.eurotherm.com\/de\/","name":"Eurotherm Limited","description":"Temperature Control, Process Control, Measurement and Data Recording Solutions","potentialAction":[{"@type":"SearchAction","target":{"@type":"EntryPoint","urlTemplate":"https:\/\/www.eurotherm.com\/de\/?s={search_term_string}"},"query-input":{"@type":"PropertyValueSpecification","valueRequired":true,"valueName":"search_term_string"}}],"inLanguage":"de"}]}},"ACF":{"product_file":[126577,126576,126575,97238,27454,27935,27143,27142,28954,29384,27144,27145,27097,27942,27866,27943,27939,29247,27497,27584,29382,27084,27086,83059,27098,27087,83669,83898,105978,27099,137178,139288],"product_status":"Active Product","enable_watlow_configurator":true,"watlow_product_type":"Multiple","watlow_configurator_links":[{"watlow_name":"6100XIO 5.5\" Display","watlow_link":"https:\/\/www.watlow.com\/Products\/Controllers\/Eurotherm\/6000xio-distributed-graphic-recorders?econfig=6100XIO"},{"watlow_name":"6180XIO 12.1\" Display","watlow_link":"https:\/\/www.watlow.com\/Products\/Controllers\/Eurotherm\/6000xio-distributed-graphic-recorders?econfig=6180XIO"}]},"jetpack_sharing_enabled":true,"_links":{"self":[{"href":"https:\/\/www.eurotherm.com\/de\/wp-json\/wp\/v2\/product\/23695","targetHints":{"allow":["GET"]}}],"collection":[{"href":"https:\/\/www.eurotherm.com\/de\/wp-json\/wp\/v2\/product"}],"about":[{"href":"https:\/\/www.eurotherm.com\/de\/wp-json\/wp\/v2\/types\/product"}],"wp:featuredmedia":[{"embeddable":true,"href":"https:\/\/www.eurotherm.com\/de\/wp-json\/wp\/v2\/media\/6063"}],"wp:attachment":[{"href":"https:\/\/www.eurotherm.com\/de\/wp-json\/wp\/v2\/media?parent=23695"}],"wp:term":[{"taxonomy":"product_brand","embeddable":true,"href":"https:\/\/www.eurotherm.com\/de\/wp-json\/wp\/v2\/product_brand?post=23695"},{"taxonomy":"product_cat","embeddable":true,"href":"https:\/\/www.eurotherm.com\/de\/wp-json\/wp\/v2\/product_cat?post=23695"},{"taxonomy":"product_tag","embeddable":true,"href":"https:\/\/www.eurotherm.com\/de\/wp-json\/wp\/v2\/product_tag?post=23695"}],"curies":[{"name":"wp","href":"https:\/\/api.w.org\/{rel}","templated":true}]}}