{"id":23693,"date":"2018-10-15T08:50:37","date_gmt":"2018-10-15T08:50:37","guid":{"rendered":"https:\/\/www.eurotherm.com\/product\/bridge-echtzeit-fernvisualisierungssoftware\/"},"modified":"2024-01-03T23:38:16","modified_gmt":"2024-01-03T15:38:16","slug":"bridge-visualisation-software","status":"publish","type":"product","link":"https:\/\/www.eurotherm.com\/de\/products\/datenschreiber-und-datenmanagement\/software-fuer-das-datenmanagement\/bridge-visualisation-software\/","title":{"rendered":"Bridge \u2013 Echtzeit-Fernvisualisierungssoftware"},"content":{"rendered":"<p>Konfigurieren, einsehen und bedienen Sie Ihren papierlosen Eurotherm Chessell Grafikschreiber von jedem beliebigen Standort aus.<\/p>\n<ul>\n<li>Echtzeitdaten werden sicher angezeigt<\/li>\n<li>Fernvisualisierung und -konfiguration<\/li>\n<li>Visualisierung des Datenmanagements auf Ihrem PC<\/li>\n<li>Kompatibel mit Intranet und Internet<\/li>\n<\/ul>\n<p><strong>Bridge Lite<\/strong>\u00a0bietet dem Benutzer Fernzugriff in Echtzeit. Alle Standarddisplays und die Instrumentenhistorie der Serie 5000 und 6000 k\u00f6nnen als unabh\u00e4ngige Benutzeroberfl\u00e4che angezeigt werden.<\/p>\n<p><strong>Bridge Full<\/strong>\u00a0erm\u00f6glicht totalen Zugriff auf ein Instrument der Serie 5000 oder 6000, einschlie\u00dflich der Anzeige von Daten, Betrieb und Konfiguration.<\/p>\n<p>Bediener brauchen nur eine Benutzeroberfl\u00e4che zu erlernen, da das Produkt \u00fcber Bridge genauso aussieht wie \u00fcber die Ger\u00e4teanzeige. Jeder Benutzer hat einen spezifischen Benutzernamen und ein Passwort mit unterschiedlichen Zugriffsrechten, die alles gestatten \u2013 vom blo\u00dfen Einsehen der Daten bis zur Chargenkontrolle und voller Konfigurationsberechtigung. Der Benutzer kann au\u00dferdem ma\u00dfgeschneiderte Grafikbildschirme anzeigen, erstellen und editieren, um den bestm\u00f6glichen \u00dcberblick \u00fcber den Prozess zu erhalten (erfordert Benutzerscreen-Option, um am Produkt aktiviert zu sein).<\/p>\n<p>Mindest-PC-Anforderungen<\/p>\n<ul>\n<li>P90 unter Window NT\/2000\/XP<\/li>\n<li>32MB RAM<\/li>\n<li>50MB freier Festplattenplatz<\/li>\n<li>Grafikantrieb mit einer Displaykapazit\u00e4t von &gt; 256 Farben (empfohlen)<\/li>\n<li>Soundkarte erforderlich f\u00fcr h\u00f6rbare Alarmfunktion<\/li>\n<\/ul>\n<p>&nbsp;<\/p>\n<p><strong>MERKMALE:<\/strong><\/p>\n<ul>\n<li>Funktioniert \u00fcber das Internet<\/li>\n<li>Funktioniert \u00fcber das Intranet<\/li>\n<li>Erm\u00f6glicht kundenspezifischen, sicheren Fernzugriff<\/li>\n<li>Remote Batch Control<\/li>\n<\/ul>\n","protected":false},"excerpt":{"rendered":"<p>Bridge ist ein leistungsstarkes, jedoch leicht anzuwendendes Softwarepaket, das von jedem beliebig vernetztem PC aus in der Welt Zugriff auf die Serien 5000 und 6000 erm\u00f6glicht. Mit der richtigen Zugriffbefugnis kann der Bediener auf jede beliebige Anzahl vernetzter Ger\u00e4te der Serien 5000 und 6000 \u00fcber ein lokales Netzwerk, eine Einwahlverbindung, Intranet oder das Internet zugreifen.<\/p>\n<p>Es stehen zwei Versionen von Bridge zur Verf\u00fcgung \u2013\u00a0<strong>Bridge Lite<\/strong>\u00a0und\u00a0<strong>Bridge Full<\/strong>.<\/p>\n","protected":false},"featured_media":16871,"template":"","meta":{"_acf_changed":false},"product_brand":[],"product_cat":[1058,12401,12394],"product_tag":[],"class_list":{"0":"post-23693","1":"product","2":"type-product","3":"status-publish","4":"has-post-thumbnail","6":"product_cat-produkte-ger","7":"product_cat-datenschreiber-und-datenmanagement","8":"product_cat-software-fuer-das-datenmanagement","9":"product_shipping_class-1-de","11":"first","12":"outofstock","13":"purchasable","14":"product-type-simple"},"acf":[],"yoast_head":"<!-- This site is optimized with the Yoast SEO plugin v27.2 - https:\/\/yoast.com\/product\/yoast-seo-wordpress\/ -->\n<title>Bridge \u2013 Echtzeit-Fernvisualisierungssoftware | Eurotherm Limited<\/title>\n<meta name=\"description\" content=\"Bridge \u2013 Echtzeit-Fernvisualisierungssoftware | Konfigurieren, einsehen und bedienen Sie Ihren papierlosen Eurotherm Chessell Grafikschreiber von jedem beliebig\" \/>\n<meta name=\"robots\" content=\"index, follow, max-snippet:-1, max-image-preview:large, max-video-preview:-1\" \/>\n<meta property=\"og:locale\" content=\"de_DE\" \/>\n<meta property=\"og:type\" content=\"article\" \/>\n<meta property=\"og:title\" content=\"Bridge \u2013 Echtzeit-Fernvisualisierungssoftware | Eurotherm Limited\" \/>\n<meta property=\"og:description\" content=\"Bridge \u2013 Echtzeit-Fernvisualisierungssoftware | Bridge ist ein leistungsstarkes, jedoch leicht anzuwendendes Softwarepaket, das von jedem beliebig vernetztem PC aus in der Welt Zugriff auf die Serien 5000 und 6000 erm\u00f6glicht. Mit der richtigen Zugriffbefugnis kann der Bediener auf jede beliebige Anzahl vernetzter Ger\u00e4te der Serien 5000 und 6000 \u00fcber ein lokales Netzwerk, eine Einwahlverbindung, Intranet oder das Internet zugreifen.  Es stehen zwei Versionen von Bridge zur Verf\u00fcgung \u2013\u00a0Bridge Lite\u00a0und\u00a0Bridge Full.\" \/>\n<meta property=\"og:url\" content=\"https:\/\/www.eurotherm.com\/de\/products\/datenschreiber-und-datenmanagement\/software-fuer-das-datenmanagement\/bridge-visualisation-software\/\" \/>\n<meta property=\"og:site_name\" content=\"Eurotherm Limited\" \/>\n<meta property=\"article:modified_time\" content=\"2024-01-03T15:38:16+00:00\" \/>\n<meta property=\"og:image\" content=\"https:\/\/www.eurotherm.com\/wp-content\/uploads\/2018\/10\/Bridge.jpg\" \/>\n\t<meta property=\"og:image:width\" content=\"500\" \/>\n\t<meta property=\"og:image:height\" content=\"500\" \/>\n\t<meta property=\"og:image:type\" content=\"image\/jpeg\" \/>\n<meta name=\"twitter:card\" content=\"summary_large_image\" \/>\n<meta name=\"twitter:label1\" content=\"Gesch\u00e4tzte Lesezeit\" \/>\n\t<meta name=\"twitter:data1\" content=\"1\u00a0Minute\" \/>\n<script type=\"application\/ld+json\" class=\"yoast-schema-graph\">{\"@context\":\"https:\/\/schema.org\",\"@graph\":[{\"@type\":\"WebPage\",\"@id\":\"https:\/\/www.eurotherm.com\/de\/products\/datenschreiber-und-datenmanagement\/software-fuer-das-datenmanagement\/bridge-visualisation-software\/\",\"url\":\"https:\/\/www.eurotherm.com\/de\/products\/datenschreiber-und-datenmanagement\/software-fuer-das-datenmanagement\/bridge-visualisation-software\/\",\"name\":\"Bridge \u2013 Echtzeit-Fernvisualisierungssoftware | Eurotherm Limited\",\"isPartOf\":{\"@id\":\"https:\/\/www.eurotherm.com\/de\/#website\"},\"primaryImageOfPage\":{\"@id\":\"https:\/\/www.eurotherm.com\/de\/products\/datenschreiber-und-datenmanagement\/software-fuer-das-datenmanagement\/bridge-visualisation-software\/#primaryimage\"},\"image\":{\"@id\":\"https:\/\/www.eurotherm.com\/de\/products\/datenschreiber-und-datenmanagement\/software-fuer-das-datenmanagement\/bridge-visualisation-software\/#primaryimage\"},\"thumbnailUrl\":\"https:\/\/www.eurotherm.com\/wp-content\/uploads\/2018\/10\/Bridge.jpg\",\"datePublished\":\"2018-10-15T08:50:37+00:00\",\"dateModified\":\"2024-01-03T15:38:16+00:00\",\"description\":\"Bridge \u2013 Echtzeit-Fernvisualisierungssoftware | Bridge ist ein leistungsstarkes, jedoch leicht anzuwendendes Softwarepaket, das von jedem beliebig vernetztem PC aus in der Welt Zugriff auf die Serien 5000 und 6000 erm\u00f6glicht. Mit der richtigen Zugriffbefugnis kann der Bediener auf jede beliebige Anzahl vernetzter Ger\u00e4te der Serien 5000 und 6000 \u00fcber ein lokales Netzwerk, eine Einwahlverbindung, Intranet oder das Internet zugreifen. Es stehen zwei Versionen von Bridge zur Verf\u00fcgung \u2013\u00a0Bridge Lite\u00a0und\u00a0Bridge Full.\",\"breadcrumb\":{\"@id\":\"https:\/\/www.eurotherm.com\/de\/products\/datenschreiber-und-datenmanagement\/software-fuer-das-datenmanagement\/bridge-visualisation-software\/#breadcrumb\"},\"inLanguage\":\"de\",\"potentialAction\":[{\"@type\":\"ReadAction\",\"target\":[\"https:\/\/www.eurotherm.com\/de\/products\/datenschreiber-und-datenmanagement\/software-fuer-das-datenmanagement\/bridge-visualisation-software\/\"]}]},{\"@type\":\"ImageObject\",\"inLanguage\":\"de\",\"@id\":\"https:\/\/www.eurotherm.com\/de\/products\/datenschreiber-und-datenmanagement\/software-fuer-das-datenmanagement\/bridge-visualisation-software\/#primaryimage\",\"url\":\"https:\/\/www.eurotherm.com\/wp-content\/uploads\/2018\/10\/Bridge.jpg\",\"contentUrl\":\"https:\/\/www.eurotherm.com\/wp-content\/uploads\/2018\/10\/Bridge.jpg\",\"width\":500,\"height\":500},{\"@type\":\"BreadcrumbList\",\"@id\":\"https:\/\/www.eurotherm.com\/de\/products\/datenschreiber-und-datenmanagement\/software-fuer-das-datenmanagement\/bridge-visualisation-software\/#breadcrumb\",\"itemListElement\":[{\"@type\":\"ListItem\",\"position\":1,\"name\":\"Home\",\"item\":\"https:\/\/www.eurotherm.com\/de\/\"},{\"@type\":\"ListItem\",\"position\":2,\"name\":\"Product Catalogue\",\"item\":\"https:\/\/www.eurotherm.com\/de\/product-catalogue\/\"},{\"@type\":\"ListItem\",\"position\":3,\"name\":\"Datenschreiber und Datenmanagement\",\"item\":\"https:\/\/www.eurotherm.com\/de\/eurotherm-products\/datenschreiber-und-datenmanagement\/\"},{\"@type\":\"ListItem\",\"position\":4,\"name\":\"Software f\u00fcr das Datenmanagement\",\"item\":\"https:\/\/www.eurotherm.com\/de\/eurotherm-products\/datenschreiber-und-datenmanagement\/software-fuer-das-datenmanagement\/\"},{\"@type\":\"ListItem\",\"position\":5,\"name\":\"Bridge \u2013 Echtzeit-Fernvisualisierungssoftware\"}]},{\"@type\":\"WebSite\",\"@id\":\"https:\/\/www.eurotherm.com\/de\/#website\",\"url\":\"https:\/\/www.eurotherm.com\/de\/\",\"name\":\"Eurotherm Limited\",\"description\":\"Temperature Control, Process Control, Measurement and Data Recording Solutions\",\"potentialAction\":[{\"@type\":\"SearchAction\",\"target\":{\"@type\":\"EntryPoint\",\"urlTemplate\":\"https:\/\/www.eurotherm.com\/de\/?s={search_term_string}\"},\"query-input\":{\"@type\":\"PropertyValueSpecification\",\"valueRequired\":true,\"valueName\":\"search_term_string\"}}],\"inLanguage\":\"de\"}]}<\/script>\n<!-- \/ Yoast SEO plugin. -->","yoast_head_json":{"title":"Bridge \u2013 Echtzeit-Fernvisualisierungssoftware | Eurotherm Limited","description":"Bridge \u2013 Echtzeit-Fernvisualisierungssoftware | Konfigurieren, einsehen und bedienen Sie Ihren papierlosen Eurotherm Chessell Grafikschreiber von jedem beliebig","robots":{"index":"index","follow":"follow","max-snippet":"max-snippet:-1","max-image-preview":"max-image-preview:large","max-video-preview":"max-video-preview:-1"},"og_locale":"de_DE","og_type":"article","og_title":"Bridge \u2013 Echtzeit-Fernvisualisierungssoftware | Eurotherm Limited","og_description":"Bridge \u2013 Echtzeit-Fernvisualisierungssoftware | Bridge ist ein leistungsstarkes, jedoch leicht anzuwendendes Softwarepaket, das von jedem beliebig vernetztem PC aus in der Welt Zugriff auf die Serien 5000 und 6000 erm\u00f6glicht. Mit der richtigen Zugriffbefugnis kann der Bediener auf jede beliebige Anzahl vernetzter Ger\u00e4te der Serien 5000 und 6000 \u00fcber ein lokales Netzwerk, eine Einwahlverbindung, Intranet oder das Internet zugreifen.  Es stehen zwei Versionen von Bridge zur Verf\u00fcgung \u2013\u00a0Bridge Lite\u00a0und\u00a0Bridge Full.","og_url":"https:\/\/www.eurotherm.com\/de\/products\/datenschreiber-und-datenmanagement\/software-fuer-das-datenmanagement\/bridge-visualisation-software\/","og_site_name":"Eurotherm Limited","article_modified_time":"2024-01-03T15:38:16+00:00","og_image":[{"width":500,"height":500,"url":"https:\/\/www.eurotherm.com\/wp-content\/uploads\/2018\/10\/Bridge.jpg","type":"image\/jpeg"}],"twitter_card":"summary_large_image","twitter_misc":{"Gesch\u00e4tzte Lesezeit":"1\u00a0Minute"},"schema":{"@context":"https:\/\/schema.org","@graph":[{"@type":"WebPage","@id":"https:\/\/www.eurotherm.com\/de\/products\/datenschreiber-und-datenmanagement\/software-fuer-das-datenmanagement\/bridge-visualisation-software\/","url":"https:\/\/www.eurotherm.com\/de\/products\/datenschreiber-und-datenmanagement\/software-fuer-das-datenmanagement\/bridge-visualisation-software\/","name":"Bridge \u2013 Echtzeit-Fernvisualisierungssoftware | Eurotherm Limited","isPartOf":{"@id":"https:\/\/www.eurotherm.com\/de\/#website"},"primaryImageOfPage":{"@id":"https:\/\/www.eurotherm.com\/de\/products\/datenschreiber-und-datenmanagement\/software-fuer-das-datenmanagement\/bridge-visualisation-software\/#primaryimage"},"image":{"@id":"https:\/\/www.eurotherm.com\/de\/products\/datenschreiber-und-datenmanagement\/software-fuer-das-datenmanagement\/bridge-visualisation-software\/#primaryimage"},"thumbnailUrl":"https:\/\/www.eurotherm.com\/wp-content\/uploads\/2018\/10\/Bridge.jpg","datePublished":"2018-10-15T08:50:37+00:00","dateModified":"2024-01-03T15:38:16+00:00","description":"Bridge \u2013 Echtzeit-Fernvisualisierungssoftware | Bridge ist ein leistungsstarkes, jedoch leicht anzuwendendes Softwarepaket, das von jedem beliebig vernetztem PC aus in der Welt Zugriff auf die Serien 5000 und 6000 erm\u00f6glicht. Mit der richtigen Zugriffbefugnis kann der Bediener auf jede beliebige Anzahl vernetzter Ger\u00e4te der Serien 5000 und 6000 \u00fcber ein lokales Netzwerk, eine Einwahlverbindung, Intranet oder das Internet zugreifen. Es stehen zwei Versionen von Bridge zur Verf\u00fcgung \u2013\u00a0Bridge Lite\u00a0und\u00a0Bridge Full.","breadcrumb":{"@id":"https:\/\/www.eurotherm.com\/de\/products\/datenschreiber-und-datenmanagement\/software-fuer-das-datenmanagement\/bridge-visualisation-software\/#breadcrumb"},"inLanguage":"de","potentialAction":[{"@type":"ReadAction","target":["https:\/\/www.eurotherm.com\/de\/products\/datenschreiber-und-datenmanagement\/software-fuer-das-datenmanagement\/bridge-visualisation-software\/"]}]},{"@type":"ImageObject","inLanguage":"de","@id":"https:\/\/www.eurotherm.com\/de\/products\/datenschreiber-und-datenmanagement\/software-fuer-das-datenmanagement\/bridge-visualisation-software\/#primaryimage","url":"https:\/\/www.eurotherm.com\/wp-content\/uploads\/2018\/10\/Bridge.jpg","contentUrl":"https:\/\/www.eurotherm.com\/wp-content\/uploads\/2018\/10\/Bridge.jpg","width":500,"height":500},{"@type":"BreadcrumbList","@id":"https:\/\/www.eurotherm.com\/de\/products\/datenschreiber-und-datenmanagement\/software-fuer-das-datenmanagement\/bridge-visualisation-software\/#breadcrumb","itemListElement":[{"@type":"ListItem","position":1,"name":"Home","item":"https:\/\/www.eurotherm.com\/de\/"},{"@type":"ListItem","position":2,"name":"Product Catalogue","item":"https:\/\/www.eurotherm.com\/de\/product-catalogue\/"},{"@type":"ListItem","position":3,"name":"Datenschreiber und Datenmanagement","item":"https:\/\/www.eurotherm.com\/de\/eurotherm-products\/datenschreiber-und-datenmanagement\/"},{"@type":"ListItem","position":4,"name":"Software f\u00fcr das Datenmanagement","item":"https:\/\/www.eurotherm.com\/de\/eurotherm-products\/datenschreiber-und-datenmanagement\/software-fuer-das-datenmanagement\/"},{"@type":"ListItem","position":5,"name":"Bridge \u2013 Echtzeit-Fernvisualisierungssoftware"}]},{"@type":"WebSite","@id":"https:\/\/www.eurotherm.com\/de\/#website","url":"https:\/\/www.eurotherm.com\/de\/","name":"Eurotherm Limited","description":"Temperature Control, Process Control, Measurement and Data Recording Solutions","potentialAction":[{"@type":"SearchAction","target":{"@type":"EntryPoint","urlTemplate":"https:\/\/www.eurotherm.com\/de\/?s={search_term_string}"},"query-input":{"@type":"PropertyValueSpecification","valueRequired":true,"valueName":"search_term_string"}}],"inLanguage":"de"}]}},"ACF":{"product_file":[27454,29384,29382,27942,27866,27943,27939,28331,27584,126577,126576,126575],"product_status":"Active Product","enable_watlow_configurator":false},"jetpack_sharing_enabled":true,"_links":{"self":[{"href":"https:\/\/www.eurotherm.com\/de\/wp-json\/wp\/v2\/product\/23693","targetHints":{"allow":["GET"]}}],"collection":[{"href":"https:\/\/www.eurotherm.com\/de\/wp-json\/wp\/v2\/product"}],"about":[{"href":"https:\/\/www.eurotherm.com\/de\/wp-json\/wp\/v2\/types\/product"}],"wp:featuredmedia":[{"embeddable":true,"href":"https:\/\/www.eurotherm.com\/de\/wp-json\/wp\/v2\/media\/16871"}],"wp:attachment":[{"href":"https:\/\/www.eurotherm.com\/de\/wp-json\/wp\/v2\/media?parent=23693"}],"wp:term":[{"taxonomy":"product_brand","embeddable":true,"href":"https:\/\/www.eurotherm.com\/de\/wp-json\/wp\/v2\/product_brand?post=23693"},{"taxonomy":"product_cat","embeddable":true,"href":"https:\/\/www.eurotherm.com\/de\/wp-json\/wp\/v2\/product_cat?post=23693"},{"taxonomy":"product_tag","embeddable":true,"href":"https:\/\/www.eurotherm.com\/de\/wp-json\/wp\/v2\/product_tag?post=23693"}],"curies":[{"name":"wp","href":"https:\/\/api.w.org\/{rel}","templated":true}]}}