{"id":23669,"date":"2018-10-15T08:49:53","date_gmt":"2018-10-15T08:49:53","guid":{"rendered":"https:\/\/www.eurotherm.com\/product\/6100e-paperless-graphic-recorder\/"},"modified":"2023-08-18T21:19:02","modified_gmt":"2023-08-18T13:19:02","slug":"6100e-papierloser-graphik-schreiber","status":"publish","type":"product","link":"https:\/\/www.eurotherm.com\/de\/products\/datenschreiber-und-datenmanagement\/grafikschreiber\/6100e-papierloser-graphik-schreiber\/","title":{"rendered":"6100E Papierloser Graphikschreiber"},"content":{"rendered":"<ul>\n<li>Fortschrittliche Datensicherheit und Archivierung<\/li>\n<li>5.5&#8243;, 1\/4 VGA, farbiges Touch Screen Display<\/li>\n<li>Konzipiert f\u00fcr Netzwerk- und Stand-Alone-Betrieb<\/li>\n<li>FTP Client und Server<\/li>\n<li>Live-Datenansicht und Remote-Konfiguration<\/li>\n<li>125ms parallele Abtastung<\/li>\n<\/ul>\n<p>Das Ger\u00e4t eignet sich ideal f\u00fcr grundlegende Visualisierungs- und Aufzeichnungsanforderungen und ist ein hervorragender Ersatz f\u00fcr kleine Linienschreiber &#8211; mit allen Preisvorteilen, der Sicherheit und der Flexibilit\u00e4t sicherer elektronischer Datenspeicher..<\/p>\n<p>Der 6100E verf\u00fcgt \u00fcber ein vollfarbiges Display und nutzt die Touchscreen-Technologie f\u00fcr eine klare und intuitive Konfiguration und Bedienung.n. Dar\u00fcber hinaus unterst\u00fctzt er standardm\u00e4\u00dfig einen USB-Anschluss, der den Anschluss einer Maus, einer Tastatur oder eines Barcodescanners erm\u00f6glicht, so dass Sie die f\u00fcr Sie einfachste Schnittstellenmethode w\u00e4hlen k\u00f6nnen.u.<\/p>\n<h2>Sicherheit, die Sie beruhigt<\/h2>\n<p>Mit dem 6100E werden Ihre Daten in einem sicheren pr\u00fcfsummierten, bin\u00e4r komprimierten Format gespeichert.<\/p>\n<p>Ein Grafikschreiber sorgt daf\u00fcr, dass Stifte und Papier nie ausgehen, und die Daten k\u00f6nnen manuell oder automatisch an verschiedene Orte verschoben und archiviert werden: Wechselmedien, Netzwerkserver oder die Eurotherm Review-Datenbank auf einem PC. Ein interner, nichtfl\u00fcchtiger 8-MB-Speicher bietet direkt am Ger\u00e4t M\u00f6glichkeiten zur Speicherung und \u00dcberpr\u00fcfung von Daten. So k\u00f6nnen Sie die beste Strategie f\u00fcr Ihre Anwendung einrichten, um Ihre Daten sicher zu halten &#8211; auf Wunsch auch ohne Bedienereingriff.<\/p>\n<h2>Ein preiswerter Rekorder mit anpassbaren Funktionen<\/h2>\n<p>Der 6100E bringt nicht nur alles Basics mit, die Sie f\u00fcr Ihre Datenaufzeichnung ben\u00f6tigen, er verf\u00fcgt auch \u00fcber Funktionen, die ihn optimal auf Ihre Applikationsanforderungen abstimmen. Der USB-Anschluss kann zur Unterst\u00fctzung eines austauschbaren Speichersticks f\u00fcr z. B. zus\u00e4tzliche Datenspeicherung lokal am Schreiber verwendet werden oder zur Unterst\u00fctzung zus\u00e4tzlicher Bedienger\u00e4te, wie z. B. Barcodeleser, Tastatur oder Maus.<\/p>\n<p>6100E bietet einen Ethernet-Anschluss und unterst\u00fctzt die Protokolle Modbus TCP (Slave) und FTP. Der Rekorder kann daher sehr einfach in ein gr\u00f6\u00dferes System integriert werden und Datendateien k\u00f6nnen \u00fcber das Netzwerk \u00fcbertragen werden. Ihre Daten sind dort verf\u00fcgbar, wo und wann Sie sie haben wollen.<\/p>\n<p>Die Unterst\u00fctzung von Relaisausg\u00e4ngen und konfigurierbaren Mathematik-, Summier- und Z\u00e4hlerkan\u00e4len gibt Ihnen weitere Flexibilit\u00e4t, um den Schreiber an sehr spezifische Applikationsanforderungen anzupassen. Zu den mathematischen Funktionen geh\u00f6ren Addieren, Subtrahieren, Multiplizieren, Dividieren, Konstante, Gruppen-Maximum, Gruppen-Mittelwert, Kanal-Minimum, Kanal-Maximum, Kanal-Durchschnitt, gleitender Durchschnitt und Slave-Kommunikation.<\/p>\n<p>Funktionen:<\/p>\n<ul>\n<li>Fortschrittliche Datensicherheit und Archivierung<\/li>\n<li>Universaleingang<\/li>\n<li>Ethernet Kommunikation<\/li>\n<li>Zeitsynchronisation (SNTP)<\/li>\n<\/ul>\n<p><a href=\"https:\/\/www.eurotherm.com\/en\/products\/recorders-and-data-acquisition-en\/recorders-software-en\/data-reviewer\/\">Der Eurotherm Data Reviewer ist die ideale Wahl f\u00fcr die Anzeige, Analyse und den Druck von historischen Messwerten, die von Eurotherm-Datenerfassungsger\u00e4ten aufgezeichnet wurden.<\/a><\/p>\n","protected":false},"excerpt":{"rendered":"<h2>6100E &#8211; 6 Kanal, Ethernet Kommunikation papierlose Graphikschreiber<\/h2>\n<p>Der 6100E bietet Ihnen bew\u00e4hrte Eurotherm-Qualit\u00e4t in einem Basismodell, f\u00fcr einfache Standardanwendungen in der Datenerfassung.<\/p>\n","protected":false},"featured_media":6245,"template":"","meta":{"_acf_changed":false},"product_brand":[],"product_cat":[12401,12399,1058],"product_tag":[],"class_list":{"0":"post-23669","1":"product","2":"type-product","3":"status-publish","4":"has-post-thumbnail","6":"product_cat-datenschreiber-und-datenmanagement","7":"product_cat-grafikschreiber","8":"product_cat-produkte-ger","9":"product_shipping_class-1-de","11":"first","12":"instock","13":"purchasable","14":"product-type-simple"},"acf":[],"yoast_head":"<!-- This site is optimized with the Yoast SEO plugin v27.5 - https:\/\/yoast.com\/product\/yoast-seo-wordpress\/ -->\n<title>6100E Papierloser Graphikschreiber | Eurotherm Limited<\/title>\n<meta name=\"description\" content=\"6100E Papierloser Graphikschreiber | Fortschrittliche Datensicherheit und Archivierung 5.5&quot;, 1\/4 VGA, farbiges Touch Screen Display\" \/>\n<meta name=\"robots\" content=\"index, follow, max-snippet:-1, max-image-preview:large, max-video-preview:-1\" \/>\n<meta property=\"og:locale\" content=\"de_DE\" \/>\n<meta property=\"og:type\" content=\"article\" \/>\n<meta property=\"og:title\" content=\"6100E Papierloser Graphikschreiber | Eurotherm Limited\" \/>\n<meta property=\"og:description\" content=\"6100E Papierloser Graphikschreiber | 6100E - 6 Kanal, Ethernet Kommunikation papierlose Graphikschreiber Der 6100E bietet Ihnen bew\u00e4hrte Eurotherm-Qualit\u00e4t in einem Basismodell, f\u00fcr einfache Standardanwendungen in der Datenerfassung.\" \/>\n<meta property=\"og:url\" content=\"https:\/\/www.eurotherm.com\/de\/products\/datenschreiber-und-datenmanagement\/grafikschreiber\/6100e-papierloser-graphik-schreiber\/\" \/>\n<meta property=\"og:site_name\" content=\"Eurotherm Limited\" \/>\n<meta property=\"article:modified_time\" content=\"2023-08-18T13:19:02+00:00\" \/>\n<meta property=\"og:image\" content=\"https:\/\/www.eurotherm.com\/wp-content\/uploads\/2018\/10\/6100e.jpg\" \/>\n\t<meta property=\"og:image:width\" content=\"500\" \/>\n\t<meta property=\"og:image:height\" content=\"500\" \/>\n\t<meta property=\"og:image:type\" content=\"image\/jpeg\" \/>\n<meta name=\"twitter:card\" content=\"summary_large_image\" \/>\n<meta name=\"twitter:label1\" content=\"Gesch\u00e4tzte Lesezeit\" \/>\n\t<meta name=\"twitter:data1\" content=\"2\u00a0Minuten\" \/>\n<script type=\"application\/ld+json\" class=\"yoast-schema-graph\">{\"@context\":\"https:\\\/\\\/schema.org\",\"@graph\":[{\"@type\":\"WebPage\",\"@id\":\"https:\\\/\\\/www.eurotherm.com\\\/de\\\/products\\\/datenschreiber-und-datenmanagement\\\/grafikschreiber\\\/6100e-papierloser-graphik-schreiber\\\/\",\"url\":\"https:\\\/\\\/www.eurotherm.com\\\/de\\\/products\\\/datenschreiber-und-datenmanagement\\\/grafikschreiber\\\/6100e-papierloser-graphik-schreiber\\\/\",\"name\":\"6100E Papierloser Graphikschreiber | Eurotherm Limited\",\"isPartOf\":{\"@id\":\"https:\\\/\\\/www.eurotherm.com\\\/de\\\/#website\"},\"primaryImageOfPage\":{\"@id\":\"https:\\\/\\\/www.eurotherm.com\\\/de\\\/products\\\/datenschreiber-und-datenmanagement\\\/grafikschreiber\\\/6100e-papierloser-graphik-schreiber\\\/#primaryimage\"},\"image\":{\"@id\":\"https:\\\/\\\/www.eurotherm.com\\\/de\\\/products\\\/datenschreiber-und-datenmanagement\\\/grafikschreiber\\\/6100e-papierloser-graphik-schreiber\\\/#primaryimage\"},\"thumbnailUrl\":\"https:\\\/\\\/www.eurotherm.com\\\/wp-content\\\/uploads\\\/2018\\\/10\\\/6100e.jpg\",\"datePublished\":\"2018-10-15T08:49:53+00:00\",\"dateModified\":\"2023-08-18T13:19:02+00:00\",\"description\":\"6100E Papierloser Graphikschreiber | 6100E - 6 Kanal, Ethernet Kommunikation papierlose Graphikschreiber Der 6100E bietet Ihnen bew\u00e4hrte Eurotherm-Qualit\u00e4t in einem Basismodell, f\u00fcr einfache Standardanwendungen in der Datenerfassung.\",\"breadcrumb\":{\"@id\":\"https:\\\/\\\/www.eurotherm.com\\\/de\\\/products\\\/datenschreiber-und-datenmanagement\\\/grafikschreiber\\\/6100e-papierloser-graphik-schreiber\\\/#breadcrumb\"},\"inLanguage\":\"de\",\"potentialAction\":[{\"@type\":\"ReadAction\",\"target\":[\"https:\\\/\\\/www.eurotherm.com\\\/de\\\/products\\\/datenschreiber-und-datenmanagement\\\/grafikschreiber\\\/6100e-papierloser-graphik-schreiber\\\/\"]}]},{\"@type\":\"ImageObject\",\"inLanguage\":\"de\",\"@id\":\"https:\\\/\\\/www.eurotherm.com\\\/de\\\/products\\\/datenschreiber-und-datenmanagement\\\/grafikschreiber\\\/6100e-papierloser-graphik-schreiber\\\/#primaryimage\",\"url\":\"https:\\\/\\\/www.eurotherm.com\\\/wp-content\\\/uploads\\\/2018\\\/10\\\/6100e.jpg\",\"contentUrl\":\"https:\\\/\\\/www.eurotherm.com\\\/wp-content\\\/uploads\\\/2018\\\/10\\\/6100e.jpg\",\"width\":500,\"height\":500},{\"@type\":\"BreadcrumbList\",\"@id\":\"https:\\\/\\\/www.eurotherm.com\\\/de\\\/products\\\/datenschreiber-und-datenmanagement\\\/grafikschreiber\\\/6100e-papierloser-graphik-schreiber\\\/#breadcrumb\",\"itemListElement\":[{\"@type\":\"ListItem\",\"position\":1,\"name\":\"Home\",\"item\":\"https:\\\/\\\/www.eurotherm.com\\\/de\\\/\"},{\"@type\":\"ListItem\",\"position\":2,\"name\":\"Product Catalogue\",\"item\":\"https:\\\/\\\/www.eurotherm.com\\\/de\\\/product-catalogue\\\/\"},{\"@type\":\"ListItem\",\"position\":3,\"name\":\"Datenschreiber und Datenmanagement\",\"item\":\"https:\\\/\\\/www.eurotherm.com\\\/de\\\/eurotherm-products\\\/datenschreiber-und-datenmanagement\\\/\"},{\"@type\":\"ListItem\",\"position\":4,\"name\":\"Grafikschreiber\",\"item\":\"https:\\\/\\\/www.eurotherm.com\\\/de\\\/eurotherm-products\\\/datenschreiber-und-datenmanagement\\\/grafikschreiber\\\/\"},{\"@type\":\"ListItem\",\"position\":5,\"name\":\"6100E Papierloser Graphikschreiber\"}]},{\"@type\":\"WebSite\",\"@id\":\"https:\\\/\\\/www.eurotherm.com\\\/de\\\/#website\",\"url\":\"https:\\\/\\\/www.eurotherm.com\\\/de\\\/\",\"name\":\"Eurotherm Limited\",\"description\":\"Temperature Control, Process Control, Measurement and Data Recording Solutions\",\"potentialAction\":[{\"@type\":\"SearchAction\",\"target\":{\"@type\":\"EntryPoint\",\"urlTemplate\":\"https:\\\/\\\/www.eurotherm.com\\\/de\\\/?s={search_term_string}\"},\"query-input\":{\"@type\":\"PropertyValueSpecification\",\"valueRequired\":true,\"valueName\":\"search_term_string\"}}],\"inLanguage\":\"de\"}]}<\/script>\n<!-- \/ Yoast SEO plugin. -->","yoast_head_json":{"title":"6100E Papierloser Graphikschreiber | Eurotherm Limited","description":"6100E Papierloser Graphikschreiber | Fortschrittliche Datensicherheit und Archivierung 5.5\", 1\/4 VGA, farbiges Touch Screen Display","robots":{"index":"index","follow":"follow","max-snippet":"max-snippet:-1","max-image-preview":"max-image-preview:large","max-video-preview":"max-video-preview:-1"},"og_locale":"de_DE","og_type":"article","og_title":"6100E Papierloser Graphikschreiber | Eurotherm Limited","og_description":"6100E Papierloser Graphikschreiber | 6100E - 6 Kanal, Ethernet Kommunikation papierlose Graphikschreiber Der 6100E bietet Ihnen bew\u00e4hrte Eurotherm-Qualit\u00e4t in einem Basismodell, f\u00fcr einfache Standardanwendungen in der Datenerfassung.","og_url":"https:\/\/www.eurotherm.com\/de\/products\/datenschreiber-und-datenmanagement\/grafikschreiber\/6100e-papierloser-graphik-schreiber\/","og_site_name":"Eurotherm Limited","article_modified_time":"2023-08-18T13:19:02+00:00","og_image":[{"width":500,"height":500,"url":"https:\/\/www.eurotherm.com\/wp-content\/uploads\/2018\/10\/6100e.jpg","type":"image\/jpeg"}],"twitter_card":"summary_large_image","twitter_misc":{"Gesch\u00e4tzte Lesezeit":"2\u00a0Minuten"},"schema":{"@context":"https:\/\/schema.org","@graph":[{"@type":"WebPage","@id":"https:\/\/www.eurotherm.com\/de\/products\/datenschreiber-und-datenmanagement\/grafikschreiber\/6100e-papierloser-graphik-schreiber\/","url":"https:\/\/www.eurotherm.com\/de\/products\/datenschreiber-und-datenmanagement\/grafikschreiber\/6100e-papierloser-graphik-schreiber\/","name":"6100E Papierloser Graphikschreiber | Eurotherm Limited","isPartOf":{"@id":"https:\/\/www.eurotherm.com\/de\/#website"},"primaryImageOfPage":{"@id":"https:\/\/www.eurotherm.com\/de\/products\/datenschreiber-und-datenmanagement\/grafikschreiber\/6100e-papierloser-graphik-schreiber\/#primaryimage"},"image":{"@id":"https:\/\/www.eurotherm.com\/de\/products\/datenschreiber-und-datenmanagement\/grafikschreiber\/6100e-papierloser-graphik-schreiber\/#primaryimage"},"thumbnailUrl":"https:\/\/www.eurotherm.com\/wp-content\/uploads\/2018\/10\/6100e.jpg","datePublished":"2018-10-15T08:49:53+00:00","dateModified":"2023-08-18T13:19:02+00:00","description":"6100E Papierloser Graphikschreiber | 6100E - 6 Kanal, Ethernet Kommunikation papierlose Graphikschreiber Der 6100E bietet Ihnen bew\u00e4hrte Eurotherm-Qualit\u00e4t in einem Basismodell, f\u00fcr einfache Standardanwendungen in der Datenerfassung.","breadcrumb":{"@id":"https:\/\/www.eurotherm.com\/de\/products\/datenschreiber-und-datenmanagement\/grafikschreiber\/6100e-papierloser-graphik-schreiber\/#breadcrumb"},"inLanguage":"de","potentialAction":[{"@type":"ReadAction","target":["https:\/\/www.eurotherm.com\/de\/products\/datenschreiber-und-datenmanagement\/grafikschreiber\/6100e-papierloser-graphik-schreiber\/"]}]},{"@type":"ImageObject","inLanguage":"de","@id":"https:\/\/www.eurotherm.com\/de\/products\/datenschreiber-und-datenmanagement\/grafikschreiber\/6100e-papierloser-graphik-schreiber\/#primaryimage","url":"https:\/\/www.eurotherm.com\/wp-content\/uploads\/2018\/10\/6100e.jpg","contentUrl":"https:\/\/www.eurotherm.com\/wp-content\/uploads\/2018\/10\/6100e.jpg","width":500,"height":500},{"@type":"BreadcrumbList","@id":"https:\/\/www.eurotherm.com\/de\/products\/datenschreiber-und-datenmanagement\/grafikschreiber\/6100e-papierloser-graphik-schreiber\/#breadcrumb","itemListElement":[{"@type":"ListItem","position":1,"name":"Home","item":"https:\/\/www.eurotherm.com\/de\/"},{"@type":"ListItem","position":2,"name":"Product Catalogue","item":"https:\/\/www.eurotherm.com\/de\/product-catalogue\/"},{"@type":"ListItem","position":3,"name":"Datenschreiber und Datenmanagement","item":"https:\/\/www.eurotherm.com\/de\/eurotherm-products\/datenschreiber-und-datenmanagement\/"},{"@type":"ListItem","position":4,"name":"Grafikschreiber","item":"https:\/\/www.eurotherm.com\/de\/eurotherm-products\/datenschreiber-und-datenmanagement\/grafikschreiber\/"},{"@type":"ListItem","position":5,"name":"6100E Papierloser Graphikschreiber"}]},{"@type":"WebSite","@id":"https:\/\/www.eurotherm.com\/de\/#website","url":"https:\/\/www.eurotherm.com\/de\/","name":"Eurotherm Limited","description":"Temperature Control, Process Control, Measurement and Data Recording Solutions","potentialAction":[{"@type":"SearchAction","target":{"@type":"EntryPoint","urlTemplate":"https:\/\/www.eurotherm.com\/de\/?s={search_term_string}"},"query-input":{"@type":"PropertyValueSpecification","valueRequired":true,"valueName":"search_term_string"}}],"inLanguage":"de"}]}},"ACF":{"product_file":[27454,28954,27142,27143,29382,29384,27144,27145,27097,27942,27866,27943,27939,29248,27956,27088,27125,27497,27584,28557,27086,58157,27121,27126,27084,83059,139290],"product_status":"Active Product","enable_watlow_configurator":true,"watlow_product_type":"Single","watlow_configurator_link":"https:\/\/www.watlow.com\/Products\/Controllers\/Eurotherm\/6100e-paperless-graphic-recorder?econfig=123"},"jetpack_sharing_enabled":true,"_links":{"self":[{"href":"https:\/\/www.eurotherm.com\/de\/wp-json\/wp\/v2\/product\/23669","targetHints":{"allow":["GET"]}}],"collection":[{"href":"https:\/\/www.eurotherm.com\/de\/wp-json\/wp\/v2\/product"}],"about":[{"href":"https:\/\/www.eurotherm.com\/de\/wp-json\/wp\/v2\/types\/product"}],"wp:featuredmedia":[{"embeddable":true,"href":"https:\/\/www.eurotherm.com\/de\/wp-json\/wp\/v2\/media\/6245"}],"wp:attachment":[{"href":"https:\/\/www.eurotherm.com\/de\/wp-json\/wp\/v2\/media?parent=23669"}],"wp:term":[{"taxonomy":"product_brand","embeddable":true,"href":"https:\/\/www.eurotherm.com\/de\/wp-json\/wp\/v2\/product_brand?post=23669"},{"taxonomy":"product_cat","embeddable":true,"href":"https:\/\/www.eurotherm.com\/de\/wp-json\/wp\/v2\/product_cat?post=23669"},{"taxonomy":"product_tag","embeddable":true,"href":"https:\/\/www.eurotherm.com\/de\/wp-json\/wp\/v2\/product_tag?post=23669"}],"curies":[{"name":"wp","href":"https:\/\/api.w.org\/{rel}","templated":true}]}}