{"id":23668,"date":"2018-10-15T08:49:41","date_gmt":"2018-10-16T15:54:21","guid":{"rendered":"https:\/\/www.eurotherm.com\/product\/6100a-tus-recorder\/"},"modified":"2022-06-08T15:55:05","modified_gmt":"2022-06-08T07:55:05","slug":"6100a-tus-recorder","status":"publish","type":"product","link":"https:\/\/www.eurotherm.com\/de\/products\/datenschreiber-und-datenmanagement\/grafikschreiber\/6100a-tus-recorder\/","title":{"rendered":"6100A TUS Schreiber"},"content":{"rendered":"<p>6100A TUS portabler Schreiber<\/p>\n<p>15 hochgenaue universelle Thermoelement-Eing\u00e4nge<br \/>\nStabiler, tragbarer schwarzer Koffer<br \/>\n96MB interner Speicher f\u00fcr lokale Datenarchivierung<br \/>\n4GB Compact-Flash-Speicherkarte f\u00fcr zus\u00e4tzlichen Speicherplatz (bis zu 8 GB verf\u00fcgbar)<br \/>\nRemote- Anzeige und Konfiguration<br \/>\nAutomatischer Datentransfer zur lokalen Datenbasis<br \/>\nAudit Trail<br \/>\nChargenfunktionalit\u00e4t<br \/>\n36 virtuelle Kan\u00e4le (erweiterbar bis zu 128)<br \/>\nTUS Software &amp; Lizenz<\/p>\n","protected":false},"excerpt":{"rendered":"<p>6100A TUS portabler Schreiber 15 hochgenaue universelle Thermoelement-Eing\u00e4nge Stabiler, tragbarer schwarzer Koffer 96MB interner Speicher f\u00fcr lokale Datenarchivierung 4GB Compact-Flash-Speicherkarte [&hellip;]<\/p>\n","protected":false},"featured_media":68234,"template":"","meta":{"_acf_changed":false},"product_brand":[],"product_cat":[12401,12398,12399,12400,1058],"product_tag":[],"class_list":{"0":"post-23668","1":"product","2":"type-product","3":"status-publish","4":"has-post-thumbnail","6":"product_cat-datenschreiber-und-datenmanagement","7":"product_cat-furnaces-atmosphere-and-vacuum-de","8":"product_cat-grafikschreiber","9":"product_cat-heat-treat-products-de","10":"product_cat-produkte-ger","11":"product_shipping_class-1-de","13":"first","14":"instock","15":"purchasable","16":"product-type-simple"},"acf":[],"yoast_head":"<!-- This site is optimized with the Yoast SEO plugin v27.5 - https:\/\/yoast.com\/product\/yoast-seo-wordpress\/ -->\n<title>6100A TUS Schreiber | Eurotherm Limited<\/title>\n<meta name=\"description\" content=\"6100A TUS Schreiber | 6100A TUS portabler Schreiber 15 hochgenaue universelle Thermoelement-Eing\u00e4nge Stabiler, tragbarer schwarzer Koffer 96MB interner Spe\" \/>\n<meta name=\"robots\" content=\"index, follow, max-snippet:-1, max-image-preview:large, max-video-preview:-1\" \/>\n<meta property=\"og:locale\" content=\"de_DE\" \/>\n<meta property=\"og:type\" content=\"article\" \/>\n<meta property=\"og:title\" content=\"6100A TUS Schreiber | Eurotherm Limited\" \/>\n<meta property=\"og:description\" content=\"6100A TUS Schreiber | 6100A TUS portabler Schreiber 15 hochgenaue universelle Thermoelement-Eing\u00e4nge Stabiler, tragbarer schwarzer Koffer 96MB interner Speicher f\u00fcr lokale\" \/>\n<meta property=\"og:url\" content=\"https:\/\/www.eurotherm.com\/de\/products\/datenschreiber-und-datenmanagement\/grafikschreiber\/6100a-tus-recorder\/\" \/>\n<meta property=\"og:site_name\" content=\"Eurotherm Limited\" \/>\n<meta property=\"article:modified_time\" content=\"2022-06-08T07:55:05+00:00\" \/>\n<meta property=\"og:image\" content=\"https:\/\/www.eurotherm.com\/wp-content\/uploads\/2018\/10\/6100A_6180A_Product-shot-1.jpg\" \/>\n\t<meta property=\"og:image:width\" content=\"1382\" \/>\n\t<meta property=\"og:image:height\" content=\"1228\" \/>\n\t<meta property=\"og:image:type\" content=\"image\/jpeg\" \/>\n<meta name=\"twitter:card\" content=\"summary_large_image\" \/>\n<meta name=\"twitter:label1\" content=\"Gesch\u00e4tzte Lesezeit\" \/>\n\t<meta name=\"twitter:data1\" content=\"1\u00a0Minute\" \/>\n<script type=\"application\/ld+json\" class=\"yoast-schema-graph\">{\"@context\":\"https:\\\/\\\/schema.org\",\"@graph\":[{\"@type\":\"WebPage\",\"@id\":\"https:\\\/\\\/www.eurotherm.com\\\/de\\\/products\\\/datenschreiber-und-datenmanagement\\\/grafikschreiber\\\/6100a-tus-recorder\\\/\",\"url\":\"https:\\\/\\\/www.eurotherm.com\\\/de\\\/products\\\/datenschreiber-und-datenmanagement\\\/grafikschreiber\\\/6100a-tus-recorder\\\/\",\"name\":\"6100A TUS Schreiber | Eurotherm Limited\",\"isPartOf\":{\"@id\":\"https:\\\/\\\/www.eurotherm.com\\\/de\\\/#website\"},\"primaryImageOfPage\":{\"@id\":\"https:\\\/\\\/www.eurotherm.com\\\/de\\\/products\\\/datenschreiber-und-datenmanagement\\\/grafikschreiber\\\/6100a-tus-recorder\\\/#primaryimage\"},\"image\":{\"@id\":\"https:\\\/\\\/www.eurotherm.com\\\/de\\\/products\\\/datenschreiber-und-datenmanagement\\\/grafikschreiber\\\/6100a-tus-recorder\\\/#primaryimage\"},\"thumbnailUrl\":\"https:\\\/\\\/www.eurotherm.com\\\/wp-content\\\/uploads\\\/2018\\\/10\\\/6100A_6180A_Product-shot-1.jpg\",\"datePublished\":\"2018-10-16T15:54:21+00:00\",\"dateModified\":\"2022-06-08T07:55:05+00:00\",\"description\":\"6100A TUS Schreiber | 6100A TUS portabler Schreiber 15 hochgenaue universelle Thermoelement-Eing\u00e4nge Stabiler, tragbarer schwarzer Koffer 96MB interner Speicher f\u00fcr lokale\",\"breadcrumb\":{\"@id\":\"https:\\\/\\\/www.eurotherm.com\\\/de\\\/products\\\/datenschreiber-und-datenmanagement\\\/grafikschreiber\\\/6100a-tus-recorder\\\/#breadcrumb\"},\"inLanguage\":\"de\",\"potentialAction\":[{\"@type\":\"ReadAction\",\"target\":[\"https:\\\/\\\/www.eurotherm.com\\\/de\\\/products\\\/datenschreiber-und-datenmanagement\\\/grafikschreiber\\\/6100a-tus-recorder\\\/\"]}]},{\"@type\":\"ImageObject\",\"inLanguage\":\"de\",\"@id\":\"https:\\\/\\\/www.eurotherm.com\\\/de\\\/products\\\/datenschreiber-und-datenmanagement\\\/grafikschreiber\\\/6100a-tus-recorder\\\/#primaryimage\",\"url\":\"https:\\\/\\\/www.eurotherm.com\\\/wp-content\\\/uploads\\\/2018\\\/10\\\/6100A_6180A_Product-shot-1.jpg\",\"contentUrl\":\"https:\\\/\\\/www.eurotherm.com\\\/wp-content\\\/uploads\\\/2018\\\/10\\\/6100A_6180A_Product-shot-1.jpg\",\"width\":1382,\"height\":1228},{\"@type\":\"BreadcrumbList\",\"@id\":\"https:\\\/\\\/www.eurotherm.com\\\/de\\\/products\\\/datenschreiber-und-datenmanagement\\\/grafikschreiber\\\/6100a-tus-recorder\\\/#breadcrumb\",\"itemListElement\":[{\"@type\":\"ListItem\",\"position\":1,\"name\":\"Home\",\"item\":\"https:\\\/\\\/www.eurotherm.com\\\/de\\\/\"},{\"@type\":\"ListItem\",\"position\":2,\"name\":\"Product Catalogue\",\"item\":\"https:\\\/\\\/www.eurotherm.com\\\/de\\\/product-catalogue\\\/\"},{\"@type\":\"ListItem\",\"position\":3,\"name\":\"Datenschreiber und Datenmanagement\",\"item\":\"https:\\\/\\\/www.eurotherm.com\\\/de\\\/eurotherm-products\\\/datenschreiber-und-datenmanagement\\\/\"},{\"@type\":\"ListItem\",\"position\":4,\"name\":\"Grafikschreiber\",\"item\":\"https:\\\/\\\/www.eurotherm.com\\\/de\\\/eurotherm-products\\\/datenschreiber-und-datenmanagement\\\/grafikschreiber\\\/\"},{\"@type\":\"ListItem\",\"position\":5,\"name\":\"6100A TUS Schreiber\"}]},{\"@type\":\"WebSite\",\"@id\":\"https:\\\/\\\/www.eurotherm.com\\\/de\\\/#website\",\"url\":\"https:\\\/\\\/www.eurotherm.com\\\/de\\\/\",\"name\":\"Eurotherm Limited\",\"description\":\"Temperature Control, Process Control, Measurement and Data Recording Solutions\",\"potentialAction\":[{\"@type\":\"SearchAction\",\"target\":{\"@type\":\"EntryPoint\",\"urlTemplate\":\"https:\\\/\\\/www.eurotherm.com\\\/de\\\/?s={search_term_string}\"},\"query-input\":{\"@type\":\"PropertyValueSpecification\",\"valueRequired\":true,\"valueName\":\"search_term_string\"}}],\"inLanguage\":\"de\"}]}<\/script>\n<!-- \/ Yoast SEO plugin. -->","yoast_head_json":{"title":"6100A TUS Schreiber | Eurotherm Limited","description":"6100A TUS Schreiber | 6100A TUS portabler Schreiber 15 hochgenaue universelle Thermoelement-Eing\u00e4nge Stabiler, tragbarer schwarzer Koffer 96MB interner Spe","robots":{"index":"index","follow":"follow","max-snippet":"max-snippet:-1","max-image-preview":"max-image-preview:large","max-video-preview":"max-video-preview:-1"},"og_locale":"de_DE","og_type":"article","og_title":"6100A TUS Schreiber | Eurotherm Limited","og_description":"6100A TUS Schreiber | 6100A TUS portabler Schreiber 15 hochgenaue universelle Thermoelement-Eing\u00e4nge Stabiler, tragbarer schwarzer Koffer 96MB interner Speicher f\u00fcr lokale","og_url":"https:\/\/www.eurotherm.com\/de\/products\/datenschreiber-und-datenmanagement\/grafikschreiber\/6100a-tus-recorder\/","og_site_name":"Eurotherm Limited","article_modified_time":"2022-06-08T07:55:05+00:00","og_image":[{"width":1382,"height":1228,"url":"https:\/\/www.eurotherm.com\/wp-content\/uploads\/2018\/10\/6100A_6180A_Product-shot-1.jpg","type":"image\/jpeg"}],"twitter_card":"summary_large_image","twitter_misc":{"Gesch\u00e4tzte Lesezeit":"1\u00a0Minute"},"schema":{"@context":"https:\/\/schema.org","@graph":[{"@type":"WebPage","@id":"https:\/\/www.eurotherm.com\/de\/products\/datenschreiber-und-datenmanagement\/grafikschreiber\/6100a-tus-recorder\/","url":"https:\/\/www.eurotherm.com\/de\/products\/datenschreiber-und-datenmanagement\/grafikschreiber\/6100a-tus-recorder\/","name":"6100A TUS Schreiber | Eurotherm Limited","isPartOf":{"@id":"https:\/\/www.eurotherm.com\/de\/#website"},"primaryImageOfPage":{"@id":"https:\/\/www.eurotherm.com\/de\/products\/datenschreiber-und-datenmanagement\/grafikschreiber\/6100a-tus-recorder\/#primaryimage"},"image":{"@id":"https:\/\/www.eurotherm.com\/de\/products\/datenschreiber-und-datenmanagement\/grafikschreiber\/6100a-tus-recorder\/#primaryimage"},"thumbnailUrl":"https:\/\/www.eurotherm.com\/wp-content\/uploads\/2018\/10\/6100A_6180A_Product-shot-1.jpg","datePublished":"2018-10-16T15:54:21+00:00","dateModified":"2022-06-08T07:55:05+00:00","description":"6100A TUS Schreiber | 6100A TUS portabler Schreiber 15 hochgenaue universelle Thermoelement-Eing\u00e4nge Stabiler, tragbarer schwarzer Koffer 96MB interner Speicher f\u00fcr lokale","breadcrumb":{"@id":"https:\/\/www.eurotherm.com\/de\/products\/datenschreiber-und-datenmanagement\/grafikschreiber\/6100a-tus-recorder\/#breadcrumb"},"inLanguage":"de","potentialAction":[{"@type":"ReadAction","target":["https:\/\/www.eurotherm.com\/de\/products\/datenschreiber-und-datenmanagement\/grafikschreiber\/6100a-tus-recorder\/"]}]},{"@type":"ImageObject","inLanguage":"de","@id":"https:\/\/www.eurotherm.com\/de\/products\/datenschreiber-und-datenmanagement\/grafikschreiber\/6100a-tus-recorder\/#primaryimage","url":"https:\/\/www.eurotherm.com\/wp-content\/uploads\/2018\/10\/6100A_6180A_Product-shot-1.jpg","contentUrl":"https:\/\/www.eurotherm.com\/wp-content\/uploads\/2018\/10\/6100A_6180A_Product-shot-1.jpg","width":1382,"height":1228},{"@type":"BreadcrumbList","@id":"https:\/\/www.eurotherm.com\/de\/products\/datenschreiber-und-datenmanagement\/grafikschreiber\/6100a-tus-recorder\/#breadcrumb","itemListElement":[{"@type":"ListItem","position":1,"name":"Home","item":"https:\/\/www.eurotherm.com\/de\/"},{"@type":"ListItem","position":2,"name":"Product Catalogue","item":"https:\/\/www.eurotherm.com\/de\/product-catalogue\/"},{"@type":"ListItem","position":3,"name":"Datenschreiber und Datenmanagement","item":"https:\/\/www.eurotherm.com\/de\/eurotherm-products\/datenschreiber-und-datenmanagement\/"},{"@type":"ListItem","position":4,"name":"Grafikschreiber","item":"https:\/\/www.eurotherm.com\/de\/eurotherm-products\/datenschreiber-und-datenmanagement\/grafikschreiber\/"},{"@type":"ListItem","position":5,"name":"6100A TUS Schreiber"}]},{"@type":"WebSite","@id":"https:\/\/www.eurotherm.com\/de\/#website","url":"https:\/\/www.eurotherm.com\/de\/","name":"Eurotherm Limited","description":"Temperature Control, Process Control, Measurement and Data Recording Solutions","potentialAction":[{"@type":"SearchAction","target":{"@type":"EntryPoint","urlTemplate":"https:\/\/www.eurotherm.com\/de\/?s={search_term_string}"},"query-input":{"@type":"PropertyValueSpecification","valueRequired":true,"valueName":"search_term_string"}}],"inLanguage":"de"}]}},"ACF":{"product_file":[126577,126576,27086,116961,58157,27084,83059,29248,27090,123059,97238,28954,27142,115985,115982,115986,27097,27145,27144,98003,126575]},"jetpack_sharing_enabled":true,"_links":{"self":[{"href":"https:\/\/www.eurotherm.com\/de\/wp-json\/wp\/v2\/product\/23668","targetHints":{"allow":["GET"]}}],"collection":[{"href":"https:\/\/www.eurotherm.com\/de\/wp-json\/wp\/v2\/product"}],"about":[{"href":"https:\/\/www.eurotherm.com\/de\/wp-json\/wp\/v2\/types\/product"}],"wp:featuredmedia":[{"embeddable":true,"href":"https:\/\/www.eurotherm.com\/de\/wp-json\/wp\/v2\/media\/68234"}],"wp:attachment":[{"href":"https:\/\/www.eurotherm.com\/de\/wp-json\/wp\/v2\/media?parent=23668"}],"wp:term":[{"taxonomy":"product_brand","embeddable":true,"href":"https:\/\/www.eurotherm.com\/de\/wp-json\/wp\/v2\/product_brand?post=23668"},{"taxonomy":"product_cat","embeddable":true,"href":"https:\/\/www.eurotherm.com\/de\/wp-json\/wp\/v2\/product_cat?post=23668"},{"taxonomy":"product_tag","embeddable":true,"href":"https:\/\/www.eurotherm.com\/de\/wp-json\/wp\/v2\/product_tag?post=23668"}],"curies":[{"name":"wp","href":"https:\/\/api.w.org\/{rel}","templated":true}]}}