{"id":23647,"date":"2018-10-15T08:49:12","date_gmt":"2018-10-16T15:51:40","guid":{"rendered":"https:\/\/www.eurotherm.com\/product\/4103c-4103m\/"},"modified":"2018-10-16T15:51:53","modified_gmt":"2018-10-16T15:51:53","slug":"4103c-4103m","status":"publish","type":"product","link":"https:\/\/www.eurotherm.com\/de\/products\/discontinued-eurotherm-products-de\/4103c-4103m\/","title":{"rendered":"4103C\/4103M"},"content":{"rendered":"<p>4103C\/4103M<\/p>\n<p>\tInformatives Display<br \/>\n\tElektronische Datenarchivierung<br \/>\n\tDigitale Kommunikation<br \/>\n\tAbgeleitete Parameterberechnung<br \/>\n\tFlexibilit\u00e4t durch Konfiguration<\/p>\n<p>Der 4103 ist ein 100mm Hochspezifikations-Linien-schreiber, der bis zu sechs Prozessvariablen ununter-brochen aufzeichnen kann. Informationen wie Kanal-deskriptoren, Alarm-Sollwert und Skaleninformation k\u00f6nnen von einem Hochaufl\u00f6sungs-VFD-Display abgelesen werden. Prozessvariablen einschlie\u00dflich Meldungen k\u00f6nnen auf einem optionalen entfernbaren Medium archiviert werden. Diese Ger\u00e4te k\u00f6nnen vor Ort \u00fcber die Bedienoberfl\u00e4che programmiert werden. Alternativ dazu kann eine Konfigurationsdatei mittels einer PCMCIA-Karte \u00fcbertragen werden.<\/p>\n","protected":false},"excerpt":{"rendered":"<p>4103C\/4103M Informatives Display Elektronische Datenarchivierung Digitale Kommunikation Abgeleitete Parameterberechnung Flexibilit\u00e4t durch Konfiguration Der 4103 ist ein 100mm Hochspezifikations-Linien-schreiber, der bis [&hellip;]<\/p>\n","protected":false},"featured_media":6035,"template":"","meta":{"_acf_changed":false},"product_brand":[],"product_cat":[12679],"product_tag":[],"class_list":{"0":"post-23647","1":"product","2":"type-product","3":"status-publish","4":"has-post-thumbnail","6":"product_cat-discontinued-eurotherm-products-de","7":"product_shipping_class-1-de","9":"first","10":"instock","11":"purchasable","12":"product-type-simple"},"acf":[],"yoast_head":"<!-- This site is optimized with the Yoast SEO plugin v27.2 - https:\/\/yoast.com\/product\/yoast-seo-wordpress\/ -->\n<title>4103C\/4103M | Eurotherm Limited<\/title>\n<meta name=\"description\" content=\"4103C\/4103M | 4103C\/4103M Informatives Display Elektronische Datenarchivierung Digitale Kommunikation Abgeleitete Parameterberechnung Flexibilit\u00e4t durch\" \/>\n<meta name=\"robots\" content=\"index, follow, max-snippet:-1, max-image-preview:large, max-video-preview:-1\" \/>\n<meta property=\"og:locale\" content=\"de_DE\" \/>\n<meta property=\"og:type\" content=\"article\" \/>\n<meta property=\"og:title\" content=\"4103C\/4103M | Eurotherm Limited\" \/>\n<meta property=\"og:description\" content=\"4103C\/4103M | 4103C\/4103M Informatives Display Elektronische Datenarchivierung Digitale Kommunikation Abgeleitete Parameterberechnung Flexibilit\u00e4t durch Konfiguration\" \/>\n<meta property=\"og:url\" content=\"https:\/\/www.eurotherm.com\/de\/products\/discontinued-eurotherm-products-de\/4103c-4103m\/\" \/>\n<meta property=\"og:site_name\" content=\"Eurotherm Limited\" \/>\n<meta property=\"article:modified_time\" content=\"2018-10-16T15:51:53+00:00\" \/>\n<meta property=\"og:image\" content=\"https:\/\/www.eurotherm.com\/wp-content\/uploads\/2018\/10\/4103_fv.jpg\" \/>\n\t<meta property=\"og:image:width\" content=\"500\" \/>\n\t<meta property=\"og:image:height\" content=\"500\" \/>\n\t<meta property=\"og:image:type\" content=\"image\/jpeg\" \/>\n<meta name=\"twitter:card\" content=\"summary_large_image\" \/>\n<script type=\"application\/ld+json\" class=\"yoast-schema-graph\">{\"@context\":\"https:\/\/schema.org\",\"@graph\":[{\"@type\":\"WebPage\",\"@id\":\"https:\/\/www.eurotherm.com\/de\/products\/discontinued-eurotherm-products-de\/4103c-4103m\/\",\"url\":\"https:\/\/www.eurotherm.com\/de\/products\/discontinued-eurotherm-products-de\/4103c-4103m\/\",\"name\":\"4103C\/4103M | Eurotherm Limited\",\"isPartOf\":{\"@id\":\"https:\/\/www.eurotherm.com\/de\/#website\"},\"primaryImageOfPage\":{\"@id\":\"https:\/\/www.eurotherm.com\/de\/products\/discontinued-eurotherm-products-de\/4103c-4103m\/#primaryimage\"},\"image\":{\"@id\":\"https:\/\/www.eurotherm.com\/de\/products\/discontinued-eurotherm-products-de\/4103c-4103m\/#primaryimage\"},\"thumbnailUrl\":\"https:\/\/www.eurotherm.com\/wp-content\/uploads\/2018\/10\/4103_fv.jpg\",\"datePublished\":\"2018-10-16T15:51:40+00:00\",\"dateModified\":\"2018-10-16T15:51:53+00:00\",\"description\":\"4103C\/4103M | 4103C\/4103M Informatives Display Elektronische Datenarchivierung Digitale Kommunikation Abgeleitete Parameterberechnung Flexibilit\u00e4t durch Konfiguration\",\"breadcrumb\":{\"@id\":\"https:\/\/www.eurotherm.com\/de\/products\/discontinued-eurotherm-products-de\/4103c-4103m\/#breadcrumb\"},\"inLanguage\":\"de\",\"potentialAction\":[{\"@type\":\"ReadAction\",\"target\":[\"https:\/\/www.eurotherm.com\/de\/products\/discontinued-eurotherm-products-de\/4103c-4103m\/\"]}]},{\"@type\":\"ImageObject\",\"inLanguage\":\"de\",\"@id\":\"https:\/\/www.eurotherm.com\/de\/products\/discontinued-eurotherm-products-de\/4103c-4103m\/#primaryimage\",\"url\":\"https:\/\/www.eurotherm.com\/wp-content\/uploads\/2018\/10\/4103_fv.jpg\",\"contentUrl\":\"https:\/\/www.eurotherm.com\/wp-content\/uploads\/2018\/10\/4103_fv.jpg\",\"width\":500,\"height\":500},{\"@type\":\"BreadcrumbList\",\"@id\":\"https:\/\/www.eurotherm.com\/de\/products\/discontinued-eurotherm-products-de\/4103c-4103m\/#breadcrumb\",\"itemListElement\":[{\"@type\":\"ListItem\",\"position\":1,\"name\":\"Home\",\"item\":\"https:\/\/www.eurotherm.com\/de\/\"},{\"@type\":\"ListItem\",\"position\":2,\"name\":\"Product Catalogue\",\"item\":\"https:\/\/www.eurotherm.com\/de\/product-catalogue\/\"},{\"@type\":\"ListItem\",\"position\":3,\"name\":\"Discontinued Eurotherm Products\",\"item\":\"https:\/\/www.eurotherm.com\/de\/eurotherm-products\/discontinued-eurotherm-products-de\/\"},{\"@type\":\"ListItem\",\"position\":4,\"name\":\"4103C\/4103M\"}]},{\"@type\":\"WebSite\",\"@id\":\"https:\/\/www.eurotherm.com\/de\/#website\",\"url\":\"https:\/\/www.eurotherm.com\/de\/\",\"name\":\"Eurotherm Limited\",\"description\":\"Temperature Control, Process Control, Measurement and Data Recording Solutions\",\"potentialAction\":[{\"@type\":\"SearchAction\",\"target\":{\"@type\":\"EntryPoint\",\"urlTemplate\":\"https:\/\/www.eurotherm.com\/de\/?s={search_term_string}\"},\"query-input\":{\"@type\":\"PropertyValueSpecification\",\"valueRequired\":true,\"valueName\":\"search_term_string\"}}],\"inLanguage\":\"de\"}]}<\/script>\n<!-- \/ Yoast SEO plugin. -->","yoast_head_json":{"title":"4103C\/4103M | Eurotherm Limited","description":"4103C\/4103M | 4103C\/4103M Informatives Display Elektronische Datenarchivierung Digitale Kommunikation Abgeleitete Parameterberechnung Flexibilit\u00e4t durch","robots":{"index":"index","follow":"follow","max-snippet":"max-snippet:-1","max-image-preview":"max-image-preview:large","max-video-preview":"max-video-preview:-1"},"og_locale":"de_DE","og_type":"article","og_title":"4103C\/4103M | Eurotherm Limited","og_description":"4103C\/4103M | 4103C\/4103M Informatives Display Elektronische Datenarchivierung Digitale Kommunikation Abgeleitete Parameterberechnung Flexibilit\u00e4t durch Konfiguration","og_url":"https:\/\/www.eurotherm.com\/de\/products\/discontinued-eurotherm-products-de\/4103c-4103m\/","og_site_name":"Eurotherm Limited","article_modified_time":"2018-10-16T15:51:53+00:00","og_image":[{"width":500,"height":500,"url":"https:\/\/www.eurotherm.com\/wp-content\/uploads\/2018\/10\/4103_fv.jpg","type":"image\/jpeg"}],"twitter_card":"summary_large_image","schema":{"@context":"https:\/\/schema.org","@graph":[{"@type":"WebPage","@id":"https:\/\/www.eurotherm.com\/de\/products\/discontinued-eurotherm-products-de\/4103c-4103m\/","url":"https:\/\/www.eurotherm.com\/de\/products\/discontinued-eurotherm-products-de\/4103c-4103m\/","name":"4103C\/4103M | Eurotherm Limited","isPartOf":{"@id":"https:\/\/www.eurotherm.com\/de\/#website"},"primaryImageOfPage":{"@id":"https:\/\/www.eurotherm.com\/de\/products\/discontinued-eurotherm-products-de\/4103c-4103m\/#primaryimage"},"image":{"@id":"https:\/\/www.eurotherm.com\/de\/products\/discontinued-eurotherm-products-de\/4103c-4103m\/#primaryimage"},"thumbnailUrl":"https:\/\/www.eurotherm.com\/wp-content\/uploads\/2018\/10\/4103_fv.jpg","datePublished":"2018-10-16T15:51:40+00:00","dateModified":"2018-10-16T15:51:53+00:00","description":"4103C\/4103M | 4103C\/4103M Informatives Display Elektronische Datenarchivierung Digitale Kommunikation Abgeleitete Parameterberechnung Flexibilit\u00e4t durch Konfiguration","breadcrumb":{"@id":"https:\/\/www.eurotherm.com\/de\/products\/discontinued-eurotherm-products-de\/4103c-4103m\/#breadcrumb"},"inLanguage":"de","potentialAction":[{"@type":"ReadAction","target":["https:\/\/www.eurotherm.com\/de\/products\/discontinued-eurotherm-products-de\/4103c-4103m\/"]}]},{"@type":"ImageObject","inLanguage":"de","@id":"https:\/\/www.eurotherm.com\/de\/products\/discontinued-eurotherm-products-de\/4103c-4103m\/#primaryimage","url":"https:\/\/www.eurotherm.com\/wp-content\/uploads\/2018\/10\/4103_fv.jpg","contentUrl":"https:\/\/www.eurotherm.com\/wp-content\/uploads\/2018\/10\/4103_fv.jpg","width":500,"height":500},{"@type":"BreadcrumbList","@id":"https:\/\/www.eurotherm.com\/de\/products\/discontinued-eurotherm-products-de\/4103c-4103m\/#breadcrumb","itemListElement":[{"@type":"ListItem","position":1,"name":"Home","item":"https:\/\/www.eurotherm.com\/de\/"},{"@type":"ListItem","position":2,"name":"Product Catalogue","item":"https:\/\/www.eurotherm.com\/de\/product-catalogue\/"},{"@type":"ListItem","position":3,"name":"Discontinued Eurotherm Products","item":"https:\/\/www.eurotherm.com\/de\/eurotherm-products\/discontinued-eurotherm-products-de\/"},{"@type":"ListItem","position":4,"name":"4103C\/4103M"}]},{"@type":"WebSite","@id":"https:\/\/www.eurotherm.com\/de\/#website","url":"https:\/\/www.eurotherm.com\/de\/","name":"Eurotherm Limited","description":"Temperature Control, Process Control, Measurement and Data Recording Solutions","potentialAction":[{"@type":"SearchAction","target":{"@type":"EntryPoint","urlTemplate":"https:\/\/www.eurotherm.com\/de\/?s={search_term_string}"},"query-input":{"@type":"PropertyValueSpecification","valueRequired":true,"valueName":"search_term_string"}}],"inLanguage":"de"}]}},"ACF":false,"jetpack_sharing_enabled":true,"_links":{"self":[{"href":"https:\/\/www.eurotherm.com\/de\/wp-json\/wp\/v2\/product\/23647","targetHints":{"allow":["GET"]}}],"collection":[{"href":"https:\/\/www.eurotherm.com\/de\/wp-json\/wp\/v2\/product"}],"about":[{"href":"https:\/\/www.eurotherm.com\/de\/wp-json\/wp\/v2\/types\/product"}],"wp:featuredmedia":[{"embeddable":true,"href":"https:\/\/www.eurotherm.com\/de\/wp-json\/wp\/v2\/media\/6035"}],"wp:attachment":[{"href":"https:\/\/www.eurotherm.com\/de\/wp-json\/wp\/v2\/media?parent=23647"}],"wp:term":[{"taxonomy":"product_brand","embeddable":true,"href":"https:\/\/www.eurotherm.com\/de\/wp-json\/wp\/v2\/product_brand?post=23647"},{"taxonomy":"product_cat","embeddable":true,"href":"https:\/\/www.eurotherm.com\/de\/wp-json\/wp\/v2\/product_cat?post=23647"},{"taxonomy":"product_tag","embeddable":true,"href":"https:\/\/www.eurotherm.com\/de\/wp-json\/wp\/v2\/product_tag?post=23647"}],"curies":[{"name":"wp","href":"https:\/\/api.w.org\/{rel}","templated":true}]}}