{"id":23580,"date":"2018-10-15T08:47:09","date_gmt":"2018-10-15T08:47:09","guid":{"rendered":"https:\/\/www.eurotherm.com\/product\/2704-erweiterter-mehrkanal-regler\/"},"modified":"2022-03-14T21:04:40","modified_gmt":"2022-03-14T13:04:40","slug":"2704-advanced-multi-loop-temperature-controllers","status":"publish","type":"product","link":"https:\/\/www.eurotherm.com\/de\/products\/pid-regler\/mehrkanalregler\/2704-advanced-multi-loop-temperature-controllers\/","title":{"rendered":"2704 \u2013 erweiterter Mehrkanal-Regler"},"content":{"rendered":"<ul>\n<li>Hochleistungsmessungen \u2013 die Kontrolle in dieser Klasse<\/li>\n<li>Flexible E\/A \u2013 zur Erf\u00fcllung vieler verschiedener Anforderungen<\/li>\n<li>Viele Funktionen \u2013 mehr als nur ein Temperaturregler<\/li>\n<li>Applikationsspezifische Funktionen \u2013 Vereinfachung komplexer Applikationen<\/li>\n<li>Grafisches Softwiring \u2013 Kreativit\u00e4t und das Finden von L\u00f6sungen f\u00fcr komplexe Probleme leicht gemacht<\/li>\n<\/ul>\n<p>Seine Benutzeroberfl\u00e4che ist durch das Punkt-Matrix-Display extrem flexibel und einfach zu bedienen. Durch den hohen Grad an Konfigurationsm\u00f6glichkeiten bietet der 2704 viele Funktionen, die sonst nur in programmierbaren Logik-Reglern (PLC) zu finden sind. Dies erm\u00f6glicht Systeml\u00f6sungen, die nicht nur die Prozesskontrolle, sondern auch Steuerungs-Funktionen von einzelnen Anlagenteilen beinhaltet und sorgt damit f\u00fcr h\u00f6here Anlagentransparenz und Senkung der gesamten Systemkosten.<br \/>\nDie Konfiguration kann \u00fcber die Benutzeroberfl\u00e4che am Ger\u00e4t oder \u00fcber die Konfigurationssoftware iTools ausgef\u00fchrt werden.<\/p>\n<p>&nbsp;<\/p>\n<h2>Hochpr\u00e4zisions-Prozesseingang<\/h2>\n<p>Wenn Sie keine akkuraten Messungen vornehmen k\u00f6nnen, ist eine exakte Steuerung nicht m\u00f6glich. Der 2704 bietet eine typische Aufl\u00f6sung von 0,25uV, was ihn ideal f\u00fcr Halbleiter-, Vakuumw\u00e4rmebehandlungs- und Forschungsapplikationen macht. Er bietet Eingangstypen f\u00fcr alle Thermoelemente, Pt100 Widerstandsthermometer und Eingangslinearisierungen, wie 0\u201310Vdc und 4\u201320mA. Unter Benutzung eines Moduls, das speziell f\u00fcr hochgenaue Metrologie-Applikationen konzipiert wurde, ist ebenfalls die 4-Leiter PT100- und PT25-Messung m\u00f6glich.<\/p>\n<p>&nbsp;<\/p>\n<h2>Sollwert-Programmierung<\/h2>\n<ul>\n<li>Ideal f\u00fcr Athmosph\u00e4ren- oder Vakuum\u00f6fen und Klimakammern<\/li>\n<li>60 Programme<\/li>\n<li>3 Profile Sollwert\/Programm<\/li>\n<li>600 Segmente<\/li>\n<li>16 Ereignisausg\u00e4nge<\/li>\n<li>Programm-Blockanzeige<\/li>\n<\/ul>\n<p>Es k\u00f6nnen 60 Sollwertprogramme mit jeweils 16 digitalen Ereignissen gespeichert werden. Insgesamt k\u00f6nnen 600 Segmente programmiert werden. Holdback, Wartefunktionen und Digitaleing\u00e4nge bieten eine extrem flexible L\u00f6sung f\u00fcr Applikationen wie Aufkohlung und Vakuum\u00f6fen, Umweltkammern und Autoklaven.<\/p>\n<h2>Digitale Kommunikation<\/h2>\n<ul>\n<li>ModBus RTU<\/li>\n<li>Ethernet Modbus\/TCP<\/li>\n<li>Profibus DP<\/li>\n<li>DeviceNet\u00ae-Netzwerk Kommunikation<\/li>\n<li>EI-Bisync<\/li>\n<li>Modbus Master<\/li>\n<\/ul>\n<p>Der 2704 unterst\u00fctzt zwei Slave Kommunikations-Schnittstellen. Durch den modularen Aufbau stehen dem Bediener eine Auswahl von Kommunikationsprotokollen zur Verf\u00fcgung, die eine einfache Integration in ein bestehendes Netzwerk oder Prozessleitsystem erm\u00f6glichen.<br \/>\nDie Master Modbus Kommunikation ist eine bedeutende Funktionserweiterung zum 2704. In seiner einfachsten Form kann er dazu benutzt werden, einen Sollwert vom Master zu einer Reihe von Slave Reglern in einem Mehrzonenofen zu \u00fcbertragen. Alternativ dazu kann er auch in Verbindung mit einem Mini8 16-Kanal-Regler verwendet werden, um die Benutzeroberfl\u00e4che mit Sollwert-Programmgeberfunktion bereitzustellen.<\/p>\n<p><strong>BESONDERS GEEIGNET F\u00dcR:<\/strong><\/p>\n<ul>\n<li>Atmosph\u00e4ren\u00f6fen<\/li>\n<li>Vakuum\u00f6fen<\/li>\n<li>Halbleiter\u00f6fen<\/li>\n<li>Standversuch und Dehnungstest<\/li>\n<li>Autoklaven<\/li>\n<li>Fermenter und Reaktoren<\/li>\n<li>Extrusions-Schmelzdruck<\/li>\n<\/ul>\n<p><strong>MERKMALE:<\/strong><\/p>\n<ul>\n<li>3 PID-Regelkreise<\/li>\n<li>Ultra-Hochpr\u00e4zisions-Prozesseingang<\/li>\n<li>Kaskade, Verh\u00e4ltnis, Override<\/li>\n<li>Sollwert-Programmierung<\/li>\n<li>Mathe-, Logik- und Timerfunktionen<\/li>\n<li>Zirkonia- und Vakuum-Eingang<\/li>\n<li>Schmelzdruck-Kalibrierung<\/li>\n<li>Verpackte Kesselregelung<\/li>\n<\/ul>\n","protected":false},"excerpt":{"rendered":"<p>Der 2704 ist ein hochgenauer, sehr stabiler Prozessregler mit 1, 2 oder 3 Regelkreisen. Zu seinen umfangreichen Funktionen geh\u00f6ren Sollwert-Programmgebung und eine umfassende Auswahl von Mathe- und Logikfunktionen.<\/p>\n","protected":false},"featured_media":9367,"template":"","meta":{"_acf_changed":false},"product_brand":[],"product_cat":[12506,12396],"product_tag":[],"class_list":{"0":"post-23580","1":"product","2":"type-product","3":"status-publish","4":"has-post-thumbnail","6":"industry-heat-treatment-de-2","7":"product_cat-mehrkanalregler","8":"product_cat-pid-regler","9":"product_shipping_class-1-de","11":"first","12":"instock","13":"purchasable","14":"product-type-simple"},"acf":[],"yoast_head":"<!-- This site is optimized with the Yoast SEO plugin v27.2 - https:\/\/yoast.com\/product\/yoast-seo-wordpress\/ -->\n<title>2704 \u2013 erweiterter Mehrkanal-Regler | Eurotherm Limited<\/title>\n<meta name=\"description\" content=\"2704 \u2013 erweiterter Mehrkanal-Regler | Hochleistungsmessungen \u2013 die Kontrolle in dieser Klasse Flexible E\/A \u2013 zur Erf\u00fcllung vieler versch\" \/>\n<meta name=\"robots\" content=\"index, follow, max-snippet:-1, max-image-preview:large, max-video-preview:-1\" \/>\n<meta property=\"og:locale\" content=\"de_DE\" \/>\n<meta property=\"og:type\" content=\"article\" \/>\n<meta property=\"og:title\" content=\"2704 \u2013 erweiterter Mehrkanal-Regler | Eurotherm Limited\" \/>\n<meta property=\"og:description\" content=\"2704 \u2013 erweiterter Mehrkanal-Regler | Der 2704 ist ein hochgenauer, sehr stabiler Prozessregler mit 1, 2 oder 3 Regelkreisen. Zu seinen umfangreichen Funktionen geh\u00f6ren Sollwert-Programmgebung und eine umfassende Auswahl von Mathe- und Logikfunktionen.\" \/>\n<meta property=\"og:url\" content=\"https:\/\/www.eurotherm.com\/de\/products\/pid-regler\/mehrkanalregler\/2704-advanced-multi-loop-temperature-controllers\/\" \/>\n<meta property=\"og:site_name\" content=\"Eurotherm Limited\" \/>\n<meta property=\"article:modified_time\" content=\"2022-03-14T13:04:40+00:00\" \/>\n<meta property=\"og:image\" content=\"https:\/\/www.eurotherm.com\/wp-content\/uploads\/2018\/10\/2704.jpg\" \/>\n\t<meta property=\"og:image:width\" content=\"500\" \/>\n\t<meta property=\"og:image:height\" content=\"500\" \/>\n\t<meta property=\"og:image:type\" content=\"image\/jpeg\" \/>\n<meta name=\"twitter:card\" content=\"summary_large_image\" \/>\n<meta name=\"twitter:label1\" content=\"Gesch\u00e4tzte Lesezeit\" \/>\n\t<meta name=\"twitter:data1\" content=\"2\u00a0Minuten\" \/>\n<script type=\"application\/ld+json\" class=\"yoast-schema-graph\">{\"@context\":\"https:\/\/schema.org\",\"@graph\":[{\"@type\":\"WebPage\",\"@id\":\"https:\/\/www.eurotherm.com\/de\/products\/pid-regler\/mehrkanalregler\/2704-advanced-multi-loop-temperature-controllers\/\",\"url\":\"https:\/\/www.eurotherm.com\/de\/products\/pid-regler\/mehrkanalregler\/2704-advanced-multi-loop-temperature-controllers\/\",\"name\":\"2704 \u2013 erweiterter Mehrkanal-Regler | Eurotherm Limited\",\"isPartOf\":{\"@id\":\"https:\/\/www.eurotherm.com\/de\/#website\"},\"primaryImageOfPage\":{\"@id\":\"https:\/\/www.eurotherm.com\/de\/products\/pid-regler\/mehrkanalregler\/2704-advanced-multi-loop-temperature-controllers\/#primaryimage\"},\"image\":{\"@id\":\"https:\/\/www.eurotherm.com\/de\/products\/pid-regler\/mehrkanalregler\/2704-advanced-multi-loop-temperature-controllers\/#primaryimage\"},\"thumbnailUrl\":\"https:\/\/www.eurotherm.com\/wp-content\/uploads\/2018\/10\/2704.jpg\",\"datePublished\":\"2018-10-15T08:47:09+00:00\",\"dateModified\":\"2022-03-14T13:04:40+00:00\",\"description\":\"2704 \u2013 erweiterter Mehrkanal-Regler | Der 2704 ist ein hochgenauer, sehr stabiler Prozessregler mit 1, 2 oder 3 Regelkreisen. Zu seinen umfangreichen Funktionen geh\u00f6ren Sollwert-Programmgebung und eine umfassende Auswahl von Mathe- und Logikfunktionen.\",\"breadcrumb\":{\"@id\":\"https:\/\/www.eurotherm.com\/de\/products\/pid-regler\/mehrkanalregler\/2704-advanced-multi-loop-temperature-controllers\/#breadcrumb\"},\"inLanguage\":\"de\",\"potentialAction\":[{\"@type\":\"ReadAction\",\"target\":[\"https:\/\/www.eurotherm.com\/de\/products\/pid-regler\/mehrkanalregler\/2704-advanced-multi-loop-temperature-controllers\/\"]}]},{\"@type\":\"ImageObject\",\"inLanguage\":\"de\",\"@id\":\"https:\/\/www.eurotherm.com\/de\/products\/pid-regler\/mehrkanalregler\/2704-advanced-multi-loop-temperature-controllers\/#primaryimage\",\"url\":\"https:\/\/www.eurotherm.com\/wp-content\/uploads\/2018\/10\/2704.jpg\",\"contentUrl\":\"https:\/\/www.eurotherm.com\/wp-content\/uploads\/2018\/10\/2704.jpg\",\"width\":500,\"height\":500},{\"@type\":\"BreadcrumbList\",\"@id\":\"https:\/\/www.eurotherm.com\/de\/products\/pid-regler\/mehrkanalregler\/2704-advanced-multi-loop-temperature-controllers\/#breadcrumb\",\"itemListElement\":[{\"@type\":\"ListItem\",\"position\":1,\"name\":\"Home\",\"item\":\"https:\/\/www.eurotherm.com\/de\/\"},{\"@type\":\"ListItem\",\"position\":2,\"name\":\"Product Catalogue\",\"item\":\"https:\/\/www.eurotherm.com\/de\/product-catalogue\/\"},{\"@type\":\"ListItem\",\"position\":3,\"name\":\"PID-Regler\",\"item\":\"https:\/\/www.eurotherm.com\/de\/eurotherm-products\/pid-regler\/\"},{\"@type\":\"ListItem\",\"position\":4,\"name\":\"Mehrkanalregler\",\"item\":\"https:\/\/www.eurotherm.com\/de\/eurotherm-products\/pid-regler\/mehrkanalregler\/\"},{\"@type\":\"ListItem\",\"position\":5,\"name\":\"2704 \u2013 erweiterter Mehrkanal-Regler\"}]},{\"@type\":\"WebSite\",\"@id\":\"https:\/\/www.eurotherm.com\/de\/#website\",\"url\":\"https:\/\/www.eurotherm.com\/de\/\",\"name\":\"Eurotherm Limited\",\"description\":\"Temperature Control, Process Control, Measurement and Data Recording Solutions\",\"potentialAction\":[{\"@type\":\"SearchAction\",\"target\":{\"@type\":\"EntryPoint\",\"urlTemplate\":\"https:\/\/www.eurotherm.com\/de\/?s={search_term_string}\"},\"query-input\":{\"@type\":\"PropertyValueSpecification\",\"valueRequired\":true,\"valueName\":\"search_term_string\"}}],\"inLanguage\":\"de\"}]}<\/script>\n<!-- \/ Yoast SEO plugin. -->","yoast_head_json":{"title":"2704 \u2013 erweiterter Mehrkanal-Regler | Eurotherm Limited","description":"2704 \u2013 erweiterter Mehrkanal-Regler | Hochleistungsmessungen \u2013 die Kontrolle in dieser Klasse Flexible E\/A \u2013 zur Erf\u00fcllung vieler versch","robots":{"index":"index","follow":"follow","max-snippet":"max-snippet:-1","max-image-preview":"max-image-preview:large","max-video-preview":"max-video-preview:-1"},"og_locale":"de_DE","og_type":"article","og_title":"2704 \u2013 erweiterter Mehrkanal-Regler | Eurotherm Limited","og_description":"2704 \u2013 erweiterter Mehrkanal-Regler | Der 2704 ist ein hochgenauer, sehr stabiler Prozessregler mit 1, 2 oder 3 Regelkreisen. Zu seinen umfangreichen Funktionen geh\u00f6ren Sollwert-Programmgebung und eine umfassende Auswahl von Mathe- und Logikfunktionen.","og_url":"https:\/\/www.eurotherm.com\/de\/products\/pid-regler\/mehrkanalregler\/2704-advanced-multi-loop-temperature-controllers\/","og_site_name":"Eurotherm Limited","article_modified_time":"2022-03-14T13:04:40+00:00","og_image":[{"width":500,"height":500,"url":"https:\/\/www.eurotherm.com\/wp-content\/uploads\/2018\/10\/2704.jpg","type":"image\/jpeg"}],"twitter_card":"summary_large_image","twitter_misc":{"Gesch\u00e4tzte Lesezeit":"2\u00a0Minuten"},"schema":{"@context":"https:\/\/schema.org","@graph":[{"@type":"WebPage","@id":"https:\/\/www.eurotherm.com\/de\/products\/pid-regler\/mehrkanalregler\/2704-advanced-multi-loop-temperature-controllers\/","url":"https:\/\/www.eurotherm.com\/de\/products\/pid-regler\/mehrkanalregler\/2704-advanced-multi-loop-temperature-controllers\/","name":"2704 \u2013 erweiterter Mehrkanal-Regler | Eurotherm Limited","isPartOf":{"@id":"https:\/\/www.eurotherm.com\/de\/#website"},"primaryImageOfPage":{"@id":"https:\/\/www.eurotherm.com\/de\/products\/pid-regler\/mehrkanalregler\/2704-advanced-multi-loop-temperature-controllers\/#primaryimage"},"image":{"@id":"https:\/\/www.eurotherm.com\/de\/products\/pid-regler\/mehrkanalregler\/2704-advanced-multi-loop-temperature-controllers\/#primaryimage"},"thumbnailUrl":"https:\/\/www.eurotherm.com\/wp-content\/uploads\/2018\/10\/2704.jpg","datePublished":"2018-10-15T08:47:09+00:00","dateModified":"2022-03-14T13:04:40+00:00","description":"2704 \u2013 erweiterter Mehrkanal-Regler | Der 2704 ist ein hochgenauer, sehr stabiler Prozessregler mit 1, 2 oder 3 Regelkreisen. Zu seinen umfangreichen Funktionen geh\u00f6ren Sollwert-Programmgebung und eine umfassende Auswahl von Mathe- und Logikfunktionen.","breadcrumb":{"@id":"https:\/\/www.eurotherm.com\/de\/products\/pid-regler\/mehrkanalregler\/2704-advanced-multi-loop-temperature-controllers\/#breadcrumb"},"inLanguage":"de","potentialAction":[{"@type":"ReadAction","target":["https:\/\/www.eurotherm.com\/de\/products\/pid-regler\/mehrkanalregler\/2704-advanced-multi-loop-temperature-controllers\/"]}]},{"@type":"ImageObject","inLanguage":"de","@id":"https:\/\/www.eurotherm.com\/de\/products\/pid-regler\/mehrkanalregler\/2704-advanced-multi-loop-temperature-controllers\/#primaryimage","url":"https:\/\/www.eurotherm.com\/wp-content\/uploads\/2018\/10\/2704.jpg","contentUrl":"https:\/\/www.eurotherm.com\/wp-content\/uploads\/2018\/10\/2704.jpg","width":500,"height":500},{"@type":"BreadcrumbList","@id":"https:\/\/www.eurotherm.com\/de\/products\/pid-regler\/mehrkanalregler\/2704-advanced-multi-loop-temperature-controllers\/#breadcrumb","itemListElement":[{"@type":"ListItem","position":1,"name":"Home","item":"https:\/\/www.eurotherm.com\/de\/"},{"@type":"ListItem","position":2,"name":"Product Catalogue","item":"https:\/\/www.eurotherm.com\/de\/product-catalogue\/"},{"@type":"ListItem","position":3,"name":"PID-Regler","item":"https:\/\/www.eurotherm.com\/de\/eurotherm-products\/pid-regler\/"},{"@type":"ListItem","position":4,"name":"Mehrkanalregler","item":"https:\/\/www.eurotherm.com\/de\/eurotherm-products\/pid-regler\/mehrkanalregler\/"},{"@type":"ListItem","position":5,"name":"2704 \u2013 erweiterter Mehrkanal-Regler"}]},{"@type":"WebSite","@id":"https:\/\/www.eurotherm.com\/de\/#website","url":"https:\/\/www.eurotherm.com\/de\/","name":"Eurotherm Limited","description":"Temperature Control, Process Control, Measurement and Data Recording Solutions","potentialAction":[{"@type":"SearchAction","target":{"@type":"EntryPoint","urlTemplate":"https:\/\/www.eurotherm.com\/de\/?s={search_term_string}"},"query-input":{"@type":"PropertyValueSpecification","valueRequired":true,"valueName":"search_term_string"}}],"inLanguage":"de"}]}},"ACF":{"product_file":[28290,27454,28535,27946,27884,27880,27942,27866,27943,27939,28120,28970,29138,26784,27473,26800,26832,26821,26816,28343,26822,26783,26789,26790,26786,26785,26802,26778,26787,26788,26801,26826,26824,26825,26810,26815,26817,29375,26819,26820,26813,26823,26818,26814,26811,26812,26827,29322,26828,26829,26830,26806,26808,26805,26831,27497,27505,27584,28274,105978,103627,103628,133627,137169]},"jetpack_sharing_enabled":true,"_links":{"self":[{"href":"https:\/\/www.eurotherm.com\/de\/wp-json\/wp\/v2\/product\/23580","targetHints":{"allow":["GET"]}}],"collection":[{"href":"https:\/\/www.eurotherm.com\/de\/wp-json\/wp\/v2\/product"}],"about":[{"href":"https:\/\/www.eurotherm.com\/de\/wp-json\/wp\/v2\/types\/product"}],"wp:featuredmedia":[{"embeddable":true,"href":"https:\/\/www.eurotherm.com\/de\/wp-json\/wp\/v2\/media\/9367"}],"wp:attachment":[{"href":"https:\/\/www.eurotherm.com\/de\/wp-json\/wp\/v2\/media?parent=23580"}],"wp:term":[{"taxonomy":"product_brand","embeddable":true,"href":"https:\/\/www.eurotherm.com\/de\/wp-json\/wp\/v2\/product_brand?post=23580"},{"taxonomy":"product_cat","embeddable":true,"href":"https:\/\/www.eurotherm.com\/de\/wp-json\/wp\/v2\/product_cat?post=23580"},{"taxonomy":"product_tag","embeddable":true,"href":"https:\/\/www.eurotherm.com\/de\/wp-json\/wp\/v2\/product_tag?post=23580"}],"curies":[{"name":"wp","href":"https:\/\/api.w.org\/{rel}","templated":true}]}}