{"id":23579,"date":"2018-10-15T08:47:09","date_gmt":"2018-10-15T08:47:09","guid":{"rendered":"https:\/\/www.eurotherm.com\/product\/2604-prazisions-programmregler\/"},"modified":"2022-03-14T20:51:46","modified_gmt":"2022-03-14T12:51:46","slug":"2604-advanced-process-controller-programmer","status":"publish","type":"product","link":"https:\/\/www.eurotherm.com\/de\/products\/pid-regler\/mehrkanalregler\/2604-advanced-process-controller-programmer\/","title":{"rendered":"2604 Pr\u00e4zisions-\/Programmregler"},"content":{"rendered":"<ul>\n<li>Hochstabil, pr\u00e4zise und funktionell<\/li>\n<li>Ein, zwei oder drei Regelkreise<\/li>\n<li>PID, EIN\/AUS, Schritt-, Verh\u00e4ltnis-, Kaskade- und Override-Regelung<\/li>\n<li>Sollwert-Programmgeber<\/li>\n<li>High speed ModBus\u00ae, DeviceNet\u2122 und Profibus\u00ae Kommunikation<\/li>\n<li>Pr\u00fcfkammern, Autoklaven, Trockenkammer, Brenn\u00f6fen, Vorherde<\/li>\n<li>Massedruckregelung, C-Pegel Regelung<\/li>\n<\/ul>\n<p>Im Regler stehen eine Vielzahl von Linearisierungen f\u00fcr Thermoelemente, Widerstandsthermometer und Prozesseing\u00e4nge mit INSTANT ACCURACY\u2122 zur Verf\u00fcgung. Ebenso unterst\u00fctzt das Ger\u00e4t den direkten Anschluss einer Zirkonia-Sauerstoffsonde f\u00fcr z. B. Anwendungen in der W\u00e4rmebehandlungsindustrie. Mit dem bew\u00e4hrten Eurotherm Regelalgorithmus und Gain Scheduling ist eine stabile Regelung auch in schwierigen, nicht linearen Anwendungen gew\u00e4hrleistet. Die Inbetriebnahme wird durch die integrierte Selbstoptimierung vereinfacht.<\/p>\n<p>Die Option Sollwertprogrammgeber erm\u00f6glicht die Speicherung von bis zu 50 Programmen (500 Segmente, 16 digitale Ereignisse, garantierte Haltezeit, Holdback) und jedes kann bis zu 3 Sollwerte verarbeiten.<\/p>\n<p>F\u00fcr kundenspezifische, auf die Anwendung abgestimmte Konfigurationen stehen interne Toolkitbl\u00f6cke mit Timer und Summierer zur Verf\u00fcgung. Die Konfiguration erfolgt entweder direkt \u00fcber die Ger\u00e4tefront oder die PC Konfigurationssoftware iTools.<\/p>\n<p>Der 2604 bietet vielf\u00e4ltige digitale Kommunikationsm\u00f6glichkeiten wie High Speed Modbus\u00ae RTU, DeviceNet\u2122 und Profibus\u00ae-DP (in der &#8218;f&#8216; Version). Der Regler verf\u00fcgt \u00fcber leistungsf\u00e4hige, vorkonfigurierte Applikationsbl\u00f6cke f\u00fcr Massedruck und C-Pegelregelung.<\/p>\n<p>&nbsp;<\/p>\n<h2>Merkmale:<\/h2>\n<ul>\n<li>3 Regelkreise<\/li>\n<li>Sollwert-Programmgeber<\/li>\n<li>Kundenspezifische Bedienoberfl\u00e4che<\/li>\n<li>Mathematische- und logische Funktionen<\/li>\n<li>Offene Kommunikationsm\u00f6glichkeiten<\/li>\n<\/ul>\n","protected":false},"excerpt":{"rendered":"<p>Das Modell 2604 ist ein \u00bc DIN, hochstabiler Temperatur- und Prozessregler und findet Anwendung in den verschiedensten Applikationen. \u00dcber eine duale, 5-stellige 7-Segmentanzeige werden Prozesswert, Sollwert, Alarm, Status und Bedienermeldungen angezeigt.<\/p>\n","protected":false},"featured_media":9339,"template":"","meta":{"_acf_changed":false},"product_brand":[],"product_cat":[12396,12506],"product_tag":[],"class_list":{"0":"post-23579","1":"product","2":"type-product","3":"status-publish","4":"has-post-thumbnail","6":"product_cat-pid-regler","7":"product_cat-mehrkanalregler","8":"product_shipping_class-1-de","10":"first","11":"instock","12":"purchasable","13":"product-type-simple"},"acf":[],"yoast_head":"<!-- This site is optimized with the Yoast SEO plugin v27.5 - https:\/\/yoast.com\/product\/yoast-seo-wordpress\/ -->\n<title>2604 Pr\u00e4zisions-\/Programmregler | Eurotherm Limited<\/title>\n<meta name=\"description\" content=\"2604 Pr\u00e4zisions-\/Programmregler | Hochstabil, pr\u00e4zise und funktionell Ein, zwei oder drei Regelkreise PID, EIN\/AUS, Schritt-\" \/>\n<meta name=\"robots\" content=\"index, follow, max-snippet:-1, max-image-preview:large, max-video-preview:-1\" \/>\n<meta property=\"og:locale\" content=\"de_DE\" \/>\n<meta property=\"og:type\" content=\"article\" \/>\n<meta property=\"og:title\" content=\"2604 Pr\u00e4zisions-\/Programmregler | Eurotherm Limited\" \/>\n<meta property=\"og:description\" content=\"2604 Pr\u00e4zisions-\/Programmregler | Das Modell 2604 ist ein \u00bc DIN, hochstabiler Temperatur- und Prozessregler und findet Anwendung in den verschiedensten Applikationen. \u00dcber eine duale, 5-stellige 7-Segmentanzeige werden Prozesswert, Sollwert, Alarm, Status und Bedienermeldungen angezeigt.\" \/>\n<meta property=\"og:url\" content=\"https:\/\/www.eurotherm.com\/de\/products\/pid-regler\/mehrkanalregler\/2604-advanced-process-controller-programmer\/\" \/>\n<meta property=\"og:site_name\" content=\"Eurotherm Limited\" \/>\n<meta property=\"article:modified_time\" content=\"2022-03-14T12:51:46+00:00\" \/>\n<meta property=\"og:image\" content=\"https:\/\/www.eurotherm.com\/wp-content\/uploads\/2018\/10\/2604.jpg\" \/>\n\t<meta property=\"og:image:width\" content=\"500\" \/>\n\t<meta property=\"og:image:height\" content=\"500\" \/>\n\t<meta property=\"og:image:type\" content=\"image\/jpeg\" \/>\n<meta name=\"twitter:card\" content=\"summary_large_image\" \/>\n<meta name=\"twitter:label1\" content=\"Gesch\u00e4tzte Lesezeit\" \/>\n\t<meta name=\"twitter:data1\" content=\"1\u00a0Minute\" \/>\n<script type=\"application\/ld+json\" class=\"yoast-schema-graph\">{\"@context\":\"https:\\\/\\\/schema.org\",\"@graph\":[{\"@type\":\"WebPage\",\"@id\":\"https:\\\/\\\/www.eurotherm.com\\\/de\\\/products\\\/pid-regler\\\/mehrkanalregler\\\/2604-advanced-process-controller-programmer\\\/\",\"url\":\"https:\\\/\\\/www.eurotherm.com\\\/de\\\/products\\\/pid-regler\\\/mehrkanalregler\\\/2604-advanced-process-controller-programmer\\\/\",\"name\":\"2604 Pr\u00e4zisions-\\\/Programmregler | Eurotherm Limited\",\"isPartOf\":{\"@id\":\"https:\\\/\\\/www.eurotherm.com\\\/de\\\/#website\"},\"primaryImageOfPage\":{\"@id\":\"https:\\\/\\\/www.eurotherm.com\\\/de\\\/products\\\/pid-regler\\\/mehrkanalregler\\\/2604-advanced-process-controller-programmer\\\/#primaryimage\"},\"image\":{\"@id\":\"https:\\\/\\\/www.eurotherm.com\\\/de\\\/products\\\/pid-regler\\\/mehrkanalregler\\\/2604-advanced-process-controller-programmer\\\/#primaryimage\"},\"thumbnailUrl\":\"https:\\\/\\\/www.eurotherm.com\\\/wp-content\\\/uploads\\\/2018\\\/10\\\/2604.jpg\",\"datePublished\":\"2018-10-15T08:47:09+00:00\",\"dateModified\":\"2022-03-14T12:51:46+00:00\",\"description\":\"2604 Pr\u00e4zisions-\\\/Programmregler | Das Modell 2604 ist ein \u00bc DIN, hochstabiler Temperatur- und Prozessregler und findet Anwendung in den verschiedensten Applikationen. \u00dcber eine duale, 5-stellige 7-Segmentanzeige werden Prozesswert, Sollwert, Alarm, Status und Bedienermeldungen angezeigt.\",\"breadcrumb\":{\"@id\":\"https:\\\/\\\/www.eurotherm.com\\\/de\\\/products\\\/pid-regler\\\/mehrkanalregler\\\/2604-advanced-process-controller-programmer\\\/#breadcrumb\"},\"inLanguage\":\"de\",\"potentialAction\":[{\"@type\":\"ReadAction\",\"target\":[\"https:\\\/\\\/www.eurotherm.com\\\/de\\\/products\\\/pid-regler\\\/mehrkanalregler\\\/2604-advanced-process-controller-programmer\\\/\"]}]},{\"@type\":\"ImageObject\",\"inLanguage\":\"de\",\"@id\":\"https:\\\/\\\/www.eurotherm.com\\\/de\\\/products\\\/pid-regler\\\/mehrkanalregler\\\/2604-advanced-process-controller-programmer\\\/#primaryimage\",\"url\":\"https:\\\/\\\/www.eurotherm.com\\\/wp-content\\\/uploads\\\/2018\\\/10\\\/2604.jpg\",\"contentUrl\":\"https:\\\/\\\/www.eurotherm.com\\\/wp-content\\\/uploads\\\/2018\\\/10\\\/2604.jpg\",\"width\":500,\"height\":500},{\"@type\":\"BreadcrumbList\",\"@id\":\"https:\\\/\\\/www.eurotherm.com\\\/de\\\/products\\\/pid-regler\\\/mehrkanalregler\\\/2604-advanced-process-controller-programmer\\\/#breadcrumb\",\"itemListElement\":[{\"@type\":\"ListItem\",\"position\":1,\"name\":\"Home\",\"item\":\"https:\\\/\\\/www.eurotherm.com\\\/de\\\/\"},{\"@type\":\"ListItem\",\"position\":2,\"name\":\"Product Catalogue\",\"item\":\"https:\\\/\\\/www.eurotherm.com\\\/de\\\/product-catalogue\\\/\"},{\"@type\":\"ListItem\",\"position\":3,\"name\":\"PID-Regler\",\"item\":\"https:\\\/\\\/www.eurotherm.com\\\/de\\\/eurotherm-products\\\/pid-regler\\\/\"},{\"@type\":\"ListItem\",\"position\":4,\"name\":\"Mehrkanalregler\",\"item\":\"https:\\\/\\\/www.eurotherm.com\\\/de\\\/eurotherm-products\\\/pid-regler\\\/mehrkanalregler\\\/\"},{\"@type\":\"ListItem\",\"position\":5,\"name\":\"2604 Pr\u00e4zisions-\\\/Programmregler\"}]},{\"@type\":\"WebSite\",\"@id\":\"https:\\\/\\\/www.eurotherm.com\\\/de\\\/#website\",\"url\":\"https:\\\/\\\/www.eurotherm.com\\\/de\\\/\",\"name\":\"Eurotherm Limited\",\"description\":\"Temperature Control, Process Control, Measurement and Data Recording Solutions\",\"potentialAction\":[{\"@type\":\"SearchAction\",\"target\":{\"@type\":\"EntryPoint\",\"urlTemplate\":\"https:\\\/\\\/www.eurotherm.com\\\/de\\\/?s={search_term_string}\"},\"query-input\":{\"@type\":\"PropertyValueSpecification\",\"valueRequired\":true,\"valueName\":\"search_term_string\"}}],\"inLanguage\":\"de\"}]}<\/script>\n<!-- \/ Yoast SEO plugin. -->","yoast_head_json":{"title":"2604 Pr\u00e4zisions-\/Programmregler | Eurotherm Limited","description":"2604 Pr\u00e4zisions-\/Programmregler | Hochstabil, pr\u00e4zise und funktionell Ein, zwei oder drei Regelkreise PID, EIN\/AUS, Schritt-","robots":{"index":"index","follow":"follow","max-snippet":"max-snippet:-1","max-image-preview":"max-image-preview:large","max-video-preview":"max-video-preview:-1"},"og_locale":"de_DE","og_type":"article","og_title":"2604 Pr\u00e4zisions-\/Programmregler | Eurotherm Limited","og_description":"2604 Pr\u00e4zisions-\/Programmregler | Das Modell 2604 ist ein \u00bc DIN, hochstabiler Temperatur- und Prozessregler und findet Anwendung in den verschiedensten Applikationen. \u00dcber eine duale, 5-stellige 7-Segmentanzeige werden Prozesswert, Sollwert, Alarm, Status und Bedienermeldungen angezeigt.","og_url":"https:\/\/www.eurotherm.com\/de\/products\/pid-regler\/mehrkanalregler\/2604-advanced-process-controller-programmer\/","og_site_name":"Eurotherm Limited","article_modified_time":"2022-03-14T12:51:46+00:00","og_image":[{"width":500,"height":500,"url":"https:\/\/www.eurotherm.com\/wp-content\/uploads\/2018\/10\/2604.jpg","type":"image\/jpeg"}],"twitter_card":"summary_large_image","twitter_misc":{"Gesch\u00e4tzte Lesezeit":"1\u00a0Minute"},"schema":{"@context":"https:\/\/schema.org","@graph":[{"@type":"WebPage","@id":"https:\/\/www.eurotherm.com\/de\/products\/pid-regler\/mehrkanalregler\/2604-advanced-process-controller-programmer\/","url":"https:\/\/www.eurotherm.com\/de\/products\/pid-regler\/mehrkanalregler\/2604-advanced-process-controller-programmer\/","name":"2604 Pr\u00e4zisions-\/Programmregler | Eurotherm Limited","isPartOf":{"@id":"https:\/\/www.eurotherm.com\/de\/#website"},"primaryImageOfPage":{"@id":"https:\/\/www.eurotherm.com\/de\/products\/pid-regler\/mehrkanalregler\/2604-advanced-process-controller-programmer\/#primaryimage"},"image":{"@id":"https:\/\/www.eurotherm.com\/de\/products\/pid-regler\/mehrkanalregler\/2604-advanced-process-controller-programmer\/#primaryimage"},"thumbnailUrl":"https:\/\/www.eurotherm.com\/wp-content\/uploads\/2018\/10\/2604.jpg","datePublished":"2018-10-15T08:47:09+00:00","dateModified":"2022-03-14T12:51:46+00:00","description":"2604 Pr\u00e4zisions-\/Programmregler | Das Modell 2604 ist ein \u00bc DIN, hochstabiler Temperatur- und Prozessregler und findet Anwendung in den verschiedensten Applikationen. \u00dcber eine duale, 5-stellige 7-Segmentanzeige werden Prozesswert, Sollwert, Alarm, Status und Bedienermeldungen angezeigt.","breadcrumb":{"@id":"https:\/\/www.eurotherm.com\/de\/products\/pid-regler\/mehrkanalregler\/2604-advanced-process-controller-programmer\/#breadcrumb"},"inLanguage":"de","potentialAction":[{"@type":"ReadAction","target":["https:\/\/www.eurotherm.com\/de\/products\/pid-regler\/mehrkanalregler\/2604-advanced-process-controller-programmer\/"]}]},{"@type":"ImageObject","inLanguage":"de","@id":"https:\/\/www.eurotherm.com\/de\/products\/pid-regler\/mehrkanalregler\/2604-advanced-process-controller-programmer\/#primaryimage","url":"https:\/\/www.eurotherm.com\/wp-content\/uploads\/2018\/10\/2604.jpg","contentUrl":"https:\/\/www.eurotherm.com\/wp-content\/uploads\/2018\/10\/2604.jpg","width":500,"height":500},{"@type":"BreadcrumbList","@id":"https:\/\/www.eurotherm.com\/de\/products\/pid-regler\/mehrkanalregler\/2604-advanced-process-controller-programmer\/#breadcrumb","itemListElement":[{"@type":"ListItem","position":1,"name":"Home","item":"https:\/\/www.eurotherm.com\/de\/"},{"@type":"ListItem","position":2,"name":"Product Catalogue","item":"https:\/\/www.eurotherm.com\/de\/product-catalogue\/"},{"@type":"ListItem","position":3,"name":"PID-Regler","item":"https:\/\/www.eurotherm.com\/de\/eurotherm-products\/pid-regler\/"},{"@type":"ListItem","position":4,"name":"Mehrkanalregler","item":"https:\/\/www.eurotherm.com\/de\/eurotherm-products\/pid-regler\/mehrkanalregler\/"},{"@type":"ListItem","position":5,"name":"2604 Pr\u00e4zisions-\/Programmregler"}]},{"@type":"WebSite","@id":"https:\/\/www.eurotherm.com\/de\/#website","url":"https:\/\/www.eurotherm.com\/de\/","name":"Eurotherm Limited","description":"Temperature Control, Process Control, Measurement and Data Recording Solutions","potentialAction":[{"@type":"SearchAction","target":{"@type":"EntryPoint","urlTemplate":"https:\/\/www.eurotherm.com\/de\/?s={search_term_string}"},"query-input":{"@type":"PropertyValueSpecification","valueRequired":true,"valueName":"search_term_string"}}],"inLanguage":"de"}]}},"ACF":{"product_file":[28290,27454,28342,28349,27878,26791,26797,26793,26795,26794,26796,29334,26779,26798,26782,26804,26781,29383,26780,26799,26792,26800,26783,26790,26789,26784,27880,26786,26785,26802,26778,26787,26788,26801,29138,26803,26809,27942,27866,27943,27939,27473,26807,27497,27505,27584,28274,29031,105978,103627,103628,133627,137169,118307]},"jetpack_sharing_enabled":true,"_links":{"self":[{"href":"https:\/\/www.eurotherm.com\/de\/wp-json\/wp\/v2\/product\/23579","targetHints":{"allow":["GET"]}}],"collection":[{"href":"https:\/\/www.eurotherm.com\/de\/wp-json\/wp\/v2\/product"}],"about":[{"href":"https:\/\/www.eurotherm.com\/de\/wp-json\/wp\/v2\/types\/product"}],"wp:featuredmedia":[{"embeddable":true,"href":"https:\/\/www.eurotherm.com\/de\/wp-json\/wp\/v2\/media\/9339"}],"wp:attachment":[{"href":"https:\/\/www.eurotherm.com\/de\/wp-json\/wp\/v2\/media?parent=23579"}],"wp:term":[{"taxonomy":"product_brand","embeddable":true,"href":"https:\/\/www.eurotherm.com\/de\/wp-json\/wp\/v2\/product_brand?post=23579"},{"taxonomy":"product_cat","embeddable":true,"href":"https:\/\/www.eurotherm.com\/de\/wp-json\/wp\/v2\/product_cat?post=23579"},{"taxonomy":"product_tag","embeddable":true,"href":"https:\/\/www.eurotherm.com\/de\/wp-json\/wp\/v2\/product_tag?post=23579"}],"curies":[{"name":"wp","href":"https:\/\/api.w.org\/{rel}","templated":true}]}}