{"id":138900,"date":"2022-11-03T16:56:13","date_gmt":"2022-11-03T08:56:13","guid":{"rendered":"https:\/\/eurothermdev.co.uk\/products\/unkategorisiert\/din-a-mite-b\/"},"modified":"2023-01-06T23:06:20","modified_gmt":"2023-01-06T15:06:20","slug":"din-a-mite-b","status":"publish","type":"product","link":"https:\/\/www.eurotherm.com\/de\/products\/thyristorsteller-und-halbleiterrelais\/power-controllers-de\/din-a-mite-b\/","title":{"rendered":"DIN-A-MITE\u00ae B"},"content":{"rendered":"<p>Der DIN-A-MITE\u00ae B ist ein kosteng\u00fcnstiger, \u00e4u\u00dferst kompakter und vielseitiger elektrischer Festk\u00f6rper-Heizregler. Die DIN-A-MITE B-F\u00e4higkeiten umfassen einphasiges und dreiphasiges Nulldurchgangschalten bis zu 40 bzw. 22 A bei 600VAC (siehe Nennkurve). Zum Design des Reglers f\u00fcr Elektrow\u00e4rme geh\u00f6rt ordnungsgem\u00e4\u00dfe W\u00e4rmeableitung und Anschl\u00fcsse, die die Integration in Anwendungen vereinfachen. Montage auf DIN-Schiene und in Schaltschr\u00e4nken ist standardm\u00e4\u00dfig f\u00fcr diesen Elektrow\u00e4rmeregler. Der DIN-A-MITE Regler ist auch quecksilberfrei. Versionen mit variabler Zeitbasis, 4-20\u00a0mA Prozessregelung oder VAC\/VDC Eingangssch\u00fctz sind verf\u00fcgbar. Eine Alarmfunktion f\u00fcr Kurzschluss eines Silikongummi-Thyristors ist ebenso verf\u00fcgbar. Alle Konfigurationen sind abh\u00e4ngig von der Modellnummer und werksseitig ausw\u00e4hlbar. Dieser Stromregler enth\u00e4lt auch zum Verh\u00fcten eines Lichtbogens einen bis zu 480\u00a0VAC getesteten 200\u00a0kA Kurzschlussstrom-Nennwert (SCCR) mit geeigneter Sicherung.<\/p>\n","protected":false},"excerpt":{"rendered":"<h5>Ein- und Dreiphasen-Strom in einem kompakten und sicheren Geh\u00e4use.<\/h5>\n<h3 class=\"green-title\">Standard SELECT\u00ae lead times may be temporarily unavailable. Use the Visual Designer\u2122 to view current lead times.<\/h3>\n<p>Ausf\u00fchrliche Produktdetails und eine vollst\u00e4ndige Liste der zugeh\u00f6rigen Downloads finden Sie <a href=\"https:\/\/www.watlow.com\/de-de\/products\/controllers\/power-switching-devices\/din-a-mite-b-power-controller\" target=\"_blank\" rel=\"noopener\">hier<\/a>.<\/p>\n","protected":false},"featured_media":138802,"template":"","meta":{"_acf_changed":false},"product_brand":[],"product_cat":[12393,17716],"product_tag":[],"class_list":{"0":"post-138900","1":"product","2":"type-product","3":"status-publish","4":"has-post-thumbnail","6":"product_cat-power-controllers-de","7":"product_cat-watlow-featured-products-and-software-de","9":"first","10":"instock","11":"shipping-taxable","12":"product-type-simple"},"acf":[],"yoast_head":"<!-- This site is optimized with the Yoast SEO plugin v27.5 - https:\/\/yoast.com\/product\/yoast-seo-wordpress\/ -->\n<title>DIN-A-MITE\u00ae B | Eurotherm Limited<\/title>\n<meta name=\"description\" content=\"DIN-A-MITE\u00ae B | Der DIN-A-MITE\u00ae B ist ein kosteng\u00fcnstiger, \u00e4u\u00dferst kompakter und vielseitiger elektrischer Festk\u00f6rper-Heizregler. Die DIN-A-MITE B-F\u00e4higkeiten u\" \/>\n<meta name=\"robots\" content=\"noindex, nofollow\" \/>\n<meta property=\"og:locale\" content=\"de_DE\" \/>\n<meta property=\"og:type\" content=\"article\" \/>\n<meta property=\"og:title\" content=\"DIN-A-MITE\u00ae B | Eurotherm Limited\" \/>\n<meta property=\"og:description\" content=\"DIN-A-MITE\u00ae B | Ein- und Dreiphasen-Strom in einem kompakten und sicheren Geh\u00e4use. Standard SELECT\u00ae lead times may be temporarily unavailable. Use the Visual Designer\u2122 to view current lead times. Ausf\u00fchrliche Produktdetails und eine vollst\u00e4ndige Liste der zugeh\u00f6rigen Downloads finden Sie hier.\" \/>\n<meta property=\"og:url\" content=\"https:\/\/www.eurotherm.com\/de\/products\/thyristorsteller-und-halbleiterrelais\/power-controllers-de\/din-a-mite-b\/\" \/>\n<meta property=\"og:site_name\" content=\"Eurotherm Limited\" \/>\n<meta property=\"article:modified_time\" content=\"2023-01-06T15:06:20+00:00\" \/>\n<meta property=\"og:image\" content=\"https:\/\/www.eurotherm.com\/wp-content\/uploads\/2022\/11\/ps_din_b_480.png\" \/>\n\t<meta property=\"og:image:width\" content=\"480\" \/>\n\t<meta property=\"og:image:height\" content=\"480\" \/>\n\t<meta property=\"og:image:type\" content=\"image\/png\" \/>\n<meta name=\"twitter:card\" content=\"summary_large_image\" \/>\n<meta name=\"twitter:label1\" content=\"Gesch\u00e4tzte Lesezeit\" \/>\n\t<meta name=\"twitter:data1\" content=\"1\u00a0Minute\" \/>\n<script type=\"application\/ld+json\" class=\"yoast-schema-graph\">{\"@context\":\"https:\\\/\\\/schema.org\",\"@graph\":[{\"@type\":\"WebPage\",\"@id\":\"https:\\\/\\\/www.eurotherm.com\\\/de\\\/products\\\/thyristorsteller-und-halbleiterrelais\\\/power-controllers-de\\\/din-a-mite-b\\\/\",\"url\":\"https:\\\/\\\/www.eurotherm.com\\\/de\\\/products\\\/thyristorsteller-und-halbleiterrelais\\\/power-controllers-de\\\/din-a-mite-b\\\/\",\"name\":\"DIN-A-MITE\u00ae B | Eurotherm Limited\",\"isPartOf\":{\"@id\":\"https:\\\/\\\/www.eurotherm.com\\\/de\\\/#website\"},\"primaryImageOfPage\":{\"@id\":\"https:\\\/\\\/www.eurotherm.com\\\/de\\\/products\\\/thyristorsteller-und-halbleiterrelais\\\/power-controllers-de\\\/din-a-mite-b\\\/#primaryimage\"},\"image\":{\"@id\":\"https:\\\/\\\/www.eurotherm.com\\\/de\\\/products\\\/thyristorsteller-und-halbleiterrelais\\\/power-controllers-de\\\/din-a-mite-b\\\/#primaryimage\"},\"thumbnailUrl\":\"https:\\\/\\\/www.eurotherm.com\\\/wp-content\\\/uploads\\\/2022\\\/11\\\/ps_din_b_480.png\",\"datePublished\":\"2022-11-03T08:56:13+00:00\",\"dateModified\":\"2023-01-06T15:06:20+00:00\",\"description\":\"DIN-A-MITE\u00ae B | Ein- und Dreiphasen-Strom in einem kompakten und sicheren Geh\u00e4use. Standard SELECT\u00ae lead times may be temporarily unavailable. Use the Visual Designer\u2122 to view current lead times. Ausf\u00fchrliche Produktdetails und eine vollst\u00e4ndige Liste der zugeh\u00f6rigen Downloads finden Sie hier.\",\"breadcrumb\":{\"@id\":\"https:\\\/\\\/www.eurotherm.com\\\/de\\\/products\\\/thyristorsteller-und-halbleiterrelais\\\/power-controllers-de\\\/din-a-mite-b\\\/#breadcrumb\"},\"inLanguage\":\"de\",\"potentialAction\":[{\"@type\":\"ReadAction\",\"target\":[\"https:\\\/\\\/www.eurotherm.com\\\/de\\\/products\\\/thyristorsteller-und-halbleiterrelais\\\/power-controllers-de\\\/din-a-mite-b\\\/\"]}]},{\"@type\":\"ImageObject\",\"inLanguage\":\"de\",\"@id\":\"https:\\\/\\\/www.eurotherm.com\\\/de\\\/products\\\/thyristorsteller-und-halbleiterrelais\\\/power-controllers-de\\\/din-a-mite-b\\\/#primaryimage\",\"url\":\"https:\\\/\\\/www.eurotherm.com\\\/wp-content\\\/uploads\\\/2022\\\/11\\\/ps_din_b_480.png\",\"contentUrl\":\"https:\\\/\\\/www.eurotherm.com\\\/wp-content\\\/uploads\\\/2022\\\/11\\\/ps_din_b_480.png\",\"width\":480,\"height\":480},{\"@type\":\"BreadcrumbList\",\"@id\":\"https:\\\/\\\/www.eurotherm.com\\\/de\\\/products\\\/thyristorsteller-und-halbleiterrelais\\\/power-controllers-de\\\/din-a-mite-b\\\/#breadcrumb\",\"itemListElement\":[{\"@type\":\"ListItem\",\"position\":1,\"name\":\"Home\",\"item\":\"https:\\\/\\\/www.eurotherm.com\\\/de\\\/\"},{\"@type\":\"ListItem\",\"position\":2,\"name\":\"Product Catalogue\",\"item\":\"https:\\\/\\\/www.eurotherm.com\\\/de\\\/product-catalogue\\\/\"},{\"@type\":\"ListItem\",\"position\":3,\"name\":\"Thyristorsteller und Halbleiterrelais\",\"item\":\"https:\\\/\\\/www.eurotherm.com\\\/de\\\/eurotherm-products\\\/thyristorsteller-und-halbleiterrelais\\\/\"},{\"@type\":\"ListItem\",\"position\":4,\"name\":\"Leistungsregler\",\"item\":\"https:\\\/\\\/www.eurotherm.com\\\/de\\\/eurotherm-products\\\/thyristorsteller-und-halbleiterrelais\\\/power-controllers-de\\\/\"},{\"@type\":\"ListItem\",\"position\":5,\"name\":\"DIN-A-MITE\u00ae B\"}]},{\"@type\":\"WebSite\",\"@id\":\"https:\\\/\\\/www.eurotherm.com\\\/de\\\/#website\",\"url\":\"https:\\\/\\\/www.eurotherm.com\\\/de\\\/\",\"name\":\"Eurotherm Limited\",\"description\":\"Temperature Control, Process Control, Measurement and Data Recording Solutions\",\"potentialAction\":[{\"@type\":\"SearchAction\",\"target\":{\"@type\":\"EntryPoint\",\"urlTemplate\":\"https:\\\/\\\/www.eurotherm.com\\\/de\\\/?s={search_term_string}\"},\"query-input\":{\"@type\":\"PropertyValueSpecification\",\"valueRequired\":true,\"valueName\":\"search_term_string\"}}],\"inLanguage\":\"de\"}]}<\/script>\n<!-- \/ Yoast SEO plugin. -->","yoast_head_json":{"title":"DIN-A-MITE\u00ae B | Eurotherm Limited","description":"DIN-A-MITE\u00ae B | Der DIN-A-MITE\u00ae B ist ein kosteng\u00fcnstiger, \u00e4u\u00dferst kompakter und vielseitiger elektrischer Festk\u00f6rper-Heizregler. Die DIN-A-MITE B-F\u00e4higkeiten u","robots":{"index":"noindex","follow":"nofollow"},"og_locale":"de_DE","og_type":"article","og_title":"DIN-A-MITE\u00ae B | Eurotherm Limited","og_description":"DIN-A-MITE\u00ae B | Ein- und Dreiphasen-Strom in einem kompakten und sicheren Geh\u00e4use. Standard SELECT\u00ae lead times may be temporarily unavailable. Use the Visual Designer\u2122 to view current lead times. Ausf\u00fchrliche Produktdetails und eine vollst\u00e4ndige Liste der zugeh\u00f6rigen Downloads finden Sie hier.","og_url":"https:\/\/www.eurotherm.com\/de\/products\/thyristorsteller-und-halbleiterrelais\/power-controllers-de\/din-a-mite-b\/","og_site_name":"Eurotherm Limited","article_modified_time":"2023-01-06T15:06:20+00:00","og_image":[{"width":480,"height":480,"url":"https:\/\/www.eurotherm.com\/wp-content\/uploads\/2022\/11\/ps_din_b_480.png","type":"image\/png"}],"twitter_card":"summary_large_image","twitter_misc":{"Gesch\u00e4tzte Lesezeit":"1\u00a0Minute"},"schema":{"@context":"https:\/\/schema.org","@graph":[{"@type":"WebPage","@id":"https:\/\/www.eurotherm.com\/de\/products\/thyristorsteller-und-halbleiterrelais\/power-controllers-de\/din-a-mite-b\/","url":"https:\/\/www.eurotherm.com\/de\/products\/thyristorsteller-und-halbleiterrelais\/power-controllers-de\/din-a-mite-b\/","name":"DIN-A-MITE\u00ae B | Eurotherm Limited","isPartOf":{"@id":"https:\/\/www.eurotherm.com\/de\/#website"},"primaryImageOfPage":{"@id":"https:\/\/www.eurotherm.com\/de\/products\/thyristorsteller-und-halbleiterrelais\/power-controllers-de\/din-a-mite-b\/#primaryimage"},"image":{"@id":"https:\/\/www.eurotherm.com\/de\/products\/thyristorsteller-und-halbleiterrelais\/power-controllers-de\/din-a-mite-b\/#primaryimage"},"thumbnailUrl":"https:\/\/www.eurotherm.com\/wp-content\/uploads\/2022\/11\/ps_din_b_480.png","datePublished":"2022-11-03T08:56:13+00:00","dateModified":"2023-01-06T15:06:20+00:00","description":"DIN-A-MITE\u00ae B | Ein- und Dreiphasen-Strom in einem kompakten und sicheren Geh\u00e4use. Standard SELECT\u00ae lead times may be temporarily unavailable. Use the Visual Designer\u2122 to view current lead times. Ausf\u00fchrliche Produktdetails und eine vollst\u00e4ndige Liste der zugeh\u00f6rigen Downloads finden Sie hier.","breadcrumb":{"@id":"https:\/\/www.eurotherm.com\/de\/products\/thyristorsteller-und-halbleiterrelais\/power-controllers-de\/din-a-mite-b\/#breadcrumb"},"inLanguage":"de","potentialAction":[{"@type":"ReadAction","target":["https:\/\/www.eurotherm.com\/de\/products\/thyristorsteller-und-halbleiterrelais\/power-controllers-de\/din-a-mite-b\/"]}]},{"@type":"ImageObject","inLanguage":"de","@id":"https:\/\/www.eurotherm.com\/de\/products\/thyristorsteller-und-halbleiterrelais\/power-controllers-de\/din-a-mite-b\/#primaryimage","url":"https:\/\/www.eurotherm.com\/wp-content\/uploads\/2022\/11\/ps_din_b_480.png","contentUrl":"https:\/\/www.eurotherm.com\/wp-content\/uploads\/2022\/11\/ps_din_b_480.png","width":480,"height":480},{"@type":"BreadcrumbList","@id":"https:\/\/www.eurotherm.com\/de\/products\/thyristorsteller-und-halbleiterrelais\/power-controllers-de\/din-a-mite-b\/#breadcrumb","itemListElement":[{"@type":"ListItem","position":1,"name":"Home","item":"https:\/\/www.eurotherm.com\/de\/"},{"@type":"ListItem","position":2,"name":"Product Catalogue","item":"https:\/\/www.eurotherm.com\/de\/product-catalogue\/"},{"@type":"ListItem","position":3,"name":"Thyristorsteller und Halbleiterrelais","item":"https:\/\/www.eurotherm.com\/de\/eurotherm-products\/thyristorsteller-und-halbleiterrelais\/"},{"@type":"ListItem","position":4,"name":"Leistungsregler","item":"https:\/\/www.eurotherm.com\/de\/eurotherm-products\/thyristorsteller-und-halbleiterrelais\/power-controllers-de\/"},{"@type":"ListItem","position":5,"name":"DIN-A-MITE\u00ae B"}]},{"@type":"WebSite","@id":"https:\/\/www.eurotherm.com\/de\/#website","url":"https:\/\/www.eurotherm.com\/de\/","name":"Eurotherm Limited","description":"Temperature Control, Process Control, Measurement and Data Recording Solutions","potentialAction":[{"@type":"SearchAction","target":{"@type":"EntryPoint","urlTemplate":"https:\/\/www.eurotherm.com\/de\/?s={search_term_string}"},"query-input":{"@type":"PropertyValueSpecification","valueRequired":true,"valueName":"search_term_string"}}],"inLanguage":"de"}]}},"ACF":{"product_file":[138810,138811,138790,138791]},"jetpack_sharing_enabled":true,"_links":{"self":[{"href":"https:\/\/www.eurotherm.com\/de\/wp-json\/wp\/v2\/product\/138900","targetHints":{"allow":["GET"]}}],"collection":[{"href":"https:\/\/www.eurotherm.com\/de\/wp-json\/wp\/v2\/product"}],"about":[{"href":"https:\/\/www.eurotherm.com\/de\/wp-json\/wp\/v2\/types\/product"}],"wp:featuredmedia":[{"embeddable":true,"href":"https:\/\/www.eurotherm.com\/de\/wp-json\/wp\/v2\/media\/138802"}],"wp:attachment":[{"href":"https:\/\/www.eurotherm.com\/de\/wp-json\/wp\/v2\/media?parent=138900"}],"wp:term":[{"taxonomy":"product_brand","embeddable":true,"href":"https:\/\/www.eurotherm.com\/de\/wp-json\/wp\/v2\/product_brand?post=138900"},{"taxonomy":"product_cat","embeddable":true,"href":"https:\/\/www.eurotherm.com\/de\/wp-json\/wp\/v2\/product_cat?post=138900"},{"taxonomy":"product_tag","embeddable":true,"href":"https:\/\/www.eurotherm.com\/de\/wp-json\/wp\/v2\/product_tag?post=138900"}],"curies":[{"name":"wp","href":"https:\/\/api.w.org\/{rel}","templated":true}]}}