{"id":138526,"date":"2022-11-02T16:44:53","date_gmt":"2022-11-02T08:44:53","guid":{"rendered":"https:\/\/eurothermdev.co.uk\/products\/unkategorisiert\/composer\/"},"modified":"2023-02-07T00:19:34","modified_gmt":"2023-02-06T16:19:34","slug":"composer","status":"publish","type":"product","link":"https:\/\/www.eurotherm.com\/de\/products\/pid-regler\/eurotherm-itools-konfigurations\/composer\/","title":{"rendered":"COMPOSER\u00ae"},"content":{"rendered":"<h3>Letzte Version: 3.13.20 (M\u00e4rz 2022)<\/h3>\n<p>So wird die Installationsdatei heruntergeladen:<\/p>\n<ol>\n<li><a href=\"https:\/\/www.watlow.com\/-\/media\/documents\/software-and-demos\/composerv313200.ashx?la=de-de\">COMPOSER v3.13.20 herunterladen<\/a><\/li>\n<li>Speichern Sie die Installationsdatei auf Ihrem Desktop.<\/li>\n<li>Wenn der Download abgeschlossen ist, schlie\u00dfen Sie den Browser und alle anderen Anwendungen.<\/li>\n<li>Doppelklicken Sie auf das Installationsprogramm und befolgen Sie die Anweisungen auf dem Bildschirm.<\/li>\n<\/ol>\n<h3>Mindest-Systemanforderungen:<\/h3>\n<p><strong>Mikroprozessor:<\/strong>\u00a01 Gigahertz (GHz) oder schneller 32-Bit oder 64-Bit<\/p>\n<p><strong>Speicher:\u00a0<\/strong>1 Gigabyte (GB) RAM (32 Bit) oder 2 GB RAM (64 Bit)<\/p>\n<p><strong>Speicherplatz:<\/strong>\u00a0250 Megabyte (MB)<\/p>\n<p><strong>Video:\u00a0<\/strong>1280 x 720 oder h\u00f6her<\/p>\n<p><strong>Port f\u00fcr Reglerkommunikation:<\/strong>\u00a0Ethernet f\u00fcr F4T oder EIA-485 Halbduplex (2-Leiter) f\u00fcr EZ-ZONE RM<\/p>\n<p><strong>Bluetooth\u00ae-Kommunikation:<\/strong>\u00a0PM PLUS\u00ae und EZ-ZONE\u00ae PM erfordert Windows\u00ae 10<\/p>\n<p>&nbsp;<\/p>\n<p>Die Verwendung der COMPOSER-Software unterliegt der Endbenutzer-Lizenzvereinbarung, die bei der Installation angezeigt wird.<\/p>\n<h6>Microsoft\u00ae\u00a0ist ein eingetragenes Warenzeichen der Microsoft Corporation.<\/h6>\n<h6>Windows\u00ae\u00a0ist ein eingetragenes Warenzeichen der Microsoft Corporation.<\/h6>\n<h6>Die Bluetooth\u00ae-Wortmarke und das &#8211;\u00a0Logo sind eingetragene Warenzeichen von Bluetooth\u00ae SIG, Inc.3<\/h6>\n<p>Ausf\u00fchrliche Produktdetails und eine vollst\u00e4ndige Liste der zugeh\u00f6rigen Downloads finden Sie <a href=\"https:\/\/www.watlow.com\/de-de\/products\/controllers\/software\/composer-software\" target=\"_blank\" rel=\"noopener\">hier<\/a>.<\/p>\n","protected":false},"excerpt":{"rendered":"<p>COMPOSER\u00ae ist die neue, einfach zu bedienende Software von Watlow zur Konfiguration und Anpassung von Reglern. Verwenden Sie es, um die Produkte F4T, D4T, EZ-ZONE\u00ae RM und EZ-ZONE PM von Watlow f\u00fcr spezifische Anwendungen zu optimieren. Aufgabenspezifische Bildschirme vereinfachen alle Aspekte der Inbetriebnahme neuer Regler, wie z. B: die Verwaltung der Ein- und Ausg\u00e4nge von steckbaren Flexmodulen, das Einrichten von Funktionen wie Regelschleifen und Alarmen und das Erstellen und Bearbeiten von Profilen. Die COMPOSER-Software kann hier heruntergeladen <a href=\"https:\/\/www.watlow.com\/-\/media\/documents\/software-and-demos\/composerv314340.ashx?la=en\">werden<\/a>.<\/p>\n","protected":false},"featured_media":138109,"template":"","meta":{"_acf_changed":false},"product_brand":[],"product_cat":[12395,17716],"product_tag":[],"class_list":{"0":"post-138526","1":"product","2":"type-product","3":"status-publish","4":"has-post-thumbnail","6":"product_cat-eurotherm-itools-konfigurations","7":"product_cat-watlow-featured-products-and-software-de","9":"first","10":"instock","11":"shipping-taxable","12":"product-type-simple"},"acf":[],"yoast_head":"<!-- This site is optimized with the Yoast SEO plugin v27.2 - https:\/\/yoast.com\/product\/yoast-seo-wordpress\/ -->\n<title>COMPOSER\u00ae | Eurotherm Limited<\/title>\n<meta name=\"description\" content=\"COMPOSER\u00ae | Letzte Version: 3.13.20 (M\u00e4rz 2022) So wird die Installationsdatei heruntergeladen: &lt;a href=&quot;https:\/\/www.watlow.com\/-\/media\/d\" \/>\n<meta name=\"robots\" content=\"noindex, nofollow\" \/>\n<meta property=\"og:locale\" content=\"de_DE\" \/>\n<meta property=\"og:type\" content=\"article\" \/>\n<meta property=\"og:title\" content=\"COMPOSER\u00ae | Eurotherm Limited\" \/>\n<meta property=\"og:description\" content=\"COMPOSER\u00ae | COMPOSER\u00ae ist die neue, einfach zu bedienende Software von Watlow zur Konfiguration und Anpassung von Reglern. Verwenden Sie es, um die Produkte F4T, D4T, EZ-ZONE\u00ae RM und EZ-ZONE PM von Watlow f\u00fcr spezifische Anwendungen zu optimieren. Aufgabenspezifische Bildschirme vereinfachen alle Aspekte der Inbetriebnahme neuer Regler, wie z. B: die Verwaltung der Ein- und Ausg\u00e4nge von steckbaren Flexmodulen, das Einrichten von Funktionen wie Regelschleifen und Alarmen und das Erstellen und Bearbeiten von Profilen. Die COMPOSER-Software kann hier heruntergeladen werden.\" \/>\n<meta property=\"og:url\" content=\"https:\/\/www.eurotherm.com\/de\/products\/pid-regler\/eurotherm-itools-konfigurations\/composer\/\" \/>\n<meta property=\"og:site_name\" content=\"Eurotherm Limited\" \/>\n<meta property=\"article:modified_time\" content=\"2023-02-06T16:19:34+00:00\" \/>\n<meta property=\"og:image\" content=\"https:\/\/www.eurotherm.com\/wp-content\/uploads\/2022\/11\/composer_480.png\" \/>\n\t<meta property=\"og:image:width\" content=\"480\" \/>\n\t<meta property=\"og:image:height\" content=\"480\" \/>\n\t<meta property=\"og:image:type\" content=\"image\/png\" \/>\n<meta name=\"twitter:card\" content=\"summary_large_image\" \/>\n<meta name=\"twitter:label1\" content=\"Gesch\u00e4tzte Lesezeit\" \/>\n\t<meta name=\"twitter:data1\" content=\"1\u00a0Minute\" \/>\n<script type=\"application\/ld+json\" class=\"yoast-schema-graph\">{\"@context\":\"https:\/\/schema.org\",\"@graph\":[{\"@type\":\"WebPage\",\"@id\":\"https:\/\/www.eurotherm.com\/de\/products\/pid-regler\/eurotherm-itools-konfigurations\/composer\/\",\"url\":\"https:\/\/www.eurotherm.com\/de\/products\/pid-regler\/eurotherm-itools-konfigurations\/composer\/\",\"name\":\"COMPOSER\u00ae | Eurotherm Limited\",\"isPartOf\":{\"@id\":\"https:\/\/www.eurotherm.com\/de\/#website\"},\"primaryImageOfPage\":{\"@id\":\"https:\/\/www.eurotherm.com\/de\/products\/pid-regler\/eurotherm-itools-konfigurations\/composer\/#primaryimage\"},\"image\":{\"@id\":\"https:\/\/www.eurotherm.com\/de\/products\/pid-regler\/eurotherm-itools-konfigurations\/composer\/#primaryimage\"},\"thumbnailUrl\":\"https:\/\/www.eurotherm.com\/wp-content\/uploads\/2022\/11\/composer_480.png\",\"datePublished\":\"2022-11-02T08:44:53+00:00\",\"dateModified\":\"2023-02-06T16:19:34+00:00\",\"description\":\"COMPOSER\u00ae | COMPOSER\u00ae ist die neue, einfach zu bedienende Software von Watlow zur Konfiguration und Anpassung von Reglern. Verwenden Sie es, um die Produkte F4T, D4T, EZ-ZONE\u00ae RM und EZ-ZONE PM von Watlow f\u00fcr spezifische Anwendungen zu optimieren. Aufgabenspezifische Bildschirme vereinfachen alle Aspekte der Inbetriebnahme neuer Regler, wie z. B: die Verwaltung der Ein- und Ausg\u00e4nge von steckbaren Flexmodulen, das Einrichten von Funktionen wie Regelschleifen und Alarmen und das Erstellen und Bearbeiten von Profilen. Die COMPOSER-Software kann hier heruntergeladen werden.\",\"breadcrumb\":{\"@id\":\"https:\/\/www.eurotherm.com\/de\/products\/pid-regler\/eurotherm-itools-konfigurations\/composer\/#breadcrumb\"},\"inLanguage\":\"de\",\"potentialAction\":[{\"@type\":\"ReadAction\",\"target\":[\"https:\/\/www.eurotherm.com\/de\/products\/pid-regler\/eurotherm-itools-konfigurations\/composer\/\"]}]},{\"@type\":\"ImageObject\",\"inLanguage\":\"de\",\"@id\":\"https:\/\/www.eurotherm.com\/de\/products\/pid-regler\/eurotherm-itools-konfigurations\/composer\/#primaryimage\",\"url\":\"https:\/\/www.eurotherm.com\/wp-content\/uploads\/2022\/11\/composer_480.png\",\"contentUrl\":\"https:\/\/www.eurotherm.com\/wp-content\/uploads\/2022\/11\/composer_480.png\",\"width\":480,\"height\":480},{\"@type\":\"BreadcrumbList\",\"@id\":\"https:\/\/www.eurotherm.com\/de\/products\/pid-regler\/eurotherm-itools-konfigurations\/composer\/#breadcrumb\",\"itemListElement\":[{\"@type\":\"ListItem\",\"position\":1,\"name\":\"Home\",\"item\":\"https:\/\/www.eurotherm.com\/de\/\"},{\"@type\":\"ListItem\",\"position\":2,\"name\":\"Product Catalogue\",\"item\":\"https:\/\/www.eurotherm.com\/de\/product-catalogue\/\"},{\"@type\":\"ListItem\",\"position\":3,\"name\":\"PID-Regler\",\"item\":\"https:\/\/www.eurotherm.com\/de\/eurotherm-products\/pid-regler\/\"},{\"@type\":\"ListItem\",\"position\":4,\"name\":\"Eurotherm iTools Konfigurations\",\"item\":\"https:\/\/www.eurotherm.com\/de\/eurotherm-products\/pid-regler\/eurotherm-itools-konfigurations\/\"},{\"@type\":\"ListItem\",\"position\":5,\"name\":\"COMPOSER\u00ae\"}]},{\"@type\":\"WebSite\",\"@id\":\"https:\/\/www.eurotherm.com\/de\/#website\",\"url\":\"https:\/\/www.eurotherm.com\/de\/\",\"name\":\"Eurotherm Limited\",\"description\":\"Temperature Control, Process Control, Measurement and Data Recording Solutions\",\"potentialAction\":[{\"@type\":\"SearchAction\",\"target\":{\"@type\":\"EntryPoint\",\"urlTemplate\":\"https:\/\/www.eurotherm.com\/de\/?s={search_term_string}\"},\"query-input\":{\"@type\":\"PropertyValueSpecification\",\"valueRequired\":true,\"valueName\":\"search_term_string\"}}],\"inLanguage\":\"de\"}]}<\/script>\n<!-- \/ Yoast SEO plugin. -->","yoast_head_json":{"title":"COMPOSER\u00ae | Eurotherm Limited","description":"COMPOSER\u00ae | Letzte Version: 3.13.20 (M\u00e4rz 2022) So wird die Installationsdatei heruntergeladen: &lt;a href=&quot;https:\/\/www.watlow.com\/-\/media\/d","robots":{"index":"noindex","follow":"nofollow"},"og_locale":"de_DE","og_type":"article","og_title":"COMPOSER\u00ae | Eurotherm Limited","og_description":"COMPOSER\u00ae | COMPOSER\u00ae ist die neue, einfach zu bedienende Software von Watlow zur Konfiguration und Anpassung von Reglern. Verwenden Sie es, um die Produkte F4T, D4T, EZ-ZONE\u00ae RM und EZ-ZONE PM von Watlow f\u00fcr spezifische Anwendungen zu optimieren. Aufgabenspezifische Bildschirme vereinfachen alle Aspekte der Inbetriebnahme neuer Regler, wie z. B: die Verwaltung der Ein- und Ausg\u00e4nge von steckbaren Flexmodulen, das Einrichten von Funktionen wie Regelschleifen und Alarmen und das Erstellen und Bearbeiten von Profilen. Die COMPOSER-Software kann hier heruntergeladen werden.","og_url":"https:\/\/www.eurotherm.com\/de\/products\/pid-regler\/eurotherm-itools-konfigurations\/composer\/","og_site_name":"Eurotherm Limited","article_modified_time":"2023-02-06T16:19:34+00:00","og_image":[{"width":480,"height":480,"url":"https:\/\/www.eurotherm.com\/wp-content\/uploads\/2022\/11\/composer_480.png","type":"image\/png"}],"twitter_card":"summary_large_image","twitter_misc":{"Gesch\u00e4tzte Lesezeit":"1\u00a0Minute"},"schema":{"@context":"https:\/\/schema.org","@graph":[{"@type":"WebPage","@id":"https:\/\/www.eurotherm.com\/de\/products\/pid-regler\/eurotherm-itools-konfigurations\/composer\/","url":"https:\/\/www.eurotherm.com\/de\/products\/pid-regler\/eurotherm-itools-konfigurations\/composer\/","name":"COMPOSER\u00ae | Eurotherm Limited","isPartOf":{"@id":"https:\/\/www.eurotherm.com\/de\/#website"},"primaryImageOfPage":{"@id":"https:\/\/www.eurotherm.com\/de\/products\/pid-regler\/eurotherm-itools-konfigurations\/composer\/#primaryimage"},"image":{"@id":"https:\/\/www.eurotherm.com\/de\/products\/pid-regler\/eurotherm-itools-konfigurations\/composer\/#primaryimage"},"thumbnailUrl":"https:\/\/www.eurotherm.com\/wp-content\/uploads\/2022\/11\/composer_480.png","datePublished":"2022-11-02T08:44:53+00:00","dateModified":"2023-02-06T16:19:34+00:00","description":"COMPOSER\u00ae | COMPOSER\u00ae ist die neue, einfach zu bedienende Software von Watlow zur Konfiguration und Anpassung von Reglern. Verwenden Sie es, um die Produkte F4T, D4T, EZ-ZONE\u00ae RM und EZ-ZONE PM von Watlow f\u00fcr spezifische Anwendungen zu optimieren. Aufgabenspezifische Bildschirme vereinfachen alle Aspekte der Inbetriebnahme neuer Regler, wie z. B: die Verwaltung der Ein- und Ausg\u00e4nge von steckbaren Flexmodulen, das Einrichten von Funktionen wie Regelschleifen und Alarmen und das Erstellen und Bearbeiten von Profilen. Die COMPOSER-Software kann hier heruntergeladen werden.","breadcrumb":{"@id":"https:\/\/www.eurotherm.com\/de\/products\/pid-regler\/eurotherm-itools-konfigurations\/composer\/#breadcrumb"},"inLanguage":"de","potentialAction":[{"@type":"ReadAction","target":["https:\/\/www.eurotherm.com\/de\/products\/pid-regler\/eurotherm-itools-konfigurations\/composer\/"]}]},{"@type":"ImageObject","inLanguage":"de","@id":"https:\/\/www.eurotherm.com\/de\/products\/pid-regler\/eurotherm-itools-konfigurations\/composer\/#primaryimage","url":"https:\/\/www.eurotherm.com\/wp-content\/uploads\/2022\/11\/composer_480.png","contentUrl":"https:\/\/www.eurotherm.com\/wp-content\/uploads\/2022\/11\/composer_480.png","width":480,"height":480},{"@type":"BreadcrumbList","@id":"https:\/\/www.eurotherm.com\/de\/products\/pid-regler\/eurotherm-itools-konfigurations\/composer\/#breadcrumb","itemListElement":[{"@type":"ListItem","position":1,"name":"Home","item":"https:\/\/www.eurotherm.com\/de\/"},{"@type":"ListItem","position":2,"name":"Product Catalogue","item":"https:\/\/www.eurotherm.com\/de\/product-catalogue\/"},{"@type":"ListItem","position":3,"name":"PID-Regler","item":"https:\/\/www.eurotherm.com\/de\/eurotherm-products\/pid-regler\/"},{"@type":"ListItem","position":4,"name":"Eurotherm iTools Konfigurations","item":"https:\/\/www.eurotherm.com\/de\/eurotherm-products\/pid-regler\/eurotherm-itools-konfigurations\/"},{"@type":"ListItem","position":5,"name":"COMPOSER\u00ae"}]},{"@type":"WebSite","@id":"https:\/\/www.eurotherm.com\/de\/#website","url":"https:\/\/www.eurotherm.com\/de\/","name":"Eurotherm Limited","description":"Temperature Control, Process Control, Measurement and Data Recording Solutions","potentialAction":[{"@type":"SearchAction","target":{"@type":"EntryPoint","urlTemplate":"https:\/\/www.eurotherm.com\/de\/?s={search_term_string}"},"query-input":{"@type":"PropertyValueSpecification","valueRequired":true,"valueName":"search_term_string"}}],"inLanguage":"de"}]}},"ACF":{"product_file":[138131,138132]},"jetpack_sharing_enabled":true,"_links":{"self":[{"href":"https:\/\/www.eurotherm.com\/de\/wp-json\/wp\/v2\/product\/138526","targetHints":{"allow":["GET"]}}],"collection":[{"href":"https:\/\/www.eurotherm.com\/de\/wp-json\/wp\/v2\/product"}],"about":[{"href":"https:\/\/www.eurotherm.com\/de\/wp-json\/wp\/v2\/types\/product"}],"wp:featuredmedia":[{"embeddable":true,"href":"https:\/\/www.eurotherm.com\/de\/wp-json\/wp\/v2\/media\/138109"}],"wp:attachment":[{"href":"https:\/\/www.eurotherm.com\/de\/wp-json\/wp\/v2\/media?parent=138526"}],"wp:term":[{"taxonomy":"product_brand","embeddable":true,"href":"https:\/\/www.eurotherm.com\/de\/wp-json\/wp\/v2\/product_brand?post=138526"},{"taxonomy":"product_cat","embeddable":true,"href":"https:\/\/www.eurotherm.com\/de\/wp-json\/wp\/v2\/product_cat?post=138526"},{"taxonomy":"product_tag","embeddable":true,"href":"https:\/\/www.eurotherm.com\/de\/wp-json\/wp\/v2\/product_tag?post=138526"}],"curies":[{"name":"wp","href":"https:\/\/api.w.org\/{rel}","templated":true}]}}