{"id":76009,"date":"2019-05-26T12:29:32","date_gmt":"2019-05-26T12:29:32","guid":{"rendered":"https:\/\/www.eurotherm.com\/?page_id=76009"},"modified":"2019-05-26T12:41:19","modified_gmt":"2019-05-26T12:41:19","slug":"loesungen-fuer-die-glasindustrie","status":"publish","type":"page","link":"https:\/\/www.eurotherm.com\/de\/glass-manufacturing-process-solutions\/loesungen-fuer-die-glasindustrie\/","title":{"rendered":"L\u00f6sungen f\u00fcr die Glasindustrie"},"content":{"rendered":"","protected":false},"excerpt":{"rendered":"","protected":false},"author":3,"featured_media":67709,"parent":72447,"menu_order":0,"comment_status":"closed","ping_status":"closed","template":"","meta":{"_acf_changed":false,"footnotes":""},"class_list":["post-76009","page","type-page","status-publish","has-post-thumbnail","hentry"],"acf":[],"yoast_head":"<!-- This site is optimized with the Yoast SEO plugin v27.2 - https:\/\/yoast.com\/product\/yoast-seo-wordpress\/ -->\n<title>L\u00f6sungen f\u00fcr die Glasindustrie | Eurotherm Limited<\/title>\n<meta name=\"description\" content=\"L\u00f6sungen f\u00fcr die Glasindustrie | Eurotherm\" \/>\n<meta name=\"robots\" content=\"index, follow, max-snippet:-1, max-image-preview:large, max-video-preview:-1\" \/>\n<meta property=\"og:locale\" content=\"de_DE\" \/>\n<meta property=\"og:type\" content=\"article\" \/>\n<meta property=\"og:title\" content=\"L\u00f6sungen f\u00fcr die Glasindustrie | Eurotherm Limited\" \/>\n<meta property=\"og:url\" content=\"https:\/\/www.eurotherm.com\/de\/glass-manufacturing-process-solutions\/loesungen-fuer-die-glasindustrie\/\" \/>\n<meta property=\"og:site_name\" content=\"Eurotherm Limited\" \/>\n<meta property=\"article:modified_time\" content=\"2019-05-26T12:41:19+00:00\" \/>\n<meta property=\"og:image\" content=\"https:\/\/www.eurotherm.com\/wp-content\/uploads\/2019\/04\/Glass-featured.jpg\" \/>\n\t<meta property=\"og:image:width\" content=\"1000\" \/>\n\t<meta property=\"og:image:height\" content=\"500\" \/>\n\t<meta property=\"og:image:type\" content=\"image\/jpeg\" \/>\n<meta name=\"twitter:card\" content=\"summary_large_image\" \/>\n<script type=\"application\/ld+json\" class=\"yoast-schema-graph\">{\"@context\":\"https:\/\/schema.org\",\"@graph\":[{\"@type\":\"WebPage\",\"@id\":\"https:\/\/www.eurotherm.com\/de\/glass-manufacturing-process-solutions\/loesungen-fuer-die-glasindustrie\/\",\"url\":\"https:\/\/www.eurotherm.com\/de\/glass-manufacturing-process-solutions\/loesungen-fuer-die-glasindustrie\/\",\"name\":\"L\u00f6sungen f\u00fcr die Glasindustrie | Eurotherm Limited\",\"isPartOf\":{\"@id\":\"https:\/\/www.eurotherm.com\/de\/#website\"},\"primaryImageOfPage\":{\"@id\":\"https:\/\/www.eurotherm.com\/de\/glass-manufacturing-process-solutions\/loesungen-fuer-die-glasindustrie\/#primaryimage\"},\"image\":{\"@id\":\"https:\/\/www.eurotherm.com\/de\/glass-manufacturing-process-solutions\/loesungen-fuer-die-glasindustrie\/#primaryimage\"},\"thumbnailUrl\":\"https:\/\/www.eurotherm.com\/wp-content\/uploads\/2019\/04\/Glass-featured.jpg\",\"datePublished\":\"2019-05-26T12:29:32+00:00\",\"dateModified\":\"2019-05-26T12:41:19+00:00\",\"breadcrumb\":{\"@id\":\"https:\/\/www.eurotherm.com\/de\/glass-manufacturing-process-solutions\/loesungen-fuer-die-glasindustrie\/#breadcrumb\"},\"inLanguage\":\"de\",\"potentialAction\":[{\"@type\":\"ReadAction\",\"target\":[\"https:\/\/www.eurotherm.com\/de\/glass-manufacturing-process-solutions\/loesungen-fuer-die-glasindustrie\/\"]}]},{\"@type\":\"ImageObject\",\"inLanguage\":\"de\",\"@id\":\"https:\/\/www.eurotherm.com\/de\/glass-manufacturing-process-solutions\/loesungen-fuer-die-glasindustrie\/#primaryimage\",\"url\":\"https:\/\/www.eurotherm.com\/wp-content\/uploads\/2019\/04\/Glass-featured.jpg\",\"contentUrl\":\"https:\/\/www.eurotherm.com\/wp-content\/uploads\/2019\/04\/Glass-featured.jpg\",\"width\":1000,\"height\":500},{\"@type\":\"BreadcrumbList\",\"@id\":\"https:\/\/www.eurotherm.com\/de\/glass-manufacturing-process-solutions\/loesungen-fuer-die-glasindustrie\/#breadcrumb\",\"itemListElement\":[{\"@type\":\"ListItem\",\"position\":1,\"name\":\"Home\",\"item\":\"https:\/\/www.eurotherm.com\/de\/\"},{\"@type\":\"ListItem\",\"position\":2,\"name\":\"Prozessl\u00f6sungen f\u00fcr die Glasherstellung\",\"item\":\"https:\/\/www.eurotherm.com\/de\/glass-manufacturing-process-solutions\/\"},{\"@type\":\"ListItem\",\"position\":3,\"name\":\"L\u00f6sungen f\u00fcr die Glasindustrie\"}]},{\"@type\":\"WebSite\",\"@id\":\"https:\/\/www.eurotherm.com\/de\/#website\",\"url\":\"https:\/\/www.eurotherm.com\/de\/\",\"name\":\"Eurotherm Limited\",\"description\":\"Temperature Control, Process Control, Measurement and Data Recording Solutions\",\"potentialAction\":[{\"@type\":\"SearchAction\",\"target\":{\"@type\":\"EntryPoint\",\"urlTemplate\":\"https:\/\/www.eurotherm.com\/de\/?s={search_term_string}\"},\"query-input\":{\"@type\":\"PropertyValueSpecification\",\"valueRequired\":true,\"valueName\":\"search_term_string\"}}],\"inLanguage\":\"de\"}]}<\/script>\n<!-- \/ Yoast SEO plugin. -->","yoast_head_json":{"title":"L\u00f6sungen f\u00fcr die Glasindustrie | Eurotherm Limited","description":"L\u00f6sungen f\u00fcr die Glasindustrie | Eurotherm","robots":{"index":"index","follow":"follow","max-snippet":"max-snippet:-1","max-image-preview":"max-image-preview:large","max-video-preview":"max-video-preview:-1"},"og_locale":"de_DE","og_type":"article","og_title":"L\u00f6sungen f\u00fcr die Glasindustrie | Eurotherm Limited","og_url":"https:\/\/www.eurotherm.com\/de\/glass-manufacturing-process-solutions\/loesungen-fuer-die-glasindustrie\/","og_site_name":"Eurotherm Limited","article_modified_time":"2019-05-26T12:41:19+00:00","og_image":[{"width":1000,"height":500,"url":"https:\/\/www.eurotherm.com\/wp-content\/uploads\/2019\/04\/Glass-featured.jpg","type":"image\/jpeg"}],"twitter_card":"summary_large_image","schema":{"@context":"https:\/\/schema.org","@graph":[{"@type":"WebPage","@id":"https:\/\/www.eurotherm.com\/de\/glass-manufacturing-process-solutions\/loesungen-fuer-die-glasindustrie\/","url":"https:\/\/www.eurotherm.com\/de\/glass-manufacturing-process-solutions\/loesungen-fuer-die-glasindustrie\/","name":"L\u00f6sungen f\u00fcr die Glasindustrie | Eurotherm Limited","isPartOf":{"@id":"https:\/\/www.eurotherm.com\/de\/#website"},"primaryImageOfPage":{"@id":"https:\/\/www.eurotherm.com\/de\/glass-manufacturing-process-solutions\/loesungen-fuer-die-glasindustrie\/#primaryimage"},"image":{"@id":"https:\/\/www.eurotherm.com\/de\/glass-manufacturing-process-solutions\/loesungen-fuer-die-glasindustrie\/#primaryimage"},"thumbnailUrl":"https:\/\/www.eurotherm.com\/wp-content\/uploads\/2019\/04\/Glass-featured.jpg","datePublished":"2019-05-26T12:29:32+00:00","dateModified":"2019-05-26T12:41:19+00:00","breadcrumb":{"@id":"https:\/\/www.eurotherm.com\/de\/glass-manufacturing-process-solutions\/loesungen-fuer-die-glasindustrie\/#breadcrumb"},"inLanguage":"de","potentialAction":[{"@type":"ReadAction","target":["https:\/\/www.eurotherm.com\/de\/glass-manufacturing-process-solutions\/loesungen-fuer-die-glasindustrie\/"]}]},{"@type":"ImageObject","inLanguage":"de","@id":"https:\/\/www.eurotherm.com\/de\/glass-manufacturing-process-solutions\/loesungen-fuer-die-glasindustrie\/#primaryimage","url":"https:\/\/www.eurotherm.com\/wp-content\/uploads\/2019\/04\/Glass-featured.jpg","contentUrl":"https:\/\/www.eurotherm.com\/wp-content\/uploads\/2019\/04\/Glass-featured.jpg","width":1000,"height":500},{"@type":"BreadcrumbList","@id":"https:\/\/www.eurotherm.com\/de\/glass-manufacturing-process-solutions\/loesungen-fuer-die-glasindustrie\/#breadcrumb","itemListElement":[{"@type":"ListItem","position":1,"name":"Home","item":"https:\/\/www.eurotherm.com\/de\/"},{"@type":"ListItem","position":2,"name":"Prozessl\u00f6sungen f\u00fcr die Glasherstellung","item":"https:\/\/www.eurotherm.com\/de\/glass-manufacturing-process-solutions\/"},{"@type":"ListItem","position":3,"name":"L\u00f6sungen f\u00fcr die Glasindustrie"}]},{"@type":"WebSite","@id":"https:\/\/www.eurotherm.com\/de\/#website","url":"https:\/\/www.eurotherm.com\/de\/","name":"Eurotherm Limited","description":"Temperature Control, Process Control, Measurement and Data Recording Solutions","potentialAction":[{"@type":"SearchAction","target":{"@type":"EntryPoint","urlTemplate":"https:\/\/www.eurotherm.com\/de\/?s={search_term_string}"},"query-input":{"@type":"PropertyValueSpecification","valueRequired":true,"valueName":"search_term_string"}}],"inLanguage":"de"}]}},"ACF":{"flexible_content":[{"acf_fc_layout":"full_width_image_header","header_textarea":"<h1>L\u00f6sungen f\u00fcr die Glasindustrie<\/h1>\n<p>Holen Sie das Beste aus Ihrem Prozess f\u00fcr R\u00f6hrenglas, Ultrad\u00fcnnes Glas, Flachglas, Containerglas, Glasfaser<\/p>\n","background_image":{"ID":67696,"id":67696,"title":"Glass-599543467-2500x600","filename":"Glass-599543467-2500x600.jpg","filesize":385083,"url":"https:\/\/www.eurotherm.com\/wp-content\/uploads\/2019\/04\/Glass-599543467-2500x600.jpg","link":"https:\/\/www.eurotherm.com\/de\/glass-manufacturing-process-solutions\/attachment\/glass-599543467-2500x600-2\/","alt":"","author":"3","description":"","caption":"","name":"glass-599543467-2500x600-2","status":"inherit","uploaded_to":72447,"date":"2019-04-11 06:23:24","modified":"2019-04-11 06:23:24","menu_order":0,"mime_type":"image\/jpeg","type":"image","subtype":"jpeg","icon":"https:\/\/www.eurotherm.com\/wp-includes\/images\/media\/default.png","width":2560,"height":600,"sizes":{"thumbnail":"https:\/\/www.eurotherm.com\/wp-content\/uploads\/2019\/04\/Glass-599543467-2500x600-150x150.jpg","thumbnail-width":150,"thumbnail-height":150,"medium":"https:\/\/www.eurotherm.com\/wp-content\/uploads\/2019\/04\/Glass-599543467-2500x600-300x70.jpg","medium-width":300,"medium-height":70,"medium_large":"https:\/\/www.eurotherm.com\/wp-content\/uploads\/2019\/04\/Glass-599543467-2500x600-768x180.jpg","medium_large-width":768,"medium_large-height":180,"large":"https:\/\/www.eurotherm.com\/wp-content\/uploads\/2019\/04\/Glass-599543467-2500x600-1024x240.jpg","large-width":1024,"large-height":240,"1536x1536":"https:\/\/www.eurotherm.com\/wp-content\/uploads\/2019\/04\/Glass-599543467-2500x600.jpg","1536x1536-width":1536,"1536x1536-height":360,"2048x2048":"https:\/\/www.eurotherm.com\/wp-content\/uploads\/2019\/04\/Glass-599543467-2500x600.jpg","2048x2048-width":2048,"2048x2048-height":480,"woocommerce_thumbnail":"https:\/\/www.eurotherm.com\/wp-content\/uploads\/2019\/04\/Glass-599543467-2500x600-300x300.jpg","woocommerce_thumbnail-width":300,"woocommerce_thumbnail-height":300,"woocommerce_single":"https:\/\/www.eurotherm.com\/wp-content\/uploads\/2019\/04\/Glass-599543467-2500x600-600x141.jpg","woocommerce_single-width":600,"woocommerce_single-height":141,"woocommerce_gallery_thumbnail":"https:\/\/www.eurotherm.com\/wp-content\/uploads\/2019\/04\/Glass-599543467-2500x600-100x100.jpg","woocommerce_gallery_thumbnail-width":100,"woocommerce_gallery_thumbnail-height":100}},"header_buttons":false},{"acf_fc_layout":"full_width_text_block","full_text_block":"<h2 style=\"text-align: center;\">Was auch immer Ihre Aufgabenstellung ist \u2013 wir bieten Ihnen die bestm\u00f6glichste Unterst\u00fctzung f\u00fcr Ihren Prozess<\/h2>\n","button_link":"","button_text":"","remove_top_margin":false,"remove_bottom_margin":false},{"acf_fc_layout":"3_column_block_areas","three_blocks_activate_card_mode":false,"custom_section_id":"","three_blocks":[{"three_featured_image":false,"small_featured_image_alt":false,"three_text_block":"<div class=\"row element-container cf \">\n<h2>Meine Anlage muss die n\u00e4chsten 15 Jahre 24 Stunden, 7 Tage die Woche laufen<\/h2>\n<\/div>\n<div class=\"row element-container cf \">\n<div class=\"op-text-block\">\n<p><strong>65% der weltweit f\u00fchrenden Glashersteller arbeiten mit unserer Hilfe ohne au\u00dferplanm\u00e4\u00dfige Unterbrechungen<\/strong><\/p>\n<p>Unsere zuverl\u00e4ssigen L\u00f6sungen f\u00fcr Prozessregelung, Datenaufzeichnung und Automatisierung basieren auf \u00fcber 50 Jahre Erfahrung in der Glasindustrie<\/p>\n<p><strong>Sch\u00fctzen Sie Ihre Investition durch Service Level Agreements f\u00fcr den gesamten Lebenszyklus<\/strong><\/p>\n<\/div>\n<\/div>\n","three_col_contact_form_instead_of_link":false,"three_col_button_link":"","three_col_button_text":"","three_col_shortcode":"","three_col_open_in_new_tab":false},{"three_featured_image":false,"small_featured_image_alt":false,"three_text_block":"<div class=\"row element-container cf \">\n<h2>Ich muss belegen, dass unsere Investitionen sich amortisieren<\/h2>\n<\/div>\n<div class=\"row element-container cf \">\n<div class=\"op-text-block\">\n<p><strong>Einfache Analyse der aufgezeichneten Daten mit speziell f\u00fcr die Industrie entwickelten Tools<\/strong><\/p>\n<p>Zeigen Sie Ihre Verbrauchs- und Leistungsdaten mit vielseitigen Darstellungsm\u00f6glichkeiten an<br \/>\n<strong>Reporting Tools leiten die gew\u00fcnschten Daten direkt zum verantwortlichen Mitarbeiter weiter<\/strong><\/p>\n<\/div>\n<\/div>\n","three_col_contact_form_instead_of_link":false,"three_col_button_link":"","three_col_button_text":"","three_col_shortcode":"","three_col_open_in_new_tab":false},{"three_featured_image":false,"small_featured_image_alt":false,"three_text_block":"<div class=\"row element-container cf \">\n<h2>Ich muss w\u00e4hrend des gesamten Anlagenzyklus Energie sparen<\/h2>\n<\/div>\n<div class=\"row element-container cf \">\n<div class=\"op-text-block\">\n<p><strong>Investieren Sie in unsere einzigartigen Energieeinsparungsl\u00f6sungen und reduzieren Sie Ihren Verbrauch um bis zu 10%?<\/strong><\/p>\n<p>Modernisieren Sie Ihre bestehende Anlage Schritt f\u00fcr Schritt, ganz nach Ihrem Budget<\/p>\n<p><strong>Wir zeigen Ihnen mit unseren ROI Energie-Bedarfsberechnungen wieviel Sie sparen k\u00f6nnen<\/strong><\/p>\n<\/div>\n<\/div>\n","three_col_contact_form_instead_of_link":false,"three_col_button_link":"","three_col_button_text":"","three_col_shortcode":"","three_col_open_in_new_tab":false}]},{"acf_fc_layout":"3_column_block_areas","three_blocks_activate_card_mode":false,"custom_section_id":"","three_blocks":[{"three_featured_image":false,"small_featured_image_alt":false,"three_text_block":"<div class=\"row element-container cf \">\n<h2>Ich muss die Lebensdauer meines wertvollen Equipments verbessern<\/h2>\n<\/div>\n<div class=\"row element-container cf \">\n<div class=\"op-text-block\">\n<p><strong>Profitieren Sie durch die Beratung unserer Glasexperten und w\u00e4hlen Sie zuverl\u00e4ssige Sensoren, Equipment und Konzepte aus<\/strong><\/p>\n<p>Sch\u00fctzen Sie Ihre Anlage mit unseren erstklassigen Partner-Produkten vor \u00dcberhitzung, Stress und Vibrationen<\/p>\n<p><strong>Vermeiden Sie unvorhersehbare Fehler mit regelm\u00e4\u00dfige Kalibrierservices und pr\u00e4ventiven Wartungsma\u00dfnahmen durch unser erfahrene Serviceteams<\/strong><\/p>\n<\/div>\n<\/div>\n","three_col_contact_form_instead_of_link":false,"three_col_button_link":"","three_col_button_text":"","three_col_shortcode":"","three_col_open_in_new_tab":false},{"three_featured_image":false,"small_featured_image_alt":false,"three_text_block":"<div class=\"row element-container cf \">\n<h2>Ich habe Schwierigkeiten die Ursachen von Glasfehlern herauszufinden<\/h2>\n<\/div>\n<div class=\"row element-container cf \">\n<div class=\"op-text-block\">\n<p><strong>Die Aufzeichnung ihrer Prozessdaten ist ein Schl\u00fcssel um Anlagenfehler herauszufinden. Nutzen Sie unsere Kenntnisse in der Datenaufzeichnung und profitieren Sie von unseren Analysetools<\/strong><\/p>\n<p>Einfaches reinzoomen in historische Daten \u00fcber Batch-Nummer oder Uhrzeit, um Probleme w\u00e4hrend des Betriebes zu visualisieren<\/p>\n<p><strong>Haben Sie Ihren Prozess perfektioniert, helfen Ihnen unsere umfangreichen Leistungsvergleichs-Funktionen zuk\u00fcnftige Defekte zu vermeiden<\/strong><\/p>\n<\/div>\n<\/div>\n","three_col_contact_form_instead_of_link":false,"three_col_button_link":"","three_col_button_text":"","three_col_shortcode":"","three_col_open_in_new_tab":false},{"three_featured_image":false,"small_featured_image_alt":false,"three_text_block":"<div class=\"row element-container cf \">\n<h2>Ich muss qualitatives hochwertiges Glas effektiver produzieren<\/h2>\n<\/div>\n<div class=\"row element-container cf \">\n<div class=\"op-text-block\">\n<p><strong>Erhalten Sie gleichbleibend hochqualitative Produkte mit einer optimalen Quote, speziell f\u00fcr die Glasindustrie entwickelten und pr\u00e4zisen Heiz-\/K\u00fchlstrategien<\/strong><br \/>\nSparen Sie Zeit indem Sie Transformatorenumschaltungen \u00fcber unsere intelligenten Thyristorsteller vornehmen, statt manuell<\/p>\n<p><strong>Optimieren Sie Ihren Prozess mit Tipps und Tricks unserer Glas- und Regelexperten<\/strong><\/p>\n<\/div>\n<\/div>\n","three_col_contact_form_instead_of_link":false,"three_col_button_link":"","three_col_button_text":"","three_col_shortcode":"","three_col_open_in_new_tab":false}]},{"acf_fc_layout":"full_width_text_block","full_text_block":"<div id=\"le_body_row_4_col_1_el_1\" class=\"element-container cf\" data-style=\"\">\n<div class=\"element\">\n<h2>Warum Eurotherm?<\/h2>\n<\/div>\n<\/div>\n<div id=\"le_body_row_4_col_1_el_2\" class=\"element-container cf\" data-style=\"\">\n<div class=\"element\">\n<h4>Als Teil des Schneider Electric Konzerns k\u00f6nnen wir Ihnen L\u00f6sungen von kleinere Anwendungen bis hin zur anlagenweiten Automatisierung und Energieverteilung anbieten.<\/h4>\n<\/div>\n<\/div>\n<div id=\"le_body_row_4_col_1_el_3\" class=\"element-container cf\" data-style=\"\">\n<div class=\"element\">\n<div class=\"op-text-block\">\n<p>Vom einfachen Regler zum komplett skalierbaren und anlagenweiten Regelsystem. Eurotherm bietet skalierbare, modulare L\u00f6sungen f\u00fcr jede Anwendung und jedes Budget<\/p>\n<\/div>\n<\/div>\n<\/div>\n","button_link":"","button_text":"","remove_top_margin":false,"remove_bottom_margin":false},{"acf_fc_layout":"3_column_block_areas","three_blocks_activate_card_mode":false,"custom_section_id":"","three_blocks":[{"three_featured_image":false,"small_featured_image_alt":false,"three_text_block":"<div class=\"row element-container cf \">\n<h2>Weltweiter Service<\/h2>\n<\/div>\n<div class=\"row element-container cf \">\n<div class=\"op-text-block\">\n<p>Wir unterst\u00fctzen 65% der weltweiten Glaslieferanten<\/p>\n<\/div>\n<\/div>\n","three_col_contact_form_instead_of_link":false,"three_col_button_link":"","three_col_button_text":"","three_col_shortcode":"","three_col_open_in_new_tab":false},{"three_featured_image":false,"small_featured_image_alt":false,"three_text_block":"<div class=\"row element-container cf \">\n<h2>Branchenkenntnisse<\/h2>\n<\/div>\n<div class=\"row element-container cf \">\n<div class=\"op-text-block\">\n<p>50 Jahre Erfahrung in Produkte und Systementwicklungen speziell f\u00fcr die Glasindustrie<\/p>\n<\/div>\n<\/div>\n","three_col_contact_form_instead_of_link":false,"three_col_button_link":"","three_col_button_text":"","three_col_shortcode":"","three_col_open_in_new_tab":false},{"three_featured_image":false,"small_featured_image_alt":false,"three_text_block":"<div class=\"row element-container cf \">\n<h2>Experten in Glasl\u00f6sungen<\/h2>\n<\/div>\n<div class=\"row element-container cf \">\n<div class=\"op-text-block\">\n<p>Unsere weltweites Beratungs- und Supportteam verf\u00fcgt \u00fcber mehr als 50 erfahrene Ingenieure mit speziellen Kenntnissen in der Glasindustrie und deren Applikationen<\/p>\n<\/div>\n<\/div>\n","three_col_contact_form_instead_of_link":false,"three_col_button_link":"","three_col_button_text":"","three_col_shortcode":"","three_col_open_in_new_tab":false}]},{"acf_fc_layout":"two_third_text_-_one_third_text","left_column_two_third":"<h3>Ein umfassendes Angebot an L\u00f6sungen, von Temperaturregler und Thyristorsteller bis hin zur anlagenweiten Automatisierung \u2013 wir helfen Ihnen Ihren Prozess optimal zu gestalten<\/h3>\n","right_column_one_third":"<p><iframe loading=\"lazy\" src=\"https:\/\/sketchfab.com\/models\/ebe7a3d4ca1a4006a853165d20473c7c\/embed?autospin=0.2\" width=\"640\" height=\"480\" frameborder=\"0\"><\/iframe><\/p>\n"},{"acf_fc_layout":"2_column_block_areas","activate_card_mode":false,"blocks":[{"featured_image":false,"small_featured_image":false,"text_block":"<div id=\"le_body_row_8_col_1_el_1\" class=\"element-container cf\" data-style=\"\">\n<div class=\"element\">\n<h2>Erfahren Sie mehr<\/h2>\n<\/div>\n<\/div>\n<div id=\"le_body_row_8_col_1_el_2\" class=\"element-container cf\" data-style=\"\">\n<div class=\"element\">\n<h4>Wir verstehen Ihre Glasapplikation<\/h4>\n<\/div>\n<\/div>\n<div id=\"le_body_row_8_col_1_el_3\" class=\"element-container cf\" data-style=\"\">\n<div class=\"element\">\n<div class=\"op-text-block\">\n<p>Vom einfachen Regler zum komplett skalierbaren und anlagenweiten Regelsystem. Eurotherm bietet skalierbare, modulare L\u00f6sungen f\u00fcr jede Anwendung und jedes Budget<\/p>\n<\/div>\n<\/div>\n<\/div>\n","two_col_contact_form_instead_of_link":false,"two_col_button_link":"\/glass-manufacturing-process-solutions\/","two_col_button_text":"Besuchen Sie Eurotherm Glasl\u00f6sungen","two_col_shortcode":""},{"featured_image":false,"small_featured_image":false,"text_block":"<div id=\"le_body_row_9_col_1_el_1\" class=\"element-container cf\" data-style=\"\">\n<div class=\"element\">\n<h4>Wen kann ich ansprechen?<\/h4>\n<\/div>\n<\/div>\n<div id=\"le_body_row_9_col_1_el_2\" class=\"element-container cf\" data-style=\"\">\n<div class=\"element\">\n<div class=\"op-text-block\">\n<p>Wir verstehen Ihre Schwierigkeiten in der Automatisierung und bieten Ihnen L\u00f6sungsans\u00e4tze. Unser engagiertes Supportteam hilft Ihnen bei Problem zu jeder Zeit, vom Betrieb bis zum technischen Engineering oder Ihrer Beschaffungsfunktion<\/p>\n<\/div>\n<\/div>\n<\/div>\n","two_col_contact_form_instead_of_link":false,"two_col_button_link":"\/glass-news-de\/contact-a-eurotherm-glass-solutions-expert\/","two_col_button_text":"Fragen Sie einen Glasexperten","two_col_shortcode":""}]}],"show_sidebar":false,"display_accreditations":false,"related_products":""},"jetpack_sharing_enabled":true,"_links":{"self":[{"href":"https:\/\/www.eurotherm.com\/de\/wp-json\/wp\/v2\/pages\/76009","targetHints":{"allow":["GET"]}}],"collection":[{"href":"https:\/\/www.eurotherm.com\/de\/wp-json\/wp\/v2\/pages"}],"about":[{"href":"https:\/\/www.eurotherm.com\/de\/wp-json\/wp\/v2\/types\/page"}],"author":[{"embeddable":true,"href":"https:\/\/www.eurotherm.com\/de\/wp-json\/wp\/v2\/users\/3"}],"replies":[{"embeddable":true,"href":"https:\/\/www.eurotherm.com\/de\/wp-json\/wp\/v2\/comments?post=76009"}],"version-history":[{"count":0,"href":"https:\/\/www.eurotherm.com\/de\/wp-json\/wp\/v2\/pages\/76009\/revisions"}],"up":[{"embeddable":true,"href":"https:\/\/www.eurotherm.com\/de\/wp-json\/wp\/v2\/pages\/72447"}],"wp:featuredmedia":[{"embeddable":true,"href":"https:\/\/www.eurotherm.com\/de\/wp-json\/wp\/v2\/media\/67709"}],"wp:attachment":[{"href":"https:\/\/www.eurotherm.com\/de\/wp-json\/wp\/v2\/media?parent=76009"}],"curies":[{"name":"wp","href":"https:\/\/api.w.org\/{rel}","templated":true}]}}