{"id":72607,"date":"2018-11-13T09:49:09","date_gmt":"2018-11-13T09:49:09","guid":{"rendered":"https:\/\/www.eurotherm.com\/engineered-systems-projects\/"},"modified":"2021-09-15T16:07:46","modified_gmt":"2021-09-15T08:07:46","slug":"engineered-systems-projects","status":"publish","type":"page","link":"https:\/\/www.eurotherm.com\/de\/solutions\/engineered-systems-projects\/","title":{"rendered":"Entwickelte Systeme und Projekte"},"content":{"rendered":"","protected":false},"excerpt":{"rendered":"","protected":false},"author":3,"featured_media":48912,"parent":72612,"menu_order":0,"comment_status":"closed","ping_status":"closed","template":"page-ancestor.php","meta":{"_acf_changed":false,"footnotes":""},"class_list":["post-72607","page","type-page","status-publish","has-post-thumbnail","hentry"],"acf":[],"yoast_head":"<!-- This site is optimized with the Yoast SEO plugin v27.2 - https:\/\/yoast.com\/product\/yoast-seo-wordpress\/ -->\n<title>Entwickelte Systeme und Projekte | Eurotherm Limited<\/title>\n<meta name=\"description\" content=\"Entwickelte Systeme und Projekte | Eurotherm\" \/>\n<meta name=\"robots\" content=\"index, follow, max-snippet:-1, max-image-preview:large, max-video-preview:-1\" \/>\n<meta property=\"og:locale\" content=\"de_DE\" \/>\n<meta property=\"og:type\" content=\"article\" \/>\n<meta property=\"og:title\" content=\"Entwickelte Systeme und Projekte | Eurotherm Limited\" \/>\n<meta property=\"og:url\" content=\"https:\/\/www.eurotherm.com\/de\/solutions\/engineered-systems-projects\/\" \/>\n<meta property=\"og:site_name\" content=\"Eurotherm Limited\" \/>\n<meta property=\"article:modified_time\" content=\"2021-09-15T08:07:46+00:00\" \/>\n<meta property=\"og:image\" content=\"https:\/\/www.eurotherm.com\/wp-content\/uploads\/2018\/11\/EOS-landing-page-engineer.jpg\" \/>\n\t<meta property=\"og:image:width\" content=\"1548\" \/>\n\t<meta property=\"og:image:height\" content=\"707\" \/>\n\t<meta property=\"og:image:type\" content=\"image\/jpeg\" \/>\n<meta name=\"twitter:card\" content=\"summary_large_image\" \/>\n<script type=\"application\/ld+json\" class=\"yoast-schema-graph\">{\"@context\":\"https:\/\/schema.org\",\"@graph\":[{\"@type\":\"WebPage\",\"@id\":\"https:\/\/www.eurotherm.com\/de\/solutions\/engineered-systems-projects\/\",\"url\":\"https:\/\/www.eurotherm.com\/de\/solutions\/engineered-systems-projects\/\",\"name\":\"Entwickelte Systeme und Projekte | Eurotherm Limited\",\"isPartOf\":{\"@id\":\"https:\/\/www.eurotherm.com\/de\/#website\"},\"primaryImageOfPage\":{\"@id\":\"https:\/\/www.eurotherm.com\/de\/solutions\/engineered-systems-projects\/#primaryimage\"},\"image\":{\"@id\":\"https:\/\/www.eurotherm.com\/de\/solutions\/engineered-systems-projects\/#primaryimage\"},\"thumbnailUrl\":\"https:\/\/www.eurotherm.com\/wp-content\/uploads\/2018\/11\/EOS-landing-page-engineer.jpg\",\"datePublished\":\"2018-11-13T09:49:09+00:00\",\"dateModified\":\"2021-09-15T08:07:46+00:00\",\"breadcrumb\":{\"@id\":\"https:\/\/www.eurotherm.com\/de\/solutions\/engineered-systems-projects\/#breadcrumb\"},\"inLanguage\":\"de\",\"potentialAction\":[{\"@type\":\"ReadAction\",\"target\":[\"https:\/\/www.eurotherm.com\/de\/solutions\/engineered-systems-projects\/\"]}]},{\"@type\":\"ImageObject\",\"inLanguage\":\"de\",\"@id\":\"https:\/\/www.eurotherm.com\/de\/solutions\/engineered-systems-projects\/#primaryimage\",\"url\":\"https:\/\/www.eurotherm.com\/wp-content\/uploads\/2018\/11\/EOS-landing-page-engineer.jpg\",\"contentUrl\":\"https:\/\/www.eurotherm.com\/wp-content\/uploads\/2018\/11\/EOS-landing-page-engineer.jpg\",\"width\":1548,\"height\":707},{\"@type\":\"BreadcrumbList\",\"@id\":\"https:\/\/www.eurotherm.com\/de\/solutions\/engineered-systems-projects\/#breadcrumb\",\"itemListElement\":[{\"@type\":\"ListItem\",\"position\":1,\"name\":\"Home\",\"item\":\"https:\/\/www.eurotherm.com\/de\/\"},{\"@type\":\"ListItem\",\"position\":2,\"name\":\"L\u00f6sungen\",\"item\":\"https:\/\/www.eurotherm.com\/de\/solutions\/\"},{\"@type\":\"ListItem\",\"position\":3,\"name\":\"Entwickelte Systeme und Projekte\"}]},{\"@type\":\"WebSite\",\"@id\":\"https:\/\/www.eurotherm.com\/de\/#website\",\"url\":\"https:\/\/www.eurotherm.com\/de\/\",\"name\":\"Eurotherm Limited\",\"description\":\"Temperature Control, Process Control, Measurement and Data Recording Solutions\",\"potentialAction\":[{\"@type\":\"SearchAction\",\"target\":{\"@type\":\"EntryPoint\",\"urlTemplate\":\"https:\/\/www.eurotherm.com\/de\/?s={search_term_string}\"},\"query-input\":{\"@type\":\"PropertyValueSpecification\",\"valueRequired\":true,\"valueName\":\"search_term_string\"}}],\"inLanguage\":\"de\"}]}<\/script>\n<!-- \/ Yoast SEO plugin. -->","yoast_head_json":{"title":"Entwickelte Systeme und Projekte | Eurotherm Limited","description":"Entwickelte Systeme und Projekte | Eurotherm","robots":{"index":"index","follow":"follow","max-snippet":"max-snippet:-1","max-image-preview":"max-image-preview:large","max-video-preview":"max-video-preview:-1"},"og_locale":"de_DE","og_type":"article","og_title":"Entwickelte Systeme und Projekte | Eurotherm Limited","og_url":"https:\/\/www.eurotherm.com\/de\/solutions\/engineered-systems-projects\/","og_site_name":"Eurotherm Limited","article_modified_time":"2021-09-15T08:07:46+00:00","og_image":[{"width":1548,"height":707,"url":"https:\/\/www.eurotherm.com\/wp-content\/uploads\/2018\/11\/EOS-landing-page-engineer.jpg","type":"image\/jpeg"}],"twitter_card":"summary_large_image","schema":{"@context":"https:\/\/schema.org","@graph":[{"@type":"WebPage","@id":"https:\/\/www.eurotherm.com\/de\/solutions\/engineered-systems-projects\/","url":"https:\/\/www.eurotherm.com\/de\/solutions\/engineered-systems-projects\/","name":"Entwickelte Systeme und Projekte | Eurotherm Limited","isPartOf":{"@id":"https:\/\/www.eurotherm.com\/de\/#website"},"primaryImageOfPage":{"@id":"https:\/\/www.eurotherm.com\/de\/solutions\/engineered-systems-projects\/#primaryimage"},"image":{"@id":"https:\/\/www.eurotherm.com\/de\/solutions\/engineered-systems-projects\/#primaryimage"},"thumbnailUrl":"https:\/\/www.eurotherm.com\/wp-content\/uploads\/2018\/11\/EOS-landing-page-engineer.jpg","datePublished":"2018-11-13T09:49:09+00:00","dateModified":"2021-09-15T08:07:46+00:00","breadcrumb":{"@id":"https:\/\/www.eurotherm.com\/de\/solutions\/engineered-systems-projects\/#breadcrumb"},"inLanguage":"de","potentialAction":[{"@type":"ReadAction","target":["https:\/\/www.eurotherm.com\/de\/solutions\/engineered-systems-projects\/"]}]},{"@type":"ImageObject","inLanguage":"de","@id":"https:\/\/www.eurotherm.com\/de\/solutions\/engineered-systems-projects\/#primaryimage","url":"https:\/\/www.eurotherm.com\/wp-content\/uploads\/2018\/11\/EOS-landing-page-engineer.jpg","contentUrl":"https:\/\/www.eurotherm.com\/wp-content\/uploads\/2018\/11\/EOS-landing-page-engineer.jpg","width":1548,"height":707},{"@type":"BreadcrumbList","@id":"https:\/\/www.eurotherm.com\/de\/solutions\/engineered-systems-projects\/#breadcrumb","itemListElement":[{"@type":"ListItem","position":1,"name":"Home","item":"https:\/\/www.eurotherm.com\/de\/"},{"@type":"ListItem","position":2,"name":"L\u00f6sungen","item":"https:\/\/www.eurotherm.com\/de\/solutions\/"},{"@type":"ListItem","position":3,"name":"Entwickelte Systeme und Projekte"}]},{"@type":"WebSite","@id":"https:\/\/www.eurotherm.com\/de\/#website","url":"https:\/\/www.eurotherm.com\/de\/","name":"Eurotherm Limited","description":"Temperature Control, Process Control, Measurement and Data Recording Solutions","potentialAction":[{"@type":"SearchAction","target":{"@type":"EntryPoint","urlTemplate":"https:\/\/www.eurotherm.com\/de\/?s={search_term_string}"},"query-input":{"@type":"PropertyValueSpecification","valueRequired":true,"valueName":"search_term_string"}}],"inLanguage":"de"}]}},"ACF":{"related_products":"","flexible_content":[{"acf_fc_layout":"full_width_image_header","header_textarea":"<h1>Automatisierung und Regelungstechnik<\/h1>\n<p>Viele Kunden entscheiden sich f\u00fcr Eurotherm aufgrund unseres Know-hows auf dem Gebiet der Regelungstechnik, der sicheren Aufzeichnung und der Prozesssteuerung. Wir sind in der Lage pr\u00e4zise Prozesssteuerungsl\u00f6sungen zu entwickeln, die besonders f\u00fcr regulierte Industrien geeignet sind.<\/p>\n","background_image":{"ID":48912,"id":48912,"title":"EOS-landing-page-engineer","filename":"EOS-landing-page-engineer.jpg","filesize":155569,"url":"https:\/\/www.eurotherm.com\/wp-content\/uploads\/2018\/11\/EOS-landing-page-engineer.jpg","link":"https:\/\/www.eurotherm.com\/de\/solutions\/engineered-systems-projects\/attachment\/eos-landing-page-engineer-2\/","alt":"","author":"3","description":"","caption":"","name":"eos-landing-page-engineer-2","status":"inherit","uploaded_to":72607,"date":"2018-11-21 10:49:37","modified":"2021-05-10 09:06:43","menu_order":0,"mime_type":"image\/jpeg","type":"image","subtype":"jpeg","icon":"https:\/\/www.eurotherm.com\/wp-includes\/images\/media\/default.png","width":1548,"height":707,"sizes":{"thumbnail":"https:\/\/www.eurotherm.com\/wp-content\/uploads\/2018\/11\/EOS-landing-page-engineer-150x150.jpg","thumbnail-width":150,"thumbnail-height":150,"medium":"https:\/\/www.eurotherm.com\/wp-content\/uploads\/2018\/11\/EOS-landing-page-engineer-300x137.jpg","medium-width":300,"medium-height":137,"medium_large":"https:\/\/www.eurotherm.com\/wp-content\/uploads\/2018\/11\/EOS-landing-page-engineer-768x351.jpg","medium_large-width":768,"medium_large-height":351,"large":"https:\/\/www.eurotherm.com\/wp-content\/uploads\/2018\/11\/EOS-landing-page-engineer-1024x468.jpg","large-width":1024,"large-height":468,"1536x1536":"https:\/\/www.eurotherm.com\/wp-content\/uploads\/2018\/11\/EOS-landing-page-engineer.jpg","1536x1536-width":1536,"1536x1536-height":702,"2048x2048":"https:\/\/www.eurotherm.com\/wp-content\/uploads\/2018\/11\/EOS-landing-page-engineer.jpg","2048x2048-width":1548,"2048x2048-height":707,"woocommerce_thumbnail":"https:\/\/www.eurotherm.com\/wp-content\/uploads\/2018\/11\/EOS-landing-page-engineer-300x300.jpg","woocommerce_thumbnail-width":300,"woocommerce_thumbnail-height":300,"woocommerce_single":"https:\/\/www.eurotherm.com\/wp-content\/uploads\/2018\/11\/EOS-landing-page-engineer-600x274.jpg","woocommerce_single-width":600,"woocommerce_single-height":274,"woocommerce_gallery_thumbnail":"https:\/\/www.eurotherm.com\/wp-content\/uploads\/2018\/11\/EOS-landing-page-engineer-100x100.jpg","woocommerce_gallery_thumbnail-width":100,"woocommerce_gallery_thumbnail-height":100}},"header_buttons":false},{"acf_fc_layout":"two_third_text_-_one_third_text","left_column_two_third":"<h2>Unser globales Team von Anwendungsexperten und hochqualifizierten Ingenieuren entwickelt gemeinsam mit Ihnen optimierte L\u00f6sungen<\/h2>\n<p>Eurotherm verf\u00fcgt \u00fcber mehr als 50 Jahre Erfahrung im Systemgesch\u00e4ft und entwickelt und unterst\u00fctzt Automatisierungs- und Regelungsprojekte f\u00fcr viele wichtige Branchen wie \u00d6l und Gas, W\u00e4rmebehandlung, Glas, Biowissenschaften und Versorgungsbetriebe.<\/p>\n<p>Viele Kunden entscheiden sich f\u00fcr Eurotherm aufgrund unseres Know-hows auf dem Gebiet der Regelungstechnik, der sicheren Aufzeichnung und der Prozesssteuerung. Wir sind in der Lage pr\u00e4zise Prozesssteuerungsl\u00f6sungen zu entwickeln, die besonders f\u00fcr regulierte Industrien geeignet sind. Viele Funktionen unserer einzigartigen Regelungs-, Aufzeichnungs- und Automatisierungsstrategien helfen, Energie zu sparen, die Effizienz zu steigern und die Qualit\u00e4t der Endprodukte zu verbessern.<\/p>\n<p>Von kleinen, ma\u00dfgeschneiderten Projekten bis hin zu globalen Systemen mit 24\/7 Service Level Agreements &#8211; wir helfen Ihnen, das Beste aus Ihrem Prozess herauszuholen.<\/p>\n","right_column_one_third":"<h2>Quicklinks<\/h2>\n<p>\n            <a href=\"http:\/\/eurotherm19.wpengine.com\/solutions\/engineered-systems-projects\/\/hybrid-industries\">> L\u00f6sungen f\u00fcr hybride Industrien <\/a>\n          <\/p>\n<p>\n            <a href=\"http:\/\/eurotherm19.wpengine.com\/solutions\/engineered-systems-projects\/\/our-engineers\">> Unsere Ingenieure <\/a>\n          <\/p>\n<p>\n            <a href=\"http:\/\/eurotherm19.wpengine.com\/solutions\/engineered-systems-projects\/\/project-services\">> Projekt Services <\/a>\n          <\/p>\n<p>\n            <a href=\"http:\/\/eurotherm19.wpengine.com\/solutions\/engineered-systems-projects\/\/project-management\">> Projekt Management <\/a>\n          <\/p>\n<p>\n            <a href=\"http:\/\/eurotherm19.wpengine.com\/solutions\/engineered-systems-projects\/\/after-sales-services\">> After Sales Services <\/a>\n          <\/p>\n<p>\n            <a href=\"http:\/\/eurotherm19.wpengine.com\/solutions\/engineered-systems-projects\/\/eurotherm-business-approvals-certificates\">> Eurotherm Business Zulassungen\/Zertifikate<\/a>\n          <\/p>\n<p>\n            <a href=\"http:\/\/eurotherm19.wpengine.com\/services\/service-level-agreements-sla\/\">> Dienstleistungsvereinbarungen &#8211; Service level agreements (SLA)<\/a>\n          <\/p>\n"},{"acf_fc_layout":"full_width_text_block","full_text_block":"<h2>Kleine technische L\u00f6sungen f\u00fcr die gesamte Anlagenautomatisierung und Energieversorgung<\/h2>\n<p>Innovative, langlebige, \u00e4u\u00dfert flexible und frei konfigurierbare Produkte, Dienstleistungen und Systeme.<\/p>\n<p>Von kleinen ma\u00dfgeschneiderten Projekten bis hin zu globalen Systemen mit 24\/7-Servicevereinbarungen &#8211; wir helfen Ihnen, das Beste aus Ihrem Prozess gewinnen.<\/p>\n","button_link":"","button_text":"","remove_top_margin":false,"remove_bottom_margin":false},{"acf_fc_layout":"2_column_block_areas","activate_card_mode":false,"blocks":[{"featured_image":false,"small_featured_image":false,"text_block":"<div data-service=\"youtube\" data-id=\"WnVgC6sUxBU\"><\/div>\n","two_col_contact_form_instead_of_link":false,"two_col_button_link":"","two_col_button_text":"","two_col_shortcode":""},{"featured_image":false,"small_featured_image":false,"text_block":"<h2>Mit Eurotherm Systemen<\/h2>\n<p>Eurotherm verf\u00fcgt \u00fcber mehr als 50 Jahre Erfahrung im Systemgesch\u00e4ft und entwickelt und unterst\u00fctzt Automatisierungs- und Regelungsprojekte f\u00fcr viele wichtige Branchen wie \u00d6l und Gas, W\u00e4rmebehandlung, Glas, Biowissenschaften und Versorgungsbetriebe.<\/p>\n","two_col_contact_form_instead_of_link":false,"two_col_button_link":false,"two_col_button_text":"Sehen Sie unsere Geschichte","two_col_shortcode":""}]},{"acf_fc_layout":"dark_column_block","dark_text_block":"<h2>Erfahren Sie mehr \u00fcber unsere neuesten Fallstudien und Erfolgsgeschichten<\/h2><\/p>\n","dark_background_image":{"ID":60691,"id":60691,"title":"Webinar-Header","filename":"Webinar-Header-1.jpg","filesize":277878,"url":"https:\/\/www.eurotherm.com\/wp-content\/uploads\/2019\/01\/Webinar-Header-1.jpg","link":"https:\/\/www.eurotherm.com\/de\/3d-integration\/attachment\/webinar-header-2-2\/","alt":"","author":"3","description":"","caption":"","name":"webinar-header-2-2","status":"inherit","uploaded_to":71982,"date":"2019-01-07 14:19:13","modified":"2019-01-07 14:19:13","menu_order":0,"mime_type":"image\/jpeg","type":"image","subtype":"jpeg","icon":"https:\/\/www.eurotherm.com\/wp-includes\/images\/media\/default.png","width":1920,"height":1281,"sizes":{"thumbnail":"https:\/\/www.eurotherm.com\/wp-content\/uploads\/2019\/01\/Webinar-Header-1-150x150.jpg","thumbnail-width":150,"thumbnail-height":150,"medium":"https:\/\/www.eurotherm.com\/wp-content\/uploads\/2019\/01\/Webinar-Header-1-300x200.jpg","medium-width":300,"medium-height":200,"medium_large":"https:\/\/www.eurotherm.com\/wp-content\/uploads\/2019\/01\/Webinar-Header-1-768x512.jpg","medium_large-width":768,"medium_large-height":512,"large":"https:\/\/www.eurotherm.com\/wp-content\/uploads\/2019\/01\/Webinar-Header-1-1024x683.jpg","large-width":1024,"large-height":683,"1536x1536":"https:\/\/www.eurotherm.com\/wp-content\/uploads\/2019\/01\/Webinar-Header-1.jpg","1536x1536-width":1536,"1536x1536-height":1025,"2048x2048":"https:\/\/www.eurotherm.com\/wp-content\/uploads\/2019\/01\/Webinar-Header-1.jpg","2048x2048-width":1920,"2048x2048-height":1281,"woocommerce_thumbnail":"https:\/\/www.eurotherm.com\/wp-content\/uploads\/2019\/01\/Webinar-Header-1-300x300.jpg","woocommerce_thumbnail-width":300,"woocommerce_thumbnail-height":300,"woocommerce_single":"https:\/\/www.eurotherm.com\/wp-content\/uploads\/2019\/01\/Webinar-Header-1-768x512.jpg","woocommerce_single-width":600,"woocommerce_single-height":400,"woocommerce_gallery_thumbnail":"https:\/\/www.eurotherm.com\/wp-content\/uploads\/2019\/01\/Webinar-Header-1-100x100.jpg","woocommerce_gallery_thumbnail-width":100,"woocommerce_gallery_thumbnail-height":100}},"dark_buttons":[{"dark_button_link":"\/Fallstudien","dark_button_text":"Erfahren Sie mehr \u00fcber bereits realisierte Eurotherm-Projekte"}],"dark_reduce_padding":false,"dark_reduce_text_width":false}],"show_sidebar":false,"display_accreditations":true},"jetpack_sharing_enabled":true,"_links":{"self":[{"href":"https:\/\/www.eurotherm.com\/de\/wp-json\/wp\/v2\/pages\/72607","targetHints":{"allow":["GET"]}}],"collection":[{"href":"https:\/\/www.eurotherm.com\/de\/wp-json\/wp\/v2\/pages"}],"about":[{"href":"https:\/\/www.eurotherm.com\/de\/wp-json\/wp\/v2\/types\/page"}],"author":[{"embeddable":true,"href":"https:\/\/www.eurotherm.com\/de\/wp-json\/wp\/v2\/users\/3"}],"replies":[{"embeddable":true,"href":"https:\/\/www.eurotherm.com\/de\/wp-json\/wp\/v2\/comments?post=72607"}],"version-history":[{"count":3,"href":"https:\/\/www.eurotherm.com\/de\/wp-json\/wp\/v2\/pages\/72607\/revisions"}],"predecessor-version":[{"id":120321,"href":"https:\/\/www.eurotherm.com\/de\/wp-json\/wp\/v2\/pages\/72607\/revisions\/120321"}],"up":[{"embeddable":true,"href":"https:\/\/www.eurotherm.com\/de\/wp-json\/wp\/v2\/pages\/72612"}],"wp:featuredmedia":[{"embeddable":true,"href":"https:\/\/www.eurotherm.com\/de\/wp-json\/wp\/v2\/media\/48912"}],"wp:attachment":[{"href":"https:\/\/www.eurotherm.com\/de\/wp-json\/wp\/v2\/media?parent=72607"}],"curies":[{"name":"wp","href":"https:\/\/api.w.org\/{rel}","templated":true}]}}