{"id":72472,"date":"2018-11-23T16:32:21","date_gmt":"2018-11-23T16:32:21","guid":{"rendered":"https:\/\/www.eurotherm.com\/accreditation-services\/"},"modified":"2021-11-11T22:59:14","modified_gmt":"2021-11-11T14:59:14","slug":"accreditation-services","status":"publish","type":"page","link":"https:\/\/www.eurotherm.com\/de\/services\/accreditation-services\/","title":{"rendered":"Akkreditierungsleistungen"},"content":{"rendered":"","protected":false},"excerpt":{"rendered":"","protected":false},"author":3,"featured_media":0,"parent":72602,"menu_order":0,"comment_status":"closed","ping_status":"closed","template":"","meta":{"_acf_changed":false,"footnotes":""},"class_list":["post-72472","page","type-page","status-publish","hentry"],"acf":[],"yoast_head":"<!-- This site is optimized with the Yoast SEO plugin v27.2 - https:\/\/yoast.com\/product\/yoast-seo-wordpress\/ -->\n<title>Akkreditierungsleistungen | Eurotherm Limited<\/title>\n<meta name=\"description\" content=\"Akkreditierungsleistungen | Eurotherm\" \/>\n<meta name=\"robots\" content=\"index, follow, max-snippet:-1, max-image-preview:large, max-video-preview:-1\" \/>\n<meta property=\"og:locale\" content=\"de_DE\" \/>\n<meta property=\"og:type\" content=\"article\" \/>\n<meta property=\"og:title\" content=\"Akkreditierungsleistungen | Eurotherm Limited\" \/>\n<meta property=\"og:url\" content=\"https:\/\/www.eurotherm.com\/de\/services\/accreditation-services\/\" \/>\n<meta property=\"og:site_name\" content=\"Eurotherm Limited\" \/>\n<meta property=\"article:modified_time\" content=\"2021-11-11T14:59:14+00:00\" \/>\n<meta name=\"twitter:card\" content=\"summary_large_image\" \/>\n<script type=\"application\/ld+json\" class=\"yoast-schema-graph\">{\"@context\":\"https:\/\/schema.org\",\"@graph\":[{\"@type\":\"WebPage\",\"@id\":\"https:\/\/www.eurotherm.com\/de\/services\/accreditation-services\/\",\"url\":\"https:\/\/www.eurotherm.com\/de\/services\/accreditation-services\/\",\"name\":\"Akkreditierungsleistungen | Eurotherm Limited\",\"isPartOf\":{\"@id\":\"https:\/\/www.eurotherm.com\/de\/#website\"},\"datePublished\":\"2018-11-23T16:32:21+00:00\",\"dateModified\":\"2021-11-11T14:59:14+00:00\",\"breadcrumb\":{\"@id\":\"https:\/\/www.eurotherm.com\/de\/services\/accreditation-services\/#breadcrumb\"},\"inLanguage\":\"de\",\"potentialAction\":[{\"@type\":\"ReadAction\",\"target\":[\"https:\/\/www.eurotherm.com\/de\/services\/accreditation-services\/\"]}]},{\"@type\":\"BreadcrumbList\",\"@id\":\"https:\/\/www.eurotherm.com\/de\/services\/accreditation-services\/#breadcrumb\",\"itemListElement\":[{\"@type\":\"ListItem\",\"position\":1,\"name\":\"Home\",\"item\":\"https:\/\/www.eurotherm.com\/de\/\"},{\"@type\":\"ListItem\",\"position\":2,\"name\":\"Dienstleistungen f\u00fcr die industrielle Automatisierung\ufffc\",\"item\":\"https:\/\/www.eurotherm.com\/de\/services\/\"},{\"@type\":\"ListItem\",\"position\":3,\"name\":\"Akkreditierungsleistungen\"}]},{\"@type\":\"WebSite\",\"@id\":\"https:\/\/www.eurotherm.com\/de\/#website\",\"url\":\"https:\/\/www.eurotherm.com\/de\/\",\"name\":\"Eurotherm Limited\",\"description\":\"Temperature Control, Process Control, Measurement and Data Recording Solutions\",\"potentialAction\":[{\"@type\":\"SearchAction\",\"target\":{\"@type\":\"EntryPoint\",\"urlTemplate\":\"https:\/\/www.eurotherm.com\/de\/?s={search_term_string}\"},\"query-input\":{\"@type\":\"PropertyValueSpecification\",\"valueRequired\":true,\"valueName\":\"search_term_string\"}}],\"inLanguage\":\"de\"}]}<\/script>\n<!-- \/ Yoast SEO plugin. -->","yoast_head_json":{"title":"Akkreditierungsleistungen | Eurotherm Limited","description":"Akkreditierungsleistungen | Eurotherm","robots":{"index":"index","follow":"follow","max-snippet":"max-snippet:-1","max-image-preview":"max-image-preview:large","max-video-preview":"max-video-preview:-1"},"og_locale":"de_DE","og_type":"article","og_title":"Akkreditierungsleistungen | Eurotherm Limited","og_url":"https:\/\/www.eurotherm.com\/de\/services\/accreditation-services\/","og_site_name":"Eurotherm Limited","article_modified_time":"2021-11-11T14:59:14+00:00","twitter_card":"summary_large_image","schema":{"@context":"https:\/\/schema.org","@graph":[{"@type":"WebPage","@id":"https:\/\/www.eurotherm.com\/de\/services\/accreditation-services\/","url":"https:\/\/www.eurotherm.com\/de\/services\/accreditation-services\/","name":"Akkreditierungsleistungen | Eurotherm Limited","isPartOf":{"@id":"https:\/\/www.eurotherm.com\/de\/#website"},"datePublished":"2018-11-23T16:32:21+00:00","dateModified":"2021-11-11T14:59:14+00:00","breadcrumb":{"@id":"https:\/\/www.eurotherm.com\/de\/services\/accreditation-services\/#breadcrumb"},"inLanguage":"de","potentialAction":[{"@type":"ReadAction","target":["https:\/\/www.eurotherm.com\/de\/services\/accreditation-services\/"]}]},{"@type":"BreadcrumbList","@id":"https:\/\/www.eurotherm.com\/de\/services\/accreditation-services\/#breadcrumb","itemListElement":[{"@type":"ListItem","position":1,"name":"Home","item":"https:\/\/www.eurotherm.com\/de\/"},{"@type":"ListItem","position":2,"name":"Dienstleistungen f\u00fcr die industrielle Automatisierung\ufffc","item":"https:\/\/www.eurotherm.com\/de\/services\/"},{"@type":"ListItem","position":3,"name":"Akkreditierungsleistungen"}]},{"@type":"WebSite","@id":"https:\/\/www.eurotherm.com\/de\/#website","url":"https:\/\/www.eurotherm.com\/de\/","name":"Eurotherm Limited","description":"Temperature Control, Process Control, Measurement and Data Recording Solutions","potentialAction":[{"@type":"SearchAction","target":{"@type":"EntryPoint","urlTemplate":"https:\/\/www.eurotherm.com\/de\/?s={search_term_string}"},"query-input":{"@type":"PropertyValueSpecification","valueRequired":true,"valueName":"search_term_string"}}],"inLanguage":"de"}]}},"ACF":{"related_products":"","flexible_content":[{"acf_fc_layout":"full_width_image_header","header_textarea":"<h1>Akkreditierungsleistungen<\/h1>\n<p>Professionelle Dienstleistungen zum Schutz und zur Maximierung Ihres Anlageverm\u00f6gens.<\/p>\n","background_image":{"ID":54797,"id":54797,"title":"585285403_screen_ESX-SMB-IC-490x280","filename":"585285403_screen_ESX-SMB-IC-490x280.jpg","filesize":37271,"url":"https:\/\/www.eurotherm.com\/wp-content\/uploads\/2018\/12\/585285403_screen_ESX-SMB-IC-490x280.jpg","link":"https:\/\/www.eurotherm.com\/de\/homepage\/attachment\/585285403_screen_esx-smb-ic-490x280-2\/","alt":"","author":"3","description":"","caption":"","name":"585285403_screen_esx-smb-ic-490x280-2","status":"inherit","uploaded_to":14,"date":"2018-12-04 11:46:29","modified":"2018-12-04 11:46:29","menu_order":0,"mime_type":"image\/jpeg","type":"image","subtype":"jpeg","icon":"https:\/\/www.eurotherm.com\/wp-includes\/images\/media\/default.png","width":490,"height":280,"sizes":{"thumbnail":"https:\/\/www.eurotherm.com\/wp-content\/uploads\/2018\/12\/585285403_screen_ESX-SMB-IC-490x280-150x150.jpg","thumbnail-width":150,"thumbnail-height":150,"medium":"https:\/\/www.eurotherm.com\/wp-content\/uploads\/2018\/12\/585285403_screen_ESX-SMB-IC-490x280-300x171.jpg","medium-width":300,"medium-height":171,"medium_large":"https:\/\/www.eurotherm.com\/wp-content\/uploads\/2018\/12\/585285403_screen_ESX-SMB-IC-490x280.jpg","medium_large-width":490,"medium_large-height":280,"large":"https:\/\/www.eurotherm.com\/wp-content\/uploads\/2018\/12\/585285403_screen_ESX-SMB-IC-490x280.jpg","large-width":490,"large-height":280,"1536x1536":"https:\/\/www.eurotherm.com\/wp-content\/uploads\/2018\/12\/585285403_screen_ESX-SMB-IC-490x280.jpg","1536x1536-width":490,"1536x1536-height":280,"2048x2048":"https:\/\/www.eurotherm.com\/wp-content\/uploads\/2018\/12\/585285403_screen_ESX-SMB-IC-490x280.jpg","2048x2048-width":490,"2048x2048-height":280,"woocommerce_thumbnail":"https:\/\/www.eurotherm.com\/wp-content\/uploads\/2018\/12\/585285403_screen_ESX-SMB-IC-490x280-300x280.jpg","woocommerce_thumbnail-width":300,"woocommerce_thumbnail-height":280,"woocommerce_single":"https:\/\/www.eurotherm.com\/wp-content\/uploads\/2018\/12\/585285403_screen_ESX-SMB-IC-490x280.jpg","woocommerce_single-width":490,"woocommerce_single-height":280,"woocommerce_gallery_thumbnail":"https:\/\/www.eurotherm.com\/wp-content\/uploads\/2018\/12\/585285403_screen_ESX-SMB-IC-490x280-100x100.jpg","woocommerce_gallery_thumbnail-width":100,"woocommerce_gallery_thumbnail-height":100}},"header_buttons":false},{"acf_fc_layout":"two_third_text_-_one_third_text","left_column_two_third":"<h2>Warum sollten Sie Ihre Anwendung kalibrieren?<\/h2>\n<p>Die Kalibrierung Ihrer Anwendung mit nach nationalen Standards geeichten Referenzger\u00e4ten stellt sicher, dass Sie mit Ihrer Produktion immer im Optimum arbeiten.<\/p>\n<p>Die Kalibrierung beseitigt Messfehler, erkennt nicht konforme Ger\u00e4te und erm\u00f6glicht es Ihnen, eine grundlegende Ursachen f\u00fcr Probleme in der Produktqualit\u00e4t zu erkennen. Sie gibt Vertrauen in den Prozess, beweist Ihren Kunden, dass Sie ein hohes Qualit\u00e4tsbewusstsein haben, belegt die Einhaltung der geforderten Standards und gibt Ihren Kunden ein sicheres Gef\u00fchl f\u00fcr die G\u00fcte Ihrer Produkte.<\/p>\n<p>Wir bieten Kalibrierungsdienstleistungen f\u00fcr Eurotherm- und Fremdger\u00e4te an, die eine umfangreiche Palette von Parametern abdecken.<\/p>\n<p>Die Kalibrierung kann als einmaliger Service angeboten werden. Alternativ kann sie auch in einem umfassenden Lifetime-Services-Vertrag enthalten sein:<\/p>\n<ul>\n<li>Akkreditierungsdienste einschlie\u00dflich Messungen der Temperaturgleichm\u00e4\u00dfigkeit und Systemgenauigkeitstests.<\/li>\n<li>Installations- und Inbetriebnahmeservice<\/li>\n<li>Garantieverl\u00e4ngerung auf Neuger\u00e4te f\u00fcr bis zu 5 Jahre f\u00fcr Teile und Arbeitskosten f\u00fcr Werksreparaturen.<\/li>\n<li>Ersatzteilmanagementvertr\u00e4ge f\u00fcr die Bereitstellung von gebundenen Ersatzteilen vor Ort.<\/li>\n<li>Garantierte St\u00f6rungsbeseitigung vor Ort mit erweiterter Abdeckung inklusive 24\/7-Rufbereitschaft.<\/li>\n<li>Archivierung von Ger\u00e4tekonfigurationen f\u00fcr eine schnelle Wiederherstellung bei Ger\u00e4teausfall.<\/li>\n<li>Technical Support Days, die jederzeit f\u00fcr Dienstleistungen wie Ad-hoc-\u00c4nderungen, informelle Schulungen usw. in Anspruch genommen werden k\u00f6nnen.<\/li>\n<li>Unsere DAkkS Akkreditierungsurkunde finden Sie hier <a href=\"https:\/\/www.eurotherm.com\/?wpdmdl=29380\" target=\"_blank\" rel=\"noopener\"> DAkkS Akkreditierungsurkunde<\/a><\/li>\n<\/ul>\n","right_column_one_third":"<h3>Was sollten Sie als n\u00e4chstes tun?<\/h3>\n<p><a href=\"https:\/\/www.eurotherm.com\/en\/contact-us\/\">Kontaktieren Sie uns<\/a><\/p>\n<p>&nbsp;<\/p>\n<h4>Was wir f\u00fcr Sie tun k\u00f6nnen:<\/h4>\n<ul>\n<li>Kalibrierung von Ger\u00e4ten in unserem Kalibrierlabor und direkt vor Ort beim Kunden.<\/li>\n<li>Kalibrierungsdienstleistungen f\u00fcr Eurotherm- und Fremdger\u00e4te, die viele verschiedene Parameter abdecken<\/li>\n<li>Kalibrierung von elektrischen Ger\u00e4ten durch Signaleinspeisung: Gleichspannung; Strom; Widerstand; Temperatursimulation<\/li>\n<li>Regelkreiskalibrierung von Ger\u00e4ten durch: Drucksimulation; Temperatursimulation; Feuchtigkeitssimulation<\/li>\n<\/ul>\n"},{"acf_fc_layout":"3_column_block_areas","three_blocks_activate_card_mode":false,"custom_section_id":"","three_blocks":[{"three_featured_image":false,"small_featured_image_alt":false,"three_text_block":"","three_col_contact_form_instead_of_link":false,"three_col_button_link":"","three_col_button_text":"","three_col_shortcode":"","three_col_open_in_new_tab":false},{"three_featured_image":false,"small_featured_image_alt":false,"three_text_block":"","three_col_contact_form_instead_of_link":false,"three_col_button_link":"","three_col_button_text":"","three_col_shortcode":"","three_col_open_in_new_tab":false},{"three_featured_image":false,"small_featured_image_alt":false,"three_text_block":"","three_col_contact_form_instead_of_link":false,"three_col_button_link":"","three_col_button_text":"","three_col_shortcode":"","three_col_open_in_new_tab":false}]},{"acf_fc_layout":"2_column_block_areas","activate_card_mode":false,"blocks":[{"featured_image":false,"small_featured_image":false,"text_block":"","two_col_contact_form_instead_of_link":false,"two_col_button_link":"","two_col_button_text":"","two_col_shortcode":""},{"featured_image":false,"small_featured_image":false,"text_block":"","two_col_contact_form_instead_of_link":false,"two_col_button_link":"","two_col_button_text":"","two_col_shortcode":""}]},{"acf_fc_layout":"half_image_-_half_text","image":{"ID":55789,"id":55789,"title":"998-4399_P7_Nadcap-Services","filename":"998-4399_P7_Nadcap-Services.jpg","filesize":60561,"url":"https:\/\/www.eurotherm.com\/wp-content\/uploads\/2018\/12\/998-4399_P7_Nadcap-Services.jpg","link":"https:\/\/www.eurotherm.com\/de\/services\/accreditation-services\/attachment\/998-4399_p7_nadcap-services-2\/","alt":"","author":"3","description":"","caption":"","name":"998-4399_p7_nadcap-services-2","status":"inherit","uploaded_to":72472,"date":"2018-12-12 09:13:45","modified":"2018-12-12 09:13:45","menu_order":0,"mime_type":"image\/jpeg","type":"image","subtype":"jpeg","icon":"https:\/\/www.eurotherm.com\/wp-includes\/images\/media\/default.png","width":800,"height":400,"sizes":{"thumbnail":"https:\/\/www.eurotherm.com\/wp-content\/uploads\/2018\/12\/998-4399_P7_Nadcap-Services-150x150.jpg","thumbnail-width":150,"thumbnail-height":150,"medium":"https:\/\/www.eurotherm.com\/wp-content\/uploads\/2018\/12\/998-4399_P7_Nadcap-Services-300x150.jpg","medium-width":300,"medium-height":150,"medium_large":"https:\/\/www.eurotherm.com\/wp-content\/uploads\/2018\/12\/998-4399_P7_Nadcap-Services-768x384.jpg","medium_large-width":768,"medium_large-height":384,"large":"https:\/\/www.eurotherm.com\/wp-content\/uploads\/2018\/12\/998-4399_P7_Nadcap-Services.jpg","large-width":800,"large-height":400,"1536x1536":"https:\/\/www.eurotherm.com\/wp-content\/uploads\/2018\/12\/998-4399_P7_Nadcap-Services.jpg","1536x1536-width":800,"1536x1536-height":400,"2048x2048":"https:\/\/www.eurotherm.com\/wp-content\/uploads\/2018\/12\/998-4399_P7_Nadcap-Services.jpg","2048x2048-width":800,"2048x2048-height":400,"woocommerce_thumbnail":"https:\/\/www.eurotherm.com\/wp-content\/uploads\/2018\/12\/998-4399_P7_Nadcap-Services-300x300.jpg","woocommerce_thumbnail-width":300,"woocommerce_thumbnail-height":300,"woocommerce_single":"https:\/\/www.eurotherm.com\/wp-content\/uploads\/2018\/12\/998-4399_P7_Nadcap-Services-768x384.jpg","woocommerce_single-width":600,"woocommerce_single-height":300,"woocommerce_gallery_thumbnail":"https:\/\/www.eurotherm.com\/wp-content\/uploads\/2018\/12\/998-4399_P7_Nadcap-Services-100x100.jpg","woocommerce_gallery_thumbnail-width":100,"woocommerce_gallery_thumbnail-height":100}},"image_caption_alt":"","textarea":"<h2>Entdecken Sie unsere Nadcap-Dienstleistungen<\/h2>\n<h3>Auditierte Richtlinien f\u00fcr die W\u00e4rmebehandlung<\/h3>\n<p>Eurotherm verf\u00fcgt \u00fcber eine breite Palette von Produkten und Dienstleistungen, die entwickelt wurden, um die Auditvorschriften f\u00fcr die W\u00e4rmebehandlung zu erf\u00fcllen. Die Vorschriften fallen in zwei Hauptkategorien und Eurotherm bietet L\u00f6sungen, um beide Anforderungen zu erf\u00fcllen und mehr&#8230;<\/p>\n","lay_eight_button_link":"\/support-services\/technical-remote-on-site-support-training\/nadcap-services\/","lay_eight_button_text":"Nadcap Services"}],"show_sidebar":false,"display_accreditations":false},"jetpack_sharing_enabled":true,"_links":{"self":[{"href":"https:\/\/www.eurotherm.com\/de\/wp-json\/wp\/v2\/pages\/72472","targetHints":{"allow":["GET"]}}],"collection":[{"href":"https:\/\/www.eurotherm.com\/de\/wp-json\/wp\/v2\/pages"}],"about":[{"href":"https:\/\/www.eurotherm.com\/de\/wp-json\/wp\/v2\/types\/page"}],"author":[{"embeddable":true,"href":"https:\/\/www.eurotherm.com\/de\/wp-json\/wp\/v2\/users\/3"}],"replies":[{"embeddable":true,"href":"https:\/\/www.eurotherm.com\/de\/wp-json\/wp\/v2\/comments?post=72472"}],"version-history":[{"count":13,"href":"https:\/\/www.eurotherm.com\/de\/wp-json\/wp\/v2\/pages\/72472\/revisions"}],"predecessor-version":[{"id":122625,"href":"https:\/\/www.eurotherm.com\/de\/wp-json\/wp\/v2\/pages\/72472\/revisions\/122625"}],"up":[{"embeddable":true,"href":"https:\/\/www.eurotherm.com\/de\/wp-json\/wp\/v2\/pages\/72602"}],"wp:attachment":[{"href":"https:\/\/www.eurotherm.com\/de\/wp-json\/wp\/v2\/media?parent=72472"}],"curies":[{"name":"wp","href":"https:\/\/api.w.org\/{rel}","templated":true}]}}