{"id":72452,"date":"2018-11-23T16:47:44","date_gmt":"2018-11-23T16:47:44","guid":{"rendered":"https:\/\/www.eurotherm.com\/repair-services\/"},"modified":"2024-05-02T21:41:30","modified_gmt":"2024-05-02T13:41:30","slug":"repair-services","status":"publish","type":"page","link":"https:\/\/www.eurotherm.com\/de\/services\/repair-services\/","title":{"rendered":"Reparaturen"},"content":{"rendered":"","protected":false},"excerpt":{"rendered":"","protected":false},"author":3,"featured_media":5307,"parent":72602,"menu_order":0,"comment_status":"closed","ping_status":"closed","template":"","meta":{"_acf_changed":false,"footnotes":""},"class_list":["post-72452","page","type-page","status-publish","has-post-thumbnail","hentry"],"acf":[],"yoast_head":"<!-- This site is optimized with the Yoast SEO plugin v27.5 - https:\/\/yoast.com\/product\/yoast-seo-wordpress\/ -->\n<title>Reparaturen | Eurotherm Limited<\/title>\n<meta name=\"description\" content=\"Reparaturen | Eurotherm\" \/>\n<meta name=\"robots\" content=\"index, follow, max-snippet:-1, max-image-preview:large, max-video-preview:-1\" \/>\n<meta property=\"og:locale\" content=\"de_DE\" \/>\n<meta property=\"og:type\" content=\"article\" \/>\n<meta property=\"og:title\" content=\"Reparaturen | Eurotherm Limited\" \/>\n<meta property=\"og:url\" content=\"https:\/\/www.eurotherm.com\/de\/services\/repair-services\/\" \/>\n<meta property=\"og:site_name\" content=\"Eurotherm Limited\" \/>\n<meta property=\"article:modified_time\" content=\"2024-05-02T13:41:30+00:00\" \/>\n<meta property=\"og:image\" content=\"https:\/\/www.eurotherm.com\/wp-content\/uploads\/2018\/10\/CF-repair.jpg\" \/>\n\t<meta property=\"og:image:width\" content=\"600\" \/>\n\t<meta property=\"og:image:height\" content=\"602\" \/>\n\t<meta property=\"og:image:type\" content=\"image\/jpeg\" \/>\n<meta name=\"twitter:card\" content=\"summary_large_image\" \/>\n<meta name=\"twitter:label1\" content=\"Gesch\u00e4tzte Lesezeit\" \/>\n\t<meta name=\"twitter:data1\" content=\"1\u00a0Minute\" \/>\n<script type=\"application\/ld+json\" class=\"yoast-schema-graph\">{\"@context\":\"https:\\\/\\\/schema.org\",\"@graph\":[{\"@type\":\"WebPage\",\"@id\":\"https:\\\/\\\/www.eurotherm.com\\\/de\\\/services\\\/repair-services\\\/\",\"url\":\"https:\\\/\\\/www.eurotherm.com\\\/de\\\/services\\\/repair-services\\\/\",\"name\":\"Reparaturen | Eurotherm Limited\",\"isPartOf\":{\"@id\":\"https:\\\/\\\/www.eurotherm.com\\\/de\\\/#website\"},\"primaryImageOfPage\":{\"@id\":\"https:\\\/\\\/www.eurotherm.com\\\/de\\\/services\\\/repair-services\\\/#primaryimage\"},\"image\":{\"@id\":\"https:\\\/\\\/www.eurotherm.com\\\/de\\\/services\\\/repair-services\\\/#primaryimage\"},\"thumbnailUrl\":\"https:\\\/\\\/www.eurotherm.com\\\/wp-content\\\/uploads\\\/2018\\\/10\\\/CF-repair.jpg\",\"datePublished\":\"2018-11-23T16:47:44+00:00\",\"dateModified\":\"2024-05-02T13:41:30+00:00\",\"breadcrumb\":{\"@id\":\"https:\\\/\\\/www.eurotherm.com\\\/de\\\/services\\\/repair-services\\\/#breadcrumb\"},\"inLanguage\":\"de\",\"potentialAction\":[{\"@type\":\"ReadAction\",\"target\":[\"https:\\\/\\\/www.eurotherm.com\\\/de\\\/services\\\/repair-services\\\/\"]}]},{\"@type\":\"ImageObject\",\"inLanguage\":\"de\",\"@id\":\"https:\\\/\\\/www.eurotherm.com\\\/de\\\/services\\\/repair-services\\\/#primaryimage\",\"url\":\"https:\\\/\\\/www.eurotherm.com\\\/wp-content\\\/uploads\\\/2018\\\/10\\\/CF-repair.jpg\",\"contentUrl\":\"https:\\\/\\\/www.eurotherm.com\\\/wp-content\\\/uploads\\\/2018\\\/10\\\/CF-repair.jpg\",\"width\":600,\"height\":602},{\"@type\":\"BreadcrumbList\",\"@id\":\"https:\\\/\\\/www.eurotherm.com\\\/de\\\/services\\\/repair-services\\\/#breadcrumb\",\"itemListElement\":[{\"@type\":\"ListItem\",\"position\":1,\"name\":\"Home\",\"item\":\"https:\\\/\\\/www.eurotherm.com\\\/de\\\/\"},{\"@type\":\"ListItem\",\"position\":2,\"name\":\"Dienstleistungen f\u00fcr die industrielle Automatisierung\ufffc\",\"item\":\"https:\\\/\\\/www.eurotherm.com\\\/de\\\/services\\\/\"},{\"@type\":\"ListItem\",\"position\":3,\"name\":\"Reparaturen\"}]},{\"@type\":\"WebSite\",\"@id\":\"https:\\\/\\\/www.eurotherm.com\\\/de\\\/#website\",\"url\":\"https:\\\/\\\/www.eurotherm.com\\\/de\\\/\",\"name\":\"Eurotherm Limited\",\"description\":\"Temperature Control, Process Control, Measurement and Data Recording Solutions\",\"potentialAction\":[{\"@type\":\"SearchAction\",\"target\":{\"@type\":\"EntryPoint\",\"urlTemplate\":\"https:\\\/\\\/www.eurotherm.com\\\/de\\\/?s={search_term_string}\"},\"query-input\":{\"@type\":\"PropertyValueSpecification\",\"valueRequired\":true,\"valueName\":\"search_term_string\"}}],\"inLanguage\":\"de\"}]}<\/script>\n<!-- \/ Yoast SEO plugin. -->","yoast_head_json":{"title":"Reparaturen | Eurotherm Limited","description":"Reparaturen | Eurotherm","robots":{"index":"index","follow":"follow","max-snippet":"max-snippet:-1","max-image-preview":"max-image-preview:large","max-video-preview":"max-video-preview:-1"},"og_locale":"de_DE","og_type":"article","og_title":"Reparaturen | Eurotherm Limited","og_url":"https:\/\/www.eurotherm.com\/de\/services\/repair-services\/","og_site_name":"Eurotherm Limited","article_modified_time":"2024-05-02T13:41:30+00:00","og_image":[{"width":600,"height":602,"url":"https:\/\/www.eurotherm.com\/wp-content\/uploads\/2018\/10\/CF-repair.jpg","type":"image\/jpeg"}],"twitter_card":"summary_large_image","twitter_misc":{"Gesch\u00e4tzte Lesezeit":"1\u00a0Minute"},"schema":{"@context":"https:\/\/schema.org","@graph":[{"@type":"WebPage","@id":"https:\/\/www.eurotherm.com\/de\/services\/repair-services\/","url":"https:\/\/www.eurotherm.com\/de\/services\/repair-services\/","name":"Reparaturen | Eurotherm Limited","isPartOf":{"@id":"https:\/\/www.eurotherm.com\/de\/#website"},"primaryImageOfPage":{"@id":"https:\/\/www.eurotherm.com\/de\/services\/repair-services\/#primaryimage"},"image":{"@id":"https:\/\/www.eurotherm.com\/de\/services\/repair-services\/#primaryimage"},"thumbnailUrl":"https:\/\/www.eurotherm.com\/wp-content\/uploads\/2018\/10\/CF-repair.jpg","datePublished":"2018-11-23T16:47:44+00:00","dateModified":"2024-05-02T13:41:30+00:00","breadcrumb":{"@id":"https:\/\/www.eurotherm.com\/de\/services\/repair-services\/#breadcrumb"},"inLanguage":"de","potentialAction":[{"@type":"ReadAction","target":["https:\/\/www.eurotherm.com\/de\/services\/repair-services\/"]}]},{"@type":"ImageObject","inLanguage":"de","@id":"https:\/\/www.eurotherm.com\/de\/services\/repair-services\/#primaryimage","url":"https:\/\/www.eurotherm.com\/wp-content\/uploads\/2018\/10\/CF-repair.jpg","contentUrl":"https:\/\/www.eurotherm.com\/wp-content\/uploads\/2018\/10\/CF-repair.jpg","width":600,"height":602},{"@type":"BreadcrumbList","@id":"https:\/\/www.eurotherm.com\/de\/services\/repair-services\/#breadcrumb","itemListElement":[{"@type":"ListItem","position":1,"name":"Home","item":"https:\/\/www.eurotherm.com\/de\/"},{"@type":"ListItem","position":2,"name":"Dienstleistungen f\u00fcr die industrielle Automatisierung\ufffc","item":"https:\/\/www.eurotherm.com\/de\/services\/"},{"@type":"ListItem","position":3,"name":"Reparaturen"}]},{"@type":"WebSite","@id":"https:\/\/www.eurotherm.com\/de\/#website","url":"https:\/\/www.eurotherm.com\/de\/","name":"Eurotherm Limited","description":"Temperature Control, Process Control, Measurement and Data Recording Solutions","potentialAction":[{"@type":"SearchAction","target":{"@type":"EntryPoint","urlTemplate":"https:\/\/www.eurotherm.com\/de\/?s={search_term_string}"},"query-input":{"@type":"PropertyValueSpecification","valueRequired":true,"valueName":"search_term_string"}}],"inLanguage":"de"}]}},"ACF":{"display_accreditations":false,"flexible_content":[{"acf_fc_layout":"full_width_image_header","header_textarea":"<h1>Reparaturen<\/h1>\n<p>Eurotherm k\u00fcmmert sich so schnell wie m\u00f6glich um die Diagnose und Reparatur Ihrer Produkte.<\/p>\n","background_image":{"ID":5307,"id":5307,"title":"CF-repair","filename":"CF-repair.jpg","filesize":81940,"url":"https:\/\/www.eurotherm.com\/wp-content\/uploads\/2018\/10\/CF-repair.jpg","link":"https:\/\/www.eurotherm.com\/de\/services\/repair-services\/attachment\/cf-repair-2\/","alt":"","author":"4","description":"","caption":"","name":"cf-repair-2","status":"inherit","uploaded_to":72452,"date":"2018-10-12 12:18:29","modified":"2022-02-24 12:28:56","menu_order":0,"mime_type":"image\/jpeg","type":"image","subtype":"jpeg","icon":"https:\/\/www.eurotherm.com\/wp-includes\/images\/media\/default.png","width":600,"height":602,"sizes":{"thumbnail":"https:\/\/www.eurotherm.com\/wp-content\/uploads\/2018\/10\/CF-repair-150x150.jpg","thumbnail-width":150,"thumbnail-height":150,"medium":"https:\/\/www.eurotherm.com\/wp-content\/uploads\/2018\/10\/CF-repair-300x300.jpg","medium-width":300,"medium-height":300,"medium_large":"https:\/\/www.eurotherm.com\/wp-content\/uploads\/2018\/10\/CF-repair.jpg","medium_large-width":600,"medium_large-height":602,"large":"https:\/\/www.eurotherm.com\/wp-content\/uploads\/2018\/10\/CF-repair.jpg","large-width":600,"large-height":602,"1536x1536":"https:\/\/www.eurotherm.com\/wp-content\/uploads\/2018\/10\/CF-repair.jpg","1536x1536-width":600,"1536x1536-height":602,"2048x2048":"https:\/\/www.eurotherm.com\/wp-content\/uploads\/2018\/10\/CF-repair.jpg","2048x2048-width":600,"2048x2048-height":602,"woocommerce_thumbnail":"https:\/\/www.eurotherm.com\/wp-content\/uploads\/2018\/10\/CF-repair-300x300.jpg","woocommerce_thumbnail-width":300,"woocommerce_thumbnail-height":300,"woocommerce_single":"https:\/\/www.eurotherm.com\/wp-content\/uploads\/2018\/10\/CF-repair-600x602.jpg","woocommerce_single-width":600,"woocommerce_single-height":602,"woocommerce_gallery_thumbnail":"https:\/\/www.eurotherm.com\/wp-content\/uploads\/2018\/10\/CF-repair-100x100.jpg","woocommerce_gallery_thumbnail-width":100,"woocommerce_gallery_thumbnail-height":100}},"header_buttons":false},{"acf_fc_layout":"full_width_text_block","full_text_block":"<p>F\u00fcr alle R\u00fccksendungen zur Reparatur (mit und ohne Garantie) wenden Sie sich bitte telefonisch an unseren technischen Support: <b>+49 6431 9754088 <\/b>oder per E-Mail: <b>support.eurotherm.de@watlow.com<\/b>, um die Details der Reparatur zu besprechen und die folgenden Informationen anzugeben:<\/p>\n<ul>\n<li>Kontaktinformationen (Firmenname, Telefonnummer, E-Mail und vollst\u00e4ndige Lieferadresse)<\/li>\n<li>Produktcode (vollst\u00e4ndig) oder Teilenummer und Produktseriennummer<\/li>\n<li>Fehlerbeschreibung und bereits durchgef\u00fchrte Fehlersuche zur Eingrenzung der Ursache<\/li>\n<li>Hardware-Konfiguration und Software-Version<\/li>\n<li>Angabe zu der Umgebung, in der das Ger\u00e4t verwendet wird: harmlos \u00e4tzend, radioaktiv, giftig usw.<\/li>\n<\/ul>\n<p>Wenn sich das Ger\u00e4t als defekt erweist, repariert oder kalibriert werden muss, wird eine RMA-Nummer (Return Materials Authorization) ausgestellt.<\/p>\n<p>Der Kunde muss vor der R\u00fccksendung der Produkte an Eurotherm eine RMA-Referenz einholen. Alle Produkte, die an Eurotherm versandt werden, m\u00fcssen fracht- und zollfrei sein und die RMA-Referenz muss deutlich auf dem Versandetikett oder dem Frachtbrief angegeben sein. Sendungen, die ohne RMA-Referenz ankommen, werden abgelehnt und auf Kosten des Kunden an diesen zur\u00fcckgeschickt. Alle R\u00fccksendungen m\u00fcssen ordnungsgem\u00e4\u00df verpackt sein.<\/p>\n<p>&nbsp;<\/p>\n<p>&nbsp;<\/p>\n","button_link":"https:\/\/www.eurotherm.com\/?wpdmdl=81082","button_text":"Reparaturbegleitschreiben","remove_top_margin":false,"remove_bottom_margin":false}],"show_sidebar":false},"jetpack_sharing_enabled":true,"_links":{"self":[{"href":"https:\/\/www.eurotherm.com\/de\/wp-json\/wp\/v2\/pages\/72452","targetHints":{"allow":["GET"]}}],"collection":[{"href":"https:\/\/www.eurotherm.com\/de\/wp-json\/wp\/v2\/pages"}],"about":[{"href":"https:\/\/www.eurotherm.com\/de\/wp-json\/wp\/v2\/types\/page"}],"author":[{"embeddable":true,"href":"https:\/\/www.eurotherm.com\/de\/wp-json\/wp\/v2\/users\/3"}],"replies":[{"embeddable":true,"href":"https:\/\/www.eurotherm.com\/de\/wp-json\/wp\/v2\/comments?post=72452"}],"version-history":[{"count":8,"href":"https:\/\/www.eurotherm.com\/de\/wp-json\/wp\/v2\/pages\/72452\/revisions"}],"predecessor-version":[{"id":152859,"href":"https:\/\/www.eurotherm.com\/de\/wp-json\/wp\/v2\/pages\/72452\/revisions\/152859"}],"up":[{"embeddable":true,"href":"https:\/\/www.eurotherm.com\/de\/wp-json\/wp\/v2\/pages\/72602"}],"wp:featuredmedia":[{"embeddable":true,"href":"https:\/\/www.eurotherm.com\/de\/wp-json\/wp\/v2\/media\/5307"}],"wp:attachment":[{"href":"https:\/\/www.eurotherm.com\/de\/wp-json\/wp\/v2\/media?parent=72452"}],"curies":[{"name":"wp","href":"https:\/\/api.w.org\/{rel}","templated":true}]}}