{"id":72447,"date":"2018-11-23T17:32:41","date_gmt":"2018-11-23T17:32:41","guid":{"rendered":"https:\/\/www.eurotherm.com\/glass-manufacturing-process-solutions\/"},"modified":"2026-02-24T16:45:08","modified_gmt":"2026-02-24T08:45:08","slug":"glass-manufacturing-process-solutions","status":"publish","type":"page","link":"https:\/\/www.eurotherm.com\/de\/glass-manufacturing-process-solutions\/","title":{"rendered":"Prozessl\u00f6sungen f\u00fcr die Glasherstellung"},"content":{"rendered":"","protected":false},"excerpt":{"rendered":"","protected":false},"author":3,"featured_media":67709,"parent":0,"menu_order":0,"comment_status":"closed","ping_status":"closed","template":"","meta":{"_acf_changed":false,"footnotes":""},"class_list":["post-72447","page","type-page","status-publish","has-post-thumbnail","hentry"],"acf":[],"yoast_head":"<!-- This site is optimized with the Yoast SEO plugin v27.2 - https:\/\/yoast.com\/product\/yoast-seo-wordpress\/ -->\n<title>Prozessl\u00f6sungen f\u00fcr die Glasherstellung | Eurotherm Limited<\/title>\n<meta name=\"description\" content=\"Prozessl\u00f6sungen f\u00fcr die Glasherstellung | Eurotherm\" \/>\n<meta name=\"robots\" content=\"index, follow, max-snippet:-1, max-image-preview:large, max-video-preview:-1\" \/>\n<meta property=\"og:locale\" content=\"de_DE\" \/>\n<meta property=\"og:type\" content=\"article\" \/>\n<meta property=\"og:title\" content=\"Prozessl\u00f6sungen f\u00fcr die Glasherstellung | Eurotherm Limited\" \/>\n<meta property=\"og:url\" content=\"https:\/\/www.eurotherm.com\/de\/glass-manufacturing-process-solutions\/\" \/>\n<meta property=\"og:site_name\" content=\"Eurotherm Limited\" \/>\n<meta property=\"article:modified_time\" content=\"2026-02-24T08:45:08+00:00\" \/>\n<meta property=\"og:image\" content=\"https:\/\/www.eurotherm.com\/wp-content\/uploads\/2019\/04\/Glass-featured.jpg\" \/>\n\t<meta property=\"og:image:width\" content=\"1000\" \/>\n\t<meta property=\"og:image:height\" content=\"500\" \/>\n\t<meta property=\"og:image:type\" content=\"image\/jpeg\" \/>\n<meta name=\"twitter:card\" content=\"summary_large_image\" \/>\n<meta name=\"twitter:label1\" content=\"Gesch\u00e4tzte Lesezeit\" \/>\n\t<meta name=\"twitter:data1\" content=\"1\u00a0Minute\" \/>\n<script type=\"application\/ld+json\" class=\"yoast-schema-graph\">{\"@context\":\"https:\/\/schema.org\",\"@graph\":[{\"@type\":\"WebPage\",\"@id\":\"https:\/\/www.eurotherm.com\/de\/glass-manufacturing-process-solutions\/\",\"url\":\"https:\/\/www.eurotherm.com\/de\/glass-manufacturing-process-solutions\/\",\"name\":\"Prozessl\u00f6sungen f\u00fcr die Glasherstellung | Eurotherm Limited\",\"isPartOf\":{\"@id\":\"https:\/\/www.eurotherm.com\/de\/#website\"},\"primaryImageOfPage\":{\"@id\":\"https:\/\/www.eurotherm.com\/de\/glass-manufacturing-process-solutions\/#primaryimage\"},\"image\":{\"@id\":\"https:\/\/www.eurotherm.com\/de\/glass-manufacturing-process-solutions\/#primaryimage\"},\"thumbnailUrl\":\"https:\/\/www.eurotherm.com\/wp-content\/uploads\/2019\/04\/Glass-featured.jpg\",\"datePublished\":\"2018-11-23T17:32:41+00:00\",\"dateModified\":\"2026-02-24T08:45:08+00:00\",\"breadcrumb\":{\"@id\":\"https:\/\/www.eurotherm.com\/de\/glass-manufacturing-process-solutions\/#breadcrumb\"},\"inLanguage\":\"de\",\"potentialAction\":[{\"@type\":\"ReadAction\",\"target\":[\"https:\/\/www.eurotherm.com\/de\/glass-manufacturing-process-solutions\/\"]}]},{\"@type\":\"ImageObject\",\"inLanguage\":\"de\",\"@id\":\"https:\/\/www.eurotherm.com\/de\/glass-manufacturing-process-solutions\/#primaryimage\",\"url\":\"https:\/\/www.eurotherm.com\/wp-content\/uploads\/2019\/04\/Glass-featured.jpg\",\"contentUrl\":\"https:\/\/www.eurotherm.com\/wp-content\/uploads\/2019\/04\/Glass-featured.jpg\",\"width\":1000,\"height\":500},{\"@type\":\"BreadcrumbList\",\"@id\":\"https:\/\/www.eurotherm.com\/de\/glass-manufacturing-process-solutions\/#breadcrumb\",\"itemListElement\":[{\"@type\":\"ListItem\",\"position\":1,\"name\":\"Home\",\"item\":\"https:\/\/www.eurotherm.com\/de\/\"},{\"@type\":\"ListItem\",\"position\":2,\"name\":\"Prozessl\u00f6sungen f\u00fcr die Glasherstellung\"}]},{\"@type\":\"WebSite\",\"@id\":\"https:\/\/www.eurotherm.com\/de\/#website\",\"url\":\"https:\/\/www.eurotherm.com\/de\/\",\"name\":\"Eurotherm Limited\",\"description\":\"Temperature Control, Process Control, Measurement and Data Recording Solutions\",\"potentialAction\":[{\"@type\":\"SearchAction\",\"target\":{\"@type\":\"EntryPoint\",\"urlTemplate\":\"https:\/\/www.eurotherm.com\/de\/?s={search_term_string}\"},\"query-input\":{\"@type\":\"PropertyValueSpecification\",\"valueRequired\":true,\"valueName\":\"search_term_string\"}}],\"inLanguage\":\"de\"}]}<\/script>\n<!-- \/ Yoast SEO plugin. -->","yoast_head_json":{"title":"Prozessl\u00f6sungen f\u00fcr die Glasherstellung | Eurotherm Limited","description":"Prozessl\u00f6sungen f\u00fcr die Glasherstellung | Eurotherm","robots":{"index":"index","follow":"follow","max-snippet":"max-snippet:-1","max-image-preview":"max-image-preview:large","max-video-preview":"max-video-preview:-1"},"og_locale":"de_DE","og_type":"article","og_title":"Prozessl\u00f6sungen f\u00fcr die Glasherstellung | Eurotherm Limited","og_url":"https:\/\/www.eurotherm.com\/de\/glass-manufacturing-process-solutions\/","og_site_name":"Eurotherm Limited","article_modified_time":"2026-02-24T08:45:08+00:00","og_image":[{"width":1000,"height":500,"url":"https:\/\/www.eurotherm.com\/wp-content\/uploads\/2019\/04\/Glass-featured.jpg","type":"image\/jpeg"}],"twitter_card":"summary_large_image","twitter_misc":{"Gesch\u00e4tzte Lesezeit":"1\u00a0Minute"},"schema":{"@context":"https:\/\/schema.org","@graph":[{"@type":"WebPage","@id":"https:\/\/www.eurotherm.com\/de\/glass-manufacturing-process-solutions\/","url":"https:\/\/www.eurotherm.com\/de\/glass-manufacturing-process-solutions\/","name":"Prozessl\u00f6sungen f\u00fcr die Glasherstellung | Eurotherm Limited","isPartOf":{"@id":"https:\/\/www.eurotherm.com\/de\/#website"},"primaryImageOfPage":{"@id":"https:\/\/www.eurotherm.com\/de\/glass-manufacturing-process-solutions\/#primaryimage"},"image":{"@id":"https:\/\/www.eurotherm.com\/de\/glass-manufacturing-process-solutions\/#primaryimage"},"thumbnailUrl":"https:\/\/www.eurotherm.com\/wp-content\/uploads\/2019\/04\/Glass-featured.jpg","datePublished":"2018-11-23T17:32:41+00:00","dateModified":"2026-02-24T08:45:08+00:00","breadcrumb":{"@id":"https:\/\/www.eurotherm.com\/de\/glass-manufacturing-process-solutions\/#breadcrumb"},"inLanguage":"de","potentialAction":[{"@type":"ReadAction","target":["https:\/\/www.eurotherm.com\/de\/glass-manufacturing-process-solutions\/"]}]},{"@type":"ImageObject","inLanguage":"de","@id":"https:\/\/www.eurotherm.com\/de\/glass-manufacturing-process-solutions\/#primaryimage","url":"https:\/\/www.eurotherm.com\/wp-content\/uploads\/2019\/04\/Glass-featured.jpg","contentUrl":"https:\/\/www.eurotherm.com\/wp-content\/uploads\/2019\/04\/Glass-featured.jpg","width":1000,"height":500},{"@type":"BreadcrumbList","@id":"https:\/\/www.eurotherm.com\/de\/glass-manufacturing-process-solutions\/#breadcrumb","itemListElement":[{"@type":"ListItem","position":1,"name":"Home","item":"https:\/\/www.eurotherm.com\/de\/"},{"@type":"ListItem","position":2,"name":"Prozessl\u00f6sungen f\u00fcr die Glasherstellung"}]},{"@type":"WebSite","@id":"https:\/\/www.eurotherm.com\/de\/#website","url":"https:\/\/www.eurotherm.com\/de\/","name":"Eurotherm Limited","description":"Temperature Control, Process Control, Measurement and Data Recording Solutions","potentialAction":[{"@type":"SearchAction","target":{"@type":"EntryPoint","urlTemplate":"https:\/\/www.eurotherm.com\/de\/?s={search_term_string}"},"query-input":{"@type":"PropertyValueSpecification","valueRequired":true,"valueName":"search_term_string"}}],"inLanguage":"de"}]}},"ACF":{"display_accreditations":false,"flexible_content":[{"acf_fc_layout":"full_width_image_header","header_textarea":"<h1 class=\"et_pb_module_header\">Prozessl\u00f6sungen f\u00fcr die Glasherstellung<\/h1>\n<p>Wir verstehen Ihren Glasherstellungsprozess.<\/p>\n","background_image":{"ID":67696,"id":67696,"title":"Glass-599543467-2500x600","filename":"Glass-599543467-2500x600.jpg","filesize":385083,"url":"https:\/\/www.eurotherm.com\/wp-content\/uploads\/2019\/04\/Glass-599543467-2500x600.jpg","link":"https:\/\/www.eurotherm.com\/de\/glass-manufacturing-process-solutions\/attachment\/glass-599543467-2500x600-2\/","alt":"","author":"3","description":"","caption":"","name":"glass-599543467-2500x600-2","status":"inherit","uploaded_to":72447,"date":"2019-04-11 06:23:24","modified":"2019-04-11 06:23:24","menu_order":0,"mime_type":"image\/jpeg","type":"image","subtype":"jpeg","icon":"https:\/\/www.eurotherm.com\/wp-includes\/images\/media\/default.png","width":2560,"height":600,"sizes":{"thumbnail":"https:\/\/www.eurotherm.com\/wp-content\/uploads\/2019\/04\/Glass-599543467-2500x600-150x150.jpg","thumbnail-width":150,"thumbnail-height":150,"medium":"https:\/\/www.eurotherm.com\/wp-content\/uploads\/2019\/04\/Glass-599543467-2500x600-300x70.jpg","medium-width":300,"medium-height":70,"medium_large":"https:\/\/www.eurotherm.com\/wp-content\/uploads\/2019\/04\/Glass-599543467-2500x600-768x180.jpg","medium_large-width":768,"medium_large-height":180,"large":"https:\/\/www.eurotherm.com\/wp-content\/uploads\/2019\/04\/Glass-599543467-2500x600-1024x240.jpg","large-width":1024,"large-height":240,"1536x1536":"https:\/\/www.eurotherm.com\/wp-content\/uploads\/2019\/04\/Glass-599543467-2500x600.jpg","1536x1536-width":1536,"1536x1536-height":360,"2048x2048":"https:\/\/www.eurotherm.com\/wp-content\/uploads\/2019\/04\/Glass-599543467-2500x600.jpg","2048x2048-width":2048,"2048x2048-height":480,"woocommerce_thumbnail":"https:\/\/www.eurotherm.com\/wp-content\/uploads\/2019\/04\/Glass-599543467-2500x600-300x300.jpg","woocommerce_thumbnail-width":300,"woocommerce_thumbnail-height":300,"woocommerce_single":"https:\/\/www.eurotherm.com\/wp-content\/uploads\/2019\/04\/Glass-599543467-2500x600-600x141.jpg","woocommerce_single-width":600,"woocommerce_single-height":141,"woocommerce_gallery_thumbnail":"https:\/\/www.eurotherm.com\/wp-content\/uploads\/2019\/04\/Glass-599543467-2500x600-100x100.jpg","woocommerce_gallery_thumbnail-width":100,"woocommerce_gallery_thumbnail-height":100}},"header_buttons":false},{"acf_fc_layout":"two_third_text_-_one_third_text","left_column_two_third":"<h2>L\u00f6sungen f\u00fcr die Prozessautomatisierung und Leistungsregelung<\/h2>\n<p>Wir sind ein globales Unternehmen, das sich um alle Ihre Prozessautomatisierungs- und L\u00f6sungen zur Leistungsregelung k\u00fcmmert. Ein Gesch\u00e4ftspartner mit globaler Pr\u00e4senz, der die Muttersprache der Mitarbeiter Ihrer lokalen Werke spricht. Wir verstehen Ihre Automatisierungsanforderungen und k\u00f6nnen sie mit Ihnen gemeinsam l\u00f6sen und bieten dar\u00fcber hinaus einen engagierten Support, der Ihr Problem immer und jederzeit l\u00f6st, vom Betrieb \u00fcber technisches Engineering bis hin zu Ihrer Einkaufsfunktion. Kontaktieren Sie jetzt unsere Glasspezialisten, um \u00fcber die Anforderungen Ihrer Glasproduktionsanlage zu sprechen.<\/p>\n","right_column_one_third":"<h2>Quick Links<\/h2>\n<p><a href=\"https:\/\/www.eurotherm.com\/de\/category\/glass-manufacture\/\">&gt; Applikationen in der Glasherstellung<\/a><br \/>\n<a href=\"https:\/\/www.eurotherm.com\/de\/glass-manufacture\/glass-industry-glossary-of-terms\/\">&gt; Glasindustrie Glossar der Begriffe<\/a><br \/>\n<a href=\"https:\/\/www.eurotherm.com\/de\/glass-manufacture\/contact-a-eurotherm-glass-solutions-expert\/\">&gt; Glass Team<\/a><\/p>\n"},{"acf_fc_layout":"dark_column_block","dark_text_block":"<h2 class=\"et_pb_module_header\">Discover the Eurotherm Glass manufacturing solutions<\/h2>\n<div class=\"et_pb_blurb_description\">\n<p class=\"p1\">Power and Process Automation Redefined Designed for long term operational efficiency and energy savings<\/p>\n<\/div>\n","dark_background_image":{"ID":66714,"id":66714,"title":"473233988-2560x600","filename":"473233988-2560x600.jpg","filesize":80793,"url":"https:\/\/www.eurotherm.com\/wp-content\/uploads\/2019\/03\/473233988-2560x600.jpg","link":"https:\/\/www.eurotherm.com\/de\/support\/environmental-sustainability\/attachment\/473233988-2560x600-2\/","alt":"","author":"3","description":"","caption":"","name":"473233988-2560x600-2","status":"inherit","uploaded_to":72044,"date":"2019-03-05 08:53:15","modified":"2019-03-05 08:53:15","menu_order":0,"mime_type":"image\/jpeg","type":"image","subtype":"jpeg","icon":"https:\/\/www.eurotherm.com\/wp-includes\/images\/media\/default.png","width":2560,"height":600,"sizes":{"thumbnail":"https:\/\/www.eurotherm.com\/wp-content\/uploads\/2019\/03\/473233988-2560x600-150x150.jpg","thumbnail-width":150,"thumbnail-height":150,"medium":"https:\/\/www.eurotherm.com\/wp-content\/uploads\/2019\/03\/473233988-2560x600-300x70.jpg","medium-width":300,"medium-height":70,"medium_large":"https:\/\/www.eurotherm.com\/wp-content\/uploads\/2019\/03\/473233988-2560x600-768x180.jpg","medium_large-width":768,"medium_large-height":180,"large":"https:\/\/www.eurotherm.com\/wp-content\/uploads\/2019\/03\/473233988-2560x600-1024x240.jpg","large-width":1024,"large-height":240,"1536x1536":"https:\/\/www.eurotherm.com\/wp-content\/uploads\/2019\/03\/473233988-2560x600.jpg","1536x1536-width":1536,"1536x1536-height":360,"2048x2048":"https:\/\/www.eurotherm.com\/wp-content\/uploads\/2019\/03\/473233988-2560x600.jpg","2048x2048-width":2048,"2048x2048-height":480,"woocommerce_thumbnail":"https:\/\/www.eurotherm.com\/wp-content\/uploads\/2019\/03\/473233988-2560x600-300x300.jpg","woocommerce_thumbnail-width":300,"woocommerce_thumbnail-height":300,"woocommerce_single":"https:\/\/www.eurotherm.com\/wp-content\/uploads\/2019\/03\/473233988-2560x600-600x141.jpg","woocommerce_single-width":600,"woocommerce_single-height":141,"woocommerce_gallery_thumbnail":"https:\/\/www.eurotherm.com\/wp-content\/uploads\/2019\/03\/473233988-2560x600-100x100.jpg","woocommerce_gallery_thumbnail-width":100,"woocommerce_gallery_thumbnail-height":100}},"dark_buttons":[{"dark_button_link":"\/download\/glass-industry-solutions-brochure-ha032847-iss-1\/?wpdmdl=27785&masterkey=","dark_button_text":"Brochure Download"},{"dark_button_link":"\/?page_id=54087","dark_button_text":"Contact a Glass Expert Today"}],"dark_reduce_padding":false,"dark_reduce_text_width":false},{"acf_fc_layout":"3_column_block_areas","three_blocks_activate_card_mode":false,"custom_section_id":"","three_blocks":[{"three_featured_image":{"ID":67033,"id":67033,"title":"glass-manufacturing-articles","filename":"glass-manufacturing-articles.jpg","filesize":7892,"url":"https:\/\/www.eurotherm.com\/wp-content\/uploads\/2019\/03\/glass-manufacturing-articles.jpg","link":"https:\/\/www.eurotherm.com\/de\/glass-manufacturing-process-solutions\/attachment\/glass-manufacturing-articles-2\/","alt":"","author":"3","description":"","caption":"","name":"glass-manufacturing-articles-2","status":"inherit","uploaded_to":72447,"date":"2019-03-06 09:12:25","modified":"2019-03-06 09:12:25","menu_order":0,"mime_type":"image\/jpeg","type":"image","subtype":"jpeg","icon":"https:\/\/www.eurotherm.com\/wp-includes\/images\/media\/default.png","width":275,"height":110,"sizes":{"thumbnail":"https:\/\/www.eurotherm.com\/wp-content\/uploads\/2019\/03\/glass-manufacturing-articles-150x110.jpg","thumbnail-width":150,"thumbnail-height":110,"medium":"https:\/\/www.eurotherm.com\/wp-content\/uploads\/2019\/03\/glass-manufacturing-articles.jpg","medium-width":275,"medium-height":110,"medium_large":"https:\/\/www.eurotherm.com\/wp-content\/uploads\/2019\/03\/glass-manufacturing-articles.jpg","medium_large-width":275,"medium_large-height":110,"large":"https:\/\/www.eurotherm.com\/wp-content\/uploads\/2019\/03\/glass-manufacturing-articles.jpg","large-width":275,"large-height":110,"1536x1536":"https:\/\/www.eurotherm.com\/wp-content\/uploads\/2019\/03\/glass-manufacturing-articles.jpg","1536x1536-width":275,"1536x1536-height":110,"2048x2048":"https:\/\/www.eurotherm.com\/wp-content\/uploads\/2019\/03\/glass-manufacturing-articles.jpg","2048x2048-width":275,"2048x2048-height":110,"woocommerce_thumbnail":"https:\/\/www.eurotherm.com\/wp-content\/uploads\/2019\/03\/glass-manufacturing-articles.jpg","woocommerce_thumbnail-width":275,"woocommerce_thumbnail-height":110,"woocommerce_single":"https:\/\/www.eurotherm.com\/wp-content\/uploads\/2019\/03\/glass-manufacturing-articles.jpg","woocommerce_single-width":275,"woocommerce_single-height":110,"woocommerce_gallery_thumbnail":"https:\/\/www.eurotherm.com\/wp-content\/uploads\/2019\/03\/glass-manufacturing-articles-100x100.jpg","woocommerce_gallery_thumbnail-width":100,"woocommerce_gallery_thumbnail-height":100}},"small_featured_image_alt":false,"three_text_block":"<h2>Glass manufacturing Articles<\/h2>\n","three_col_contact_form_instead_of_link":false,"three_col_button_link":"https:\/\/www.eurotherm.com\/de\/category\/glass-manufacture\/","three_col_button_text":"Read our Glass manufacturing Articles","three_col_shortcode":"","three_col_open_in_new_tab":false},{"three_featured_image":{"ID":67007,"id":67007,"title":"glass-manufacturing-applications","filename":"glass-manufacturing-applications.jpg","filesize":7429,"url":"https:\/\/www.eurotherm.com\/wp-content\/uploads\/2019\/03\/glass-manufacturing-applications.jpg","link":"https:\/\/www.eurotherm.com\/de\/glass-manufacturing-process-solutions\/attachment\/glass-manufacturing-applications-2\/","alt":"","author":"3","description":"","caption":"","name":"glass-manufacturing-applications-2","status":"inherit","uploaded_to":72447,"date":"2019-03-06 09:12:15","modified":"2019-03-06 09:12:15","menu_order":0,"mime_type":"image\/jpeg","type":"image","subtype":"jpeg","icon":"https:\/\/www.eurotherm.com\/wp-includes\/images\/media\/default.png","width":275,"height":110,"sizes":{"thumbnail":"https:\/\/www.eurotherm.com\/wp-content\/uploads\/2019\/03\/glass-manufacturing-applications-150x110.jpg","thumbnail-width":150,"thumbnail-height":110,"medium":"https:\/\/www.eurotherm.com\/wp-content\/uploads\/2019\/03\/glass-manufacturing-applications.jpg","medium-width":275,"medium-height":110,"medium_large":"https:\/\/www.eurotherm.com\/wp-content\/uploads\/2019\/03\/glass-manufacturing-applications.jpg","medium_large-width":275,"medium_large-height":110,"large":"https:\/\/www.eurotherm.com\/wp-content\/uploads\/2019\/03\/glass-manufacturing-applications.jpg","large-width":275,"large-height":110,"1536x1536":"https:\/\/www.eurotherm.com\/wp-content\/uploads\/2019\/03\/glass-manufacturing-applications.jpg","1536x1536-width":275,"1536x1536-height":110,"2048x2048":"https:\/\/www.eurotherm.com\/wp-content\/uploads\/2019\/03\/glass-manufacturing-applications.jpg","2048x2048-width":275,"2048x2048-height":110,"woocommerce_thumbnail":"https:\/\/www.eurotherm.com\/wp-content\/uploads\/2019\/03\/glass-manufacturing-applications.jpg","woocommerce_thumbnail-width":275,"woocommerce_thumbnail-height":110,"woocommerce_single":"https:\/\/www.eurotherm.com\/wp-content\/uploads\/2019\/03\/glass-manufacturing-applications.jpg","woocommerce_single-width":275,"woocommerce_single-height":110,"woocommerce_gallery_thumbnail":"https:\/\/www.eurotherm.com\/wp-content\/uploads\/2019\/03\/glass-manufacturing-applications-100x100.jpg","woocommerce_gallery_thumbnail-width":100,"woocommerce_gallery_thumbnail-height":100}},"small_featured_image_alt":false,"three_text_block":"<h2>Glass manufacturing Resources<\/h2>\n","three_col_contact_form_instead_of_link":false,"three_col_button_link":"https:\/\/www.eurotherm.com\/de\/category\/glass-manufacture\/","three_col_button_text":"Explore our Glass manufacturing Resources","three_col_shortcode":"","three_col_open_in_new_tab":false},{"three_featured_image":{"ID":67020,"id":67020,"title":"glass-manufacturing-glossary","filename":"glass-manufacturing-glossary.jpg","filesize":16876,"url":"https:\/\/www.eurotherm.com\/wp-content\/uploads\/2019\/03\/glass-manufacturing-glossary.jpg","link":"https:\/\/www.eurotherm.com\/de\/glass-manufacturing-process-solutions\/attachment\/glass-manufacturing-glossary-2\/","alt":"","author":"3","description":"","caption":"","name":"glass-manufacturing-glossary-2","status":"inherit","uploaded_to":72447,"date":"2019-03-06 09:12:20","modified":"2019-03-06 09:12:20","menu_order":0,"mime_type":"image\/jpeg","type":"image","subtype":"jpeg","icon":"https:\/\/www.eurotherm.com\/wp-includes\/images\/media\/default.png","width":275,"height":110,"sizes":{"thumbnail":"https:\/\/www.eurotherm.com\/wp-content\/uploads\/2019\/03\/glass-manufacturing-glossary-150x110.jpg","thumbnail-width":150,"thumbnail-height":110,"medium":"https:\/\/www.eurotherm.com\/wp-content\/uploads\/2019\/03\/glass-manufacturing-glossary.jpg","medium-width":275,"medium-height":110,"medium_large":"https:\/\/www.eurotherm.com\/wp-content\/uploads\/2019\/03\/glass-manufacturing-glossary.jpg","medium_large-width":275,"medium_large-height":110,"large":"https:\/\/www.eurotherm.com\/wp-content\/uploads\/2019\/03\/glass-manufacturing-glossary.jpg","large-width":275,"large-height":110,"1536x1536":"https:\/\/www.eurotherm.com\/wp-content\/uploads\/2019\/03\/glass-manufacturing-glossary.jpg","1536x1536-width":275,"1536x1536-height":110,"2048x2048":"https:\/\/www.eurotherm.com\/wp-content\/uploads\/2019\/03\/glass-manufacturing-glossary.jpg","2048x2048-width":275,"2048x2048-height":110,"woocommerce_thumbnail":"https:\/\/www.eurotherm.com\/wp-content\/uploads\/2019\/03\/glass-manufacturing-glossary.jpg","woocommerce_thumbnail-width":275,"woocommerce_thumbnail-height":110,"woocommerce_single":"https:\/\/www.eurotherm.com\/wp-content\/uploads\/2019\/03\/glass-manufacturing-glossary.jpg","woocommerce_single-width":275,"woocommerce_single-height":110,"woocommerce_gallery_thumbnail":"https:\/\/www.eurotherm.com\/wp-content\/uploads\/2019\/03\/glass-manufacturing-glossary-100x100.jpg","woocommerce_gallery_thumbnail-width":100,"woocommerce_gallery_thumbnail-height":100}},"small_featured_image_alt":false,"three_text_block":"<h2><span data-sheets-value=\"{&quot;1&quot;:2,&quot;2&quot;:&quot;Glass Industry Glossary of Terms&quot;}\" data-sheets-userformat=\"{&quot;2&quot;:12671,&quot;3&quot;:{&quot;1&quot;:0,&quot;3&quot;:1},&quot;4&quot;:[null,2,16777215],&quot;5&quot;:{&quot;1&quot;:[{&quot;1&quot;:2,&quot;2&quot;:0,&quot;5&quot;:[null,2,2661950]},{&quot;1&quot;:0,&quot;2&quot;:0,&quot;3&quot;:3},{&quot;1&quot;:1,&quot;2&quot;:0,&quot;4&quot;:1}]},&quot;6&quot;:{&quot;1&quot;:[{&quot;1&quot;:2,&quot;2&quot;:0,&quot;5&quot;:[null,2,2661950]},{&quot;1&quot;:0,&quot;2&quot;:0,&quot;3&quot;:3},{&quot;1&quot;:1,&quot;2&quot;:0,&quot;4&quot;:1}]},&quot;7&quot;:{&quot;1&quot;:[{&quot;1&quot;:2,&quot;2&quot;:0,&quot;5&quot;:[null,2,2661950]},{&quot;1&quot;:0,&quot;2&quot;:0,&quot;3&quot;:3},{&quot;1&quot;:1,&quot;2&quot;:0,&quot;4&quot;:1}]},&quot;8&quot;:{&quot;1&quot;:[{&quot;1&quot;:2,&quot;2&quot;:0,&quot;5&quot;:[null,2,2661950]},{&quot;1&quot;:0,&quot;2&quot;:0,&quot;3&quot;:3},{&quot;1&quot;:1,&quot;2&quot;:0,&quot;4&quot;:1}]},&quot;9&quot;:2,&quot;11&quot;:4,&quot;15&quot;:&quot;Calibri&quot;,&quot;16&quot;:12}\">Glass Industry Glossary of Terms<\/span><\/h2>\n","three_col_contact_form_instead_of_link":false,"three_col_button_link":"https:\/\/www.eurotherm.com\/de\/glass-news-de\/glass-industry-glossary-of-terms\/","three_col_button_text":"Understand Glass Industry Terms","three_col_shortcode":"","three_col_open_in_new_tab":false}]}],"show_sidebar":false},"jetpack_sharing_enabled":true,"_links":{"self":[{"href":"https:\/\/www.eurotherm.com\/de\/wp-json\/wp\/v2\/pages\/72447","targetHints":{"allow":["GET"]}}],"collection":[{"href":"https:\/\/www.eurotherm.com\/de\/wp-json\/wp\/v2\/pages"}],"about":[{"href":"https:\/\/www.eurotherm.com\/de\/wp-json\/wp\/v2\/types\/page"}],"author":[{"embeddable":true,"href":"https:\/\/www.eurotherm.com\/de\/wp-json\/wp\/v2\/users\/3"}],"replies":[{"embeddable":true,"href":"https:\/\/www.eurotherm.com\/de\/wp-json\/wp\/v2\/comments?post=72447"}],"version-history":[{"count":4,"href":"https:\/\/www.eurotherm.com\/de\/wp-json\/wp\/v2\/pages\/72447\/revisions"}],"predecessor-version":[{"id":161793,"href":"https:\/\/www.eurotherm.com\/de\/wp-json\/wp\/v2\/pages\/72447\/revisions\/161793"}],"wp:featuredmedia":[{"embeddable":true,"href":"https:\/\/www.eurotherm.com\/de\/wp-json\/wp\/v2\/media\/67709"}],"wp:attachment":[{"href":"https:\/\/www.eurotherm.com\/de\/wp-json\/wp\/v2\/media?parent=72447"}],"curies":[{"name":"wp","href":"https:\/\/api.w.org\/{rel}","templated":true}]}}