{"id":72348,"date":"2018-11-28T14:57:38","date_gmt":"2018-11-28T14:57:38","guid":{"rendered":"https:\/\/www.eurotherm.com\/meeting-regulatory-industry-compliance\/heat-treatment-regulatory-compliance\/"},"modified":"2019-05-29T07:41:50","modified_gmt":"2019-05-29T07:41:50","slug":"heat-treatment-regulatory-compliance","status":"publish","type":"page","link":"https:\/\/www.eurotherm.com\/de\/meeting-regulatory-industry-compliance\/heat-treatment-regulatory-compliance\/","title":{"rendered":"Audit-Vorschriften f\u00fcr die W\u00e4rmebehandlung"},"content":{"rendered":"","protected":false},"excerpt":{"rendered":"","protected":false},"author":3,"featured_media":53363,"parent":72053,"menu_order":0,"comment_status":"closed","ping_status":"closed","template":"page-ancestor.php","meta":{"_acf_changed":false,"footnotes":""},"class_list":["post-72348","page","type-page","status-publish","has-post-thumbnail","hentry"],"acf":[],"yoast_head":"<!-- This site is optimized with the Yoast SEO plugin v27.2 - https:\/\/yoast.com\/product\/yoast-seo-wordpress\/ -->\n<title>Audit-Vorschriften f\u00fcr die W\u00e4rmebehandlung | Eurotherm Limited<\/title>\n<meta name=\"description\" content=\"Audit-Vorschriften f\u00fcr die W\u00e4rmebehandlung | Eurotherm\" \/>\n<meta name=\"robots\" content=\"index, follow, max-snippet:-1, max-image-preview:large, max-video-preview:-1\" \/>\n<meta property=\"og:locale\" content=\"de_DE\" \/>\n<meta property=\"og:type\" content=\"article\" \/>\n<meta property=\"og:title\" content=\"Audit-Vorschriften f\u00fcr die W\u00e4rmebehandlung | Eurotherm Limited\" \/>\n<meta property=\"og:url\" content=\"https:\/\/www.eurotherm.com\/de\/meeting-regulatory-industry-compliance\/heat-treatment-regulatory-compliance\/\" \/>\n<meta property=\"og:site_name\" content=\"Eurotherm Limited\" \/>\n<meta property=\"article:modified_time\" content=\"2019-05-29T07:41:50+00:00\" \/>\n<meta property=\"og:image\" content=\"https:\/\/www.eurotherm.com\/wp-content\/uploads\/2018\/11\/ht_regulatory_Compliance.jpg\" \/>\n\t<meta property=\"og:image:width\" content=\"350\" \/>\n\t<meta property=\"og:image:height\" content=\"236\" \/>\n\t<meta property=\"og:image:type\" content=\"image\/jpeg\" \/>\n<meta name=\"twitter:card\" content=\"summary_large_image\" \/>\n<script type=\"application\/ld+json\" class=\"yoast-schema-graph\">{\"@context\":\"https:\/\/schema.org\",\"@graph\":[{\"@type\":\"WebPage\",\"@id\":\"https:\/\/www.eurotherm.com\/de\/meeting-regulatory-industry-compliance\/heat-treatment-regulatory-compliance\/\",\"url\":\"https:\/\/www.eurotherm.com\/de\/meeting-regulatory-industry-compliance\/heat-treatment-regulatory-compliance\/\",\"name\":\"Audit-Vorschriften f\u00fcr die W\u00e4rmebehandlung | Eurotherm Limited\",\"isPartOf\":{\"@id\":\"https:\/\/www.eurotherm.com\/de\/#website\"},\"primaryImageOfPage\":{\"@id\":\"https:\/\/www.eurotherm.com\/de\/meeting-regulatory-industry-compliance\/heat-treatment-regulatory-compliance\/#primaryimage\"},\"image\":{\"@id\":\"https:\/\/www.eurotherm.com\/de\/meeting-regulatory-industry-compliance\/heat-treatment-regulatory-compliance\/#primaryimage\"},\"thumbnailUrl\":\"https:\/\/www.eurotherm.com\/wp-content\/uploads\/2018\/11\/ht_regulatory_Compliance.jpg\",\"datePublished\":\"2018-11-28T14:57:38+00:00\",\"dateModified\":\"2019-05-29T07:41:50+00:00\",\"breadcrumb\":{\"@id\":\"https:\/\/www.eurotherm.com\/de\/meeting-regulatory-industry-compliance\/heat-treatment-regulatory-compliance\/#breadcrumb\"},\"inLanguage\":\"de\",\"potentialAction\":[{\"@type\":\"ReadAction\",\"target\":[\"https:\/\/www.eurotherm.com\/de\/meeting-regulatory-industry-compliance\/heat-treatment-regulatory-compliance\/\"]}]},{\"@type\":\"ImageObject\",\"inLanguage\":\"de\",\"@id\":\"https:\/\/www.eurotherm.com\/de\/meeting-regulatory-industry-compliance\/heat-treatment-regulatory-compliance\/#primaryimage\",\"url\":\"https:\/\/www.eurotherm.com\/wp-content\/uploads\/2018\/11\/ht_regulatory_Compliance.jpg\",\"contentUrl\":\"https:\/\/www.eurotherm.com\/wp-content\/uploads\/2018\/11\/ht_regulatory_Compliance.jpg\",\"width\":350,\"height\":236},{\"@type\":\"BreadcrumbList\",\"@id\":\"https:\/\/www.eurotherm.com\/de\/meeting-regulatory-industry-compliance\/heat-treatment-regulatory-compliance\/#breadcrumb\",\"itemListElement\":[{\"@type\":\"ListItem\",\"position\":1,\"name\":\"Home\",\"item\":\"https:\/\/www.eurotherm.com\/de\/\"},{\"@type\":\"ListItem\",\"position\":2,\"name\":\"Minimieren Sie Ihre Validierungskosten\",\"item\":\"https:\/\/www.eurotherm.com\/de\/meeting-regulatory-industry-compliance\/\"},{\"@type\":\"ListItem\",\"position\":3,\"name\":\"Audit-Vorschriften f\u00fcr die W\u00e4rmebehandlung\"}]},{\"@type\":\"WebSite\",\"@id\":\"https:\/\/www.eurotherm.com\/de\/#website\",\"url\":\"https:\/\/www.eurotherm.com\/de\/\",\"name\":\"Eurotherm Limited\",\"description\":\"Temperature Control, Process Control, Measurement and Data Recording Solutions\",\"potentialAction\":[{\"@type\":\"SearchAction\",\"target\":{\"@type\":\"EntryPoint\",\"urlTemplate\":\"https:\/\/www.eurotherm.com\/de\/?s={search_term_string}\"},\"query-input\":{\"@type\":\"PropertyValueSpecification\",\"valueRequired\":true,\"valueName\":\"search_term_string\"}}],\"inLanguage\":\"de\"}]}<\/script>\n<!-- \/ Yoast SEO plugin. -->","yoast_head_json":{"title":"Audit-Vorschriften f\u00fcr die W\u00e4rmebehandlung | Eurotherm Limited","description":"Audit-Vorschriften f\u00fcr die W\u00e4rmebehandlung | Eurotherm","robots":{"index":"index","follow":"follow","max-snippet":"max-snippet:-1","max-image-preview":"max-image-preview:large","max-video-preview":"max-video-preview:-1"},"og_locale":"de_DE","og_type":"article","og_title":"Audit-Vorschriften f\u00fcr die W\u00e4rmebehandlung | Eurotherm Limited","og_url":"https:\/\/www.eurotherm.com\/de\/meeting-regulatory-industry-compliance\/heat-treatment-regulatory-compliance\/","og_site_name":"Eurotherm Limited","article_modified_time":"2019-05-29T07:41:50+00:00","og_image":[{"width":350,"height":236,"url":"https:\/\/www.eurotherm.com\/wp-content\/uploads\/2018\/11\/ht_regulatory_Compliance.jpg","type":"image\/jpeg"}],"twitter_card":"summary_large_image","schema":{"@context":"https:\/\/schema.org","@graph":[{"@type":"WebPage","@id":"https:\/\/www.eurotherm.com\/de\/meeting-regulatory-industry-compliance\/heat-treatment-regulatory-compliance\/","url":"https:\/\/www.eurotherm.com\/de\/meeting-regulatory-industry-compliance\/heat-treatment-regulatory-compliance\/","name":"Audit-Vorschriften f\u00fcr die W\u00e4rmebehandlung | Eurotherm Limited","isPartOf":{"@id":"https:\/\/www.eurotherm.com\/de\/#website"},"primaryImageOfPage":{"@id":"https:\/\/www.eurotherm.com\/de\/meeting-regulatory-industry-compliance\/heat-treatment-regulatory-compliance\/#primaryimage"},"image":{"@id":"https:\/\/www.eurotherm.com\/de\/meeting-regulatory-industry-compliance\/heat-treatment-regulatory-compliance\/#primaryimage"},"thumbnailUrl":"https:\/\/www.eurotherm.com\/wp-content\/uploads\/2018\/11\/ht_regulatory_Compliance.jpg","datePublished":"2018-11-28T14:57:38+00:00","dateModified":"2019-05-29T07:41:50+00:00","breadcrumb":{"@id":"https:\/\/www.eurotherm.com\/de\/meeting-regulatory-industry-compliance\/heat-treatment-regulatory-compliance\/#breadcrumb"},"inLanguage":"de","potentialAction":[{"@type":"ReadAction","target":["https:\/\/www.eurotherm.com\/de\/meeting-regulatory-industry-compliance\/heat-treatment-regulatory-compliance\/"]}]},{"@type":"ImageObject","inLanguage":"de","@id":"https:\/\/www.eurotherm.com\/de\/meeting-regulatory-industry-compliance\/heat-treatment-regulatory-compliance\/#primaryimage","url":"https:\/\/www.eurotherm.com\/wp-content\/uploads\/2018\/11\/ht_regulatory_Compliance.jpg","contentUrl":"https:\/\/www.eurotherm.com\/wp-content\/uploads\/2018\/11\/ht_regulatory_Compliance.jpg","width":350,"height":236},{"@type":"BreadcrumbList","@id":"https:\/\/www.eurotherm.com\/de\/meeting-regulatory-industry-compliance\/heat-treatment-regulatory-compliance\/#breadcrumb","itemListElement":[{"@type":"ListItem","position":1,"name":"Home","item":"https:\/\/www.eurotherm.com\/de\/"},{"@type":"ListItem","position":2,"name":"Minimieren Sie Ihre Validierungskosten","item":"https:\/\/www.eurotherm.com\/de\/meeting-regulatory-industry-compliance\/"},{"@type":"ListItem","position":3,"name":"Audit-Vorschriften f\u00fcr die W\u00e4rmebehandlung"}]},{"@type":"WebSite","@id":"https:\/\/www.eurotherm.com\/de\/#website","url":"https:\/\/www.eurotherm.com\/de\/","name":"Eurotherm Limited","description":"Temperature Control, Process Control, Measurement and Data Recording Solutions","potentialAction":[{"@type":"SearchAction","target":{"@type":"EntryPoint","urlTemplate":"https:\/\/www.eurotherm.com\/de\/?s={search_term_string}"},"query-input":{"@type":"PropertyValueSpecification","valueRequired":true,"valueName":"search_term_string"}}],"inLanguage":"de"}]}},"ACF":{"related_products":"","flexible_content":[{"acf_fc_layout":"full_width_text_block","full_text_block":"<p>W\u00fcnschen Sie sich kompletten Service bei der Erf\u00fcllung von Regularien? W\u00fcrde die m\u00f6gliche Akkreditierung von Thermoprozessger\u00e4ten durch fachkundige Regelung und Informationsmanagement Sie in Ihrer L\u00f6sung unterst\u00fctzen? Wir k\u00f6nnen Ihnen mit einer breiten Palette von Produkten und Dienstleistungen helfen, die speziell f\u00fcr die Audit-Vorschriften in der W\u00e4rmebehandlung entwickelt wurden.<\/p>\n<p>Solche Vorschriften lassen sich in zwei Kategorien einteilen, und wir haben f\u00fcr beide die richtigen L\u00f6sungen:<\/p>\n<ul>\n<li>Qualit\u00e4tssysteme mit offizieller Akkreditierung, z.B. Luftfahrtstandard AS7102 (<strong>Nadcap<\/strong>) und AMS2750<\/li>\n<li>Qualit\u00e4tshandb\u00fccher von Unternehmen, z. B. zu den Normen TS16949 in der Automobilindustrie und CQI-9 in der W\u00e4rmebehandlung<\/li>\n<\/ul>\n","button_link":"","button_text":"","remove_top_margin":false,"remove_bottom_margin":false},{"acf_fc_layout":"two_third_text_-_one_third_image","left_text":"<h3>Nadcap (National Aerospace and Defense Contractors Accreditation Program):<\/h3>\n<ul>\n<li>Audit Checklisten, z. B. AC7102 Serie f\u00fcr die W\u00e4rmebehandlung<\/li>\n<\/ul>\n<p>Ver\u00f6ffentlichungen sind erh\u00e4ltlich von\u00a0<a href=\"https:\/\/pri-network.org\/\">PRI Network<\/a><\/p>\n<ul>\n<li>AMS2750 \u2013 Pyrometrie<\/li>\n<li>AMS2759 Serie f\u00fcr W\u00e4rmebehandlung und Stahlteile<\/li>\n<li>AMS2769 W\u00e4rmebehandlung von Teilen in einem Vakuum<\/li>\n<li>AMS2770, AMS2771, AMS2772 Behandlung von Aluminiumlegierungen<\/li>\n<\/ul>\n<p>Spezifikationen sind Ver\u00f6ffentlichungen der SAE und erh\u00e4ltlich von\u00a0<a href=\"https:\/\/www.sae.org\/\">SAE International<\/a><\/p>\n<p>Weitere Informationen unter Luftfahrtmaterialspezifikation AMS2750E.<\/p>\n<p>Weitere Informationen \u00fcber Nadcap.<\/p>\n<p>Technische Umsetzung der AS7102a bei Eurotherm.<\/p>\n<p>Nadcap Heat Treating Task Group Pyrometrie-Leitfaden.<\/p>\n<p>Systemgenauigkeitspr\u00fcfungen (SATs) f\u00fcr Messtechnik<\/p>\n","lay_three_button_link":"","lay_three_button_text":"","right_image":{"ID":53363,"id":53363,"title":"ht_regulatory_Compliance","filename":"ht_regulatory_Compliance.jpg","filesize":98657,"url":"https:\/\/www.eurotherm.com\/wp-content\/uploads\/2018\/11\/ht_regulatory_Compliance.jpg","link":"https:\/\/www.eurotherm.com\/de\/meeting-regulatory-industry-compliance\/heat-treatment-regulatory-compliance\/attachment\/ht_regulatory_compliance-2\/","alt":"","author":"3","description":"","caption":"","name":"ht_regulatory_compliance-2","status":"inherit","uploaded_to":72348,"date":"2018-11-28 14:55:54","modified":"2018-11-28 14:55:54","menu_order":0,"mime_type":"image\/jpeg","type":"image","subtype":"jpeg","icon":"https:\/\/www.eurotherm.com\/wp-includes\/images\/media\/default.png","width":350,"height":236,"sizes":{"thumbnail":"https:\/\/www.eurotherm.com\/wp-content\/uploads\/2018\/11\/ht_regulatory_Compliance-150x150.jpg","thumbnail-width":150,"thumbnail-height":150,"medium":"https:\/\/www.eurotherm.com\/wp-content\/uploads\/2018\/11\/ht_regulatory_Compliance-300x202.jpg","medium-width":300,"medium-height":202,"medium_large":"https:\/\/www.eurotherm.com\/wp-content\/uploads\/2018\/11\/ht_regulatory_Compliance.jpg","medium_large-width":350,"medium_large-height":236,"large":"https:\/\/www.eurotherm.com\/wp-content\/uploads\/2018\/11\/ht_regulatory_Compliance.jpg","large-width":350,"large-height":236,"1536x1536":"https:\/\/www.eurotherm.com\/wp-content\/uploads\/2018\/11\/ht_regulatory_Compliance.jpg","1536x1536-width":350,"1536x1536-height":236,"2048x2048":"https:\/\/www.eurotherm.com\/wp-content\/uploads\/2018\/11\/ht_regulatory_Compliance.jpg","2048x2048-width":350,"2048x2048-height":236,"woocommerce_thumbnail":"https:\/\/www.eurotherm.com\/wp-content\/uploads\/2018\/11\/ht_regulatory_Compliance-300x236.jpg","woocommerce_thumbnail-width":300,"woocommerce_thumbnail-height":236,"woocommerce_single":"https:\/\/www.eurotherm.com\/wp-content\/uploads\/2018\/11\/ht_regulatory_Compliance.jpg","woocommerce_single-width":350,"woocommerce_single-height":236,"woocommerce_gallery_thumbnail":"https:\/\/www.eurotherm.com\/wp-content\/uploads\/2018\/11\/ht_regulatory_Compliance-100x100.jpg","woocommerce_gallery_thumbnail-width":100,"woocommerce_gallery_thumbnail-height":100}},"right_image_caption":""},{"acf_fc_layout":"three_column_text_block","three_text_columns":[{"text_column":"<h3>TS16949<\/h3>\n<p>ISO\/TS 16949:2002 ist eine Technische Spezifikation der ISO f\u00fcr die globale Automobilindustrie, die die bisherigen, individuellen Qualit\u00e4tssystemstandards in L\u00e4ndern wie Amerika (QS-9000), Deutschland (VDA6.1), Frankreich (EAQF) und Italien (AVSQ) ersetzt. Sie soll Mehrfachzertifizierungen zur Zufriedenstellung diverser Kunden \u00fcberfl\u00fcssig machen.<\/p>\n<p>Zusammen mit der Norm ISO 9001:2000 definiert ISO\/TS 16949:2002 die Anforderungen an ein Qualit\u00e4tssystem f\u00fcr die Konstruktion\/Entwicklung, Produktion, Installation und Wartung von Automobilprodukten. Verwaltet wird der Standard durch eine internationale Gruppe von Automobilherstellern sowie nationalen Fachverb\u00e4nden namens International Automotive Task Force (IATF).<\/p>\n<p>Publikationen sind auf zahlreichen Webseiten erh\u00e4ltlich, wie zum Beispiel\u00a0<a href=\"https:\/\/www.bsigroup.com\/en-GB\/iso-ts-16949-automotive\/\">BSI Group EMEA<\/a>.<\/p>\n","ttc_button_link":"","ttc_button_text":""},{"text_column":"<h3>CQI-9<\/h3>\n<p>CQI-9: Sonderverfahren: \u201cHeat Treat System Assessment(HTSA)\u201d (Bewertung von W\u00e4rmebehandlungssystemen) wurde von der AIAG (Automotive Industry Action Group) herausgegeben und bietet den Lieferanten allgemeine Bewertungskriterien f\u00fcr W\u00e4rmebehandlungsprozesse. Dieser Standard ist eine Erweiterung der Auditmethodik der TS16949 und beinhaltet alle \u00fcblichen W\u00e4rmebehandlungsprozesse. Die Pyrometrie wird eingehend abgedeckt und AMS2750 wird als Referenzdokument verwendet.<\/p>\n","ttc_button_link":"","ttc_button_text":""},{"text_column":"<h3>EN 14597<\/h3>\n<p>Eurotherm freut sich Ihnen mitzuteilen, dass die Regel- und Alarmeinheiten der Serie 3200i die Typenzulassung nach EuroNorm 14597 TW (DIN Certco Approval to EN14597:2005-12) erfolgreich bestanden haben. Dieser Standard der Europ\u00e4ischen Gemeinschaft ist ein strengerer Ersatz des DIN 3440 Standards, der zuvor f\u00fcr diese Ger\u00e4teserie g\u00fcltig war.<\/p>\n<p>F\u00fcr die USA hat die Ger\u00e4teserie 3200i die FM (Factory Mutual) Zulassung, die dem Standard EN14597 TW entspricht.<\/p>\n<p>Die Regel- und Alarmeinheiten der Serie 3200i sind eine hervorragende Wahl f\u00fcr Firmen oder OEMs, die Produkte in EU\/US Staaten liefern.<\/p>\n","ttc_button_link":"","ttc_button_text":""}]},{"acf_fc_layout":"full_width_text_block","full_text_block":"<h3>Wie k\u00f6nnen wir Ihnen helfen, diese Qualit\u00e4tsanforderungen zu erf\u00fcllen?<\/h3>\n<ul>\n<li>Klare, umfassende Ausrichtung auf Bestimmungen f\u00fcr die industrielle Verarbeitung<\/li>\n<li>Zusammenarbeit mit Fachverb\u00e4nden f\u00fcr die W\u00e4rmebehandlung auf weltweiter Ebene<\/li>\n<li>Erstklassige Qualit\u00e4tssysteme f\u00fcr Produktion und Dienstleistungen<\/li>\n<li>Umfassende Auswahl an Feldtestinstrumenten sowie Regelungs-, \u00dcberwachungs- und Datenaufzeichnungsinstrumenten<\/li>\n<li>Produkte und Dienstleistungen, die speziell konzipiert wurden, um die Anforderungen nach AMS2750 und CQI-9 zu erf\u00fcllen.<\/li>\n<li>Leistungsf\u00e4hige Produkte, die die Anforderungen in Bezug auf Systemgenauigkeitspr\u00fcfungen (System Accuracy Tests \u2013 SATs) erf\u00fcllen<\/li>\n<li>Konformit\u00e4t in Bezug auf die geforderten elektronischen Datenaufzeichnungen und Signaturen<\/li>\n<li>Weltweit anerkannte Regelungsprodukte f\u00fcr Pr\u00fcfungen der Temperaturgleichm\u00e4\u00dfigkeit (Temperature Uniformity Surveys \u2013 TUS)<\/li>\n<li>Beratung und Dokumentation, um die Spezifikationen verst\u00e4ndlich zu machen<\/li>\n<\/ul>\n<p>Zum Thema Ofeninstandhaltung und Konzepte haben wir einen Sonderdruck der\u00a0<a href=\"https:\/\/www.eurotherm.de\/index.php?route=module\/downloads\/get&amp;download_id=1257\">gasw\u00e4rme international ver\u00f6ffentlicht.<\/a><\/p>\n","button_link":"","button_text":"","remove_top_margin":false,"remove_bottom_margin":false}],"show_sidebar":false,"display_accreditations":false},"jetpack_sharing_enabled":true,"_links":{"self":[{"href":"https:\/\/www.eurotherm.com\/de\/wp-json\/wp\/v2\/pages\/72348","targetHints":{"allow":["GET"]}}],"collection":[{"href":"https:\/\/www.eurotherm.com\/de\/wp-json\/wp\/v2\/pages"}],"about":[{"href":"https:\/\/www.eurotherm.com\/de\/wp-json\/wp\/v2\/types\/page"}],"author":[{"embeddable":true,"href":"https:\/\/www.eurotherm.com\/de\/wp-json\/wp\/v2\/users\/3"}],"replies":[{"embeddable":true,"href":"https:\/\/www.eurotherm.com\/de\/wp-json\/wp\/v2\/comments?post=72348"}],"version-history":[{"count":0,"href":"https:\/\/www.eurotherm.com\/de\/wp-json\/wp\/v2\/pages\/72348\/revisions"}],"up":[{"embeddable":true,"href":"https:\/\/www.eurotherm.com\/de\/wp-json\/wp\/v2\/pages\/72053"}],"wp:featuredmedia":[{"embeddable":true,"href":"https:\/\/www.eurotherm.com\/de\/wp-json\/wp\/v2\/media\/53363"}],"wp:attachment":[{"href":"https:\/\/www.eurotherm.com\/de\/wp-json\/wp\/v2\/media?parent=72348"}],"curies":[{"name":"wp","href":"https:\/\/api.w.org\/{rel}","templated":true}]}}